{"id":15101,"date":"2025-07-01T16:25:58","date_gmt":"2025-07-01T08:25:58","guid":{"rendered":"https:\/\/induzon.com\/shop\/meleg-es-hideg-belteri-legfuggony-ipari-a-supermarketekhez-aruhazakhoz-rovarvedelmi-felszerelese-elektromos-legtechnika-legfuggonyok-legajtok\/"},"modified":"2026-01-03T11:06:42","modified_gmt":"2026-01-03T03:06:42","slug":"meleg-es-hideg-belteri-legfuggony-ipari-a-supermarketekhez-aruhazakhoz-rovarvedelmi-felszerelese-elektromos-legtechnika-legfuggonyok-legajtok","status":"publish","type":"product","link":"https:\/\/induzon.com\/hu\/termek\/meleg-es-hideg-belteri-legfuggony-ipari-a-supermarketekhez-aruhazakhoz-rovarvedelmi-felszerelese-elektromos-legtechnika-legfuggonyok-legajtok\/","title":{"rendered":"Meleg \u00e9s hideg Belt\u00e9ri l\u00e9gf\u00fcgg\u00f6ny ipari a supermarketekhez \u00e1ruh\u00e1zakhoz rovarv\u00e9delmi felszerel\u00e9se elektromos l\u00e9gtechnika l\u00e9gf\u00fcgg\u00f6ny\u00f6k l\u00e9gajt\u00f3k"},"content":{"rendered":"<p>1.Kiv\u00e1l\u00f3 min\u0151s\u00e9g\u0171 kereskedelmi l\u00e9gf\u00fcgg\u00f6ny g\u00e9pek, ide\u00e1lisak szupermarketekhez \u00e9s \u00e1ruh\u00e1zakhoz.<br \/>\n2.Hat\u00e9kony rovarv\u00e9delem, biztos\u00edtva a higi\u00e9nikus k\u00f6rnyezetet \u00e9ttermekben \u00e9s \u00fczletekben.<br \/>\n3.Sz\u00e9les k\u00f6rben haszn\u00e1lt H\u0151szigetel\u00e9s, h\u0171t\u0151t\u00e1rol\u00e1s. H\u0171t\u00e9s. Hidegt\u00e1rol\u00e1s.<br \/>\n4.K\u00f6nnyen telep\u00edthet\u0151 \u00e9s karbantarthat\u00f3, lehet\u0151v\u00e9 t\u00e9ve a z\u00f6kken\u0151mentes m\u0171k\u00f6d\u00e9st.<br \/>\n5.Energiatakar\u00e9kos m\u0171k\u00f6d\u00e9s, cs\u00f6kkentve az \u00fczemeltet\u00e9si k\u00f6lts\u00e9geket hossz\u00fa t\u00e1von.<\/p>\n","protected":false},"excerpt":{"rendered":"<p>1.Kiv\u00e1l\u00f3 min\u0151s\u00e9g\u0171 kereskedelmi l\u00e9gf\u00fcgg\u00f6ny g\u00e9pek, ide\u00e1lisak szupermarketekhez \u00e9s \u00e1ruh\u00e1zakhoz. 2.Hat\u00e9kony rovarv\u00e9delem, biztos\u00edtva a higi\u00e9nikus k\u00f6rnyezetet \u00e9ttermekben \u00e9s \u00fczletekben. 3.Sz\u00e9les k\u00f6rben [&hellip;]<\/p>\n","protected":false},"featured_media":14995,"comment_status":"open","ping_status":"closed","template":"","meta":{"site-sidebar-layout":"default","site-content-layout":"","ast-site-content-layout":"default","site-content-style":"default","site-sidebar-style":"default","ast-global-header-display":"","ast-banner-title-visibility":"","ast-main-header-display":"","ast-hfb-above-header-display":"","ast-hfb-below-header-display":"","ast-hfb-mobile-header-display":"","site-post-title":"","ast-breadcrumbs-content":"","ast-featured-img":"","footer-sml-layout":"","theme-transparent-header-meta":"default","adv-header-id-meta":"","stick-header-meta":"","header-above-stick-meta":"","header-main-stick-meta":"","header-below-stick-meta":"","astra-migrate-meta-layouts":"default","ast-page-background-enabled":"default","ast-page-background-meta":{"desktop":{"background-color":"var(--ast-global-color-4)","background-image":"","background-repeat":"repeat","background-position":"center center","background-size":"auto","background-attachment":"scroll","background-type":"","background-media":"","overlay-type":"","overlay-color":"","overlay-opacity":"","overlay-gradient":""},"tablet":{"background-color":"","background-image":"","background-repeat":"repeat","background-position":"center center","background-size":"auto","background-attachment":"scroll","background-type":"","background-media":"","overlay-type":"","overlay-color":"","overlay-opacity":"","overlay-gradient":""},"mobile":{"background-color":"","background-image":"","background-repeat":"repeat","background-position":"center center","background-size":"auto","background-attachment":"scroll","background-type":"","background-media":"","overlay-type":"","overlay-color":"","overlay-opacity":"","overlay-gradient":""}},"ast-content-background-meta":{"desktop":{"background-color":"var(--ast-global-color-5)","background-image":"","background-repeat":"repeat","background-position":"center center","background-size":"auto","background-attachment":"scroll","background-type":"","background-media":"","overlay-type":"","overlay-color":"","overlay-opacity":"","overlay-gradient":""},"tablet":{"background-color":"var(--ast-global-color-5)","background-image":"","background-repeat":"repeat","background-position":"center center","background-size":"auto","background-attachment":"scroll","background-type":"","background-media":"","overlay-type":"","overlay-color":"","overlay-opacity":"","overlay-gradient":""},"mobile":{"background-color":"var(--ast-global-color-5)","background-image":"","background-repeat":"repeat","background-position":"center center","background-size":"auto","background-attachment":"scroll","background-type":"","background-media":"","overlay-type":"","overlay-color":"","overlay-opacity":"","overlay-gradient":""}}},"product_brand":[],"product_cat":[1384,1100],"product_tag":[1385],"class_list":{"0":"post-15101","1":"product","2":"type-product","3":"status-publish","4":"has-post-thumbnail","6":"product_cat-futes-es-hutes-legfuggony-gep","7":"product_cat-ipari-es-kereskedelmi-berendezesek","8":"product_tag-futes-es-hutes-legfuggony-gep","9":"desktop-align-left","10":"tablet-align-left","11":"mobile-align-left","13":"first","14":"instock","15":"sale","16":"shipping-taxable","17":"purchasable","18":"product-type-variable"},"yoast_head":"<!-- This site is optimized with the Yoast SEO plugin v24.9 - https:\/\/yoast.com\/wordpress\/plugins\/seo\/ -->\r\n<title>F\u0171t\u00f6tt h\u0171t\u00f6tt kereskedelmi ipari l\u00e9gf\u00fcgg\u00f6ny PVC f\u00fav\u00f3 - Induzon<\/title>\r\n<meta name=\"description\" content=\"Ipari \u00e9s kereskedelmi l\u00e9gf\u00fcgg\u00f6ny\u00f6k rovarv\u00e9delemhez \u00e9s kl\u00edmaz\u00e1r kialak\u00edt\u00e1s\u00e1hoz. Belt\u00e9ri \u00e9s k\u00fclt\u00e9ri megold\u00e1sok elektromos f\u0171t\u00e9ssel.\" \/>\r\n<meta name=\"robots\" content=\"index, follow, max-snippet:-1, max-image-preview:large, max-video-preview:-1\" \/>\r\n<link rel=\"canonical\" href=\"https:\/\/induzon.com\/hu\/termek\/meleg-es-hideg-belteri-legfuggony-ipari-a-supermarketekhez-aruhazakhoz-rovarvedelmi-felszerelese-elektromos-legtechnika-legfuggonyok-legajtok\/\" \/>\r\n<meta property=\"og:locale\" content=\"hu_HU\" \/>\r\n<meta property=\"og:type\" content=\"article\" \/>\r\n<meta property=\"og:title\" content=\"F\u0171t\u00f6tt h\u0171t\u00f6tt kereskedelmi ipari l\u00e9gf\u00fcgg\u00f6ny PVC f\u00fav\u00f3 - Induzon\" \/>\r\n<meta property=\"og:description\" content=\"Ipari \u00e9s kereskedelmi l\u00e9gf\u00fcgg\u00f6ny\u00f6k rovarv\u00e9delemhez \u00e9s kl\u00edmaz\u00e1r kialak\u00edt\u00e1s\u00e1hoz. Belt\u00e9ri \u00e9s k\u00fclt\u00e9ri megold\u00e1sok elektromos f\u0171t\u00e9ssel.\" \/>\r\n<meta property=\"og:url\" content=\"https:\/\/induzon.com\/hu\/termek\/meleg-es-hideg-belteri-legfuggony-ipari-a-supermarketekhez-aruhazakhoz-rovarvedelmi-felszerelese-elektromos-legtechnika-legfuggonyok-legajtok\/\" \/>\r\n<meta property=\"og:site_name\" content=\"induzon\" \/>\r\n<meta property=\"article:modified_time\" content=\"2026-01-03T03:06:42+00:00\" \/>\r\n<meta property=\"og:image\" content=\"https:\/\/induzon.com\/wp-content\/uploads\/2025\/07\/\u56fe-8-1.jpg\" \/>\r\n\t<meta property=\"og:image:width\" content=\"1500\" \/>\r\n\t<meta property=\"og:image:height\" content=\"1500\" \/>\r\n\t<meta property=\"og:image:type\" content=\"image\/jpeg\" \/>\r\n<meta name=\"twitter:card\" content=\"summary_large_image\" \/>\r\n<script type=\"application\/ld+json\" class=\"yoast-schema-graph\">{\"@context\":\"https:\/\/schema.org\",\"@graph\":[{\"@type\":\"WebPage\",\"@id\":\"https:\/\/induzon.com\/hu\/termek\/meleg-es-hideg-belteri-legfuggony-ipari-a-supermarketekhez-aruhazakhoz-rovarvedelmi-felszerelese-elektromos-legtechnika-legfuggonyok-legajtok\/\",\"url\":\"https:\/\/induzon.com\/hu\/termek\/meleg-es-hideg-belteri-legfuggony-ipari-a-supermarketekhez-aruhazakhoz-rovarvedelmi-felszerelese-elektromos-legtechnika-legfuggonyok-legajtok\/\",\"name\":\"F\u0171t\u00f6tt h\u0171t\u00f6tt kereskedelmi ipari l\u00e9gf\u00fcgg\u00f6ny PVC f\u00fav\u00f3 - Induzon\",\"isPartOf\":{\"@id\":\"https:\/\/induzon.com\/hu\/#website\"},\"primaryImageOfPage\":{\"@id\":\"https:\/\/induzon.com\/hu\/termek\/meleg-es-hideg-belteri-legfuggony-ipari-a-supermarketekhez-aruhazakhoz-rovarvedelmi-felszerelese-elektromos-legtechnika-legfuggonyok-legajtok\/#primaryimage\"},\"image\":{\"@id\":\"https:\/\/induzon.com\/hu\/termek\/meleg-es-hideg-belteri-legfuggony-ipari-a-supermarketekhez-aruhazakhoz-rovarvedelmi-felszerelese-elektromos-legtechnika-legfuggonyok-legajtok\/#primaryimage\"},\"thumbnailUrl\":\"https:\/\/induzon.com\/wp-content\/uploads\/2025\/07\/\u56fe-8-1.jpg\",\"datePublished\":\"2025-07-01T08:25:58+00:00\",\"dateModified\":\"2026-01-03T03:06:42+00:00\",\"description\":\"Ipari \u00e9s kereskedelmi l\u00e9gf\u00fcgg\u00f6ny\u00f6k rovarv\u00e9delemhez \u00e9s kl\u00edmaz\u00e1r kialak\u00edt\u00e1s\u00e1hoz. Belt\u00e9ri \u00e9s k\u00fclt\u00e9ri megold\u00e1sok elektromos f\u0171t\u00e9ssel.\",\"breadcrumb\":{\"@id\":\"https:\/\/induzon.com\/hu\/termek\/meleg-es-hideg-belteri-legfuggony-ipari-a-supermarketekhez-aruhazakhoz-rovarvedelmi-felszerelese-elektromos-legtechnika-legfuggonyok-legajtok\/#breadcrumb\"},\"inLanguage\":\"hu\",\"potentialAction\":[{\"@type\":\"ReadAction\",\"target\":[\"https:\/\/induzon.com\/hu\/termek\/meleg-es-hideg-belteri-legfuggony-ipari-a-supermarketekhez-aruhazakhoz-rovarvedelmi-felszerelese-elektromos-legtechnika-legfuggonyok-legajtok\/\"]}]},{\"@type\":\"ImageObject\",\"inLanguage\":\"hu\",\"@id\":\"https:\/\/induzon.com\/hu\/termek\/meleg-es-hideg-belteri-legfuggony-ipari-a-supermarketekhez-aruhazakhoz-rovarvedelmi-felszerelese-elektromos-legtechnika-legfuggonyok-legajtok\/#primaryimage\",\"url\":\"https:\/\/induzon.com\/wp-content\/uploads\/2025\/07\/\u56fe-8-1.jpg\",\"contentUrl\":\"https:\/\/induzon.com\/wp-content\/uploads\/2025\/07\/\u56fe-8-1.jpg\",\"width\":1500,\"height\":1500,\"caption\":\"Heated and Cooled Residential Commercial Industrial Air Curtain High Power PVC Blower for Door Drive Thru Window Over Door Indoor Outdoor Backward Curved Centrifugal with Sensor Remote Control Mounted Installation Maintenance Screen\"},{\"@type\":\"BreadcrumbList\",\"@id\":\"https:\/\/induzon.com\/hu\/termek\/meleg-es-hideg-belteri-legfuggony-ipari-a-supermarketekhez-aruhazakhoz-rovarvedelmi-felszerelese-elektromos-legtechnika-legfuggonyok-legajtok\/#breadcrumb\",\"itemListElement\":[{\"@type\":\"ListItem\",\"position\":1,\"name\":\"\u9996\u9875\",\"item\":\"https:\/\/induzon.com\/hu\/\"},{\"@type\":\"ListItem\",\"position\":2,\"name\":\"Bolt\",\"item\":\"https:\/\/induzon.com\/hu\/bolt\/\"},{\"@type\":\"ListItem\",\"position\":3,\"name\":\"Meleg \u00e9s hideg Belt\u00e9ri l\u00e9gf\u00fcgg\u00f6ny ipari a supermarketekhez \u00e1ruh\u00e1zakhoz rovarv\u00e9delmi felszerel\u00e9se elektromos l\u00e9gtechnika l\u00e9gf\u00fcgg\u00f6ny\u00f6k l\u00e9gajt\u00f3k\"}]},{\"@type\":\"WebSite\",\"@id\":\"https:\/\/induzon.com\/hu\/#website\",\"url\":\"https:\/\/induzon.com\/hu\/\",\"name\":\"induzon\",\"description\":\"\",\"publisher\":{\"@id\":\"https:\/\/induzon.com\/hu\/#organization\"},\"potentialAction\":[{\"@type\":\"SearchAction\",\"target\":{\"@type\":\"EntryPoint\",\"urlTemplate\":\"https:\/\/induzon.com\/hu\/?s={search_term_string}\"},\"query-input\":{\"@type\":\"PropertyValueSpecification\",\"valueRequired\":true,\"valueName\":\"search_term_string\"}}],\"inLanguage\":\"hu\"},{\"@type\":\"Organization\",\"@id\":\"https:\/\/induzon.com\/hu\/#organization\",\"name\":\"induzon\",\"url\":\"https:\/\/induzon.com\/hu\/\",\"logo\":{\"@type\":\"ImageObject\",\"inLanguage\":\"hu\",\"@id\":\"https:\/\/induzon.com\/hu\/#\/schema\/logo\/image\/\",\"url\":\"https:\/\/induzon.com\/wp-content\/uploads\/2025\/05\/cropped-026.png\",\"contentUrl\":\"https:\/\/induzon.com\/wp-content\/uploads\/2025\/05\/cropped-026.png\",\"width\":512,\"height\":512,\"caption\":\"induzon\"},\"image\":{\"@id\":\"https:\/\/induzon.com\/hu\/#\/schema\/logo\/image\/\"}}]}<\/script>\r\n<!-- \/ Yoast SEO plugin. -->","yoast_head_json":{"title":"F\u0171t\u00f6tt h\u0171t\u00f6tt kereskedelmi ipari l\u00e9gf\u00fcgg\u00f6ny PVC f\u00fav\u00f3 - Induzon","description":"Ipari \u00e9s kereskedelmi l\u00e9gf\u00fcgg\u00f6ny\u00f6k rovarv\u00e9delemhez \u00e9s kl\u00edmaz\u00e1r kialak\u00edt\u00e1s\u00e1hoz. Belt\u00e9ri \u00e9s k\u00fclt\u00e9ri megold\u00e1sok elektromos f\u0171t\u00e9ssel.","robots":{"index":"index","follow":"follow","max-snippet":"max-snippet:-1","max-image-preview":"max-image-preview:large","max-video-preview":"max-video-preview:-1"},"canonical":"https:\/\/induzon.com\/hu\/termek\/meleg-es-hideg-belteri-legfuggony-ipari-a-supermarketekhez-aruhazakhoz-rovarvedelmi-felszerelese-elektromos-legtechnika-legfuggonyok-legajtok\/","og_locale":"hu_HU","og_type":"article","og_title":"F\u0171t\u00f6tt h\u0171t\u00f6tt kereskedelmi ipari l\u00e9gf\u00fcgg\u00f6ny PVC f\u00fav\u00f3 - Induzon","og_description":"Ipari \u00e9s kereskedelmi l\u00e9gf\u00fcgg\u00f6ny\u00f6k rovarv\u00e9delemhez \u00e9s kl\u00edmaz\u00e1r kialak\u00edt\u00e1s\u00e1hoz. Belt\u00e9ri \u00e9s k\u00fclt\u00e9ri megold\u00e1sok elektromos f\u0171t\u00e9ssel.","og_url":"https:\/\/induzon.com\/hu\/termek\/meleg-es-hideg-belteri-legfuggony-ipari-a-supermarketekhez-aruhazakhoz-rovarvedelmi-felszerelese-elektromos-legtechnika-legfuggonyok-legajtok\/","og_site_name":"induzon","article_modified_time":"2026-01-03T03:06:42+00:00","og_image":[{"width":1500,"height":1500,"url":"https:\/\/induzon.com\/wp-content\/uploads\/2025\/07\/\u56fe-8-1.jpg","type":"image\/jpeg"}],"twitter_card":"summary_large_image","schema":{"@context":"https:\/\/schema.org","@graph":[{"@type":"WebPage","@id":"https:\/\/induzon.com\/hu\/termek\/meleg-es-hideg-belteri-legfuggony-ipari-a-supermarketekhez-aruhazakhoz-rovarvedelmi-felszerelese-elektromos-legtechnika-legfuggonyok-legajtok\/","url":"https:\/\/induzon.com\/hu\/termek\/meleg-es-hideg-belteri-legfuggony-ipari-a-supermarketekhez-aruhazakhoz-rovarvedelmi-felszerelese-elektromos-legtechnika-legfuggonyok-legajtok\/","name":"F\u0171t\u00f6tt h\u0171t\u00f6tt kereskedelmi ipari l\u00e9gf\u00fcgg\u00f6ny PVC f\u00fav\u00f3 - Induzon","isPartOf":{"@id":"https:\/\/induzon.com\/hu\/#website"},"primaryImageOfPage":{"@id":"https:\/\/induzon.com\/hu\/termek\/meleg-es-hideg-belteri-legfuggony-ipari-a-supermarketekhez-aruhazakhoz-rovarvedelmi-felszerelese-elektromos-legtechnika-legfuggonyok-legajtok\/#primaryimage"},"image":{"@id":"https:\/\/induzon.com\/hu\/termek\/meleg-es-hideg-belteri-legfuggony-ipari-a-supermarketekhez-aruhazakhoz-rovarvedelmi-felszerelese-elektromos-legtechnika-legfuggonyok-legajtok\/#primaryimage"},"thumbnailUrl":"https:\/\/induzon.com\/wp-content\/uploads\/2025\/07\/\u56fe-8-1.jpg","datePublished":"2025-07-01T08:25:58+00:00","dateModified":"2026-01-03T03:06:42+00:00","description":"Ipari \u00e9s kereskedelmi l\u00e9gf\u00fcgg\u00f6ny\u00f6k rovarv\u00e9delemhez \u00e9s kl\u00edmaz\u00e1r kialak\u00edt\u00e1s\u00e1hoz. Belt\u00e9ri \u00e9s k\u00fclt\u00e9ri megold\u00e1sok elektromos f\u0171t\u00e9ssel.","breadcrumb":{"@id":"https:\/\/induzon.com\/hu\/termek\/meleg-es-hideg-belteri-legfuggony-ipari-a-supermarketekhez-aruhazakhoz-rovarvedelmi-felszerelese-elektromos-legtechnika-legfuggonyok-legajtok\/#breadcrumb"},"inLanguage":"hu","potentialAction":[{"@type":"ReadAction","target":["https:\/\/induzon.com\/hu\/termek\/meleg-es-hideg-belteri-legfuggony-ipari-a-supermarketekhez-aruhazakhoz-rovarvedelmi-felszerelese-elektromos-legtechnika-legfuggonyok-legajtok\/"]}]},{"@type":"ImageObject","inLanguage":"hu","@id":"https:\/\/induzon.com\/hu\/termek\/meleg-es-hideg-belteri-legfuggony-ipari-a-supermarketekhez-aruhazakhoz-rovarvedelmi-felszerelese-elektromos-legtechnika-legfuggonyok-legajtok\/#primaryimage","url":"https:\/\/induzon.com\/wp-content\/uploads\/2025\/07\/\u56fe-8-1.jpg","contentUrl":"https:\/\/induzon.com\/wp-content\/uploads\/2025\/07\/\u56fe-8-1.jpg","width":1500,"height":1500,"caption":"Heated and Cooled Residential Commercial Industrial Air Curtain High Power PVC Blower for Door Drive Thru Window Over Door Indoor Outdoor Backward Curved Centrifugal with Sensor Remote Control Mounted Installation Maintenance Screen"},{"@type":"BreadcrumbList","@id":"https:\/\/induzon.com\/hu\/termek\/meleg-es-hideg-belteri-legfuggony-ipari-a-supermarketekhez-aruhazakhoz-rovarvedelmi-felszerelese-elektromos-legtechnika-legfuggonyok-legajtok\/#breadcrumb","itemListElement":[{"@type":"ListItem","position":1,"name":"\u9996\u9875","item":"https:\/\/induzon.com\/hu\/"},{"@type":"ListItem","position":2,"name":"Bolt","item":"https:\/\/induzon.com\/hu\/bolt\/"},{"@type":"ListItem","position":3,"name":"Meleg \u00e9s hideg Belt\u00e9ri l\u00e9gf\u00fcgg\u00f6ny ipari a supermarketekhez \u00e1ruh\u00e1zakhoz rovarv\u00e9delmi felszerel\u00e9se elektromos l\u00e9gtechnika l\u00e9gf\u00fcgg\u00f6ny\u00f6k l\u00e9gajt\u00f3k"}]},{"@type":"WebSite","@id":"https:\/\/induzon.com\/hu\/#website","url":"https:\/\/induzon.com\/hu\/","name":"induzon","description":"","publisher":{"@id":"https:\/\/induzon.com\/hu\/#organization"},"potentialAction":[{"@type":"SearchAction","target":{"@type":"EntryPoint","urlTemplate":"https:\/\/induzon.com\/hu\/?s={search_term_string}"},"query-input":{"@type":"PropertyValueSpecification","valueRequired":true,"valueName":"search_term_string"}}],"inLanguage":"hu"},{"@type":"Organization","@id":"https:\/\/induzon.com\/hu\/#organization","name":"induzon","url":"https:\/\/induzon.com\/hu\/","logo":{"@type":"ImageObject","inLanguage":"hu","@id":"https:\/\/induzon.com\/hu\/#\/schema\/logo\/image\/","url":"https:\/\/induzon.com\/wp-content\/uploads\/2025\/05\/cropped-026.png","contentUrl":"https:\/\/induzon.com\/wp-content\/uploads\/2025\/05\/cropped-026.png","width":512,"height":512,"caption":"induzon"},"image":{"@id":"https:\/\/induzon.com\/hu\/#\/schema\/logo\/image\/"}}]}},"_links":{"self":[{"href":"https:\/\/induzon.com\/hu\/wp-json\/wp\/v2\/product\/15101","targetHints":{"allow":["GET"]}}],"collection":[{"href":"https:\/\/induzon.com\/hu\/wp-json\/wp\/v2\/product"}],"about":[{"href":"https:\/\/induzon.com\/hu\/wp-json\/wp\/v2\/types\/product"}],"replies":[{"embeddable":true,"href":"https:\/\/induzon.com\/hu\/wp-json\/wp\/v2\/comments?post=15101"}],"version-history":[{"count":2,"href":"https:\/\/induzon.com\/hu\/wp-json\/wp\/v2\/product\/15101\/revisions"}],"predecessor-version":[{"id":32697,"href":"https:\/\/induzon.com\/hu\/wp-json\/wp\/v2\/product\/15101\/revisions\/32697"}],"wp:featuredmedia":[{"embeddable":true,"href":"https:\/\/induzon.com\/hu\/wp-json\/wp\/v2\/media\/14995"}],"wp:attachment":[{"href":"https:\/\/induzon.com\/hu\/wp-json\/wp\/v2\/media?parent=15101"}],"wp:term":[{"taxonomy":"product_brand","embeddable":true,"href":"https:\/\/induzon.com\/hu\/wp-json\/wp\/v2\/product_brand?post=15101"},{"taxonomy":"product_cat","embeddable":true,"href":"https:\/\/induzon.com\/hu\/wp-json\/wp\/v2\/product_cat?post=15101"},{"taxonomy":"product_tag","embeddable":true,"href":"https:\/\/induzon.com\/hu\/wp-json\/wp\/v2\/product_tag?post=15101"}],"curies":[{"name":"wp","href":"https:\/\/api.w.org\/{rel}","templated":true}]}}