{"id":15785,"date":"2025-07-02T13:17:43","date_gmt":"2025-07-02T05:17:43","guid":{"rendered":"https:\/\/induzon.com\/shop\/ipari-legfuggony-a-supermarketekhez-es-aruhazakhoz-rovarvedelmi-legfuggony-belteri-legfuggony-legfuggony-felszerelese-elektromos-legfuggony-ipari-legtechnika-legfuggonyok-es-legajtok-4\/"},"modified":"2026-01-02T14:53:13","modified_gmt":"2026-01-02T06:53:13","slug":"ipari-legfuggony-a-supermarketekhez-es-aruhazakhoz-rovarvedelmi-legfuggony-belteri-legfuggony-legfuggony-felszerelese-elektromos-legfuggony-ipari-legtechnika-legfuggonyok-es-legajtok-4","status":"publish","type":"product","link":"https:\/\/induzon.com\/hu\/termek\/ipari-legfuggony-a-supermarketekhez-es-aruhazakhoz-rovarvedelmi-legfuggony-belteri-legfuggony-legfuggony-felszerelese-elektromos-legfuggony-ipari-legtechnika-legfuggonyok-es-legajtok-4\/","title":{"rendered":"ipari l\u00e9gf\u00fcgg\u00f6ny a supermarketekhez \u00e9s \u00e1ruh\u00e1zakhoz rovarv\u00e9delmi l\u00e9gf\u00fcgg\u00f6ny belt\u00e9ri l\u00e9gf\u00fcgg\u00f6ny l\u00e9gf\u00fcgg\u00f6ny felszerel\u00e9se elektromos l\u00e9gf\u00fcgg\u00f6ny ipari l\u00e9gtechnika l\u00e9gf\u00fcgg\u00f6ny\u00f6k \u00e9s l\u00e9gajt\u00f3k"},"content":{"rendered":"<p>1.Commercial Air Curtain For Supermarkets And Malls To Keep Insects Out<br \/>\n2.Industrial-Grade Wind Barrier For Shops And Warehouses With High Airflow<br \/>\n3.Energy-Efficient Air Door For Indoor Spaces To Maintain Temperature<br \/>\n4.Easy Installation And Low Maintenance Design For Long-Term Use<br \/>\n5.Durable Construction With Powerful Motor For Continuous Operation<\/p>\n","protected":false},"excerpt":{"rendered":"<p>1.Commercial Air Curtain For Supermarkets And Malls To Keep Insects Out 2.Industrial-Grade Wind Barrier For Shops And Warehouses With High [&hellip;]<\/p>\n","protected":false},"featured_media":15515,"comment_status":"open","ping_status":"closed","template":"","meta":{"site-sidebar-layout":"default","site-content-layout":"","ast-site-content-layout":"default","site-content-style":"default","site-sidebar-style":"default","ast-global-header-display":"","ast-banner-title-visibility":"","ast-main-header-display":"","ast-hfb-above-header-display":"","ast-hfb-below-header-display":"","ast-hfb-mobile-header-display":"","site-post-title":"","ast-breadcrumbs-content":"","ast-featured-img":"","footer-sml-layout":"","theme-transparent-header-meta":"default","adv-header-id-meta":"","stick-header-meta":"","header-above-stick-meta":"","header-main-stick-meta":"","header-below-stick-meta":"","astra-migrate-meta-layouts":"default","ast-page-background-enabled":"default","ast-page-background-meta":{"desktop":{"background-color":"var(--ast-global-color-4)","background-image":"","background-repeat":"repeat","background-position":"center center","background-size":"auto","background-attachment":"scroll","background-type":"","background-media":"","overlay-type":"","overlay-color":"","overlay-opacity":"","overlay-gradient":""},"tablet":{"background-color":"","background-image":"","background-repeat":"repeat","background-position":"center center","background-size":"auto","background-attachment":"scroll","background-type":"","background-media":"","overlay-type":"","overlay-color":"","overlay-opacity":"","overlay-gradient":""},"mobile":{"background-color":"","background-image":"","background-repeat":"repeat","background-position":"center center","background-size":"auto","background-attachment":"scroll","background-type":"","background-media":"","overlay-type":"","overlay-color":"","overlay-opacity":"","overlay-gradient":""}},"ast-content-background-meta":{"desktop":{"background-color":"var(--ast-global-color-5)","background-image":"","background-repeat":"repeat","background-position":"center center","background-size":"auto","background-attachment":"scroll","background-type":"","background-media":"","overlay-type":"","overlay-color":"","overlay-opacity":"","overlay-gradient":""},"tablet":{"background-color":"var(--ast-global-color-5)","background-image":"","background-repeat":"repeat","background-position":"center center","background-size":"auto","background-attachment":"scroll","background-type":"","background-media":"","overlay-type":"","overlay-color":"","overlay-opacity":"","overlay-gradient":""},"mobile":{"background-color":"var(--ast-global-color-5)","background-image":"","background-repeat":"repeat","background-position":"center center","background-size":"auto","background-attachment":"scroll","background-type":"","background-media":"","overlay-type":"","overlay-color":"","overlay-opacity":"","overlay-gradient":""}}},"product_brand":[],"product_cat":[1480,1100,1101],"product_tag":[1481],"class_list":{"0":"post-15785","1":"product","2":"type-product","3":"status-publish","4":"has-post-thumbnail","6":"product_cat-beepitett-futes-es-hutes","7":"product_cat-ipari-es-kereskedelmi-berendezesek","8":"product_cat-legkondicionalo-es-szellozteto-berendezesek","9":"product_tag-beepitett-futes-es-hutes","10":"desktop-align-left","11":"tablet-align-left","12":"mobile-align-left","14":"first","15":"instock","16":"sale","17":"shipping-taxable","18":"purchasable","19":"product-type-variable"},"yoast_head":"<!-- This site is optimized with the Yoast SEO plugin v24.9 - https:\/\/yoast.com\/wordpress\/plugins\/seo\/ -->\r\n<title>Kereskedelmi ipari l\u00e9gf\u00fcgg\u00f6ny\u00f6k be\u00e9p\u00edtett f\u0171t\u00e9s h\u0171t\u00e9s -Induzon<\/title>\r\n<meta name=\"description\" content=\"Ipari l\u00e9gf\u00fcgg\u00f6ny rovarv\u00e9delmi ajt\u00f3khoz, elektromos l\u00e9gf\u00fcgg\u00f6ny belt\u00e9ri haszn\u00e1latra. L\u00e9gf\u00fcgg\u00f6ny\u00f6k felszerel\u00e9se, l\u00e9gajt\u00f3k ipari l\u00e9gtechnika.\" \/>\r\n<meta name=\"robots\" content=\"index, follow, max-snippet:-1, max-image-preview:large, max-video-preview:-1\" \/>\r\n<link rel=\"canonical\" href=\"https:\/\/induzon.com\/hu\/termek\/ipari-legfuggony-a-supermarketekhez-es-aruhazakhoz-rovarvedelmi-legfuggony-belteri-legfuggony-legfuggony-felszerelese-elektromos-legfuggony-ipari-legtechnika-legfuggonyok-es-legajtok-4\/\" \/>\r\n<meta property=\"og:locale\" content=\"hu_HU\" \/>\r\n<meta property=\"og:type\" content=\"article\" \/>\r\n<meta property=\"og:title\" content=\"Kereskedelmi ipari l\u00e9gf\u00fcgg\u00f6ny\u00f6k be\u00e9p\u00edtett f\u0171t\u00e9s h\u0171t\u00e9s -Induzon\" \/>\r\n<meta property=\"og:description\" content=\"Ipari l\u00e9gf\u00fcgg\u00f6ny rovarv\u00e9delmi ajt\u00f3khoz, elektromos l\u00e9gf\u00fcgg\u00f6ny belt\u00e9ri haszn\u00e1latra. L\u00e9gf\u00fcgg\u00f6ny\u00f6k felszerel\u00e9se, l\u00e9gajt\u00f3k ipari l\u00e9gtechnika.\" \/>\r\n<meta property=\"og:url\" content=\"https:\/\/induzon.com\/hu\/termek\/ipari-legfuggony-a-supermarketekhez-es-aruhazakhoz-rovarvedelmi-legfuggony-belteri-legfuggony-legfuggony-felszerelese-elektromos-legfuggony-ipari-legtechnika-legfuggonyok-es-legajtok-4\/\" \/>\r\n<meta property=\"og:site_name\" content=\"induzon\" \/>\r\n<meta property=\"article:modified_time\" content=\"2026-01-02T06:53:13+00:00\" \/>\r\n<meta property=\"og:image\" content=\"https:\/\/induzon.com\/wp-content\/uploads\/2025\/07\/\u56fe-1-4.jpg\" \/>\r\n\t<meta property=\"og:image:width\" content=\"1500\" \/>\r\n\t<meta property=\"og:image:height\" content=\"1500\" \/>\r\n\t<meta property=\"og:image:type\" content=\"image\/jpeg\" \/>\r\n<meta name=\"twitter:card\" content=\"summary_large_image\" \/>\r\n<script type=\"application\/ld+json\" class=\"yoast-schema-graph\">{\"@context\":\"https:\/\/schema.org\",\"@graph\":[{\"@type\":\"WebPage\",\"@id\":\"https:\/\/induzon.com\/hu\/termek\/ipari-legfuggony-a-supermarketekhez-es-aruhazakhoz-rovarvedelmi-legfuggony-belteri-legfuggony-legfuggony-felszerelese-elektromos-legfuggony-ipari-legtechnika-legfuggonyok-es-legajtok-4\/\",\"url\":\"https:\/\/induzon.com\/hu\/termek\/ipari-legfuggony-a-supermarketekhez-es-aruhazakhoz-rovarvedelmi-legfuggony-belteri-legfuggony-legfuggony-felszerelese-elektromos-legfuggony-ipari-legtechnika-legfuggonyok-es-legajtok-4\/\",\"name\":\"Kereskedelmi ipari l\u00e9gf\u00fcgg\u00f6ny\u00f6k be\u00e9p\u00edtett f\u0171t\u00e9s h\u0171t\u00e9s -Induzon\",\"isPartOf\":{\"@id\":\"https:\/\/induzon.com\/hu\/#website\"},\"primaryImageOfPage\":{\"@id\":\"https:\/\/induzon.com\/hu\/termek\/ipari-legfuggony-a-supermarketekhez-es-aruhazakhoz-rovarvedelmi-legfuggony-belteri-legfuggony-legfuggony-felszerelese-elektromos-legfuggony-ipari-legtechnika-legfuggonyok-es-legajtok-4\/#primaryimage\"},\"image\":{\"@id\":\"https:\/\/induzon.com\/hu\/termek\/ipari-legfuggony-a-supermarketekhez-es-aruhazakhoz-rovarvedelmi-legfuggony-belteri-legfuggony-legfuggony-felszerelese-elektromos-legfuggony-ipari-legtechnika-legfuggonyok-es-legajtok-4\/#primaryimage\"},\"thumbnailUrl\":\"https:\/\/induzon.com\/wp-content\/uploads\/2025\/07\/\u56fe-1-4.jpg\",\"datePublished\":\"2025-07-02T05:17:43+00:00\",\"dateModified\":\"2026-01-02T06:53:13+00:00\",\"description\":\"Ipari l\u00e9gf\u00fcgg\u00f6ny rovarv\u00e9delmi ajt\u00f3khoz, elektromos l\u00e9gf\u00fcgg\u00f6ny belt\u00e9ri haszn\u00e1latra. L\u00e9gf\u00fcgg\u00f6ny\u00f6k felszerel\u00e9se, l\u00e9gajt\u00f3k ipari l\u00e9gtechnika.\",\"breadcrumb\":{\"@id\":\"https:\/\/induzon.com\/hu\/termek\/ipari-legfuggony-a-supermarketekhez-es-aruhazakhoz-rovarvedelmi-legfuggony-belteri-legfuggony-legfuggony-felszerelese-elektromos-legfuggony-ipari-legtechnika-legfuggonyok-es-legajtok-4\/#breadcrumb\"},\"inLanguage\":\"hu\",\"potentialAction\":[{\"@type\":\"ReadAction\",\"target\":[\"https:\/\/induzon.com\/hu\/termek\/ipari-legfuggony-a-supermarketekhez-es-aruhazakhoz-rovarvedelmi-legfuggony-belteri-legfuggony-legfuggony-felszerelese-elektromos-legfuggony-ipari-legtechnika-legfuggonyok-es-legajtok-4\/\"]}]},{\"@type\":\"ImageObject\",\"inLanguage\":\"hu\",\"@id\":\"https:\/\/induzon.com\/hu\/termek\/ipari-legfuggony-a-supermarketekhez-es-aruhazakhoz-rovarvedelmi-legfuggony-belteri-legfuggony-legfuggony-felszerelese-elektromos-legfuggony-ipari-legtechnika-legfuggonyok-es-legajtok-4\/#primaryimage\",\"url\":\"https:\/\/induzon.com\/wp-content\/uploads\/2025\/07\/\u56fe-1-4.jpg\",\"contentUrl\":\"https:\/\/induzon.com\/wp-content\/uploads\/2025\/07\/\u56fe-1-4.jpg\",\"width\":1500,\"height\":1500,\"caption\":\"Embedded Heating and Cooling Air Curtain Built-in Supermarket Commercial Air Curtains Shopping Mall Industrial Air Curtains Door Fans High Power PVC Air Curtain Blowers For Drive-In Windows Doors Blowers Commercial Indoor Air Curtains Heated Rear Curve Centrifugal Exhaust Ceiling Small Ducts Flying Drive-In Outdoor Residential Entrances HVAC Manufacturer Supplier Air Velocity Airflow Installation Installation Working Principle Sensors Remote Controls Maintenance Screens For Restaurants\"},{\"@type\":\"BreadcrumbList\",\"@id\":\"https:\/\/induzon.com\/hu\/termek\/ipari-legfuggony-a-supermarketekhez-es-aruhazakhoz-rovarvedelmi-legfuggony-belteri-legfuggony-legfuggony-felszerelese-elektromos-legfuggony-ipari-legtechnika-legfuggonyok-es-legajtok-4\/#breadcrumb\",\"itemListElement\":[{\"@type\":\"ListItem\",\"position\":1,\"name\":\"\u9996\u9875\",\"item\":\"https:\/\/induzon.com\/hu\/\"},{\"@type\":\"ListItem\",\"position\":2,\"name\":\"Bolt\",\"item\":\"https:\/\/induzon.com\/hu\/bolt\/\"},{\"@type\":\"ListItem\",\"position\":3,\"name\":\"ipari l\u00e9gf\u00fcgg\u00f6ny a supermarketekhez \u00e9s \u00e1ruh\u00e1zakhoz rovarv\u00e9delmi l\u00e9gf\u00fcgg\u00f6ny belt\u00e9ri l\u00e9gf\u00fcgg\u00f6ny l\u00e9gf\u00fcgg\u00f6ny felszerel\u00e9se elektromos l\u00e9gf\u00fcgg\u00f6ny ipari l\u00e9gtechnika l\u00e9gf\u00fcgg\u00f6ny\u00f6k \u00e9s l\u00e9gajt\u00f3k\"}]},{\"@type\":\"WebSite\",\"@id\":\"https:\/\/induzon.com\/hu\/#website\",\"url\":\"https:\/\/induzon.com\/hu\/\",\"name\":\"induzon\",\"description\":\"\",\"publisher\":{\"@id\":\"https:\/\/induzon.com\/hu\/#organization\"},\"potentialAction\":[{\"@type\":\"SearchAction\",\"target\":{\"@type\":\"EntryPoint\",\"urlTemplate\":\"https:\/\/induzon.com\/hu\/?s={search_term_string}\"},\"query-input\":{\"@type\":\"PropertyValueSpecification\",\"valueRequired\":true,\"valueName\":\"search_term_string\"}}],\"inLanguage\":\"hu\"},{\"@type\":\"Organization\",\"@id\":\"https:\/\/induzon.com\/hu\/#organization\",\"name\":\"induzon\",\"url\":\"https:\/\/induzon.com\/hu\/\",\"logo\":{\"@type\":\"ImageObject\",\"inLanguage\":\"hu\",\"@id\":\"https:\/\/induzon.com\/hu\/#\/schema\/logo\/image\/\",\"url\":\"https:\/\/induzon.com\/wp-content\/uploads\/2025\/05\/cropped-026.png\",\"contentUrl\":\"https:\/\/induzon.com\/wp-content\/uploads\/2025\/05\/cropped-026.png\",\"width\":512,\"height\":512,\"caption\":\"induzon\"},\"image\":{\"@id\":\"https:\/\/induzon.com\/hu\/#\/schema\/logo\/image\/\"}}]}<\/script>\r\n<!-- \/ Yoast SEO plugin. -->","yoast_head_json":{"title":"Kereskedelmi ipari l\u00e9gf\u00fcgg\u00f6ny\u00f6k be\u00e9p\u00edtett f\u0171t\u00e9s h\u0171t\u00e9s -Induzon","description":"Ipari l\u00e9gf\u00fcgg\u00f6ny rovarv\u00e9delmi ajt\u00f3khoz, elektromos l\u00e9gf\u00fcgg\u00f6ny belt\u00e9ri haszn\u00e1latra. L\u00e9gf\u00fcgg\u00f6ny\u00f6k felszerel\u00e9se, l\u00e9gajt\u00f3k ipari l\u00e9gtechnika.","robots":{"index":"index","follow":"follow","max-snippet":"max-snippet:-1","max-image-preview":"max-image-preview:large","max-video-preview":"max-video-preview:-1"},"canonical":"https:\/\/induzon.com\/hu\/termek\/ipari-legfuggony-a-supermarketekhez-es-aruhazakhoz-rovarvedelmi-legfuggony-belteri-legfuggony-legfuggony-felszerelese-elektromos-legfuggony-ipari-legtechnika-legfuggonyok-es-legajtok-4\/","og_locale":"hu_HU","og_type":"article","og_title":"Kereskedelmi ipari l\u00e9gf\u00fcgg\u00f6ny\u00f6k be\u00e9p\u00edtett f\u0171t\u00e9s h\u0171t\u00e9s -Induzon","og_description":"Ipari l\u00e9gf\u00fcgg\u00f6ny rovarv\u00e9delmi ajt\u00f3khoz, elektromos l\u00e9gf\u00fcgg\u00f6ny belt\u00e9ri haszn\u00e1latra. L\u00e9gf\u00fcgg\u00f6ny\u00f6k felszerel\u00e9se, l\u00e9gajt\u00f3k ipari l\u00e9gtechnika.","og_url":"https:\/\/induzon.com\/hu\/termek\/ipari-legfuggony-a-supermarketekhez-es-aruhazakhoz-rovarvedelmi-legfuggony-belteri-legfuggony-legfuggony-felszerelese-elektromos-legfuggony-ipari-legtechnika-legfuggonyok-es-legajtok-4\/","og_site_name":"induzon","article_modified_time":"2026-01-02T06:53:13+00:00","og_image":[{"width":1500,"height":1500,"url":"https:\/\/induzon.com\/wp-content\/uploads\/2025\/07\/\u56fe-1-4.jpg","type":"image\/jpeg"}],"twitter_card":"summary_large_image","schema":{"@context":"https:\/\/schema.org","@graph":[{"@type":"WebPage","@id":"https:\/\/induzon.com\/hu\/termek\/ipari-legfuggony-a-supermarketekhez-es-aruhazakhoz-rovarvedelmi-legfuggony-belteri-legfuggony-legfuggony-felszerelese-elektromos-legfuggony-ipari-legtechnika-legfuggonyok-es-legajtok-4\/","url":"https:\/\/induzon.com\/hu\/termek\/ipari-legfuggony-a-supermarketekhez-es-aruhazakhoz-rovarvedelmi-legfuggony-belteri-legfuggony-legfuggony-felszerelese-elektromos-legfuggony-ipari-legtechnika-legfuggonyok-es-legajtok-4\/","name":"Kereskedelmi ipari l\u00e9gf\u00fcgg\u00f6ny\u00f6k be\u00e9p\u00edtett f\u0171t\u00e9s h\u0171t\u00e9s -Induzon","isPartOf":{"@id":"https:\/\/induzon.com\/hu\/#website"},"primaryImageOfPage":{"@id":"https:\/\/induzon.com\/hu\/termek\/ipari-legfuggony-a-supermarketekhez-es-aruhazakhoz-rovarvedelmi-legfuggony-belteri-legfuggony-legfuggony-felszerelese-elektromos-legfuggony-ipari-legtechnika-legfuggonyok-es-legajtok-4\/#primaryimage"},"image":{"@id":"https:\/\/induzon.com\/hu\/termek\/ipari-legfuggony-a-supermarketekhez-es-aruhazakhoz-rovarvedelmi-legfuggony-belteri-legfuggony-legfuggony-felszerelese-elektromos-legfuggony-ipari-legtechnika-legfuggonyok-es-legajtok-4\/#primaryimage"},"thumbnailUrl":"https:\/\/induzon.com\/wp-content\/uploads\/2025\/07\/\u56fe-1-4.jpg","datePublished":"2025-07-02T05:17:43+00:00","dateModified":"2026-01-02T06:53:13+00:00","description":"Ipari l\u00e9gf\u00fcgg\u00f6ny rovarv\u00e9delmi ajt\u00f3khoz, elektromos l\u00e9gf\u00fcgg\u00f6ny belt\u00e9ri haszn\u00e1latra. L\u00e9gf\u00fcgg\u00f6ny\u00f6k felszerel\u00e9se, l\u00e9gajt\u00f3k ipari l\u00e9gtechnika.","breadcrumb":{"@id":"https:\/\/induzon.com\/hu\/termek\/ipari-legfuggony-a-supermarketekhez-es-aruhazakhoz-rovarvedelmi-legfuggony-belteri-legfuggony-legfuggony-felszerelese-elektromos-legfuggony-ipari-legtechnika-legfuggonyok-es-legajtok-4\/#breadcrumb"},"inLanguage":"hu","potentialAction":[{"@type":"ReadAction","target":["https:\/\/induzon.com\/hu\/termek\/ipari-legfuggony-a-supermarketekhez-es-aruhazakhoz-rovarvedelmi-legfuggony-belteri-legfuggony-legfuggony-felszerelese-elektromos-legfuggony-ipari-legtechnika-legfuggonyok-es-legajtok-4\/"]}]},{"@type":"ImageObject","inLanguage":"hu","@id":"https:\/\/induzon.com\/hu\/termek\/ipari-legfuggony-a-supermarketekhez-es-aruhazakhoz-rovarvedelmi-legfuggony-belteri-legfuggony-legfuggony-felszerelese-elektromos-legfuggony-ipari-legtechnika-legfuggonyok-es-legajtok-4\/#primaryimage","url":"https:\/\/induzon.com\/wp-content\/uploads\/2025\/07\/\u56fe-1-4.jpg","contentUrl":"https:\/\/induzon.com\/wp-content\/uploads\/2025\/07\/\u56fe-1-4.jpg","width":1500,"height":1500,"caption":"Embedded Heating and Cooling Air Curtain Built-in Supermarket Commercial Air Curtains Shopping Mall Industrial Air Curtains Door Fans High Power PVC Air Curtain Blowers For Drive-In Windows Doors Blowers Commercial Indoor Air Curtains Heated Rear Curve Centrifugal Exhaust Ceiling Small Ducts Flying Drive-In Outdoor Residential Entrances HVAC Manufacturer Supplier Air Velocity Airflow Installation Installation Working Principle Sensors Remote Controls Maintenance Screens For Restaurants"},{"@type":"BreadcrumbList","@id":"https:\/\/induzon.com\/hu\/termek\/ipari-legfuggony-a-supermarketekhez-es-aruhazakhoz-rovarvedelmi-legfuggony-belteri-legfuggony-legfuggony-felszerelese-elektromos-legfuggony-ipari-legtechnika-legfuggonyok-es-legajtok-4\/#breadcrumb","itemListElement":[{"@type":"ListItem","position":1,"name":"\u9996\u9875","item":"https:\/\/induzon.com\/hu\/"},{"@type":"ListItem","position":2,"name":"Bolt","item":"https:\/\/induzon.com\/hu\/bolt\/"},{"@type":"ListItem","position":3,"name":"ipari l\u00e9gf\u00fcgg\u00f6ny a supermarketekhez \u00e9s \u00e1ruh\u00e1zakhoz rovarv\u00e9delmi l\u00e9gf\u00fcgg\u00f6ny belt\u00e9ri l\u00e9gf\u00fcgg\u00f6ny l\u00e9gf\u00fcgg\u00f6ny felszerel\u00e9se elektromos l\u00e9gf\u00fcgg\u00f6ny ipari l\u00e9gtechnika l\u00e9gf\u00fcgg\u00f6ny\u00f6k \u00e9s l\u00e9gajt\u00f3k"}]},{"@type":"WebSite","@id":"https:\/\/induzon.com\/hu\/#website","url":"https:\/\/induzon.com\/hu\/","name":"induzon","description":"","publisher":{"@id":"https:\/\/induzon.com\/hu\/#organization"},"potentialAction":[{"@type":"SearchAction","target":{"@type":"EntryPoint","urlTemplate":"https:\/\/induzon.com\/hu\/?s={search_term_string}"},"query-input":{"@type":"PropertyValueSpecification","valueRequired":true,"valueName":"search_term_string"}}],"inLanguage":"hu"},{"@type":"Organization","@id":"https:\/\/induzon.com\/hu\/#organization","name":"induzon","url":"https:\/\/induzon.com\/hu\/","logo":{"@type":"ImageObject","inLanguage":"hu","@id":"https:\/\/induzon.com\/hu\/#\/schema\/logo\/image\/","url":"https:\/\/induzon.com\/wp-content\/uploads\/2025\/05\/cropped-026.png","contentUrl":"https:\/\/induzon.com\/wp-content\/uploads\/2025\/05\/cropped-026.png","width":512,"height":512,"caption":"induzon"},"image":{"@id":"https:\/\/induzon.com\/hu\/#\/schema\/logo\/image\/"}}]}},"_links":{"self":[{"href":"https:\/\/induzon.com\/hu\/wp-json\/wp\/v2\/product\/15785","targetHints":{"allow":["GET"]}}],"collection":[{"href":"https:\/\/induzon.com\/hu\/wp-json\/wp\/v2\/product"}],"about":[{"href":"https:\/\/induzon.com\/hu\/wp-json\/wp\/v2\/types\/product"}],"replies":[{"embeddable":true,"href":"https:\/\/induzon.com\/hu\/wp-json\/wp\/v2\/comments?post=15785"}],"version-history":[{"count":1,"href":"https:\/\/induzon.com\/hu\/wp-json\/wp\/v2\/product\/15785\/revisions"}],"predecessor-version":[{"id":32661,"href":"https:\/\/induzon.com\/hu\/wp-json\/wp\/v2\/product\/15785\/revisions\/32661"}],"wp:featuredmedia":[{"embeddable":true,"href":"https:\/\/induzon.com\/hu\/wp-json\/wp\/v2\/media\/15515"}],"wp:attachment":[{"href":"https:\/\/induzon.com\/hu\/wp-json\/wp\/v2\/media?parent=15785"}],"wp:term":[{"taxonomy":"product_brand","embeddable":true,"href":"https:\/\/induzon.com\/hu\/wp-json\/wp\/v2\/product_brand?post=15785"},{"taxonomy":"product_cat","embeddable":true,"href":"https:\/\/induzon.com\/hu\/wp-json\/wp\/v2\/product_cat?post=15785"},{"taxonomy":"product_tag","embeddable":true,"href":"https:\/\/induzon.com\/hu\/wp-json\/wp\/v2\/product_tag?post=15785"}],"curies":[{"name":"wp","href":"https:\/\/api.w.org\/{rel}","templated":true}]}}