{"id":16511,"date":"2025-07-09T11:01:41","date_gmt":"2025-07-09T03:01:41","guid":{"rendered":"https:\/\/induzon.com\/shop\/hegesztesi-fustelszivo-fuvoka-fustelvezeto-cso-ipari-fustelszivo-szellozteto-es-fustelvezeto-berendezes-fustelszivo-ventilator-koszorugep-specialis-porfogo-fedel\/"},"modified":"2026-01-02T09:23:11","modified_gmt":"2026-01-02T01:23:11","slug":"hegesztesi-fustelszivo-fuvoka-fustelvezeto-cso-ipari-fustelszivo-szellozteto-es-fustelvezeto-berendezes-fustelszivo-ventilator-koszorugep-specialis-porfogo-fedel","status":"publish","type":"product","link":"https:\/\/induzon.com\/hu\/termek\/hegesztesi-fustelszivo-fuvoka-fustelvezeto-cso-ipari-fustelszivo-szellozteto-es-fustelvezeto-berendezes-fustelszivo-ventilator-koszorugep-specialis-porfogo-fedel\/","title":{"rendered":"Hegeszt\u00e9si f\u00fcstelsz\u00edv\u00f3 F\u00fav\u00f3ka F\u00fcstelvezet\u0151 cs\u0151 Ipari f\u00fcstelsz\u00edv\u00f3 Szell\u0151ztet\u0151 \u00e9s f\u00fcstelvezet\u0151 berendez\u00e9s F\u00fcstelsz\u00edv\u00f3 ventil\u00e1tor K\u00f6sz\u00f6r\u0171g\u00e9p speci\u00e1lis porfog\u00f3 fed\u00e9l"},"content":{"rendered":"<p>1.Kiv\u00e1l\u00f3 min\u0151s\u00e9g\u0171 l\u00e9zer f\u00fcst elt\u00e1vol\u00edt\u00f3 f\u00fav\u00f3ka, ide\u00e1lis ipari hegeszt\u00e9shez \u00e9s szell\u0151ztet\u00e9shez.<br \/>\n2.T\u00f6bbf\u00e9le alkalmaz\u00e1sra tervezett kivitel, k\u00f6nnyen csatlakoztathat\u00f3 \u00e9s haszn\u00e1lhat\u00f3.<br \/>\n3.Er\u0151s \u00e9s tart\u00f3s anyagokb\u00f3l k\u00e9sz\u00fclt, hossz\u00fa \u00e9lettartamot \u00e9s megb\u00edzhat\u00f3 teljes\u00edtm\u00e9nyt biztos\u00edt.<br \/>\n4.Kompakt \u00e9s k\u00f6nny\u0171 design, egyszer\u0171 telep\u00edt\u00e9s \u00e9s karbantart\u00e1s.<br \/>\n5.Hat\u00e9kony f\u00fcstelsz\u00edv\u00e1s \u00e9s szell\u0151ztet\u00e9s, biztons\u00e1gosabb munkak\u00f6rnyezet teremt\u00e9se.<\/p>\n","protected":false},"excerpt":{"rendered":"<p>1.Kiv\u00e1l\u00f3 min\u0151s\u00e9g\u0171 l\u00e9zer f\u00fcst elt\u00e1vol\u00edt\u00f3 f\u00fav\u00f3ka, ide\u00e1lis ipari hegeszt\u00e9shez \u00e9s szell\u0151ztet\u00e9shez. 2.T\u00f6bbf\u00e9le alkalmaz\u00e1sra tervezett kivitel, k\u00f6nnyen csatlakoztathat\u00f3 \u00e9s haszn\u00e1lhat\u00f3. 3.Er\u0151s [&hellip;]<\/p>\n","protected":false},"featured_media":16360,"comment_status":"open","ping_status":"closed","template":"","meta":{"site-sidebar-layout":"default","site-content-layout":"","ast-site-content-layout":"default","site-content-style":"default","site-sidebar-style":"default","ast-global-header-display":"","ast-banner-title-visibility":"","ast-main-header-display":"","ast-hfb-above-header-display":"","ast-hfb-below-header-display":"","ast-hfb-mobile-header-display":"","site-post-title":"","ast-breadcrumbs-content":"","ast-featured-img":"","footer-sml-layout":"","theme-transparent-header-meta":"default","adv-header-id-meta":"","stick-header-meta":"","header-above-stick-meta":"","header-main-stick-meta":"","header-below-stick-meta":"","astra-migrate-meta-layouts":"set","ast-page-background-enabled":"default","ast-page-background-meta":{"desktop":{"background-color":"var(--ast-global-color-4)","background-image":"","background-repeat":"repeat","background-position":"center center","background-size":"auto","background-attachment":"scroll","background-type":"","background-media":"","overlay-type":"","overlay-color":"","overlay-opacity":"","overlay-gradient":""},"tablet":{"background-color":"","background-image":"","background-repeat":"repeat","background-position":"center center","background-size":"auto","background-attachment":"scroll","background-type":"","background-media":"","overlay-type":"","overlay-color":"","overlay-opacity":"","overlay-gradient":""},"mobile":{"background-color":"","background-image":"","background-repeat":"repeat","background-position":"center center","background-size":"auto","background-attachment":"scroll","background-type":"","background-media":"","overlay-type":"","overlay-color":"","overlay-opacity":"","overlay-gradient":""}},"ast-content-background-meta":{"desktop":{"background-color":"var(--ast-global-color-5)","background-image":"","background-repeat":"repeat","background-position":"center center","background-size":"auto","background-attachment":"scroll","background-type":"","background-media":"","overlay-type":"","overlay-color":"","overlay-opacity":"","overlay-gradient":""},"tablet":{"background-color":"var(--ast-global-color-5)","background-image":"","background-repeat":"repeat","background-position":"center center","background-size":"auto","background-attachment":"scroll","background-type":"","background-media":"","overlay-type":"","overlay-color":"","overlay-opacity":"","overlay-gradient":""},"mobile":{"background-color":"var(--ast-global-color-5)","background-image":"","background-repeat":"repeat","background-position":"center center","background-size":"auto","background-attachment":"scroll","background-type":"","background-media":"","overlay-type":"","overlay-color":"","overlay-opacity":"","overlay-gradient":""}}},"product_brand":[],"product_cat":[1536,1100],"product_tag":[1827,1537],"class_list":{"0":"post-16511","1":"product","2":"type-product","3":"status-publish","4":"has-post-thumbnail","6":"product_cat-fusttisztito-tartozekok","7":"product_cat-ipari-es-kereskedelmi-berendezesek","8":"product_tag-csiszologep-porelszivo-burkolat","9":"product_tag-fustelvezeto-berendezes","10":"desktop-align-left","11":"tablet-align-left","12":"mobile-align-left","14":"first","15":"instock","16":"sale","17":"shipping-taxable","18":"purchasable","19":"product-type-variable"},"yoast_head":"<!-- This site is optimized with the Yoast SEO plugin v24.9 - https:\/\/yoast.com\/wordpress\/plugins\/seo\/ -->\r\n<title>Hegeszt\u00e9si F\u00fcstelsz\u00edv\u00f3 F\u00fav\u00f3ka Ipari Porfog\u00f3 K\u00f6sz\u00f6r\u0171g\u00e9p -Induzon<\/title>\r\n<meta name=\"description\" content=\"Ipari f\u00fcstelvezet\u0151 rendszerek, mobil f\u00fcstelsz\u00edv\u00f3, \u00e9s f\u00fav\u00f3k\u00e1k tiszt\u00edt\u00e1sra, kiv\u00e1l\u00f3 f\u00fcst- \u00e9s h\u0151szab\u00e1lyoz\u00e1shoz\" \/>\r\n<meta name=\"robots\" content=\"index, follow, max-snippet:-1, max-image-preview:large, max-video-preview:-1\" \/>\r\n<link rel=\"canonical\" href=\"https:\/\/induzon.com\/hu\/termek\/hegesztesi-fustelszivo-fuvoka-fustelvezeto-cso-ipari-fustelszivo-szellozteto-es-fustelvezeto-berendezes-fustelszivo-ventilator-koszorugep-specialis-porfogo-fedel\/\" \/>\r\n<meta property=\"og:locale\" content=\"hu_HU\" \/>\r\n<meta property=\"og:type\" content=\"article\" \/>\r\n<meta property=\"og:title\" content=\"Hegeszt\u00e9si F\u00fcstelsz\u00edv\u00f3 F\u00fav\u00f3ka Ipari Porfog\u00f3 K\u00f6sz\u00f6r\u0171g\u00e9p -Induzon\" \/>\r\n<meta property=\"og:description\" content=\"Ipari f\u00fcstelvezet\u0151 rendszerek, mobil f\u00fcstelsz\u00edv\u00f3, \u00e9s f\u00fav\u00f3k\u00e1k tiszt\u00edt\u00e1sra, kiv\u00e1l\u00f3 f\u00fcst- \u00e9s h\u0151szab\u00e1lyoz\u00e1shoz\" \/>\r\n<meta property=\"og:url\" content=\"https:\/\/induzon.com\/hu\/termek\/hegesztesi-fustelszivo-fuvoka-fustelvezeto-cso-ipari-fustelszivo-szellozteto-es-fustelvezeto-berendezes-fustelszivo-ventilator-koszorugep-specialis-porfogo-fedel\/\" \/>\r\n<meta property=\"og:site_name\" content=\"induzon\" \/>\r\n<meta property=\"article:modified_time\" content=\"2026-01-02T01:23:11+00:00\" \/>\r\n<meta property=\"og:image\" content=\"https:\/\/induzon.com\/wp-content\/uploads\/2025\/07\/\u56fe-2-7.jpg\" \/>\r\n\t<meta property=\"og:image:width\" content=\"1500\" \/>\r\n\t<meta property=\"og:image:height\" content=\"1500\" \/>\r\n\t<meta property=\"og:image:type\" content=\"image\/jpeg\" \/>\r\n<meta name=\"twitter:card\" content=\"summary_large_image\" \/>\r\n<meta name=\"twitter:label1\" content=\"Becs\u00fclt olvas\u00e1si id\u0151\" \/>\n\t<meta name=\"twitter:data1\" content=\"1 perc\" \/>\r\n<script type=\"application\/ld+json\" class=\"yoast-schema-graph\">{\"@context\":\"https:\/\/schema.org\",\"@graph\":[{\"@type\":\"WebPage\",\"@id\":\"https:\/\/induzon.com\/hu\/termek\/hegesztesi-fustelszivo-fuvoka-fustelvezeto-cso-ipari-fustelszivo-szellozteto-es-fustelvezeto-berendezes-fustelszivo-ventilator-koszorugep-specialis-porfogo-fedel\/\",\"url\":\"https:\/\/induzon.com\/hu\/termek\/hegesztesi-fustelszivo-fuvoka-fustelvezeto-cso-ipari-fustelszivo-szellozteto-es-fustelvezeto-berendezes-fustelszivo-ventilator-koszorugep-specialis-porfogo-fedel\/\",\"name\":\"Hegeszt\u00e9si F\u00fcstelsz\u00edv\u00f3 F\u00fav\u00f3ka Ipari Porfog\u00f3 K\u00f6sz\u00f6r\u0171g\u00e9p -Induzon\",\"isPartOf\":{\"@id\":\"https:\/\/induzon.com\/hu\/#website\"},\"primaryImageOfPage\":{\"@id\":\"https:\/\/induzon.com\/hu\/termek\/hegesztesi-fustelszivo-fuvoka-fustelvezeto-cso-ipari-fustelszivo-szellozteto-es-fustelvezeto-berendezes-fustelszivo-ventilator-koszorugep-specialis-porfogo-fedel\/#primaryimage\"},\"image\":{\"@id\":\"https:\/\/induzon.com\/hu\/termek\/hegesztesi-fustelszivo-fuvoka-fustelvezeto-cso-ipari-fustelszivo-szellozteto-es-fustelvezeto-berendezes-fustelszivo-ventilator-koszorugep-specialis-porfogo-fedel\/#primaryimage\"},\"thumbnailUrl\":\"https:\/\/induzon.com\/wp-content\/uploads\/2025\/07\/\u56fe-2-7.jpg\",\"datePublished\":\"2025-07-09T03:01:41+00:00\",\"dateModified\":\"2026-01-02T01:23:11+00:00\",\"description\":\"Ipari f\u00fcstelvezet\u0151 rendszerek, mobil f\u00fcstelsz\u00edv\u00f3, \u00e9s f\u00fav\u00f3k\u00e1k tiszt\u00edt\u00e1sra, kiv\u00e1l\u00f3 f\u00fcst- \u00e9s h\u0151szab\u00e1lyoz\u00e1shoz\",\"breadcrumb\":{\"@id\":\"https:\/\/induzon.com\/hu\/termek\/hegesztesi-fustelszivo-fuvoka-fustelvezeto-cso-ipari-fustelszivo-szellozteto-es-fustelvezeto-berendezes-fustelszivo-ventilator-koszorugep-specialis-porfogo-fedel\/#breadcrumb\"},\"inLanguage\":\"hu\",\"potentialAction\":[{\"@type\":\"ReadAction\",\"target\":[\"https:\/\/induzon.com\/hu\/termek\/hegesztesi-fustelszivo-fuvoka-fustelvezeto-cso-ipari-fustelszivo-szellozteto-es-fustelvezeto-berendezes-fustelszivo-ventilator-koszorugep-specialis-porfogo-fedel\/\"]}]},{\"@type\":\"ImageObject\",\"inLanguage\":\"hu\",\"@id\":\"https:\/\/induzon.com\/hu\/termek\/hegesztesi-fustelszivo-fuvoka-fustelvezeto-cso-ipari-fustelszivo-szellozteto-es-fustelvezeto-berendezes-fustelszivo-ventilator-koszorugep-specialis-porfogo-fedel\/#primaryimage\",\"url\":\"https:\/\/induzon.com\/wp-content\/uploads\/2025\/07\/\u56fe-2-7.jpg\",\"contentUrl\":\"https:\/\/induzon.com\/wp-content\/uploads\/2025\/07\/\u56fe-2-7.jpg\",\"width\":1500,\"height\":1500,\"caption\":\"hegeszt\u00e9si f\u00fcstelsz\u00edv\u00f3 szell\u0151ztet\u0151 \u00e9s f\u00fcstelvezet\u0151\"},{\"@type\":\"BreadcrumbList\",\"@id\":\"https:\/\/induzon.com\/hu\/termek\/hegesztesi-fustelszivo-fuvoka-fustelvezeto-cso-ipari-fustelszivo-szellozteto-es-fustelvezeto-berendezes-fustelszivo-ventilator-koszorugep-specialis-porfogo-fedel\/#breadcrumb\",\"itemListElement\":[{\"@type\":\"ListItem\",\"position\":1,\"name\":\"\u9996\u9875\",\"item\":\"https:\/\/induzon.com\/hu\/\"},{\"@type\":\"ListItem\",\"position\":2,\"name\":\"Bolt\",\"item\":\"https:\/\/induzon.com\/hu\/bolt\/\"},{\"@type\":\"ListItem\",\"position\":3,\"name\":\"Hegeszt\u00e9si f\u00fcstelsz\u00edv\u00f3 F\u00fav\u00f3ka F\u00fcstelvezet\u0151 cs\u0151 Ipari f\u00fcstelsz\u00edv\u00f3 Szell\u0151ztet\u0151 \u00e9s f\u00fcstelvezet\u0151 berendez\u00e9s F\u00fcstelsz\u00edv\u00f3 ventil\u00e1tor K\u00f6sz\u00f6r\u0171g\u00e9p speci\u00e1lis porfog\u00f3 fed\u00e9l\"}]},{\"@type\":\"WebSite\",\"@id\":\"https:\/\/induzon.com\/hu\/#website\",\"url\":\"https:\/\/induzon.com\/hu\/\",\"name\":\"induzon\",\"description\":\"\",\"publisher\":{\"@id\":\"https:\/\/induzon.com\/hu\/#organization\"},\"potentialAction\":[{\"@type\":\"SearchAction\",\"target\":{\"@type\":\"EntryPoint\",\"urlTemplate\":\"https:\/\/induzon.com\/hu\/?s={search_term_string}\"},\"query-input\":{\"@type\":\"PropertyValueSpecification\",\"valueRequired\":true,\"valueName\":\"search_term_string\"}}],\"inLanguage\":\"hu\"},{\"@type\":\"Organization\",\"@id\":\"https:\/\/induzon.com\/hu\/#organization\",\"name\":\"induzon\",\"url\":\"https:\/\/induzon.com\/hu\/\",\"logo\":{\"@type\":\"ImageObject\",\"inLanguage\":\"hu\",\"@id\":\"https:\/\/induzon.com\/hu\/#\/schema\/logo\/image\/\",\"url\":\"https:\/\/induzon.com\/wp-content\/uploads\/2025\/05\/cropped-026.png\",\"contentUrl\":\"https:\/\/induzon.com\/wp-content\/uploads\/2025\/05\/cropped-026.png\",\"width\":512,\"height\":512,\"caption\":\"induzon\"},\"image\":{\"@id\":\"https:\/\/induzon.com\/hu\/#\/schema\/logo\/image\/\"}}]}<\/script>\r\n<!-- \/ Yoast SEO plugin. -->","yoast_head_json":{"title":"Hegeszt\u00e9si F\u00fcstelsz\u00edv\u00f3 F\u00fav\u00f3ka Ipari Porfog\u00f3 K\u00f6sz\u00f6r\u0171g\u00e9p -Induzon","description":"Ipari f\u00fcstelvezet\u0151 rendszerek, mobil f\u00fcstelsz\u00edv\u00f3, \u00e9s f\u00fav\u00f3k\u00e1k tiszt\u00edt\u00e1sra, kiv\u00e1l\u00f3 f\u00fcst- \u00e9s h\u0151szab\u00e1lyoz\u00e1shoz","robots":{"index":"index","follow":"follow","max-snippet":"max-snippet:-1","max-image-preview":"max-image-preview:large","max-video-preview":"max-video-preview:-1"},"canonical":"https:\/\/induzon.com\/hu\/termek\/hegesztesi-fustelszivo-fuvoka-fustelvezeto-cso-ipari-fustelszivo-szellozteto-es-fustelvezeto-berendezes-fustelszivo-ventilator-koszorugep-specialis-porfogo-fedel\/","og_locale":"hu_HU","og_type":"article","og_title":"Hegeszt\u00e9si F\u00fcstelsz\u00edv\u00f3 F\u00fav\u00f3ka Ipari Porfog\u00f3 K\u00f6sz\u00f6r\u0171g\u00e9p -Induzon","og_description":"Ipari f\u00fcstelvezet\u0151 rendszerek, mobil f\u00fcstelsz\u00edv\u00f3, \u00e9s f\u00fav\u00f3k\u00e1k tiszt\u00edt\u00e1sra, kiv\u00e1l\u00f3 f\u00fcst- \u00e9s h\u0151szab\u00e1lyoz\u00e1shoz","og_url":"https:\/\/induzon.com\/hu\/termek\/hegesztesi-fustelszivo-fuvoka-fustelvezeto-cso-ipari-fustelszivo-szellozteto-es-fustelvezeto-berendezes-fustelszivo-ventilator-koszorugep-specialis-porfogo-fedel\/","og_site_name":"induzon","article_modified_time":"2026-01-02T01:23:11+00:00","og_image":[{"width":1500,"height":1500,"url":"https:\/\/induzon.com\/wp-content\/uploads\/2025\/07\/\u56fe-2-7.jpg","type":"image\/jpeg"}],"twitter_card":"summary_large_image","twitter_misc":{"Becs\u00fclt olvas\u00e1si id\u0151":"1 perc"},"schema":{"@context":"https:\/\/schema.org","@graph":[{"@type":"WebPage","@id":"https:\/\/induzon.com\/hu\/termek\/hegesztesi-fustelszivo-fuvoka-fustelvezeto-cso-ipari-fustelszivo-szellozteto-es-fustelvezeto-berendezes-fustelszivo-ventilator-koszorugep-specialis-porfogo-fedel\/","url":"https:\/\/induzon.com\/hu\/termek\/hegesztesi-fustelszivo-fuvoka-fustelvezeto-cso-ipari-fustelszivo-szellozteto-es-fustelvezeto-berendezes-fustelszivo-ventilator-koszorugep-specialis-porfogo-fedel\/","name":"Hegeszt\u00e9si F\u00fcstelsz\u00edv\u00f3 F\u00fav\u00f3ka Ipari Porfog\u00f3 K\u00f6sz\u00f6r\u0171g\u00e9p -Induzon","isPartOf":{"@id":"https:\/\/induzon.com\/hu\/#website"},"primaryImageOfPage":{"@id":"https:\/\/induzon.com\/hu\/termek\/hegesztesi-fustelszivo-fuvoka-fustelvezeto-cso-ipari-fustelszivo-szellozteto-es-fustelvezeto-berendezes-fustelszivo-ventilator-koszorugep-specialis-porfogo-fedel\/#primaryimage"},"image":{"@id":"https:\/\/induzon.com\/hu\/termek\/hegesztesi-fustelszivo-fuvoka-fustelvezeto-cso-ipari-fustelszivo-szellozteto-es-fustelvezeto-berendezes-fustelszivo-ventilator-koszorugep-specialis-porfogo-fedel\/#primaryimage"},"thumbnailUrl":"https:\/\/induzon.com\/wp-content\/uploads\/2025\/07\/\u56fe-2-7.jpg","datePublished":"2025-07-09T03:01:41+00:00","dateModified":"2026-01-02T01:23:11+00:00","description":"Ipari f\u00fcstelvezet\u0151 rendszerek, mobil f\u00fcstelsz\u00edv\u00f3, \u00e9s f\u00fav\u00f3k\u00e1k tiszt\u00edt\u00e1sra, kiv\u00e1l\u00f3 f\u00fcst- \u00e9s h\u0151szab\u00e1lyoz\u00e1shoz","breadcrumb":{"@id":"https:\/\/induzon.com\/hu\/termek\/hegesztesi-fustelszivo-fuvoka-fustelvezeto-cso-ipari-fustelszivo-szellozteto-es-fustelvezeto-berendezes-fustelszivo-ventilator-koszorugep-specialis-porfogo-fedel\/#breadcrumb"},"inLanguage":"hu","potentialAction":[{"@type":"ReadAction","target":["https:\/\/induzon.com\/hu\/termek\/hegesztesi-fustelszivo-fuvoka-fustelvezeto-cso-ipari-fustelszivo-szellozteto-es-fustelvezeto-berendezes-fustelszivo-ventilator-koszorugep-specialis-porfogo-fedel\/"]}]},{"@type":"ImageObject","inLanguage":"hu","@id":"https:\/\/induzon.com\/hu\/termek\/hegesztesi-fustelszivo-fuvoka-fustelvezeto-cso-ipari-fustelszivo-szellozteto-es-fustelvezeto-berendezes-fustelszivo-ventilator-koszorugep-specialis-porfogo-fedel\/#primaryimage","url":"https:\/\/induzon.com\/wp-content\/uploads\/2025\/07\/\u56fe-2-7.jpg","contentUrl":"https:\/\/induzon.com\/wp-content\/uploads\/2025\/07\/\u56fe-2-7.jpg","width":1500,"height":1500,"caption":"hegeszt\u00e9si f\u00fcstelsz\u00edv\u00f3 szell\u0151ztet\u0151 \u00e9s f\u00fcstelvezet\u0151"},{"@type":"BreadcrumbList","@id":"https:\/\/induzon.com\/hu\/termek\/hegesztesi-fustelszivo-fuvoka-fustelvezeto-cso-ipari-fustelszivo-szellozteto-es-fustelvezeto-berendezes-fustelszivo-ventilator-koszorugep-specialis-porfogo-fedel\/#breadcrumb","itemListElement":[{"@type":"ListItem","position":1,"name":"\u9996\u9875","item":"https:\/\/induzon.com\/hu\/"},{"@type":"ListItem","position":2,"name":"Bolt","item":"https:\/\/induzon.com\/hu\/bolt\/"},{"@type":"ListItem","position":3,"name":"Hegeszt\u00e9si f\u00fcstelsz\u00edv\u00f3 F\u00fav\u00f3ka F\u00fcstelvezet\u0151 cs\u0151 Ipari f\u00fcstelsz\u00edv\u00f3 Szell\u0151ztet\u0151 \u00e9s f\u00fcstelvezet\u0151 berendez\u00e9s F\u00fcstelsz\u00edv\u00f3 ventil\u00e1tor K\u00f6sz\u00f6r\u0171g\u00e9p speci\u00e1lis porfog\u00f3 fed\u00e9l"}]},{"@type":"WebSite","@id":"https:\/\/induzon.com\/hu\/#website","url":"https:\/\/induzon.com\/hu\/","name":"induzon","description":"","publisher":{"@id":"https:\/\/induzon.com\/hu\/#organization"},"potentialAction":[{"@type":"SearchAction","target":{"@type":"EntryPoint","urlTemplate":"https:\/\/induzon.com\/hu\/?s={search_term_string}"},"query-input":{"@type":"PropertyValueSpecification","valueRequired":true,"valueName":"search_term_string"}}],"inLanguage":"hu"},{"@type":"Organization","@id":"https:\/\/induzon.com\/hu\/#organization","name":"induzon","url":"https:\/\/induzon.com\/hu\/","logo":{"@type":"ImageObject","inLanguage":"hu","@id":"https:\/\/induzon.com\/hu\/#\/schema\/logo\/image\/","url":"https:\/\/induzon.com\/wp-content\/uploads\/2025\/05\/cropped-026.png","contentUrl":"https:\/\/induzon.com\/wp-content\/uploads\/2025\/05\/cropped-026.png","width":512,"height":512,"caption":"induzon"},"image":{"@id":"https:\/\/induzon.com\/hu\/#\/schema\/logo\/image\/"}}]}},"_links":{"self":[{"href":"https:\/\/induzon.com\/hu\/wp-json\/wp\/v2\/product\/16511","targetHints":{"allow":["GET"]}}],"collection":[{"href":"https:\/\/induzon.com\/hu\/wp-json\/wp\/v2\/product"}],"about":[{"href":"https:\/\/induzon.com\/hu\/wp-json\/wp\/v2\/types\/product"}],"replies":[{"embeddable":true,"href":"https:\/\/induzon.com\/hu\/wp-json\/wp\/v2\/comments?post=16511"}],"version-history":[{"count":2,"href":"https:\/\/induzon.com\/hu\/wp-json\/wp\/v2\/product\/16511\/revisions"}],"predecessor-version":[{"id":28731,"href":"https:\/\/induzon.com\/hu\/wp-json\/wp\/v2\/product\/16511\/revisions\/28731"}],"wp:featuredmedia":[{"embeddable":true,"href":"https:\/\/induzon.com\/hu\/wp-json\/wp\/v2\/media\/16360"}],"wp:attachment":[{"href":"https:\/\/induzon.com\/hu\/wp-json\/wp\/v2\/media?parent=16511"}],"wp:term":[{"taxonomy":"product_brand","embeddable":true,"href":"https:\/\/induzon.com\/hu\/wp-json\/wp\/v2\/product_brand?post=16511"},{"taxonomy":"product_cat","embeddable":true,"href":"https:\/\/induzon.com\/hu\/wp-json\/wp\/v2\/product_cat?post=16511"},{"taxonomy":"product_tag","embeddable":true,"href":"https:\/\/induzon.com\/hu\/wp-json\/wp\/v2\/product_tag?post=16511"}],"curies":[{"name":"wp","href":"https:\/\/api.w.org\/{rel}","templated":true}]}}