{"id":19141,"date":"2025-07-19T10:21:56","date_gmt":"2025-07-19T02:21:56","guid":{"rendered":"https:\/\/induzon.com\/shop\/hidraulika-olajhuto-ventilatorral-minikotrora-oncirkulalo-hidraulikus-olajhuto-radiator-leghuteses-radiator-aluminium-hocserelo\/"},"modified":"2025-12-29T14:30:23","modified_gmt":"2025-12-29T06:30:23","slug":"hidraulika-olajhuto-ventilatorral-minikotrora-oncirkulalo-hidraulikus-olajhuto-radiator-leghuteses-radiator-aluminium-hocserelo","status":"publish","type":"product","link":"https:\/\/induzon.com\/hu\/termek\/hidraulika-olajhuto-ventilatorral-minikotrora-oncirkulalo-hidraulikus-olajhuto-radiator-leghuteses-radiator-aluminium-hocserelo\/","title":{"rendered":"hidraulika olajh\u0171t\u0151 ventil\u00e1torral minikotr\u00f3ra \u00f6ncirkul\u00e1l\u00f3 hidraulikus olajh\u0171t\u0151 radi\u00e1tor l\u00e9gh\u0171t\u00e9ses radi\u00e1tor alum\u00ednium h\u0151cser\u00e9l\u0151"},"content":{"rendered":"<p>1.Tartalmaz ventil\u00e1tort a hat\u00e9kony h\u0171t\u00e9s\u00e9rt, ide\u00e1lis minit\u00e1r\u00f3g\u00e9pekhez.<br \/>\n2.Kiv\u00e1l\u00f3 min\u0151s\u00e9g\u0171, leveg\u0151vel h\u0171t\u0151 olajh\u0171t\u0151, hossz\u00fa \u00e9lettartam\u00fa m\u0171k\u00f6d\u00e9ssel.<br \/>\n3.12 voltos ventil\u00e1torral felszerelt, k\u00f6nnyen telep\u00edthet\u0151 \u00e9s haszn\u00e1lhat\u00f3.<br \/>\n4.Kompakt kialak\u00edt\u00e1s\u00fa, t\u00f6k\u00e9letesen illeszkedik minit\u00e1r\u00f3g\u00e9pek oldals\u00f3 kieg\u00e9sz\u00edt\u0151ihez.<br \/>\n5.Biztos\u00edtja az optim\u00e1lis h\u0151m\u00e9rs\u00e9kletet, n\u00f6velve a g\u00e9pek teljes\u00edtm\u00e9ny\u00e9t \u00e9s \u00e9lettartam\u00e1t.<\/p>\n","protected":false},"excerpt":{"rendered":"<p>1.Tartalmaz ventil\u00e1tort a hat\u00e9kony h\u0171t\u00e9s\u00e9rt, ide\u00e1lis minit\u00e1r\u00f3g\u00e9pekhez. 2.Kiv\u00e1l\u00f3 min\u0151s\u00e9g\u0171, leveg\u0151vel h\u0171t\u0151 olajh\u0171t\u0151, hossz\u00fa \u00e9lettartam\u00fa m\u0171k\u00f6d\u00e9ssel. 3.12 voltos ventil\u00e1torral felszerelt, k\u00f6nnyen [&hellip;]<\/p>\n","protected":false},"featured_media":19058,"comment_status":"open","ping_status":"closed","template":"","meta":{"site-sidebar-layout":"default","site-content-layout":"","ast-site-content-layout":"default","site-content-style":"default","site-sidebar-style":"default","ast-global-header-display":"","ast-banner-title-visibility":"","ast-main-header-display":"","ast-hfb-above-header-display":"","ast-hfb-below-header-display":"","ast-hfb-mobile-header-display":"","site-post-title":"","ast-breadcrumbs-content":"","ast-featured-img":"","footer-sml-layout":"","theme-transparent-header-meta":"default","adv-header-id-meta":"","stick-header-meta":"","header-above-stick-meta":"","header-main-stick-meta":"","header-below-stick-meta":"","astra-migrate-meta-layouts":"set","ast-page-background-enabled":"default","ast-page-background-meta":{"desktop":{"background-color":"var(--ast-global-color-4)","background-image":"","background-repeat":"repeat","background-position":"center center","background-size":"auto","background-attachment":"scroll","background-type":"","background-media":"","overlay-type":"","overlay-color":"","overlay-opacity":"","overlay-gradient":""},"tablet":{"background-color":"","background-image":"","background-repeat":"repeat","background-position":"center center","background-size":"auto","background-attachment":"scroll","background-type":"","background-media":"","overlay-type":"","overlay-color":"","overlay-opacity":"","overlay-gradient":""},"mobile":{"background-color":"","background-image":"","background-repeat":"repeat","background-position":"center center","background-size":"auto","background-attachment":"scroll","background-type":"","background-media":"","overlay-type":"","overlay-color":"","overlay-opacity":"","overlay-gradient":""}},"ast-content-background-meta":{"desktop":{"background-color":"var(--ast-global-color-5)","background-image":"","background-repeat":"repeat","background-position":"center center","background-size":"auto","background-attachment":"scroll","background-type":"","background-media":"","overlay-type":"","overlay-color":"","overlay-opacity":"","overlay-gradient":""},"tablet":{"background-color":"var(--ast-global-color-5)","background-image":"","background-repeat":"repeat","background-position":"center center","background-size":"auto","background-attachment":"scroll","background-type":"","background-media":"","overlay-type":"","overlay-color":"","overlay-opacity":"","overlay-gradient":""},"mobile":{"background-color":"var(--ast-global-color-5)","background-image":"","background-repeat":"repeat","background-position":"center center","background-size":"auto","background-attachment":"scroll","background-type":"","background-media":"","overlay-type":"","overlay-color":"","overlay-opacity":"","overlay-gradient":""}}},"product_brand":[],"product_cat":[1628,1629,1630],"product_tag":[1631],"class_list":{"0":"post-19141","1":"product","2":"type-product","3":"status-publish","4":"has-post-thumbnail","6":"product_cat-gepek-es-ipari-termekek","7":"product_cat-hutorendszer","8":"product_cat-olajhuto","9":"product_tag-leghuto","10":"desktop-align-left","11":"tablet-align-left","12":"mobile-align-left","14":"first","15":"instock","16":"sale","17":"shipping-taxable","18":"purchasable","19":"product-type-variable"},"yoast_head":"<!-- This site is optimized with the Yoast SEO plugin v24.9 - https:\/\/yoast.com\/wordpress\/plugins\/seo\/ -->\r\n<title>hidraulika olajh\u0171t\u0151 ventil\u00e1torral minikotr\u00f3ra radi\u00e1tor \u00e9p\u00edt\u0151g\u00e9pekhez<\/title>\r\n<meta name=\"description\" content=\"Mini kotr\u00f3g\u00e9p h\u0171t\u0151 l\u00e9gh\u0171t\u00e9ses hidraulikaolaj-h\u0171t\u0151ventil\u00e1torral. Ipari h\u0151cser\u00e9l\u0151k, motor-\/olajh\u0171t\u0151k, univerz\u00e1lis h\u0171t\u0151rendszerek.\" \/>\r\n<meta name=\"robots\" content=\"index, follow, max-snippet:-1, max-image-preview:large, max-video-preview:-1\" \/>\r\n<link rel=\"canonical\" href=\"https:\/\/induzon.com\/hu\/termek\/hidraulika-olajhuto-ventilatorral-minikotrora-oncirkulalo-hidraulikus-olajhuto-radiator-leghuteses-radiator-aluminium-hocserelo\/\" \/>\r\n<meta property=\"og:locale\" content=\"hu_HU\" \/>\r\n<meta property=\"og:type\" content=\"article\" \/>\r\n<meta property=\"og:title\" content=\"hidraulika olajh\u0171t\u0151 ventil\u00e1torral minikotr\u00f3ra radi\u00e1tor \u00e9p\u00edt\u0151g\u00e9pekhez\" \/>\r\n<meta property=\"og:description\" content=\"Mini kotr\u00f3g\u00e9p h\u0171t\u0151 l\u00e9gh\u0171t\u00e9ses hidraulikaolaj-h\u0171t\u0151ventil\u00e1torral. Ipari h\u0151cser\u00e9l\u0151k, motor-\/olajh\u0171t\u0151k, univerz\u00e1lis h\u0171t\u0151rendszerek.\" \/>\r\n<meta property=\"og:url\" content=\"https:\/\/induzon.com\/hu\/termek\/hidraulika-olajhuto-ventilatorral-minikotrora-oncirkulalo-hidraulikus-olajhuto-radiator-leghuteses-radiator-aluminium-hocserelo\/\" \/>\r\n<meta property=\"og:site_name\" content=\"induzon\" \/>\r\n<meta property=\"article:modified_time\" content=\"2025-12-29T06:30:23+00:00\" \/>\r\n<meta property=\"og:image\" content=\"https:\/\/induzon.com\/wp-content\/uploads\/2025\/07\/\u56fe-2-12.jpg\" \/>\r\n\t<meta property=\"og:image:width\" content=\"1500\" \/>\r\n\t<meta property=\"og:image:height\" content=\"1500\" \/>\r\n\t<meta property=\"og:image:type\" content=\"image\/jpeg\" \/>\r\n<meta name=\"twitter:card\" content=\"summary_large_image\" \/>\r\n<meta name=\"twitter:label1\" content=\"Becs\u00fclt olvas\u00e1si id\u0151\" \/>\n\t<meta name=\"twitter:data1\" content=\"1 perc\" \/>\r\n<script type=\"application\/ld+json\" class=\"yoast-schema-graph\">{\"@context\":\"https:\/\/schema.org\",\"@graph\":[{\"@type\":\"WebPage\",\"@id\":\"https:\/\/induzon.com\/hu\/termek\/hidraulika-olajhuto-ventilatorral-minikotrora-oncirkulalo-hidraulikus-olajhuto-radiator-leghuteses-radiator-aluminium-hocserelo\/\",\"url\":\"https:\/\/induzon.com\/hu\/termek\/hidraulika-olajhuto-ventilatorral-minikotrora-oncirkulalo-hidraulikus-olajhuto-radiator-leghuteses-radiator-aluminium-hocserelo\/\",\"name\":\"hidraulika olajh\u0171t\u0151 ventil\u00e1torral minikotr\u00f3ra radi\u00e1tor \u00e9p\u00edt\u0151g\u00e9pekhez\",\"isPartOf\":{\"@id\":\"https:\/\/induzon.com\/hu\/#website\"},\"primaryImageOfPage\":{\"@id\":\"https:\/\/induzon.com\/hu\/termek\/hidraulika-olajhuto-ventilatorral-minikotrora-oncirkulalo-hidraulikus-olajhuto-radiator-leghuteses-radiator-aluminium-hocserelo\/#primaryimage\"},\"image\":{\"@id\":\"https:\/\/induzon.com\/hu\/termek\/hidraulika-olajhuto-ventilatorral-minikotrora-oncirkulalo-hidraulikus-olajhuto-radiator-leghuteses-radiator-aluminium-hocserelo\/#primaryimage\"},\"thumbnailUrl\":\"https:\/\/induzon.com\/wp-content\/uploads\/2025\/07\/\u56fe-2-12.jpg\",\"datePublished\":\"2025-07-19T02:21:56+00:00\",\"dateModified\":\"2025-12-29T06:30:23+00:00\",\"description\":\"Mini kotr\u00f3g\u00e9p h\u0171t\u0151 l\u00e9gh\u0171t\u00e9ses hidraulikaolaj-h\u0171t\u0151ventil\u00e1torral. Ipari h\u0151cser\u00e9l\u0151k, motor-\/olajh\u0171t\u0151k, univerz\u00e1lis h\u0171t\u0151rendszerek.\",\"breadcrumb\":{\"@id\":\"https:\/\/induzon.com\/hu\/termek\/hidraulika-olajhuto-ventilatorral-minikotrora-oncirkulalo-hidraulikus-olajhuto-radiator-leghuteses-radiator-aluminium-hocserelo\/#breadcrumb\"},\"inLanguage\":\"hu\",\"potentialAction\":[{\"@type\":\"ReadAction\",\"target\":[\"https:\/\/induzon.com\/hu\/termek\/hidraulika-olajhuto-ventilatorral-minikotrora-oncirkulalo-hidraulikus-olajhuto-radiator-leghuteses-radiator-aluminium-hocserelo\/\"]}]},{\"@type\":\"ImageObject\",\"inLanguage\":\"hu\",\"@id\":\"https:\/\/induzon.com\/hu\/termek\/hidraulika-olajhuto-ventilatorral-minikotrora-oncirkulalo-hidraulikus-olajhuto-radiator-leghuteses-radiator-aluminium-hocserelo\/#primaryimage\",\"url\":\"https:\/\/induzon.com\/wp-content\/uploads\/2025\/07\/\u56fe-2-12.jpg\",\"contentUrl\":\"https:\/\/induzon.com\/wp-content\/uploads\/2025\/07\/\u56fe-2-12.jpg\",\"width\":1500,\"height\":1500,\"caption\":\"hidraulika olajh\u0171t\u0151 ventil\u00e1torral minikotr\u00f3ra radi\u00e1tor \u00e9p\u00edt\u0151g\u00e9pekhez\"},{\"@type\":\"BreadcrumbList\",\"@id\":\"https:\/\/induzon.com\/hu\/termek\/hidraulika-olajhuto-ventilatorral-minikotrora-oncirkulalo-hidraulikus-olajhuto-radiator-leghuteses-radiator-aluminium-hocserelo\/#breadcrumb\",\"itemListElement\":[{\"@type\":\"ListItem\",\"position\":1,\"name\":\"\u9996\u9875\",\"item\":\"https:\/\/induzon.com\/hu\/\"},{\"@type\":\"ListItem\",\"position\":2,\"name\":\"Bolt\",\"item\":\"https:\/\/induzon.com\/hu\/bolt\/\"},{\"@type\":\"ListItem\",\"position\":3,\"name\":\"hidraulika olajh\u0171t\u0151 ventil\u00e1torral minikotr\u00f3ra \u00f6ncirkul\u00e1l\u00f3 hidraulikus olajh\u0171t\u0151 radi\u00e1tor l\u00e9gh\u0171t\u00e9ses radi\u00e1tor alum\u00ednium h\u0151cser\u00e9l\u0151\"}]},{\"@type\":\"WebSite\",\"@id\":\"https:\/\/induzon.com\/hu\/#website\",\"url\":\"https:\/\/induzon.com\/hu\/\",\"name\":\"induzon\",\"description\":\"\",\"publisher\":{\"@id\":\"https:\/\/induzon.com\/hu\/#organization\"},\"potentialAction\":[{\"@type\":\"SearchAction\",\"target\":{\"@type\":\"EntryPoint\",\"urlTemplate\":\"https:\/\/induzon.com\/hu\/?s={search_term_string}\"},\"query-input\":{\"@type\":\"PropertyValueSpecification\",\"valueRequired\":true,\"valueName\":\"search_term_string\"}}],\"inLanguage\":\"hu\"},{\"@type\":\"Organization\",\"@id\":\"https:\/\/induzon.com\/hu\/#organization\",\"name\":\"induzon\",\"url\":\"https:\/\/induzon.com\/hu\/\",\"logo\":{\"@type\":\"ImageObject\",\"inLanguage\":\"hu\",\"@id\":\"https:\/\/induzon.com\/hu\/#\/schema\/logo\/image\/\",\"url\":\"https:\/\/induzon.com\/wp-content\/uploads\/2025\/05\/cropped-026.png\",\"contentUrl\":\"https:\/\/induzon.com\/wp-content\/uploads\/2025\/05\/cropped-026.png\",\"width\":512,\"height\":512,\"caption\":\"induzon\"},\"image\":{\"@id\":\"https:\/\/induzon.com\/hu\/#\/schema\/logo\/image\/\"}}]}<\/script>\r\n<!-- \/ Yoast SEO plugin. -->","yoast_head_json":{"title":"hidraulika olajh\u0171t\u0151 ventil\u00e1torral minikotr\u00f3ra radi\u00e1tor \u00e9p\u00edt\u0151g\u00e9pekhez","description":"Mini kotr\u00f3g\u00e9p h\u0171t\u0151 l\u00e9gh\u0171t\u00e9ses hidraulikaolaj-h\u0171t\u0151ventil\u00e1torral. Ipari h\u0151cser\u00e9l\u0151k, motor-\/olajh\u0171t\u0151k, univerz\u00e1lis h\u0171t\u0151rendszerek.","robots":{"index":"index","follow":"follow","max-snippet":"max-snippet:-1","max-image-preview":"max-image-preview:large","max-video-preview":"max-video-preview:-1"},"canonical":"https:\/\/induzon.com\/hu\/termek\/hidraulika-olajhuto-ventilatorral-minikotrora-oncirkulalo-hidraulikus-olajhuto-radiator-leghuteses-radiator-aluminium-hocserelo\/","og_locale":"hu_HU","og_type":"article","og_title":"hidraulika olajh\u0171t\u0151 ventil\u00e1torral minikotr\u00f3ra radi\u00e1tor \u00e9p\u00edt\u0151g\u00e9pekhez","og_description":"Mini kotr\u00f3g\u00e9p h\u0171t\u0151 l\u00e9gh\u0171t\u00e9ses hidraulikaolaj-h\u0171t\u0151ventil\u00e1torral. Ipari h\u0151cser\u00e9l\u0151k, motor-\/olajh\u0171t\u0151k, univerz\u00e1lis h\u0171t\u0151rendszerek.","og_url":"https:\/\/induzon.com\/hu\/termek\/hidraulika-olajhuto-ventilatorral-minikotrora-oncirkulalo-hidraulikus-olajhuto-radiator-leghuteses-radiator-aluminium-hocserelo\/","og_site_name":"induzon","article_modified_time":"2025-12-29T06:30:23+00:00","og_image":[{"width":1500,"height":1500,"url":"https:\/\/induzon.com\/wp-content\/uploads\/2025\/07\/\u56fe-2-12.jpg","type":"image\/jpeg"}],"twitter_card":"summary_large_image","twitter_misc":{"Becs\u00fclt olvas\u00e1si id\u0151":"1 perc"},"schema":{"@context":"https:\/\/schema.org","@graph":[{"@type":"WebPage","@id":"https:\/\/induzon.com\/hu\/termek\/hidraulika-olajhuto-ventilatorral-minikotrora-oncirkulalo-hidraulikus-olajhuto-radiator-leghuteses-radiator-aluminium-hocserelo\/","url":"https:\/\/induzon.com\/hu\/termek\/hidraulika-olajhuto-ventilatorral-minikotrora-oncirkulalo-hidraulikus-olajhuto-radiator-leghuteses-radiator-aluminium-hocserelo\/","name":"hidraulika olajh\u0171t\u0151 ventil\u00e1torral minikotr\u00f3ra radi\u00e1tor \u00e9p\u00edt\u0151g\u00e9pekhez","isPartOf":{"@id":"https:\/\/induzon.com\/hu\/#website"},"primaryImageOfPage":{"@id":"https:\/\/induzon.com\/hu\/termek\/hidraulika-olajhuto-ventilatorral-minikotrora-oncirkulalo-hidraulikus-olajhuto-radiator-leghuteses-radiator-aluminium-hocserelo\/#primaryimage"},"image":{"@id":"https:\/\/induzon.com\/hu\/termek\/hidraulika-olajhuto-ventilatorral-minikotrora-oncirkulalo-hidraulikus-olajhuto-radiator-leghuteses-radiator-aluminium-hocserelo\/#primaryimage"},"thumbnailUrl":"https:\/\/induzon.com\/wp-content\/uploads\/2025\/07\/\u56fe-2-12.jpg","datePublished":"2025-07-19T02:21:56+00:00","dateModified":"2025-12-29T06:30:23+00:00","description":"Mini kotr\u00f3g\u00e9p h\u0171t\u0151 l\u00e9gh\u0171t\u00e9ses hidraulikaolaj-h\u0171t\u0151ventil\u00e1torral. Ipari h\u0151cser\u00e9l\u0151k, motor-\/olajh\u0171t\u0151k, univerz\u00e1lis h\u0171t\u0151rendszerek.","breadcrumb":{"@id":"https:\/\/induzon.com\/hu\/termek\/hidraulika-olajhuto-ventilatorral-minikotrora-oncirkulalo-hidraulikus-olajhuto-radiator-leghuteses-radiator-aluminium-hocserelo\/#breadcrumb"},"inLanguage":"hu","potentialAction":[{"@type":"ReadAction","target":["https:\/\/induzon.com\/hu\/termek\/hidraulika-olajhuto-ventilatorral-minikotrora-oncirkulalo-hidraulikus-olajhuto-radiator-leghuteses-radiator-aluminium-hocserelo\/"]}]},{"@type":"ImageObject","inLanguage":"hu","@id":"https:\/\/induzon.com\/hu\/termek\/hidraulika-olajhuto-ventilatorral-minikotrora-oncirkulalo-hidraulikus-olajhuto-radiator-leghuteses-radiator-aluminium-hocserelo\/#primaryimage","url":"https:\/\/induzon.com\/wp-content\/uploads\/2025\/07\/\u56fe-2-12.jpg","contentUrl":"https:\/\/induzon.com\/wp-content\/uploads\/2025\/07\/\u56fe-2-12.jpg","width":1500,"height":1500,"caption":"hidraulika olajh\u0171t\u0151 ventil\u00e1torral minikotr\u00f3ra radi\u00e1tor \u00e9p\u00edt\u0151g\u00e9pekhez"},{"@type":"BreadcrumbList","@id":"https:\/\/induzon.com\/hu\/termek\/hidraulika-olajhuto-ventilatorral-minikotrora-oncirkulalo-hidraulikus-olajhuto-radiator-leghuteses-radiator-aluminium-hocserelo\/#breadcrumb","itemListElement":[{"@type":"ListItem","position":1,"name":"\u9996\u9875","item":"https:\/\/induzon.com\/hu\/"},{"@type":"ListItem","position":2,"name":"Bolt","item":"https:\/\/induzon.com\/hu\/bolt\/"},{"@type":"ListItem","position":3,"name":"hidraulika olajh\u0171t\u0151 ventil\u00e1torral minikotr\u00f3ra \u00f6ncirkul\u00e1l\u00f3 hidraulikus olajh\u0171t\u0151 radi\u00e1tor l\u00e9gh\u0171t\u00e9ses radi\u00e1tor alum\u00ednium h\u0151cser\u00e9l\u0151"}]},{"@type":"WebSite","@id":"https:\/\/induzon.com\/hu\/#website","url":"https:\/\/induzon.com\/hu\/","name":"induzon","description":"","publisher":{"@id":"https:\/\/induzon.com\/hu\/#organization"},"potentialAction":[{"@type":"SearchAction","target":{"@type":"EntryPoint","urlTemplate":"https:\/\/induzon.com\/hu\/?s={search_term_string}"},"query-input":{"@type":"PropertyValueSpecification","valueRequired":true,"valueName":"search_term_string"}}],"inLanguage":"hu"},{"@type":"Organization","@id":"https:\/\/induzon.com\/hu\/#organization","name":"induzon","url":"https:\/\/induzon.com\/hu\/","logo":{"@type":"ImageObject","inLanguage":"hu","@id":"https:\/\/induzon.com\/hu\/#\/schema\/logo\/image\/","url":"https:\/\/induzon.com\/wp-content\/uploads\/2025\/05\/cropped-026.png","contentUrl":"https:\/\/induzon.com\/wp-content\/uploads\/2025\/05\/cropped-026.png","width":512,"height":512,"caption":"induzon"},"image":{"@id":"https:\/\/induzon.com\/hu\/#\/schema\/logo\/image\/"}}]}},"_links":{"self":[{"href":"https:\/\/induzon.com\/hu\/wp-json\/wp\/v2\/product\/19141","targetHints":{"allow":["GET"]}}],"collection":[{"href":"https:\/\/induzon.com\/hu\/wp-json\/wp\/v2\/product"}],"about":[{"href":"https:\/\/induzon.com\/hu\/wp-json\/wp\/v2\/types\/product"}],"replies":[{"embeddable":true,"href":"https:\/\/induzon.com\/hu\/wp-json\/wp\/v2\/comments?post=19141"}],"version-history":[{"count":1,"href":"https:\/\/induzon.com\/hu\/wp-json\/wp\/v2\/product\/19141\/revisions"}],"predecessor-version":[{"id":32572,"href":"https:\/\/induzon.com\/hu\/wp-json\/wp\/v2\/product\/19141\/revisions\/32572"}],"wp:featuredmedia":[{"embeddable":true,"href":"https:\/\/induzon.com\/hu\/wp-json\/wp\/v2\/media\/19058"}],"wp:attachment":[{"href":"https:\/\/induzon.com\/hu\/wp-json\/wp\/v2\/media?parent=19141"}],"wp:term":[{"taxonomy":"product_brand","embeddable":true,"href":"https:\/\/induzon.com\/hu\/wp-json\/wp\/v2\/product_brand?post=19141"},{"taxonomy":"product_cat","embeddable":true,"href":"https:\/\/induzon.com\/hu\/wp-json\/wp\/v2\/product_cat?post=19141"},{"taxonomy":"product_tag","embeddable":true,"href":"https:\/\/induzon.com\/hu\/wp-json\/wp\/v2\/product_tag?post=19141"}],"curies":[{"name":"wp","href":"https:\/\/api.w.org\/{rel}","templated":true}]}}