{"id":23264,"date":"2025-08-18T10:12:45","date_gmt":"2025-08-18T02:12:45","guid":{"rendered":"https:\/\/induzon.com\/shop\/atlatszo-karpittisztito-fej-a-szonyeg-es-karpittisztito-permetextrakcios-karpittisztito-hosszu-kezi-porszivok-szonyegporszivofej-elszivo-alkatreszek-39mm-atmeroju-kanape-es-szonyeg-tisztito-gep-auto-b\/"},"modified":"2025-12-24T14:32:21","modified_gmt":"2025-12-24T06:32:21","slug":"atlatszo-karpittisztito-fej-a-szonyeg-es-karpittisztito-permetextrakcios-karpittisztito-hosszu-kezi-porszivok-szonyegporszivofej-elszivo-alkatreszek-39mm-atmeroju-kanape-es-szonyeg-tisztito-gep-auto-b","status":"publish","type":"product","link":"https:\/\/induzon.com\/hu\/termek\/atlatszo-karpittisztito-fej-a-szonyeg-es-karpittisztito-permetextrakcios-karpittisztito-hosszu-kezi-porszivok-szonyegporszivofej-elszivo-alkatreszek-39mm-atmeroju-kanape-es-szonyeg-tisztito-gep-auto-b\/","title":{"rendered":"\u00e1tl\u00e1tsz\u00f3 k\u00e1rpittiszt\u00edt\u00f3 fej a sz\u0151nyeg \u00e9s k\u00e1rpittiszt\u00edt\u00f3 permetextrakci\u00f3s k\u00e1rpittiszt\u00edt\u00f3 hossz\u00fa k\u00e9zi porsz\u00edv\u00f3k sz\u0151nyegporsz\u00edv\u00f3fej elsz\u00edv\u00f3 alkatr\u00e9szek 39mm \u00e1tm\u00e9r\u0151j\u0171 kanap\u00e9 \u00e9s sz\u0151nyeg tiszt\u00edt\u00f3 g\u00e9p aut\u00f3 bels\u0151 spr\u00e9 z\u00e1ll\u00edt\u00f3 g\u00e9p"},"content":{"rendered":"<p>1.Tart\u00f3s rozsdamentes ac\u00e9l anyag\u00fa, kiv\u00e1l\u00f3 min\u0151s\u00e9g\u0171 \u00e9s hossz\u00fa \u00e9lettartam\u00fa.<br \/>\n2.38 mm-es k\u00fcls\u0151 \u00e1tm\u00e9r\u0151vel univerz\u00e1lis illeszked\u00e9s\u0171 k\u00fcl\u00f6nf\u00e9le tiszt\u00edt\u00f3g\u00e9pekhez.<br \/>\n3.Ide\u00e1lis sz\u0151nyeg, b\u00fator \u00e9s aut\u00f3bels\u0151 tiszt\u00edt\u00e1s\u00e1hoz, hat\u00e9kony felsz\u00edv\u00e1si teljes\u00edtm\u00e9ny.<br \/>\n4.K\u00f6nnyen cser\u00e9lhet\u0151 kieg\u00e9sz\u00edt\u0151, kompatibilis a legt\u00f6bb professzion\u00e1lis tiszt\u00edt\u00f3g\u00e9ppel.<br \/>\n5.Ellen\u00e1ll a magas h\u0151m\u00e9rs\u00e9kletnek, t\u00f6k\u00e9letes v\u00e1laszt\u00e1s g\u0151ztiszt\u00edt\u00e1shoz \u00e9s kem\u00e9ny felhaszn\u00e1l\u00e1shoz.<\/p>\n","protected":false},"excerpt":{"rendered":"<p>1.Tart\u00f3s rozsdamentes ac\u00e9l anyag\u00fa, kiv\u00e1l\u00f3 min\u0151s\u00e9g\u0171 \u00e9s hossz\u00fa \u00e9lettartam\u00fa. 2.38 mm-es k\u00fcls\u0151 \u00e1tm\u00e9r\u0151vel univerz\u00e1lis illeszked\u00e9s\u0171 k\u00fcl\u00f6nf\u00e9le tiszt\u00edt\u00f3g\u00e9pekhez. 3.Ide\u00e1lis sz\u0151nyeg, b\u00fator [&hellip;]<\/p>\n","protected":false},"featured_media":23213,"comment_status":"open","ping_status":"closed","template":"","meta":{"site-sidebar-layout":"default","site-content-layout":"","ast-site-content-layout":"default","site-content-style":"default","site-sidebar-style":"default","ast-global-header-display":"","ast-banner-title-visibility":"","ast-main-header-display":"","ast-hfb-above-header-display":"","ast-hfb-below-header-display":"","ast-hfb-mobile-header-display":"","site-post-title":"","ast-breadcrumbs-content":"","ast-featured-img":"","footer-sml-layout":"","theme-transparent-header-meta":"default","adv-header-id-meta":"","stick-header-meta":"","header-above-stick-meta":"","header-main-stick-meta":"","header-below-stick-meta":"","astra-migrate-meta-layouts":"set","ast-page-background-enabled":"default","ast-page-background-meta":{"desktop":{"background-color":"var(--ast-global-color-4)","background-image":"","background-repeat":"repeat","background-position":"center center","background-size":"auto","background-attachment":"scroll","background-type":"","background-media":"","overlay-type":"","overlay-color":"","overlay-opacity":"","overlay-gradient":""},"tablet":{"background-color":"","background-image":"","background-repeat":"repeat","background-position":"center center","background-size":"auto","background-attachment":"scroll","background-type":"","background-media":"","overlay-type":"","overlay-color":"","overlay-opacity":"","overlay-gradient":""},"mobile":{"background-color":"","background-image":"","background-repeat":"repeat","background-position":"center center","background-size":"auto","background-attachment":"scroll","background-type":"","background-media":"","overlay-type":"","overlay-color":"","overlay-opacity":"","overlay-gradient":""}},"ast-content-background-meta":{"desktop":{"background-color":"var(--ast-global-color-5)","background-image":"","background-repeat":"repeat","background-position":"center center","background-size":"auto","background-attachment":"scroll","background-type":"","background-media":"","overlay-type":"","overlay-color":"","overlay-opacity":"","overlay-gradient":""},"tablet":{"background-color":"var(--ast-global-color-5)","background-image":"","background-repeat":"repeat","background-position":"center center","background-size":"auto","background-attachment":"scroll","background-type":"","background-media":"","overlay-type":"","overlay-color":"","overlay-opacity":"","overlay-gradient":""},"mobile":{"background-color":"var(--ast-global-color-5)","background-image":"","background-repeat":"repeat","background-position":"center center","background-size":"auto","background-attachment":"scroll","background-type":"","background-media":"","overlay-type":"","overlay-color":"","overlay-opacity":"","overlay-gradient":""}}},"product_brand":[],"product_cat":[912,715],"product_tag":[717,716],"class_list":{"0":"post-23264","1":"product","2":"type-product","3":"status-publish","4":"has-post-thumbnail","6":"product_cat-szerszamok-es-felszerelesek","7":"product_cat-tisztito-eszkozok","8":"product_tag-autoipari-tisztito-eszkozok","9":"product_tag-haztartasi-tisztito-berendezesek","10":"desktop-align-left","11":"tablet-align-left","12":"mobile-align-left","14":"first","15":"instock","16":"sale","17":"shipping-taxable","18":"purchasable","19":"product-type-simple"},"yoast_head":"<!-- This site is optimized with the Yoast SEO plugin v24.9 - https:\/\/yoast.com\/wordpress\/plugins\/seo\/ -->\r\n<title>K\u00e1rpittiszt\u00edt\u00f3 Fej 39mm Sz\u0151nyeg Kanap\u00e9 Aut\u00f3 -Induzon<\/title>\r\n<meta name=\"description\" content=\"K\u00e1rpittiszt\u00edt\u00f3 fejek, sz\u0151nyegporsz\u00edv\u00f3k \u00e9s tiszt\u00edt\u00f3g\u00e9pek kanap\u00e9khoz. Sz\u00edv\u00f3f\u00fav\u00f3k\u00e1k professzion\u00e1lis b\u00fator- \u00e9s sz\u0151nyegtiszt\u00edt\u00e1shoz.\" \/>\r\n<meta name=\"robots\" content=\"index, follow, max-snippet:-1, max-image-preview:large, max-video-preview:-1\" \/>\r\n<link rel=\"canonical\" href=\"https:\/\/induzon.com\/hu\/termek\/atlatszo-karpittisztito-fej-a-szonyeg-es-karpittisztito-permetextrakcios-karpittisztito-hosszu-kezi-porszivok-szonyegporszivofej-elszivo-alkatreszek-39mm-atmeroju-kanape-es-szonyeg-tisztito-gep-auto-b\/\" \/>\r\n<meta property=\"og:locale\" content=\"hu_HU\" \/>\r\n<meta property=\"og:type\" content=\"article\" \/>\r\n<meta property=\"og:title\" content=\"K\u00e1rpittiszt\u00edt\u00f3 Fej 39mm Sz\u0151nyeg Kanap\u00e9 Aut\u00f3 -Induzon\" \/>\r\n<meta property=\"og:description\" content=\"K\u00e1rpittiszt\u00edt\u00f3 fejek, sz\u0151nyegporsz\u00edv\u00f3k \u00e9s tiszt\u00edt\u00f3g\u00e9pek kanap\u00e9khoz. Sz\u00edv\u00f3f\u00fav\u00f3k\u00e1k professzion\u00e1lis b\u00fator- \u00e9s sz\u0151nyegtiszt\u00edt\u00e1shoz.\" \/>\r\n<meta property=\"og:url\" content=\"https:\/\/induzon.com\/hu\/termek\/atlatszo-karpittisztito-fej-a-szonyeg-es-karpittisztito-permetextrakcios-karpittisztito-hosszu-kezi-porszivok-szonyegporszivofej-elszivo-alkatreszek-39mm-atmeroju-kanape-es-szonyeg-tisztito-gep-auto-b\/\" \/>\r\n<meta property=\"og:site_name\" content=\"induzon\" \/>\r\n<meta property=\"article:modified_time\" content=\"2025-12-24T06:32:21+00:00\" \/>\r\n<meta property=\"og:image\" content=\"https:\/\/induzon.com\/wp-content\/uploads\/2025\/08\/\u56fe-3-4.jpg\" \/>\r\n\t<meta property=\"og:image:width\" content=\"1500\" \/>\r\n\t<meta property=\"og:image:height\" content=\"1500\" \/>\r\n\t<meta property=\"og:image:type\" content=\"image\/jpeg\" \/>\r\n<meta name=\"twitter:card\" content=\"summary_large_image\" \/>\r\n<meta name=\"twitter:label1\" content=\"Becs\u00fclt olvas\u00e1si id\u0151\" \/>\n\t<meta name=\"twitter:data1\" content=\"1 perc\" \/>\r\n<script type=\"application\/ld+json\" class=\"yoast-schema-graph\">{\"@context\":\"https:\/\/schema.org\",\"@graph\":[{\"@type\":\"WebPage\",\"@id\":\"https:\/\/induzon.com\/hu\/termek\/atlatszo-karpittisztito-fej-a-szonyeg-es-karpittisztito-permetextrakcios-karpittisztito-hosszu-kezi-porszivok-szonyegporszivofej-elszivo-alkatreszek-39mm-atmeroju-kanape-es-szonyeg-tisztito-gep-auto-b\/\",\"url\":\"https:\/\/induzon.com\/hu\/termek\/atlatszo-karpittisztito-fej-a-szonyeg-es-karpittisztito-permetextrakcios-karpittisztito-hosszu-kezi-porszivok-szonyegporszivofej-elszivo-alkatreszek-39mm-atmeroju-kanape-es-szonyeg-tisztito-gep-auto-b\/\",\"name\":\"K\u00e1rpittiszt\u00edt\u00f3 Fej 39mm Sz\u0151nyeg Kanap\u00e9 Aut\u00f3 -Induzon\",\"isPartOf\":{\"@id\":\"https:\/\/induzon.com\/hu\/#website\"},\"primaryImageOfPage\":{\"@id\":\"https:\/\/induzon.com\/hu\/termek\/atlatszo-karpittisztito-fej-a-szonyeg-es-karpittisztito-permetextrakcios-karpittisztito-hosszu-kezi-porszivok-szonyegporszivofej-elszivo-alkatreszek-39mm-atmeroju-kanape-es-szonyeg-tisztito-gep-auto-b\/#primaryimage\"},\"image\":{\"@id\":\"https:\/\/induzon.com\/hu\/termek\/atlatszo-karpittisztito-fej-a-szonyeg-es-karpittisztito-permetextrakcios-karpittisztito-hosszu-kezi-porszivok-szonyegporszivofej-elszivo-alkatreszek-39mm-atmeroju-kanape-es-szonyeg-tisztito-gep-auto-b\/#primaryimage\"},\"thumbnailUrl\":\"https:\/\/induzon.com\/wp-content\/uploads\/2025\/08\/\u56fe-3-4.jpg\",\"datePublished\":\"2025-08-18T02:12:45+00:00\",\"dateModified\":\"2025-12-24T06:32:21+00:00\",\"description\":\"K\u00e1rpittiszt\u00edt\u00f3 fejek, sz\u0151nyegporsz\u00edv\u00f3k \u00e9s tiszt\u00edt\u00f3g\u00e9pek kanap\u00e9khoz. Sz\u00edv\u00f3f\u00fav\u00f3k\u00e1k professzion\u00e1lis b\u00fator- \u00e9s sz\u0151nyegtiszt\u00edt\u00e1shoz.\",\"breadcrumb\":{\"@id\":\"https:\/\/induzon.com\/hu\/termek\/atlatszo-karpittisztito-fej-a-szonyeg-es-karpittisztito-permetextrakcios-karpittisztito-hosszu-kezi-porszivok-szonyegporszivofej-elszivo-alkatreszek-39mm-atmeroju-kanape-es-szonyeg-tisztito-gep-auto-b\/#breadcrumb\"},\"inLanguage\":\"hu\",\"potentialAction\":[{\"@type\":\"ReadAction\",\"target\":[\"https:\/\/induzon.com\/hu\/termek\/atlatszo-karpittisztito-fej-a-szonyeg-es-karpittisztito-permetextrakcios-karpittisztito-hosszu-kezi-porszivok-szonyegporszivofej-elszivo-alkatreszek-39mm-atmeroju-kanape-es-szonyeg-tisztito-gep-auto-b\/\"]}]},{\"@type\":\"ImageObject\",\"inLanguage\":\"hu\",\"@id\":\"https:\/\/induzon.com\/hu\/termek\/atlatszo-karpittisztito-fej-a-szonyeg-es-karpittisztito-permetextrakcios-karpittisztito-hosszu-kezi-porszivok-szonyegporszivofej-elszivo-alkatreszek-39mm-atmeroju-kanape-es-szonyeg-tisztito-gep-auto-b\/#primaryimage\",\"url\":\"https:\/\/induzon.com\/wp-content\/uploads\/2025\/08\/\u56fe-3-4.jpg\",\"contentUrl\":\"https:\/\/induzon.com\/wp-content\/uploads\/2025\/08\/\u56fe-3-4.jpg\",\"width\":1500,\"height\":1500,\"caption\":\"K\u00e1rpittiszt\u00edt\u00f3 fejek, sz\u0151nyegporsz\u00edv\u00f3k \u00e9s tiszt\u00edt\u00f3g\u00e9pek kanap\u00e9khoz. Sz\u00edv\u00f3f\u00fav\u00f3k\u00e1k professzion\u00e1lis b\u00fator- \u00e9s sz\u0151nyegtiszt\u00edt\u00e1shoz.\"},{\"@type\":\"BreadcrumbList\",\"@id\":\"https:\/\/induzon.com\/hu\/termek\/atlatszo-karpittisztito-fej-a-szonyeg-es-karpittisztito-permetextrakcios-karpittisztito-hosszu-kezi-porszivok-szonyegporszivofej-elszivo-alkatreszek-39mm-atmeroju-kanape-es-szonyeg-tisztito-gep-auto-b\/#breadcrumb\",\"itemListElement\":[{\"@type\":\"ListItem\",\"position\":1,\"name\":\"\u9996\u9875\",\"item\":\"https:\/\/induzon.com\/hu\/\"},{\"@type\":\"ListItem\",\"position\":2,\"name\":\"Bolt\",\"item\":\"https:\/\/induzon.com\/hu\/bolt\/\"},{\"@type\":\"ListItem\",\"position\":3,\"name\":\"\u00e1tl\u00e1tsz\u00f3 k\u00e1rpittiszt\u00edt\u00f3 fej a sz\u0151nyeg \u00e9s k\u00e1rpittiszt\u00edt\u00f3 permetextrakci\u00f3s k\u00e1rpittiszt\u00edt\u00f3 hossz\u00fa k\u00e9zi porsz\u00edv\u00f3k sz\u0151nyegporsz\u00edv\u00f3fej elsz\u00edv\u00f3 alkatr\u00e9szek 39mm \u00e1tm\u00e9r\u0151j\u0171 kanap\u00e9 \u00e9s sz\u0151nyeg tiszt\u00edt\u00f3 g\u00e9p aut\u00f3 bels\u0151 spr\u00e9 z\u00e1ll\u00edt\u00f3 g\u00e9p\"}]},{\"@type\":\"WebSite\",\"@id\":\"https:\/\/induzon.com\/hu\/#website\",\"url\":\"https:\/\/induzon.com\/hu\/\",\"name\":\"induzon\",\"description\":\"\",\"publisher\":{\"@id\":\"https:\/\/induzon.com\/hu\/#organization\"},\"potentialAction\":[{\"@type\":\"SearchAction\",\"target\":{\"@type\":\"EntryPoint\",\"urlTemplate\":\"https:\/\/induzon.com\/hu\/?s={search_term_string}\"},\"query-input\":{\"@type\":\"PropertyValueSpecification\",\"valueRequired\":true,\"valueName\":\"search_term_string\"}}],\"inLanguage\":\"hu\"},{\"@type\":\"Organization\",\"@id\":\"https:\/\/induzon.com\/hu\/#organization\",\"name\":\"induzon\",\"url\":\"https:\/\/induzon.com\/hu\/\",\"logo\":{\"@type\":\"ImageObject\",\"inLanguage\":\"hu\",\"@id\":\"https:\/\/induzon.com\/hu\/#\/schema\/logo\/image\/\",\"url\":\"https:\/\/induzon.com\/wp-content\/uploads\/2025\/05\/cropped-026.png\",\"contentUrl\":\"https:\/\/induzon.com\/wp-content\/uploads\/2025\/05\/cropped-026.png\",\"width\":512,\"height\":512,\"caption\":\"induzon\"},\"image\":{\"@id\":\"https:\/\/induzon.com\/hu\/#\/schema\/logo\/image\/\"}}]}<\/script>\r\n<!-- \/ Yoast SEO plugin. -->","yoast_head_json":{"title":"K\u00e1rpittiszt\u00edt\u00f3 Fej 39mm Sz\u0151nyeg Kanap\u00e9 Aut\u00f3 -Induzon","description":"K\u00e1rpittiszt\u00edt\u00f3 fejek, sz\u0151nyegporsz\u00edv\u00f3k \u00e9s tiszt\u00edt\u00f3g\u00e9pek kanap\u00e9khoz. Sz\u00edv\u00f3f\u00fav\u00f3k\u00e1k professzion\u00e1lis b\u00fator- \u00e9s sz\u0151nyegtiszt\u00edt\u00e1shoz.","robots":{"index":"index","follow":"follow","max-snippet":"max-snippet:-1","max-image-preview":"max-image-preview:large","max-video-preview":"max-video-preview:-1"},"canonical":"https:\/\/induzon.com\/hu\/termek\/atlatszo-karpittisztito-fej-a-szonyeg-es-karpittisztito-permetextrakcios-karpittisztito-hosszu-kezi-porszivok-szonyegporszivofej-elszivo-alkatreszek-39mm-atmeroju-kanape-es-szonyeg-tisztito-gep-auto-b\/","og_locale":"hu_HU","og_type":"article","og_title":"K\u00e1rpittiszt\u00edt\u00f3 Fej 39mm Sz\u0151nyeg Kanap\u00e9 Aut\u00f3 -Induzon","og_description":"K\u00e1rpittiszt\u00edt\u00f3 fejek, sz\u0151nyegporsz\u00edv\u00f3k \u00e9s tiszt\u00edt\u00f3g\u00e9pek kanap\u00e9khoz. Sz\u00edv\u00f3f\u00fav\u00f3k\u00e1k professzion\u00e1lis b\u00fator- \u00e9s sz\u0151nyegtiszt\u00edt\u00e1shoz.","og_url":"https:\/\/induzon.com\/hu\/termek\/atlatszo-karpittisztito-fej-a-szonyeg-es-karpittisztito-permetextrakcios-karpittisztito-hosszu-kezi-porszivok-szonyegporszivofej-elszivo-alkatreszek-39mm-atmeroju-kanape-es-szonyeg-tisztito-gep-auto-b\/","og_site_name":"induzon","article_modified_time":"2025-12-24T06:32:21+00:00","og_image":[{"width":1500,"height":1500,"url":"https:\/\/induzon.com\/wp-content\/uploads\/2025\/08\/\u56fe-3-4.jpg","type":"image\/jpeg"}],"twitter_card":"summary_large_image","twitter_misc":{"Becs\u00fclt olvas\u00e1si id\u0151":"1 perc"},"schema":{"@context":"https:\/\/schema.org","@graph":[{"@type":"WebPage","@id":"https:\/\/induzon.com\/hu\/termek\/atlatszo-karpittisztito-fej-a-szonyeg-es-karpittisztito-permetextrakcios-karpittisztito-hosszu-kezi-porszivok-szonyegporszivofej-elszivo-alkatreszek-39mm-atmeroju-kanape-es-szonyeg-tisztito-gep-auto-b\/","url":"https:\/\/induzon.com\/hu\/termek\/atlatszo-karpittisztito-fej-a-szonyeg-es-karpittisztito-permetextrakcios-karpittisztito-hosszu-kezi-porszivok-szonyegporszivofej-elszivo-alkatreszek-39mm-atmeroju-kanape-es-szonyeg-tisztito-gep-auto-b\/","name":"K\u00e1rpittiszt\u00edt\u00f3 Fej 39mm Sz\u0151nyeg Kanap\u00e9 Aut\u00f3 -Induzon","isPartOf":{"@id":"https:\/\/induzon.com\/hu\/#website"},"primaryImageOfPage":{"@id":"https:\/\/induzon.com\/hu\/termek\/atlatszo-karpittisztito-fej-a-szonyeg-es-karpittisztito-permetextrakcios-karpittisztito-hosszu-kezi-porszivok-szonyegporszivofej-elszivo-alkatreszek-39mm-atmeroju-kanape-es-szonyeg-tisztito-gep-auto-b\/#primaryimage"},"image":{"@id":"https:\/\/induzon.com\/hu\/termek\/atlatszo-karpittisztito-fej-a-szonyeg-es-karpittisztito-permetextrakcios-karpittisztito-hosszu-kezi-porszivok-szonyegporszivofej-elszivo-alkatreszek-39mm-atmeroju-kanape-es-szonyeg-tisztito-gep-auto-b\/#primaryimage"},"thumbnailUrl":"https:\/\/induzon.com\/wp-content\/uploads\/2025\/08\/\u56fe-3-4.jpg","datePublished":"2025-08-18T02:12:45+00:00","dateModified":"2025-12-24T06:32:21+00:00","description":"K\u00e1rpittiszt\u00edt\u00f3 fejek, sz\u0151nyegporsz\u00edv\u00f3k \u00e9s tiszt\u00edt\u00f3g\u00e9pek kanap\u00e9khoz. Sz\u00edv\u00f3f\u00fav\u00f3k\u00e1k professzion\u00e1lis b\u00fator- \u00e9s sz\u0151nyegtiszt\u00edt\u00e1shoz.","breadcrumb":{"@id":"https:\/\/induzon.com\/hu\/termek\/atlatszo-karpittisztito-fej-a-szonyeg-es-karpittisztito-permetextrakcios-karpittisztito-hosszu-kezi-porszivok-szonyegporszivofej-elszivo-alkatreszek-39mm-atmeroju-kanape-es-szonyeg-tisztito-gep-auto-b\/#breadcrumb"},"inLanguage":"hu","potentialAction":[{"@type":"ReadAction","target":["https:\/\/induzon.com\/hu\/termek\/atlatszo-karpittisztito-fej-a-szonyeg-es-karpittisztito-permetextrakcios-karpittisztito-hosszu-kezi-porszivok-szonyegporszivofej-elszivo-alkatreszek-39mm-atmeroju-kanape-es-szonyeg-tisztito-gep-auto-b\/"]}]},{"@type":"ImageObject","inLanguage":"hu","@id":"https:\/\/induzon.com\/hu\/termek\/atlatszo-karpittisztito-fej-a-szonyeg-es-karpittisztito-permetextrakcios-karpittisztito-hosszu-kezi-porszivok-szonyegporszivofej-elszivo-alkatreszek-39mm-atmeroju-kanape-es-szonyeg-tisztito-gep-auto-b\/#primaryimage","url":"https:\/\/induzon.com\/wp-content\/uploads\/2025\/08\/\u56fe-3-4.jpg","contentUrl":"https:\/\/induzon.com\/wp-content\/uploads\/2025\/08\/\u56fe-3-4.jpg","width":1500,"height":1500,"caption":"K\u00e1rpittiszt\u00edt\u00f3 fejek, sz\u0151nyegporsz\u00edv\u00f3k \u00e9s tiszt\u00edt\u00f3g\u00e9pek kanap\u00e9khoz. Sz\u00edv\u00f3f\u00fav\u00f3k\u00e1k professzion\u00e1lis b\u00fator- \u00e9s sz\u0151nyegtiszt\u00edt\u00e1shoz."},{"@type":"BreadcrumbList","@id":"https:\/\/induzon.com\/hu\/termek\/atlatszo-karpittisztito-fej-a-szonyeg-es-karpittisztito-permetextrakcios-karpittisztito-hosszu-kezi-porszivok-szonyegporszivofej-elszivo-alkatreszek-39mm-atmeroju-kanape-es-szonyeg-tisztito-gep-auto-b\/#breadcrumb","itemListElement":[{"@type":"ListItem","position":1,"name":"\u9996\u9875","item":"https:\/\/induzon.com\/hu\/"},{"@type":"ListItem","position":2,"name":"Bolt","item":"https:\/\/induzon.com\/hu\/bolt\/"},{"@type":"ListItem","position":3,"name":"\u00e1tl\u00e1tsz\u00f3 k\u00e1rpittiszt\u00edt\u00f3 fej a sz\u0151nyeg \u00e9s k\u00e1rpittiszt\u00edt\u00f3 permetextrakci\u00f3s k\u00e1rpittiszt\u00edt\u00f3 hossz\u00fa k\u00e9zi porsz\u00edv\u00f3k sz\u0151nyegporsz\u00edv\u00f3fej elsz\u00edv\u00f3 alkatr\u00e9szek 39mm \u00e1tm\u00e9r\u0151j\u0171 kanap\u00e9 \u00e9s sz\u0151nyeg tiszt\u00edt\u00f3 g\u00e9p aut\u00f3 bels\u0151 spr\u00e9 z\u00e1ll\u00edt\u00f3 g\u00e9p"}]},{"@type":"WebSite","@id":"https:\/\/induzon.com\/hu\/#website","url":"https:\/\/induzon.com\/hu\/","name":"induzon","description":"","publisher":{"@id":"https:\/\/induzon.com\/hu\/#organization"},"potentialAction":[{"@type":"SearchAction","target":{"@type":"EntryPoint","urlTemplate":"https:\/\/induzon.com\/hu\/?s={search_term_string}"},"query-input":{"@type":"PropertyValueSpecification","valueRequired":true,"valueName":"search_term_string"}}],"inLanguage":"hu"},{"@type":"Organization","@id":"https:\/\/induzon.com\/hu\/#organization","name":"induzon","url":"https:\/\/induzon.com\/hu\/","logo":{"@type":"ImageObject","inLanguage":"hu","@id":"https:\/\/induzon.com\/hu\/#\/schema\/logo\/image\/","url":"https:\/\/induzon.com\/wp-content\/uploads\/2025\/05\/cropped-026.png","contentUrl":"https:\/\/induzon.com\/wp-content\/uploads\/2025\/05\/cropped-026.png","width":512,"height":512,"caption":"induzon"},"image":{"@id":"https:\/\/induzon.com\/hu\/#\/schema\/logo\/image\/"}}]}},"_links":{"self":[{"href":"https:\/\/induzon.com\/hu\/wp-json\/wp\/v2\/product\/23264","targetHints":{"allow":["GET"]}}],"collection":[{"href":"https:\/\/induzon.com\/hu\/wp-json\/wp\/v2\/product"}],"about":[{"href":"https:\/\/induzon.com\/hu\/wp-json\/wp\/v2\/types\/product"}],"replies":[{"embeddable":true,"href":"https:\/\/induzon.com\/hu\/wp-json\/wp\/v2\/comments?post=23264"}],"version-history":[{"count":2,"href":"https:\/\/induzon.com\/hu\/wp-json\/wp\/v2\/product\/23264\/revisions"}],"predecessor-version":[{"id":32400,"href":"https:\/\/induzon.com\/hu\/wp-json\/wp\/v2\/product\/23264\/revisions\/32400"}],"wp:featuredmedia":[{"embeddable":true,"href":"https:\/\/induzon.com\/hu\/wp-json\/wp\/v2\/media\/23213"}],"wp:attachment":[{"href":"https:\/\/induzon.com\/hu\/wp-json\/wp\/v2\/media?parent=23264"}],"wp:term":[{"taxonomy":"product_brand","embeddable":true,"href":"https:\/\/induzon.com\/hu\/wp-json\/wp\/v2\/product_brand?post=23264"},{"taxonomy":"product_cat","embeddable":true,"href":"https:\/\/induzon.com\/hu\/wp-json\/wp\/v2\/product_cat?post=23264"},{"taxonomy":"product_tag","embeddable":true,"href":"https:\/\/induzon.com\/hu\/wp-json\/wp\/v2\/product_tag?post=23264"}],"curies":[{"name":"wp","href":"https:\/\/api.w.org\/{rel}","templated":true}]}}