{"id":24232,"date":"2025-09-04T15:18:13","date_gmt":"2025-09-04T07:18:13","guid":{"rendered":"https:\/\/induzon.com\/shop\/magneses-visszapillanto-tukor-traktorra-robogora-kerekparra-lakokocsihoz-potkocsi-holtter-tukor-belso-visszapillanto-tukor-tarto-csere-kamera-motorra-film-alkatresz-elektromos-haromkereku-tehera\/"},"modified":"2025-12-23T16:12:54","modified_gmt":"2025-12-23T08:12:54","slug":"magneses-visszapillanto-tukor-traktorra-robogora-kerekparra-lakokocsihoz-potkocsi-holtter-tukor-belso-visszapillanto-tukor-tarto-csere-kamera-motorra-film-alkatresz-elektromos-haromkereku-tehera","status":"publish","type":"product","link":"https:\/\/induzon.com\/hu\/termek\/magneses-visszapillanto-tukor-traktorra-robogora-kerekparra-lakokocsihoz-potkocsi-holtter-tukor-belso-visszapillanto-tukor-tarto-csere-kamera-motorra-film-alkatresz-elektromos-haromkereku-tehera\/","title":{"rendered":"M\u00e1gneses visszapillant\u00f3 t\u00fck\u00f6r traktorra, robog\u00f3ra, ker\u00e9kp\u00e1rra, lak\u00f3kocsihoz, p\u00f3tkocsi, holtt\u00e9r t\u00fck\u00f6r, bels\u0151 visszapillant\u00f3 t\u00fck\u00f6r tart\u00f3 csere kamera motorra film alkatr\u00e9sz elektromos h\u00e1romkerek\u0171 teheraut\u00f3 n\u00e9gyszem\u00e9lyes sz\u00e1ll\u00edt\u00e1s s\u00e1tor mez\u0151gazdas\u00e1gi teherg\u00e9pkocsi p\u00f3tkocsi ker\u00e9kkel ell\u00e1tott rakod\u00f3 traktor gyep puszta ker\u00e9kp\u00e1r kasza g\u00e9p lift golf lak\u00f3kocsi kemping vontat\u00e1s oldals\u00f3"},"content":{"rendered":"<p>1.Univerz\u00e1lis t\u00fck\u00f6r k\u00fcl\u00f6nb\u00f6z\u0151 j\u00e1rm\u0171vekhez, p\u00e9ld\u00e1ul elektromos triciklik, traktorok \u00e9s teheraut\u00f3k.<br \/>\n2.K\u00f6nny\u0171 \u00e9s egyszer\u0171 be\u00e9p\u00edt\u00e9s, sz\u00e9les be\u00e1ll\u00edt\u00e1si lehet\u0151s\u00e9gekkel a pontos l\u00e1t\u00f3meghat\u00e1roz\u00e1s \u00e9rdek\u00e9ben.<br \/>\n3.Tart\u00f3s \u00e9s id\u0151j\u00e1r\u00e1s\u00e1ll\u00f3 anyagokb\u00f3l k\u00e9sz\u00fclt, hossz\u00fa \u00e9lettartamot \u00e9s megb\u00edzhat\u00f3 teljes\u00edtm\u00e9nyt biztos\u00edt.<br \/>\n4.Kiv\u00e1l\u00f3 megold\u00e1s biztons\u00e1gi hi\u00e1nyoss\u00e1gok p\u00f3tl\u00e1s\u00e1ra, jav\u00edtva a vezet\u0151i l\u00e1t\u00e1st \u00e9s a man\u0151verez\u00e9st.<br \/>\n5.Kompatibilis sz\u00e1mos j\u00e1rm\u0171vel, bele\u00e9rtve golfkocsikat, rakod\u00f3g\u00e9peket \u00e9s cs\u00fasz\u00f3markol\u00f3kat.<\/p>\n","protected":false},"excerpt":{"rendered":"<p>1.Univerz\u00e1lis t\u00fck\u00f6r k\u00fcl\u00f6nb\u00f6z\u0151 j\u00e1rm\u0171vekhez, p\u00e9ld\u00e1ul elektromos triciklik, traktorok \u00e9s teheraut\u00f3k. 2.K\u00f6nny\u0171 \u00e9s egyszer\u0171 be\u00e9p\u00edt\u00e9s, sz\u00e9les be\u00e1ll\u00edt\u00e1si lehet\u0151s\u00e9gekkel a pontos l\u00e1t\u00f3meghat\u00e1roz\u00e1s [&hellip;]<\/p>\n","protected":false},"featured_media":24195,"comment_status":"open","ping_status":"closed","template":"","meta":{"site-sidebar-layout":"default","site-content-layout":"","ast-site-content-layout":"default","site-content-style":"default","site-sidebar-style":"default","ast-global-header-display":"","ast-banner-title-visibility":"","ast-main-header-display":"","ast-hfb-above-header-display":"","ast-hfb-below-header-display":"","ast-hfb-mobile-header-display":"","site-post-title":"","ast-breadcrumbs-content":"","ast-featured-img":"","footer-sml-layout":"","theme-transparent-header-meta":"default","adv-header-id-meta":"","stick-header-meta":"","header-above-stick-meta":"","header-main-stick-meta":"","header-below-stick-meta":"","astra-migrate-meta-layouts":"set","ast-page-background-enabled":"default","ast-page-background-meta":{"desktop":{"background-color":"var(--ast-global-color-4)","background-image":"","background-repeat":"repeat","background-position":"center center","background-size":"auto","background-attachment":"scroll","background-type":"","background-media":"","overlay-type":"","overlay-color":"","overlay-opacity":"","overlay-gradient":""},"tablet":{"background-color":"","background-image":"","background-repeat":"repeat","background-position":"center center","background-size":"auto","background-attachment":"scroll","background-type":"","background-media":"","overlay-type":"","overlay-color":"","overlay-opacity":"","overlay-gradient":""},"mobile":{"background-color":"","background-image":"","background-repeat":"repeat","background-position":"center center","background-size":"auto","background-attachment":"scroll","background-type":"","background-media":"","overlay-type":"","overlay-color":"","overlay-opacity":"","overlay-gradient":""}},"ast-content-background-meta":{"desktop":{"background-color":"var(--ast-global-color-5)","background-image":"","background-repeat":"repeat","background-position":"center center","background-size":"auto","background-attachment":"scroll","background-type":"","background-media":"","overlay-type":"","overlay-color":"","overlay-opacity":"","overlay-gradient":""},"tablet":{"background-color":"var(--ast-global-color-5)","background-image":"","background-repeat":"repeat","background-position":"center center","background-size":"auto","background-attachment":"scroll","background-type":"","background-media":"","overlay-type":"","overlay-color":"","overlay-opacity":"","overlay-gradient":""},"mobile":{"background-color":"var(--ast-global-color-5)","background-image":"","background-repeat":"repeat","background-position":"center center","background-size":"auto","background-attachment":"scroll","background-type":"","background-media":"","overlay-type":"","overlay-color":"","overlay-opacity":"","overlay-gradient":""}}},"product_brand":[],"product_cat":[1710,1711,1712],"product_tag":[1713],"class_list":{"0":"post-24232","1":"product","2":"type-product","3":"status-publish","4":"has-post-thumbnail","6":"product_cat-gepjarmu","7":"product_cat-gepjarmu-alkatreszek","8":"product_cat-hatso-tukor","9":"product_tag-univerzalis-visszapillanto-tukor","10":"desktop-align-left","11":"tablet-align-left","12":"mobile-align-left","14":"first","15":"instock","16":"sale","17":"shipping-taxable","18":"purchasable","19":"product-type-variable"},"yoast_head":"<!-- This site is optimized with the Yoast SEO plugin v24.9 - https:\/\/yoast.com\/wordpress\/plugins\/seo\/ -->\r\n<title>Traktor \u00e9s Robog\u00f3 Visszapillant\u00f3 T\u00fck\u00f6r -Induzon<\/title>\r\n<meta name=\"description\" content=\"Traktor visszapillant\u00f3 t\u00fck\u00f6r, lak\u00f3kocsi visszapillant\u00f3 \u00e9s holtt\u00e9r t\u00fck\u00f6r. Fedezzen fel visszapillant\u00f3 t\u00fck\u00f6r tart\u00f3t, kamer\u00e1t \u00e9s csere megold\u00e1sainkat.\" \/>\r\n<meta name=\"robots\" content=\"index, follow, max-snippet:-1, max-image-preview:large, max-video-preview:-1\" \/>\r\n<link rel=\"canonical\" href=\"https:\/\/induzon.com\/hu\/termek\/magneses-visszapillanto-tukor-traktorra-robogora-kerekparra-lakokocsihoz-potkocsi-holtter-tukor-belso-visszapillanto-tukor-tarto-csere-kamera-motorra-film-alkatresz-elektromos-haromkereku-tehera\/\" \/>\r\n<meta property=\"og:locale\" content=\"hu_HU\" \/>\r\n<meta property=\"og:type\" content=\"article\" \/>\r\n<meta property=\"og:title\" content=\"Traktor \u00e9s Robog\u00f3 Visszapillant\u00f3 T\u00fck\u00f6r -Induzon\" \/>\r\n<meta property=\"og:description\" content=\"Traktor visszapillant\u00f3 t\u00fck\u00f6r, lak\u00f3kocsi visszapillant\u00f3 \u00e9s holtt\u00e9r t\u00fck\u00f6r. Fedezzen fel visszapillant\u00f3 t\u00fck\u00f6r tart\u00f3t, kamer\u00e1t \u00e9s csere megold\u00e1sainkat.\" \/>\r\n<meta property=\"og:url\" content=\"https:\/\/induzon.com\/hu\/termek\/magneses-visszapillanto-tukor-traktorra-robogora-kerekparra-lakokocsihoz-potkocsi-holtter-tukor-belso-visszapillanto-tukor-tarto-csere-kamera-motorra-film-alkatresz-elektromos-haromkereku-tehera\/\" \/>\r\n<meta property=\"og:site_name\" content=\"induzon\" \/>\r\n<meta property=\"article:modified_time\" content=\"2025-12-23T08:12:54+00:00\" \/>\r\n<meta property=\"og:image\" content=\"https:\/\/induzon.com\/wp-content\/uploads\/2025\/09\/01.jpg\" \/>\r\n\t<meta property=\"og:image:width\" content=\"1476\" \/>\r\n\t<meta property=\"og:image:height\" content=\"1476\" \/>\r\n\t<meta property=\"og:image:type\" content=\"image\/jpeg\" \/>\r\n<meta name=\"twitter:card\" content=\"summary_large_image\" \/>\r\n<meta name=\"twitter:label1\" content=\"Becs\u00fclt olvas\u00e1si id\u0151\" \/>\n\t<meta name=\"twitter:data1\" content=\"1 perc\" \/>\r\n<script type=\"application\/ld+json\" class=\"yoast-schema-graph\">{\"@context\":\"https:\/\/schema.org\",\"@graph\":[{\"@type\":\"WebPage\",\"@id\":\"https:\/\/induzon.com\/hu\/termek\/magneses-visszapillanto-tukor-traktorra-robogora-kerekparra-lakokocsihoz-potkocsi-holtter-tukor-belso-visszapillanto-tukor-tarto-csere-kamera-motorra-film-alkatresz-elektromos-haromkereku-tehera\/\",\"url\":\"https:\/\/induzon.com\/hu\/termek\/magneses-visszapillanto-tukor-traktorra-robogora-kerekparra-lakokocsihoz-potkocsi-holtter-tukor-belso-visszapillanto-tukor-tarto-csere-kamera-motorra-film-alkatresz-elektromos-haromkereku-tehera\/\",\"name\":\"Traktor \u00e9s Robog\u00f3 Visszapillant\u00f3 T\u00fck\u00f6r -Induzon\",\"isPartOf\":{\"@id\":\"https:\/\/induzon.com\/hu\/#website\"},\"primaryImageOfPage\":{\"@id\":\"https:\/\/induzon.com\/hu\/termek\/magneses-visszapillanto-tukor-traktorra-robogora-kerekparra-lakokocsihoz-potkocsi-holtter-tukor-belso-visszapillanto-tukor-tarto-csere-kamera-motorra-film-alkatresz-elektromos-haromkereku-tehera\/#primaryimage\"},\"image\":{\"@id\":\"https:\/\/induzon.com\/hu\/termek\/magneses-visszapillanto-tukor-traktorra-robogora-kerekparra-lakokocsihoz-potkocsi-holtter-tukor-belso-visszapillanto-tukor-tarto-csere-kamera-motorra-film-alkatresz-elektromos-haromkereku-tehera\/#primaryimage\"},\"thumbnailUrl\":\"https:\/\/induzon.com\/wp-content\/uploads\/2025\/09\/01.jpg\",\"datePublished\":\"2025-09-04T07:18:13+00:00\",\"dateModified\":\"2025-12-23T08:12:54+00:00\",\"description\":\"Traktor visszapillant\u00f3 t\u00fck\u00f6r, lak\u00f3kocsi visszapillant\u00f3 \u00e9s holtt\u00e9r t\u00fck\u00f6r. Fedezzen fel visszapillant\u00f3 t\u00fck\u00f6r tart\u00f3t, kamer\u00e1t \u00e9s csere megold\u00e1sainkat.\",\"breadcrumb\":{\"@id\":\"https:\/\/induzon.com\/hu\/termek\/magneses-visszapillanto-tukor-traktorra-robogora-kerekparra-lakokocsihoz-potkocsi-holtter-tukor-belso-visszapillanto-tukor-tarto-csere-kamera-motorra-film-alkatresz-elektromos-haromkereku-tehera\/#breadcrumb\"},\"inLanguage\":\"hu\",\"potentialAction\":[{\"@type\":\"ReadAction\",\"target\":[\"https:\/\/induzon.com\/hu\/termek\/magneses-visszapillanto-tukor-traktorra-robogora-kerekparra-lakokocsihoz-potkocsi-holtter-tukor-belso-visszapillanto-tukor-tarto-csere-kamera-motorra-film-alkatresz-elektromos-haromkereku-tehera\/\"]}]},{\"@type\":\"ImageObject\",\"inLanguage\":\"hu\",\"@id\":\"https:\/\/induzon.com\/hu\/termek\/magneses-visszapillanto-tukor-traktorra-robogora-kerekparra-lakokocsihoz-potkocsi-holtter-tukor-belso-visszapillanto-tukor-tarto-csere-kamera-motorra-film-alkatresz-elektromos-haromkereku-tehera\/#primaryimage\",\"url\":\"https:\/\/induzon.com\/wp-content\/uploads\/2025\/09\/01.jpg\",\"contentUrl\":\"https:\/\/induzon.com\/wp-content\/uploads\/2025\/09\/01.jpg\",\"width\":1476,\"height\":1476,\"caption\":\"Traktor visszapillant\u00f3 t\u00fck\u00f6r, lak\u00f3kocsi visszapillant\u00f3 \u00e9s holtt\u00e9r t\u00fck\u00f6r. Fedezzen fel visszapillant\u00f3 t\u00fck\u00f6r tart\u00f3t, kamer\u00e1t \u00e9s csere megold\u00e1sainkat.\"},{\"@type\":\"BreadcrumbList\",\"@id\":\"https:\/\/induzon.com\/hu\/termek\/magneses-visszapillanto-tukor-traktorra-robogora-kerekparra-lakokocsihoz-potkocsi-holtter-tukor-belso-visszapillanto-tukor-tarto-csere-kamera-motorra-film-alkatresz-elektromos-haromkereku-tehera\/#breadcrumb\",\"itemListElement\":[{\"@type\":\"ListItem\",\"position\":1,\"name\":\"\u9996\u9875\",\"item\":\"https:\/\/induzon.com\/hu\/\"},{\"@type\":\"ListItem\",\"position\":2,\"name\":\"Bolt\",\"item\":\"https:\/\/induzon.com\/hu\/bolt\/\"},{\"@type\":\"ListItem\",\"position\":3,\"name\":\"M\u00e1gneses visszapillant\u00f3 t\u00fck\u00f6r traktorra, robog\u00f3ra, ker\u00e9kp\u00e1rra, lak\u00f3kocsihoz, p\u00f3tkocsi, holtt\u00e9r t\u00fck\u00f6r, bels\u0151 visszapillant\u00f3 t\u00fck\u00f6r tart\u00f3 csere kamera motorra film alkatr\u00e9sz elektromos h\u00e1romkerek\u0171 teheraut\u00f3 n\u00e9gyszem\u00e9lyes sz\u00e1ll\u00edt\u00e1s s\u00e1tor mez\u0151gazdas\u00e1gi teherg\u00e9pkocsi p\u00f3tkocsi ker\u00e9kkel ell\u00e1tott rakod\u00f3 traktor gyep puszta ker\u00e9kp\u00e1r kasza g\u00e9p lift golf lak\u00f3kocsi kemping vontat\u00e1s oldals\u00f3\"}]},{\"@type\":\"WebSite\",\"@id\":\"https:\/\/induzon.com\/hu\/#website\",\"url\":\"https:\/\/induzon.com\/hu\/\",\"name\":\"induzon\",\"description\":\"\",\"publisher\":{\"@id\":\"https:\/\/induzon.com\/hu\/#organization\"},\"potentialAction\":[{\"@type\":\"SearchAction\",\"target\":{\"@type\":\"EntryPoint\",\"urlTemplate\":\"https:\/\/induzon.com\/hu\/?s={search_term_string}\"},\"query-input\":{\"@type\":\"PropertyValueSpecification\",\"valueRequired\":true,\"valueName\":\"search_term_string\"}}],\"inLanguage\":\"hu\"},{\"@type\":\"Organization\",\"@id\":\"https:\/\/induzon.com\/hu\/#organization\",\"name\":\"induzon\",\"url\":\"https:\/\/induzon.com\/hu\/\",\"logo\":{\"@type\":\"ImageObject\",\"inLanguage\":\"hu\",\"@id\":\"https:\/\/induzon.com\/hu\/#\/schema\/logo\/image\/\",\"url\":\"https:\/\/induzon.com\/wp-content\/uploads\/2025\/05\/cropped-026.png\",\"contentUrl\":\"https:\/\/induzon.com\/wp-content\/uploads\/2025\/05\/cropped-026.png\",\"width\":512,\"height\":512,\"caption\":\"induzon\"},\"image\":{\"@id\":\"https:\/\/induzon.com\/hu\/#\/schema\/logo\/image\/\"}}]}<\/script>\r\n<!-- \/ Yoast SEO plugin. -->","yoast_head_json":{"title":"Traktor \u00e9s Robog\u00f3 Visszapillant\u00f3 T\u00fck\u00f6r -Induzon","description":"Traktor visszapillant\u00f3 t\u00fck\u00f6r, lak\u00f3kocsi visszapillant\u00f3 \u00e9s holtt\u00e9r t\u00fck\u00f6r. Fedezzen fel visszapillant\u00f3 t\u00fck\u00f6r tart\u00f3t, kamer\u00e1t \u00e9s csere megold\u00e1sainkat.","robots":{"index":"index","follow":"follow","max-snippet":"max-snippet:-1","max-image-preview":"max-image-preview:large","max-video-preview":"max-video-preview:-1"},"canonical":"https:\/\/induzon.com\/hu\/termek\/magneses-visszapillanto-tukor-traktorra-robogora-kerekparra-lakokocsihoz-potkocsi-holtter-tukor-belso-visszapillanto-tukor-tarto-csere-kamera-motorra-film-alkatresz-elektromos-haromkereku-tehera\/","og_locale":"hu_HU","og_type":"article","og_title":"Traktor \u00e9s Robog\u00f3 Visszapillant\u00f3 T\u00fck\u00f6r -Induzon","og_description":"Traktor visszapillant\u00f3 t\u00fck\u00f6r, lak\u00f3kocsi visszapillant\u00f3 \u00e9s holtt\u00e9r t\u00fck\u00f6r. Fedezzen fel visszapillant\u00f3 t\u00fck\u00f6r tart\u00f3t, kamer\u00e1t \u00e9s csere megold\u00e1sainkat.","og_url":"https:\/\/induzon.com\/hu\/termek\/magneses-visszapillanto-tukor-traktorra-robogora-kerekparra-lakokocsihoz-potkocsi-holtter-tukor-belso-visszapillanto-tukor-tarto-csere-kamera-motorra-film-alkatresz-elektromos-haromkereku-tehera\/","og_site_name":"induzon","article_modified_time":"2025-12-23T08:12:54+00:00","og_image":[{"width":1476,"height":1476,"url":"https:\/\/induzon.com\/wp-content\/uploads\/2025\/09\/01.jpg","type":"image\/jpeg"}],"twitter_card":"summary_large_image","twitter_misc":{"Becs\u00fclt olvas\u00e1si id\u0151":"1 perc"},"schema":{"@context":"https:\/\/schema.org","@graph":[{"@type":"WebPage","@id":"https:\/\/induzon.com\/hu\/termek\/magneses-visszapillanto-tukor-traktorra-robogora-kerekparra-lakokocsihoz-potkocsi-holtter-tukor-belso-visszapillanto-tukor-tarto-csere-kamera-motorra-film-alkatresz-elektromos-haromkereku-tehera\/","url":"https:\/\/induzon.com\/hu\/termek\/magneses-visszapillanto-tukor-traktorra-robogora-kerekparra-lakokocsihoz-potkocsi-holtter-tukor-belso-visszapillanto-tukor-tarto-csere-kamera-motorra-film-alkatresz-elektromos-haromkereku-tehera\/","name":"Traktor \u00e9s Robog\u00f3 Visszapillant\u00f3 T\u00fck\u00f6r -Induzon","isPartOf":{"@id":"https:\/\/induzon.com\/hu\/#website"},"primaryImageOfPage":{"@id":"https:\/\/induzon.com\/hu\/termek\/magneses-visszapillanto-tukor-traktorra-robogora-kerekparra-lakokocsihoz-potkocsi-holtter-tukor-belso-visszapillanto-tukor-tarto-csere-kamera-motorra-film-alkatresz-elektromos-haromkereku-tehera\/#primaryimage"},"image":{"@id":"https:\/\/induzon.com\/hu\/termek\/magneses-visszapillanto-tukor-traktorra-robogora-kerekparra-lakokocsihoz-potkocsi-holtter-tukor-belso-visszapillanto-tukor-tarto-csere-kamera-motorra-film-alkatresz-elektromos-haromkereku-tehera\/#primaryimage"},"thumbnailUrl":"https:\/\/induzon.com\/wp-content\/uploads\/2025\/09\/01.jpg","datePublished":"2025-09-04T07:18:13+00:00","dateModified":"2025-12-23T08:12:54+00:00","description":"Traktor visszapillant\u00f3 t\u00fck\u00f6r, lak\u00f3kocsi visszapillant\u00f3 \u00e9s holtt\u00e9r t\u00fck\u00f6r. Fedezzen fel visszapillant\u00f3 t\u00fck\u00f6r tart\u00f3t, kamer\u00e1t \u00e9s csere megold\u00e1sainkat.","breadcrumb":{"@id":"https:\/\/induzon.com\/hu\/termek\/magneses-visszapillanto-tukor-traktorra-robogora-kerekparra-lakokocsihoz-potkocsi-holtter-tukor-belso-visszapillanto-tukor-tarto-csere-kamera-motorra-film-alkatresz-elektromos-haromkereku-tehera\/#breadcrumb"},"inLanguage":"hu","potentialAction":[{"@type":"ReadAction","target":["https:\/\/induzon.com\/hu\/termek\/magneses-visszapillanto-tukor-traktorra-robogora-kerekparra-lakokocsihoz-potkocsi-holtter-tukor-belso-visszapillanto-tukor-tarto-csere-kamera-motorra-film-alkatresz-elektromos-haromkereku-tehera\/"]}]},{"@type":"ImageObject","inLanguage":"hu","@id":"https:\/\/induzon.com\/hu\/termek\/magneses-visszapillanto-tukor-traktorra-robogora-kerekparra-lakokocsihoz-potkocsi-holtter-tukor-belso-visszapillanto-tukor-tarto-csere-kamera-motorra-film-alkatresz-elektromos-haromkereku-tehera\/#primaryimage","url":"https:\/\/induzon.com\/wp-content\/uploads\/2025\/09\/01.jpg","contentUrl":"https:\/\/induzon.com\/wp-content\/uploads\/2025\/09\/01.jpg","width":1476,"height":1476,"caption":"Traktor visszapillant\u00f3 t\u00fck\u00f6r, lak\u00f3kocsi visszapillant\u00f3 \u00e9s holtt\u00e9r t\u00fck\u00f6r. Fedezzen fel visszapillant\u00f3 t\u00fck\u00f6r tart\u00f3t, kamer\u00e1t \u00e9s csere megold\u00e1sainkat."},{"@type":"BreadcrumbList","@id":"https:\/\/induzon.com\/hu\/termek\/magneses-visszapillanto-tukor-traktorra-robogora-kerekparra-lakokocsihoz-potkocsi-holtter-tukor-belso-visszapillanto-tukor-tarto-csere-kamera-motorra-film-alkatresz-elektromos-haromkereku-tehera\/#breadcrumb","itemListElement":[{"@type":"ListItem","position":1,"name":"\u9996\u9875","item":"https:\/\/induzon.com\/hu\/"},{"@type":"ListItem","position":2,"name":"Bolt","item":"https:\/\/induzon.com\/hu\/bolt\/"},{"@type":"ListItem","position":3,"name":"M\u00e1gneses visszapillant\u00f3 t\u00fck\u00f6r traktorra, robog\u00f3ra, ker\u00e9kp\u00e1rra, lak\u00f3kocsihoz, p\u00f3tkocsi, holtt\u00e9r t\u00fck\u00f6r, bels\u0151 visszapillant\u00f3 t\u00fck\u00f6r tart\u00f3 csere kamera motorra film alkatr\u00e9sz elektromos h\u00e1romkerek\u0171 teheraut\u00f3 n\u00e9gyszem\u00e9lyes sz\u00e1ll\u00edt\u00e1s s\u00e1tor mez\u0151gazdas\u00e1gi teherg\u00e9pkocsi p\u00f3tkocsi ker\u00e9kkel ell\u00e1tott rakod\u00f3 traktor gyep puszta ker\u00e9kp\u00e1r kasza g\u00e9p lift golf lak\u00f3kocsi kemping vontat\u00e1s oldals\u00f3"}]},{"@type":"WebSite","@id":"https:\/\/induzon.com\/hu\/#website","url":"https:\/\/induzon.com\/hu\/","name":"induzon","description":"","publisher":{"@id":"https:\/\/induzon.com\/hu\/#organization"},"potentialAction":[{"@type":"SearchAction","target":{"@type":"EntryPoint","urlTemplate":"https:\/\/induzon.com\/hu\/?s={search_term_string}"},"query-input":{"@type":"PropertyValueSpecification","valueRequired":true,"valueName":"search_term_string"}}],"inLanguage":"hu"},{"@type":"Organization","@id":"https:\/\/induzon.com\/hu\/#organization","name":"induzon","url":"https:\/\/induzon.com\/hu\/","logo":{"@type":"ImageObject","inLanguage":"hu","@id":"https:\/\/induzon.com\/hu\/#\/schema\/logo\/image\/","url":"https:\/\/induzon.com\/wp-content\/uploads\/2025\/05\/cropped-026.png","contentUrl":"https:\/\/induzon.com\/wp-content\/uploads\/2025\/05\/cropped-026.png","width":512,"height":512,"caption":"induzon"},"image":{"@id":"https:\/\/induzon.com\/hu\/#\/schema\/logo\/image\/"}}]}},"_links":{"self":[{"href":"https:\/\/induzon.com\/hu\/wp-json\/wp\/v2\/product\/24232","targetHints":{"allow":["GET"]}}],"collection":[{"href":"https:\/\/induzon.com\/hu\/wp-json\/wp\/v2\/product"}],"about":[{"href":"https:\/\/induzon.com\/hu\/wp-json\/wp\/v2\/types\/product"}],"replies":[{"embeddable":true,"href":"https:\/\/induzon.com\/hu\/wp-json\/wp\/v2\/comments?post=24232"}],"version-history":[{"count":1,"href":"https:\/\/induzon.com\/hu\/wp-json\/wp\/v2\/product\/24232\/revisions"}],"predecessor-version":[{"id":32363,"href":"https:\/\/induzon.com\/hu\/wp-json\/wp\/v2\/product\/24232\/revisions\/32363"}],"wp:featuredmedia":[{"embeddable":true,"href":"https:\/\/induzon.com\/hu\/wp-json\/wp\/v2\/media\/24195"}],"wp:attachment":[{"href":"https:\/\/induzon.com\/hu\/wp-json\/wp\/v2\/media?parent=24232"}],"wp:term":[{"taxonomy":"product_brand","embeddable":true,"href":"https:\/\/induzon.com\/hu\/wp-json\/wp\/v2\/product_brand?post=24232"},{"taxonomy":"product_cat","embeddable":true,"href":"https:\/\/induzon.com\/hu\/wp-json\/wp\/v2\/product_cat?post=24232"},{"taxonomy":"product_tag","embeddable":true,"href":"https:\/\/induzon.com\/hu\/wp-json\/wp\/v2\/product_tag?post=24232"}],"curies":[{"name":"wp","href":"https:\/\/api.w.org\/{rel}","templated":true}]}}