{"id":25996,"date":"2025-09-18T15:04:59","date_gmt":"2025-09-18T07:04:59","guid":{"rendered":"https:\/\/induzon.com\/shop\/kompressor-kondensator-einheit-huto-fagyaszto-kompresszorral-melyhuto-kompresszor-hordozhato-hutoszekreny-kompresszorral-autos-hutoszekreny-kompresszorral-hutoszekreny-melyhutoszekreny-huto-kompress-4\/"},"modified":"2025-12-22T14:47:57","modified_gmt":"2025-12-22T06:47:57","slug":"kompressor-kondensator-einheit-huto-fagyaszto-kompresszorral-melyhuto-kompresszor-hordozhato-hutoszekreny-kompresszorral-autos-hutoszekreny-kompresszorral-hutoszekreny-melyhutoszekreny-huto-kompress-4","status":"publish","type":"product","link":"https:\/\/induzon.com\/hu\/termek\/kompressor-kondensator-einheit-huto-fagyaszto-kompresszorral-melyhuto-kompresszor-hordozhato-hutoszekreny-kompresszorral-autos-hutoszekreny-kompresszorral-hutoszekreny-melyhutoszekreny-huto-kompress-4\/","title":{"rendered":"Kompressor Kondensator Einheit h\u0171t\u0151 fagyaszt\u00f3 kompresszorral m\u00e9lyh\u0171t\u0151 kompresszor hordozhat\u00f3 h\u0171t\u0151szekr\u00e9ny kompresszorral aut\u00f3s h\u0171t\u0151szekr\u00e9ny kompresszorral h\u0171t\u0151szekr\u00e9ny m\u00e9lyh\u0171t\u0151szekr\u00e9ny h\u0171t\u0151 kompresszor fagyaszt\u00f3szekr\u00e9ny fagyaszt\u00f3l\u00e1da be\u00e9p\u00edthet\u0151 h\u0171t\u0151szekr\u00e9ny fagyaszt\u00f3 kompresszor integr\u00e1lt h\u0171t\u0151egys\u00e9g ind\u00edt\u00e1si h\u0171t\u00e9ssel \u00e9s opcion\u00e1lis termoszt\u00e1ttal"},"content":{"rendered":"<p>1.Hat\u00e9kony h\u0171t\u0151rendszer kisebb terekhez, ide\u00e1lis laborat\u00f3riumi \u00e9s ipari felhaszn\u00e1l\u00e1shoz<br \/>\n2.T\u00f6bbf\u00e9le alkalmaz\u00e1sra tervezve: h\u0171t\u0151kamr\u00e1k, sz\u00e1r\u00edt\u00f3k, kirakatpultok \u00e9s akv\u00e1riumok h\u0151szab\u00e1lyoz\u00e1s\u00e1hoz<br \/>\n3.Kompatibilis k\u00fcl\u00f6nb\u00f6z\u0151 m\u00e9ret\u0171 h\u0171t\u0151rendszerekkel, k\u00f6nny\u0171 integr\u00e1l\u00e1s megl\u00e9v\u0151 berendez\u00e9sekbe<br \/>\n4.Energiatakar\u00e9kos m\u0171k\u00f6d\u00e9s, cs\u00f6kkentett \u00fczemeltet\u00e9si k\u00f6lts\u00e9gek \u00e9s k\u00f6rnyezetbar\u00e1t megold\u00e1s<br \/>\n5.Egyszer\u0171 telep\u00edt\u00e9s \u00e9s karbantart\u00e1s, hossz\u00fa \u00e9lettartam \u00e9s megb\u00edzhat\u00f3 teljes\u00edtm\u00e9ny<\/p>\n","protected":false},"excerpt":{"rendered":"<p>1.Hat\u00e9kony h\u0171t\u0151rendszer kisebb terekhez, ide\u00e1lis laborat\u00f3riumi \u00e9s ipari felhaszn\u00e1l\u00e1shoz 2.T\u00f6bbf\u00e9le alkalmaz\u00e1sra tervezve: h\u0171t\u0151kamr\u00e1k, sz\u00e1r\u00edt\u00f3k, kirakatpultok \u00e9s akv\u00e1riumok h\u0151szab\u00e1lyoz\u00e1s\u00e1hoz 3.Kompatibilis k\u00fcl\u00f6nb\u00f6z\u0151 [&hellip;]<\/p>\n","protected":false},"featured_media":25836,"comment_status":"open","ping_status":"closed","template":"","meta":{"site-sidebar-layout":"default","site-content-layout":"","ast-site-content-layout":"default","site-content-style":"default","site-sidebar-style":"default","ast-global-header-display":"","ast-banner-title-visibility":"","ast-main-header-display":"","ast-hfb-above-header-display":"","ast-hfb-below-header-display":"","ast-hfb-mobile-header-display":"","site-post-title":"","ast-breadcrumbs-content":"","ast-featured-img":"","footer-sml-layout":"","theme-transparent-header-meta":"default","adv-header-id-meta":"","stick-header-meta":"","header-above-stick-meta":"","header-main-stick-meta":"","header-below-stick-meta":"","astra-migrate-meta-layouts":"set","ast-page-background-enabled":"default","ast-page-background-meta":{"desktop":{"background-color":"var(--ast-global-color-4)","background-image":"","background-repeat":"repeat","background-position":"center center","background-size":"auto","background-attachment":"scroll","background-type":"","background-media":"","overlay-type":"","overlay-color":"","overlay-opacity":"","overlay-gradient":""},"tablet":{"background-color":"","background-image":"","background-repeat":"repeat","background-position":"center center","background-size":"auto","background-attachment":"scroll","background-type":"","background-media":"","overlay-type":"","overlay-color":"","overlay-opacity":"","overlay-gradient":""},"mobile":{"background-color":"","background-image":"","background-repeat":"repeat","background-position":"center center","background-size":"auto","background-attachment":"scroll","background-type":"","background-media":"","overlay-type":"","overlay-color":"","overlay-opacity":"","overlay-gradient":""}},"ast-content-background-meta":{"desktop":{"background-color":"var(--ast-global-color-5)","background-image":"","background-repeat":"repeat","background-position":"center center","background-size":"auto","background-attachment":"scroll","background-type":"","background-media":"","overlay-type":"","overlay-color":"","overlay-opacity":"","overlay-gradient":""},"tablet":{"background-color":"var(--ast-global-color-5)","background-image":"","background-repeat":"repeat","background-position":"center center","background-size":"auto","background-attachment":"scroll","background-type":"","background-media":"","overlay-type":"","overlay-color":"","overlay-opacity":"","overlay-gradient":""},"mobile":{"background-color":"var(--ast-global-color-5)","background-image":"","background-repeat":"repeat","background-position":"center center","background-size":"auto","background-attachment":"scroll","background-type":"","background-media":"","overlay-type":"","overlay-color":"","overlay-opacity":"","overlay-gradient":""}}},"product_brand":[],"product_cat":[1025,912],"product_tag":[1027,1026],"class_list":{"0":"post-25996","1":"product","2":"type-product","3":"status-publish","4":"has-post-thumbnail","6":"product_cat-hutoberendezesek","7":"product_cat-szerszamok-es-felszerelesek","8":"product_tag-ipari-hutoberendezesek","9":"product_tag-kereskedelmi-kondenzacios-egysegek","10":"desktop-align-left","11":"tablet-align-left","12":"mobile-align-left","14":"first","15":"instock","16":"sale","17":"shipping-taxable","18":"purchasable","19":"product-type-variable"},"yoast_head":"<!-- This site is optimized with the Yoast SEO plugin v24.9 - https:\/\/yoast.com\/wordpress\/plugins\/seo\/ -->\r\n<title>Integr\u00e1lt h\u0171t\u0151egys\u00e9g ind\u00edt\u00e1si h\u0171t\u00e9ssel \u00e9s termoszt\u00e1ttal -Induzon<\/title>\r\n<meta name=\"description\" content=\"Integr\u00e1lt h\u0171t\u0151egys\u00e9g\u00fcnk azonnali ind\u00edt\u00e1si h\u0171t\u00e9st biztos\u00edt opcion\u00e1lis termoszt\u00e1ttal, ide\u00e1lis ipari \u00e9s kereskedelmi alkalmaz\u00e1sokhoz.\" \/>\r\n<meta name=\"robots\" content=\"index, follow, max-snippet:-1, max-image-preview:large, max-video-preview:-1\" \/>\r\n<link rel=\"canonical\" href=\"https:\/\/induzon.com\/hu\/termek\/kompressor-kondensator-einheit-huto-fagyaszto-kompresszorral-melyhuto-kompresszor-hordozhato-hutoszekreny-kompresszorral-autos-hutoszekreny-kompresszorral-hutoszekreny-melyhutoszekreny-huto-kompress-4\/\" \/>\r\n<meta property=\"og:locale\" content=\"hu_HU\" \/>\r\n<meta property=\"og:type\" content=\"article\" \/>\r\n<meta property=\"og:title\" content=\"Integr\u00e1lt h\u0171t\u0151egys\u00e9g ind\u00edt\u00e1si h\u0171t\u00e9ssel \u00e9s termoszt\u00e1ttal -Induzon\" \/>\r\n<meta property=\"og:description\" content=\"Integr\u00e1lt h\u0171t\u0151egys\u00e9g\u00fcnk azonnali ind\u00edt\u00e1si h\u0171t\u00e9st biztos\u00edt opcion\u00e1lis termoszt\u00e1ttal, ide\u00e1lis ipari \u00e9s kereskedelmi alkalmaz\u00e1sokhoz.\" \/>\r\n<meta property=\"og:url\" content=\"https:\/\/induzon.com\/hu\/termek\/kompressor-kondensator-einheit-huto-fagyaszto-kompresszorral-melyhuto-kompresszor-hordozhato-hutoszekreny-kompresszorral-autos-hutoszekreny-kompresszorral-hutoszekreny-melyhutoszekreny-huto-kompress-4\/\" \/>\r\n<meta property=\"og:site_name\" content=\"induzon\" \/>\r\n<meta property=\"article:modified_time\" content=\"2025-12-22T06:47:57+00:00\" \/>\r\n<meta property=\"og:image\" content=\"https:\/\/induzon.com\/wp-content\/uploads\/2025\/09\/\u56fe-3-QD30A.jpg\" \/>\r\n\t<meta property=\"og:image:width\" content=\"1500\" \/>\r\n\t<meta property=\"og:image:height\" content=\"1500\" \/>\r\n\t<meta property=\"og:image:type\" content=\"image\/jpeg\" \/>\r\n<meta name=\"twitter:card\" content=\"summary_large_image\" \/>\r\n<meta name=\"twitter:label1\" content=\"Becs\u00fclt olvas\u00e1si id\u0151\" \/>\n\t<meta name=\"twitter:data1\" content=\"1 perc\" \/>\r\n<script type=\"application\/ld+json\" class=\"yoast-schema-graph\">{\"@context\":\"https:\/\/schema.org\",\"@graph\":[{\"@type\":\"WebPage\",\"@id\":\"https:\/\/induzon.com\/hu\/termek\/kompressor-kondensator-einheit-huto-fagyaszto-kompresszorral-melyhuto-kompresszor-hordozhato-hutoszekreny-kompresszorral-autos-hutoszekreny-kompresszorral-hutoszekreny-melyhutoszekreny-huto-kompress-4\/\",\"url\":\"https:\/\/induzon.com\/hu\/termek\/kompressor-kondensator-einheit-huto-fagyaszto-kompresszorral-melyhuto-kompresszor-hordozhato-hutoszekreny-kompresszorral-autos-hutoszekreny-kompresszorral-hutoszekreny-melyhutoszekreny-huto-kompress-4\/\",\"name\":\"Integr\u00e1lt h\u0171t\u0151egys\u00e9g ind\u00edt\u00e1si h\u0171t\u00e9ssel \u00e9s termoszt\u00e1ttal -Induzon\",\"isPartOf\":{\"@id\":\"https:\/\/induzon.com\/hu\/#website\"},\"primaryImageOfPage\":{\"@id\":\"https:\/\/induzon.com\/hu\/termek\/kompressor-kondensator-einheit-huto-fagyaszto-kompresszorral-melyhuto-kompresszor-hordozhato-hutoszekreny-kompresszorral-autos-hutoszekreny-kompresszorral-hutoszekreny-melyhutoszekreny-huto-kompress-4\/#primaryimage\"},\"image\":{\"@id\":\"https:\/\/induzon.com\/hu\/termek\/kompressor-kondensator-einheit-huto-fagyaszto-kompresszorral-melyhuto-kompresszor-hordozhato-hutoszekreny-kompresszorral-autos-hutoszekreny-kompresszorral-hutoszekreny-melyhutoszekreny-huto-kompress-4\/#primaryimage\"},\"thumbnailUrl\":\"https:\/\/induzon.com\/wp-content\/uploads\/2025\/09\/\u56fe-3-QD30A.jpg\",\"datePublished\":\"2025-09-18T07:04:59+00:00\",\"dateModified\":\"2025-12-22T06:47:57+00:00\",\"description\":\"Integr\u00e1lt h\u0171t\u0151egys\u00e9g\u00fcnk azonnali ind\u00edt\u00e1si h\u0171t\u00e9st biztos\u00edt opcion\u00e1lis termoszt\u00e1ttal, ide\u00e1lis ipari \u00e9s kereskedelmi alkalmaz\u00e1sokhoz.\",\"breadcrumb\":{\"@id\":\"https:\/\/induzon.com\/hu\/termek\/kompressor-kondensator-einheit-huto-fagyaszto-kompresszorral-melyhuto-kompresszor-hordozhato-hutoszekreny-kompresszorral-autos-hutoszekreny-kompresszorral-hutoszekreny-melyhutoszekreny-huto-kompress-4\/#breadcrumb\"},\"inLanguage\":\"hu\",\"potentialAction\":[{\"@type\":\"ReadAction\",\"target\":[\"https:\/\/induzon.com\/hu\/termek\/kompressor-kondensator-einheit-huto-fagyaszto-kompresszorral-melyhuto-kompresszor-hordozhato-hutoszekreny-kompresszorral-autos-hutoszekreny-kompresszorral-hutoszekreny-melyhutoszekreny-huto-kompress-4\/\"]}]},{\"@type\":\"ImageObject\",\"inLanguage\":\"hu\",\"@id\":\"https:\/\/induzon.com\/hu\/termek\/kompressor-kondensator-einheit-huto-fagyaszto-kompresszorral-melyhuto-kompresszor-hordozhato-hutoszekreny-kompresszorral-autos-hutoszekreny-kompresszorral-hutoszekreny-melyhutoszekreny-huto-kompress-4\/#primaryimage\",\"url\":\"https:\/\/induzon.com\/wp-content\/uploads\/2025\/09\/\u56fe-3-QD30A.jpg\",\"contentUrl\":\"https:\/\/induzon.com\/wp-content\/uploads\/2025\/09\/\u56fe-3-QD30A.jpg\",\"width\":1500,\"height\":1500,\"caption\":\"Integr\u00e1lt h\u0171t\u0151egys\u00e9g\u00fcnk azonnali ind\u00edt\u00e1si h\u0171t\u00e9st biztos\u00edt opcion\u00e1lis termoszt\u00e1ttal, ide\u00e1lis ipari \u00e9s kereskedelmi alkalmaz\u00e1sokhoz.\"},{\"@type\":\"BreadcrumbList\",\"@id\":\"https:\/\/induzon.com\/hu\/termek\/kompressor-kondensator-einheit-huto-fagyaszto-kompresszorral-melyhuto-kompresszor-hordozhato-hutoszekreny-kompresszorral-autos-hutoszekreny-kompresszorral-hutoszekreny-melyhutoszekreny-huto-kompress-4\/#breadcrumb\",\"itemListElement\":[{\"@type\":\"ListItem\",\"position\":1,\"name\":\"\u9996\u9875\",\"item\":\"https:\/\/induzon.com\/hu\/\"},{\"@type\":\"ListItem\",\"position\":2,\"name\":\"Bolt\",\"item\":\"https:\/\/induzon.com\/hu\/bolt\/\"},{\"@type\":\"ListItem\",\"position\":3,\"name\":\"Kompressor Kondensator Einheit h\u0171t\u0151 fagyaszt\u00f3 kompresszorral m\u00e9lyh\u0171t\u0151 kompresszor hordozhat\u00f3 h\u0171t\u0151szekr\u00e9ny kompresszorral aut\u00f3s h\u0171t\u0151szekr\u00e9ny kompresszorral h\u0171t\u0151szekr\u00e9ny m\u00e9lyh\u0171t\u0151szekr\u00e9ny h\u0171t\u0151 kompresszor fagyaszt\u00f3szekr\u00e9ny fagyaszt\u00f3l\u00e1da be\u00e9p\u00edthet\u0151 h\u0171t\u0151szekr\u00e9ny fagyaszt\u00f3 kompresszor integr\u00e1lt h\u0171t\u0151egys\u00e9g ind\u00edt\u00e1si h\u0171t\u00e9ssel \u00e9s opcion\u00e1lis termoszt\u00e1ttal\"}]},{\"@type\":\"WebSite\",\"@id\":\"https:\/\/induzon.com\/hu\/#website\",\"url\":\"https:\/\/induzon.com\/hu\/\",\"name\":\"induzon\",\"description\":\"\",\"publisher\":{\"@id\":\"https:\/\/induzon.com\/hu\/#organization\"},\"potentialAction\":[{\"@type\":\"SearchAction\",\"target\":{\"@type\":\"EntryPoint\",\"urlTemplate\":\"https:\/\/induzon.com\/hu\/?s={search_term_string}\"},\"query-input\":{\"@type\":\"PropertyValueSpecification\",\"valueRequired\":true,\"valueName\":\"search_term_string\"}}],\"inLanguage\":\"hu\"},{\"@type\":\"Organization\",\"@id\":\"https:\/\/induzon.com\/hu\/#organization\",\"name\":\"induzon\",\"url\":\"https:\/\/induzon.com\/hu\/\",\"logo\":{\"@type\":\"ImageObject\",\"inLanguage\":\"hu\",\"@id\":\"https:\/\/induzon.com\/hu\/#\/schema\/logo\/image\/\",\"url\":\"https:\/\/induzon.com\/wp-content\/uploads\/2025\/05\/cropped-026.png\",\"contentUrl\":\"https:\/\/induzon.com\/wp-content\/uploads\/2025\/05\/cropped-026.png\",\"width\":512,\"height\":512,\"caption\":\"induzon\"},\"image\":{\"@id\":\"https:\/\/induzon.com\/hu\/#\/schema\/logo\/image\/\"}}]}<\/script>\r\n<!-- \/ Yoast SEO plugin. -->","yoast_head_json":{"title":"Integr\u00e1lt h\u0171t\u0151egys\u00e9g ind\u00edt\u00e1si h\u0171t\u00e9ssel \u00e9s termoszt\u00e1ttal -Induzon","description":"Integr\u00e1lt h\u0171t\u0151egys\u00e9g\u00fcnk azonnali ind\u00edt\u00e1si h\u0171t\u00e9st biztos\u00edt opcion\u00e1lis termoszt\u00e1ttal, ide\u00e1lis ipari \u00e9s kereskedelmi alkalmaz\u00e1sokhoz.","robots":{"index":"index","follow":"follow","max-snippet":"max-snippet:-1","max-image-preview":"max-image-preview:large","max-video-preview":"max-video-preview:-1"},"canonical":"https:\/\/induzon.com\/hu\/termek\/kompressor-kondensator-einheit-huto-fagyaszto-kompresszorral-melyhuto-kompresszor-hordozhato-hutoszekreny-kompresszorral-autos-hutoszekreny-kompresszorral-hutoszekreny-melyhutoszekreny-huto-kompress-4\/","og_locale":"hu_HU","og_type":"article","og_title":"Integr\u00e1lt h\u0171t\u0151egys\u00e9g ind\u00edt\u00e1si h\u0171t\u00e9ssel \u00e9s termoszt\u00e1ttal -Induzon","og_description":"Integr\u00e1lt h\u0171t\u0151egys\u00e9g\u00fcnk azonnali ind\u00edt\u00e1si h\u0171t\u00e9st biztos\u00edt opcion\u00e1lis termoszt\u00e1ttal, ide\u00e1lis ipari \u00e9s kereskedelmi alkalmaz\u00e1sokhoz.","og_url":"https:\/\/induzon.com\/hu\/termek\/kompressor-kondensator-einheit-huto-fagyaszto-kompresszorral-melyhuto-kompresszor-hordozhato-hutoszekreny-kompresszorral-autos-hutoszekreny-kompresszorral-hutoszekreny-melyhutoszekreny-huto-kompress-4\/","og_site_name":"induzon","article_modified_time":"2025-12-22T06:47:57+00:00","og_image":[{"width":1500,"height":1500,"url":"https:\/\/induzon.com\/wp-content\/uploads\/2025\/09\/\u56fe-3-QD30A.jpg","type":"image\/jpeg"}],"twitter_card":"summary_large_image","twitter_misc":{"Becs\u00fclt olvas\u00e1si id\u0151":"1 perc"},"schema":{"@context":"https:\/\/schema.org","@graph":[{"@type":"WebPage","@id":"https:\/\/induzon.com\/hu\/termek\/kompressor-kondensator-einheit-huto-fagyaszto-kompresszorral-melyhuto-kompresszor-hordozhato-hutoszekreny-kompresszorral-autos-hutoszekreny-kompresszorral-hutoszekreny-melyhutoszekreny-huto-kompress-4\/","url":"https:\/\/induzon.com\/hu\/termek\/kompressor-kondensator-einheit-huto-fagyaszto-kompresszorral-melyhuto-kompresszor-hordozhato-hutoszekreny-kompresszorral-autos-hutoszekreny-kompresszorral-hutoszekreny-melyhutoszekreny-huto-kompress-4\/","name":"Integr\u00e1lt h\u0171t\u0151egys\u00e9g ind\u00edt\u00e1si h\u0171t\u00e9ssel \u00e9s termoszt\u00e1ttal -Induzon","isPartOf":{"@id":"https:\/\/induzon.com\/hu\/#website"},"primaryImageOfPage":{"@id":"https:\/\/induzon.com\/hu\/termek\/kompressor-kondensator-einheit-huto-fagyaszto-kompresszorral-melyhuto-kompresszor-hordozhato-hutoszekreny-kompresszorral-autos-hutoszekreny-kompresszorral-hutoszekreny-melyhutoszekreny-huto-kompress-4\/#primaryimage"},"image":{"@id":"https:\/\/induzon.com\/hu\/termek\/kompressor-kondensator-einheit-huto-fagyaszto-kompresszorral-melyhuto-kompresszor-hordozhato-hutoszekreny-kompresszorral-autos-hutoszekreny-kompresszorral-hutoszekreny-melyhutoszekreny-huto-kompress-4\/#primaryimage"},"thumbnailUrl":"https:\/\/induzon.com\/wp-content\/uploads\/2025\/09\/\u56fe-3-QD30A.jpg","datePublished":"2025-09-18T07:04:59+00:00","dateModified":"2025-12-22T06:47:57+00:00","description":"Integr\u00e1lt h\u0171t\u0151egys\u00e9g\u00fcnk azonnali ind\u00edt\u00e1si h\u0171t\u00e9st biztos\u00edt opcion\u00e1lis termoszt\u00e1ttal, ide\u00e1lis ipari \u00e9s kereskedelmi alkalmaz\u00e1sokhoz.","breadcrumb":{"@id":"https:\/\/induzon.com\/hu\/termek\/kompressor-kondensator-einheit-huto-fagyaszto-kompresszorral-melyhuto-kompresszor-hordozhato-hutoszekreny-kompresszorral-autos-hutoszekreny-kompresszorral-hutoszekreny-melyhutoszekreny-huto-kompress-4\/#breadcrumb"},"inLanguage":"hu","potentialAction":[{"@type":"ReadAction","target":["https:\/\/induzon.com\/hu\/termek\/kompressor-kondensator-einheit-huto-fagyaszto-kompresszorral-melyhuto-kompresszor-hordozhato-hutoszekreny-kompresszorral-autos-hutoszekreny-kompresszorral-hutoszekreny-melyhutoszekreny-huto-kompress-4\/"]}]},{"@type":"ImageObject","inLanguage":"hu","@id":"https:\/\/induzon.com\/hu\/termek\/kompressor-kondensator-einheit-huto-fagyaszto-kompresszorral-melyhuto-kompresszor-hordozhato-hutoszekreny-kompresszorral-autos-hutoszekreny-kompresszorral-hutoszekreny-melyhutoszekreny-huto-kompress-4\/#primaryimage","url":"https:\/\/induzon.com\/wp-content\/uploads\/2025\/09\/\u56fe-3-QD30A.jpg","contentUrl":"https:\/\/induzon.com\/wp-content\/uploads\/2025\/09\/\u56fe-3-QD30A.jpg","width":1500,"height":1500,"caption":"Integr\u00e1lt h\u0171t\u0151egys\u00e9g\u00fcnk azonnali ind\u00edt\u00e1si h\u0171t\u00e9st biztos\u00edt opcion\u00e1lis termoszt\u00e1ttal, ide\u00e1lis ipari \u00e9s kereskedelmi alkalmaz\u00e1sokhoz."},{"@type":"BreadcrumbList","@id":"https:\/\/induzon.com\/hu\/termek\/kompressor-kondensator-einheit-huto-fagyaszto-kompresszorral-melyhuto-kompresszor-hordozhato-hutoszekreny-kompresszorral-autos-hutoszekreny-kompresszorral-hutoszekreny-melyhutoszekreny-huto-kompress-4\/#breadcrumb","itemListElement":[{"@type":"ListItem","position":1,"name":"\u9996\u9875","item":"https:\/\/induzon.com\/hu\/"},{"@type":"ListItem","position":2,"name":"Bolt","item":"https:\/\/induzon.com\/hu\/bolt\/"},{"@type":"ListItem","position":3,"name":"Kompressor Kondensator Einheit h\u0171t\u0151 fagyaszt\u00f3 kompresszorral m\u00e9lyh\u0171t\u0151 kompresszor hordozhat\u00f3 h\u0171t\u0151szekr\u00e9ny kompresszorral aut\u00f3s h\u0171t\u0151szekr\u00e9ny kompresszorral h\u0171t\u0151szekr\u00e9ny m\u00e9lyh\u0171t\u0151szekr\u00e9ny h\u0171t\u0151 kompresszor fagyaszt\u00f3szekr\u00e9ny fagyaszt\u00f3l\u00e1da be\u00e9p\u00edthet\u0151 h\u0171t\u0151szekr\u00e9ny fagyaszt\u00f3 kompresszor integr\u00e1lt h\u0171t\u0151egys\u00e9g ind\u00edt\u00e1si h\u0171t\u00e9ssel \u00e9s opcion\u00e1lis termoszt\u00e1ttal"}]},{"@type":"WebSite","@id":"https:\/\/induzon.com\/hu\/#website","url":"https:\/\/induzon.com\/hu\/","name":"induzon","description":"","publisher":{"@id":"https:\/\/induzon.com\/hu\/#organization"},"potentialAction":[{"@type":"SearchAction","target":{"@type":"EntryPoint","urlTemplate":"https:\/\/induzon.com\/hu\/?s={search_term_string}"},"query-input":{"@type":"PropertyValueSpecification","valueRequired":true,"valueName":"search_term_string"}}],"inLanguage":"hu"},{"@type":"Organization","@id":"https:\/\/induzon.com\/hu\/#organization","name":"induzon","url":"https:\/\/induzon.com\/hu\/","logo":{"@type":"ImageObject","inLanguage":"hu","@id":"https:\/\/induzon.com\/hu\/#\/schema\/logo\/image\/","url":"https:\/\/induzon.com\/wp-content\/uploads\/2025\/05\/cropped-026.png","contentUrl":"https:\/\/induzon.com\/wp-content\/uploads\/2025\/05\/cropped-026.png","width":512,"height":512,"caption":"induzon"},"image":{"@id":"https:\/\/induzon.com\/hu\/#\/schema\/logo\/image\/"}}]}},"_links":{"self":[{"href":"https:\/\/induzon.com\/hu\/wp-json\/wp\/v2\/product\/25996","targetHints":{"allow":["GET"]}}],"collection":[{"href":"https:\/\/induzon.com\/hu\/wp-json\/wp\/v2\/product"}],"about":[{"href":"https:\/\/induzon.com\/hu\/wp-json\/wp\/v2\/types\/product"}],"replies":[{"embeddable":true,"href":"https:\/\/induzon.com\/hu\/wp-json\/wp\/v2\/comments?post=25996"}],"version-history":[{"count":1,"href":"https:\/\/induzon.com\/hu\/wp-json\/wp\/v2\/product\/25996\/revisions"}],"predecessor-version":[{"id":32297,"href":"https:\/\/induzon.com\/hu\/wp-json\/wp\/v2\/product\/25996\/revisions\/32297"}],"wp:featuredmedia":[{"embeddable":true,"href":"https:\/\/induzon.com\/hu\/wp-json\/wp\/v2\/media\/25836"}],"wp:attachment":[{"href":"https:\/\/induzon.com\/hu\/wp-json\/wp\/v2\/media?parent=25996"}],"wp:term":[{"taxonomy":"product_brand","embeddable":true,"href":"https:\/\/induzon.com\/hu\/wp-json\/wp\/v2\/product_brand?post=25996"},{"taxonomy":"product_cat","embeddable":true,"href":"https:\/\/induzon.com\/hu\/wp-json\/wp\/v2\/product_cat?post=25996"},{"taxonomy":"product_tag","embeddable":true,"href":"https:\/\/induzon.com\/hu\/wp-json\/wp\/v2\/product_tag?post=25996"}],"curies":[{"name":"wp","href":"https:\/\/api.w.org\/{rel}","templated":true}]}}