{"id":30410,"date":"2025-11-17T17:28:38","date_gmt":"2025-11-17T09:28:38","guid":{"rendered":"https:\/\/induzon.com\/shop\/iv-alaku-ontottvas-kazan-ajto-lancos-kazan-allo-kazan-kandallo-ajto-kalyha-ajto\/"},"modified":"2025-12-18T10:13:19","modified_gmt":"2025-12-18T02:13:19","slug":"iv-alaku-ontottvas-kazan-ajto-lancos-kazan-allo-kazan-kandallo-ajto-kalyha-ajto","status":"publish","type":"product","link":"https:\/\/induzon.com\/hu\/termek\/iv-alaku-ontottvas-kazan-ajto-lancos-kazan-allo-kazan-kandallo-ajto-kalyha-ajto\/","title":{"rendered":"\u00cdv alak\u00fa \u00f6nt\u00f6ttvas kaz\u00e1n ajt\u00f3 l\u00e1ncos kaz\u00e1n \u00e1ll\u00f3 kaz\u00e1n kandall\u00f3 ajt\u00f3 k\u00e1lyha ajt\u00f3"},"content":{"rendered":"<p>1.\u00d6nt\u00f6ttvas kiv\u00e1l\u00f3 min\u0151s\u00e9g\u0171 \u00e9s tart\u00f3s kivitelez\u00e9s\u0171 t\u0171zhelyajt\u00f3.<br \/>\n2.T\u00f6bbf\u00e9le haszn\u00e1latra alkalmas: kandall\u00f3, kaz\u00e1n, t\u0171zhely vagy t\u0171zifa s\u00fct\u0151 ajt\u00f3jak\u00e9nt.<br \/>\n3.Er\u0151s \u00f6nt\u00f6ttvas anyag biztos\u00edtja a hossz\u00fa \u00e9lettartamot \u00e9s a magas h\u0151\u00e1ll\u00f3s\u00e1got.<br \/>\n4.K\u00f6nnyen szerelhet\u0151 \u00e9s karbantarthat\u00f3, ide\u00e1lis megold\u00e1s a k\u00e9m\u00e9ny \u00e9s t\u0171zhely ajtajak\u00e9nt.<br \/>\n5.Biztos\u00edtja a biztons\u00e1gos \u00e9s hat\u00e9kony \u00e9g\u00e9st, mik\u00f6zben k\u00f6nny\u0171 hozz\u00e1f\u00e9r\u00e9st ny\u00fajt a tiszt\u00edt\u00e1shoz.<\/p>\n","protected":false},"excerpt":{"rendered":"<p>1.\u00d6nt\u00f6ttvas kiv\u00e1l\u00f3 min\u0151s\u00e9g\u0171 \u00e9s tart\u00f3s kivitelez\u00e9s\u0171 t\u0171zhelyajt\u00f3. 2.T\u00f6bbf\u00e9le haszn\u00e1latra alkalmas: kandall\u00f3, kaz\u00e1n, t\u0171zhely vagy t\u0171zifa s\u00fct\u0151 ajt\u00f3jak\u00e9nt. 3.Er\u0151s \u00f6nt\u00f6ttvas anyag [&hellip;]<\/p>\n","protected":false},"featured_media":30287,"comment_status":"open","ping_status":"closed","template":"","meta":{"site-sidebar-layout":"default","site-content-layout":"","ast-site-content-layout":"default","site-content-style":"default","site-sidebar-style":"default","ast-global-header-display":"","ast-banner-title-visibility":"","ast-main-header-display":"","ast-hfb-above-header-display":"","ast-hfb-below-header-display":"","ast-hfb-mobile-header-display":"","site-post-title":"","ast-breadcrumbs-content":"","ast-featured-img":"","footer-sml-layout":"","theme-transparent-header-meta":"default","adv-header-id-meta":"","stick-header-meta":"","header-above-stick-meta":"","header-main-stick-meta":"","header-below-stick-meta":"","astra-migrate-meta-layouts":"set","ast-page-background-enabled":"default","ast-page-background-meta":{"desktop":{"background-color":"var(--ast-global-color-4)","background-image":"","background-repeat":"repeat","background-position":"center center","background-size":"auto","background-attachment":"scroll","background-type":"","background-media":"","overlay-type":"","overlay-color":"","overlay-opacity":"","overlay-gradient":""},"tablet":{"background-color":"","background-image":"","background-repeat":"repeat","background-position":"center center","background-size":"auto","background-attachment":"scroll","background-type":"","background-media":"","overlay-type":"","overlay-color":"","overlay-opacity":"","overlay-gradient":""},"mobile":{"background-color":"","background-image":"","background-repeat":"repeat","background-position":"center center","background-size":"auto","background-attachment":"scroll","background-type":"","background-media":"","overlay-type":"","overlay-color":"","overlay-opacity":"","overlay-gradient":""}},"ast-content-background-meta":{"desktop":{"background-color":"var(--ast-global-color-5)","background-image":"","background-repeat":"repeat","background-position":"center center","background-size":"auto","background-attachment":"scroll","background-type":"","background-media":"","overlay-type":"","overlay-color":"","overlay-opacity":"","overlay-gradient":""},"tablet":{"background-color":"var(--ast-global-color-5)","background-image":"","background-repeat":"repeat","background-position":"center center","background-size":"auto","background-attachment":"scroll","background-type":"","background-media":"","overlay-type":"","overlay-color":"","overlay-opacity":"","overlay-gradient":""},"mobile":{"background-color":"var(--ast-global-color-5)","background-image":"","background-repeat":"repeat","background-position":"center center","background-size":"auto","background-attachment":"scroll","background-type":"","background-media":"","overlay-type":"","overlay-color":"","overlay-opacity":"","overlay-gradient":""}}},"product_brand":[],"product_cat":[2005,2004],"product_tag":[2006],"class_list":{"0":"post-30410","1":"product","2":"type-product","3":"status-publish","4":"has-post-thumbnail","6":"product_cat-boiler-at","7":"product_cat-kazan-alkatreszek","8":"product_tag-boiler-at","9":"desktop-align-left","10":"tablet-align-left","11":"mobile-align-left","13":"first","14":"instock","15":"sale","16":"shipping-taxable","17":"purchasable","18":"product-type-variable"},"yoast_head":"<!-- This site is optimized with the Yoast SEO plugin v24.9 - https:\/\/yoast.com\/wordpress\/plugins\/seo\/ -->\r\n<title>\u00cdv alak\u00fa \u00f6nt\u00f6ttvas kaz\u00e1n ajt\u00f3 l\u00e1ncos kaz\u00e1n \u00e1ll\u00f3 kaz\u00e1n kandall\u00f3<\/title>\r\n<meta name=\"description\" content=\"Magas min\u0151s\u00e9g\u0171 \u00edv alak\u00fa \u00f6nt\u00f6ttvas kaz\u00e1n ajt\u00f3k l\u00e1ncos \u00e9s \u00e1ll\u00f3 kaz\u00e1nokhoz. Kiv\u00e1l\u00f3 h\u0151szigetel\u00e9s \u00e9s tart\u00f3ss\u00e1g, t\u00f6k\u00e9letes kandall\u00f3khoz, k\u00e1lyh\u00e1khoz.\" \/>\r\n<meta name=\"robots\" content=\"index, follow, max-snippet:-1, max-image-preview:large, max-video-preview:-1\" \/>\r\n<link rel=\"canonical\" href=\"https:\/\/induzon.com\/hu\/termek\/iv-alaku-ontottvas-kazan-ajto-lancos-kazan-allo-kazan-kandallo-ajto-kalyha-ajto\/\" \/>\r\n<meta property=\"og:locale\" content=\"hu_HU\" \/>\r\n<meta property=\"og:type\" content=\"article\" \/>\r\n<meta property=\"og:title\" content=\"\u00cdv alak\u00fa \u00f6nt\u00f6ttvas kaz\u00e1n ajt\u00f3 l\u00e1ncos kaz\u00e1n \u00e1ll\u00f3 kaz\u00e1n kandall\u00f3\" \/>\r\n<meta property=\"og:description\" content=\"Magas min\u0151s\u00e9g\u0171 \u00edv alak\u00fa \u00f6nt\u00f6ttvas kaz\u00e1n ajt\u00f3k l\u00e1ncos \u00e9s \u00e1ll\u00f3 kaz\u00e1nokhoz. Kiv\u00e1l\u00f3 h\u0151szigetel\u00e9s \u00e9s tart\u00f3ss\u00e1g, t\u00f6k\u00e9letes kandall\u00f3khoz, k\u00e1lyh\u00e1khoz.\" \/>\r\n<meta property=\"og:url\" content=\"https:\/\/induzon.com\/hu\/termek\/iv-alaku-ontottvas-kazan-ajto-lancos-kazan-allo-kazan-kandallo-ajto-kalyha-ajto\/\" \/>\r\n<meta property=\"og:site_name\" content=\"induzon\" \/>\r\n<meta property=\"article:modified_time\" content=\"2025-12-18T02:13:19+00:00\" \/>\r\n<meta property=\"og:image\" content=\"https:\/\/induzon.com\/wp-content\/uploads\/2025\/11\/\u56fe-1-1.jpg\" \/>\r\n\t<meta property=\"og:image:width\" content=\"1500\" \/>\r\n\t<meta property=\"og:image:height\" content=\"1500\" \/>\r\n\t<meta property=\"og:image:type\" content=\"image\/jpeg\" \/>\r\n<meta name=\"twitter:card\" content=\"summary_large_image\" \/>\r\n<meta name=\"twitter:label1\" content=\"Becs\u00fclt olvas\u00e1si id\u0151\" \/>\n\t<meta name=\"twitter:data1\" content=\"1 perc\" \/>\r\n<script type=\"application\/ld+json\" class=\"yoast-schema-graph\">{\"@context\":\"https:\/\/schema.org\",\"@graph\":[{\"@type\":\"WebPage\",\"@id\":\"https:\/\/induzon.com\/hu\/termek\/iv-alaku-ontottvas-kazan-ajto-lancos-kazan-allo-kazan-kandallo-ajto-kalyha-ajto\/\",\"url\":\"https:\/\/induzon.com\/hu\/termek\/iv-alaku-ontottvas-kazan-ajto-lancos-kazan-allo-kazan-kandallo-ajto-kalyha-ajto\/\",\"name\":\"\u00cdv alak\u00fa \u00f6nt\u00f6ttvas kaz\u00e1n ajt\u00f3 l\u00e1ncos kaz\u00e1n \u00e1ll\u00f3 kaz\u00e1n kandall\u00f3\",\"isPartOf\":{\"@id\":\"https:\/\/induzon.com\/hu\/#website\"},\"primaryImageOfPage\":{\"@id\":\"https:\/\/induzon.com\/hu\/termek\/iv-alaku-ontottvas-kazan-ajto-lancos-kazan-allo-kazan-kandallo-ajto-kalyha-ajto\/#primaryimage\"},\"image\":{\"@id\":\"https:\/\/induzon.com\/hu\/termek\/iv-alaku-ontottvas-kazan-ajto-lancos-kazan-allo-kazan-kandallo-ajto-kalyha-ajto\/#primaryimage\"},\"thumbnailUrl\":\"https:\/\/induzon.com\/wp-content\/uploads\/2025\/11\/\u56fe-1-1.jpg\",\"datePublished\":\"2025-11-17T09:28:38+00:00\",\"dateModified\":\"2025-12-18T02:13:19+00:00\",\"description\":\"Magas min\u0151s\u00e9g\u0171 \u00edv alak\u00fa \u00f6nt\u00f6ttvas kaz\u00e1n ajt\u00f3k l\u00e1ncos \u00e9s \u00e1ll\u00f3 kaz\u00e1nokhoz. Kiv\u00e1l\u00f3 h\u0151szigetel\u00e9s \u00e9s tart\u00f3ss\u00e1g, t\u00f6k\u00e9letes kandall\u00f3khoz, k\u00e1lyh\u00e1khoz.\",\"breadcrumb\":{\"@id\":\"https:\/\/induzon.com\/hu\/termek\/iv-alaku-ontottvas-kazan-ajto-lancos-kazan-allo-kazan-kandallo-ajto-kalyha-ajto\/#breadcrumb\"},\"inLanguage\":\"hu\",\"potentialAction\":[{\"@type\":\"ReadAction\",\"target\":[\"https:\/\/induzon.com\/hu\/termek\/iv-alaku-ontottvas-kazan-ajto-lancos-kazan-allo-kazan-kandallo-ajto-kalyha-ajto\/\"]}]},{\"@type\":\"ImageObject\",\"inLanguage\":\"hu\",\"@id\":\"https:\/\/induzon.com\/hu\/termek\/iv-alaku-ontottvas-kazan-ajto-lancos-kazan-allo-kazan-kandallo-ajto-kalyha-ajto\/#primaryimage\",\"url\":\"https:\/\/induzon.com\/wp-content\/uploads\/2025\/11\/\u56fe-1-1.jpg\",\"contentUrl\":\"https:\/\/induzon.com\/wp-content\/uploads\/2025\/11\/\u56fe-1-1.jpg\",\"width\":1500,\"height\":1500,\"caption\":\"\u00cdv alak\u00fa \u00f6nt\u00f6ttvas kaz\u00e1n ajt\u00f3 l\u00e1ncos kaz\u00e1n \u00e1ll\u00f3 kaz\u00e1n kandall\u00f3\"},{\"@type\":\"BreadcrumbList\",\"@id\":\"https:\/\/induzon.com\/hu\/termek\/iv-alaku-ontottvas-kazan-ajto-lancos-kazan-allo-kazan-kandallo-ajto-kalyha-ajto\/#breadcrumb\",\"itemListElement\":[{\"@type\":\"ListItem\",\"position\":1,\"name\":\"\u9996\u9875\",\"item\":\"https:\/\/induzon.com\/hu\/\"},{\"@type\":\"ListItem\",\"position\":2,\"name\":\"Bolt\",\"item\":\"https:\/\/induzon.com\/hu\/bolt\/\"},{\"@type\":\"ListItem\",\"position\":3,\"name\":\"\u00cdv alak\u00fa \u00f6nt\u00f6ttvas kaz\u00e1n ajt\u00f3 l\u00e1ncos kaz\u00e1n \u00e1ll\u00f3 kaz\u00e1n kandall\u00f3 ajt\u00f3 k\u00e1lyha ajt\u00f3\"}]},{\"@type\":\"WebSite\",\"@id\":\"https:\/\/induzon.com\/hu\/#website\",\"url\":\"https:\/\/induzon.com\/hu\/\",\"name\":\"induzon\",\"description\":\"\",\"publisher\":{\"@id\":\"https:\/\/induzon.com\/hu\/#organization\"},\"potentialAction\":[{\"@type\":\"SearchAction\",\"target\":{\"@type\":\"EntryPoint\",\"urlTemplate\":\"https:\/\/induzon.com\/hu\/?s={search_term_string}\"},\"query-input\":{\"@type\":\"PropertyValueSpecification\",\"valueRequired\":true,\"valueName\":\"search_term_string\"}}],\"inLanguage\":\"hu\"},{\"@type\":\"Organization\",\"@id\":\"https:\/\/induzon.com\/hu\/#organization\",\"name\":\"induzon\",\"url\":\"https:\/\/induzon.com\/hu\/\",\"logo\":{\"@type\":\"ImageObject\",\"inLanguage\":\"hu\",\"@id\":\"https:\/\/induzon.com\/hu\/#\/schema\/logo\/image\/\",\"url\":\"https:\/\/induzon.com\/wp-content\/uploads\/2025\/05\/cropped-026.png\",\"contentUrl\":\"https:\/\/induzon.com\/wp-content\/uploads\/2025\/05\/cropped-026.png\",\"width\":512,\"height\":512,\"caption\":\"induzon\"},\"image\":{\"@id\":\"https:\/\/induzon.com\/hu\/#\/schema\/logo\/image\/\"}}]}<\/script>\r\n<!-- \/ Yoast SEO plugin. -->","yoast_head_json":{"title":"\u00cdv alak\u00fa \u00f6nt\u00f6ttvas kaz\u00e1n ajt\u00f3 l\u00e1ncos kaz\u00e1n \u00e1ll\u00f3 kaz\u00e1n kandall\u00f3","description":"Magas min\u0151s\u00e9g\u0171 \u00edv alak\u00fa \u00f6nt\u00f6ttvas kaz\u00e1n ajt\u00f3k l\u00e1ncos \u00e9s \u00e1ll\u00f3 kaz\u00e1nokhoz. Kiv\u00e1l\u00f3 h\u0151szigetel\u00e9s \u00e9s tart\u00f3ss\u00e1g, t\u00f6k\u00e9letes kandall\u00f3khoz, k\u00e1lyh\u00e1khoz.","robots":{"index":"index","follow":"follow","max-snippet":"max-snippet:-1","max-image-preview":"max-image-preview:large","max-video-preview":"max-video-preview:-1"},"canonical":"https:\/\/induzon.com\/hu\/termek\/iv-alaku-ontottvas-kazan-ajto-lancos-kazan-allo-kazan-kandallo-ajto-kalyha-ajto\/","og_locale":"hu_HU","og_type":"article","og_title":"\u00cdv alak\u00fa \u00f6nt\u00f6ttvas kaz\u00e1n ajt\u00f3 l\u00e1ncos kaz\u00e1n \u00e1ll\u00f3 kaz\u00e1n kandall\u00f3","og_description":"Magas min\u0151s\u00e9g\u0171 \u00edv alak\u00fa \u00f6nt\u00f6ttvas kaz\u00e1n ajt\u00f3k l\u00e1ncos \u00e9s \u00e1ll\u00f3 kaz\u00e1nokhoz. Kiv\u00e1l\u00f3 h\u0151szigetel\u00e9s \u00e9s tart\u00f3ss\u00e1g, t\u00f6k\u00e9letes kandall\u00f3khoz, k\u00e1lyh\u00e1khoz.","og_url":"https:\/\/induzon.com\/hu\/termek\/iv-alaku-ontottvas-kazan-ajto-lancos-kazan-allo-kazan-kandallo-ajto-kalyha-ajto\/","og_site_name":"induzon","article_modified_time":"2025-12-18T02:13:19+00:00","og_image":[{"width":1500,"height":1500,"url":"https:\/\/induzon.com\/wp-content\/uploads\/2025\/11\/\u56fe-1-1.jpg","type":"image\/jpeg"}],"twitter_card":"summary_large_image","twitter_misc":{"Becs\u00fclt olvas\u00e1si id\u0151":"1 perc"},"schema":{"@context":"https:\/\/schema.org","@graph":[{"@type":"WebPage","@id":"https:\/\/induzon.com\/hu\/termek\/iv-alaku-ontottvas-kazan-ajto-lancos-kazan-allo-kazan-kandallo-ajto-kalyha-ajto\/","url":"https:\/\/induzon.com\/hu\/termek\/iv-alaku-ontottvas-kazan-ajto-lancos-kazan-allo-kazan-kandallo-ajto-kalyha-ajto\/","name":"\u00cdv alak\u00fa \u00f6nt\u00f6ttvas kaz\u00e1n ajt\u00f3 l\u00e1ncos kaz\u00e1n \u00e1ll\u00f3 kaz\u00e1n kandall\u00f3","isPartOf":{"@id":"https:\/\/induzon.com\/hu\/#website"},"primaryImageOfPage":{"@id":"https:\/\/induzon.com\/hu\/termek\/iv-alaku-ontottvas-kazan-ajto-lancos-kazan-allo-kazan-kandallo-ajto-kalyha-ajto\/#primaryimage"},"image":{"@id":"https:\/\/induzon.com\/hu\/termek\/iv-alaku-ontottvas-kazan-ajto-lancos-kazan-allo-kazan-kandallo-ajto-kalyha-ajto\/#primaryimage"},"thumbnailUrl":"https:\/\/induzon.com\/wp-content\/uploads\/2025\/11\/\u56fe-1-1.jpg","datePublished":"2025-11-17T09:28:38+00:00","dateModified":"2025-12-18T02:13:19+00:00","description":"Magas min\u0151s\u00e9g\u0171 \u00edv alak\u00fa \u00f6nt\u00f6ttvas kaz\u00e1n ajt\u00f3k l\u00e1ncos \u00e9s \u00e1ll\u00f3 kaz\u00e1nokhoz. Kiv\u00e1l\u00f3 h\u0151szigetel\u00e9s \u00e9s tart\u00f3ss\u00e1g, t\u00f6k\u00e9letes kandall\u00f3khoz, k\u00e1lyh\u00e1khoz.","breadcrumb":{"@id":"https:\/\/induzon.com\/hu\/termek\/iv-alaku-ontottvas-kazan-ajto-lancos-kazan-allo-kazan-kandallo-ajto-kalyha-ajto\/#breadcrumb"},"inLanguage":"hu","potentialAction":[{"@type":"ReadAction","target":["https:\/\/induzon.com\/hu\/termek\/iv-alaku-ontottvas-kazan-ajto-lancos-kazan-allo-kazan-kandallo-ajto-kalyha-ajto\/"]}]},{"@type":"ImageObject","inLanguage":"hu","@id":"https:\/\/induzon.com\/hu\/termek\/iv-alaku-ontottvas-kazan-ajto-lancos-kazan-allo-kazan-kandallo-ajto-kalyha-ajto\/#primaryimage","url":"https:\/\/induzon.com\/wp-content\/uploads\/2025\/11\/\u56fe-1-1.jpg","contentUrl":"https:\/\/induzon.com\/wp-content\/uploads\/2025\/11\/\u56fe-1-1.jpg","width":1500,"height":1500,"caption":"\u00cdv alak\u00fa \u00f6nt\u00f6ttvas kaz\u00e1n ajt\u00f3 l\u00e1ncos kaz\u00e1n \u00e1ll\u00f3 kaz\u00e1n kandall\u00f3"},{"@type":"BreadcrumbList","@id":"https:\/\/induzon.com\/hu\/termek\/iv-alaku-ontottvas-kazan-ajto-lancos-kazan-allo-kazan-kandallo-ajto-kalyha-ajto\/#breadcrumb","itemListElement":[{"@type":"ListItem","position":1,"name":"\u9996\u9875","item":"https:\/\/induzon.com\/hu\/"},{"@type":"ListItem","position":2,"name":"Bolt","item":"https:\/\/induzon.com\/hu\/bolt\/"},{"@type":"ListItem","position":3,"name":"\u00cdv alak\u00fa \u00f6nt\u00f6ttvas kaz\u00e1n ajt\u00f3 l\u00e1ncos kaz\u00e1n \u00e1ll\u00f3 kaz\u00e1n kandall\u00f3 ajt\u00f3 k\u00e1lyha ajt\u00f3"}]},{"@type":"WebSite","@id":"https:\/\/induzon.com\/hu\/#website","url":"https:\/\/induzon.com\/hu\/","name":"induzon","description":"","publisher":{"@id":"https:\/\/induzon.com\/hu\/#organization"},"potentialAction":[{"@type":"SearchAction","target":{"@type":"EntryPoint","urlTemplate":"https:\/\/induzon.com\/hu\/?s={search_term_string}"},"query-input":{"@type":"PropertyValueSpecification","valueRequired":true,"valueName":"search_term_string"}}],"inLanguage":"hu"},{"@type":"Organization","@id":"https:\/\/induzon.com\/hu\/#organization","name":"induzon","url":"https:\/\/induzon.com\/hu\/","logo":{"@type":"ImageObject","inLanguage":"hu","@id":"https:\/\/induzon.com\/hu\/#\/schema\/logo\/image\/","url":"https:\/\/induzon.com\/wp-content\/uploads\/2025\/05\/cropped-026.png","contentUrl":"https:\/\/induzon.com\/wp-content\/uploads\/2025\/05\/cropped-026.png","width":512,"height":512,"caption":"induzon"},"image":{"@id":"https:\/\/induzon.com\/hu\/#\/schema\/logo\/image\/"}}]}},"_links":{"self":[{"href":"https:\/\/induzon.com\/hu\/wp-json\/wp\/v2\/product\/30410","targetHints":{"allow":["GET"]}}],"collection":[{"href":"https:\/\/induzon.com\/hu\/wp-json\/wp\/v2\/product"}],"about":[{"href":"https:\/\/induzon.com\/hu\/wp-json\/wp\/v2\/types\/product"}],"replies":[{"embeddable":true,"href":"https:\/\/induzon.com\/hu\/wp-json\/wp\/v2\/comments?post=30410"}],"version-history":[{"count":1,"href":"https:\/\/induzon.com\/hu\/wp-json\/wp\/v2\/product\/30410\/revisions"}],"predecessor-version":[{"id":30644,"href":"https:\/\/induzon.com\/hu\/wp-json\/wp\/v2\/product\/30410\/revisions\/30644"}],"wp:featuredmedia":[{"embeddable":true,"href":"https:\/\/induzon.com\/hu\/wp-json\/wp\/v2\/media\/30287"}],"wp:attachment":[{"href":"https:\/\/induzon.com\/hu\/wp-json\/wp\/v2\/media?parent=30410"}],"wp:term":[{"taxonomy":"product_brand","embeddable":true,"href":"https:\/\/induzon.com\/hu\/wp-json\/wp\/v2\/product_brand?post=30410"},{"taxonomy":"product_cat","embeddable":true,"href":"https:\/\/induzon.com\/hu\/wp-json\/wp\/v2\/product_cat?post=30410"},{"taxonomy":"product_tag","embeddable":true,"href":"https:\/\/induzon.com\/hu\/wp-json\/wp\/v2\/product_tag?post=30410"}],"curies":[{"name":"wp","href":"https:\/\/api.w.org\/{rel}","templated":true}]}}