{"id":33066,"date":"2026-01-15T11:14:36","date_gmt":"2026-01-15T03:14:36","guid":{"rendered":"https:\/\/induzon.com\/shop\/kulteri-asztali-snack-automatak-snack-automatak-automatak\/"},"modified":"2026-01-15T11:14:36","modified_gmt":"2026-01-15T03:14:36","slug":"kulteri-asztali-snack-automatak-snack-automatak-automatak","status":"publish","type":"product","link":"https:\/\/induzon.com\/hu\/termek\/kulteri-asztali-snack-automatak-snack-automatak-automatak\/","title":{"rendered":"K\u00fclt\u00e9ri asztali snack automat\u00e1k snack automat\u00e1k automat\u00e1k"},"content":{"rendered":"<p>1.Kiv\u00e1l\u00f3 min\u0151s\u00e9g\u0171 m\u0171anyagb\u00f3l k\u00e9sz\u00fclt, tart\u00f3s \u00e9s hossz\u00fa \u00e9lettartam\u00fa<br \/>\n2.Pontosan illeszkedik az automata snack- \u00e9s italgy\u00e1rt\u00f3k spir\u00e1lis rug\u00f3ihoz<br \/>\n3.Megb\u00edzhat\u00f3 m\u0171k\u00f6d\u00e9s biztos\u00edtja az automat\u00e1k zavartalan \u00fczemeltet\u00e9s\u00e9t<br \/>\n4.K\u00f6nnyen szerelhet\u0151 \u00e9s cser\u00e9lhet\u0151, ide\u00e1lis kieg\u00e9sz\u00edt\u0151 b\u00e1rmely automat\u00e1hoz<br \/>\n5.T\u00f6k\u00e9letes megold\u00e1s \u00e9tel-ital automat\u00e1k, snackb\u00e1rok \u00e9s k\u00fclt\u00e9ri automat\u00e1k sz\u00e1m\u00e1ra<\/p>\n","protected":false},"excerpt":{"rendered":"<p>1.Kiv\u00e1l\u00f3 min\u0151s\u00e9g\u0171 m\u0171anyagb\u00f3l k\u00e9sz\u00fclt, tart\u00f3s \u00e9s hossz\u00fa \u00e9lettartam\u00fa 2.Pontosan illeszkedik az automata snack- \u00e9s italgy\u00e1rt\u00f3k spir\u00e1lis rug\u00f3ihoz 3.Megb\u00edzhat\u00f3 m\u0171k\u00f6d\u00e9s biztos\u00edtja [&hellip;]<\/p>\n","protected":false},"featured_media":28958,"comment_status":"open","ping_status":"closed","template":"","meta":{"site-sidebar-layout":"default","site-content-layout":"","ast-site-content-layout":"default","site-content-style":"default","site-sidebar-style":"default","ast-global-header-display":"","ast-banner-title-visibility":"","ast-main-header-display":"","ast-hfb-above-header-display":"","ast-hfb-below-header-display":"","ast-hfb-mobile-header-display":"","site-post-title":"","ast-breadcrumbs-content":"","ast-featured-img":"","footer-sml-layout":"","theme-transparent-header-meta":"default","adv-header-id-meta":"","stick-header-meta":"","header-above-stick-meta":"","header-main-stick-meta":"","header-below-stick-meta":"","astra-migrate-meta-layouts":"default","ast-page-background-enabled":"default","ast-page-background-meta":{"desktop":{"background-color":"var(--ast-global-color-4)","background-image":"","background-repeat":"repeat","background-position":"center center","background-size":"auto","background-attachment":"scroll","background-type":"","background-media":"","overlay-type":"","overlay-color":"","overlay-opacity":"","overlay-gradient":""},"tablet":{"background-color":"","background-image":"","background-repeat":"repeat","background-position":"center center","background-size":"auto","background-attachment":"scroll","background-type":"","background-media":"","overlay-type":"","overlay-color":"","overlay-opacity":"","overlay-gradient":""},"mobile":{"background-color":"","background-image":"","background-repeat":"repeat","background-position":"center center","background-size":"auto","background-attachment":"scroll","background-type":"","background-media":"","overlay-type":"","overlay-color":"","overlay-opacity":"","overlay-gradient":""}},"ast-content-background-meta":{"desktop":{"background-color":"var(--ast-global-color-5)","background-image":"","background-repeat":"repeat","background-position":"center center","background-size":"auto","background-attachment":"scroll","background-type":"","background-media":"","overlay-type":"","overlay-color":"","overlay-opacity":"","overlay-gradient":""},"tablet":{"background-color":"var(--ast-global-color-5)","background-image":"","background-repeat":"repeat","background-position":"center center","background-size":"auto","background-attachment":"scroll","background-type":"","background-media":"","overlay-type":"","overlay-color":"","overlay-opacity":"","overlay-gradient":""},"mobile":{"background-color":"var(--ast-global-color-5)","background-image":"","background-repeat":"repeat","background-position":"center center","background-size":"auto","background-attachment":"scroll","background-type":"","background-media":"","overlay-type":"","overlay-color":"","overlay-opacity":"","overlay-gradient":""}}},"product_brand":[],"product_cat":[1858,1100],"product_tag":[1859],"class_list":{"0":"post-33066","1":"product","2":"type-product","3":"status-publish","4":"has-post-thumbnail","6":"product_cat-automat-de-vanzare-hu","7":"product_cat-ipari-es-kereskedelmi-berendezesek","8":"product_tag-automat","9":"desktop-align-left","10":"tablet-align-left","11":"mobile-align-left","13":"first","14":"instock","15":"sale","16":"shipping-taxable","17":"purchasable","18":"product-type-simple"},"yoast_head":"<!-- This site is optimized with the Yoast SEO plugin v24.9 - https:\/\/yoast.com\/wordpress\/plugins\/seo\/ -->\r\n<title>K\u00fclt\u00e9ri \u00e9s belt\u00e9ri snack \u00e9s ital automat\u00e1k -Induzon<\/title>\r\n<meta name=\"description\" content=\"Sz\u00e9les k\u00f6r\u0171 k\u00fclt\u00e9ri \u00e9s belt\u00e9ri snack automat\u00e1k, ital- \u00e9s k\u00e1v\u00e9automata megold\u00e1sok. Megb\u00edzhat\u00f3 \u00e9rt\u00e9kes\u00edt\u0151g\u00e9peink ide\u00e1lisak k\u00fcl\u00f6nb\u00f6z\u0151 \u00e9lelmiszerek \u00e9s italok \u00e9rt\u00e9kes\u00edt\u00e9s\u00e9re, ak\u00e1r belt\u00e9rre, ak\u00e1r k\u00fclt\u00e9rre. Komplex \u00e9rt\u00e9kes\u00edt\u00e9si megold\u00e1sok egy g\u00e9pen kereszt\u00fcl.\" \/>\r\n<meta name=\"robots\" content=\"index, follow, max-snippet:-1, max-image-preview:large, max-video-preview:-1\" \/>\r\n<link rel=\"canonical\" href=\"https:\/\/induzon.com\/hu\/termek\/kulteri-asztali-snack-automatak-snack-automatak-automatak\/\" \/>\r\n<meta property=\"og:locale\" content=\"hu_HU\" \/>\r\n<meta property=\"og:type\" content=\"article\" \/>\r\n<meta property=\"og:title\" content=\"K\u00fclt\u00e9ri \u00e9s belt\u00e9ri snack \u00e9s ital automat\u00e1k -Induzon\" \/>\r\n<meta property=\"og:description\" content=\"Sz\u00e9les k\u00f6r\u0171 k\u00fclt\u00e9ri \u00e9s belt\u00e9ri snack automat\u00e1k, ital- \u00e9s k\u00e1v\u00e9automata megold\u00e1sok. Megb\u00edzhat\u00f3 \u00e9rt\u00e9kes\u00edt\u0151g\u00e9peink ide\u00e1lisak k\u00fcl\u00f6nb\u00f6z\u0151 \u00e9lelmiszerek \u00e9s italok \u00e9rt\u00e9kes\u00edt\u00e9s\u00e9re, ak\u00e1r belt\u00e9rre, ak\u00e1r k\u00fclt\u00e9rre. Komplex \u00e9rt\u00e9kes\u00edt\u00e9si megold\u00e1sok egy g\u00e9pen kereszt\u00fcl.\" \/>\r\n<meta property=\"og:url\" content=\"https:\/\/induzon.com\/hu\/termek\/kulteri-asztali-snack-automatak-snack-automatak-automatak\/\" \/>\r\n<meta property=\"og:site_name\" content=\"induzon\" \/>\r\n<meta property=\"og:image\" content=\"https:\/\/induzon.com\/wp-content\/uploads\/2025\/10\/\u56fe-1-2.jpg\" \/>\r\n\t<meta property=\"og:image:width\" content=\"1500\" \/>\r\n\t<meta property=\"og:image:height\" content=\"1500\" \/>\r\n\t<meta property=\"og:image:type\" content=\"image\/jpeg\" \/>\r\n<meta name=\"twitter:card\" content=\"summary_large_image\" \/>\r\n<script type=\"application\/ld+json\" class=\"yoast-schema-graph\">{\"@context\":\"https:\/\/schema.org\",\"@graph\":[{\"@type\":\"WebPage\",\"@id\":\"https:\/\/induzon.com\/hu\/termek\/kulteri-asztali-snack-automatak-snack-automatak-automatak\/\",\"url\":\"https:\/\/induzon.com\/hu\/termek\/kulteri-asztali-snack-automatak-snack-automatak-automatak\/\",\"name\":\"K\u00fclt\u00e9ri \u00e9s belt\u00e9ri snack \u00e9s ital automat\u00e1k -Induzon\",\"isPartOf\":{\"@id\":\"https:\/\/induzon.com\/hu\/#website\"},\"primaryImageOfPage\":{\"@id\":\"https:\/\/induzon.com\/hu\/termek\/kulteri-asztali-snack-automatak-snack-automatak-automatak\/#primaryimage\"},\"image\":{\"@id\":\"https:\/\/induzon.com\/hu\/termek\/kulteri-asztali-snack-automatak-snack-automatak-automatak\/#primaryimage\"},\"thumbnailUrl\":\"https:\/\/induzon.com\/wp-content\/uploads\/2025\/10\/\u56fe-1-2.jpg\",\"datePublished\":\"2026-01-15T03:14:36+00:00\",\"description\":\"Sz\u00e9les k\u00f6r\u0171 k\u00fclt\u00e9ri \u00e9s belt\u00e9ri snack automat\u00e1k, ital- \u00e9s k\u00e1v\u00e9automata megold\u00e1sok. Megb\u00edzhat\u00f3 \u00e9rt\u00e9kes\u00edt\u0151g\u00e9peink ide\u00e1lisak k\u00fcl\u00f6nb\u00f6z\u0151 \u00e9lelmiszerek \u00e9s italok \u00e9rt\u00e9kes\u00edt\u00e9s\u00e9re, ak\u00e1r belt\u00e9rre, ak\u00e1r k\u00fclt\u00e9rre. Komplex \u00e9rt\u00e9kes\u00edt\u00e9si megold\u00e1sok egy g\u00e9pen kereszt\u00fcl.\",\"breadcrumb\":{\"@id\":\"https:\/\/induzon.com\/hu\/termek\/kulteri-asztali-snack-automatak-snack-automatak-automatak\/#breadcrumb\"},\"inLanguage\":\"hu\",\"potentialAction\":[{\"@type\":\"ReadAction\",\"target\":[\"https:\/\/induzon.com\/hu\/termek\/kulteri-asztali-snack-automatak-snack-automatak-automatak\/\"]}]},{\"@type\":\"ImageObject\",\"inLanguage\":\"hu\",\"@id\":\"https:\/\/induzon.com\/hu\/termek\/kulteri-asztali-snack-automatak-snack-automatak-automatak\/#primaryimage\",\"url\":\"https:\/\/induzon.com\/wp-content\/uploads\/2025\/10\/\u56fe-1-2.jpg\",\"contentUrl\":\"https:\/\/induzon.com\/wp-content\/uploads\/2025\/10\/\u56fe-1-2.jpg\",\"width\":1500,\"height\":1500,\"caption\":\"\u0423\u043d\u0438\u0432\u0435\u0440\u0441\u0430\u043b\u044c\u043d\u044b\u0439 \u0442\u043e\u0440\u0433\u043e\u0432\u044b\u0439 \u0430\u0432\u0442\u043e\u043c\u0430\u0442 \u0434\u043b\u044f \u043d\u0430\u043f\u0438\u0442\u043a\u043e\u0432 \u0437\u0430\u043a\u0443\u0441\u043e\u043a\"},{\"@type\":\"BreadcrumbList\",\"@id\":\"https:\/\/induzon.com\/hu\/termek\/kulteri-asztali-snack-automatak-snack-automatak-automatak\/#breadcrumb\",\"itemListElement\":[{\"@type\":\"ListItem\",\"position\":1,\"name\":\"\u9996\u9875\",\"item\":\"https:\/\/induzon.com\/hu\/\"},{\"@type\":\"ListItem\",\"position\":2,\"name\":\"Bolt\",\"item\":\"https:\/\/induzon.com\/hu\/bolt\/\"},{\"@type\":\"ListItem\",\"position\":3,\"name\":\"K\u00fclt\u00e9ri asztali snack automat\u00e1k snack automat\u00e1k automat\u00e1k\"}]},{\"@type\":\"WebSite\",\"@id\":\"https:\/\/induzon.com\/hu\/#website\",\"url\":\"https:\/\/induzon.com\/hu\/\",\"name\":\"induzon\",\"description\":\"\",\"publisher\":{\"@id\":\"https:\/\/induzon.com\/hu\/#organization\"},\"potentialAction\":[{\"@type\":\"SearchAction\",\"target\":{\"@type\":\"EntryPoint\",\"urlTemplate\":\"https:\/\/induzon.com\/hu\/?s={search_term_string}\"},\"query-input\":{\"@type\":\"PropertyValueSpecification\",\"valueRequired\":true,\"valueName\":\"search_term_string\"}}],\"inLanguage\":\"hu\"},{\"@type\":\"Organization\",\"@id\":\"https:\/\/induzon.com\/hu\/#organization\",\"name\":\"induzon\",\"url\":\"https:\/\/induzon.com\/hu\/\",\"logo\":{\"@type\":\"ImageObject\",\"inLanguage\":\"hu\",\"@id\":\"https:\/\/induzon.com\/hu\/#\/schema\/logo\/image\/\",\"url\":\"https:\/\/induzon.com\/wp-content\/uploads\/2025\/05\/cropped-026.png\",\"contentUrl\":\"https:\/\/induzon.com\/wp-content\/uploads\/2025\/05\/cropped-026.png\",\"width\":512,\"height\":512,\"caption\":\"induzon\"},\"image\":{\"@id\":\"https:\/\/induzon.com\/hu\/#\/schema\/logo\/image\/\"}}]}<\/script>\r\n<!-- \/ Yoast SEO plugin. -->","yoast_head_json":{"title":"K\u00fclt\u00e9ri \u00e9s belt\u00e9ri snack \u00e9s ital automat\u00e1k -Induzon","description":"Sz\u00e9les k\u00f6r\u0171 k\u00fclt\u00e9ri \u00e9s belt\u00e9ri snack automat\u00e1k, ital- \u00e9s k\u00e1v\u00e9automata megold\u00e1sok. Megb\u00edzhat\u00f3 \u00e9rt\u00e9kes\u00edt\u0151g\u00e9peink ide\u00e1lisak k\u00fcl\u00f6nb\u00f6z\u0151 \u00e9lelmiszerek \u00e9s italok \u00e9rt\u00e9kes\u00edt\u00e9s\u00e9re, ak\u00e1r belt\u00e9rre, ak\u00e1r k\u00fclt\u00e9rre. Komplex \u00e9rt\u00e9kes\u00edt\u00e9si megold\u00e1sok egy g\u00e9pen kereszt\u00fcl.","robots":{"index":"index","follow":"follow","max-snippet":"max-snippet:-1","max-image-preview":"max-image-preview:large","max-video-preview":"max-video-preview:-1"},"canonical":"https:\/\/induzon.com\/hu\/termek\/kulteri-asztali-snack-automatak-snack-automatak-automatak\/","og_locale":"hu_HU","og_type":"article","og_title":"K\u00fclt\u00e9ri \u00e9s belt\u00e9ri snack \u00e9s ital automat\u00e1k -Induzon","og_description":"Sz\u00e9les k\u00f6r\u0171 k\u00fclt\u00e9ri \u00e9s belt\u00e9ri snack automat\u00e1k, ital- \u00e9s k\u00e1v\u00e9automata megold\u00e1sok. Megb\u00edzhat\u00f3 \u00e9rt\u00e9kes\u00edt\u0151g\u00e9peink ide\u00e1lisak k\u00fcl\u00f6nb\u00f6z\u0151 \u00e9lelmiszerek \u00e9s italok \u00e9rt\u00e9kes\u00edt\u00e9s\u00e9re, ak\u00e1r belt\u00e9rre, ak\u00e1r k\u00fclt\u00e9rre. Komplex \u00e9rt\u00e9kes\u00edt\u00e9si megold\u00e1sok egy g\u00e9pen kereszt\u00fcl.","og_url":"https:\/\/induzon.com\/hu\/termek\/kulteri-asztali-snack-automatak-snack-automatak-automatak\/","og_site_name":"induzon","og_image":[{"width":1500,"height":1500,"url":"https:\/\/induzon.com\/wp-content\/uploads\/2025\/10\/\u56fe-1-2.jpg","type":"image\/jpeg"}],"twitter_card":"summary_large_image","schema":{"@context":"https:\/\/schema.org","@graph":[{"@type":"WebPage","@id":"https:\/\/induzon.com\/hu\/termek\/kulteri-asztali-snack-automatak-snack-automatak-automatak\/","url":"https:\/\/induzon.com\/hu\/termek\/kulteri-asztali-snack-automatak-snack-automatak-automatak\/","name":"K\u00fclt\u00e9ri \u00e9s belt\u00e9ri snack \u00e9s ital automat\u00e1k -Induzon","isPartOf":{"@id":"https:\/\/induzon.com\/hu\/#website"},"primaryImageOfPage":{"@id":"https:\/\/induzon.com\/hu\/termek\/kulteri-asztali-snack-automatak-snack-automatak-automatak\/#primaryimage"},"image":{"@id":"https:\/\/induzon.com\/hu\/termek\/kulteri-asztali-snack-automatak-snack-automatak-automatak\/#primaryimage"},"thumbnailUrl":"https:\/\/induzon.com\/wp-content\/uploads\/2025\/10\/\u56fe-1-2.jpg","datePublished":"2026-01-15T03:14:36+00:00","description":"Sz\u00e9les k\u00f6r\u0171 k\u00fclt\u00e9ri \u00e9s belt\u00e9ri snack automat\u00e1k, ital- \u00e9s k\u00e1v\u00e9automata megold\u00e1sok. Megb\u00edzhat\u00f3 \u00e9rt\u00e9kes\u00edt\u0151g\u00e9peink ide\u00e1lisak k\u00fcl\u00f6nb\u00f6z\u0151 \u00e9lelmiszerek \u00e9s italok \u00e9rt\u00e9kes\u00edt\u00e9s\u00e9re, ak\u00e1r belt\u00e9rre, ak\u00e1r k\u00fclt\u00e9rre. Komplex \u00e9rt\u00e9kes\u00edt\u00e9si megold\u00e1sok egy g\u00e9pen kereszt\u00fcl.","breadcrumb":{"@id":"https:\/\/induzon.com\/hu\/termek\/kulteri-asztali-snack-automatak-snack-automatak-automatak\/#breadcrumb"},"inLanguage":"hu","potentialAction":[{"@type":"ReadAction","target":["https:\/\/induzon.com\/hu\/termek\/kulteri-asztali-snack-automatak-snack-automatak-automatak\/"]}]},{"@type":"ImageObject","inLanguage":"hu","@id":"https:\/\/induzon.com\/hu\/termek\/kulteri-asztali-snack-automatak-snack-automatak-automatak\/#primaryimage","url":"https:\/\/induzon.com\/wp-content\/uploads\/2025\/10\/\u56fe-1-2.jpg","contentUrl":"https:\/\/induzon.com\/wp-content\/uploads\/2025\/10\/\u56fe-1-2.jpg","width":1500,"height":1500,"caption":"\u0423\u043d\u0438\u0432\u0435\u0440\u0441\u0430\u043b\u044c\u043d\u044b\u0439 \u0442\u043e\u0440\u0433\u043e\u0432\u044b\u0439 \u0430\u0432\u0442\u043e\u043c\u0430\u0442 \u0434\u043b\u044f \u043d\u0430\u043f\u0438\u0442\u043a\u043e\u0432 \u0437\u0430\u043a\u0443\u0441\u043e\u043a"},{"@type":"BreadcrumbList","@id":"https:\/\/induzon.com\/hu\/termek\/kulteri-asztali-snack-automatak-snack-automatak-automatak\/#breadcrumb","itemListElement":[{"@type":"ListItem","position":1,"name":"\u9996\u9875","item":"https:\/\/induzon.com\/hu\/"},{"@type":"ListItem","position":2,"name":"Bolt","item":"https:\/\/induzon.com\/hu\/bolt\/"},{"@type":"ListItem","position":3,"name":"K\u00fclt\u00e9ri asztali snack automat\u00e1k snack automat\u00e1k automat\u00e1k"}]},{"@type":"WebSite","@id":"https:\/\/induzon.com\/hu\/#website","url":"https:\/\/induzon.com\/hu\/","name":"induzon","description":"","publisher":{"@id":"https:\/\/induzon.com\/hu\/#organization"},"potentialAction":[{"@type":"SearchAction","target":{"@type":"EntryPoint","urlTemplate":"https:\/\/induzon.com\/hu\/?s={search_term_string}"},"query-input":{"@type":"PropertyValueSpecification","valueRequired":true,"valueName":"search_term_string"}}],"inLanguage":"hu"},{"@type":"Organization","@id":"https:\/\/induzon.com\/hu\/#organization","name":"induzon","url":"https:\/\/induzon.com\/hu\/","logo":{"@type":"ImageObject","inLanguage":"hu","@id":"https:\/\/induzon.com\/hu\/#\/schema\/logo\/image\/","url":"https:\/\/induzon.com\/wp-content\/uploads\/2025\/05\/cropped-026.png","contentUrl":"https:\/\/induzon.com\/wp-content\/uploads\/2025\/05\/cropped-026.png","width":512,"height":512,"caption":"induzon"},"image":{"@id":"https:\/\/induzon.com\/hu\/#\/schema\/logo\/image\/"}}]}},"_links":{"self":[{"href":"https:\/\/induzon.com\/hu\/wp-json\/wp\/v2\/product\/33066","targetHints":{"allow":["GET"]}}],"collection":[{"href":"https:\/\/induzon.com\/hu\/wp-json\/wp\/v2\/product"}],"about":[{"href":"https:\/\/induzon.com\/hu\/wp-json\/wp\/v2\/types\/product"}],"replies":[{"embeddable":true,"href":"https:\/\/induzon.com\/hu\/wp-json\/wp\/v2\/comments?post=33066"}],"version-history":[{"count":0,"href":"https:\/\/induzon.com\/hu\/wp-json\/wp\/v2\/product\/33066\/revisions"}],"wp:featuredmedia":[{"embeddable":true,"href":"https:\/\/induzon.com\/hu\/wp-json\/wp\/v2\/media\/28958"}],"wp:attachment":[{"href":"https:\/\/induzon.com\/hu\/wp-json\/wp\/v2\/media?parent=33066"}],"wp:term":[{"taxonomy":"product_brand","embeddable":true,"href":"https:\/\/induzon.com\/hu\/wp-json\/wp\/v2\/product_brand?post=33066"},{"taxonomy":"product_cat","embeddable":true,"href":"https:\/\/induzon.com\/hu\/wp-json\/wp\/v2\/product_cat?post=33066"},{"taxonomy":"product_tag","embeddable":true,"href":"https:\/\/induzon.com\/hu\/wp-json\/wp\/v2\/product_tag?post=33066"}],"curies":[{"name":"wp","href":"https:\/\/api.w.org\/{rel}","templated":true}]}}