{"id":33576,"date":"2026-02-23T14:14:03","date_gmt":"2026-02-23T06:14:03","guid":{"rendered":"https:\/\/induzon.com\/shop\/tagulasi-tartaly-konzol-fali-rogzites-rozsdamentes-acel-belso-menettel-tagulasi-tartalyhoz-vas-autoklavhoz-es-hasznalati-melegviz-tartaly-nyomasrogzitesehez\/"},"modified":"2026-02-23T14:14:03","modified_gmt":"2026-02-23T06:14:03","slug":"tagulasi-tartaly-konzol-fali-rogzites-rozsdamentes-acel-belso-menettel-tagulasi-tartalyhoz-vas-autoklavhoz-es-hasznalati-melegviz-tartaly-nyomasrogzitesehez","status":"publish","type":"product","link":"https:\/\/induzon.com\/hu\/termek\/tagulasi-tartaly-konzol-fali-rogzites-rozsdamentes-acel-belso-menettel-tagulasi-tartalyhoz-vas-autoklavhoz-es-hasznalati-melegviz-tartaly-nyomasrogzitesehez\/","title":{"rendered":"T\u00e1gul\u00e1si tart\u00e1ly konzol fali r\u00f6gz\u00edt\u00e9s rozsdamentes ac\u00e9l bels\u0151 menettel t\u00e1gul\u00e1si tart\u00e1lyhoz vas autokl\u00e1vhoz \u00e9s haszn\u00e1lati melegv\u00edz tart\u00e1ly nyom\u00e1sr\u00f6gz\u00edt\u00e9s\u00e9hez"},"content":{"rendered":"","protected":false},"excerpt":{"rendered":"","protected":false},"featured_media":33483,"comment_status":"open","ping_status":"closed","template":"","meta":{"site-sidebar-layout":"default","site-content-layout":"","ast-site-content-layout":"default","site-content-style":"default","site-sidebar-style":"default","ast-global-header-display":"","ast-banner-title-visibility":"","ast-main-header-display":"","ast-hfb-above-header-display":"","ast-hfb-below-header-display":"","ast-hfb-mobile-header-display":"","site-post-title":"","ast-breadcrumbs-content":"","ast-featured-img":"","footer-sml-layout":"","theme-transparent-header-meta":"default","adv-header-id-meta":"","stick-header-meta":"","header-above-stick-meta":"","header-main-stick-meta":"","header-below-stick-meta":"","astra-migrate-meta-layouts":"default","ast-page-background-enabled":"default","ast-page-background-meta":{"desktop":{"background-color":"var(--ast-global-color-4)","background-image":"","background-repeat":"repeat","background-position":"center center","background-size":"auto","background-attachment":"scroll","background-type":"","background-media":"","overlay-type":"","overlay-color":"","overlay-opacity":"","overlay-gradient":""},"tablet":{"background-color":"","background-image":"","background-repeat":"repeat","background-position":"center center","background-size":"auto","background-attachment":"scroll","background-type":"","background-media":"","overlay-type":"","overlay-color":"","overlay-opacity":"","overlay-gradient":""},"mobile":{"background-color":"","background-image":"","background-repeat":"repeat","background-position":"center center","background-size":"auto","background-attachment":"scroll","background-type":"","background-media":"","overlay-type":"","overlay-color":"","overlay-opacity":"","overlay-gradient":""}},"ast-content-background-meta":{"desktop":{"background-color":"var(--ast-global-color-5)","background-image":"","background-repeat":"repeat","background-position":"center center","background-size":"auto","background-attachment":"scroll","background-type":"","background-media":"","overlay-type":"","overlay-color":"","overlay-opacity":"","overlay-gradient":""},"tablet":{"background-color":"var(--ast-global-color-5)","background-image":"","background-repeat":"repeat","background-position":"center center","background-size":"auto","background-attachment":"scroll","background-type":"","background-media":"","overlay-type":"","overlay-color":"","overlay-opacity":"","overlay-gradient":""},"mobile":{"background-color":"var(--ast-global-color-5)","background-image":"","background-repeat":"repeat","background-position":"center center","background-size":"auto","background-attachment":"scroll","background-type":"","background-media":"","overlay-type":"","overlay-color":"","overlay-opacity":"","overlay-gradient":""}}},"product_brand":[],"product_cat":[2098],"product_tag":[2099],"class_list":{"0":"post-33576","1":"product","2":"type-product","3":"status-publish","4":"has-post-thumbnail","6":"product_cat-tagulasi-tartaly-tarto","7":"product_tag-tagulasi-tartaly-tarto","8":"desktop-align-left","9":"tablet-align-left","10":"mobile-align-left","12":"first","13":"instock","14":"sale","15":"featured","16":"shipping-taxable","17":"purchasable","18":"product-type-variable"},"yoast_head":"<!-- This site is optimized with the Yoast SEO plugin v24.9 - https:\/\/yoast.com\/wordpress\/plugins\/seo\/ -->\r\n<title>Rozsdamentes Ac\u00e9l T\u00e1gul\u00e1si Tart\u00e1ly Konzol Fali R\u00f6gz\u00edt\u00e9s Bels\u0151 Menettel<\/title>\r\n<meta name=\"description\" content=\"Er\u0151s fali konzol t\u00e1gul\u00e1si tart\u00e1lyhoz rozsdamentes ac\u00e9lb\u00f3l. Bels\u0151 menettel vas autokl\u00e1vhoz \u00e9s haszn\u00e1lati melegv\u00edz tart\u00e1ly nyom\u00e1sr\u00f6gz\u00edt\u00e9s\u00e9hez.\" \/>\r\n<meta name=\"robots\" content=\"index, follow, max-snippet:-1, max-image-preview:large, max-video-preview:-1\" \/>\r\n<link rel=\"canonical\" href=\"https:\/\/induzon.com\/hu\/termek\/tagulasi-tartaly-konzol-fali-rogzites-rozsdamentes-acel-belso-menettel-tagulasi-tartalyhoz-vas-autoklavhoz-es-hasznalati-melegviz-tartaly-nyomasrogzitesehez\/\" \/>\r\n<meta property=\"og:locale\" content=\"hu_HU\" \/>\r\n<meta property=\"og:type\" content=\"article\" \/>\r\n<meta property=\"og:title\" content=\"Rozsdamentes Ac\u00e9l T\u00e1gul\u00e1si Tart\u00e1ly Konzol Fali R\u00f6gz\u00edt\u00e9s Bels\u0151 Menettel\" \/>\r\n<meta property=\"og:description\" content=\"Er\u0151s fali konzol t\u00e1gul\u00e1si tart\u00e1lyhoz rozsdamentes ac\u00e9lb\u00f3l. Bels\u0151 menettel vas autokl\u00e1vhoz \u00e9s haszn\u00e1lati melegv\u00edz tart\u00e1ly nyom\u00e1sr\u00f6gz\u00edt\u00e9s\u00e9hez.\" \/>\r\n<meta property=\"og:url\" content=\"https:\/\/induzon.com\/hu\/termek\/tagulasi-tartaly-konzol-fali-rogzites-rozsdamentes-acel-belso-menettel-tagulasi-tartalyhoz-vas-autoklavhoz-es-hasznalati-melegviz-tartaly-nyomasrogzitesehez\/\" \/>\r\n<meta property=\"og:site_name\" content=\"induzon\" \/>\r\n<meta property=\"og:image\" content=\"https:\/\/induzon.com\/wp-content\/uploads\/2026\/02\/\u56fe-3.jpg\" \/>\r\n\t<meta property=\"og:image:width\" content=\"1500\" \/>\r\n\t<meta property=\"og:image:height\" content=\"1500\" \/>\r\n\t<meta property=\"og:image:type\" content=\"image\/jpeg\" \/>\r\n<meta name=\"twitter:card\" content=\"summary_large_image\" \/>\r\n<script type=\"application\/ld+json\" class=\"yoast-schema-graph\">{\"@context\":\"https:\/\/schema.org\",\"@graph\":[{\"@type\":\"WebPage\",\"@id\":\"https:\/\/induzon.com\/hu\/termek\/tagulasi-tartaly-konzol-fali-rogzites-rozsdamentes-acel-belso-menettel-tagulasi-tartalyhoz-vas-autoklavhoz-es-hasznalati-melegviz-tartaly-nyomasrogzitesehez\/\",\"url\":\"https:\/\/induzon.com\/hu\/termek\/tagulasi-tartaly-konzol-fali-rogzites-rozsdamentes-acel-belso-menettel-tagulasi-tartalyhoz-vas-autoklavhoz-es-hasznalati-melegviz-tartaly-nyomasrogzitesehez\/\",\"name\":\"Rozsdamentes Ac\u00e9l T\u00e1gul\u00e1si Tart\u00e1ly Konzol Fali R\u00f6gz\u00edt\u00e9s Bels\u0151 Menettel\",\"isPartOf\":{\"@id\":\"https:\/\/induzon.com\/hu\/#website\"},\"primaryImageOfPage\":{\"@id\":\"https:\/\/induzon.com\/hu\/termek\/tagulasi-tartaly-konzol-fali-rogzites-rozsdamentes-acel-belso-menettel-tagulasi-tartalyhoz-vas-autoklavhoz-es-hasznalati-melegviz-tartaly-nyomasrogzitesehez\/#primaryimage\"},\"image\":{\"@id\":\"https:\/\/induzon.com\/hu\/termek\/tagulasi-tartaly-konzol-fali-rogzites-rozsdamentes-acel-belso-menettel-tagulasi-tartalyhoz-vas-autoklavhoz-es-hasznalati-melegviz-tartaly-nyomasrogzitesehez\/#primaryimage\"},\"thumbnailUrl\":\"https:\/\/induzon.com\/wp-content\/uploads\/2026\/02\/\u56fe-3.jpg\",\"datePublished\":\"2026-02-23T06:14:03+00:00\",\"description\":\"Er\u0151s fali konzol t\u00e1gul\u00e1si tart\u00e1lyhoz rozsdamentes ac\u00e9lb\u00f3l. Bels\u0151 menettel vas autokl\u00e1vhoz \u00e9s haszn\u00e1lati melegv\u00edz tart\u00e1ly nyom\u00e1sr\u00f6gz\u00edt\u00e9s\u00e9hez.\",\"breadcrumb\":{\"@id\":\"https:\/\/induzon.com\/hu\/termek\/tagulasi-tartaly-konzol-fali-rogzites-rozsdamentes-acel-belso-menettel-tagulasi-tartalyhoz-vas-autoklavhoz-es-hasznalati-melegviz-tartaly-nyomasrogzitesehez\/#breadcrumb\"},\"inLanguage\":\"hu\",\"potentialAction\":[{\"@type\":\"ReadAction\",\"target\":[\"https:\/\/induzon.com\/hu\/termek\/tagulasi-tartaly-konzol-fali-rogzites-rozsdamentes-acel-belso-menettel-tagulasi-tartalyhoz-vas-autoklavhoz-es-hasznalati-melegviz-tartaly-nyomasrogzitesehez\/\"]}]},{\"@type\":\"ImageObject\",\"inLanguage\":\"hu\",\"@id\":\"https:\/\/induzon.com\/hu\/termek\/tagulasi-tartaly-konzol-fali-rogzites-rozsdamentes-acel-belso-menettel-tagulasi-tartalyhoz-vas-autoklavhoz-es-hasznalati-melegviz-tartaly-nyomasrogzitesehez\/#primaryimage\",\"url\":\"https:\/\/induzon.com\/wp-content\/uploads\/2026\/02\/\u56fe-3.jpg\",\"contentUrl\":\"https:\/\/induzon.com\/wp-content\/uploads\/2026\/02\/\u56fe-3.jpg\",\"width\":1500,\"height\":1500,\"caption\":\"Stainless Steel Expansion Tank Bracket\"},{\"@type\":\"BreadcrumbList\",\"@id\":\"https:\/\/induzon.com\/hu\/termek\/tagulasi-tartaly-konzol-fali-rogzites-rozsdamentes-acel-belso-menettel-tagulasi-tartalyhoz-vas-autoklavhoz-es-hasznalati-melegviz-tartaly-nyomasrogzitesehez\/#breadcrumb\",\"itemListElement\":[{\"@type\":\"ListItem\",\"position\":1,\"name\":\"\u9996\u9875\",\"item\":\"https:\/\/induzon.com\/hu\/\"},{\"@type\":\"ListItem\",\"position\":2,\"name\":\"Bolt\",\"item\":\"https:\/\/induzon.com\/hu\/bolt\/\"},{\"@type\":\"ListItem\",\"position\":3,\"name\":\"T\u00e1gul\u00e1si tart\u00e1ly konzol fali r\u00f6gz\u00edt\u00e9s rozsdamentes ac\u00e9l bels\u0151 menettel t\u00e1gul\u00e1si tart\u00e1lyhoz vas autokl\u00e1vhoz \u00e9s haszn\u00e1lati melegv\u00edz tart\u00e1ly nyom\u00e1sr\u00f6gz\u00edt\u00e9s\u00e9hez\"}]},{\"@type\":\"WebSite\",\"@id\":\"https:\/\/induzon.com\/hu\/#website\",\"url\":\"https:\/\/induzon.com\/hu\/\",\"name\":\"induzon\",\"description\":\"\",\"publisher\":{\"@id\":\"https:\/\/induzon.com\/hu\/#organization\"},\"potentialAction\":[{\"@type\":\"SearchAction\",\"target\":{\"@type\":\"EntryPoint\",\"urlTemplate\":\"https:\/\/induzon.com\/hu\/?s={search_term_string}\"},\"query-input\":{\"@type\":\"PropertyValueSpecification\",\"valueRequired\":true,\"valueName\":\"search_term_string\"}}],\"inLanguage\":\"hu\"},{\"@type\":\"Organization\",\"@id\":\"https:\/\/induzon.com\/hu\/#organization\",\"name\":\"induzon\",\"url\":\"https:\/\/induzon.com\/hu\/\",\"logo\":{\"@type\":\"ImageObject\",\"inLanguage\":\"hu\",\"@id\":\"https:\/\/induzon.com\/hu\/#\/schema\/logo\/image\/\",\"url\":\"https:\/\/induzon.com\/wp-content\/uploads\/2025\/05\/cropped-026.png\",\"contentUrl\":\"https:\/\/induzon.com\/wp-content\/uploads\/2025\/05\/cropped-026.png\",\"width\":512,\"height\":512,\"caption\":\"induzon\"},\"image\":{\"@id\":\"https:\/\/induzon.com\/hu\/#\/schema\/logo\/image\/\"}}]}<\/script>\r\n<!-- \/ Yoast SEO plugin. -->","yoast_head_json":{"title":"Rozsdamentes Ac\u00e9l T\u00e1gul\u00e1si Tart\u00e1ly Konzol Fali R\u00f6gz\u00edt\u00e9s Bels\u0151 Menettel","description":"Er\u0151s fali konzol t\u00e1gul\u00e1si tart\u00e1lyhoz rozsdamentes ac\u00e9lb\u00f3l. Bels\u0151 menettel vas autokl\u00e1vhoz \u00e9s haszn\u00e1lati melegv\u00edz tart\u00e1ly nyom\u00e1sr\u00f6gz\u00edt\u00e9s\u00e9hez.","robots":{"index":"index","follow":"follow","max-snippet":"max-snippet:-1","max-image-preview":"max-image-preview:large","max-video-preview":"max-video-preview:-1"},"canonical":"https:\/\/induzon.com\/hu\/termek\/tagulasi-tartaly-konzol-fali-rogzites-rozsdamentes-acel-belso-menettel-tagulasi-tartalyhoz-vas-autoklavhoz-es-hasznalati-melegviz-tartaly-nyomasrogzitesehez\/","og_locale":"hu_HU","og_type":"article","og_title":"Rozsdamentes Ac\u00e9l T\u00e1gul\u00e1si Tart\u00e1ly Konzol Fali R\u00f6gz\u00edt\u00e9s Bels\u0151 Menettel","og_description":"Er\u0151s fali konzol t\u00e1gul\u00e1si tart\u00e1lyhoz rozsdamentes ac\u00e9lb\u00f3l. Bels\u0151 menettel vas autokl\u00e1vhoz \u00e9s haszn\u00e1lati melegv\u00edz tart\u00e1ly nyom\u00e1sr\u00f6gz\u00edt\u00e9s\u00e9hez.","og_url":"https:\/\/induzon.com\/hu\/termek\/tagulasi-tartaly-konzol-fali-rogzites-rozsdamentes-acel-belso-menettel-tagulasi-tartalyhoz-vas-autoklavhoz-es-hasznalati-melegviz-tartaly-nyomasrogzitesehez\/","og_site_name":"induzon","og_image":[{"width":1500,"height":1500,"url":"https:\/\/induzon.com\/wp-content\/uploads\/2026\/02\/\u56fe-3.jpg","type":"image\/jpeg"}],"twitter_card":"summary_large_image","schema":{"@context":"https:\/\/schema.org","@graph":[{"@type":"WebPage","@id":"https:\/\/induzon.com\/hu\/termek\/tagulasi-tartaly-konzol-fali-rogzites-rozsdamentes-acel-belso-menettel-tagulasi-tartalyhoz-vas-autoklavhoz-es-hasznalati-melegviz-tartaly-nyomasrogzitesehez\/","url":"https:\/\/induzon.com\/hu\/termek\/tagulasi-tartaly-konzol-fali-rogzites-rozsdamentes-acel-belso-menettel-tagulasi-tartalyhoz-vas-autoklavhoz-es-hasznalati-melegviz-tartaly-nyomasrogzitesehez\/","name":"Rozsdamentes Ac\u00e9l T\u00e1gul\u00e1si Tart\u00e1ly Konzol Fali R\u00f6gz\u00edt\u00e9s Bels\u0151 Menettel","isPartOf":{"@id":"https:\/\/induzon.com\/hu\/#website"},"primaryImageOfPage":{"@id":"https:\/\/induzon.com\/hu\/termek\/tagulasi-tartaly-konzol-fali-rogzites-rozsdamentes-acel-belso-menettel-tagulasi-tartalyhoz-vas-autoklavhoz-es-hasznalati-melegviz-tartaly-nyomasrogzitesehez\/#primaryimage"},"image":{"@id":"https:\/\/induzon.com\/hu\/termek\/tagulasi-tartaly-konzol-fali-rogzites-rozsdamentes-acel-belso-menettel-tagulasi-tartalyhoz-vas-autoklavhoz-es-hasznalati-melegviz-tartaly-nyomasrogzitesehez\/#primaryimage"},"thumbnailUrl":"https:\/\/induzon.com\/wp-content\/uploads\/2026\/02\/\u56fe-3.jpg","datePublished":"2026-02-23T06:14:03+00:00","description":"Er\u0151s fali konzol t\u00e1gul\u00e1si tart\u00e1lyhoz rozsdamentes ac\u00e9lb\u00f3l. Bels\u0151 menettel vas autokl\u00e1vhoz \u00e9s haszn\u00e1lati melegv\u00edz tart\u00e1ly nyom\u00e1sr\u00f6gz\u00edt\u00e9s\u00e9hez.","breadcrumb":{"@id":"https:\/\/induzon.com\/hu\/termek\/tagulasi-tartaly-konzol-fali-rogzites-rozsdamentes-acel-belso-menettel-tagulasi-tartalyhoz-vas-autoklavhoz-es-hasznalati-melegviz-tartaly-nyomasrogzitesehez\/#breadcrumb"},"inLanguage":"hu","potentialAction":[{"@type":"ReadAction","target":["https:\/\/induzon.com\/hu\/termek\/tagulasi-tartaly-konzol-fali-rogzites-rozsdamentes-acel-belso-menettel-tagulasi-tartalyhoz-vas-autoklavhoz-es-hasznalati-melegviz-tartaly-nyomasrogzitesehez\/"]}]},{"@type":"ImageObject","inLanguage":"hu","@id":"https:\/\/induzon.com\/hu\/termek\/tagulasi-tartaly-konzol-fali-rogzites-rozsdamentes-acel-belso-menettel-tagulasi-tartalyhoz-vas-autoklavhoz-es-hasznalati-melegviz-tartaly-nyomasrogzitesehez\/#primaryimage","url":"https:\/\/induzon.com\/wp-content\/uploads\/2026\/02\/\u56fe-3.jpg","contentUrl":"https:\/\/induzon.com\/wp-content\/uploads\/2026\/02\/\u56fe-3.jpg","width":1500,"height":1500,"caption":"Stainless Steel Expansion Tank Bracket"},{"@type":"BreadcrumbList","@id":"https:\/\/induzon.com\/hu\/termek\/tagulasi-tartaly-konzol-fali-rogzites-rozsdamentes-acel-belso-menettel-tagulasi-tartalyhoz-vas-autoklavhoz-es-hasznalati-melegviz-tartaly-nyomasrogzitesehez\/#breadcrumb","itemListElement":[{"@type":"ListItem","position":1,"name":"\u9996\u9875","item":"https:\/\/induzon.com\/hu\/"},{"@type":"ListItem","position":2,"name":"Bolt","item":"https:\/\/induzon.com\/hu\/bolt\/"},{"@type":"ListItem","position":3,"name":"T\u00e1gul\u00e1si tart\u00e1ly konzol fali r\u00f6gz\u00edt\u00e9s rozsdamentes ac\u00e9l bels\u0151 menettel t\u00e1gul\u00e1si tart\u00e1lyhoz vas autokl\u00e1vhoz \u00e9s haszn\u00e1lati melegv\u00edz tart\u00e1ly nyom\u00e1sr\u00f6gz\u00edt\u00e9s\u00e9hez"}]},{"@type":"WebSite","@id":"https:\/\/induzon.com\/hu\/#website","url":"https:\/\/induzon.com\/hu\/","name":"induzon","description":"","publisher":{"@id":"https:\/\/induzon.com\/hu\/#organization"},"potentialAction":[{"@type":"SearchAction","target":{"@type":"EntryPoint","urlTemplate":"https:\/\/induzon.com\/hu\/?s={search_term_string}"},"query-input":{"@type":"PropertyValueSpecification","valueRequired":true,"valueName":"search_term_string"}}],"inLanguage":"hu"},{"@type":"Organization","@id":"https:\/\/induzon.com\/hu\/#organization","name":"induzon","url":"https:\/\/induzon.com\/hu\/","logo":{"@type":"ImageObject","inLanguage":"hu","@id":"https:\/\/induzon.com\/hu\/#\/schema\/logo\/image\/","url":"https:\/\/induzon.com\/wp-content\/uploads\/2025\/05\/cropped-026.png","contentUrl":"https:\/\/induzon.com\/wp-content\/uploads\/2025\/05\/cropped-026.png","width":512,"height":512,"caption":"induzon"},"image":{"@id":"https:\/\/induzon.com\/hu\/#\/schema\/logo\/image\/"}}]}},"_links":{"self":[{"href":"https:\/\/induzon.com\/hu\/wp-json\/wp\/v2\/product\/33576","targetHints":{"allow":["GET"]}}],"collection":[{"href":"https:\/\/induzon.com\/hu\/wp-json\/wp\/v2\/product"}],"about":[{"href":"https:\/\/induzon.com\/hu\/wp-json\/wp\/v2\/types\/product"}],"replies":[{"embeddable":true,"href":"https:\/\/induzon.com\/hu\/wp-json\/wp\/v2\/comments?post=33576"}],"version-history":[{"count":0,"href":"https:\/\/induzon.com\/hu\/wp-json\/wp\/v2\/product\/33576\/revisions"}],"wp:featuredmedia":[{"embeddable":true,"href":"https:\/\/induzon.com\/hu\/wp-json\/wp\/v2\/media\/33483"}],"wp:attachment":[{"href":"https:\/\/induzon.com\/hu\/wp-json\/wp\/v2\/media?parent=33576"}],"wp:term":[{"taxonomy":"product_brand","embeddable":true,"href":"https:\/\/induzon.com\/hu\/wp-json\/wp\/v2\/product_brand?post=33576"},{"taxonomy":"product_cat","embeddable":true,"href":"https:\/\/induzon.com\/hu\/wp-json\/wp\/v2\/product_cat?post=33576"},{"taxonomy":"product_tag","embeddable":true,"href":"https:\/\/induzon.com\/hu\/wp-json\/wp\/v2\/product_tag?post=33576"}],"curies":[{"name":"wp","href":"https:\/\/api.w.org\/{rel}","templated":true}]}}