{"id":35810,"date":"2026-03-21T10:13:55","date_gmt":"2026-03-21T02:13:55","guid":{"rendered":"https:\/\/induzon.com\/shop\/termosztatikus-csaptelep-dn15-dn20-dn25-zuhanyzo-konyha-furdokad\/"},"modified":"2026-04-20T10:34:14","modified_gmt":"2026-04-20T02:34:14","slug":"termosztatikus-csaptelep-dn15-dn20-dn25-zuhanyzo-konyha-furdokad","status":"publish","type":"product","link":"https:\/\/induzon.com\/hu\/termek\/termosztatikus-csaptelep-dn15-dn20-dn25-zuhanyzo-konyha-furdokad\/","title":{"rendered":"Termosztatikus csaptelep DN15 DN20 DN25 zuhanyz\u00f3 konyha f\u00fcrd\u0151k\u00e1d"},"content":{"rendered":"<p>M\u0171szaki adatok:<br \/>\n-\u00dczemi nyom\u00e1s: 0,03\u20131 MPa<br \/>\n-Ide\u00e1lis \u00fczemi nyom\u00e1s: 0,1\u20130,5 MPa<br \/>\n-\u00c1raml\u00e1si sebess\u00e9g: 20 l\/perc (nyom\u00e1s &gt; 0,1 MPa)<br \/>\n-Hideg bemeneti h\u0151m\u00e9rs\u00e9klet-tartom\u00e1ny: 4\u201334 \u00b0C<br \/>\n-Meleg bemeneti h\u0151m\u00e9rs\u00e9klet-tartom\u00e1ny: 36\u201399 \u00b0C<br \/>\n-Be\u00e1ll\u00edthat\u00f3 h\u0151m\u00e9rs\u00e9kleti tartom\u00e1ny: 35\u201350 \u00b0C<br \/>\n-Pontoss\u00e1g: \u00b12 \u00b0C<br \/>\n-Visszacsap\u00f3 szeleppel<br \/>\n-S\u00e1rgar\u00e9z, nikkelbevonattal<\/p>\n","protected":false},"excerpt":{"rendered":"<p>M\u0171szaki adatok: -\u00dczemi nyom\u00e1s: 0,03\u20131 MPa -Ide\u00e1lis \u00fczemi nyom\u00e1s: 0,1\u20130,5 MPa -\u00c1raml\u00e1si sebess\u00e9g: 20 l\/perc (nyom\u00e1s &gt; 0,1 MPa) -Hideg [&hellip;]<\/p>\n","protected":false},"featured_media":35742,"comment_status":"open","ping_status":"closed","template":"","meta":{"site-sidebar-layout":"default","site-content-layout":"","ast-site-content-layout":"default","site-content-style":"default","site-sidebar-style":"default","ast-global-header-display":"","ast-banner-title-visibility":"","ast-main-header-display":"","ast-hfb-above-header-display":"","ast-hfb-below-header-display":"","ast-hfb-mobile-header-display":"","site-post-title":"","ast-breadcrumbs-content":"","ast-featured-img":"","footer-sml-layout":"","theme-transparent-header-meta":"default","adv-header-id-meta":"","stick-header-meta":"","header-above-stick-meta":"","header-main-stick-meta":"","header-below-stick-meta":"","astra-migrate-meta-layouts":"set","ast-page-background-enabled":"default","ast-page-background-meta":{"desktop":{"background-color":"var(--ast-global-color-4)","background-image":"","background-repeat":"repeat","background-position":"center center","background-size":"auto","background-attachment":"scroll","background-type":"","background-media":"","overlay-type":"","overlay-color":"","overlay-opacity":"","overlay-gradient":""},"tablet":{"background-color":"","background-image":"","background-repeat":"repeat","background-position":"center center","background-size":"auto","background-attachment":"scroll","background-type":"","background-media":"","overlay-type":"","overlay-color":"","overlay-opacity":"","overlay-gradient":""},"mobile":{"background-color":"","background-image":"","background-repeat":"repeat","background-position":"center center","background-size":"auto","background-attachment":"scroll","background-type":"","background-media":"","overlay-type":"","overlay-color":"","overlay-opacity":"","overlay-gradient":""}},"ast-content-background-meta":{"desktop":{"background-color":"var(--ast-global-color-5)","background-image":"","background-repeat":"repeat","background-position":"center center","background-size":"auto","background-attachment":"scroll","background-type":"","background-media":"","overlay-type":"","overlay-color":"","overlay-opacity":"","overlay-gradient":""},"tablet":{"background-color":"var(--ast-global-color-5)","background-image":"","background-repeat":"repeat","background-position":"center center","background-size":"auto","background-attachment":"scroll","background-type":"","background-media":"","overlay-type":"","overlay-color":"","overlay-opacity":"","overlay-gradient":""},"mobile":{"background-color":"var(--ast-global-color-5)","background-image":"","background-repeat":"repeat","background-position":"center center","background-size":"auto","background-attachment":"scroll","background-type":"","background-media":"","overlay-type":"","overlay-color":"","overlay-opacity":"","overlay-gradient":""}}},"product_brand":[],"product_cat":[2284],"product_tag":[],"class_list":{"0":"post-35810","1":"product","2":"type-product","3":"status-publish","4":"has-post-thumbnail","6":"product_cat-szelep","7":"desktop-align-left","8":"tablet-align-left","9":"mobile-align-left","11":"first","12":"instock","13":"sale","14":"shipping-taxable","15":"purchasable","16":"product-type-variable"},"yoast_head":"<!-- This site is optimized with the Yoast SEO plugin v27.5 - https:\/\/yoast.com\/product\/yoast-seo-wordpress\/ -->\r\n<title>Termosztatikus csaptelep DN15 DN20 DN25<\/title>\r\n<meta name=\"description\" content=\"Kiv\u00e1l\u00f3 min\u0151s\u00e9g\u0171 termosztatikus csaptelep zuhanyz\u00f3 konyha \u00e9s f\u00fcrd\u0151k\u00e1d sz\u00e1m\u00e1ra Kaphat\u00f3 DN15 DN20 DN25 m\u00e9retben pontos h\u0151m\u00e9rs\u00e9kletszab\u00e1lyoz\u00e1s\" \/>\r\n<meta name=\"robots\" content=\"index, follow, max-snippet:-1, max-image-preview:large, max-video-preview:-1\" \/>\r\n<link rel=\"canonical\" href=\"https:\/\/induzon.com\/hu\/termek\/termosztatikus-csaptelep-dn15-dn20-dn25-zuhanyzo-konyha-furdokad\/\" \/>\r\n<meta property=\"og:locale\" content=\"hu_HU\" \/>\r\n<meta property=\"og:type\" content=\"article\" \/>\r\n<meta property=\"og:title\" content=\"Termosztatikus csaptelep DN15 DN20 DN25\" \/>\r\n<meta property=\"og:description\" content=\"Kiv\u00e1l\u00f3 min\u0151s\u00e9g\u0171 termosztatikus csaptelep zuhanyz\u00f3 konyha \u00e9s f\u00fcrd\u0151k\u00e1d sz\u00e1m\u00e1ra Kaphat\u00f3 DN15 DN20 DN25 m\u00e9retben pontos h\u0151m\u00e9rs\u00e9kletszab\u00e1lyoz\u00e1s\" \/>\r\n<meta property=\"og:url\" content=\"https:\/\/induzon.com\/hu\/termek\/termosztatikus-csaptelep-dn15-dn20-dn25-zuhanyzo-konyha-furdokad\/\" \/>\r\n<meta property=\"og:site_name\" content=\"induzon\" \/>\r\n<meta property=\"article:modified_time\" content=\"2026-04-20T02:34:14+00:00\" \/>\r\n<meta property=\"og:image\" content=\"https:\/\/induzon.com\/wp-content\/uploads\/2026\/03\/3-21-2.png\" \/>\r\n\t<meta property=\"og:image:width\" content=\"605\" \/>\r\n\t<meta property=\"og:image:height\" content=\"422\" \/>\r\n\t<meta property=\"og:image:type\" content=\"image\/png\" \/>\r\n<meta name=\"twitter:card\" content=\"summary_large_image\" \/>\r\n<meta name=\"twitter:label1\" content=\"Becs\u00fclt olvas\u00e1si id\u0151\" \/>\n\t<meta name=\"twitter:data1\" content=\"1 perc\" \/>\r\n<script type=\"application\/ld+json\" class=\"yoast-schema-graph\">{\"@context\":\"https:\\\/\\\/schema.org\",\"@graph\":[{\"@type\":\"WebPage\",\"@id\":\"https:\\\/\\\/induzon.com\\\/hu\\\/termek\\\/termosztatikus-csaptelep-dn15-dn20-dn25-zuhanyzo-konyha-furdokad\\\/\",\"url\":\"https:\\\/\\\/induzon.com\\\/hu\\\/termek\\\/termosztatikus-csaptelep-dn15-dn20-dn25-zuhanyzo-konyha-furdokad\\\/\",\"name\":\"Termosztatikus csaptelep DN15 DN20 DN25\",\"isPartOf\":{\"@id\":\"https:\\\/\\\/induzon.com\\\/hu\\\/#website\"},\"primaryImageOfPage\":{\"@id\":\"https:\\\/\\\/induzon.com\\\/hu\\\/termek\\\/termosztatikus-csaptelep-dn15-dn20-dn25-zuhanyzo-konyha-furdokad\\\/#primaryimage\"},\"image\":{\"@id\":\"https:\\\/\\\/induzon.com\\\/hu\\\/termek\\\/termosztatikus-csaptelep-dn15-dn20-dn25-zuhanyzo-konyha-furdokad\\\/#primaryimage\"},\"thumbnailUrl\":\"https:\\\/\\\/induzon.com\\\/wp-content\\\/uploads\\\/2026\\\/03\\\/3-21-2.png\",\"datePublished\":\"2026-03-21T02:13:55+00:00\",\"dateModified\":\"2026-04-20T02:34:14+00:00\",\"description\":\"Kiv\u00e1l\u00f3 min\u0151s\u00e9g\u0171 termosztatikus csaptelep zuhanyz\u00f3 konyha \u00e9s f\u00fcrd\u0151k\u00e1d sz\u00e1m\u00e1ra Kaphat\u00f3 DN15 DN20 DN25 m\u00e9retben pontos h\u0151m\u00e9rs\u00e9kletszab\u00e1lyoz\u00e1s\",\"breadcrumb\":{\"@id\":\"https:\\\/\\\/induzon.com\\\/hu\\\/termek\\\/termosztatikus-csaptelep-dn15-dn20-dn25-zuhanyzo-konyha-furdokad\\\/#breadcrumb\"},\"inLanguage\":\"hu\",\"potentialAction\":[{\"@type\":\"ReadAction\",\"target\":[\"https:\\\/\\\/induzon.com\\\/hu\\\/termek\\\/termosztatikus-csaptelep-dn15-dn20-dn25-zuhanyzo-konyha-furdokad\\\/\"]}]},{\"@type\":\"ImageObject\",\"inLanguage\":\"hu\",\"@id\":\"https:\\\/\\\/induzon.com\\\/hu\\\/termek\\\/termosztatikus-csaptelep-dn15-dn20-dn25-zuhanyzo-konyha-furdokad\\\/#primaryimage\",\"url\":\"https:\\\/\\\/induzon.com\\\/wp-content\\\/uploads\\\/2026\\\/03\\\/3-21-2.png\",\"contentUrl\":\"https:\\\/\\\/induzon.com\\\/wp-content\\\/uploads\\\/2026\\\/03\\\/3-21-2.png\",\"width\":605,\"height\":422,\"caption\":\"Termosztatikus csaptelep DN15 DN20 DN25 zuhanyz\u00f3 konyha f\u00fcrd\u0151k\u00e1d\"},{\"@type\":\"BreadcrumbList\",\"@id\":\"https:\\\/\\\/induzon.com\\\/hu\\\/termek\\\/termosztatikus-csaptelep-dn15-dn20-dn25-zuhanyzo-konyha-furdokad\\\/#breadcrumb\",\"itemListElement\":[{\"@type\":\"ListItem\",\"position\":1,\"name\":\"\u9996\u9875\",\"item\":\"https:\\\/\\\/induzon.com\\\/hu\\\/\"},{\"@type\":\"ListItem\",\"position\":2,\"name\":\"Bolt\",\"item\":\"https:\\\/\\\/induzon.com\\\/hu\\\/bolt\\\/\"},{\"@type\":\"ListItem\",\"position\":3,\"name\":\"Termosztatikus csaptelep DN15 DN20 DN25 zuhanyz\u00f3 konyha f\u00fcrd\u0151k\u00e1d\"}]},{\"@type\":\"WebSite\",\"@id\":\"https:\\\/\\\/induzon.com\\\/hu\\\/#website\",\"url\":\"https:\\\/\\\/induzon.com\\\/hu\\\/\",\"name\":\"induzon\",\"description\":\"\",\"publisher\":{\"@id\":\"https:\\\/\\\/induzon.com\\\/hu\\\/#organization\"},\"potentialAction\":[{\"@type\":\"SearchAction\",\"target\":{\"@type\":\"EntryPoint\",\"urlTemplate\":\"https:\\\/\\\/induzon.com\\\/hu\\\/?s={search_term_string}\"},\"query-input\":{\"@type\":\"PropertyValueSpecification\",\"valueRequired\":true,\"valueName\":\"search_term_string\"}}],\"inLanguage\":\"hu\"},{\"@type\":\"Organization\",\"@id\":\"https:\\\/\\\/induzon.com\\\/hu\\\/#organization\",\"name\":\"induzon\",\"url\":\"https:\\\/\\\/induzon.com\\\/hu\\\/\",\"logo\":{\"@type\":\"ImageObject\",\"inLanguage\":\"hu\",\"@id\":\"https:\\\/\\\/induzon.com\\\/hu\\\/#\\\/schema\\\/logo\\\/image\\\/\",\"url\":\"https:\\\/\\\/induzon.com\\\/wp-content\\\/uploads\\\/2025\\\/05\\\/cropped-026.png\",\"contentUrl\":\"https:\\\/\\\/induzon.com\\\/wp-content\\\/uploads\\\/2025\\\/05\\\/cropped-026.png\",\"width\":512,\"height\":512,\"caption\":\"induzon\"},\"image\":{\"@id\":\"https:\\\/\\\/induzon.com\\\/hu\\\/#\\\/schema\\\/logo\\\/image\\\/\"}}]}<\/script>\r\n<!-- \/ Yoast SEO plugin. -->","yoast_head_json":{"title":"Termosztatikus csaptelep DN15 DN20 DN25","description":"Kiv\u00e1l\u00f3 min\u0151s\u00e9g\u0171 termosztatikus csaptelep zuhanyz\u00f3 konyha \u00e9s f\u00fcrd\u0151k\u00e1d sz\u00e1m\u00e1ra Kaphat\u00f3 DN15 DN20 DN25 m\u00e9retben pontos h\u0151m\u00e9rs\u00e9kletszab\u00e1lyoz\u00e1s","robots":{"index":"index","follow":"follow","max-snippet":"max-snippet:-1","max-image-preview":"max-image-preview:large","max-video-preview":"max-video-preview:-1"},"canonical":"https:\/\/induzon.com\/hu\/termek\/termosztatikus-csaptelep-dn15-dn20-dn25-zuhanyzo-konyha-furdokad\/","og_locale":"hu_HU","og_type":"article","og_title":"Termosztatikus csaptelep DN15 DN20 DN25","og_description":"Kiv\u00e1l\u00f3 min\u0151s\u00e9g\u0171 termosztatikus csaptelep zuhanyz\u00f3 konyha \u00e9s f\u00fcrd\u0151k\u00e1d sz\u00e1m\u00e1ra Kaphat\u00f3 DN15 DN20 DN25 m\u00e9retben pontos h\u0151m\u00e9rs\u00e9kletszab\u00e1lyoz\u00e1s","og_url":"https:\/\/induzon.com\/hu\/termek\/termosztatikus-csaptelep-dn15-dn20-dn25-zuhanyzo-konyha-furdokad\/","og_site_name":"induzon","article_modified_time":"2026-04-20T02:34:14+00:00","og_image":[{"width":605,"height":422,"url":"https:\/\/induzon.com\/wp-content\/uploads\/2026\/03\/3-21-2.png","type":"image\/png"}],"twitter_card":"summary_large_image","twitter_misc":{"Becs\u00fclt olvas\u00e1si id\u0151":"1 perc"},"schema":{"@context":"https:\/\/schema.org","@graph":[{"@type":"WebPage","@id":"https:\/\/induzon.com\/hu\/termek\/termosztatikus-csaptelep-dn15-dn20-dn25-zuhanyzo-konyha-furdokad\/","url":"https:\/\/induzon.com\/hu\/termek\/termosztatikus-csaptelep-dn15-dn20-dn25-zuhanyzo-konyha-furdokad\/","name":"Termosztatikus csaptelep DN15 DN20 DN25","isPartOf":{"@id":"https:\/\/induzon.com\/hu\/#website"},"primaryImageOfPage":{"@id":"https:\/\/induzon.com\/hu\/termek\/termosztatikus-csaptelep-dn15-dn20-dn25-zuhanyzo-konyha-furdokad\/#primaryimage"},"image":{"@id":"https:\/\/induzon.com\/hu\/termek\/termosztatikus-csaptelep-dn15-dn20-dn25-zuhanyzo-konyha-furdokad\/#primaryimage"},"thumbnailUrl":"https:\/\/induzon.com\/wp-content\/uploads\/2026\/03\/3-21-2.png","datePublished":"2026-03-21T02:13:55+00:00","dateModified":"2026-04-20T02:34:14+00:00","description":"Kiv\u00e1l\u00f3 min\u0151s\u00e9g\u0171 termosztatikus csaptelep zuhanyz\u00f3 konyha \u00e9s f\u00fcrd\u0151k\u00e1d sz\u00e1m\u00e1ra Kaphat\u00f3 DN15 DN20 DN25 m\u00e9retben pontos h\u0151m\u00e9rs\u00e9kletszab\u00e1lyoz\u00e1s","breadcrumb":{"@id":"https:\/\/induzon.com\/hu\/termek\/termosztatikus-csaptelep-dn15-dn20-dn25-zuhanyzo-konyha-furdokad\/#breadcrumb"},"inLanguage":"hu","potentialAction":[{"@type":"ReadAction","target":["https:\/\/induzon.com\/hu\/termek\/termosztatikus-csaptelep-dn15-dn20-dn25-zuhanyzo-konyha-furdokad\/"]}]},{"@type":"ImageObject","inLanguage":"hu","@id":"https:\/\/induzon.com\/hu\/termek\/termosztatikus-csaptelep-dn15-dn20-dn25-zuhanyzo-konyha-furdokad\/#primaryimage","url":"https:\/\/induzon.com\/wp-content\/uploads\/2026\/03\/3-21-2.png","contentUrl":"https:\/\/induzon.com\/wp-content\/uploads\/2026\/03\/3-21-2.png","width":605,"height":422,"caption":"Termosztatikus csaptelep DN15 DN20 DN25 zuhanyz\u00f3 konyha f\u00fcrd\u0151k\u00e1d"},{"@type":"BreadcrumbList","@id":"https:\/\/induzon.com\/hu\/termek\/termosztatikus-csaptelep-dn15-dn20-dn25-zuhanyzo-konyha-furdokad\/#breadcrumb","itemListElement":[{"@type":"ListItem","position":1,"name":"\u9996\u9875","item":"https:\/\/induzon.com\/hu\/"},{"@type":"ListItem","position":2,"name":"Bolt","item":"https:\/\/induzon.com\/hu\/bolt\/"},{"@type":"ListItem","position":3,"name":"Termosztatikus csaptelep DN15 DN20 DN25 zuhanyz\u00f3 konyha f\u00fcrd\u0151k\u00e1d"}]},{"@type":"WebSite","@id":"https:\/\/induzon.com\/hu\/#website","url":"https:\/\/induzon.com\/hu\/","name":"induzon","description":"","publisher":{"@id":"https:\/\/induzon.com\/hu\/#organization"},"potentialAction":[{"@type":"SearchAction","target":{"@type":"EntryPoint","urlTemplate":"https:\/\/induzon.com\/hu\/?s={search_term_string}"},"query-input":{"@type":"PropertyValueSpecification","valueRequired":true,"valueName":"search_term_string"}}],"inLanguage":"hu"},{"@type":"Organization","@id":"https:\/\/induzon.com\/hu\/#organization","name":"induzon","url":"https:\/\/induzon.com\/hu\/","logo":{"@type":"ImageObject","inLanguage":"hu","@id":"https:\/\/induzon.com\/hu\/#\/schema\/logo\/image\/","url":"https:\/\/induzon.com\/wp-content\/uploads\/2025\/05\/cropped-026.png","contentUrl":"https:\/\/induzon.com\/wp-content\/uploads\/2025\/05\/cropped-026.png","width":512,"height":512,"caption":"induzon"},"image":{"@id":"https:\/\/induzon.com\/hu\/#\/schema\/logo\/image\/"}}]}},"_links":{"self":[{"href":"https:\/\/induzon.com\/hu\/wp-json\/wp\/v2\/product\/35810","targetHints":{"allow":["GET"]}}],"collection":[{"href":"https:\/\/induzon.com\/hu\/wp-json\/wp\/v2\/product"}],"about":[{"href":"https:\/\/induzon.com\/hu\/wp-json\/wp\/v2\/types\/product"}],"replies":[{"embeddable":true,"href":"https:\/\/induzon.com\/hu\/wp-json\/wp\/v2\/comments?post=35810"}],"version-history":[{"count":2,"href":"https:\/\/induzon.com\/hu\/wp-json\/wp\/v2\/product\/35810\/revisions"}],"predecessor-version":[{"id":37198,"href":"https:\/\/induzon.com\/hu\/wp-json\/wp\/v2\/product\/35810\/revisions\/37198"}],"wp:featuredmedia":[{"embeddable":true,"href":"https:\/\/induzon.com\/hu\/wp-json\/wp\/v2\/media\/35742"}],"wp:attachment":[{"href":"https:\/\/induzon.com\/hu\/wp-json\/wp\/v2\/media?parent=35810"}],"wp:term":[{"taxonomy":"product_brand","embeddable":true,"href":"https:\/\/induzon.com\/hu\/wp-json\/wp\/v2\/product_brand?post=35810"},{"taxonomy":"product_cat","embeddable":true,"href":"https:\/\/induzon.com\/hu\/wp-json\/wp\/v2\/product_cat?post=35810"},{"taxonomy":"product_tag","embeddable":true,"href":"https:\/\/induzon.com\/hu\/wp-json\/wp\/v2\/product_tag?post=35810"}],"curies":[{"name":"wp","href":"https:\/\/api.w.org\/{rel}","templated":true}]}}