{"id":36206,"date":"2026-03-24T17:20:22","date_gmt":"2026-03-24T09:20:22","guid":{"rendered":"https:\/\/induzon.com\/shop\/termosztatikus-keverocsaptelep-termosztatikus-szeleppel-dn50-furdoszobai-mosdo-kad-zuhany\/"},"modified":"2026-03-24T17:20:22","modified_gmt":"2026-03-24T09:20:22","slug":"termosztatikus-keverocsaptelep-termosztatikus-szeleppel-dn50-furdoszobai-mosdo-kad-zuhany","status":"publish","type":"product","link":"https:\/\/induzon.com\/hu\/termek\/termosztatikus-keverocsaptelep-termosztatikus-szeleppel-dn50-furdoszobai-mosdo-kad-zuhany\/","title":{"rendered":"Termosztatikus kever\u0151csaptelep termosztatikus szeleppel DN50 f\u00fcrd\u0151szobai mosd\u00f3 k\u00e1d zuhany"},"content":{"rendered":"<p>Modell: DN50 Csatlakoz\u00e1si m\u00e9ret: 2&#8243;<br \/>\nM\u0171szaki adatok:<br \/>\n-\u00dczemi nyom\u00e1s: 0,03\u20131 MPa<br \/>\n-Ide\u00e1lis \u00fczemi nyom\u00e1s: 0,1\u20130,5 MPa<br \/>\n-\u00c1raml\u00e1si sebess\u00e9g: 183 l\/perc (nyom\u00e1s &gt; 0,1 MPa)<br \/>\n-Hideg bemeneti h\u0151m\u00e9rs\u00e9klet-tartom\u00e1ny: 4\u201334 \u00b0C<br \/>\n-Meleg bemeneti h\u0151m\u00e9rs\u00e9klet-tartom\u00e1ny: 36\u201399 \u00b0C<br \/>\n-Be\u00e1ll\u00edthat\u00f3 h\u0151m\u00e9rs\u00e9kleti tartom\u00e1ny: 38\u201348 \u00b0C; 50\u201360 \u00b0C<br \/>\n-Pontoss\u00e1g: \u00b12 \u00b0C<br \/>\n-Visszacsap\u00f3 szelep n\u00e9lk\u00fcl<br \/>\n-304-es rozsdamentes ac\u00e9l<\/p>\n","protected":false},"excerpt":{"rendered":"<p>Modell: DN50 Csatlakoz\u00e1si m\u00e9ret: 2&#8243; M\u0171szaki adatok: -\u00dczemi nyom\u00e1s: 0,03\u20131 MPa -Ide\u00e1lis \u00fczemi nyom\u00e1s: 0,1\u20130,5 MPa -\u00c1raml\u00e1si sebess\u00e9g: 183 l\/perc [&hellip;]<\/p>\n","protected":false},"featured_media":36189,"comment_status":"open","ping_status":"closed","template":"","meta":{"site-sidebar-layout":"default","site-content-layout":"","ast-site-content-layout":"default","site-content-style":"default","site-sidebar-style":"default","ast-global-header-display":"","ast-banner-title-visibility":"","ast-main-header-display":"","ast-hfb-above-header-display":"","ast-hfb-below-header-display":"","ast-hfb-mobile-header-display":"","site-post-title":"","ast-breadcrumbs-content":"","ast-featured-img":"","footer-sml-layout":"","theme-transparent-header-meta":"default","adv-header-id-meta":"","stick-header-meta":"","header-above-stick-meta":"","header-main-stick-meta":"","header-below-stick-meta":"","astra-migrate-meta-layouts":"default","ast-page-background-enabled":"default","ast-page-background-meta":{"desktop":{"background-color":"var(--ast-global-color-4)","background-image":"","background-repeat":"repeat","background-position":"center center","background-size":"auto","background-attachment":"scroll","background-type":"","background-media":"","overlay-type":"","overlay-color":"","overlay-opacity":"","overlay-gradient":""},"tablet":{"background-color":"","background-image":"","background-repeat":"repeat","background-position":"center center","background-size":"auto","background-attachment":"scroll","background-type":"","background-media":"","overlay-type":"","overlay-color":"","overlay-opacity":"","overlay-gradient":""},"mobile":{"background-color":"","background-image":"","background-repeat":"repeat","background-position":"center center","background-size":"auto","background-attachment":"scroll","background-type":"","background-media":"","overlay-type":"","overlay-color":"","overlay-opacity":"","overlay-gradient":""}},"ast-content-background-meta":{"desktop":{"background-color":"var(--ast-global-color-5)","background-image":"","background-repeat":"repeat","background-position":"center center","background-size":"auto","background-attachment":"scroll","background-type":"","background-media":"","overlay-type":"","overlay-color":"","overlay-opacity":"","overlay-gradient":""},"tablet":{"background-color":"var(--ast-global-color-5)","background-image":"","background-repeat":"repeat","background-position":"center center","background-size":"auto","background-attachment":"scroll","background-type":"","background-media":"","overlay-type":"","overlay-color":"","overlay-opacity":"","overlay-gradient":""},"mobile":{"background-color":"var(--ast-global-color-5)","background-image":"","background-repeat":"repeat","background-position":"center center","background-size":"auto","background-attachment":"scroll","background-type":"","background-media":"","overlay-type":"","overlay-color":"","overlay-opacity":"","overlay-gradient":""}}},"product_brand":[],"product_cat":[2284],"product_tag":[2285],"class_list":{"0":"post-36206","1":"product","2":"type-product","3":"status-publish","4":"has-post-thumbnail","6":"product_cat-szelep","7":"product_tag-termosztatikus-keveroszelep","8":"desktop-align-left","9":"tablet-align-left","10":"mobile-align-left","12":"first","13":"instock","14":"sale","15":"shipping-taxable","16":"purchasable","17":"product-type-simple"},"yoast_head":"<!-- This site is optimized with the Yoast SEO plugin v24.9 - https:\/\/yoast.com\/wordpress\/plugins\/seo\/ -->\r\n<title>Termosztatikus Kever\u0151csaptelep Termosztatikus Szeleppel DN50<\/title>\r\n<meta name=\"description\" content=\"Termosztatikus kever\u0151csaptelep DN50 termosztatikus szeleppel prec\u00edz h\u0151m\u00e9rs\u00e9kletszab\u00e1lyoz\u00e1s f\u00fcrd\u0151szobai mosd\u00f3 k\u00e1d zuhany\" \/>\r\n<meta name=\"robots\" content=\"index, follow, max-snippet:-1, max-image-preview:large, max-video-preview:-1\" \/>\r\n<link rel=\"canonical\" href=\"https:\/\/induzon.com\/hu\/termek\/termosztatikus-keverocsaptelep-termosztatikus-szeleppel-dn50-furdoszobai-mosdo-kad-zuhany\/\" \/>\r\n<meta property=\"og:locale\" content=\"hu_HU\" \/>\r\n<meta property=\"og:type\" content=\"article\" \/>\r\n<meta property=\"og:title\" content=\"Termosztatikus Kever\u0151csaptelep Termosztatikus Szeleppel DN50\" \/>\r\n<meta property=\"og:description\" content=\"Termosztatikus kever\u0151csaptelep DN50 termosztatikus szeleppel prec\u00edz h\u0151m\u00e9rs\u00e9kletszab\u00e1lyoz\u00e1s f\u00fcrd\u0151szobai mosd\u00f3 k\u00e1d zuhany\" \/>\r\n<meta property=\"og:url\" content=\"https:\/\/induzon.com\/hu\/termek\/termosztatikus-keverocsaptelep-termosztatikus-szeleppel-dn50-furdoszobai-mosdo-kad-zuhany\/\" \/>\r\n<meta property=\"og:site_name\" content=\"induzon\" \/>\r\n<meta property=\"og:image\" content=\"https:\/\/induzon.com\/wp-content\/uploads\/2026\/03\/3-24-3-1.png\" \/>\r\n\t<meta property=\"og:image:width\" content=\"623\" \/>\r\n\t<meta property=\"og:image:height\" content=\"513\" \/>\r\n\t<meta property=\"og:image:type\" content=\"image\/png\" \/>\r\n<meta name=\"twitter:card\" content=\"summary_large_image\" \/>\r\n<script type=\"application\/ld+json\" class=\"yoast-schema-graph\">{\"@context\":\"https:\/\/schema.org\",\"@graph\":[{\"@type\":\"WebPage\",\"@id\":\"https:\/\/induzon.com\/hu\/termek\/termosztatikus-keverocsaptelep-termosztatikus-szeleppel-dn50-furdoszobai-mosdo-kad-zuhany\/\",\"url\":\"https:\/\/induzon.com\/hu\/termek\/termosztatikus-keverocsaptelep-termosztatikus-szeleppel-dn50-furdoszobai-mosdo-kad-zuhany\/\",\"name\":\"Termosztatikus Kever\u0151csaptelep Termosztatikus Szeleppel DN50\",\"isPartOf\":{\"@id\":\"https:\/\/induzon.com\/hu\/#website\"},\"primaryImageOfPage\":{\"@id\":\"https:\/\/induzon.com\/hu\/termek\/termosztatikus-keverocsaptelep-termosztatikus-szeleppel-dn50-furdoszobai-mosdo-kad-zuhany\/#primaryimage\"},\"image\":{\"@id\":\"https:\/\/induzon.com\/hu\/termek\/termosztatikus-keverocsaptelep-termosztatikus-szeleppel-dn50-furdoszobai-mosdo-kad-zuhany\/#primaryimage\"},\"thumbnailUrl\":\"https:\/\/induzon.com\/wp-content\/uploads\/2026\/03\/3-24-3-1.png\",\"datePublished\":\"2026-03-24T09:20:22+00:00\",\"description\":\"Termosztatikus kever\u0151csaptelep DN50 termosztatikus szeleppel prec\u00edz h\u0151m\u00e9rs\u00e9kletszab\u00e1lyoz\u00e1s f\u00fcrd\u0151szobai mosd\u00f3 k\u00e1d zuhany\",\"breadcrumb\":{\"@id\":\"https:\/\/induzon.com\/hu\/termek\/termosztatikus-keverocsaptelep-termosztatikus-szeleppel-dn50-furdoszobai-mosdo-kad-zuhany\/#breadcrumb\"},\"inLanguage\":\"hu\",\"potentialAction\":[{\"@type\":\"ReadAction\",\"target\":[\"https:\/\/induzon.com\/hu\/termek\/termosztatikus-keverocsaptelep-termosztatikus-szeleppel-dn50-furdoszobai-mosdo-kad-zuhany\/\"]}]},{\"@type\":\"ImageObject\",\"inLanguage\":\"hu\",\"@id\":\"https:\/\/induzon.com\/hu\/termek\/termosztatikus-keverocsaptelep-termosztatikus-szeleppel-dn50-furdoszobai-mosdo-kad-zuhany\/#primaryimage\",\"url\":\"https:\/\/induzon.com\/wp-content\/uploads\/2026\/03\/3-24-3-1.png\",\"contentUrl\":\"https:\/\/induzon.com\/wp-content\/uploads\/2026\/03\/3-24-3-1.png\",\"width\":623,\"height\":513,\"caption\":\"Termosztatikus kever\u0151csaptelep termosztatikus szeleppel DN50 f\u00fcrd\u0151szobai mosd\u00f3 k\u00e1d zuhany\"},{\"@type\":\"BreadcrumbList\",\"@id\":\"https:\/\/induzon.com\/hu\/termek\/termosztatikus-keverocsaptelep-termosztatikus-szeleppel-dn50-furdoszobai-mosdo-kad-zuhany\/#breadcrumb\",\"itemListElement\":[{\"@type\":\"ListItem\",\"position\":1,\"name\":\"\u9996\u9875\",\"item\":\"https:\/\/induzon.com\/hu\/\"},{\"@type\":\"ListItem\",\"position\":2,\"name\":\"Bolt\",\"item\":\"https:\/\/induzon.com\/hu\/bolt\/\"},{\"@type\":\"ListItem\",\"position\":3,\"name\":\"Termosztatikus kever\u0151csaptelep termosztatikus szeleppel DN50 f\u00fcrd\u0151szobai mosd\u00f3 k\u00e1d zuhany\"}]},{\"@type\":\"WebSite\",\"@id\":\"https:\/\/induzon.com\/hu\/#website\",\"url\":\"https:\/\/induzon.com\/hu\/\",\"name\":\"induzon\",\"description\":\"\",\"publisher\":{\"@id\":\"https:\/\/induzon.com\/hu\/#organization\"},\"potentialAction\":[{\"@type\":\"SearchAction\",\"target\":{\"@type\":\"EntryPoint\",\"urlTemplate\":\"https:\/\/induzon.com\/hu\/?s={search_term_string}\"},\"query-input\":{\"@type\":\"PropertyValueSpecification\",\"valueRequired\":true,\"valueName\":\"search_term_string\"}}],\"inLanguage\":\"hu\"},{\"@type\":\"Organization\",\"@id\":\"https:\/\/induzon.com\/hu\/#organization\",\"name\":\"induzon\",\"url\":\"https:\/\/induzon.com\/hu\/\",\"logo\":{\"@type\":\"ImageObject\",\"inLanguage\":\"hu\",\"@id\":\"https:\/\/induzon.com\/hu\/#\/schema\/logo\/image\/\",\"url\":\"https:\/\/induzon.com\/wp-content\/uploads\/2025\/05\/cropped-026.png\",\"contentUrl\":\"https:\/\/induzon.com\/wp-content\/uploads\/2025\/05\/cropped-026.png\",\"width\":512,\"height\":512,\"caption\":\"induzon\"},\"image\":{\"@id\":\"https:\/\/induzon.com\/hu\/#\/schema\/logo\/image\/\"}}]}<\/script>\r\n<!-- \/ Yoast SEO plugin. -->","yoast_head_json":{"title":"Termosztatikus Kever\u0151csaptelep Termosztatikus Szeleppel DN50","description":"Termosztatikus kever\u0151csaptelep DN50 termosztatikus szeleppel prec\u00edz h\u0151m\u00e9rs\u00e9kletszab\u00e1lyoz\u00e1s f\u00fcrd\u0151szobai mosd\u00f3 k\u00e1d zuhany","robots":{"index":"index","follow":"follow","max-snippet":"max-snippet:-1","max-image-preview":"max-image-preview:large","max-video-preview":"max-video-preview:-1"},"canonical":"https:\/\/induzon.com\/hu\/termek\/termosztatikus-keverocsaptelep-termosztatikus-szeleppel-dn50-furdoszobai-mosdo-kad-zuhany\/","og_locale":"hu_HU","og_type":"article","og_title":"Termosztatikus Kever\u0151csaptelep Termosztatikus Szeleppel DN50","og_description":"Termosztatikus kever\u0151csaptelep DN50 termosztatikus szeleppel prec\u00edz h\u0151m\u00e9rs\u00e9kletszab\u00e1lyoz\u00e1s f\u00fcrd\u0151szobai mosd\u00f3 k\u00e1d zuhany","og_url":"https:\/\/induzon.com\/hu\/termek\/termosztatikus-keverocsaptelep-termosztatikus-szeleppel-dn50-furdoszobai-mosdo-kad-zuhany\/","og_site_name":"induzon","og_image":[{"width":623,"height":513,"url":"https:\/\/induzon.com\/wp-content\/uploads\/2026\/03\/3-24-3-1.png","type":"image\/png"}],"twitter_card":"summary_large_image","schema":{"@context":"https:\/\/schema.org","@graph":[{"@type":"WebPage","@id":"https:\/\/induzon.com\/hu\/termek\/termosztatikus-keverocsaptelep-termosztatikus-szeleppel-dn50-furdoszobai-mosdo-kad-zuhany\/","url":"https:\/\/induzon.com\/hu\/termek\/termosztatikus-keverocsaptelep-termosztatikus-szeleppel-dn50-furdoszobai-mosdo-kad-zuhany\/","name":"Termosztatikus Kever\u0151csaptelep Termosztatikus Szeleppel DN50","isPartOf":{"@id":"https:\/\/induzon.com\/hu\/#website"},"primaryImageOfPage":{"@id":"https:\/\/induzon.com\/hu\/termek\/termosztatikus-keverocsaptelep-termosztatikus-szeleppel-dn50-furdoszobai-mosdo-kad-zuhany\/#primaryimage"},"image":{"@id":"https:\/\/induzon.com\/hu\/termek\/termosztatikus-keverocsaptelep-termosztatikus-szeleppel-dn50-furdoszobai-mosdo-kad-zuhany\/#primaryimage"},"thumbnailUrl":"https:\/\/induzon.com\/wp-content\/uploads\/2026\/03\/3-24-3-1.png","datePublished":"2026-03-24T09:20:22+00:00","description":"Termosztatikus kever\u0151csaptelep DN50 termosztatikus szeleppel prec\u00edz h\u0151m\u00e9rs\u00e9kletszab\u00e1lyoz\u00e1s f\u00fcrd\u0151szobai mosd\u00f3 k\u00e1d zuhany","breadcrumb":{"@id":"https:\/\/induzon.com\/hu\/termek\/termosztatikus-keverocsaptelep-termosztatikus-szeleppel-dn50-furdoszobai-mosdo-kad-zuhany\/#breadcrumb"},"inLanguage":"hu","potentialAction":[{"@type":"ReadAction","target":["https:\/\/induzon.com\/hu\/termek\/termosztatikus-keverocsaptelep-termosztatikus-szeleppel-dn50-furdoszobai-mosdo-kad-zuhany\/"]}]},{"@type":"ImageObject","inLanguage":"hu","@id":"https:\/\/induzon.com\/hu\/termek\/termosztatikus-keverocsaptelep-termosztatikus-szeleppel-dn50-furdoszobai-mosdo-kad-zuhany\/#primaryimage","url":"https:\/\/induzon.com\/wp-content\/uploads\/2026\/03\/3-24-3-1.png","contentUrl":"https:\/\/induzon.com\/wp-content\/uploads\/2026\/03\/3-24-3-1.png","width":623,"height":513,"caption":"Termosztatikus kever\u0151csaptelep termosztatikus szeleppel DN50 f\u00fcrd\u0151szobai mosd\u00f3 k\u00e1d zuhany"},{"@type":"BreadcrumbList","@id":"https:\/\/induzon.com\/hu\/termek\/termosztatikus-keverocsaptelep-termosztatikus-szeleppel-dn50-furdoszobai-mosdo-kad-zuhany\/#breadcrumb","itemListElement":[{"@type":"ListItem","position":1,"name":"\u9996\u9875","item":"https:\/\/induzon.com\/hu\/"},{"@type":"ListItem","position":2,"name":"Bolt","item":"https:\/\/induzon.com\/hu\/bolt\/"},{"@type":"ListItem","position":3,"name":"Termosztatikus kever\u0151csaptelep termosztatikus szeleppel DN50 f\u00fcrd\u0151szobai mosd\u00f3 k\u00e1d zuhany"}]},{"@type":"WebSite","@id":"https:\/\/induzon.com\/hu\/#website","url":"https:\/\/induzon.com\/hu\/","name":"induzon","description":"","publisher":{"@id":"https:\/\/induzon.com\/hu\/#organization"},"potentialAction":[{"@type":"SearchAction","target":{"@type":"EntryPoint","urlTemplate":"https:\/\/induzon.com\/hu\/?s={search_term_string}"},"query-input":{"@type":"PropertyValueSpecification","valueRequired":true,"valueName":"search_term_string"}}],"inLanguage":"hu"},{"@type":"Organization","@id":"https:\/\/induzon.com\/hu\/#organization","name":"induzon","url":"https:\/\/induzon.com\/hu\/","logo":{"@type":"ImageObject","inLanguage":"hu","@id":"https:\/\/induzon.com\/hu\/#\/schema\/logo\/image\/","url":"https:\/\/induzon.com\/wp-content\/uploads\/2025\/05\/cropped-026.png","contentUrl":"https:\/\/induzon.com\/wp-content\/uploads\/2025\/05\/cropped-026.png","width":512,"height":512,"caption":"induzon"},"image":{"@id":"https:\/\/induzon.com\/hu\/#\/schema\/logo\/image\/"}}]}},"_links":{"self":[{"href":"https:\/\/induzon.com\/hu\/wp-json\/wp\/v2\/product\/36206","targetHints":{"allow":["GET"]}}],"collection":[{"href":"https:\/\/induzon.com\/hu\/wp-json\/wp\/v2\/product"}],"about":[{"href":"https:\/\/induzon.com\/hu\/wp-json\/wp\/v2\/types\/product"}],"replies":[{"embeddable":true,"href":"https:\/\/induzon.com\/hu\/wp-json\/wp\/v2\/comments?post=36206"}],"version-history":[{"count":0,"href":"https:\/\/induzon.com\/hu\/wp-json\/wp\/v2\/product\/36206\/revisions"}],"wp:featuredmedia":[{"embeddable":true,"href":"https:\/\/induzon.com\/hu\/wp-json\/wp\/v2\/media\/36189"}],"wp:attachment":[{"href":"https:\/\/induzon.com\/hu\/wp-json\/wp\/v2\/media?parent=36206"}],"wp:term":[{"taxonomy":"product_brand","embeddable":true,"href":"https:\/\/induzon.com\/hu\/wp-json\/wp\/v2\/product_brand?post=36206"},{"taxonomy":"product_cat","embeddable":true,"href":"https:\/\/induzon.com\/hu\/wp-json\/wp\/v2\/product_cat?post=36206"},{"taxonomy":"product_tag","embeddable":true,"href":"https:\/\/induzon.com\/hu\/wp-json\/wp\/v2\/product_tag?post=36206"}],"curies":[{"name":"wp","href":"https:\/\/api.w.org\/{rel}","templated":true}]}}