{"id":37366,"date":"2026-04-22T15:20:33","date_gmt":"2026-04-22T07:20:33","guid":{"rendered":"https:\/\/induzon.com\/shop\/szinkronmotor-1-darab-ac24v-ac110v-ac220v-5-fordulat-percenkent-cserealkatresz-feszultseg-zonaszelephez-50hz\/"},"modified":"2026-04-24T10:31:32","modified_gmt":"2026-04-24T02:31:32","slug":"szinkronmotor-1-darab-ac24v-ac110v-ac220v-5-fordulat-percenkent-cserealkatresz-feszultseg-zonaszelephez-50hz","status":"publish","type":"product","link":"https:\/\/induzon.com\/hu\/termek\/szinkronmotor-1-darab-ac24v-ac110v-ac220v-5-fordulat-percenkent-cserealkatresz-feszultseg-zonaszelephez-50hz\/","title":{"rendered":"Szinkronmotor 1 darab AC24V AC110V AC220V 5 fordulat percenk\u00e9nt cserealkatr\u00e9sz fesz\u00fclts\u00e9g z\u00f3naszelephez 50Hz"},"content":{"rendered":"","protected":false},"excerpt":{"rendered":"","protected":false},"featured_media":37341,"comment_status":"open","ping_status":"closed","template":"","meta":{"site-sidebar-layout":"default","site-content-layout":"","ast-site-content-layout":"default","site-content-style":"default","site-sidebar-style":"default","ast-global-header-display":"","ast-banner-title-visibility":"","ast-main-header-display":"","ast-hfb-above-header-display":"","ast-hfb-below-header-display":"","ast-hfb-mobile-header-display":"","site-post-title":"","ast-breadcrumbs-content":"","ast-featured-img":"","footer-sml-layout":"","theme-transparent-header-meta":"default","adv-header-id-meta":"","stick-header-meta":"","header-above-stick-meta":"","header-main-stick-meta":"","header-below-stick-meta":"","astra-migrate-meta-layouts":"set","ast-page-background-enabled":"default","ast-page-background-meta":{"desktop":{"background-color":"var(--ast-global-color-4)","background-image":"","background-repeat":"repeat","background-position":"center center","background-size":"auto","background-attachment":"scroll","background-type":"","background-media":"","overlay-type":"","overlay-color":"","overlay-opacity":"","overlay-gradient":""},"tablet":{"background-color":"","background-image":"","background-repeat":"repeat","background-position":"center center","background-size":"auto","background-attachment":"scroll","background-type":"","background-media":"","overlay-type":"","overlay-color":"","overlay-opacity":"","overlay-gradient":""},"mobile":{"background-color":"","background-image":"","background-repeat":"repeat","background-position":"center center","background-size":"auto","background-attachment":"scroll","background-type":"","background-media":"","overlay-type":"","overlay-color":"","overlay-opacity":"","overlay-gradient":""}},"ast-content-background-meta":{"desktop":{"background-color":"var(--ast-global-color-5)","background-image":"","background-repeat":"repeat","background-position":"center center","background-size":"auto","background-attachment":"scroll","background-type":"","background-media":"","overlay-type":"","overlay-color":"","overlay-opacity":"","overlay-gradient":""},"tablet":{"background-color":"var(--ast-global-color-5)","background-image":"","background-repeat":"repeat","background-position":"center center","background-size":"auto","background-attachment":"scroll","background-type":"","background-media":"","overlay-type":"","overlay-color":"","overlay-opacity":"","overlay-gradient":""},"mobile":{"background-color":"var(--ast-global-color-5)","background-image":"","background-repeat":"repeat","background-position":"center center","background-size":"auto","background-attachment":"scroll","background-type":"","background-media":"","overlay-type":"","overlay-color":"","overlay-opacity":"","overlay-gradient":""}}},"product_brand":[],"product_cat":[2337],"product_tag":[2377],"class_list":{"0":"post-37366","1":"product","2":"type-product","3":"status-publish","4":"has-post-thumbnail","6":"product_cat-motor-es-sebessegvalto","7":"product_tag-szinkronmotor","8":"desktop-align-left","9":"tablet-align-left","10":"mobile-align-left","12":"first","13":"instock","14":"sale","15":"featured","16":"shipping-taxable","17":"purchasable","18":"product-type-variable"},"yoast_head":"<!-- This site is optimized with the Yoast SEO plugin v24.9 - https:\/\/yoast.com\/wordpress\/plugins\/seo\/ -->\r\n<title>Szinkronmotor 5 fordulat z\u00f3naszelep csere<\/title>\r\n<meta name=\"description\" content=\"Vasaroljon szinkronmotor AC24V AC110V AC220V 5 fordulat percenkent feszultseg z\u00f3naszelephez 50Hz Tartos alkatresz\" \/>\r\n<meta name=\"robots\" content=\"index, follow, max-snippet:-1, max-image-preview:large, max-video-preview:-1\" \/>\r\n<link rel=\"canonical\" href=\"https:\/\/induzon.com\/hu\/termek\/szinkronmotor-1-darab-ac24v-ac110v-ac220v-5-fordulat-percenkent-cserealkatresz-feszultseg-zonaszelephez-50hz\/\" \/>\r\n<meta property=\"og:locale\" content=\"hu_HU\" \/>\r\n<meta property=\"og:type\" content=\"article\" \/>\r\n<meta property=\"og:title\" content=\"Szinkronmotor 5 fordulat z\u00f3naszelep csere\" \/>\r\n<meta property=\"og:description\" content=\"Vasaroljon szinkronmotor AC24V AC110V AC220V 5 fordulat percenkent feszultseg z\u00f3naszelephez 50Hz Tartos alkatresz\" \/>\r\n<meta property=\"og:url\" content=\"https:\/\/induzon.com\/hu\/termek\/szinkronmotor-1-darab-ac24v-ac110v-ac220v-5-fordulat-percenkent-cserealkatresz-feszultseg-zonaszelephez-50hz\/\" \/>\r\n<meta property=\"og:site_name\" content=\"induzon\" \/>\r\n<meta property=\"article:modified_time\" content=\"2026-04-24T02:31:32+00:00\" \/>\r\n<meta property=\"og:image\" content=\"https:\/\/induzon.com\/wp-content\/uploads\/2026\/04\/1.png\" \/>\r\n\t<meta property=\"og:image:width\" content=\"914\" \/>\r\n\t<meta property=\"og:image:height\" content=\"913\" \/>\r\n\t<meta property=\"og:image:type\" content=\"image\/png\" \/>\r\n<meta name=\"twitter:card\" content=\"summary_large_image\" \/>\r\n<meta name=\"twitter:label1\" content=\"Becs\u00fclt olvas\u00e1si id\u0151\" \/>\n\t<meta name=\"twitter:data1\" content=\"1 perc\" \/>\r\n<script type=\"application\/ld+json\" class=\"yoast-schema-graph\">{\"@context\":\"https:\/\/schema.org\",\"@graph\":[{\"@type\":\"WebPage\",\"@id\":\"https:\/\/induzon.com\/hu\/termek\/szinkronmotor-1-darab-ac24v-ac110v-ac220v-5-fordulat-percenkent-cserealkatresz-feszultseg-zonaszelephez-50hz\/\",\"url\":\"https:\/\/induzon.com\/hu\/termek\/szinkronmotor-1-darab-ac24v-ac110v-ac220v-5-fordulat-percenkent-cserealkatresz-feszultseg-zonaszelephez-50hz\/\",\"name\":\"Szinkronmotor 5 fordulat z\u00f3naszelep csere\",\"isPartOf\":{\"@id\":\"https:\/\/induzon.com\/hu\/#website\"},\"primaryImageOfPage\":{\"@id\":\"https:\/\/induzon.com\/hu\/termek\/szinkronmotor-1-darab-ac24v-ac110v-ac220v-5-fordulat-percenkent-cserealkatresz-feszultseg-zonaszelephez-50hz\/#primaryimage\"},\"image\":{\"@id\":\"https:\/\/induzon.com\/hu\/termek\/szinkronmotor-1-darab-ac24v-ac110v-ac220v-5-fordulat-percenkent-cserealkatresz-feszultseg-zonaszelephez-50hz\/#primaryimage\"},\"thumbnailUrl\":\"https:\/\/induzon.com\/wp-content\/uploads\/2026\/04\/1.png\",\"datePublished\":\"2026-04-22T07:20:33+00:00\",\"dateModified\":\"2026-04-24T02:31:32+00:00\",\"description\":\"Vasaroljon szinkronmotor AC24V AC110V AC220V 5 fordulat percenkent feszultseg z\u00f3naszelephez 50Hz Tartos alkatresz\",\"breadcrumb\":{\"@id\":\"https:\/\/induzon.com\/hu\/termek\/szinkronmotor-1-darab-ac24v-ac110v-ac220v-5-fordulat-percenkent-cserealkatresz-feszultseg-zonaszelephez-50hz\/#breadcrumb\"},\"inLanguage\":\"hu\",\"potentialAction\":[{\"@type\":\"ReadAction\",\"target\":[\"https:\/\/induzon.com\/hu\/termek\/szinkronmotor-1-darab-ac24v-ac110v-ac220v-5-fordulat-percenkent-cserealkatresz-feszultseg-zonaszelephez-50hz\/\"]}]},{\"@type\":\"ImageObject\",\"inLanguage\":\"hu\",\"@id\":\"https:\/\/induzon.com\/hu\/termek\/szinkronmotor-1-darab-ac24v-ac110v-ac220v-5-fordulat-percenkent-cserealkatresz-feszultseg-zonaszelephez-50hz\/#primaryimage\",\"url\":\"https:\/\/induzon.com\/wp-content\/uploads\/2026\/04\/1.png\",\"contentUrl\":\"https:\/\/induzon.com\/wp-content\/uploads\/2026\/04\/1.png\",\"width\":914,\"height\":913,\"caption\":\"Szinkronmotor 5 fordulat z\u00f3naszelep csere\"},{\"@type\":\"BreadcrumbList\",\"@id\":\"https:\/\/induzon.com\/hu\/termek\/szinkronmotor-1-darab-ac24v-ac110v-ac220v-5-fordulat-percenkent-cserealkatresz-feszultseg-zonaszelephez-50hz\/#breadcrumb\",\"itemListElement\":[{\"@type\":\"ListItem\",\"position\":1,\"name\":\"\u9996\u9875\",\"item\":\"https:\/\/induzon.com\/hu\/\"},{\"@type\":\"ListItem\",\"position\":2,\"name\":\"Bolt\",\"item\":\"https:\/\/induzon.com\/hu\/bolt\/\"},{\"@type\":\"ListItem\",\"position\":3,\"name\":\"Szinkronmotor 1 darab AC24V AC110V AC220V 5 fordulat percenk\u00e9nt cserealkatr\u00e9sz fesz\u00fclts\u00e9g z\u00f3naszelephez 50Hz\"}]},{\"@type\":\"WebSite\",\"@id\":\"https:\/\/induzon.com\/hu\/#website\",\"url\":\"https:\/\/induzon.com\/hu\/\",\"name\":\"induzon\",\"description\":\"\",\"publisher\":{\"@id\":\"https:\/\/induzon.com\/hu\/#organization\"},\"potentialAction\":[{\"@type\":\"SearchAction\",\"target\":{\"@type\":\"EntryPoint\",\"urlTemplate\":\"https:\/\/induzon.com\/hu\/?s={search_term_string}\"},\"query-input\":{\"@type\":\"PropertyValueSpecification\",\"valueRequired\":true,\"valueName\":\"search_term_string\"}}],\"inLanguage\":\"hu\"},{\"@type\":\"Organization\",\"@id\":\"https:\/\/induzon.com\/hu\/#organization\",\"name\":\"induzon\",\"url\":\"https:\/\/induzon.com\/hu\/\",\"logo\":{\"@type\":\"ImageObject\",\"inLanguage\":\"hu\",\"@id\":\"https:\/\/induzon.com\/hu\/#\/schema\/logo\/image\/\",\"url\":\"https:\/\/induzon.com\/wp-content\/uploads\/2025\/05\/cropped-026.png\",\"contentUrl\":\"https:\/\/induzon.com\/wp-content\/uploads\/2025\/05\/cropped-026.png\",\"width\":512,\"height\":512,\"caption\":\"induzon\"},\"image\":{\"@id\":\"https:\/\/induzon.com\/hu\/#\/schema\/logo\/image\/\"}}]}<\/script>\r\n<!-- \/ Yoast SEO plugin. -->","yoast_head_json":{"title":"Szinkronmotor 5 fordulat z\u00f3naszelep csere","description":"Vasaroljon szinkronmotor AC24V AC110V AC220V 5 fordulat percenkent feszultseg z\u00f3naszelephez 50Hz Tartos alkatresz","robots":{"index":"index","follow":"follow","max-snippet":"max-snippet:-1","max-image-preview":"max-image-preview:large","max-video-preview":"max-video-preview:-1"},"canonical":"https:\/\/induzon.com\/hu\/termek\/szinkronmotor-1-darab-ac24v-ac110v-ac220v-5-fordulat-percenkent-cserealkatresz-feszultseg-zonaszelephez-50hz\/","og_locale":"hu_HU","og_type":"article","og_title":"Szinkronmotor 5 fordulat z\u00f3naszelep csere","og_description":"Vasaroljon szinkronmotor AC24V AC110V AC220V 5 fordulat percenkent feszultseg z\u00f3naszelephez 50Hz Tartos alkatresz","og_url":"https:\/\/induzon.com\/hu\/termek\/szinkronmotor-1-darab-ac24v-ac110v-ac220v-5-fordulat-percenkent-cserealkatresz-feszultseg-zonaszelephez-50hz\/","og_site_name":"induzon","article_modified_time":"2026-04-24T02:31:32+00:00","og_image":[{"width":914,"height":913,"url":"https:\/\/induzon.com\/wp-content\/uploads\/2026\/04\/1.png","type":"image\/png"}],"twitter_card":"summary_large_image","twitter_misc":{"Becs\u00fclt olvas\u00e1si id\u0151":"1 perc"},"schema":{"@context":"https:\/\/schema.org","@graph":[{"@type":"WebPage","@id":"https:\/\/induzon.com\/hu\/termek\/szinkronmotor-1-darab-ac24v-ac110v-ac220v-5-fordulat-percenkent-cserealkatresz-feszultseg-zonaszelephez-50hz\/","url":"https:\/\/induzon.com\/hu\/termek\/szinkronmotor-1-darab-ac24v-ac110v-ac220v-5-fordulat-percenkent-cserealkatresz-feszultseg-zonaszelephez-50hz\/","name":"Szinkronmotor 5 fordulat z\u00f3naszelep csere","isPartOf":{"@id":"https:\/\/induzon.com\/hu\/#website"},"primaryImageOfPage":{"@id":"https:\/\/induzon.com\/hu\/termek\/szinkronmotor-1-darab-ac24v-ac110v-ac220v-5-fordulat-percenkent-cserealkatresz-feszultseg-zonaszelephez-50hz\/#primaryimage"},"image":{"@id":"https:\/\/induzon.com\/hu\/termek\/szinkronmotor-1-darab-ac24v-ac110v-ac220v-5-fordulat-percenkent-cserealkatresz-feszultseg-zonaszelephez-50hz\/#primaryimage"},"thumbnailUrl":"https:\/\/induzon.com\/wp-content\/uploads\/2026\/04\/1.png","datePublished":"2026-04-22T07:20:33+00:00","dateModified":"2026-04-24T02:31:32+00:00","description":"Vasaroljon szinkronmotor AC24V AC110V AC220V 5 fordulat percenkent feszultseg z\u00f3naszelephez 50Hz Tartos alkatresz","breadcrumb":{"@id":"https:\/\/induzon.com\/hu\/termek\/szinkronmotor-1-darab-ac24v-ac110v-ac220v-5-fordulat-percenkent-cserealkatresz-feszultseg-zonaszelephez-50hz\/#breadcrumb"},"inLanguage":"hu","potentialAction":[{"@type":"ReadAction","target":["https:\/\/induzon.com\/hu\/termek\/szinkronmotor-1-darab-ac24v-ac110v-ac220v-5-fordulat-percenkent-cserealkatresz-feszultseg-zonaszelephez-50hz\/"]}]},{"@type":"ImageObject","inLanguage":"hu","@id":"https:\/\/induzon.com\/hu\/termek\/szinkronmotor-1-darab-ac24v-ac110v-ac220v-5-fordulat-percenkent-cserealkatresz-feszultseg-zonaszelephez-50hz\/#primaryimage","url":"https:\/\/induzon.com\/wp-content\/uploads\/2026\/04\/1.png","contentUrl":"https:\/\/induzon.com\/wp-content\/uploads\/2026\/04\/1.png","width":914,"height":913,"caption":"Szinkronmotor 5 fordulat z\u00f3naszelep csere"},{"@type":"BreadcrumbList","@id":"https:\/\/induzon.com\/hu\/termek\/szinkronmotor-1-darab-ac24v-ac110v-ac220v-5-fordulat-percenkent-cserealkatresz-feszultseg-zonaszelephez-50hz\/#breadcrumb","itemListElement":[{"@type":"ListItem","position":1,"name":"\u9996\u9875","item":"https:\/\/induzon.com\/hu\/"},{"@type":"ListItem","position":2,"name":"Bolt","item":"https:\/\/induzon.com\/hu\/bolt\/"},{"@type":"ListItem","position":3,"name":"Szinkronmotor 1 darab AC24V AC110V AC220V 5 fordulat percenk\u00e9nt cserealkatr\u00e9sz fesz\u00fclts\u00e9g z\u00f3naszelephez 50Hz"}]},{"@type":"WebSite","@id":"https:\/\/induzon.com\/hu\/#website","url":"https:\/\/induzon.com\/hu\/","name":"induzon","description":"","publisher":{"@id":"https:\/\/induzon.com\/hu\/#organization"},"potentialAction":[{"@type":"SearchAction","target":{"@type":"EntryPoint","urlTemplate":"https:\/\/induzon.com\/hu\/?s={search_term_string}"},"query-input":{"@type":"PropertyValueSpecification","valueRequired":true,"valueName":"search_term_string"}}],"inLanguage":"hu"},{"@type":"Organization","@id":"https:\/\/induzon.com\/hu\/#organization","name":"induzon","url":"https:\/\/induzon.com\/hu\/","logo":{"@type":"ImageObject","inLanguage":"hu","@id":"https:\/\/induzon.com\/hu\/#\/schema\/logo\/image\/","url":"https:\/\/induzon.com\/wp-content\/uploads\/2025\/05\/cropped-026.png","contentUrl":"https:\/\/induzon.com\/wp-content\/uploads\/2025\/05\/cropped-026.png","width":512,"height":512,"caption":"induzon"},"image":{"@id":"https:\/\/induzon.com\/hu\/#\/schema\/logo\/image\/"}}]}},"_links":{"self":[{"href":"https:\/\/induzon.com\/hu\/wp-json\/wp\/v2\/product\/37366","targetHints":{"allow":["GET"]}}],"collection":[{"href":"https:\/\/induzon.com\/hu\/wp-json\/wp\/v2\/product"}],"about":[{"href":"https:\/\/induzon.com\/hu\/wp-json\/wp\/v2\/types\/product"}],"replies":[{"embeddable":true,"href":"https:\/\/induzon.com\/hu\/wp-json\/wp\/v2\/comments?post=37366"}],"version-history":[{"count":1,"href":"https:\/\/induzon.com\/hu\/wp-json\/wp\/v2\/product\/37366\/revisions"}],"predecessor-version":[{"id":37934,"href":"https:\/\/induzon.com\/hu\/wp-json\/wp\/v2\/product\/37366\/revisions\/37934"}],"wp:featuredmedia":[{"embeddable":true,"href":"https:\/\/induzon.com\/hu\/wp-json\/wp\/v2\/media\/37341"}],"wp:attachment":[{"href":"https:\/\/induzon.com\/hu\/wp-json\/wp\/v2\/media?parent=37366"}],"wp:term":[{"taxonomy":"product_brand","embeddable":true,"href":"https:\/\/induzon.com\/hu\/wp-json\/wp\/v2\/product_brand?post=37366"},{"taxonomy":"product_cat","embeddable":true,"href":"https:\/\/induzon.com\/hu\/wp-json\/wp\/v2\/product_cat?post=37366"},{"taxonomy":"product_tag","embeddable":true,"href":"https:\/\/induzon.com\/hu\/wp-json\/wp\/v2\/product_tag?post=37366"}],"curies":[{"name":"wp","href":"https:\/\/api.w.org\/{rel}","templated":true}]}}