{"id":37729,"date":"2026-04-23T13:33:15","date_gmt":"2026-04-23T05:33:15","guid":{"rendered":"https:\/\/induzon.com\/shop\/vizhalozati-nyomascsokkento-szelep-sargarez-olommentes-allithato-haztartasi-vizhez-es-lakokocsihoz-dn15-dn20-dn25\/"},"modified":"2026-04-23T13:33:15","modified_gmt":"2026-04-23T05:33:15","slug":"vizhalozati-nyomascsokkento-szelep-sargarez-olommentes-allithato-haztartasi-vizhez-es-lakokocsihoz-dn15-dn20-dn25","status":"publish","type":"product","link":"https:\/\/induzon.com\/hu\/termek\/vizhalozati-nyomascsokkento-szelep-sargarez-olommentes-allithato-haztartasi-vizhez-es-lakokocsihoz-dn15-dn20-dn25\/","title":{"rendered":"V\u00edzh\u00e1l\u00f3zati nyom\u00e1scs\u00f6kkent\u0151 szelep s\u00e1rgar\u00e9z \u00f3lommentes \u00e1ll\u00edthat\u00f3 h\u00e1ztart\u00e1si v\u00edzhez \u00e9s lak\u00f3kocsihoz DN15 DN20 DN25"},"content":{"rendered":"","protected":false},"excerpt":{"rendered":"","protected":false},"featured_media":37608,"comment_status":"open","ping_status":"closed","template":"","meta":{"site-sidebar-layout":"default","site-content-layout":"","ast-site-content-layout":"default","site-content-style":"default","site-sidebar-style":"default","ast-global-header-display":"","ast-banner-title-visibility":"","ast-main-header-display":"","ast-hfb-above-header-display":"","ast-hfb-below-header-display":"","ast-hfb-mobile-header-display":"","site-post-title":"","ast-breadcrumbs-content":"","ast-featured-img":"","footer-sml-layout":"","theme-transparent-header-meta":"default","adv-header-id-meta":"","stick-header-meta":"","header-above-stick-meta":"","header-main-stick-meta":"","header-below-stick-meta":"","astra-migrate-meta-layouts":"default","ast-page-background-enabled":"default","ast-page-background-meta":{"desktop":{"background-color":"var(--ast-global-color-4)","background-image":"","background-repeat":"repeat","background-position":"center center","background-size":"auto","background-attachment":"scroll","background-type":"","background-media":"","overlay-type":"","overlay-color":"","overlay-opacity":"","overlay-gradient":""},"tablet":{"background-color":"","background-image":"","background-repeat":"repeat","background-position":"center center","background-size":"auto","background-attachment":"scroll","background-type":"","background-media":"","overlay-type":"","overlay-color":"","overlay-opacity":"","overlay-gradient":""},"mobile":{"background-color":"","background-image":"","background-repeat":"repeat","background-position":"center center","background-size":"auto","background-attachment":"scroll","background-type":"","background-media":"","overlay-type":"","overlay-color":"","overlay-opacity":"","overlay-gradient":""}},"ast-content-background-meta":{"desktop":{"background-color":"var(--ast-global-color-5)","background-image":"","background-repeat":"repeat","background-position":"center center","background-size":"auto","background-attachment":"scroll","background-type":"","background-media":"","overlay-type":"","overlay-color":"","overlay-opacity":"","overlay-gradient":""},"tablet":{"background-color":"var(--ast-global-color-5)","background-image":"","background-repeat":"repeat","background-position":"center center","background-size":"auto","background-attachment":"scroll","background-type":"","background-media":"","overlay-type":"","overlay-color":"","overlay-opacity":"","overlay-gradient":""},"mobile":{"background-color":"var(--ast-global-color-5)","background-image":"","background-repeat":"repeat","background-position":"center center","background-size":"auto","background-attachment":"scroll","background-type":"","background-media":"","overlay-type":"","overlay-color":"","overlay-opacity":"","overlay-gradient":""}}},"product_brand":[],"product_cat":[2431],"product_tag":[2432],"class_list":{"0":"post-37729","1":"product","2":"type-product","3":"status-publish","4":"has-post-thumbnail","6":"product_cat-viznyomas-szabalyozok","7":"product_tag-viznyomas-szabalyozok","8":"desktop-align-left","9":"tablet-align-left","10":"mobile-align-left","12":"first","13":"instock","14":"sale","15":"shipping-taxable","16":"purchasable","17":"product-type-variable"},"yoast_head":"<!-- This site is optimized with the Yoast SEO plugin v24.9 - https:\/\/yoast.com\/wordpress\/plugins\/seo\/ -->\r\n<title>\u00d3lommentes s\u00e1rgar\u00e9z v\u00edznyom\u00e1scs\u00f6kkent\u0151<\/title>\r\n<meta name=\"description\" content=\"Ez az \u00e1ll\u00edthat\u00f3 \u00f3lommentes s\u00e1rgar\u00e9z nyom\u00e1scs\u00f6kkent\u0151 szelep otthoni v\u00edzhez \u00e9s lak\u00f3kocsihoz haszn\u00e1lhat\u00f3. Cs\u00f6kkenti a magas nyom\u00e1st biztons\u00e1gos szintre DN15-25 m\u00e9retben.\" \/>\r\n<meta name=\"robots\" content=\"index, follow, max-snippet:-1, max-image-preview:large, max-video-preview:-1\" \/>\r\n<link rel=\"canonical\" href=\"https:\/\/induzon.com\/hu\/termek\/vizhalozati-nyomascsokkento-szelep-sargarez-olommentes-allithato-haztartasi-vizhez-es-lakokocsihoz-dn15-dn20-dn25\/\" \/>\r\n<meta property=\"og:locale\" content=\"hu_HU\" \/>\r\n<meta property=\"og:type\" content=\"article\" \/>\r\n<meta property=\"og:title\" content=\"\u00d3lommentes s\u00e1rgar\u00e9z v\u00edznyom\u00e1scs\u00f6kkent\u0151\" \/>\r\n<meta property=\"og:description\" content=\"Ez az \u00e1ll\u00edthat\u00f3 \u00f3lommentes s\u00e1rgar\u00e9z nyom\u00e1scs\u00f6kkent\u0151 szelep otthoni v\u00edzhez \u00e9s lak\u00f3kocsihoz haszn\u00e1lhat\u00f3. Cs\u00f6kkenti a magas nyom\u00e1st biztons\u00e1gos szintre DN15-25 m\u00e9retben.\" \/>\r\n<meta property=\"og:url\" content=\"https:\/\/induzon.com\/hu\/termek\/vizhalozati-nyomascsokkento-szelep-sargarez-olommentes-allithato-haztartasi-vizhez-es-lakokocsihoz-dn15-dn20-dn25\/\" \/>\r\n<meta property=\"og:site_name\" content=\"induzon\" \/>\r\n<meta property=\"og:image\" content=\"https:\/\/induzon.com\/wp-content\/uploads\/2026\/04\/1-2.png\" \/>\r\n\t<meta property=\"og:image:width\" content=\"796\" \/>\r\n\t<meta property=\"og:image:height\" content=\"795\" \/>\r\n\t<meta property=\"og:image:type\" content=\"image\/png\" \/>\r\n<meta name=\"twitter:card\" content=\"summary_large_image\" \/>\r\n<script type=\"application\/ld+json\" class=\"yoast-schema-graph\">{\"@context\":\"https:\/\/schema.org\",\"@graph\":[{\"@type\":\"WebPage\",\"@id\":\"https:\/\/induzon.com\/hu\/termek\/vizhalozati-nyomascsokkento-szelep-sargarez-olommentes-allithato-haztartasi-vizhez-es-lakokocsihoz-dn15-dn20-dn25\/\",\"url\":\"https:\/\/induzon.com\/hu\/termek\/vizhalozati-nyomascsokkento-szelep-sargarez-olommentes-allithato-haztartasi-vizhez-es-lakokocsihoz-dn15-dn20-dn25\/\",\"name\":\"\u00d3lommentes s\u00e1rgar\u00e9z v\u00edznyom\u00e1scs\u00f6kkent\u0151\",\"isPartOf\":{\"@id\":\"https:\/\/induzon.com\/hu\/#website\"},\"primaryImageOfPage\":{\"@id\":\"https:\/\/induzon.com\/hu\/termek\/vizhalozati-nyomascsokkento-szelep-sargarez-olommentes-allithato-haztartasi-vizhez-es-lakokocsihoz-dn15-dn20-dn25\/#primaryimage\"},\"image\":{\"@id\":\"https:\/\/induzon.com\/hu\/termek\/vizhalozati-nyomascsokkento-szelep-sargarez-olommentes-allithato-haztartasi-vizhez-es-lakokocsihoz-dn15-dn20-dn25\/#primaryimage\"},\"thumbnailUrl\":\"https:\/\/induzon.com\/wp-content\/uploads\/2026\/04\/1-2.png\",\"datePublished\":\"2026-04-23T05:33:15+00:00\",\"description\":\"Ez az \u00e1ll\u00edthat\u00f3 \u00f3lommentes s\u00e1rgar\u00e9z nyom\u00e1scs\u00f6kkent\u0151 szelep otthoni v\u00edzhez \u00e9s lak\u00f3kocsihoz haszn\u00e1lhat\u00f3. Cs\u00f6kkenti a magas nyom\u00e1st biztons\u00e1gos szintre DN15-25 m\u00e9retben.\",\"breadcrumb\":{\"@id\":\"https:\/\/induzon.com\/hu\/termek\/vizhalozati-nyomascsokkento-szelep-sargarez-olommentes-allithato-haztartasi-vizhez-es-lakokocsihoz-dn15-dn20-dn25\/#breadcrumb\"},\"inLanguage\":\"hu\",\"potentialAction\":[{\"@type\":\"ReadAction\",\"target\":[\"https:\/\/induzon.com\/hu\/termek\/vizhalozati-nyomascsokkento-szelep-sargarez-olommentes-allithato-haztartasi-vizhez-es-lakokocsihoz-dn15-dn20-dn25\/\"]}]},{\"@type\":\"ImageObject\",\"inLanguage\":\"hu\",\"@id\":\"https:\/\/induzon.com\/hu\/termek\/vizhalozati-nyomascsokkento-szelep-sargarez-olommentes-allithato-haztartasi-vizhez-es-lakokocsihoz-dn15-dn20-dn25\/#primaryimage\",\"url\":\"https:\/\/induzon.com\/wp-content\/uploads\/2026\/04\/1-2.png\",\"contentUrl\":\"https:\/\/induzon.com\/wp-content\/uploads\/2026\/04\/1-2.png\",\"width\":796,\"height\":795,\"caption\":\"V\u00edzh\u00e1l\u00f3zati nyom\u00e1scs\u00f6kkent\u0151 szelep s\u00e1rgar\u00e9z \u00f3lommentes \u00e1ll\u00edthat\u00f3 h\u00e1ztart\u00e1si v\u00edzhez \u00e9s lak\u00f3kocsihoz DN15 DN20 DN25\"},{\"@type\":\"BreadcrumbList\",\"@id\":\"https:\/\/induzon.com\/hu\/termek\/vizhalozati-nyomascsokkento-szelep-sargarez-olommentes-allithato-haztartasi-vizhez-es-lakokocsihoz-dn15-dn20-dn25\/#breadcrumb\",\"itemListElement\":[{\"@type\":\"ListItem\",\"position\":1,\"name\":\"\u9996\u9875\",\"item\":\"https:\/\/induzon.com\/hu\/\"},{\"@type\":\"ListItem\",\"position\":2,\"name\":\"Bolt\",\"item\":\"https:\/\/induzon.com\/hu\/bolt\/\"},{\"@type\":\"ListItem\",\"position\":3,\"name\":\"V\u00edzh\u00e1l\u00f3zati nyom\u00e1scs\u00f6kkent\u0151 szelep s\u00e1rgar\u00e9z \u00f3lommentes \u00e1ll\u00edthat\u00f3 h\u00e1ztart\u00e1si v\u00edzhez \u00e9s lak\u00f3kocsihoz DN15 DN20 DN25\"}]},{\"@type\":\"WebSite\",\"@id\":\"https:\/\/induzon.com\/hu\/#website\",\"url\":\"https:\/\/induzon.com\/hu\/\",\"name\":\"induzon\",\"description\":\"\",\"publisher\":{\"@id\":\"https:\/\/induzon.com\/hu\/#organization\"},\"potentialAction\":[{\"@type\":\"SearchAction\",\"target\":{\"@type\":\"EntryPoint\",\"urlTemplate\":\"https:\/\/induzon.com\/hu\/?s={search_term_string}\"},\"query-input\":{\"@type\":\"PropertyValueSpecification\",\"valueRequired\":true,\"valueName\":\"search_term_string\"}}],\"inLanguage\":\"hu\"},{\"@type\":\"Organization\",\"@id\":\"https:\/\/induzon.com\/hu\/#organization\",\"name\":\"induzon\",\"url\":\"https:\/\/induzon.com\/hu\/\",\"logo\":{\"@type\":\"ImageObject\",\"inLanguage\":\"hu\",\"@id\":\"https:\/\/induzon.com\/hu\/#\/schema\/logo\/image\/\",\"url\":\"https:\/\/induzon.com\/wp-content\/uploads\/2025\/05\/cropped-026.png\",\"contentUrl\":\"https:\/\/induzon.com\/wp-content\/uploads\/2025\/05\/cropped-026.png\",\"width\":512,\"height\":512,\"caption\":\"induzon\"},\"image\":{\"@id\":\"https:\/\/induzon.com\/hu\/#\/schema\/logo\/image\/\"}}]}<\/script>\r\n<!-- \/ Yoast SEO plugin. -->","yoast_head_json":{"title":"\u00d3lommentes s\u00e1rgar\u00e9z v\u00edznyom\u00e1scs\u00f6kkent\u0151","description":"Ez az \u00e1ll\u00edthat\u00f3 \u00f3lommentes s\u00e1rgar\u00e9z nyom\u00e1scs\u00f6kkent\u0151 szelep otthoni v\u00edzhez \u00e9s lak\u00f3kocsihoz haszn\u00e1lhat\u00f3. Cs\u00f6kkenti a magas nyom\u00e1st biztons\u00e1gos szintre DN15-25 m\u00e9retben.","robots":{"index":"index","follow":"follow","max-snippet":"max-snippet:-1","max-image-preview":"max-image-preview:large","max-video-preview":"max-video-preview:-1"},"canonical":"https:\/\/induzon.com\/hu\/termek\/vizhalozati-nyomascsokkento-szelep-sargarez-olommentes-allithato-haztartasi-vizhez-es-lakokocsihoz-dn15-dn20-dn25\/","og_locale":"hu_HU","og_type":"article","og_title":"\u00d3lommentes s\u00e1rgar\u00e9z v\u00edznyom\u00e1scs\u00f6kkent\u0151","og_description":"Ez az \u00e1ll\u00edthat\u00f3 \u00f3lommentes s\u00e1rgar\u00e9z nyom\u00e1scs\u00f6kkent\u0151 szelep otthoni v\u00edzhez \u00e9s lak\u00f3kocsihoz haszn\u00e1lhat\u00f3. Cs\u00f6kkenti a magas nyom\u00e1st biztons\u00e1gos szintre DN15-25 m\u00e9retben.","og_url":"https:\/\/induzon.com\/hu\/termek\/vizhalozati-nyomascsokkento-szelep-sargarez-olommentes-allithato-haztartasi-vizhez-es-lakokocsihoz-dn15-dn20-dn25\/","og_site_name":"induzon","og_image":[{"width":796,"height":795,"url":"https:\/\/induzon.com\/wp-content\/uploads\/2026\/04\/1-2.png","type":"image\/png"}],"twitter_card":"summary_large_image","schema":{"@context":"https:\/\/schema.org","@graph":[{"@type":"WebPage","@id":"https:\/\/induzon.com\/hu\/termek\/vizhalozati-nyomascsokkento-szelep-sargarez-olommentes-allithato-haztartasi-vizhez-es-lakokocsihoz-dn15-dn20-dn25\/","url":"https:\/\/induzon.com\/hu\/termek\/vizhalozati-nyomascsokkento-szelep-sargarez-olommentes-allithato-haztartasi-vizhez-es-lakokocsihoz-dn15-dn20-dn25\/","name":"\u00d3lommentes s\u00e1rgar\u00e9z v\u00edznyom\u00e1scs\u00f6kkent\u0151","isPartOf":{"@id":"https:\/\/induzon.com\/hu\/#website"},"primaryImageOfPage":{"@id":"https:\/\/induzon.com\/hu\/termek\/vizhalozati-nyomascsokkento-szelep-sargarez-olommentes-allithato-haztartasi-vizhez-es-lakokocsihoz-dn15-dn20-dn25\/#primaryimage"},"image":{"@id":"https:\/\/induzon.com\/hu\/termek\/vizhalozati-nyomascsokkento-szelep-sargarez-olommentes-allithato-haztartasi-vizhez-es-lakokocsihoz-dn15-dn20-dn25\/#primaryimage"},"thumbnailUrl":"https:\/\/induzon.com\/wp-content\/uploads\/2026\/04\/1-2.png","datePublished":"2026-04-23T05:33:15+00:00","description":"Ez az \u00e1ll\u00edthat\u00f3 \u00f3lommentes s\u00e1rgar\u00e9z nyom\u00e1scs\u00f6kkent\u0151 szelep otthoni v\u00edzhez \u00e9s lak\u00f3kocsihoz haszn\u00e1lhat\u00f3. Cs\u00f6kkenti a magas nyom\u00e1st biztons\u00e1gos szintre DN15-25 m\u00e9retben.","breadcrumb":{"@id":"https:\/\/induzon.com\/hu\/termek\/vizhalozati-nyomascsokkento-szelep-sargarez-olommentes-allithato-haztartasi-vizhez-es-lakokocsihoz-dn15-dn20-dn25\/#breadcrumb"},"inLanguage":"hu","potentialAction":[{"@type":"ReadAction","target":["https:\/\/induzon.com\/hu\/termek\/vizhalozati-nyomascsokkento-szelep-sargarez-olommentes-allithato-haztartasi-vizhez-es-lakokocsihoz-dn15-dn20-dn25\/"]}]},{"@type":"ImageObject","inLanguage":"hu","@id":"https:\/\/induzon.com\/hu\/termek\/vizhalozati-nyomascsokkento-szelep-sargarez-olommentes-allithato-haztartasi-vizhez-es-lakokocsihoz-dn15-dn20-dn25\/#primaryimage","url":"https:\/\/induzon.com\/wp-content\/uploads\/2026\/04\/1-2.png","contentUrl":"https:\/\/induzon.com\/wp-content\/uploads\/2026\/04\/1-2.png","width":796,"height":795,"caption":"V\u00edzh\u00e1l\u00f3zati nyom\u00e1scs\u00f6kkent\u0151 szelep s\u00e1rgar\u00e9z \u00f3lommentes \u00e1ll\u00edthat\u00f3 h\u00e1ztart\u00e1si v\u00edzhez \u00e9s lak\u00f3kocsihoz DN15 DN20 DN25"},{"@type":"BreadcrumbList","@id":"https:\/\/induzon.com\/hu\/termek\/vizhalozati-nyomascsokkento-szelep-sargarez-olommentes-allithato-haztartasi-vizhez-es-lakokocsihoz-dn15-dn20-dn25\/#breadcrumb","itemListElement":[{"@type":"ListItem","position":1,"name":"\u9996\u9875","item":"https:\/\/induzon.com\/hu\/"},{"@type":"ListItem","position":2,"name":"Bolt","item":"https:\/\/induzon.com\/hu\/bolt\/"},{"@type":"ListItem","position":3,"name":"V\u00edzh\u00e1l\u00f3zati nyom\u00e1scs\u00f6kkent\u0151 szelep s\u00e1rgar\u00e9z \u00f3lommentes \u00e1ll\u00edthat\u00f3 h\u00e1ztart\u00e1si v\u00edzhez \u00e9s lak\u00f3kocsihoz DN15 DN20 DN25"}]},{"@type":"WebSite","@id":"https:\/\/induzon.com\/hu\/#website","url":"https:\/\/induzon.com\/hu\/","name":"induzon","description":"","publisher":{"@id":"https:\/\/induzon.com\/hu\/#organization"},"potentialAction":[{"@type":"SearchAction","target":{"@type":"EntryPoint","urlTemplate":"https:\/\/induzon.com\/hu\/?s={search_term_string}"},"query-input":{"@type":"PropertyValueSpecification","valueRequired":true,"valueName":"search_term_string"}}],"inLanguage":"hu"},{"@type":"Organization","@id":"https:\/\/induzon.com\/hu\/#organization","name":"induzon","url":"https:\/\/induzon.com\/hu\/","logo":{"@type":"ImageObject","inLanguage":"hu","@id":"https:\/\/induzon.com\/hu\/#\/schema\/logo\/image\/","url":"https:\/\/induzon.com\/wp-content\/uploads\/2025\/05\/cropped-026.png","contentUrl":"https:\/\/induzon.com\/wp-content\/uploads\/2025\/05\/cropped-026.png","width":512,"height":512,"caption":"induzon"},"image":{"@id":"https:\/\/induzon.com\/hu\/#\/schema\/logo\/image\/"}}]}},"_links":{"self":[{"href":"https:\/\/induzon.com\/hu\/wp-json\/wp\/v2\/product\/37729","targetHints":{"allow":["GET"]}}],"collection":[{"href":"https:\/\/induzon.com\/hu\/wp-json\/wp\/v2\/product"}],"about":[{"href":"https:\/\/induzon.com\/hu\/wp-json\/wp\/v2\/types\/product"}],"replies":[{"embeddable":true,"href":"https:\/\/induzon.com\/hu\/wp-json\/wp\/v2\/comments?post=37729"}],"version-history":[{"count":0,"href":"https:\/\/induzon.com\/hu\/wp-json\/wp\/v2\/product\/37729\/revisions"}],"wp:featuredmedia":[{"embeddable":true,"href":"https:\/\/induzon.com\/hu\/wp-json\/wp\/v2\/media\/37608"}],"wp:attachment":[{"href":"https:\/\/induzon.com\/hu\/wp-json\/wp\/v2\/media?parent=37729"}],"wp:term":[{"taxonomy":"product_brand","embeddable":true,"href":"https:\/\/induzon.com\/hu\/wp-json\/wp\/v2\/product_brand?post=37729"},{"taxonomy":"product_cat","embeddable":true,"href":"https:\/\/induzon.com\/hu\/wp-json\/wp\/v2\/product_cat?post=37729"},{"taxonomy":"product_tag","embeddable":true,"href":"https:\/\/induzon.com\/hu\/wp-json\/wp\/v2\/product_tag?post=37729"}],"curies":[{"name":"wp","href":"https:\/\/api.w.org\/{rel}","templated":true}]}}