{"id":38467,"date":"2026-04-28T11:50:43","date_gmt":"2026-04-28T03:50:43","guid":{"rendered":"https:\/\/induzon.com\/shop\/motoros-golyoscsap-2-utas-24v-3-vezetekes-1-2-3-4-1-1-1-4-1-1-2-2-col\/"},"modified":"2026-04-28T11:50:43","modified_gmt":"2026-04-28T03:50:43","slug":"motoros-golyoscsap-2-utas-24v-3-vezetekes-1-2-3-4-1-1-1-4-1-1-2-2-col","status":"publish","type":"product","link":"https:\/\/induzon.com\/hu\/termek\/motoros-golyoscsap-2-utas-24v-3-vezetekes-1-2-3-4-1-1-1-4-1-1-2-2-col\/","title":{"rendered":"Motoros goly\u00f3scsap 2-utas 24V 3-vezet\u00e9kes 1\/2 3\/4 1 1-1\/4 1-1\/2 2 col"},"content":{"rendered":"","protected":false},"excerpt":{"rendered":"","protected":false},"featured_media":38021,"comment_status":"open","ping_status":"closed","template":"","meta":{"site-sidebar-layout":"default","site-content-layout":"","ast-site-content-layout":"default","site-content-style":"default","site-sidebar-style":"default","ast-global-header-display":"","ast-banner-title-visibility":"","ast-main-header-display":"","ast-hfb-above-header-display":"","ast-hfb-below-header-display":"","ast-hfb-mobile-header-display":"","site-post-title":"","ast-breadcrumbs-content":"","ast-featured-img":"","footer-sml-layout":"","theme-transparent-header-meta":"default","adv-header-id-meta":"","stick-header-meta":"","header-above-stick-meta":"","header-main-stick-meta":"","header-below-stick-meta":"","astra-migrate-meta-layouts":"default","ast-page-background-enabled":"default","ast-page-background-meta":{"desktop":{"background-color":"var(--ast-global-color-4)","background-image":"","background-repeat":"repeat","background-position":"center center","background-size":"auto","background-attachment":"scroll","background-type":"","background-media":"","overlay-type":"","overlay-color":"","overlay-opacity":"","overlay-gradient":""},"tablet":{"background-color":"","background-image":"","background-repeat":"repeat","background-position":"center center","background-size":"auto","background-attachment":"scroll","background-type":"","background-media":"","overlay-type":"","overlay-color":"","overlay-opacity":"","overlay-gradient":""},"mobile":{"background-color":"","background-image":"","background-repeat":"repeat","background-position":"center center","background-size":"auto","background-attachment":"scroll","background-type":"","background-media":"","overlay-type":"","overlay-color":"","overlay-opacity":"","overlay-gradient":""}},"ast-content-background-meta":{"desktop":{"background-color":"var(--ast-global-color-5)","background-image":"","background-repeat":"repeat","background-position":"center center","background-size":"auto","background-attachment":"scroll","background-type":"","background-media":"","overlay-type":"","overlay-color":"","overlay-opacity":"","overlay-gradient":""},"tablet":{"background-color":"var(--ast-global-color-5)","background-image":"","background-repeat":"repeat","background-position":"center center","background-size":"auto","background-attachment":"scroll","background-type":"","background-media":"","overlay-type":"","overlay-color":"","overlay-opacity":"","overlay-gradient":""},"mobile":{"background-color":"var(--ast-global-color-5)","background-image":"","background-repeat":"repeat","background-position":"center center","background-size":"auto","background-attachment":"scroll","background-type":"","background-media":"","overlay-type":"","overlay-color":"","overlay-opacity":"","overlay-gradient":""}}},"product_brand":[],"product_cat":[2461,2284],"product_tag":[2462],"class_list":{"0":"post-38467","1":"product","2":"type-product","3":"status-publish","4":"has-post-thumbnail","6":"product_cat-elektromos-gombcsap","7":"product_cat-szelep","8":"product_tag-elektromos-gombcsap","9":"desktop-align-left","10":"tablet-align-left","11":"mobile-align-left","13":"first","14":"instock","15":"sale","16":"shipping-taxable","17":"purchasable","18":"product-type-variable"},"yoast_head":"<!-- This site is optimized with the Yoast SEO plugin v27.5 - https:\/\/yoast.com\/product\/yoast-seo-wordpress\/ -->\r\n<title>Motoros goly\u00f3scsap 2 utas 3 vezet\u00e9kes 1\/2 3\/4 1 1 1\/4 1 1\/2 2 col<\/title>\r\n<meta name=\"description\" content=\"Motoros goly\u00f3scsap 2 utas 3 vezet\u00e9kes. M\u00e9retek 1\/2 3\/4 1 1 1\/4 1 1\/2 2 col. F\u0171t\u00e9si \u00e9s v\u00edzrendszerekhez aj\u00e1nlott. Gyors sz\u00e1ll\u00edt\u00e1s.\" \/>\r\n<meta name=\"robots\" content=\"index, follow, max-snippet:-1, max-image-preview:large, max-video-preview:-1\" \/>\r\n<link rel=\"canonical\" href=\"https:\/\/induzon.com\/hu\/termek\/motoros-golyoscsap-2-utas-24v-3-vezetekes-1-2-3-4-1-1-1-4-1-1-2-2-col\/\" \/>\r\n<meta property=\"og:locale\" content=\"hu_HU\" \/>\r\n<meta property=\"og:type\" content=\"article\" \/>\r\n<meta property=\"og:title\" content=\"Motoros goly\u00f3scsap 2 utas 3 vezet\u00e9kes 1\/2 3\/4 1 1 1\/4 1 1\/2 2 col\" \/>\r\n<meta property=\"og:description\" content=\"Motoros goly\u00f3scsap 2 utas 3 vezet\u00e9kes. M\u00e9retek 1\/2 3\/4 1 1 1\/4 1 1\/2 2 col. F\u0171t\u00e9si \u00e9s v\u00edzrendszerekhez aj\u00e1nlott. Gyors sz\u00e1ll\u00edt\u00e1s.\" \/>\r\n<meta property=\"og:url\" content=\"https:\/\/induzon.com\/hu\/termek\/motoros-golyoscsap-2-utas-24v-3-vezetekes-1-2-3-4-1-1-1-4-1-1-2-2-col\/\" \/>\r\n<meta property=\"og:site_name\" content=\"induzon\" \/>\r\n<meta property=\"og:image\" content=\"https:\/\/induzon.com\/wp-content\/uploads\/2026\/04\/\u56fe-2-3.jpg\" \/>\r\n\t<meta property=\"og:image:width\" content=\"1500\" \/>\r\n\t<meta property=\"og:image:height\" content=\"1500\" \/>\r\n\t<meta property=\"og:image:type\" content=\"image\/jpeg\" \/>\r\n<meta name=\"twitter:card\" content=\"summary_large_image\" \/>\r\n<script type=\"application\/ld+json\" class=\"yoast-schema-graph\">{\"@context\":\"https:\\\/\\\/schema.org\",\"@graph\":[{\"@type\":\"WebPage\",\"@id\":\"https:\\\/\\\/induzon.com\\\/hu\\\/termek\\\/motoros-golyoscsap-2-utas-24v-3-vezetekes-1-2-3-4-1-1-1-4-1-1-2-2-col\\\/\",\"url\":\"https:\\\/\\\/induzon.com\\\/hu\\\/termek\\\/motoros-golyoscsap-2-utas-24v-3-vezetekes-1-2-3-4-1-1-1-4-1-1-2-2-col\\\/\",\"name\":\"Motoros goly\u00f3scsap 2 utas 3 vezet\u00e9kes 1\\\/2 3\\\/4 1 1 1\\\/4 1 1\\\/2 2 col\",\"isPartOf\":{\"@id\":\"https:\\\/\\\/induzon.com\\\/hu\\\/#website\"},\"primaryImageOfPage\":{\"@id\":\"https:\\\/\\\/induzon.com\\\/hu\\\/termek\\\/motoros-golyoscsap-2-utas-24v-3-vezetekes-1-2-3-4-1-1-1-4-1-1-2-2-col\\\/#primaryimage\"},\"image\":{\"@id\":\"https:\\\/\\\/induzon.com\\\/hu\\\/termek\\\/motoros-golyoscsap-2-utas-24v-3-vezetekes-1-2-3-4-1-1-1-4-1-1-2-2-col\\\/#primaryimage\"},\"thumbnailUrl\":\"https:\\\/\\\/induzon.com\\\/wp-content\\\/uploads\\\/2026\\\/04\\\/\u56fe-2-3.jpg\",\"datePublished\":\"2026-04-28T03:50:43+00:00\",\"description\":\"Motoros goly\u00f3scsap 2 utas 3 vezet\u00e9kes. M\u00e9retek 1\\\/2 3\\\/4 1 1 1\\\/4 1 1\\\/2 2 col. F\u0171t\u00e9si \u00e9s v\u00edzrendszerekhez aj\u00e1nlott. Gyors sz\u00e1ll\u00edt\u00e1s.\",\"breadcrumb\":{\"@id\":\"https:\\\/\\\/induzon.com\\\/hu\\\/termek\\\/motoros-golyoscsap-2-utas-24v-3-vezetekes-1-2-3-4-1-1-1-4-1-1-2-2-col\\\/#breadcrumb\"},\"inLanguage\":\"hu\",\"potentialAction\":[{\"@type\":\"ReadAction\",\"target\":[\"https:\\\/\\\/induzon.com\\\/hu\\\/termek\\\/motoros-golyoscsap-2-utas-24v-3-vezetekes-1-2-3-4-1-1-1-4-1-1-2-2-col\\\/\"]}]},{\"@type\":\"ImageObject\",\"inLanguage\":\"hu\",\"@id\":\"https:\\\/\\\/induzon.com\\\/hu\\\/termek\\\/motoros-golyoscsap-2-utas-24v-3-vezetekes-1-2-3-4-1-1-1-4-1-1-2-2-col\\\/#primaryimage\",\"url\":\"https:\\\/\\\/induzon.com\\\/wp-content\\\/uploads\\\/2026\\\/04\\\/\u56fe-2-3.jpg\",\"contentUrl\":\"https:\\\/\\\/induzon.com\\\/wp-content\\\/uploads\\\/2026\\\/04\\\/\u56fe-2-3.jpg\",\"width\":1500,\"height\":1500,\"caption\":\"2-way motor ball valve 5V 12V 24V 3-wire \u2013 electric ball valve 220V two-way motor valve 1\\\/2 3\\\/4 1 1-1\\\/4 1-1\\\/2 2 inches\"},{\"@type\":\"BreadcrumbList\",\"@id\":\"https:\\\/\\\/induzon.com\\\/hu\\\/termek\\\/motoros-golyoscsap-2-utas-24v-3-vezetekes-1-2-3-4-1-1-1-4-1-1-2-2-col\\\/#breadcrumb\",\"itemListElement\":[{\"@type\":\"ListItem\",\"position\":1,\"name\":\"\u9996\u9875\",\"item\":\"https:\\\/\\\/induzon.com\\\/hu\\\/\"},{\"@type\":\"ListItem\",\"position\":2,\"name\":\"Bolt\",\"item\":\"https:\\\/\\\/induzon.com\\\/hu\\\/bolt\\\/\"},{\"@type\":\"ListItem\",\"position\":3,\"name\":\"Motoros goly\u00f3scsap 2-utas 24V 3-vezet\u00e9kes 1\\\/2 3\\\/4 1 1-1\\\/4 1-1\\\/2 2 col\"}]},{\"@type\":\"WebSite\",\"@id\":\"https:\\\/\\\/induzon.com\\\/hu\\\/#website\",\"url\":\"https:\\\/\\\/induzon.com\\\/hu\\\/\",\"name\":\"induzon\",\"description\":\"\",\"publisher\":{\"@id\":\"https:\\\/\\\/induzon.com\\\/hu\\\/#organization\"},\"potentialAction\":[{\"@type\":\"SearchAction\",\"target\":{\"@type\":\"EntryPoint\",\"urlTemplate\":\"https:\\\/\\\/induzon.com\\\/hu\\\/?s={search_term_string}\"},\"query-input\":{\"@type\":\"PropertyValueSpecification\",\"valueRequired\":true,\"valueName\":\"search_term_string\"}}],\"inLanguage\":\"hu\"},{\"@type\":\"Organization\",\"@id\":\"https:\\\/\\\/induzon.com\\\/hu\\\/#organization\",\"name\":\"induzon\",\"url\":\"https:\\\/\\\/induzon.com\\\/hu\\\/\",\"logo\":{\"@type\":\"ImageObject\",\"inLanguage\":\"hu\",\"@id\":\"https:\\\/\\\/induzon.com\\\/hu\\\/#\\\/schema\\\/logo\\\/image\\\/\",\"url\":\"https:\\\/\\\/induzon.com\\\/wp-content\\\/uploads\\\/2025\\\/05\\\/cropped-026.png\",\"contentUrl\":\"https:\\\/\\\/induzon.com\\\/wp-content\\\/uploads\\\/2025\\\/05\\\/cropped-026.png\",\"width\":512,\"height\":512,\"caption\":\"induzon\"},\"image\":{\"@id\":\"https:\\\/\\\/induzon.com\\\/hu\\\/#\\\/schema\\\/logo\\\/image\\\/\"}}]}<\/script>\r\n<!-- \/ Yoast SEO plugin. -->","yoast_head_json":{"title":"Motoros goly\u00f3scsap 2 utas 3 vezet\u00e9kes 1\/2 3\/4 1 1 1\/4 1 1\/2 2 col","description":"Motoros goly\u00f3scsap 2 utas 3 vezet\u00e9kes. M\u00e9retek 1\/2 3\/4 1 1 1\/4 1 1\/2 2 col. F\u0171t\u00e9si \u00e9s v\u00edzrendszerekhez aj\u00e1nlott. Gyors sz\u00e1ll\u00edt\u00e1s.","robots":{"index":"index","follow":"follow","max-snippet":"max-snippet:-1","max-image-preview":"max-image-preview:large","max-video-preview":"max-video-preview:-1"},"canonical":"https:\/\/induzon.com\/hu\/termek\/motoros-golyoscsap-2-utas-24v-3-vezetekes-1-2-3-4-1-1-1-4-1-1-2-2-col\/","og_locale":"hu_HU","og_type":"article","og_title":"Motoros goly\u00f3scsap 2 utas 3 vezet\u00e9kes 1\/2 3\/4 1 1 1\/4 1 1\/2 2 col","og_description":"Motoros goly\u00f3scsap 2 utas 3 vezet\u00e9kes. M\u00e9retek 1\/2 3\/4 1 1 1\/4 1 1\/2 2 col. F\u0171t\u00e9si \u00e9s v\u00edzrendszerekhez aj\u00e1nlott. Gyors sz\u00e1ll\u00edt\u00e1s.","og_url":"https:\/\/induzon.com\/hu\/termek\/motoros-golyoscsap-2-utas-24v-3-vezetekes-1-2-3-4-1-1-1-4-1-1-2-2-col\/","og_site_name":"induzon","og_image":[{"width":1500,"height":1500,"url":"https:\/\/induzon.com\/wp-content\/uploads\/2026\/04\/\u56fe-2-3.jpg","type":"image\/jpeg"}],"twitter_card":"summary_large_image","schema":{"@context":"https:\/\/schema.org","@graph":[{"@type":"WebPage","@id":"https:\/\/induzon.com\/hu\/termek\/motoros-golyoscsap-2-utas-24v-3-vezetekes-1-2-3-4-1-1-1-4-1-1-2-2-col\/","url":"https:\/\/induzon.com\/hu\/termek\/motoros-golyoscsap-2-utas-24v-3-vezetekes-1-2-3-4-1-1-1-4-1-1-2-2-col\/","name":"Motoros goly\u00f3scsap 2 utas 3 vezet\u00e9kes 1\/2 3\/4 1 1 1\/4 1 1\/2 2 col","isPartOf":{"@id":"https:\/\/induzon.com\/hu\/#website"},"primaryImageOfPage":{"@id":"https:\/\/induzon.com\/hu\/termek\/motoros-golyoscsap-2-utas-24v-3-vezetekes-1-2-3-4-1-1-1-4-1-1-2-2-col\/#primaryimage"},"image":{"@id":"https:\/\/induzon.com\/hu\/termek\/motoros-golyoscsap-2-utas-24v-3-vezetekes-1-2-3-4-1-1-1-4-1-1-2-2-col\/#primaryimage"},"thumbnailUrl":"https:\/\/induzon.com\/wp-content\/uploads\/2026\/04\/\u56fe-2-3.jpg","datePublished":"2026-04-28T03:50:43+00:00","description":"Motoros goly\u00f3scsap 2 utas 3 vezet\u00e9kes. M\u00e9retek 1\/2 3\/4 1 1 1\/4 1 1\/2 2 col. F\u0171t\u00e9si \u00e9s v\u00edzrendszerekhez aj\u00e1nlott. Gyors sz\u00e1ll\u00edt\u00e1s.","breadcrumb":{"@id":"https:\/\/induzon.com\/hu\/termek\/motoros-golyoscsap-2-utas-24v-3-vezetekes-1-2-3-4-1-1-1-4-1-1-2-2-col\/#breadcrumb"},"inLanguage":"hu","potentialAction":[{"@type":"ReadAction","target":["https:\/\/induzon.com\/hu\/termek\/motoros-golyoscsap-2-utas-24v-3-vezetekes-1-2-3-4-1-1-1-4-1-1-2-2-col\/"]}]},{"@type":"ImageObject","inLanguage":"hu","@id":"https:\/\/induzon.com\/hu\/termek\/motoros-golyoscsap-2-utas-24v-3-vezetekes-1-2-3-4-1-1-1-4-1-1-2-2-col\/#primaryimage","url":"https:\/\/induzon.com\/wp-content\/uploads\/2026\/04\/\u56fe-2-3.jpg","contentUrl":"https:\/\/induzon.com\/wp-content\/uploads\/2026\/04\/\u56fe-2-3.jpg","width":1500,"height":1500,"caption":"2-way motor ball valve 5V 12V 24V 3-wire \u2013 electric ball valve 220V two-way motor valve 1\/2 3\/4 1 1-1\/4 1-1\/2 2 inches"},{"@type":"BreadcrumbList","@id":"https:\/\/induzon.com\/hu\/termek\/motoros-golyoscsap-2-utas-24v-3-vezetekes-1-2-3-4-1-1-1-4-1-1-2-2-col\/#breadcrumb","itemListElement":[{"@type":"ListItem","position":1,"name":"\u9996\u9875","item":"https:\/\/induzon.com\/hu\/"},{"@type":"ListItem","position":2,"name":"Bolt","item":"https:\/\/induzon.com\/hu\/bolt\/"},{"@type":"ListItem","position":3,"name":"Motoros goly\u00f3scsap 2-utas 24V 3-vezet\u00e9kes 1\/2 3\/4 1 1-1\/4 1-1\/2 2 col"}]},{"@type":"WebSite","@id":"https:\/\/induzon.com\/hu\/#website","url":"https:\/\/induzon.com\/hu\/","name":"induzon","description":"","publisher":{"@id":"https:\/\/induzon.com\/hu\/#organization"},"potentialAction":[{"@type":"SearchAction","target":{"@type":"EntryPoint","urlTemplate":"https:\/\/induzon.com\/hu\/?s={search_term_string}"},"query-input":{"@type":"PropertyValueSpecification","valueRequired":true,"valueName":"search_term_string"}}],"inLanguage":"hu"},{"@type":"Organization","@id":"https:\/\/induzon.com\/hu\/#organization","name":"induzon","url":"https:\/\/induzon.com\/hu\/","logo":{"@type":"ImageObject","inLanguage":"hu","@id":"https:\/\/induzon.com\/hu\/#\/schema\/logo\/image\/","url":"https:\/\/induzon.com\/wp-content\/uploads\/2025\/05\/cropped-026.png","contentUrl":"https:\/\/induzon.com\/wp-content\/uploads\/2025\/05\/cropped-026.png","width":512,"height":512,"caption":"induzon"},"image":{"@id":"https:\/\/induzon.com\/hu\/#\/schema\/logo\/image\/"}}]}},"_links":{"self":[{"href":"https:\/\/induzon.com\/hu\/wp-json\/wp\/v2\/product\/38467","targetHints":{"allow":["GET"]}}],"collection":[{"href":"https:\/\/induzon.com\/hu\/wp-json\/wp\/v2\/product"}],"about":[{"href":"https:\/\/induzon.com\/hu\/wp-json\/wp\/v2\/types\/product"}],"replies":[{"embeddable":true,"href":"https:\/\/induzon.com\/hu\/wp-json\/wp\/v2\/comments?post=38467"}],"version-history":[{"count":0,"href":"https:\/\/induzon.com\/hu\/wp-json\/wp\/v2\/product\/38467\/revisions"}],"wp:featuredmedia":[{"embeddable":true,"href":"https:\/\/induzon.com\/hu\/wp-json\/wp\/v2\/media\/38021"}],"wp:attachment":[{"href":"https:\/\/induzon.com\/hu\/wp-json\/wp\/v2\/media?parent=38467"}],"wp:term":[{"taxonomy":"product_brand","embeddable":true,"href":"https:\/\/induzon.com\/hu\/wp-json\/wp\/v2\/product_brand?post=38467"},{"taxonomy":"product_cat","embeddable":true,"href":"https:\/\/induzon.com\/hu\/wp-json\/wp\/v2\/product_cat?post=38467"},{"taxonomy":"product_tag","embeddable":true,"href":"https:\/\/induzon.com\/hu\/wp-json\/wp\/v2\/product_tag?post=38467"}],"curies":[{"name":"wp","href":"https:\/\/api.w.org\/{rel}","templated":true}]}}