{"id":38636,"date":"2026-04-28T15:51:10","date_gmt":"2026-04-28T07:51:10","guid":{"rendered":"https:\/\/induzon.com\/shop\/arnyekolt-polusu-ventilatormotor-6020-6015-csere\/"},"modified":"2026-05-06T10:42:57","modified_gmt":"2026-05-06T02:42:57","slug":"arnyekolt-polusu-ventilatormotor-6020-6015-csere","status":"publish","type":"product","link":"https:\/\/induzon.com\/hu\/termek\/arnyekolt-polusu-ventilatormotor-6020-6015-csere\/","title":{"rendered":"\u00c1rny\u00e9kolt p\u00f3lus\u00fa ventil\u00e1tormotor 6020 6015 csere"},"content":{"rendered":"","protected":false},"excerpt":{"rendered":"","protected":false},"featured_media":38322,"comment_status":"open","ping_status":"closed","template":"","meta":{"site-sidebar-layout":"default","site-content-layout":"","ast-site-content-layout":"default","site-content-style":"default","site-sidebar-style":"default","ast-global-header-display":"","ast-banner-title-visibility":"","ast-main-header-display":"","ast-hfb-above-header-display":"","ast-hfb-below-header-display":"","ast-hfb-mobile-header-display":"","site-post-title":"","ast-breadcrumbs-content":"","ast-featured-img":"","footer-sml-layout":"","theme-transparent-header-meta":"default","adv-header-id-meta":"","stick-header-meta":"","header-above-stick-meta":"","header-main-stick-meta":"","header-below-stick-meta":"","astra-migrate-meta-layouts":"set","ast-page-background-enabled":"default","ast-page-background-meta":{"desktop":{"background-color":"var(--ast-global-color-4)","background-image":"","background-repeat":"repeat","background-position":"center center","background-size":"auto","background-attachment":"scroll","background-type":"","background-media":"","overlay-type":"","overlay-color":"","overlay-opacity":"","overlay-gradient":""},"tablet":{"background-color":"","background-image":"","background-repeat":"repeat","background-position":"center center","background-size":"auto","background-attachment":"scroll","background-type":"","background-media":"","overlay-type":"","overlay-color":"","overlay-opacity":"","overlay-gradient":""},"mobile":{"background-color":"","background-image":"","background-repeat":"repeat","background-position":"center center","background-size":"auto","background-attachment":"scroll","background-type":"","background-media":"","overlay-type":"","overlay-color":"","overlay-opacity":"","overlay-gradient":""}},"ast-content-background-meta":{"desktop":{"background-color":"var(--ast-global-color-5)","background-image":"","background-repeat":"repeat","background-position":"center center","background-size":"auto","background-attachment":"scroll","background-type":"","background-media":"","overlay-type":"","overlay-color":"","overlay-opacity":"","overlay-gradient":""},"tablet":{"background-color":"var(--ast-global-color-5)","background-image":"","background-repeat":"repeat","background-position":"center center","background-size":"auto","background-attachment":"scroll","background-type":"","background-media":"","overlay-type":"","overlay-color":"","overlay-opacity":"","overlay-gradient":""},"mobile":{"background-color":"var(--ast-global-color-5)","background-image":"","background-repeat":"repeat","background-position":"center center","background-size":"auto","background-attachment":"scroll","background-type":"","background-media":"","overlay-type":"","overlay-color":"","overlay-opacity":"","overlay-gradient":""}}},"product_brand":[],"product_cat":[2493,2337],"product_tag":[2494],"class_list":{"0":"post-38636","1":"product","2":"type-product","3":"status-publish","4":"has-post-thumbnail","6":"product_cat-arnyekolt-polusu-motor","7":"product_cat-motor-es-sebessegvalto","8":"product_tag-arnyekolt-polusu-motor","9":"desktop-align-left","10":"tablet-align-left","11":"mobile-align-left","13":"first","14":"instock","15":"sale","16":"featured","17":"shipping-taxable","18":"purchasable","19":"product-type-variable"},"yoast_head":"<!-- This site is optimized with the Yoast SEO plugin v27.5 - https:\/\/yoast.com\/product\/yoast-seo-wordpress\/ -->\r\n<title>\u00c1rny\u00e9kolt p\u00f3lus\u00fa ventil\u00e1tormotor 6020\/6015 gy\u00fcm\u00f6lcsaszal\u00f3 csere<\/title>\r\n<meta name=\"description\" content=\"\u00c1rny\u00e9kolt p\u00f3lus\u00fa ventil\u00e1tormotor 6020 6015 csere nagy kereskedelmi gy\u00fcm\u00f6lcs-, z\u00f6lds\u00e9g- \u00e9s teaaszal\u00f3khoz. Tart\u00f3s \u00e9s hat\u00e9kony motor.\" \/>\r\n<meta name=\"robots\" content=\"index, follow, max-snippet:-1, max-image-preview:large, max-video-preview:-1\" \/>\r\n<link rel=\"canonical\" href=\"https:\/\/induzon.com\/hu\/termek\/arnyekolt-polusu-ventilatormotor-6020-6015-csere\/\" \/>\r\n<meta property=\"og:locale\" content=\"hu_HU\" \/>\r\n<meta property=\"og:type\" content=\"article\" \/>\r\n<meta property=\"og:title\" content=\"\u00c1rny\u00e9kolt p\u00f3lus\u00fa ventil\u00e1tormotor 6020\/6015 gy\u00fcm\u00f6lcsaszal\u00f3 csere\" \/>\r\n<meta property=\"og:description\" content=\"\u00c1rny\u00e9kolt p\u00f3lus\u00fa ventil\u00e1tormotor 6020 6015 csere nagy kereskedelmi gy\u00fcm\u00f6lcs-, z\u00f6lds\u00e9g- \u00e9s teaaszal\u00f3khoz. Tart\u00f3s \u00e9s hat\u00e9kony motor.\" \/>\r\n<meta property=\"og:url\" content=\"https:\/\/induzon.com\/hu\/termek\/arnyekolt-polusu-ventilatormotor-6020-6015-csere\/\" \/>\r\n<meta property=\"og:site_name\" content=\"induzon\" \/>\r\n<meta property=\"article:modified_time\" content=\"2026-05-06T02:42:57+00:00\" \/>\r\n<meta property=\"og:image\" content=\"https:\/\/induzon.com\/wp-content\/uploads\/2026\/04\/\u56fe-3-4.jpg\" \/>\r\n\t<meta property=\"og:image:width\" content=\"1500\" \/>\r\n\t<meta property=\"og:image:height\" content=\"1500\" \/>\r\n\t<meta property=\"og:image:type\" content=\"image\/jpeg\" \/>\r\n<meta name=\"twitter:card\" content=\"summary_large_image\" \/>\r\n<meta name=\"twitter:label1\" content=\"Becs\u00fclt olvas\u00e1si id\u0151\" \/>\n\t<meta name=\"twitter:data1\" content=\"1 perc\" \/>\r\n<script type=\"application\/ld+json\" class=\"yoast-schema-graph\">{\"@context\":\"https:\\\/\\\/schema.org\",\"@graph\":[{\"@type\":\"WebPage\",\"@id\":\"https:\\\/\\\/induzon.com\\\/hu\\\/termek\\\/arnyekolt-polusu-ventilatormotor-6020-6015-csere\\\/\",\"url\":\"https:\\\/\\\/induzon.com\\\/hu\\\/termek\\\/arnyekolt-polusu-ventilatormotor-6020-6015-csere\\\/\",\"name\":\"\u00c1rny\u00e9kolt p\u00f3lus\u00fa ventil\u00e1tormotor 6020\\\/6015 gy\u00fcm\u00f6lcsaszal\u00f3 csere\",\"isPartOf\":{\"@id\":\"https:\\\/\\\/induzon.com\\\/hu\\\/#website\"},\"primaryImageOfPage\":{\"@id\":\"https:\\\/\\\/induzon.com\\\/hu\\\/termek\\\/arnyekolt-polusu-ventilatormotor-6020-6015-csere\\\/#primaryimage\"},\"image\":{\"@id\":\"https:\\\/\\\/induzon.com\\\/hu\\\/termek\\\/arnyekolt-polusu-ventilatormotor-6020-6015-csere\\\/#primaryimage\"},\"thumbnailUrl\":\"https:\\\/\\\/induzon.com\\\/wp-content\\\/uploads\\\/2026\\\/04\\\/\u56fe-3-4.jpg\",\"datePublished\":\"2026-04-28T07:51:10+00:00\",\"dateModified\":\"2026-05-06T02:42:57+00:00\",\"description\":\"\u00c1rny\u00e9kolt p\u00f3lus\u00fa ventil\u00e1tormotor 6020 6015 csere nagy kereskedelmi gy\u00fcm\u00f6lcs-, z\u00f6lds\u00e9g- \u00e9s teaaszal\u00f3khoz. Tart\u00f3s \u00e9s hat\u00e9kony motor.\",\"breadcrumb\":{\"@id\":\"https:\\\/\\\/induzon.com\\\/hu\\\/termek\\\/arnyekolt-polusu-ventilatormotor-6020-6015-csere\\\/#breadcrumb\"},\"inLanguage\":\"hu\",\"potentialAction\":[{\"@type\":\"ReadAction\",\"target\":[\"https:\\\/\\\/induzon.com\\\/hu\\\/termek\\\/arnyekolt-polusu-ventilatormotor-6020-6015-csere\\\/\"]}]},{\"@type\":\"ImageObject\",\"inLanguage\":\"hu\",\"@id\":\"https:\\\/\\\/induzon.com\\\/hu\\\/termek\\\/arnyekolt-polusu-ventilatormotor-6020-6015-csere\\\/#primaryimage\",\"url\":\"https:\\\/\\\/induzon.com\\\/wp-content\\\/uploads\\\/2026\\\/04\\\/\u56fe-3-4.jpg\",\"contentUrl\":\"https:\\\/\\\/induzon.com\\\/wp-content\\\/uploads\\\/2026\\\/04\\\/\u56fe-3-4.jpg\",\"width\":1500,\"height\":1500,\"caption\":\"6020 6015 fan motor for fruit dryer food commercial large food fruit tea vegetable Shaded pole Motor replacement\"},{\"@type\":\"BreadcrumbList\",\"@id\":\"https:\\\/\\\/induzon.com\\\/hu\\\/termek\\\/arnyekolt-polusu-ventilatormotor-6020-6015-csere\\\/#breadcrumb\",\"itemListElement\":[{\"@type\":\"ListItem\",\"position\":1,\"name\":\"\u9996\u9875\",\"item\":\"https:\\\/\\\/induzon.com\\\/hu\\\/\"},{\"@type\":\"ListItem\",\"position\":2,\"name\":\"Bolt\",\"item\":\"https:\\\/\\\/induzon.com\\\/hu\\\/bolt\\\/\"},{\"@type\":\"ListItem\",\"position\":3,\"name\":\"\u00c1rny\u00e9kolt p\u00f3lus\u00fa ventil\u00e1tormotor 6020 6015 csere\"}]},{\"@type\":\"WebSite\",\"@id\":\"https:\\\/\\\/induzon.com\\\/hu\\\/#website\",\"url\":\"https:\\\/\\\/induzon.com\\\/hu\\\/\",\"name\":\"induzon\",\"description\":\"\",\"publisher\":{\"@id\":\"https:\\\/\\\/induzon.com\\\/hu\\\/#organization\"},\"potentialAction\":[{\"@type\":\"SearchAction\",\"target\":{\"@type\":\"EntryPoint\",\"urlTemplate\":\"https:\\\/\\\/induzon.com\\\/hu\\\/?s={search_term_string}\"},\"query-input\":{\"@type\":\"PropertyValueSpecification\",\"valueRequired\":true,\"valueName\":\"search_term_string\"}}],\"inLanguage\":\"hu\"},{\"@type\":\"Organization\",\"@id\":\"https:\\\/\\\/induzon.com\\\/hu\\\/#organization\",\"name\":\"induzon\",\"url\":\"https:\\\/\\\/induzon.com\\\/hu\\\/\",\"logo\":{\"@type\":\"ImageObject\",\"inLanguage\":\"hu\",\"@id\":\"https:\\\/\\\/induzon.com\\\/hu\\\/#\\\/schema\\\/logo\\\/image\\\/\",\"url\":\"https:\\\/\\\/induzon.com\\\/wp-content\\\/uploads\\\/2025\\\/05\\\/cropped-026.png\",\"contentUrl\":\"https:\\\/\\\/induzon.com\\\/wp-content\\\/uploads\\\/2025\\\/05\\\/cropped-026.png\",\"width\":512,\"height\":512,\"caption\":\"induzon\"},\"image\":{\"@id\":\"https:\\\/\\\/induzon.com\\\/hu\\\/#\\\/schema\\\/logo\\\/image\\\/\"}}]}<\/script>\r\n<!-- \/ Yoast SEO plugin. -->","yoast_head_json":{"title":"\u00c1rny\u00e9kolt p\u00f3lus\u00fa ventil\u00e1tormotor 6020\/6015 gy\u00fcm\u00f6lcsaszal\u00f3 csere","description":"\u00c1rny\u00e9kolt p\u00f3lus\u00fa ventil\u00e1tormotor 6020 6015 csere nagy kereskedelmi gy\u00fcm\u00f6lcs-, z\u00f6lds\u00e9g- \u00e9s teaaszal\u00f3khoz. Tart\u00f3s \u00e9s hat\u00e9kony motor.","robots":{"index":"index","follow":"follow","max-snippet":"max-snippet:-1","max-image-preview":"max-image-preview:large","max-video-preview":"max-video-preview:-1"},"canonical":"https:\/\/induzon.com\/hu\/termek\/arnyekolt-polusu-ventilatormotor-6020-6015-csere\/","og_locale":"hu_HU","og_type":"article","og_title":"\u00c1rny\u00e9kolt p\u00f3lus\u00fa ventil\u00e1tormotor 6020\/6015 gy\u00fcm\u00f6lcsaszal\u00f3 csere","og_description":"\u00c1rny\u00e9kolt p\u00f3lus\u00fa ventil\u00e1tormotor 6020 6015 csere nagy kereskedelmi gy\u00fcm\u00f6lcs-, z\u00f6lds\u00e9g- \u00e9s teaaszal\u00f3khoz. Tart\u00f3s \u00e9s hat\u00e9kony motor.","og_url":"https:\/\/induzon.com\/hu\/termek\/arnyekolt-polusu-ventilatormotor-6020-6015-csere\/","og_site_name":"induzon","article_modified_time":"2026-05-06T02:42:57+00:00","og_image":[{"width":1500,"height":1500,"url":"https:\/\/induzon.com\/wp-content\/uploads\/2026\/04\/\u56fe-3-4.jpg","type":"image\/jpeg"}],"twitter_card":"summary_large_image","twitter_misc":{"Becs\u00fclt olvas\u00e1si id\u0151":"1 perc"},"schema":{"@context":"https:\/\/schema.org","@graph":[{"@type":"WebPage","@id":"https:\/\/induzon.com\/hu\/termek\/arnyekolt-polusu-ventilatormotor-6020-6015-csere\/","url":"https:\/\/induzon.com\/hu\/termek\/arnyekolt-polusu-ventilatormotor-6020-6015-csere\/","name":"\u00c1rny\u00e9kolt p\u00f3lus\u00fa ventil\u00e1tormotor 6020\/6015 gy\u00fcm\u00f6lcsaszal\u00f3 csere","isPartOf":{"@id":"https:\/\/induzon.com\/hu\/#website"},"primaryImageOfPage":{"@id":"https:\/\/induzon.com\/hu\/termek\/arnyekolt-polusu-ventilatormotor-6020-6015-csere\/#primaryimage"},"image":{"@id":"https:\/\/induzon.com\/hu\/termek\/arnyekolt-polusu-ventilatormotor-6020-6015-csere\/#primaryimage"},"thumbnailUrl":"https:\/\/induzon.com\/wp-content\/uploads\/2026\/04\/\u56fe-3-4.jpg","datePublished":"2026-04-28T07:51:10+00:00","dateModified":"2026-05-06T02:42:57+00:00","description":"\u00c1rny\u00e9kolt p\u00f3lus\u00fa ventil\u00e1tormotor 6020 6015 csere nagy kereskedelmi gy\u00fcm\u00f6lcs-, z\u00f6lds\u00e9g- \u00e9s teaaszal\u00f3khoz. Tart\u00f3s \u00e9s hat\u00e9kony motor.","breadcrumb":{"@id":"https:\/\/induzon.com\/hu\/termek\/arnyekolt-polusu-ventilatormotor-6020-6015-csere\/#breadcrumb"},"inLanguage":"hu","potentialAction":[{"@type":"ReadAction","target":["https:\/\/induzon.com\/hu\/termek\/arnyekolt-polusu-ventilatormotor-6020-6015-csere\/"]}]},{"@type":"ImageObject","inLanguage":"hu","@id":"https:\/\/induzon.com\/hu\/termek\/arnyekolt-polusu-ventilatormotor-6020-6015-csere\/#primaryimage","url":"https:\/\/induzon.com\/wp-content\/uploads\/2026\/04\/\u56fe-3-4.jpg","contentUrl":"https:\/\/induzon.com\/wp-content\/uploads\/2026\/04\/\u56fe-3-4.jpg","width":1500,"height":1500,"caption":"6020 6015 fan motor for fruit dryer food commercial large food fruit tea vegetable Shaded pole Motor replacement"},{"@type":"BreadcrumbList","@id":"https:\/\/induzon.com\/hu\/termek\/arnyekolt-polusu-ventilatormotor-6020-6015-csere\/#breadcrumb","itemListElement":[{"@type":"ListItem","position":1,"name":"\u9996\u9875","item":"https:\/\/induzon.com\/hu\/"},{"@type":"ListItem","position":2,"name":"Bolt","item":"https:\/\/induzon.com\/hu\/bolt\/"},{"@type":"ListItem","position":3,"name":"\u00c1rny\u00e9kolt p\u00f3lus\u00fa ventil\u00e1tormotor 6020 6015 csere"}]},{"@type":"WebSite","@id":"https:\/\/induzon.com\/hu\/#website","url":"https:\/\/induzon.com\/hu\/","name":"induzon","description":"","publisher":{"@id":"https:\/\/induzon.com\/hu\/#organization"},"potentialAction":[{"@type":"SearchAction","target":{"@type":"EntryPoint","urlTemplate":"https:\/\/induzon.com\/hu\/?s={search_term_string}"},"query-input":{"@type":"PropertyValueSpecification","valueRequired":true,"valueName":"search_term_string"}}],"inLanguage":"hu"},{"@type":"Organization","@id":"https:\/\/induzon.com\/hu\/#organization","name":"induzon","url":"https:\/\/induzon.com\/hu\/","logo":{"@type":"ImageObject","inLanguage":"hu","@id":"https:\/\/induzon.com\/hu\/#\/schema\/logo\/image\/","url":"https:\/\/induzon.com\/wp-content\/uploads\/2025\/05\/cropped-026.png","contentUrl":"https:\/\/induzon.com\/wp-content\/uploads\/2025\/05\/cropped-026.png","width":512,"height":512,"caption":"induzon"},"image":{"@id":"https:\/\/induzon.com\/hu\/#\/schema\/logo\/image\/"}}]}},"_links":{"self":[{"href":"https:\/\/induzon.com\/hu\/wp-json\/wp\/v2\/product\/38636","targetHints":{"allow":["GET"]}}],"collection":[{"href":"https:\/\/induzon.com\/hu\/wp-json\/wp\/v2\/product"}],"about":[{"href":"https:\/\/induzon.com\/hu\/wp-json\/wp\/v2\/types\/product"}],"replies":[{"embeddable":true,"href":"https:\/\/induzon.com\/hu\/wp-json\/wp\/v2\/comments?post=38636"}],"version-history":[{"count":1,"href":"https:\/\/induzon.com\/hu\/wp-json\/wp\/v2\/product\/38636\/revisions"}],"predecessor-version":[{"id":38695,"href":"https:\/\/induzon.com\/hu\/wp-json\/wp\/v2\/product\/38636\/revisions\/38695"}],"wp:featuredmedia":[{"embeddable":true,"href":"https:\/\/induzon.com\/hu\/wp-json\/wp\/v2\/media\/38322"}],"wp:attachment":[{"href":"https:\/\/induzon.com\/hu\/wp-json\/wp\/v2\/media?parent=38636"}],"wp:term":[{"taxonomy":"product_brand","embeddable":true,"href":"https:\/\/induzon.com\/hu\/wp-json\/wp\/v2\/product_brand?post=38636"},{"taxonomy":"product_cat","embeddable":true,"href":"https:\/\/induzon.com\/hu\/wp-json\/wp\/v2\/product_cat?post=38636"},{"taxonomy":"product_tag","embeddable":true,"href":"https:\/\/induzon.com\/hu\/wp-json\/wp\/v2\/product_tag?post=38636"}],"curies":[{"name":"wp","href":"https:\/\/api.w.org\/{rel}","templated":true}]}}