{"id":6424,"date":"2025-04-25T14:16:00","date_gmt":"2025-04-25T06:16:00","guid":{"rendered":"https:\/\/induzon.com\/shop\/faipari-porszivo-750w-faipari-korfuresz-porgyujto-taska-famegmunkalo-furesz-furesz-porcsoportito-faipari-porelszivo-zsakos-porszivo-faipari-porgyujto-fureszgepek-kezi-furesz-fahoz-lancfuresz\/"},"modified":"2026-01-12T13:19:12","modified_gmt":"2026-01-12T05:19:12","slug":"faipari-porszivo-750w-faipari-korfuresz-porgyujto-taska-famegmunkalo-furesz-furesz-porcsoportito-faipari-porelszivo-zsakos-porszivo-faipari-porgyujto-fureszgepek-kezi-furesz-fahoz-lancfuresz","status":"publish","type":"product","link":"https:\/\/induzon.com\/hu\/termek\/faipari-porszivo-750w-faipari-korfuresz-porgyujto-taska-famegmunkalo-furesz-furesz-porcsoportito-faipari-porelszivo-zsakos-porszivo-faipari-porgyujto-fureszgepek-kezi-furesz-fahoz-lancfuresz\/","title":{"rendered":"faipari porsz\u00edv\u00f3 750W, faipari k\u00f6rf\u0171r\u00e9sz porgy\u0171jt\u0151 t\u00e1ska, famegmunk\u00e1l\u00f3 f\u0171r\u00e9sz, f\u0171r\u00e9sz porcsoport\u00edt\u00f3, faipari porelsz\u00edv\u00f3, zs\u00e1kos porsz\u00edv\u00f3, faipari porgy\u0171jt\u0151, f\u0171r\u00e9szg\u00e9pek, k\u00e9zi f\u0171r\u00e9sz f\u00e1hoz, l\u00e1ncf\u0171r\u00e9sz \u00e9lez\u0151"},"content":{"rendered":"<p>1. Hat\u00e9kony por- \u00e9s forg\u00e1cselsz\u00edv\u00e1s f\u0171r\u00e9szel\u00e9shez \u00e9s egy\u00e9b famunk\u00e1khoz<br \/>\n2.K\u00f6nnyen sz\u00e1ll\u00edthat\u00f3 \u00e9s kompakt kialak\u00edt\u00e1s, ide\u00e1lis kis m\u0171helyekhez<br \/>\n3.Be\u00e9p\u00edtett gy\u0171jt\u0151zs\u00e1k \u00e9s rugalmas cs\u0151 a k\u00f6nny\u0171 karbantart\u00e1shoz<br \/>\n4.Er\u0151s motor biztos\u00edtja a magas sz\u00edv\u00f3teljes\u00edtm\u00e9nyt \u00e9s hat\u00e9konys\u00e1got<br \/>\n5.Univerz\u00e1lis csatlakoz\u00e1s lehet\u0151v\u00e9 teszi k\u00fcl\u00f6nf\u00e9le szersz\u00e1mokhoz val\u00f3 csatlakoztat\u00e1st<\/p>\n","protected":false},"excerpt":{"rendered":"<p>1. Hat\u00e9kony por- \u00e9s forg\u00e1cselsz\u00edv\u00e1s f\u0171r\u00e9szel\u00e9shez \u00e9s egy\u00e9b famunk\u00e1khoz 2.K\u00f6nnyen sz\u00e1ll\u00edthat\u00f3 \u00e9s kompakt kialak\u00edt\u00e1s, ide\u00e1lis kis m\u0171helyekhez 3.Be\u00e9p\u00edtett gy\u0171jt\u0151zs\u00e1k \u00e9s [&hellip;]<\/p>\n","protected":false},"featured_media":6288,"comment_status":"open","ping_status":"closed","template":"","meta":{"site-sidebar-layout":"default","site-content-layout":"","ast-site-content-layout":"default","site-content-style":"default","site-sidebar-style":"default","ast-global-header-display":"","ast-banner-title-visibility":"","ast-main-header-display":"","ast-hfb-above-header-display":"","ast-hfb-below-header-display":"","ast-hfb-mobile-header-display":"","site-post-title":"","ast-breadcrumbs-content":"","ast-featured-img":"","footer-sml-layout":"","theme-transparent-header-meta":"default","adv-header-id-meta":"","stick-header-meta":"","header-above-stick-meta":"","header-main-stick-meta":"","header-below-stick-meta":"","astra-migrate-meta-layouts":"set","ast-page-background-enabled":"default","ast-page-background-meta":{"desktop":{"background-color":"var(--ast-global-color-4)","background-image":"","background-repeat":"repeat","background-position":"center center","background-size":"auto","background-attachment":"scroll","background-type":"","background-media":"","overlay-type":"","overlay-color":"","overlay-opacity":"","overlay-gradient":""},"tablet":{"background-color":"","background-image":"","background-repeat":"repeat","background-position":"center center","background-size":"auto","background-attachment":"scroll","background-type":"","background-media":"","overlay-type":"","overlay-color":"","overlay-opacity":"","overlay-gradient":""},"mobile":{"background-color":"","background-image":"","background-repeat":"repeat","background-position":"center center","background-size":"auto","background-attachment":"scroll","background-type":"","background-media":"","overlay-type":"","overlay-color":"","overlay-opacity":"","overlay-gradient":""}},"ast-content-background-meta":{"desktop":{"background-color":"var(--ast-global-color-5)","background-image":"","background-repeat":"repeat","background-position":"center center","background-size":"auto","background-attachment":"scroll","background-type":"","background-media":"","overlay-type":"","overlay-color":"","overlay-opacity":"","overlay-gradient":""},"tablet":{"background-color":"var(--ast-global-color-5)","background-image":"","background-repeat":"repeat","background-position":"center center","background-size":"auto","background-attachment":"scroll","background-type":"","background-media":"","overlay-type":"","overlay-color":"","overlay-opacity":"","overlay-gradient":""},"mobile":{"background-color":"var(--ast-global-color-5)","background-image":"","background-repeat":"repeat","background-position":"center center","background-size":"auto","background-attachment":"scroll","background-type":"","background-media":"","overlay-type":"","overlay-color":"","overlay-opacity":"","overlay-gradient":""}}},"product_brand":[],"product_cat":[780,779,782,781],"product_tag":[783],"class_list":{"0":"post-6424","1":"product","2":"type-product","3":"status-publish","4":"has-post-thumbnail","6":"product_cat-faipari-szerszamok","7":"product_cat-hardveres-eszkozok","8":"product_cat-ipari-porszivo","9":"product_cat-otthoni-takaritas","10":"product_tag-porgyujtes","11":"desktop-align-left","12":"tablet-align-left","13":"mobile-align-left","15":"first","16":"instock","17":"sale","18":"shipping-taxable","19":"purchasable","20":"product-type-simple"},"yoast_head":"<!-- This site is optimized with the Yoast SEO plugin v24.9 - https:\/\/yoast.com\/wordpress\/plugins\/seo\/ -->\r\n<title>faipari porsz\u00edv\u00f3 750W faipari k\u00f6rf\u0171r\u00e9sz porgy\u0171jt\u0151 t\u00e1ska -Induzon<\/title>\r\n<meta name=\"description\" content=\"Fedezze fel faipari porsz\u00edv\u00f3inkat, porgy\u0171jt\u0151it \u00e9s porelsz\u00edv\u00f3it, ide\u00e1lis f\u0171r\u00e9szg\u00e9pekhez \u00e9s a m\u0171hely teljes pormentes\u00edt\u00e9s\u00e9hez.\" \/>\r\n<meta name=\"robots\" content=\"index, follow, max-snippet:-1, max-image-preview:large, max-video-preview:-1\" \/>\r\n<link rel=\"canonical\" href=\"https:\/\/induzon.com\/hu\/termek\/faipari-porszivo-750w-faipari-korfuresz-porgyujto-taska-famegmunkalo-furesz-furesz-porcsoportito-faipari-porelszivo-zsakos-porszivo-faipari-porgyujto-fureszgepek-kezi-furesz-fahoz-lancfuresz\/\" \/>\r\n<meta property=\"og:locale\" content=\"hu_HU\" \/>\r\n<meta property=\"og:type\" content=\"article\" \/>\r\n<meta property=\"og:title\" content=\"faipari porsz\u00edv\u00f3 750W faipari k\u00f6rf\u0171r\u00e9sz porgy\u0171jt\u0151 t\u00e1ska -Induzon\" \/>\r\n<meta property=\"og:description\" content=\"Fedezze fel faipari porsz\u00edv\u00f3inkat, porgy\u0171jt\u0151it \u00e9s porelsz\u00edv\u00f3it, ide\u00e1lis f\u0171r\u00e9szg\u00e9pekhez \u00e9s a m\u0171hely teljes pormentes\u00edt\u00e9s\u00e9hez.\" \/>\r\n<meta property=\"og:url\" content=\"https:\/\/induzon.com\/hu\/termek\/faipari-porszivo-750w-faipari-korfuresz-porgyujto-taska-famegmunkalo-furesz-furesz-porcsoportito-faipari-porelszivo-zsakos-porszivo-faipari-porgyujto-fureszgepek-kezi-furesz-fahoz-lancfuresz\/\" \/>\r\n<meta property=\"og:site_name\" content=\"induzon\" \/>\r\n<meta property=\"article:modified_time\" content=\"2026-01-12T05:19:12+00:00\" \/>\r\n<meta property=\"og:image\" content=\"https:\/\/induzon.com\/wp-content\/uploads\/2025\/04\/\u56fe-1.jpg\" \/>\r\n\t<meta property=\"og:image:width\" content=\"1500\" \/>\r\n\t<meta property=\"og:image:height\" content=\"1500\" \/>\r\n\t<meta property=\"og:image:type\" content=\"image\/jpeg\" \/>\r\n<meta name=\"twitter:card\" content=\"summary_large_image\" \/>\r\n<meta name=\"twitter:label1\" content=\"Becs\u00fclt olvas\u00e1si id\u0151\" \/>\n\t<meta name=\"twitter:data1\" content=\"1 perc\" \/>\r\n<script type=\"application\/ld+json\" class=\"yoast-schema-graph\">{\"@context\":\"https:\/\/schema.org\",\"@graph\":[{\"@type\":\"WebPage\",\"@id\":\"https:\/\/induzon.com\/hu\/termek\/faipari-porszivo-750w-faipari-korfuresz-porgyujto-taska-famegmunkalo-furesz-furesz-porcsoportito-faipari-porelszivo-zsakos-porszivo-faipari-porgyujto-fureszgepek-kezi-furesz-fahoz-lancfuresz\/\",\"url\":\"https:\/\/induzon.com\/hu\/termek\/faipari-porszivo-750w-faipari-korfuresz-porgyujto-taska-famegmunkalo-furesz-furesz-porcsoportito-faipari-porelszivo-zsakos-porszivo-faipari-porgyujto-fureszgepek-kezi-furesz-fahoz-lancfuresz\/\",\"name\":\"faipari porsz\u00edv\u00f3 750W faipari k\u00f6rf\u0171r\u00e9sz porgy\u0171jt\u0151 t\u00e1ska -Induzon\",\"isPartOf\":{\"@id\":\"https:\/\/induzon.com\/hu\/#website\"},\"primaryImageOfPage\":{\"@id\":\"https:\/\/induzon.com\/hu\/termek\/faipari-porszivo-750w-faipari-korfuresz-porgyujto-taska-famegmunkalo-furesz-furesz-porcsoportito-faipari-porelszivo-zsakos-porszivo-faipari-porgyujto-fureszgepek-kezi-furesz-fahoz-lancfuresz\/#primaryimage\"},\"image\":{\"@id\":\"https:\/\/induzon.com\/hu\/termek\/faipari-porszivo-750w-faipari-korfuresz-porgyujto-taska-famegmunkalo-furesz-furesz-porcsoportito-faipari-porelszivo-zsakos-porszivo-faipari-porgyujto-fureszgepek-kezi-furesz-fahoz-lancfuresz\/#primaryimage\"},\"thumbnailUrl\":\"https:\/\/induzon.com\/wp-content\/uploads\/2025\/04\/\u56fe-1.jpg\",\"datePublished\":\"2025-04-25T06:16:00+00:00\",\"dateModified\":\"2026-01-12T05:19:12+00:00\",\"description\":\"Fedezze fel faipari porsz\u00edv\u00f3inkat, porgy\u0171jt\u0151it \u00e9s porelsz\u00edv\u00f3it, ide\u00e1lis f\u0171r\u00e9szg\u00e9pekhez \u00e9s a m\u0171hely teljes pormentes\u00edt\u00e9s\u00e9hez.\",\"breadcrumb\":{\"@id\":\"https:\/\/induzon.com\/hu\/termek\/faipari-porszivo-750w-faipari-korfuresz-porgyujto-taska-famegmunkalo-furesz-furesz-porcsoportito-faipari-porelszivo-zsakos-porszivo-faipari-porgyujto-fureszgepek-kezi-furesz-fahoz-lancfuresz\/#breadcrumb\"},\"inLanguage\":\"hu\",\"potentialAction\":[{\"@type\":\"ReadAction\",\"target\":[\"https:\/\/induzon.com\/hu\/termek\/faipari-porszivo-750w-faipari-korfuresz-porgyujto-taska-famegmunkalo-furesz-furesz-porcsoportito-faipari-porelszivo-zsakos-porszivo-faipari-porgyujto-fureszgepek-kezi-furesz-fahoz-lancfuresz\/\"]}]},{\"@type\":\"ImageObject\",\"inLanguage\":\"hu\",\"@id\":\"https:\/\/induzon.com\/hu\/termek\/faipari-porszivo-750w-faipari-korfuresz-porgyujto-taska-famegmunkalo-furesz-furesz-porcsoportito-faipari-porelszivo-zsakos-porszivo-faipari-porgyujto-fureszgepek-kezi-furesz-fahoz-lancfuresz\/#primaryimage\",\"url\":\"https:\/\/induzon.com\/wp-content\/uploads\/2025\/04\/\u56fe-1.jpg\",\"contentUrl\":\"https:\/\/induzon.com\/wp-content\/uploads\/2025\/04\/\u56fe-1.jpg\",\"width\":1500,\"height\":1500,\"caption\":\"faipari porsz\u00edv\u00f3 750W faipari k\u00f6rf\u0171r\u00e9sz porgy\u0171jt\u0151 t\u00e1ska\"},{\"@type\":\"BreadcrumbList\",\"@id\":\"https:\/\/induzon.com\/hu\/termek\/faipari-porszivo-750w-faipari-korfuresz-porgyujto-taska-famegmunkalo-furesz-furesz-porcsoportito-faipari-porelszivo-zsakos-porszivo-faipari-porgyujto-fureszgepek-kezi-furesz-fahoz-lancfuresz\/#breadcrumb\",\"itemListElement\":[{\"@type\":\"ListItem\",\"position\":1,\"name\":\"\u9996\u9875\",\"item\":\"https:\/\/induzon.com\/hu\/\"},{\"@type\":\"ListItem\",\"position\":2,\"name\":\"Bolt\",\"item\":\"https:\/\/induzon.com\/hu\/bolt\/\"},{\"@type\":\"ListItem\",\"position\":3,\"name\":\"faipari porsz\u00edv\u00f3 750W, faipari k\u00f6rf\u0171r\u00e9sz porgy\u0171jt\u0151 t\u00e1ska, famegmunk\u00e1l\u00f3 f\u0171r\u00e9sz, f\u0171r\u00e9sz porcsoport\u00edt\u00f3, faipari porelsz\u00edv\u00f3, zs\u00e1kos porsz\u00edv\u00f3, faipari porgy\u0171jt\u0151, f\u0171r\u00e9szg\u00e9pek, k\u00e9zi f\u0171r\u00e9sz f\u00e1hoz, l\u00e1ncf\u0171r\u00e9sz \u00e9lez\u0151\"}]},{\"@type\":\"WebSite\",\"@id\":\"https:\/\/induzon.com\/hu\/#website\",\"url\":\"https:\/\/induzon.com\/hu\/\",\"name\":\"induzon\",\"description\":\"\",\"publisher\":{\"@id\":\"https:\/\/induzon.com\/hu\/#organization\"},\"potentialAction\":[{\"@type\":\"SearchAction\",\"target\":{\"@type\":\"EntryPoint\",\"urlTemplate\":\"https:\/\/induzon.com\/hu\/?s={search_term_string}\"},\"query-input\":{\"@type\":\"PropertyValueSpecification\",\"valueRequired\":true,\"valueName\":\"search_term_string\"}}],\"inLanguage\":\"hu\"},{\"@type\":\"Organization\",\"@id\":\"https:\/\/induzon.com\/hu\/#organization\",\"name\":\"induzon\",\"url\":\"https:\/\/induzon.com\/hu\/\",\"logo\":{\"@type\":\"ImageObject\",\"inLanguage\":\"hu\",\"@id\":\"https:\/\/induzon.com\/hu\/#\/schema\/logo\/image\/\",\"url\":\"https:\/\/induzon.com\/wp-content\/uploads\/2025\/05\/cropped-026.png\",\"contentUrl\":\"https:\/\/induzon.com\/wp-content\/uploads\/2025\/05\/cropped-026.png\",\"width\":512,\"height\":512,\"caption\":\"induzon\"},\"image\":{\"@id\":\"https:\/\/induzon.com\/hu\/#\/schema\/logo\/image\/\"}}]}<\/script>\r\n<!-- \/ Yoast SEO plugin. -->","yoast_head_json":{"title":"faipari porsz\u00edv\u00f3 750W faipari k\u00f6rf\u0171r\u00e9sz porgy\u0171jt\u0151 t\u00e1ska -Induzon","description":"Fedezze fel faipari porsz\u00edv\u00f3inkat, porgy\u0171jt\u0151it \u00e9s porelsz\u00edv\u00f3it, ide\u00e1lis f\u0171r\u00e9szg\u00e9pekhez \u00e9s a m\u0171hely teljes pormentes\u00edt\u00e9s\u00e9hez.","robots":{"index":"index","follow":"follow","max-snippet":"max-snippet:-1","max-image-preview":"max-image-preview:large","max-video-preview":"max-video-preview:-1"},"canonical":"https:\/\/induzon.com\/hu\/termek\/faipari-porszivo-750w-faipari-korfuresz-porgyujto-taska-famegmunkalo-furesz-furesz-porcsoportito-faipari-porelszivo-zsakos-porszivo-faipari-porgyujto-fureszgepek-kezi-furesz-fahoz-lancfuresz\/","og_locale":"hu_HU","og_type":"article","og_title":"faipari porsz\u00edv\u00f3 750W faipari k\u00f6rf\u0171r\u00e9sz porgy\u0171jt\u0151 t\u00e1ska -Induzon","og_description":"Fedezze fel faipari porsz\u00edv\u00f3inkat, porgy\u0171jt\u0151it \u00e9s porelsz\u00edv\u00f3it, ide\u00e1lis f\u0171r\u00e9szg\u00e9pekhez \u00e9s a m\u0171hely teljes pormentes\u00edt\u00e9s\u00e9hez.","og_url":"https:\/\/induzon.com\/hu\/termek\/faipari-porszivo-750w-faipari-korfuresz-porgyujto-taska-famegmunkalo-furesz-furesz-porcsoportito-faipari-porelszivo-zsakos-porszivo-faipari-porgyujto-fureszgepek-kezi-furesz-fahoz-lancfuresz\/","og_site_name":"induzon","article_modified_time":"2026-01-12T05:19:12+00:00","og_image":[{"width":1500,"height":1500,"url":"https:\/\/induzon.com\/wp-content\/uploads\/2025\/04\/\u56fe-1.jpg","type":"image\/jpeg"}],"twitter_card":"summary_large_image","twitter_misc":{"Becs\u00fclt olvas\u00e1si id\u0151":"1 perc"},"schema":{"@context":"https:\/\/schema.org","@graph":[{"@type":"WebPage","@id":"https:\/\/induzon.com\/hu\/termek\/faipari-porszivo-750w-faipari-korfuresz-porgyujto-taska-famegmunkalo-furesz-furesz-porcsoportito-faipari-porelszivo-zsakos-porszivo-faipari-porgyujto-fureszgepek-kezi-furesz-fahoz-lancfuresz\/","url":"https:\/\/induzon.com\/hu\/termek\/faipari-porszivo-750w-faipari-korfuresz-porgyujto-taska-famegmunkalo-furesz-furesz-porcsoportito-faipari-porelszivo-zsakos-porszivo-faipari-porgyujto-fureszgepek-kezi-furesz-fahoz-lancfuresz\/","name":"faipari porsz\u00edv\u00f3 750W faipari k\u00f6rf\u0171r\u00e9sz porgy\u0171jt\u0151 t\u00e1ska -Induzon","isPartOf":{"@id":"https:\/\/induzon.com\/hu\/#website"},"primaryImageOfPage":{"@id":"https:\/\/induzon.com\/hu\/termek\/faipari-porszivo-750w-faipari-korfuresz-porgyujto-taska-famegmunkalo-furesz-furesz-porcsoportito-faipari-porelszivo-zsakos-porszivo-faipari-porgyujto-fureszgepek-kezi-furesz-fahoz-lancfuresz\/#primaryimage"},"image":{"@id":"https:\/\/induzon.com\/hu\/termek\/faipari-porszivo-750w-faipari-korfuresz-porgyujto-taska-famegmunkalo-furesz-furesz-porcsoportito-faipari-porelszivo-zsakos-porszivo-faipari-porgyujto-fureszgepek-kezi-furesz-fahoz-lancfuresz\/#primaryimage"},"thumbnailUrl":"https:\/\/induzon.com\/wp-content\/uploads\/2025\/04\/\u56fe-1.jpg","datePublished":"2025-04-25T06:16:00+00:00","dateModified":"2026-01-12T05:19:12+00:00","description":"Fedezze fel faipari porsz\u00edv\u00f3inkat, porgy\u0171jt\u0151it \u00e9s porelsz\u00edv\u00f3it, ide\u00e1lis f\u0171r\u00e9szg\u00e9pekhez \u00e9s a m\u0171hely teljes pormentes\u00edt\u00e9s\u00e9hez.","breadcrumb":{"@id":"https:\/\/induzon.com\/hu\/termek\/faipari-porszivo-750w-faipari-korfuresz-porgyujto-taska-famegmunkalo-furesz-furesz-porcsoportito-faipari-porelszivo-zsakos-porszivo-faipari-porgyujto-fureszgepek-kezi-furesz-fahoz-lancfuresz\/#breadcrumb"},"inLanguage":"hu","potentialAction":[{"@type":"ReadAction","target":["https:\/\/induzon.com\/hu\/termek\/faipari-porszivo-750w-faipari-korfuresz-porgyujto-taska-famegmunkalo-furesz-furesz-porcsoportito-faipari-porelszivo-zsakos-porszivo-faipari-porgyujto-fureszgepek-kezi-furesz-fahoz-lancfuresz\/"]}]},{"@type":"ImageObject","inLanguage":"hu","@id":"https:\/\/induzon.com\/hu\/termek\/faipari-porszivo-750w-faipari-korfuresz-porgyujto-taska-famegmunkalo-furesz-furesz-porcsoportito-faipari-porelszivo-zsakos-porszivo-faipari-porgyujto-fureszgepek-kezi-furesz-fahoz-lancfuresz\/#primaryimage","url":"https:\/\/induzon.com\/wp-content\/uploads\/2025\/04\/\u56fe-1.jpg","contentUrl":"https:\/\/induzon.com\/wp-content\/uploads\/2025\/04\/\u56fe-1.jpg","width":1500,"height":1500,"caption":"faipari porsz\u00edv\u00f3 750W faipari k\u00f6rf\u0171r\u00e9sz porgy\u0171jt\u0151 t\u00e1ska"},{"@type":"BreadcrumbList","@id":"https:\/\/induzon.com\/hu\/termek\/faipari-porszivo-750w-faipari-korfuresz-porgyujto-taska-famegmunkalo-furesz-furesz-porcsoportito-faipari-porelszivo-zsakos-porszivo-faipari-porgyujto-fureszgepek-kezi-furesz-fahoz-lancfuresz\/#breadcrumb","itemListElement":[{"@type":"ListItem","position":1,"name":"\u9996\u9875","item":"https:\/\/induzon.com\/hu\/"},{"@type":"ListItem","position":2,"name":"Bolt","item":"https:\/\/induzon.com\/hu\/bolt\/"},{"@type":"ListItem","position":3,"name":"faipari porsz\u00edv\u00f3 750W, faipari k\u00f6rf\u0171r\u00e9sz porgy\u0171jt\u0151 t\u00e1ska, famegmunk\u00e1l\u00f3 f\u0171r\u00e9sz, f\u0171r\u00e9sz porcsoport\u00edt\u00f3, faipari porelsz\u00edv\u00f3, zs\u00e1kos porsz\u00edv\u00f3, faipari porgy\u0171jt\u0151, f\u0171r\u00e9szg\u00e9pek, k\u00e9zi f\u0171r\u00e9sz f\u00e1hoz, l\u00e1ncf\u0171r\u00e9sz \u00e9lez\u0151"}]},{"@type":"WebSite","@id":"https:\/\/induzon.com\/hu\/#website","url":"https:\/\/induzon.com\/hu\/","name":"induzon","description":"","publisher":{"@id":"https:\/\/induzon.com\/hu\/#organization"},"potentialAction":[{"@type":"SearchAction","target":{"@type":"EntryPoint","urlTemplate":"https:\/\/induzon.com\/hu\/?s={search_term_string}"},"query-input":{"@type":"PropertyValueSpecification","valueRequired":true,"valueName":"search_term_string"}}],"inLanguage":"hu"},{"@type":"Organization","@id":"https:\/\/induzon.com\/hu\/#organization","name":"induzon","url":"https:\/\/induzon.com\/hu\/","logo":{"@type":"ImageObject","inLanguage":"hu","@id":"https:\/\/induzon.com\/hu\/#\/schema\/logo\/image\/","url":"https:\/\/induzon.com\/wp-content\/uploads\/2025\/05\/cropped-026.png","contentUrl":"https:\/\/induzon.com\/wp-content\/uploads\/2025\/05\/cropped-026.png","width":512,"height":512,"caption":"induzon"},"image":{"@id":"https:\/\/induzon.com\/hu\/#\/schema\/logo\/image\/"}}]}},"_links":{"self":[{"href":"https:\/\/induzon.com\/hu\/wp-json\/wp\/v2\/product\/6424","targetHints":{"allow":["GET"]}}],"collection":[{"href":"https:\/\/induzon.com\/hu\/wp-json\/wp\/v2\/product"}],"about":[{"href":"https:\/\/induzon.com\/hu\/wp-json\/wp\/v2\/types\/product"}],"replies":[{"embeddable":true,"href":"https:\/\/induzon.com\/hu\/wp-json\/wp\/v2\/comments?post=6424"}],"version-history":[{"count":1,"href":"https:\/\/induzon.com\/hu\/wp-json\/wp\/v2\/product\/6424\/revisions"}],"predecessor-version":[{"id":32897,"href":"https:\/\/induzon.com\/hu\/wp-json\/wp\/v2\/product\/6424\/revisions\/32897"}],"wp:featuredmedia":[{"embeddable":true,"href":"https:\/\/induzon.com\/hu\/wp-json\/wp\/v2\/media\/6288"}],"wp:attachment":[{"href":"https:\/\/induzon.com\/hu\/wp-json\/wp\/v2\/media?parent=6424"}],"wp:term":[{"taxonomy":"product_brand","embeddable":true,"href":"https:\/\/induzon.com\/hu\/wp-json\/wp\/v2\/product_brand?post=6424"},{"taxonomy":"product_cat","embeddable":true,"href":"https:\/\/induzon.com\/hu\/wp-json\/wp\/v2\/product_cat?post=6424"},{"taxonomy":"product_tag","embeddable":true,"href":"https:\/\/induzon.com\/hu\/wp-json\/wp\/v2\/product_tag?post=6424"}],"curies":[{"name":"wp","href":"https:\/\/api.w.org\/{rel}","templated":true}]}}