{"id":6527,"date":"2025-04-28T13:10:26","date_gmt":"2025-04-28T05:10:26","guid":{"rendered":"https:\/\/induzon.com\/shop\/szifon-kadhoz-a-kad-leereszto-automata-kadleereszto-click-clack-kadleereszto-dugoval-es-tulfolyoval-soft-szifon-cso-kad-lefolyo-szerelvenyekkel-komplett-szett\/"},"modified":"2026-01-27T10:41:53","modified_gmt":"2026-01-27T02:41:53","slug":"szifon-kadhoz-a-kad-leereszto-automata-kadleereszto-click-clack-kadleereszto-dugoval-es-tulfolyoval-soft-szifon-cso-kad-lefolyo-szerelvenyekkel-komplett-szett","status":"publish","type":"product","link":"https:\/\/induzon.com\/hu\/termek\/szifon-kadhoz-a-kad-leereszto-automata-kadleereszto-click-clack-kadleereszto-dugoval-es-tulfolyoval-soft-szifon-cso-kad-lefolyo-szerelvenyekkel-komplett-szett\/","title":{"rendered":"szifon k\u00e1dhoz a k\u00e1d leereszt\u0151 automata k\u00e1dleereszt\u0151 click clack k\u00e1dleereszt\u0151 dug\u00f3val \u00e9s t\u00falfoly\u00f3val soft szifon cs\u0151 k\u00e1d lefoly\u00f3 szerelv\u00e9nyekkel komplett szett"},"content":{"rendered":"<p>1.Kattint\u00f3szelep technol\u00f3gia: Automata k\u00e1dleereszt\u0151, click clack mechanizmus, k\u00f6nny\u0171 \u00e9s praktikus haszn\u00e1lat<br \/>\n2.Teljes k\u00e9szlet: K\u00e1dszifon, leereszt\u0151 szifon, csaptelep, le- \u00e9s t\u00falfoly\u00f3szett, minden a modern k\u00e1dhoz<br \/>\n3.Materi\u00e1l min\u0151s\u00e9g: Magas min\u0151s\u00e9g\u0171 anyagokb\u00f3l k\u00e9sz\u00fclt, hossz\u00fa tart\u00f3s \u00e9s megb\u00edzhat\u00f3, tiszt\u00edt\u00e1s egyszer\u0171<br \/>\n4.Eloszt\u00f3 megold\u00e1s: Egybeill\u0151 k\u00e1d \u00e9s zuhany z\u00f3n\u00e1k sz\u00e1m\u00e1ra, optimaliz\u00e1lt t\u00e9rhasznos\u00edt\u00e1s a kisf\u00fcrd\u0151szob\u00e1kban<br \/>\n5.Biztons\u00e1g \u00e9s k\u00e9nyelmemel\u00edt\u00e9s: Lefoly\u00f3 dug\u00f3val ell\u00e1tva, t\u00falfoly\u00f3val, biztons\u00e1gos \u00e9s egyszer\u0171 \u00fczemeltet\u00e9s<\/p>\n","protected":false},"excerpt":{"rendered":"<p>1.Kattint\u00f3szelep technol\u00f3gia: Automata k\u00e1dleereszt\u0151, click clack mechanizmus, k\u00f6nny\u0171 \u00e9s praktikus haszn\u00e1lat 2.Teljes k\u00e9szlet: K\u00e1dszifon, leereszt\u0151 szifon, csaptelep, le- \u00e9s t\u00falfoly\u00f3szett, [&hellip;]<\/p>\n","protected":false},"featured_media":6508,"comment_status":"open","ping_status":"closed","template":"","meta":{"site-sidebar-layout":"default","site-content-layout":"","ast-site-content-layout":"default","site-content-style":"default","site-sidebar-style":"default","ast-global-header-display":"","ast-banner-title-visibility":"","ast-main-header-display":"","ast-hfb-above-header-display":"","ast-hfb-below-header-display":"","ast-hfb-mobile-header-display":"","site-post-title":"","ast-breadcrumbs-content":"","ast-featured-img":"","footer-sml-layout":"","theme-transparent-header-meta":"default","adv-header-id-meta":"","stick-header-meta":"","header-above-stick-meta":"","header-main-stick-meta":"","header-below-stick-meta":"","astra-migrate-meta-layouts":"set","ast-page-background-enabled":"default","ast-page-background-meta":{"desktop":{"background-color":"var(--ast-global-color-4)","background-image":"","background-repeat":"repeat","background-position":"center center","background-size":"auto","background-attachment":"scroll","background-type":"","background-media":"","overlay-type":"","overlay-color":"","overlay-opacity":"","overlay-gradient":""},"tablet":{"background-color":"","background-image":"","background-repeat":"repeat","background-position":"center center","background-size":"auto","background-attachment":"scroll","background-type":"","background-media":"","overlay-type":"","overlay-color":"","overlay-opacity":"","overlay-gradient":""},"mobile":{"background-color":"","background-image":"","background-repeat":"repeat","background-position":"center center","background-size":"auto","background-attachment":"scroll","background-type":"","background-media":"","overlay-type":"","overlay-color":"","overlay-opacity":"","overlay-gradient":""}},"ast-content-background-meta":{"desktop":{"background-color":"var(--ast-global-color-5)","background-image":"","background-repeat":"repeat","background-position":"center center","background-size":"auto","background-attachment":"scroll","background-type":"","background-media":"","overlay-type":"","overlay-color":"","overlay-opacity":"","overlay-gradient":""},"tablet":{"background-color":"var(--ast-global-color-5)","background-image":"","background-repeat":"repeat","background-position":"center center","background-size":"auto","background-attachment":"scroll","background-type":"","background-media":"","overlay-type":"","overlay-color":"","overlay-opacity":"","overlay-gradient":""},"mobile":{"background-color":"var(--ast-global-color-5)","background-image":"","background-repeat":"repeat","background-position":"center center","background-size":"auto","background-attachment":"scroll","background-type":"","background-media":"","overlay-type":"","overlay-color":"","overlay-opacity":"","overlay-gradient":""}}},"product_brand":[],"product_cat":[821,813,812],"product_tag":[716],"class_list":{"0":"post-6527","1":"product","2":"type-product","3":"status-publish","4":"has-post-thumbnail","6":"product_cat-furdoszobai-kiegeszitok","7":"product_cat-kadjavito-alkatreszek","8":"product_cat-otthon-konyha","9":"product_tag-haztartasi-tisztito-berendezesek","10":"desktop-align-left","11":"tablet-align-left","12":"mobile-align-left","14":"first","15":"instock","16":"sale","17":"shipping-taxable","18":"purchasable","19":"product-type-simple"},"yoast_head":"<!-- This site is optimized with the Yoast SEO plugin v24.9 - https:\/\/yoast.com\/wordpress\/plugins\/seo\/ -->\r\n<title>szifon k\u00e1dhoz a k\u00e1d leereszt\u0151 automata k\u00e1dleereszt\u0151 -Induzon<\/title>\r\n<meta name=\"description\" content=\"Automata k\u00e1dszifon, click-clack leereszt\u0151, t\u00falfoly\u00f3szett. K\u00e1dcsaptelep szifonnal, k\u00e1dleereszt\u0151 dug\u00f3 \u00e9s cs\u0151\" \/>\r\n<meta name=\"robots\" content=\"index, follow, max-snippet:-1, max-image-preview:large, max-video-preview:-1\" \/>\r\n<link rel=\"canonical\" href=\"https:\/\/induzon.com\/hu\/termek\/szifon-kadhoz-a-kad-leereszto-automata-kadleereszto-click-clack-kadleereszto-dugoval-es-tulfolyoval-soft-szifon-cso-kad-lefolyo-szerelvenyekkel-komplett-szett\/\" \/>\r\n<meta property=\"og:locale\" content=\"hu_HU\" \/>\r\n<meta property=\"og:type\" content=\"article\" \/>\r\n<meta property=\"og:title\" content=\"szifon k\u00e1dhoz a k\u00e1d leereszt\u0151 automata k\u00e1dleereszt\u0151 -Induzon\" \/>\r\n<meta property=\"og:description\" content=\"Automata k\u00e1dszifon, click-clack leereszt\u0151, t\u00falfoly\u00f3szett. K\u00e1dcsaptelep szifonnal, k\u00e1dleereszt\u0151 dug\u00f3 \u00e9s cs\u0151\" \/>\r\n<meta property=\"og:url\" content=\"https:\/\/induzon.com\/hu\/termek\/szifon-kadhoz-a-kad-leereszto-automata-kadleereszto-click-clack-kadleereszto-dugoval-es-tulfolyoval-soft-szifon-cso-kad-lefolyo-szerelvenyekkel-komplett-szett\/\" \/>\r\n<meta property=\"og:site_name\" content=\"induzon\" \/>\r\n<meta property=\"article:modified_time\" content=\"2026-01-27T02:41:53+00:00\" \/>\r\n<meta property=\"og:image\" content=\"https:\/\/induzon.com\/wp-content\/uploads\/2025\/04\/6.jpg\" \/>\r\n\t<meta property=\"og:image:width\" content=\"1500\" \/>\r\n\t<meta property=\"og:image:height\" content=\"1500\" \/>\r\n\t<meta property=\"og:image:type\" content=\"image\/jpeg\" \/>\r\n<meta name=\"twitter:card\" content=\"summary_large_image\" \/>\r\n<meta name=\"twitter:label1\" content=\"Becs\u00fclt olvas\u00e1si id\u0151\" \/>\n\t<meta name=\"twitter:data1\" content=\"1 perc\" \/>\r\n<script type=\"application\/ld+json\" class=\"yoast-schema-graph\">{\"@context\":\"https:\/\/schema.org\",\"@graph\":[{\"@type\":\"WebPage\",\"@id\":\"https:\/\/induzon.com\/hu\/termek\/szifon-kadhoz-a-kad-leereszto-automata-kadleereszto-click-clack-kadleereszto-dugoval-es-tulfolyoval-soft-szifon-cso-kad-lefolyo-szerelvenyekkel-komplett-szett\/\",\"url\":\"https:\/\/induzon.com\/hu\/termek\/szifon-kadhoz-a-kad-leereszto-automata-kadleereszto-click-clack-kadleereszto-dugoval-es-tulfolyoval-soft-szifon-cso-kad-lefolyo-szerelvenyekkel-komplett-szett\/\",\"name\":\"szifon k\u00e1dhoz a k\u00e1d leereszt\u0151 automata k\u00e1dleereszt\u0151 -Induzon\",\"isPartOf\":{\"@id\":\"https:\/\/induzon.com\/hu\/#website\"},\"primaryImageOfPage\":{\"@id\":\"https:\/\/induzon.com\/hu\/termek\/szifon-kadhoz-a-kad-leereszto-automata-kadleereszto-click-clack-kadleereszto-dugoval-es-tulfolyoval-soft-szifon-cso-kad-lefolyo-szerelvenyekkel-komplett-szett\/#primaryimage\"},\"image\":{\"@id\":\"https:\/\/induzon.com\/hu\/termek\/szifon-kadhoz-a-kad-leereszto-automata-kadleereszto-click-clack-kadleereszto-dugoval-es-tulfolyoval-soft-szifon-cso-kad-lefolyo-szerelvenyekkel-komplett-szett\/#primaryimage\"},\"thumbnailUrl\":\"https:\/\/induzon.com\/wp-content\/uploads\/2025\/04\/6.jpg\",\"datePublished\":\"2025-04-28T05:10:26+00:00\",\"dateModified\":\"2026-01-27T02:41:53+00:00\",\"description\":\"Automata k\u00e1dszifon, click-clack leereszt\u0151, t\u00falfoly\u00f3szett. K\u00e1dcsaptelep szifonnal, k\u00e1dleereszt\u0151 dug\u00f3 \u00e9s cs\u0151\",\"breadcrumb\":{\"@id\":\"https:\/\/induzon.com\/hu\/termek\/szifon-kadhoz-a-kad-leereszto-automata-kadleereszto-click-clack-kadleereszto-dugoval-es-tulfolyoval-soft-szifon-cso-kad-lefolyo-szerelvenyekkel-komplett-szett\/#breadcrumb\"},\"inLanguage\":\"hu\",\"potentialAction\":[{\"@type\":\"ReadAction\",\"target\":[\"https:\/\/induzon.com\/hu\/termek\/szifon-kadhoz-a-kad-leereszto-automata-kadleereszto-click-clack-kadleereszto-dugoval-es-tulfolyoval-soft-szifon-cso-kad-lefolyo-szerelvenyekkel-komplett-szett\/\"]}]},{\"@type\":\"ImageObject\",\"inLanguage\":\"hu\",\"@id\":\"https:\/\/induzon.com\/hu\/termek\/szifon-kadhoz-a-kad-leereszto-automata-kadleereszto-click-clack-kadleereszto-dugoval-es-tulfolyoval-soft-szifon-cso-kad-lefolyo-szerelvenyekkel-komplett-szett\/#primaryimage\",\"url\":\"https:\/\/induzon.com\/wp-content\/uploads\/2025\/04\/6.jpg\",\"contentUrl\":\"https:\/\/induzon.com\/wp-content\/uploads\/2025\/04\/6.jpg\",\"width\":1500,\"height\":1500,\"caption\":\"Automata k\u00e1dszifon, click-clack leereszt\u0151, t\u00falfoly\u00f3szett. K\u00e1dcsaptelep szifonnal, k\u00e1dleereszt\u0151 dug\u00f3 \u00e9s cs\u0151 szifon k\u00e1dhoz a k\u00e1d leereszt\u0151\"},{\"@type\":\"BreadcrumbList\",\"@id\":\"https:\/\/induzon.com\/hu\/termek\/szifon-kadhoz-a-kad-leereszto-automata-kadleereszto-click-clack-kadleereszto-dugoval-es-tulfolyoval-soft-szifon-cso-kad-lefolyo-szerelvenyekkel-komplett-szett\/#breadcrumb\",\"itemListElement\":[{\"@type\":\"ListItem\",\"position\":1,\"name\":\"\u9996\u9875\",\"item\":\"https:\/\/induzon.com\/hu\/\"},{\"@type\":\"ListItem\",\"position\":2,\"name\":\"Bolt\",\"item\":\"https:\/\/induzon.com\/hu\/bolt\/\"},{\"@type\":\"ListItem\",\"position\":3,\"name\":\"szifon k\u00e1dhoz a k\u00e1d leereszt\u0151 automata k\u00e1dleereszt\u0151 click clack k\u00e1dleereszt\u0151 dug\u00f3val \u00e9s t\u00falfoly\u00f3val soft szifon cs\u0151 k\u00e1d lefoly\u00f3 szerelv\u00e9nyekkel komplett szett\"}]},{\"@type\":\"WebSite\",\"@id\":\"https:\/\/induzon.com\/hu\/#website\",\"url\":\"https:\/\/induzon.com\/hu\/\",\"name\":\"induzon\",\"description\":\"\",\"publisher\":{\"@id\":\"https:\/\/induzon.com\/hu\/#organization\"},\"potentialAction\":[{\"@type\":\"SearchAction\",\"target\":{\"@type\":\"EntryPoint\",\"urlTemplate\":\"https:\/\/induzon.com\/hu\/?s={search_term_string}\"},\"query-input\":{\"@type\":\"PropertyValueSpecification\",\"valueRequired\":true,\"valueName\":\"search_term_string\"}}],\"inLanguage\":\"hu\"},{\"@type\":\"Organization\",\"@id\":\"https:\/\/induzon.com\/hu\/#organization\",\"name\":\"induzon\",\"url\":\"https:\/\/induzon.com\/hu\/\",\"logo\":{\"@type\":\"ImageObject\",\"inLanguage\":\"hu\",\"@id\":\"https:\/\/induzon.com\/hu\/#\/schema\/logo\/image\/\",\"url\":\"https:\/\/induzon.com\/wp-content\/uploads\/2025\/05\/cropped-026.png\",\"contentUrl\":\"https:\/\/induzon.com\/wp-content\/uploads\/2025\/05\/cropped-026.png\",\"width\":512,\"height\":512,\"caption\":\"induzon\"},\"image\":{\"@id\":\"https:\/\/induzon.com\/hu\/#\/schema\/logo\/image\/\"}}]}<\/script>\r\n<!-- \/ Yoast SEO plugin. -->","yoast_head_json":{"title":"szifon k\u00e1dhoz a k\u00e1d leereszt\u0151 automata k\u00e1dleereszt\u0151 -Induzon","description":"Automata k\u00e1dszifon, click-clack leereszt\u0151, t\u00falfoly\u00f3szett. K\u00e1dcsaptelep szifonnal, k\u00e1dleereszt\u0151 dug\u00f3 \u00e9s cs\u0151","robots":{"index":"index","follow":"follow","max-snippet":"max-snippet:-1","max-image-preview":"max-image-preview:large","max-video-preview":"max-video-preview:-1"},"canonical":"https:\/\/induzon.com\/hu\/termek\/szifon-kadhoz-a-kad-leereszto-automata-kadleereszto-click-clack-kadleereszto-dugoval-es-tulfolyoval-soft-szifon-cso-kad-lefolyo-szerelvenyekkel-komplett-szett\/","og_locale":"hu_HU","og_type":"article","og_title":"szifon k\u00e1dhoz a k\u00e1d leereszt\u0151 automata k\u00e1dleereszt\u0151 -Induzon","og_description":"Automata k\u00e1dszifon, click-clack leereszt\u0151, t\u00falfoly\u00f3szett. K\u00e1dcsaptelep szifonnal, k\u00e1dleereszt\u0151 dug\u00f3 \u00e9s cs\u0151","og_url":"https:\/\/induzon.com\/hu\/termek\/szifon-kadhoz-a-kad-leereszto-automata-kadleereszto-click-clack-kadleereszto-dugoval-es-tulfolyoval-soft-szifon-cso-kad-lefolyo-szerelvenyekkel-komplett-szett\/","og_site_name":"induzon","article_modified_time":"2026-01-27T02:41:53+00:00","og_image":[{"width":1500,"height":1500,"url":"https:\/\/induzon.com\/wp-content\/uploads\/2025\/04\/6.jpg","type":"image\/jpeg"}],"twitter_card":"summary_large_image","twitter_misc":{"Becs\u00fclt olvas\u00e1si id\u0151":"1 perc"},"schema":{"@context":"https:\/\/schema.org","@graph":[{"@type":"WebPage","@id":"https:\/\/induzon.com\/hu\/termek\/szifon-kadhoz-a-kad-leereszto-automata-kadleereszto-click-clack-kadleereszto-dugoval-es-tulfolyoval-soft-szifon-cso-kad-lefolyo-szerelvenyekkel-komplett-szett\/","url":"https:\/\/induzon.com\/hu\/termek\/szifon-kadhoz-a-kad-leereszto-automata-kadleereszto-click-clack-kadleereszto-dugoval-es-tulfolyoval-soft-szifon-cso-kad-lefolyo-szerelvenyekkel-komplett-szett\/","name":"szifon k\u00e1dhoz a k\u00e1d leereszt\u0151 automata k\u00e1dleereszt\u0151 -Induzon","isPartOf":{"@id":"https:\/\/induzon.com\/hu\/#website"},"primaryImageOfPage":{"@id":"https:\/\/induzon.com\/hu\/termek\/szifon-kadhoz-a-kad-leereszto-automata-kadleereszto-click-clack-kadleereszto-dugoval-es-tulfolyoval-soft-szifon-cso-kad-lefolyo-szerelvenyekkel-komplett-szett\/#primaryimage"},"image":{"@id":"https:\/\/induzon.com\/hu\/termek\/szifon-kadhoz-a-kad-leereszto-automata-kadleereszto-click-clack-kadleereszto-dugoval-es-tulfolyoval-soft-szifon-cso-kad-lefolyo-szerelvenyekkel-komplett-szett\/#primaryimage"},"thumbnailUrl":"https:\/\/induzon.com\/wp-content\/uploads\/2025\/04\/6.jpg","datePublished":"2025-04-28T05:10:26+00:00","dateModified":"2026-01-27T02:41:53+00:00","description":"Automata k\u00e1dszifon, click-clack leereszt\u0151, t\u00falfoly\u00f3szett. K\u00e1dcsaptelep szifonnal, k\u00e1dleereszt\u0151 dug\u00f3 \u00e9s cs\u0151","breadcrumb":{"@id":"https:\/\/induzon.com\/hu\/termek\/szifon-kadhoz-a-kad-leereszto-automata-kadleereszto-click-clack-kadleereszto-dugoval-es-tulfolyoval-soft-szifon-cso-kad-lefolyo-szerelvenyekkel-komplett-szett\/#breadcrumb"},"inLanguage":"hu","potentialAction":[{"@type":"ReadAction","target":["https:\/\/induzon.com\/hu\/termek\/szifon-kadhoz-a-kad-leereszto-automata-kadleereszto-click-clack-kadleereszto-dugoval-es-tulfolyoval-soft-szifon-cso-kad-lefolyo-szerelvenyekkel-komplett-szett\/"]}]},{"@type":"ImageObject","inLanguage":"hu","@id":"https:\/\/induzon.com\/hu\/termek\/szifon-kadhoz-a-kad-leereszto-automata-kadleereszto-click-clack-kadleereszto-dugoval-es-tulfolyoval-soft-szifon-cso-kad-lefolyo-szerelvenyekkel-komplett-szett\/#primaryimage","url":"https:\/\/induzon.com\/wp-content\/uploads\/2025\/04\/6.jpg","contentUrl":"https:\/\/induzon.com\/wp-content\/uploads\/2025\/04\/6.jpg","width":1500,"height":1500,"caption":"Automata k\u00e1dszifon, click-clack leereszt\u0151, t\u00falfoly\u00f3szett. K\u00e1dcsaptelep szifonnal, k\u00e1dleereszt\u0151 dug\u00f3 \u00e9s cs\u0151 szifon k\u00e1dhoz a k\u00e1d leereszt\u0151"},{"@type":"BreadcrumbList","@id":"https:\/\/induzon.com\/hu\/termek\/szifon-kadhoz-a-kad-leereszto-automata-kadleereszto-click-clack-kadleereszto-dugoval-es-tulfolyoval-soft-szifon-cso-kad-lefolyo-szerelvenyekkel-komplett-szett\/#breadcrumb","itemListElement":[{"@type":"ListItem","position":1,"name":"\u9996\u9875","item":"https:\/\/induzon.com\/hu\/"},{"@type":"ListItem","position":2,"name":"Bolt","item":"https:\/\/induzon.com\/hu\/bolt\/"},{"@type":"ListItem","position":3,"name":"szifon k\u00e1dhoz a k\u00e1d leereszt\u0151 automata k\u00e1dleereszt\u0151 click clack k\u00e1dleereszt\u0151 dug\u00f3val \u00e9s t\u00falfoly\u00f3val soft szifon cs\u0151 k\u00e1d lefoly\u00f3 szerelv\u00e9nyekkel komplett szett"}]},{"@type":"WebSite","@id":"https:\/\/induzon.com\/hu\/#website","url":"https:\/\/induzon.com\/hu\/","name":"induzon","description":"","publisher":{"@id":"https:\/\/induzon.com\/hu\/#organization"},"potentialAction":[{"@type":"SearchAction","target":{"@type":"EntryPoint","urlTemplate":"https:\/\/induzon.com\/hu\/?s={search_term_string}"},"query-input":{"@type":"PropertyValueSpecification","valueRequired":true,"valueName":"search_term_string"}}],"inLanguage":"hu"},{"@type":"Organization","@id":"https:\/\/induzon.com\/hu\/#organization","name":"induzon","url":"https:\/\/induzon.com\/hu\/","logo":{"@type":"ImageObject","inLanguage":"hu","@id":"https:\/\/induzon.com\/hu\/#\/schema\/logo\/image\/","url":"https:\/\/induzon.com\/wp-content\/uploads\/2025\/05\/cropped-026.png","contentUrl":"https:\/\/induzon.com\/wp-content\/uploads\/2025\/05\/cropped-026.png","width":512,"height":512,"caption":"induzon"},"image":{"@id":"https:\/\/induzon.com\/hu\/#\/schema\/logo\/image\/"}}]}},"_links":{"self":[{"href":"https:\/\/induzon.com\/hu\/wp-json\/wp\/v2\/product\/6527","targetHints":{"allow":["GET"]}}],"collection":[{"href":"https:\/\/induzon.com\/hu\/wp-json\/wp\/v2\/product"}],"about":[{"href":"https:\/\/induzon.com\/hu\/wp-json\/wp\/v2\/types\/product"}],"replies":[{"embeddable":true,"href":"https:\/\/induzon.com\/hu\/wp-json\/wp\/v2\/comments?post=6527"}],"version-history":[{"count":1,"href":"https:\/\/induzon.com\/hu\/wp-json\/wp\/v2\/product\/6527\/revisions"}],"predecessor-version":[{"id":31671,"href":"https:\/\/induzon.com\/hu\/wp-json\/wp\/v2\/product\/6527\/revisions\/31671"}],"wp:featuredmedia":[{"embeddable":true,"href":"https:\/\/induzon.com\/hu\/wp-json\/wp\/v2\/media\/6508"}],"wp:attachment":[{"href":"https:\/\/induzon.com\/hu\/wp-json\/wp\/v2\/media?parent=6527"}],"wp:term":[{"taxonomy":"product_brand","embeddable":true,"href":"https:\/\/induzon.com\/hu\/wp-json\/wp\/v2\/product_brand?post=6527"},{"taxonomy":"product_cat","embeddable":true,"href":"https:\/\/induzon.com\/hu\/wp-json\/wp\/v2\/product_cat?post=6527"},{"taxonomy":"product_tag","embeddable":true,"href":"https:\/\/induzon.com\/hu\/wp-json\/wp\/v2\/product_tag?post=6527"}],"curies":[{"name":"wp","href":"https:\/\/api.w.org\/{rel}","templated":true}]}}