{"id":12586,"date":"2025-06-25T10:57:55","date_gmt":"2025-06-25T02:57:55","guid":{"rendered":"https:\/\/induzon.com\/?post_type=product&#038;p=12586"},"modified":"2026-01-05T16:50:45","modified_gmt":"2026-01-05T08:50:45","slug":"per-ascensori-cortina-daria-industriale-anti-moscas-silenciosa-barriera-daria-ventilatore-industriale-per-porte-commerciali-industriali-supermercati-negozi","status":"publish","type":"product","link":"https:\/\/induzon.com\/it\/prodotto\/per-ascensori-cortina-daria-industriale-anti-moscas-silenciosa-barriera-daria-ventilatore-industriale-per-porte-commerciali-industriali-supermercati-negozi\/","title":{"rendered":"Per Ascensori Cortina d&#8217;Aria Industriale Anti Moscas Silenciosa, Barriera d&#8217;Aria Ventilatore Industriale per Porte Commerciali Industriali &#8211; Supermercati Negozi"},"content":{"rendered":"<p>1.Ideale per ascensori, supermercati, centri commerciali e ambienti industriali, tiene lontani gli insetti e la polvere.<br \/>\n2.Design robusto e duraturo, perfetto per un uso commerciale intensivo<br \/>\n3.Facile da installare e utilizzare, con prestazioni silenziose ed efficienti<br \/>\n4.Mantiene la temperatura interna costante, riducendo i costi energetici<br \/>\n5.Copertura ampia e uniforme, garantisce una barriera d&#8217;aria efficace<\/p>\n","protected":false},"excerpt":{"rendered":"<p>Per Ascensori Cortina d&#8217;Aria Industriale Anti Moscas Silenciosa, Barriera d&#8217;Aria Ventilatore Industriale per Porte Commerciali Industriali &#8211; Supermercati Negozi<\/p>\n","protected":false},"featured_media":12320,"comment_status":"open","ping_status":"closed","template":"","meta":{"site-sidebar-layout":"default","site-content-layout":"","ast-site-content-layout":"default","site-content-style":"default","site-sidebar-style":"default","ast-global-header-display":"","ast-banner-title-visibility":"","ast-main-header-display":"","ast-hfb-above-header-display":"","ast-hfb-below-header-display":"","ast-hfb-mobile-header-display":"","site-post-title":"","ast-breadcrumbs-content":"","ast-featured-img":"","footer-sml-layout":"","theme-transparent-header-meta":"default","adv-header-id-meta":"","stick-header-meta":"","header-above-stick-meta":"","header-main-stick-meta":"","header-below-stick-meta":"","astra-migrate-meta-layouts":"set","ast-page-background-enabled":"default","ast-page-background-meta":{"desktop":{"background-color":"var(--ast-global-color-4)","background-image":"","background-repeat":"repeat","background-position":"center center","background-size":"auto","background-attachment":"scroll","background-type":"","background-media":"","overlay-type":"","overlay-color":"","overlay-opacity":"","overlay-gradient":""},"tablet":{"background-color":"","background-image":"","background-repeat":"repeat","background-position":"center center","background-size":"auto","background-attachment":"scroll","background-type":"","background-media":"","overlay-type":"","overlay-color":"","overlay-opacity":"","overlay-gradient":""},"mobile":{"background-color":"","background-image":"","background-repeat":"repeat","background-position":"center center","background-size":"auto","background-attachment":"scroll","background-type":"","background-media":"","overlay-type":"","overlay-color":"","overlay-opacity":"","overlay-gradient":""}},"ast-content-background-meta":{"desktop":{"background-color":"var(--ast-global-color-5)","background-image":"","background-repeat":"repeat","background-position":"center center","background-size":"auto","background-attachment":"scroll","background-type":"","background-media":"","overlay-type":"","overlay-color":"","overlay-opacity":"","overlay-gradient":""},"tablet":{"background-color":"var(--ast-global-color-5)","background-image":"","background-repeat":"repeat","background-position":"center center","background-size":"auto","background-attachment":"scroll","background-type":"","background-media":"","overlay-type":"","overlay-color":"","overlay-opacity":"","overlay-gradient":""},"mobile":{"background-color":"var(--ast-global-color-5)","background-image":"","background-repeat":"repeat","background-position":"center center","background-size":"auto","background-attachment":"scroll","background-type":"","background-media":"","overlay-type":"","overlay-color":"","overlay-opacity":"","overlay-gradient":""}}},"product_brand":[],"product_cat":[1055,1054,1301],"product_tag":[1302],"class_list":{"0":"post-12586","1":"product","2":"type-product","3":"status-publish","4":"has-post-thumbnail","6":"product_cat-apparecchiature-di-condizionamento-e-ventilazione","7":"product_cat-attrezzature-industriali-e-commerciali","8":"product_cat-sollevare-la-barriera-daria","9":"product_tag-sollevare-la-barriera-daria","10":"desktop-align-left","11":"tablet-align-left","12":"mobile-align-left","14":"first","15":"instock","16":"sale","17":"featured","18":"shipping-taxable","19":"purchasable","20":"product-type-variable"},"yoast_head":"<!-- This site is optimized with the Yoast SEO plugin v24.9 - https:\/\/yoast.com\/wordpress\/plugins\/seo\/ -->\r\n<title>Kereskedelmi l\u00e9gf\u00fcgg\u00f6ny bev\u00e1s\u00e1rl\u00f3k\u00f6zpontok Lift Drive -Induzon<\/title>\r\n<meta name=\"description\" content=\"Kereskedelmi l\u00e9gf\u00fcgg\u00f6ny per porta, insetti, negozi, cortina d&#039;aria, barriere industriali cortina de aire para puertas industriali barriere d&#039;aria\" \/>\r\n<meta name=\"robots\" content=\"index, follow, max-snippet:-1, max-image-preview:large, max-video-preview:-1\" \/>\r\n<link rel=\"canonical\" href=\"https:\/\/induzon.com\/it\/prodotto\/per-ascensori-cortina-daria-industriale-anti-moscas-silenciosa-barriera-daria-ventilatore-industriale-per-porte-commerciali-industriali-supermercati-negozi\/\" \/>\r\n<meta property=\"og:locale\" content=\"it_IT\" \/>\r\n<meta property=\"og:type\" content=\"article\" \/>\r\n<meta property=\"og:title\" content=\"Kereskedelmi l\u00e9gf\u00fcgg\u00f6ny bev\u00e1s\u00e1rl\u00f3k\u00f6zpontok Lift Drive -Induzon\" \/>\r\n<meta property=\"og:description\" content=\"Kereskedelmi l\u00e9gf\u00fcgg\u00f6ny per porta, insetti, negozi, cortina d&#039;aria, barriere industriali cortina de aire para puertas industriali barriere d&#039;aria\" \/>\r\n<meta property=\"og:url\" content=\"https:\/\/induzon.com\/it\/prodotto\/per-ascensori-cortina-daria-industriale-anti-moscas-silenciosa-barriera-daria-ventilatore-industriale-per-porte-commerciali-industriali-supermercati-negozi\/\" \/>\r\n<meta property=\"og:site_name\" content=\"induzon\" \/>\r\n<meta property=\"article:modified_time\" content=\"2026-01-05T08:50:45+00:00\" \/>\r\n<meta property=\"og:image\" content=\"https:\/\/induzon.com\/wp-content\/uploads\/2025\/06\/\u56fe-7-4.jpg\" \/>\r\n\t<meta property=\"og:image:width\" content=\"1500\" \/>\r\n\t<meta property=\"og:image:height\" content=\"1500\" \/>\r\n\t<meta property=\"og:image:type\" content=\"image\/jpeg\" \/>\r\n<meta name=\"twitter:card\" content=\"summary_large_image\" \/>\r\n<meta name=\"twitter:label1\" content=\"Tempo di lettura stimato\" \/>\n\t<meta name=\"twitter:data1\" content=\"1 minuto\" \/>\r\n<script type=\"application\/ld+json\" class=\"yoast-schema-graph\">{\"@context\":\"https:\/\/schema.org\",\"@graph\":[{\"@type\":\"WebPage\",\"@id\":\"https:\/\/induzon.com\/it\/prodotto\/per-ascensori-cortina-daria-industriale-anti-moscas-silenciosa-barriera-daria-ventilatore-industriale-per-porte-commerciali-industriali-supermercati-negozi\/\",\"url\":\"https:\/\/induzon.com\/it\/prodotto\/per-ascensori-cortina-daria-industriale-anti-moscas-silenciosa-barriera-daria-ventilatore-industriale-per-porte-commerciali-industriali-supermercati-negozi\/\",\"name\":\"Kereskedelmi l\u00e9gf\u00fcgg\u00f6ny bev\u00e1s\u00e1rl\u00f3k\u00f6zpontok Lift Drive -Induzon\",\"isPartOf\":{\"@id\":\"https:\/\/induzon.com\/it\/#website\"},\"primaryImageOfPage\":{\"@id\":\"https:\/\/induzon.com\/it\/prodotto\/per-ascensori-cortina-daria-industriale-anti-moscas-silenciosa-barriera-daria-ventilatore-industriale-per-porte-commerciali-industriali-supermercati-negozi\/#primaryimage\"},\"image\":{\"@id\":\"https:\/\/induzon.com\/it\/prodotto\/per-ascensori-cortina-daria-industriale-anti-moscas-silenciosa-barriera-daria-ventilatore-industriale-per-porte-commerciali-industriali-supermercati-negozi\/#primaryimage\"},\"thumbnailUrl\":\"https:\/\/induzon.com\/wp-content\/uploads\/2025\/06\/\u56fe-7-4.jpg\",\"datePublished\":\"2025-06-25T02:57:55+00:00\",\"dateModified\":\"2026-01-05T08:50:45+00:00\",\"description\":\"Kereskedelmi l\u00e9gf\u00fcgg\u00f6ny per porta, insetti, negozi, cortina d'aria, barriere industriali cortina de aire para puertas industriali barriere d'aria\",\"breadcrumb\":{\"@id\":\"https:\/\/induzon.com\/it\/prodotto\/per-ascensori-cortina-daria-industriale-anti-moscas-silenciosa-barriera-daria-ventilatore-industriale-per-porte-commerciali-industriali-supermercati-negozi\/#breadcrumb\"},\"inLanguage\":\"it-IT\",\"potentialAction\":[{\"@type\":\"ReadAction\",\"target\":[\"https:\/\/induzon.com\/it\/prodotto\/per-ascensori-cortina-daria-industriale-anti-moscas-silenciosa-barriera-daria-ventilatore-industriale-per-porte-commerciali-industriali-supermercati-negozi\/\"]}]},{\"@type\":\"ImageObject\",\"inLanguage\":\"it-IT\",\"@id\":\"https:\/\/induzon.com\/it\/prodotto\/per-ascensori-cortina-daria-industriale-anti-moscas-silenciosa-barriera-daria-ventilatore-industriale-per-porte-commerciali-industriali-supermercati-negozi\/#primaryimage\",\"url\":\"https:\/\/induzon.com\/wp-content\/uploads\/2025\/06\/\u56fe-7-4.jpg\",\"contentUrl\":\"https:\/\/induzon.com\/wp-content\/uploads\/2025\/06\/\u56fe-7-4.jpg\",\"width\":1500,\"height\":1500,\"caption\":\"Barriera d'aria per porta, insetti, negozi, cortina d'aria, barriere industriali cortina de aire para puertas industriali barriere d'aria\"},{\"@type\":\"BreadcrumbList\",\"@id\":\"https:\/\/induzon.com\/it\/prodotto\/per-ascensori-cortina-daria-industriale-anti-moscas-silenciosa-barriera-daria-ventilatore-industriale-per-porte-commerciali-industriali-supermercati-negozi\/#breadcrumb\",\"itemListElement\":[{\"@type\":\"ListItem\",\"position\":1,\"name\":\"\u9996\u9875\",\"item\":\"https:\/\/induzon.com\/it\/\"},{\"@type\":\"ListItem\",\"position\":2,\"name\":\"Negozio\",\"item\":\"https:\/\/induzon.com\/it\/negozio\/\"},{\"@type\":\"ListItem\",\"position\":3,\"name\":\"Per Ascensori Cortina d&#8217;Aria Industriale Anti Moscas Silenciosa, Barriera d&#8217;Aria Ventilatore Industriale per Porte Commerciali Industriali &#8211; Supermercati Negozi\"}]},{\"@type\":\"WebSite\",\"@id\":\"https:\/\/induzon.com\/it\/#website\",\"url\":\"https:\/\/induzon.com\/it\/\",\"name\":\"induzon\",\"description\":\"\",\"publisher\":{\"@id\":\"https:\/\/induzon.com\/it\/#organization\"},\"potentialAction\":[{\"@type\":\"SearchAction\",\"target\":{\"@type\":\"EntryPoint\",\"urlTemplate\":\"https:\/\/induzon.com\/it\/?s={search_term_string}\"},\"query-input\":{\"@type\":\"PropertyValueSpecification\",\"valueRequired\":true,\"valueName\":\"search_term_string\"}}],\"inLanguage\":\"it-IT\"},{\"@type\":\"Organization\",\"@id\":\"https:\/\/induzon.com\/it\/#organization\",\"name\":\"induzon\",\"url\":\"https:\/\/induzon.com\/it\/\",\"logo\":{\"@type\":\"ImageObject\",\"inLanguage\":\"it-IT\",\"@id\":\"https:\/\/induzon.com\/it\/#\/schema\/logo\/image\/\",\"url\":\"https:\/\/induzon.com\/wp-content\/uploads\/2025\/05\/cropped-026.png\",\"contentUrl\":\"https:\/\/induzon.com\/wp-content\/uploads\/2025\/05\/cropped-026.png\",\"width\":512,\"height\":512,\"caption\":\"induzon\"},\"image\":{\"@id\":\"https:\/\/induzon.com\/it\/#\/schema\/logo\/image\/\"}}]}<\/script>\r\n<!-- \/ Yoast SEO plugin. -->","yoast_head_json":{"title":"Kereskedelmi l\u00e9gf\u00fcgg\u00f6ny bev\u00e1s\u00e1rl\u00f3k\u00f6zpontok Lift Drive -Induzon","description":"Kereskedelmi l\u00e9gf\u00fcgg\u00f6ny per porta, insetti, negozi, cortina d'aria, barriere industriali cortina de aire para puertas industriali barriere d'aria","robots":{"index":"index","follow":"follow","max-snippet":"max-snippet:-1","max-image-preview":"max-image-preview:large","max-video-preview":"max-video-preview:-1"},"canonical":"https:\/\/induzon.com\/it\/prodotto\/per-ascensori-cortina-daria-industriale-anti-moscas-silenciosa-barriera-daria-ventilatore-industriale-per-porte-commerciali-industriali-supermercati-negozi\/","og_locale":"it_IT","og_type":"article","og_title":"Kereskedelmi l\u00e9gf\u00fcgg\u00f6ny bev\u00e1s\u00e1rl\u00f3k\u00f6zpontok Lift Drive -Induzon","og_description":"Kereskedelmi l\u00e9gf\u00fcgg\u00f6ny per porta, insetti, negozi, cortina d'aria, barriere industriali cortina de aire para puertas industriali barriere d'aria","og_url":"https:\/\/induzon.com\/it\/prodotto\/per-ascensori-cortina-daria-industriale-anti-moscas-silenciosa-barriera-daria-ventilatore-industriale-per-porte-commerciali-industriali-supermercati-negozi\/","og_site_name":"induzon","article_modified_time":"2026-01-05T08:50:45+00:00","og_image":[{"width":1500,"height":1500,"url":"https:\/\/induzon.com\/wp-content\/uploads\/2025\/06\/\u56fe-7-4.jpg","type":"image\/jpeg"}],"twitter_card":"summary_large_image","twitter_misc":{"Tempo di lettura stimato":"1 minuto"},"schema":{"@context":"https:\/\/schema.org","@graph":[{"@type":"WebPage","@id":"https:\/\/induzon.com\/it\/prodotto\/per-ascensori-cortina-daria-industriale-anti-moscas-silenciosa-barriera-daria-ventilatore-industriale-per-porte-commerciali-industriali-supermercati-negozi\/","url":"https:\/\/induzon.com\/it\/prodotto\/per-ascensori-cortina-daria-industriale-anti-moscas-silenciosa-barriera-daria-ventilatore-industriale-per-porte-commerciali-industriali-supermercati-negozi\/","name":"Kereskedelmi l\u00e9gf\u00fcgg\u00f6ny bev\u00e1s\u00e1rl\u00f3k\u00f6zpontok Lift Drive -Induzon","isPartOf":{"@id":"https:\/\/induzon.com\/it\/#website"},"primaryImageOfPage":{"@id":"https:\/\/induzon.com\/it\/prodotto\/per-ascensori-cortina-daria-industriale-anti-moscas-silenciosa-barriera-daria-ventilatore-industriale-per-porte-commerciali-industriali-supermercati-negozi\/#primaryimage"},"image":{"@id":"https:\/\/induzon.com\/it\/prodotto\/per-ascensori-cortina-daria-industriale-anti-moscas-silenciosa-barriera-daria-ventilatore-industriale-per-porte-commerciali-industriali-supermercati-negozi\/#primaryimage"},"thumbnailUrl":"https:\/\/induzon.com\/wp-content\/uploads\/2025\/06\/\u56fe-7-4.jpg","datePublished":"2025-06-25T02:57:55+00:00","dateModified":"2026-01-05T08:50:45+00:00","description":"Kereskedelmi l\u00e9gf\u00fcgg\u00f6ny per porta, insetti, negozi, cortina d'aria, barriere industriali cortina de aire para puertas industriali barriere d'aria","breadcrumb":{"@id":"https:\/\/induzon.com\/it\/prodotto\/per-ascensori-cortina-daria-industriale-anti-moscas-silenciosa-barriera-daria-ventilatore-industriale-per-porte-commerciali-industriali-supermercati-negozi\/#breadcrumb"},"inLanguage":"it-IT","potentialAction":[{"@type":"ReadAction","target":["https:\/\/induzon.com\/it\/prodotto\/per-ascensori-cortina-daria-industriale-anti-moscas-silenciosa-barriera-daria-ventilatore-industriale-per-porte-commerciali-industriali-supermercati-negozi\/"]}]},{"@type":"ImageObject","inLanguage":"it-IT","@id":"https:\/\/induzon.com\/it\/prodotto\/per-ascensori-cortina-daria-industriale-anti-moscas-silenciosa-barriera-daria-ventilatore-industriale-per-porte-commerciali-industriali-supermercati-negozi\/#primaryimage","url":"https:\/\/induzon.com\/wp-content\/uploads\/2025\/06\/\u56fe-7-4.jpg","contentUrl":"https:\/\/induzon.com\/wp-content\/uploads\/2025\/06\/\u56fe-7-4.jpg","width":1500,"height":1500,"caption":"Barriera d'aria per porta, insetti, negozi, cortina d'aria, barriere industriali cortina de aire para puertas industriali barriere d'aria"},{"@type":"BreadcrumbList","@id":"https:\/\/induzon.com\/it\/prodotto\/per-ascensori-cortina-daria-industriale-anti-moscas-silenciosa-barriera-daria-ventilatore-industriale-per-porte-commerciali-industriali-supermercati-negozi\/#breadcrumb","itemListElement":[{"@type":"ListItem","position":1,"name":"\u9996\u9875","item":"https:\/\/induzon.com\/it\/"},{"@type":"ListItem","position":2,"name":"Negozio","item":"https:\/\/induzon.com\/it\/negozio\/"},{"@type":"ListItem","position":3,"name":"Per Ascensori Cortina d&#8217;Aria Industriale Anti Moscas Silenciosa, Barriera d&#8217;Aria Ventilatore Industriale per Porte Commerciali Industriali &#8211; Supermercati Negozi"}]},{"@type":"WebSite","@id":"https:\/\/induzon.com\/it\/#website","url":"https:\/\/induzon.com\/it\/","name":"induzon","description":"","publisher":{"@id":"https:\/\/induzon.com\/it\/#organization"},"potentialAction":[{"@type":"SearchAction","target":{"@type":"EntryPoint","urlTemplate":"https:\/\/induzon.com\/it\/?s={search_term_string}"},"query-input":{"@type":"PropertyValueSpecification","valueRequired":true,"valueName":"search_term_string"}}],"inLanguage":"it-IT"},{"@type":"Organization","@id":"https:\/\/induzon.com\/it\/#organization","name":"induzon","url":"https:\/\/induzon.com\/it\/","logo":{"@type":"ImageObject","inLanguage":"it-IT","@id":"https:\/\/induzon.com\/it\/#\/schema\/logo\/image\/","url":"https:\/\/induzon.com\/wp-content\/uploads\/2025\/05\/cropped-026.png","contentUrl":"https:\/\/induzon.com\/wp-content\/uploads\/2025\/05\/cropped-026.png","width":512,"height":512,"caption":"induzon"},"image":{"@id":"https:\/\/induzon.com\/it\/#\/schema\/logo\/image\/"}}]}},"_links":{"self":[{"href":"https:\/\/induzon.com\/it\/wp-json\/wp\/v2\/product\/12586","targetHints":{"allow":["GET"]}}],"collection":[{"href":"https:\/\/induzon.com\/it\/wp-json\/wp\/v2\/product"}],"about":[{"href":"https:\/\/induzon.com\/it\/wp-json\/wp\/v2\/types\/product"}],"replies":[{"embeddable":true,"href":"https:\/\/induzon.com\/it\/wp-json\/wp\/v2\/comments?post=12586"}],"version-history":[{"count":3,"href":"https:\/\/induzon.com\/it\/wp-json\/wp\/v2\/product\/12586\/revisions"}],"predecessor-version":[{"id":32747,"href":"https:\/\/induzon.com\/it\/wp-json\/wp\/v2\/product\/12586\/revisions\/32747"}],"wp:featuredmedia":[{"embeddable":true,"href":"https:\/\/induzon.com\/it\/wp-json\/wp\/v2\/media\/12320"}],"wp:attachment":[{"href":"https:\/\/induzon.com\/it\/wp-json\/wp\/v2\/media?parent=12586"}],"wp:term":[{"taxonomy":"product_brand","embeddable":true,"href":"https:\/\/induzon.com\/it\/wp-json\/wp\/v2\/product_brand?post=12586"},{"taxonomy":"product_cat","embeddable":true,"href":"https:\/\/induzon.com\/it\/wp-json\/wp\/v2\/product_cat?post=12586"},{"taxonomy":"product_tag","embeddable":true,"href":"https:\/\/induzon.com\/it\/wp-json\/wp\/v2\/product_tag?post=12586"}],"curies":[{"name":"wp","href":"https:\/\/api.w.org\/{rel}","templated":true}]}}