{"id":2942,"date":"2025-01-08T15:16:39","date_gmt":"2025-01-08T07:16:39","guid":{"rendered":"http:\/\/localhost\/polityka-zwrotow-i-gwarancji\/"},"modified":"2025-11-25T14:00:10","modified_gmt":"2025-11-25T06:00:10","slug":"polityka-zwrotow-i-gwarancji","status":"publish","type":"page","link":"https:\/\/induzon.com\/pl\/polityka-zwrotow-i-gwarancji\/","title":{"rendered":"Polityka zwrot\u00f3w i gwarancji"},"content":{"rendered":"\n<p>Dzi\u0119kujemy za wybranie produktu z naszej niezale\u017cnej witryny. W trosce o Twoje bezpiecze\u0144stwo chcieliby\u015bmy poinformowa\u0107 Ci\u0119 o naszej polityce zwrot\u00f3w i gwarancji. <\/p>\n\n<h2 class=\"wp-block-heading\">Polityka zwrot\u00f3w<\/h2>\n\n<p><strong>Okres zwrotu<\/strong>: Mo\u017cesz poprosi\u0107 o zwrot w ci\u0105gu <strong>15<\/strong> dni od daty otrzymania produktu. Naszym celem jest zapewnienie Pa\u0144stwu wystarczaj\u0105cej ilo\u015bci czasu na sprawdzenie towaru i upewnienie si\u0119, \u017ce s\u0105 Pa\u0144stwo zadowoleni z zakupu.<\/p>\n\n<p><strong>Return Shipping Charges:<\/strong> Should you need to return an item, the return shipping costs will be the responsibility of the buyer. Niniejsza polityka dotyczy zwrot\u00f3w, kt\u00f3re nie wynikaj\u0105 z problem\u00f3w zwi\u0105zanych z jako\u015bci\u0105 produktu. We appreciate your understanding. Przed rozpocz\u0119ciem procedury zwrotu prosimy o dok\u0142adne rozwa\u017cenie decyzji.<\/p>\n\n<p><strong>Proces zwrotu<\/strong>: Prosimy o przes\u0142anie wniosku o zwrot za po\u015brednictwem naszego kana\u0142u obs\u0142ugi klienta lub internetowego systemu wniosk\u00f3w o zwrot na naszej niezale\u017cnej stronie internetowej w ci\u0105gu <strong>15<\/strong>-dniowego okresu zwrotu. Our customer service team will respond promptly upon receipt of your request and guide you through the subsequent steps.<br\/>Twoja pro\u015bba o zwrot i refundacj\u0119 zostanie rozpatrzona w ci\u0105gu 48 godzin. Once approved, the refund is expected to be credited back to your original payment method within 7\u201315 business days.<\/p>\n\n<p>Prosimy upewni\u0107 si\u0119, \u017ce zwracany produkt jest w oryginalnym stanie, w tym sam produkt, oryginalne opakowanie, akcesoria oraz wszystkie powi\u0105zane dokumenty i etykiety, bez wp\u0142ywu na jako\u015b\u0107 odsprzeda\u017cy.<\/p>\n\n<h2 class=\"wp-block-heading\">Polityka gwarancyjna<\/h2>\n\n<p><strong>Okres gwarancji<\/strong>: Oferujemy do 2 lat gwarancji na produkty zwr\u00f3cone po up\u0142ywie 30-dniowego okresu zwrotu. Licz\u0105c od daty zakupu towaru, mo\u017cesz cieszy\u0107 si\u0119 naszym profesjonalnym serwisem gwarancyjnym przez te 2 lata. <\/p>\n\n<p><strong>Zakres gwarancji<\/strong>: W przypadku normalnego u\u017cytkowania, je\u015bli towary maj\u0105 problemy z jako\u015bci\u0105, zapewnimy bezp\u0142atn\u0105 napraw\u0119 lub wymian\u0119. Gwarancja nie obejmuje jednak awarii spowodowanych dzia\u0142aniem cz\u0142owieka, niew\u0142a\u015bciwym u\u017cytkowaniem, si\u0142\u0105 wy\u017csz\u0105 i innymi czynnikami. <\/p>\n\n<p><strong>Proces gwarancyjny<\/strong>: W przypadku problem\u00f3w z towarem i konieczno\u015bci skorzystania z gwarancji, prosimy o kontakt za po\u015brednictwem kana\u0142u obs\u0142ugi klienta naszej niezale\u017cnej stacji. Prosimy o dostarczenie dowodu zakupu i szczeg\u00f3\u0142owego opisu usterki, a nasz personel obs\u0142ugi klienta zajmie si\u0119 dalszymi sprawami gwarancyjnymi. Zg\u0142oszenie gwarancyjne zostanie rozpatrzone tak szybko, jak to mo\u017cliwe, aby zapewni\u0107 jak najszybsze wznowienie normalnego u\u017cytkowania towar\u00f3w.  <\/p>\n\n<p>Naszym celem jest zapewnienie wysokiej jako\u015bci zakup\u00f3w i obs\u0142ugi posprzeda\u017cowej. Je\u015bli masz jakiekolwiek pytania lub potrzebujesz dalszej pomocy, skontaktuj si\u0119 z naszym zespo\u0142em obs\u0142ugi klienta, z przyjemno\u015bci\u0105 Ci pomo\u017cemy. <\/p>\n","protected":false},"excerpt":{"rendered":"<p>Dzi\u0119kujemy za wybranie produktu z naszej niezale\u017cnej witryny. W trosce o Twoje bezpiecze\u0144stwo chcieliby\u015bmy poinformowa\u0107 Ci\u0119 o naszej polityce zwrot\u00f3w [&hellip;]<\/p>\n","protected":false},"author":1,"featured_media":0,"parent":0,"menu_order":0,"comment_status":"closed","ping_status":"closed","template":"","meta":{"site-sidebar-layout":"default","site-content-layout":"","ast-site-content-layout":"","site-content-style":"default","site-sidebar-style":"default","ast-global-header-display":"","ast-banner-title-visibility":"","ast-main-header-display":"","ast-hfb-above-header-display":"","ast-hfb-below-header-display":"","ast-hfb-mobile-header-display":"","site-post-title":"","ast-breadcrumbs-content":"","ast-featured-img":"","footer-sml-layout":"","theme-transparent-header-meta":"","adv-header-id-meta":"","stick-header-meta":"","header-above-stick-meta":"","header-main-stick-meta":"","header-below-stick-meta":"","astra-migrate-meta-layouts":"default","ast-page-background-enabled":"default","ast-page-background-meta":{"desktop":{"background-color":"var(--ast-global-color-4)","background-image":"","background-repeat":"repeat","background-position":"center center","background-size":"auto","background-attachment":"scroll","background-type":"","background-media":"","overlay-type":"","overlay-color":"","overlay-opacity":"","overlay-gradient":""},"tablet":{"background-color":"","background-image":"","background-repeat":"repeat","background-position":"center center","background-size":"auto","background-attachment":"scroll","background-type":"","background-media":"","overlay-type":"","overlay-color":"","overlay-opacity":"","overlay-gradient":""},"mobile":{"background-color":"","background-image":"","background-repeat":"repeat","background-position":"center center","background-size":"auto","background-attachment":"scroll","background-type":"","background-media":"","overlay-type":"","overlay-color":"","overlay-opacity":"","overlay-gradient":""}},"ast-content-background-meta":{"desktop":{"background-color":"var(--ast-global-color-5)","background-image":"","background-repeat":"repeat","background-position":"center center","background-size":"auto","background-attachment":"scroll","background-type":"","background-media":"","overlay-type":"","overlay-color":"","overlay-opacity":"","overlay-gradient":""},"tablet":{"background-color":"var(--ast-global-color-5)","background-image":"","background-repeat":"repeat","background-position":"center center","background-size":"auto","background-attachment":"scroll","background-type":"","background-media":"","overlay-type":"","overlay-color":"","overlay-opacity":"","overlay-gradient":""},"mobile":{"background-color":"var(--ast-global-color-5)","background-image":"","background-repeat":"repeat","background-position":"center center","background-size":"auto","background-attachment":"scroll","background-type":"","background-media":"","overlay-type":"","overlay-color":"","overlay-opacity":"","overlay-gradient":""}},"footnotes":""},"class_list":["post-2942","page","type-page","status-publish","hentry"],"yoast_head":"<!-- This site is optimized with the Yoast SEO plugin v24.9 - https:\/\/yoast.com\/wordpress\/plugins\/seo\/ -->\r\n<title>Gwarancja i zwroty | \u0141atwy proces reklamacji | Induzon<\/title>\r\n<meta name=\"description\" content=\"Zapoznaj si\u0119 z gwarancj\u0105 Induzon i zasadami zwrotu cz\u0119\u015bci zamiennych. Nasz prosty proces zapewnia szybkie wsparcie i rozwi\u0105zania.\" \/>\r\n<meta name=\"robots\" content=\"index, follow, max-snippet:-1, max-image-preview:large, max-video-preview:-1\" \/>\r\n<link rel=\"canonical\" href=\"https:\/\/induzon.com\/pl\/polityka-zwrotow-i-gwarancji\/\" \/>\r\n<meta property=\"og:locale\" content=\"pl_PL\" \/>\r\n<meta property=\"og:type\" content=\"article\" \/>\r\n<meta property=\"og:title\" content=\"Gwarancja i zwroty | \u0141atwy proces reklamacji | Induzon\" \/>\r\n<meta property=\"og:description\" content=\"Zapoznaj si\u0119 z gwarancj\u0105 Induzon i zasadami zwrotu cz\u0119\u015bci zamiennych. Nasz prosty proces zapewnia szybkie wsparcie i rozwi\u0105zania.\" \/>\r\n<meta property=\"og:url\" content=\"https:\/\/induzon.com\/pl\/polityka-zwrotow-i-gwarancji\/\" \/>\r\n<meta property=\"og:site_name\" content=\"induzon\" \/>\r\n<meta property=\"article:modified_time\" content=\"2025-11-25T06:00:10+00:00\" \/>\r\n<meta name=\"twitter:card\" content=\"summary_large_image\" \/>\r\n<meta name=\"twitter:label1\" content=\"Szacowany czas czytania\" \/>\n\t<meta name=\"twitter:data1\" content=\"2 minuty\" \/>\r\n<script type=\"application\/ld+json\" class=\"yoast-schema-graph\">{\"@context\":\"https:\/\/schema.org\",\"@graph\":[{\"@type\":\"WebPage\",\"@id\":\"https:\/\/induzon.com\/pl\/polityka-zwrotow-i-gwarancji\/\",\"url\":\"https:\/\/induzon.com\/pl\/polityka-zwrotow-i-gwarancji\/\",\"name\":\"Gwarancja i zwroty | \u0141atwy proces reklamacji | Induzon\",\"isPartOf\":{\"@id\":\"https:\/\/induzon.com\/pl\/#website\"},\"datePublished\":\"2025-01-08T07:16:39+00:00\",\"dateModified\":\"2025-11-25T06:00:10+00:00\",\"description\":\"Zapoznaj si\u0119 z gwarancj\u0105 Induzon i zasadami zwrotu cz\u0119\u015bci zamiennych. Nasz prosty proces zapewnia szybkie wsparcie i rozwi\u0105zania.\",\"breadcrumb\":{\"@id\":\"https:\/\/induzon.com\/pl\/polityka-zwrotow-i-gwarancji\/#breadcrumb\"},\"inLanguage\":\"pl-PL\",\"potentialAction\":[{\"@type\":\"ReadAction\",\"target\":[\"https:\/\/induzon.com\/pl\/polityka-zwrotow-i-gwarancji\/\"]}]},{\"@type\":\"BreadcrumbList\",\"@id\":\"https:\/\/induzon.com\/pl\/polityka-zwrotow-i-gwarancji\/#breadcrumb\",\"itemListElement\":[{\"@type\":\"ListItem\",\"position\":1,\"name\":\"\u9996\u9875\",\"item\":\"https:\/\/induzon.com\/pl\/strona-glowna\/\"},{\"@type\":\"ListItem\",\"position\":2,\"name\":\"Polityka zwrot\u00f3w i gwarancji\"}]},{\"@type\":\"WebSite\",\"@id\":\"https:\/\/induzon.com\/pl\/#website\",\"url\":\"https:\/\/induzon.com\/pl\/\",\"name\":\"induzon\",\"description\":\"\",\"publisher\":{\"@id\":\"https:\/\/induzon.com\/pl\/#organization\"},\"potentialAction\":[{\"@type\":\"SearchAction\",\"target\":{\"@type\":\"EntryPoint\",\"urlTemplate\":\"https:\/\/induzon.com\/pl\/?s={search_term_string}\"},\"query-input\":{\"@type\":\"PropertyValueSpecification\",\"valueRequired\":true,\"valueName\":\"search_term_string\"}}],\"inLanguage\":\"pl-PL\"},{\"@type\":\"Organization\",\"@id\":\"https:\/\/induzon.com\/pl\/#organization\",\"name\":\"induzon\",\"url\":\"https:\/\/induzon.com\/pl\/\",\"logo\":{\"@type\":\"ImageObject\",\"inLanguage\":\"pl-PL\",\"@id\":\"https:\/\/induzon.com\/pl\/#\/schema\/logo\/image\/\",\"url\":\"https:\/\/induzon.com\/wp-content\/uploads\/2025\/05\/cropped-026.png\",\"contentUrl\":\"https:\/\/induzon.com\/wp-content\/uploads\/2025\/05\/cropped-026.png\",\"width\":512,\"height\":512,\"caption\":\"induzon\"},\"image\":{\"@id\":\"https:\/\/induzon.com\/pl\/#\/schema\/logo\/image\/\"}}]}<\/script>\r\n<!-- \/ Yoast SEO plugin. -->","yoast_head_json":{"title":"Gwarancja i zwroty | \u0141atwy proces reklamacji | Induzon","description":"Zapoznaj si\u0119 z gwarancj\u0105 Induzon i zasadami zwrotu cz\u0119\u015bci zamiennych. Nasz prosty proces zapewnia szybkie wsparcie i rozwi\u0105zania.","robots":{"index":"index","follow":"follow","max-snippet":"max-snippet:-1","max-image-preview":"max-image-preview:large","max-video-preview":"max-video-preview:-1"},"canonical":"https:\/\/induzon.com\/pl\/polityka-zwrotow-i-gwarancji\/","og_locale":"pl_PL","og_type":"article","og_title":"Gwarancja i zwroty | \u0141atwy proces reklamacji | Induzon","og_description":"Zapoznaj si\u0119 z gwarancj\u0105 Induzon i zasadami zwrotu cz\u0119\u015bci zamiennych. Nasz prosty proces zapewnia szybkie wsparcie i rozwi\u0105zania.","og_url":"https:\/\/induzon.com\/pl\/polityka-zwrotow-i-gwarancji\/","og_site_name":"induzon","article_modified_time":"2025-11-25T06:00:10+00:00","twitter_card":"summary_large_image","twitter_misc":{"Szacowany czas czytania":"2 minuty"},"schema":{"@context":"https:\/\/schema.org","@graph":[{"@type":"WebPage","@id":"https:\/\/induzon.com\/pl\/polityka-zwrotow-i-gwarancji\/","url":"https:\/\/induzon.com\/pl\/polityka-zwrotow-i-gwarancji\/","name":"Gwarancja i zwroty | \u0141atwy proces reklamacji | Induzon","isPartOf":{"@id":"https:\/\/induzon.com\/pl\/#website"},"datePublished":"2025-01-08T07:16:39+00:00","dateModified":"2025-11-25T06:00:10+00:00","description":"Zapoznaj si\u0119 z gwarancj\u0105 Induzon i zasadami zwrotu cz\u0119\u015bci zamiennych. Nasz prosty proces zapewnia szybkie wsparcie i rozwi\u0105zania.","breadcrumb":{"@id":"https:\/\/induzon.com\/pl\/polityka-zwrotow-i-gwarancji\/#breadcrumb"},"inLanguage":"pl-PL","potentialAction":[{"@type":"ReadAction","target":["https:\/\/induzon.com\/pl\/polityka-zwrotow-i-gwarancji\/"]}]},{"@type":"BreadcrumbList","@id":"https:\/\/induzon.com\/pl\/polityka-zwrotow-i-gwarancji\/#breadcrumb","itemListElement":[{"@type":"ListItem","position":1,"name":"\u9996\u9875","item":"https:\/\/induzon.com\/pl\/strona-glowna\/"},{"@type":"ListItem","position":2,"name":"Polityka zwrot\u00f3w i gwarancji"}]},{"@type":"WebSite","@id":"https:\/\/induzon.com\/pl\/#website","url":"https:\/\/induzon.com\/pl\/","name":"induzon","description":"","publisher":{"@id":"https:\/\/induzon.com\/pl\/#organization"},"potentialAction":[{"@type":"SearchAction","target":{"@type":"EntryPoint","urlTemplate":"https:\/\/induzon.com\/pl\/?s={search_term_string}"},"query-input":{"@type":"PropertyValueSpecification","valueRequired":true,"valueName":"search_term_string"}}],"inLanguage":"pl-PL"},{"@type":"Organization","@id":"https:\/\/induzon.com\/pl\/#organization","name":"induzon","url":"https:\/\/induzon.com\/pl\/","logo":{"@type":"ImageObject","inLanguage":"pl-PL","@id":"https:\/\/induzon.com\/pl\/#\/schema\/logo\/image\/","url":"https:\/\/induzon.com\/wp-content\/uploads\/2025\/05\/cropped-026.png","contentUrl":"https:\/\/induzon.com\/wp-content\/uploads\/2025\/05\/cropped-026.png","width":512,"height":512,"caption":"induzon"},"image":{"@id":"https:\/\/induzon.com\/pl\/#\/schema\/logo\/image\/"}}]}},"_links":{"self":[{"href":"https:\/\/induzon.com\/pl\/wp-json\/wp\/v2\/pages\/2942","targetHints":{"allow":["GET"]}}],"collection":[{"href":"https:\/\/induzon.com\/pl\/wp-json\/wp\/v2\/pages"}],"about":[{"href":"https:\/\/induzon.com\/pl\/wp-json\/wp\/v2\/types\/page"}],"author":[{"embeddable":true,"href":"https:\/\/induzon.com\/pl\/wp-json\/wp\/v2\/users\/1"}],"replies":[{"embeddable":true,"href":"https:\/\/induzon.com\/pl\/wp-json\/wp\/v2\/comments?post=2942"}],"version-history":[{"count":3,"href":"https:\/\/induzon.com\/pl\/wp-json\/wp\/v2\/pages\/2942\/revisions"}],"predecessor-version":[{"id":30725,"href":"https:\/\/induzon.com\/pl\/wp-json\/wp\/v2\/pages\/2942\/revisions\/30725"}],"wp:attachment":[{"href":"https:\/\/induzon.com\/pl\/wp-json\/wp\/v2\/media?parent=2942"}],"curies":[{"name":"wp","href":"https:\/\/api.w.org\/{rel}","templated":true}]}}