{"id":3391,"date":"2025-01-15T17:11:17","date_gmt":"2025-01-15T09:11:17","guid":{"rendered":"http:\/\/localhost\/szacowany-czas-dostawy\/"},"modified":"2025-08-27T15:43:53","modified_gmt":"2025-08-27T07:43:53","slug":"szacowany-czas-dostawy","status":"publish","type":"page","link":"https:\/\/induzon.com\/pl\/szacowany-czas-dostawy\/","title":{"rendered":"Szacowany czas dostawy"},"content":{"rendered":"\t\t<div data-elementor-type=\"wp-page\" data-elementor-id=\"3391\" class=\"elementor elementor-3391 elementor-3348\" data-elementor-post-type=\"page\">\n\t\t\t\t<div class=\"elementor-element elementor-element-66e7959 e-flex e-con-boxed e-con e-parent\" data-id=\"66e7959\" data-element_type=\"container\">\n\t\t\t\t\t<div class=\"e-con-inner\">\n\t\t<div class=\"elementor-element elementor-element-8470463 e-con-full e-flex e-con e-child\" data-id=\"8470463\" data-element_type=\"container\">\n\t\t\t\t<div class=\"elementor-element elementor-element-9a5322f elementor-widget elementor-widget-heading\" data-id=\"9a5322f\" data-element_type=\"widget\" data-widget_type=\"heading.default\">\n\t\t\t\t\t<h3 class=\"elementor-heading-title elementor-size-default\">Szacowany czas dostawy<\/h3>\t\t\t\t<\/div>\n\t\t\t\t<div class=\"elementor-element elementor-element-0b24042 elementor-widget-divider--view-line elementor-widget elementor-widget-divider\" data-id=\"0b24042\" data-element_type=\"widget\" data-widget_type=\"divider.default\">\n\t\t\t\t\t\t\t<div class=\"elementor-divider\">\n\t\t\t<span class=\"elementor-divider-separator\">\n\t\t\t\t\t\t<\/span>\n\t\t<\/div>\n\t\t\t\t\t\t<\/div>\n\t\t\t\t<div class=\"elementor-element elementor-element-f2ab69f elementor-widget elementor-widget-heading\" data-id=\"f2ab69f\" data-element_type=\"widget\" data-widget_type=\"heading.default\">\n\t\t\t\t\t<h5 class=\"elementor-heading-title elementor-size-default\">W jaki spos\u00f3b YISHENG wysy\u0142a zam\u00f3wienie i jak d\u0142ugo trwa wysy\u0142ka?<\/h5>\t\t\t\t<\/div>\n\t\t\t\t<div class=\"elementor-element elementor-element-db13238 elementor-widget elementor-widget-text-editor\" data-id=\"db13238\" data-element_type=\"widget\" data-widget_type=\"text-editor.default\">\n\t\t\t\t\t\t\t\t\t<p>Dogodne metody logistyczne s\u0105 dost\u0119pne dla r\u00f3\u017cnych kraj\u00f3w i region\u00f3w. Paczki z lokalnego magazynu mog\u0105 zosta\u0107 dostarczone najwcze\u015bniej w ci\u0105gu<strong> 3 <\/strong><strong>dni<\/strong>, a z magazynu w Chinach najwcze\u015bniej w ci\u0105gu <strong>8 dni<\/strong>. Konkretny czas dostawy jest wy\u015bwietlany na stronie szczeg\u00f3\u0142\u00f3w produktu podczas sk\u0142adania zam\u00f3wienia i r\u00f3\u017cni si\u0119 w zale\u017cno\u015bci od kraju i metody logistycznej.  <\/p><p><span data-spm-data=\"{\"bid\":\"56277\",\"pid\":\"\"}\">Je\u015bli nie otrzyma\u0142e\u015b przedmiotu d\u0142ugo po terminie dostawy, skontaktuj si\u0119 z nami. YISHENG zweryfikuje Twoj\u0105 spraw\u0119 i wynegocjuje z Tob\u0105 rozwi\u0105zania kompensacyjne, takie jak zwrot pieni\u0119dzy \/ ponowne wys\u0142anie itp. <\/span><\/p>\t\t\t\t\t\t\t\t<\/div>\n\t\t\t\t<div class=\"elementor-element elementor-element-0df2f69 elementor-widget elementor-widget-text-editor\" data-id=\"0df2f69\" data-element_type=\"widget\" data-widget_type=\"text-editor.default\">\n\t\t\t\t\t\t\t\t\t<p><strong>Uwaga:<\/strong><br>W wi\u0119kszo\u015bci przypadk\u00f3w paczka zostanie dostarczona w przewidywanym terminie. Jednak\u017ce rzeczywisty termin dostawy mo\u017ce by\u0107 uzale\u017cniony od rozk\u0142adu lot\u00f3w, warunk\u00f3w pogodowych i innych czynnik\u00f3w zewn\u0119trznych. Czas dostawy b\u0119dzie d\u0142u\u017cszy ni\u017c zwykle w przypadku zam\u00f3wie\u0144 zawieraj\u0105cych produkty w przedsprzeda\u017cy lub\/i produkty spersonalizowane. Najdok\u0142adniejsz\u0105 dat\u0119 dostawy mo\u017cna znale\u017a\u0107 w informacjach dotycz\u0105cych \u015bledzenia przesy\u0142ki.<br><br><span data-spm-data=\"{\"bid\":\"56277\",\"pid\":\"\"}\">Je\u015bli potrzebujesz dodatkowych informacji lub pomocy, skontaktuj si\u0119 z nami.<\/span><\/p>\t\t\t\t\t\t\t\t<\/div>\n\t\t\t\t<\/div>\n\t\t\t\t\t<\/div>\n\t\t\t\t<\/div>\n\t\t\t\t<\/div>\n\t\t","protected":false},"excerpt":{"rendered":"<p>Szacowany czas dostawy W jaki spos\u00f3b YISHENG wysy\u0142a zam\u00f3wienie i jak d\u0142ugo trwa wysy\u0142ka? Dogodne metody logistyczne s\u0105 dost\u0119pne dla [&hellip;]<\/p>\n","protected":false},"author":1,"featured_media":0,"parent":0,"menu_order":0,"comment_status":"closed","ping_status":"closed","template":"","meta":{"site-sidebar-layout":"no-sidebar","site-content-layout":"","ast-site-content-layout":"full-width-container","site-content-style":"default","site-sidebar-style":"default","ast-global-header-display":"","ast-banner-title-visibility":"","ast-main-header-display":"","ast-hfb-above-header-display":"","ast-hfb-below-header-display":"","ast-hfb-mobile-header-display":"","site-post-title":"disabled","ast-breadcrumbs-content":"","ast-featured-img":"disabled","footer-sml-layout":"","theme-transparent-header-meta":"","adv-header-id-meta":"","stick-header-meta":"","header-above-stick-meta":"","header-main-stick-meta":"","header-below-stick-meta":"","astra-migrate-meta-layouts":"default","ast-page-background-enabled":"default","ast-page-background-meta":{"desktop":{"background-color":"var(--ast-global-color-4)","background-image":"","background-repeat":"repeat","background-position":"center center","background-size":"auto","background-attachment":"scroll","background-type":"","background-media":"","overlay-type":"","overlay-color":"","overlay-opacity":"","overlay-gradient":""},"tablet":{"background-color":"","background-image":"","background-repeat":"repeat","background-position":"center center","background-size":"auto","background-attachment":"scroll","background-type":"","background-media":"","overlay-type":"","overlay-color":"","overlay-opacity":"","overlay-gradient":""},"mobile":{"background-color":"","background-image":"","background-repeat":"repeat","background-position":"center center","background-size":"auto","background-attachment":"scroll","background-type":"","background-media":"","overlay-type":"","overlay-color":"","overlay-opacity":"","overlay-gradient":""}},"ast-content-background-meta":{"desktop":{"background-color":"var(--ast-global-color-5)","background-image":"","background-repeat":"repeat","background-position":"center center","background-size":"auto","background-attachment":"scroll","background-type":"","background-media":"","overlay-type":"","overlay-color":"","overlay-opacity":"","overlay-gradient":""},"tablet":{"background-color":"var(--ast-global-color-5)","background-image":"","background-repeat":"repeat","background-position":"center center","background-size":"auto","background-attachment":"scroll","background-type":"","background-media":"","overlay-type":"","overlay-color":"","overlay-opacity":"","overlay-gradient":""},"mobile":{"background-color":"var(--ast-global-color-5)","background-image":"","background-repeat":"repeat","background-position":"center center","background-size":"auto","background-attachment":"scroll","background-type":"","background-media":"","overlay-type":"","overlay-color":"","overlay-opacity":"","overlay-gradient":""}},"footnotes":""},"class_list":["post-3391","page","type-page","status-publish","hentry"],"yoast_head":"<!-- This site is optimized with the Yoast SEO plugin v24.9 - https:\/\/yoast.com\/wordpress\/plugins\/seo\/ -->\r\n<title>Szacowany czas dostawy | Informacje dotycz\u0105ce wysy\u0142ki zam\u00f3wie\u0144 Induzon<\/title>\r\n<meta name=\"description\" content=\"Dowiedz si\u0119, ile czasu zajmuje dostarczenie zam\u00f3wienia Induzon. Sprawd\u017a szacunkowe czasy dostawy do Stan\u00f3w Zjednoczonych, Wielkiej Brytanii, Unii Europejskiej i innych miejsc na \u015bwiecie.\" \/>\r\n<meta name=\"robots\" content=\"index, follow, max-snippet:-1, max-image-preview:large, max-video-preview:-1\" \/>\r\n<link rel=\"canonical\" href=\"https:\/\/induzon.com\/pl\/szacowany-czas-dostawy\/\" \/>\r\n<meta property=\"og:locale\" content=\"pl_PL\" \/>\r\n<meta property=\"og:type\" content=\"article\" \/>\r\n<meta property=\"og:title\" content=\"Szacowany czas dostawy | Informacje dotycz\u0105ce wysy\u0142ki zam\u00f3wie\u0144 Induzon\" \/>\r\n<meta property=\"og:description\" content=\"Dowiedz si\u0119, ile czasu zajmuje dostarczenie zam\u00f3wienia Induzon. Sprawd\u017a szacunkowe czasy dostawy do Stan\u00f3w Zjednoczonych, Wielkiej Brytanii, Unii Europejskiej i innych miejsc na \u015bwiecie.\" \/>\r\n<meta property=\"og:url\" content=\"https:\/\/induzon.com\/pl\/szacowany-czas-dostawy\/\" \/>\r\n<meta property=\"og:site_name\" content=\"induzon\" \/>\r\n<meta property=\"article:modified_time\" content=\"2025-08-27T07:43:53+00:00\" \/>\r\n<meta name=\"twitter:card\" content=\"summary_large_image\" \/>\r\n<meta name=\"twitter:label1\" content=\"Szacowany czas czytania\" \/>\n\t<meta name=\"twitter:data1\" content=\"1 minuta\" \/>\r\n<script type=\"application\/ld+json\" class=\"yoast-schema-graph\">{\"@context\":\"https:\/\/schema.org\",\"@graph\":[{\"@type\":\"WebPage\",\"@id\":\"https:\/\/induzon.com\/pl\/szacowany-czas-dostawy\/\",\"url\":\"https:\/\/induzon.com\/pl\/szacowany-czas-dostawy\/\",\"name\":\"Szacowany czas dostawy | Informacje dotycz\u0105ce wysy\u0142ki zam\u00f3wie\u0144 Induzon\",\"isPartOf\":{\"@id\":\"https:\/\/induzon.com\/pl\/#website\"},\"datePublished\":\"2025-01-15T09:11:17+00:00\",\"dateModified\":\"2025-08-27T07:43:53+00:00\",\"description\":\"Dowiedz si\u0119, ile czasu zajmuje dostarczenie zam\u00f3wienia Induzon. Sprawd\u017a szacunkowe czasy dostawy do Stan\u00f3w Zjednoczonych, Wielkiej Brytanii, Unii Europejskiej i innych miejsc na \u015bwiecie.\",\"breadcrumb\":{\"@id\":\"https:\/\/induzon.com\/pl\/szacowany-czas-dostawy\/#breadcrumb\"},\"inLanguage\":\"pl-PL\",\"potentialAction\":[{\"@type\":\"ReadAction\",\"target\":[\"https:\/\/induzon.com\/pl\/szacowany-czas-dostawy\/\"]}]},{\"@type\":\"BreadcrumbList\",\"@id\":\"https:\/\/induzon.com\/pl\/szacowany-czas-dostawy\/#breadcrumb\",\"itemListElement\":[{\"@type\":\"ListItem\",\"position\":1,\"name\":\"\u9996\u9875\",\"item\":\"https:\/\/induzon.com\/pl\/strona-glowna\/\"},{\"@type\":\"ListItem\",\"position\":2,\"name\":\"Szacowany czas dostawy\"}]},{\"@type\":\"WebSite\",\"@id\":\"https:\/\/induzon.com\/pl\/#website\",\"url\":\"https:\/\/induzon.com\/pl\/\",\"name\":\"induzon\",\"description\":\"\",\"publisher\":{\"@id\":\"https:\/\/induzon.com\/pl\/#organization\"},\"potentialAction\":[{\"@type\":\"SearchAction\",\"target\":{\"@type\":\"EntryPoint\",\"urlTemplate\":\"https:\/\/induzon.com\/pl\/?s={search_term_string}\"},\"query-input\":{\"@type\":\"PropertyValueSpecification\",\"valueRequired\":true,\"valueName\":\"search_term_string\"}}],\"inLanguage\":\"pl-PL\"},{\"@type\":\"Organization\",\"@id\":\"https:\/\/induzon.com\/pl\/#organization\",\"name\":\"induzon\",\"url\":\"https:\/\/induzon.com\/pl\/\",\"logo\":{\"@type\":\"ImageObject\",\"inLanguage\":\"pl-PL\",\"@id\":\"https:\/\/induzon.com\/pl\/#\/schema\/logo\/image\/\",\"url\":\"https:\/\/induzon.com\/wp-content\/uploads\/2025\/05\/cropped-026.png\",\"contentUrl\":\"https:\/\/induzon.com\/wp-content\/uploads\/2025\/05\/cropped-026.png\",\"width\":512,\"height\":512,\"caption\":\"induzon\"},\"image\":{\"@id\":\"https:\/\/induzon.com\/pl\/#\/schema\/logo\/image\/\"}}]}<\/script>\r\n<!-- \/ Yoast SEO plugin. -->","yoast_head_json":{"title":"Szacowany czas dostawy | Informacje dotycz\u0105ce wysy\u0142ki zam\u00f3wie\u0144 Induzon","description":"Dowiedz si\u0119, ile czasu zajmuje dostarczenie zam\u00f3wienia Induzon. Sprawd\u017a szacunkowe czasy dostawy do Stan\u00f3w Zjednoczonych, Wielkiej Brytanii, Unii Europejskiej i innych miejsc na \u015bwiecie.","robots":{"index":"index","follow":"follow","max-snippet":"max-snippet:-1","max-image-preview":"max-image-preview:large","max-video-preview":"max-video-preview:-1"},"canonical":"https:\/\/induzon.com\/pl\/szacowany-czas-dostawy\/","og_locale":"pl_PL","og_type":"article","og_title":"Szacowany czas dostawy | Informacje dotycz\u0105ce wysy\u0142ki zam\u00f3wie\u0144 Induzon","og_description":"Dowiedz si\u0119, ile czasu zajmuje dostarczenie zam\u00f3wienia Induzon. Sprawd\u017a szacunkowe czasy dostawy do Stan\u00f3w Zjednoczonych, Wielkiej Brytanii, Unii Europejskiej i innych miejsc na \u015bwiecie.","og_url":"https:\/\/induzon.com\/pl\/szacowany-czas-dostawy\/","og_site_name":"induzon","article_modified_time":"2025-08-27T07:43:53+00:00","twitter_card":"summary_large_image","twitter_misc":{"Szacowany czas czytania":"1 minuta"},"schema":{"@context":"https:\/\/schema.org","@graph":[{"@type":"WebPage","@id":"https:\/\/induzon.com\/pl\/szacowany-czas-dostawy\/","url":"https:\/\/induzon.com\/pl\/szacowany-czas-dostawy\/","name":"Szacowany czas dostawy | Informacje dotycz\u0105ce wysy\u0142ki zam\u00f3wie\u0144 Induzon","isPartOf":{"@id":"https:\/\/induzon.com\/pl\/#website"},"datePublished":"2025-01-15T09:11:17+00:00","dateModified":"2025-08-27T07:43:53+00:00","description":"Dowiedz si\u0119, ile czasu zajmuje dostarczenie zam\u00f3wienia Induzon. Sprawd\u017a szacunkowe czasy dostawy do Stan\u00f3w Zjednoczonych, Wielkiej Brytanii, Unii Europejskiej i innych miejsc na \u015bwiecie.","breadcrumb":{"@id":"https:\/\/induzon.com\/pl\/szacowany-czas-dostawy\/#breadcrumb"},"inLanguage":"pl-PL","potentialAction":[{"@type":"ReadAction","target":["https:\/\/induzon.com\/pl\/szacowany-czas-dostawy\/"]}]},{"@type":"BreadcrumbList","@id":"https:\/\/induzon.com\/pl\/szacowany-czas-dostawy\/#breadcrumb","itemListElement":[{"@type":"ListItem","position":1,"name":"\u9996\u9875","item":"https:\/\/induzon.com\/pl\/strona-glowna\/"},{"@type":"ListItem","position":2,"name":"Szacowany czas dostawy"}]},{"@type":"WebSite","@id":"https:\/\/induzon.com\/pl\/#website","url":"https:\/\/induzon.com\/pl\/","name":"induzon","description":"","publisher":{"@id":"https:\/\/induzon.com\/pl\/#organization"},"potentialAction":[{"@type":"SearchAction","target":{"@type":"EntryPoint","urlTemplate":"https:\/\/induzon.com\/pl\/?s={search_term_string}"},"query-input":{"@type":"PropertyValueSpecification","valueRequired":true,"valueName":"search_term_string"}}],"inLanguage":"pl-PL"},{"@type":"Organization","@id":"https:\/\/induzon.com\/pl\/#organization","name":"induzon","url":"https:\/\/induzon.com\/pl\/","logo":{"@type":"ImageObject","inLanguage":"pl-PL","@id":"https:\/\/induzon.com\/pl\/#\/schema\/logo\/image\/","url":"https:\/\/induzon.com\/wp-content\/uploads\/2025\/05\/cropped-026.png","contentUrl":"https:\/\/induzon.com\/wp-content\/uploads\/2025\/05\/cropped-026.png","width":512,"height":512,"caption":"induzon"},"image":{"@id":"https:\/\/induzon.com\/pl\/#\/schema\/logo\/image\/"}}]}},"_links":{"self":[{"href":"https:\/\/induzon.com\/pl\/wp-json\/wp\/v2\/pages\/3391","targetHints":{"allow":["GET"]}}],"collection":[{"href":"https:\/\/induzon.com\/pl\/wp-json\/wp\/v2\/pages"}],"about":[{"href":"https:\/\/induzon.com\/pl\/wp-json\/wp\/v2\/types\/page"}],"author":[{"embeddable":true,"href":"https:\/\/induzon.com\/pl\/wp-json\/wp\/v2\/users\/1"}],"replies":[{"embeddable":true,"href":"https:\/\/induzon.com\/pl\/wp-json\/wp\/v2\/comments?post=3391"}],"version-history":[{"count":2,"href":"https:\/\/induzon.com\/pl\/wp-json\/wp\/v2\/pages\/3391\/revisions"}],"predecessor-version":[{"id":23635,"href":"https:\/\/induzon.com\/pl\/wp-json\/wp\/v2\/pages\/3391\/revisions\/23635"}],"wp:attachment":[{"href":"https:\/\/induzon.com\/pl\/wp-json\/wp\/v2\/media?parent=3391"}],"curies":[{"name":"wp","href":"https:\/\/api.w.org\/{rel}","templated":true}]}}