{"id":4067,"date":"2025-02-17T14:52:03","date_gmt":"2025-02-17T06:52:03","guid":{"rendered":"http:\/\/induzon.com\/track-order\/"},"modified":"2025-08-22T14:50:45","modified_gmt":"2025-08-22T06:50:45","slug":"track-order","status":"publish","type":"page","link":"https:\/\/induzon.com\/pl\/track-order\/","title":{"rendered":"Track Order"},"content":{"rendered":"\t\t<div data-elementor-type=\"wp-page\" data-elementor-id=\"4067\" class=\"elementor elementor-4067 elementor-3950\" data-elementor-post-type=\"page\">\n\t\t\t\t<div class=\"elementor-element elementor-element-296806a e-flex e-con-boxed e-con e-parent\" data-id=\"296806a\" data-element_type=\"container\">\n\t\t\t\t\t<div class=\"e-con-inner\">\n\t\t\t\t<div class=\"elementor-element elementor-element-ecdf7aa elementor-widget elementor-widget-shortcode\" data-id=\"ecdf7aa\" data-element_type=\"widget\" data-widget_type=\"shortcode.default\">\n\t\t\t\t\t\t\t<div class=\"elementor-shortcode\"> <div class=\"woocommerce\"><\/div><\/div>\n\t\t\t\t\t\t<\/div>\n\t\t\t\t\t<\/div>\n\t\t\t\t<\/div>\n\t\t\t\t<\/div>\n\t\t","protected":false},"excerpt":{"rendered":"","protected":false},"author":1,"featured_media":0,"parent":0,"menu_order":0,"comment_status":"closed","ping_status":"closed","template":"","meta":{"site-sidebar-layout":"no-sidebar","site-content-layout":"","ast-site-content-layout":"full-width-container","site-content-style":"default","site-sidebar-style":"default","ast-global-header-display":"","ast-banner-title-visibility":"","ast-main-header-display":"","ast-hfb-above-header-display":"","ast-hfb-below-header-display":"","ast-hfb-mobile-header-display":"","site-post-title":"disabled","ast-breadcrumbs-content":"","ast-featured-img":"disabled","footer-sml-layout":"","theme-transparent-header-meta":"","adv-header-id-meta":"","stick-header-meta":"","header-above-stick-meta":"","header-main-stick-meta":"","header-below-stick-meta":"","astra-migrate-meta-layouts":"default","ast-page-background-enabled":"default","ast-page-background-meta":{"desktop":{"background-color":"var(--ast-global-color-4)","background-image":"","background-repeat":"repeat","background-position":"center center","background-size":"auto","background-attachment":"scroll","background-type":"","background-media":"","overlay-type":"","overlay-color":"","overlay-opacity":"","overlay-gradient":""},"tablet":{"background-color":"","background-image":"","background-repeat":"repeat","background-position":"center center","background-size":"auto","background-attachment":"scroll","background-type":"","background-media":"","overlay-type":"","overlay-color":"","overlay-opacity":"","overlay-gradient":""},"mobile":{"background-color":"","background-image":"","background-repeat":"repeat","background-position":"center center","background-size":"auto","background-attachment":"scroll","background-type":"","background-media":"","overlay-type":"","overlay-color":"","overlay-opacity":"","overlay-gradient":""}},"ast-content-background-meta":{"desktop":{"background-color":"var(--ast-global-color-5)","background-image":"","background-repeat":"repeat","background-position":"center center","background-size":"auto","background-attachment":"scroll","background-type":"","background-media":"","overlay-type":"","overlay-color":"","overlay-opacity":"","overlay-gradient":""},"tablet":{"background-color":"var(--ast-global-color-5)","background-image":"","background-repeat":"repeat","background-position":"center center","background-size":"auto","background-attachment":"scroll","background-type":"","background-media":"","overlay-type":"","overlay-color":"","overlay-opacity":"","overlay-gradient":""},"mobile":{"background-color":"var(--ast-global-color-5)","background-image":"","background-repeat":"repeat","background-position":"center center","background-size":"auto","background-attachment":"scroll","background-type":"","background-media":"","overlay-type":"","overlay-color":"","overlay-opacity":"","overlay-gradient":""}},"footnotes":""},"class_list":["post-4067","page","type-page","status-publish","hentry"],"yoast_head":"<!-- This site is optimized with the Yoast SEO plugin v24.9 - https:\/\/yoast.com\/wordpress\/plugins\/seo\/ -->\r\n<title>\u015aled\u017a swoje zam\u00f3wienie | Status zam\u00f3wienia i aktualizacje dotycz\u0105ce dostawy - Induzon<\/title>\r\n<meta name=\"description\" content=\"\u015aled\u017a zam\u00f3wienie Wprowad\u017a identyfikator zam\u00f3wienia lub numer \u015bledzenia, aby uzyska\u0107 informacje o statusie zam\u00f3wienia w czasie rzeczywistym. Otrzymuj powiadomienia SMS\/e-mail oraz aktualny czas dostawy.\" \/>\r\n<meta name=\"robots\" content=\"index, follow, max-snippet:-1, max-image-preview:large, max-video-preview:-1\" \/>\r\n<link rel=\"canonical\" href=\"https:\/\/induzon.com\/pl\/track-order\/\" \/>\r\n<meta property=\"og:locale\" content=\"pl_PL\" \/>\r\n<meta property=\"og:type\" content=\"article\" \/>\r\n<meta property=\"og:title\" content=\"\u015aled\u017a swoje zam\u00f3wienie | Status zam\u00f3wienia i aktualizacje dotycz\u0105ce dostawy - Induzon\" \/>\r\n<meta property=\"og:description\" content=\"\u015aled\u017a zam\u00f3wienie Wprowad\u017a identyfikator zam\u00f3wienia lub numer \u015bledzenia, aby uzyska\u0107 informacje o statusie zam\u00f3wienia w czasie rzeczywistym. Otrzymuj powiadomienia SMS\/e-mail oraz aktualny czas dostawy.\" \/>\r\n<meta property=\"og:url\" content=\"https:\/\/induzon.com\/pl\/track-order\/\" \/>\r\n<meta property=\"og:site_name\" content=\"induzon\" \/>\r\n<meta property=\"article:modified_time\" content=\"2025-08-22T06:50:45+00:00\" \/>\r\n<meta name=\"twitter:card\" content=\"summary_large_image\" \/>\r\n<script type=\"application\/ld+json\" class=\"yoast-schema-graph\">{\"@context\":\"https:\/\/schema.org\",\"@graph\":[{\"@type\":\"WebPage\",\"@id\":\"https:\/\/induzon.com\/pl\/track-order\/\",\"url\":\"https:\/\/induzon.com\/pl\/track-order\/\",\"name\":\"\u015aled\u017a swoje zam\u00f3wienie | Status zam\u00f3wienia i aktualizacje dotycz\u0105ce dostawy - Induzon\",\"isPartOf\":{\"@id\":\"https:\/\/induzon.com\/pl\/#website\"},\"datePublished\":\"2025-02-17T06:52:03+00:00\",\"dateModified\":\"2025-08-22T06:50:45+00:00\",\"description\":\"\u015aled\u017a zam\u00f3wienie Wprowad\u017a identyfikator zam\u00f3wienia lub numer \u015bledzenia, aby uzyska\u0107 informacje o statusie zam\u00f3wienia w czasie rzeczywistym. Otrzymuj powiadomienia SMS\/e-mail oraz aktualny czas dostawy.\",\"breadcrumb\":{\"@id\":\"https:\/\/induzon.com\/pl\/track-order\/#breadcrumb\"},\"inLanguage\":\"pl-PL\",\"potentialAction\":[{\"@type\":\"ReadAction\",\"target\":[\"https:\/\/induzon.com\/pl\/track-order\/\"]}]},{\"@type\":\"BreadcrumbList\",\"@id\":\"https:\/\/induzon.com\/pl\/track-order\/#breadcrumb\",\"itemListElement\":[{\"@type\":\"ListItem\",\"position\":1,\"name\":\"\u9996\u9875\",\"item\":\"https:\/\/induzon.com\/pl\/strona-glowna\/\"},{\"@type\":\"ListItem\",\"position\":2,\"name\":\"Track Order\"}]},{\"@type\":\"WebSite\",\"@id\":\"https:\/\/induzon.com\/pl\/#website\",\"url\":\"https:\/\/induzon.com\/pl\/\",\"name\":\"induzon\",\"description\":\"\",\"publisher\":{\"@id\":\"https:\/\/induzon.com\/pl\/#organization\"},\"potentialAction\":[{\"@type\":\"SearchAction\",\"target\":{\"@type\":\"EntryPoint\",\"urlTemplate\":\"https:\/\/induzon.com\/pl\/?s={search_term_string}\"},\"query-input\":{\"@type\":\"PropertyValueSpecification\",\"valueRequired\":true,\"valueName\":\"search_term_string\"}}],\"inLanguage\":\"pl-PL\"},{\"@type\":\"Organization\",\"@id\":\"https:\/\/induzon.com\/pl\/#organization\",\"name\":\"induzon\",\"url\":\"https:\/\/induzon.com\/pl\/\",\"logo\":{\"@type\":\"ImageObject\",\"inLanguage\":\"pl-PL\",\"@id\":\"https:\/\/induzon.com\/pl\/#\/schema\/logo\/image\/\",\"url\":\"https:\/\/induzon.com\/wp-content\/uploads\/2025\/05\/cropped-026.png\",\"contentUrl\":\"https:\/\/induzon.com\/wp-content\/uploads\/2025\/05\/cropped-026.png\",\"width\":512,\"height\":512,\"caption\":\"induzon\"},\"image\":{\"@id\":\"https:\/\/induzon.com\/pl\/#\/schema\/logo\/image\/\"}}]}<\/script>\r\n<!-- \/ Yoast SEO plugin. -->","yoast_head_json":{"title":"\u015aled\u017a swoje zam\u00f3wienie | Status zam\u00f3wienia i aktualizacje dotycz\u0105ce dostawy - Induzon","description":"\u015aled\u017a zam\u00f3wienie Wprowad\u017a identyfikator zam\u00f3wienia lub numer \u015bledzenia, aby uzyska\u0107 informacje o statusie zam\u00f3wienia w czasie rzeczywistym. Otrzymuj powiadomienia SMS\/e-mail oraz aktualny czas dostawy.","robots":{"index":"index","follow":"follow","max-snippet":"max-snippet:-1","max-image-preview":"max-image-preview:large","max-video-preview":"max-video-preview:-1"},"canonical":"https:\/\/induzon.com\/pl\/track-order\/","og_locale":"pl_PL","og_type":"article","og_title":"\u015aled\u017a swoje zam\u00f3wienie | Status zam\u00f3wienia i aktualizacje dotycz\u0105ce dostawy - Induzon","og_description":"\u015aled\u017a zam\u00f3wienie Wprowad\u017a identyfikator zam\u00f3wienia lub numer \u015bledzenia, aby uzyska\u0107 informacje o statusie zam\u00f3wienia w czasie rzeczywistym. Otrzymuj powiadomienia SMS\/e-mail oraz aktualny czas dostawy.","og_url":"https:\/\/induzon.com\/pl\/track-order\/","og_site_name":"induzon","article_modified_time":"2025-08-22T06:50:45+00:00","twitter_card":"summary_large_image","schema":{"@context":"https:\/\/schema.org","@graph":[{"@type":"WebPage","@id":"https:\/\/induzon.com\/pl\/track-order\/","url":"https:\/\/induzon.com\/pl\/track-order\/","name":"\u015aled\u017a swoje zam\u00f3wienie | Status zam\u00f3wienia i aktualizacje dotycz\u0105ce dostawy - Induzon","isPartOf":{"@id":"https:\/\/induzon.com\/pl\/#website"},"datePublished":"2025-02-17T06:52:03+00:00","dateModified":"2025-08-22T06:50:45+00:00","description":"\u015aled\u017a zam\u00f3wienie Wprowad\u017a identyfikator zam\u00f3wienia lub numer \u015bledzenia, aby uzyska\u0107 informacje o statusie zam\u00f3wienia w czasie rzeczywistym. Otrzymuj powiadomienia SMS\/e-mail oraz aktualny czas dostawy.","breadcrumb":{"@id":"https:\/\/induzon.com\/pl\/track-order\/#breadcrumb"},"inLanguage":"pl-PL","potentialAction":[{"@type":"ReadAction","target":["https:\/\/induzon.com\/pl\/track-order\/"]}]},{"@type":"BreadcrumbList","@id":"https:\/\/induzon.com\/pl\/track-order\/#breadcrumb","itemListElement":[{"@type":"ListItem","position":1,"name":"\u9996\u9875","item":"https:\/\/induzon.com\/pl\/strona-glowna\/"},{"@type":"ListItem","position":2,"name":"Track Order"}]},{"@type":"WebSite","@id":"https:\/\/induzon.com\/pl\/#website","url":"https:\/\/induzon.com\/pl\/","name":"induzon","description":"","publisher":{"@id":"https:\/\/induzon.com\/pl\/#organization"},"potentialAction":[{"@type":"SearchAction","target":{"@type":"EntryPoint","urlTemplate":"https:\/\/induzon.com\/pl\/?s={search_term_string}"},"query-input":{"@type":"PropertyValueSpecification","valueRequired":true,"valueName":"search_term_string"}}],"inLanguage":"pl-PL"},{"@type":"Organization","@id":"https:\/\/induzon.com\/pl\/#organization","name":"induzon","url":"https:\/\/induzon.com\/pl\/","logo":{"@type":"ImageObject","inLanguage":"pl-PL","@id":"https:\/\/induzon.com\/pl\/#\/schema\/logo\/image\/","url":"https:\/\/induzon.com\/wp-content\/uploads\/2025\/05\/cropped-026.png","contentUrl":"https:\/\/induzon.com\/wp-content\/uploads\/2025\/05\/cropped-026.png","width":512,"height":512,"caption":"induzon"},"image":{"@id":"https:\/\/induzon.com\/pl\/#\/schema\/logo\/image\/"}}]}},"_links":{"self":[{"href":"https:\/\/induzon.com\/pl\/wp-json\/wp\/v2\/pages\/4067","targetHints":{"allow":["GET"]}}],"collection":[{"href":"https:\/\/induzon.com\/pl\/wp-json\/wp\/v2\/pages"}],"about":[{"href":"https:\/\/induzon.com\/pl\/wp-json\/wp\/v2\/types\/page"}],"author":[{"embeddable":true,"href":"https:\/\/induzon.com\/pl\/wp-json\/wp\/v2\/users\/1"}],"replies":[{"embeddable":true,"href":"https:\/\/induzon.com\/pl\/wp-json\/wp\/v2\/comments?post=4067"}],"version-history":[{"count":1,"href":"https:\/\/induzon.com\/pl\/wp-json\/wp\/v2\/pages\/4067\/revisions"}],"predecessor-version":[{"id":4068,"href":"https:\/\/induzon.com\/pl\/wp-json\/wp\/v2\/pages\/4067\/revisions\/4068"}],"wp:attachment":[{"href":"https:\/\/induzon.com\/pl\/wp-json\/wp\/v2\/media?parent=4067"}],"curies":[{"name":"wp","href":"https:\/\/api.w.org\/{rel}","templated":true}]}}