{"id":10861,"date":"2025-06-19T15:58:26","date_gmt":"2025-06-19T07:58:26","guid":{"rendered":"https:\/\/induzon.com\/shop\/maszyna-do-znakowania-laserowego-do-metalu-znakowarka-laserowa-do-metalu-grawerka-laserowa-do-metalu-reczna-maszyna-do-znakowania-laserowego-przemyslowa-maszyna-laserowa-laserowa-grawerowanie-aluminiu\/"},"modified":"2026-01-08T10:08:27","modified_gmt":"2026-01-08T02:08:27","slug":"maszyna-do-znakowania-laserowego-do-metalu-znakowarka-laserowa-do-metalu-grawerka-laserowa-do-metalu-reczna-maszyna-do-znakowania-laserowego-przemyslowa-maszyna-laserowa-laserowa-grawerowanie-aluminiu","status":"publish","type":"product","link":"https:\/\/induzon.com\/pl\/produkt\/maszyna-do-znakowania-laserowego-do-metalu-znakowarka-laserowa-do-metalu-grawerka-laserowa-do-metalu-reczna-maszyna-do-znakowania-laserowego-przemyslowa-maszyna-laserowa-laserowa-grawerowanie-aluminiu\/","title":{"rendered":"maszyna do znakowania laserowego do metalu znakowarka laserowa do metalu grawerka laserowa do metalu r\u0119czna maszyna do znakowania laserowego przemys\u0142owa maszyna laserowa laserowa grawerowanie aluminium obrotowy \u015bwiat\u0142owodowy p\u0142\u00f3tno tagi"},"content":{"rendered":"<p>1.Precyzyjna maszyna do grawerowania laserowego, idealna do metali i innych twardych materia\u0142\u00f3w.<br \/>\n2.Przeno\u015bny i kompaktowy design, pozwala na \u0142atwe przenoszenie i u\u017cytkowanie w r\u00f3\u017cnych miejscach.<br \/>\n3.Automatyczne funkcje zapewniaj\u0105 szybkie i sprawne grawerowanie bez konieczno\u015bci sta\u0142ego nadzoru.<br \/>\n4.Wysoka jako\u015b\u0107 wykonania, trwa\u0142a konstrukcja odporna na zu\u017cycie, gwarantuj\u0105ca d\u0142ug\u0105 \u017cywotno\u015b\u0107.<br \/>\n5.\u0141atwa obs\u0142uga, intuicyjny interfejs, idealny zar\u00f3wno dla profesjonalist\u00f3w, jak i pocz\u0105tkuj\u0105cych.<\/p>\n","protected":false},"excerpt":{"rendered":"<p>maszyna do znakowania laserowego do metalu znakowarka laserowa do metalu grawerka laserowa do metalu r\u0119czna maszyna do znakowania laserowego przemys\u0142owa maszyna laserowa laserowa grawerowanie aluminium obrotowy \u015bwiat\u0142owodowy p\u0142\u00f3tno tagi<\/p>\n","protected":false},"featured_media":10797,"comment_status":"open","ping_status":"closed","template":"","meta":{"site-sidebar-layout":"default","site-content-layout":"","ast-site-content-layout":"default","site-content-style":"default","site-sidebar-style":"default","ast-global-header-display":"","ast-banner-title-visibility":"","ast-main-header-display":"","ast-hfb-above-header-display":"","ast-hfb-below-header-display":"","ast-hfb-mobile-header-display":"","site-post-title":"","ast-breadcrumbs-content":"","ast-featured-img":"","footer-sml-layout":"","theme-transparent-header-meta":"default","adv-header-id-meta":"","stick-header-meta":"","header-above-stick-meta":"","header-main-stick-meta":"","header-below-stick-meta":"","astra-migrate-meta-layouts":"set","ast-page-background-enabled":"default","ast-page-background-meta":{"desktop":{"background-color":"var(--ast-global-color-4)","background-image":"","background-repeat":"repeat","background-position":"center center","background-size":"auto","background-attachment":"scroll","background-type":"","background-media":"","overlay-type":"","overlay-color":"","overlay-opacity":"","overlay-gradient":""},"tablet":{"background-color":"","background-image":"","background-repeat":"repeat","background-position":"center center","background-size":"auto","background-attachment":"scroll","background-type":"","background-media":"","overlay-type":"","overlay-color":"","overlay-opacity":"","overlay-gradient":""},"mobile":{"background-color":"","background-image":"","background-repeat":"repeat","background-position":"center center","background-size":"auto","background-attachment":"scroll","background-type":"","background-media":"","overlay-type":"","overlay-color":"","overlay-opacity":"","overlay-gradient":""}},"ast-content-background-meta":{"desktop":{"background-color":"var(--ast-global-color-5)","background-image":"","background-repeat":"repeat","background-position":"center center","background-size":"auto","background-attachment":"scroll","background-type":"","background-media":"","overlay-type":"","overlay-color":"","overlay-opacity":"","overlay-gradient":""},"tablet":{"background-color":"var(--ast-global-color-5)","background-image":"","background-repeat":"repeat","background-position":"center center","background-size":"auto","background-attachment":"scroll","background-type":"","background-media":"","overlay-type":"","overlay-color":"","overlay-opacity":"","overlay-gradient":""},"mobile":{"background-color":"var(--ast-global-color-5)","background-image":"","background-repeat":"repeat","background-position":"center center","background-size":"auto","background-attachment":"scroll","background-type":"","background-media":"","overlay-type":"","overlay-color":"","overlay-opacity":"","overlay-gradient":""}}},"product_brand":[],"product_cat":[1173,1049],"product_tag":[1174],"class_list":{"0":"post-10861","1":"product","2":"type-product","3":"status-publish","4":"has-post-thumbnail","6":"product_cat-marker-laserowy","7":"product_cat-sprzet-przemyslowy-i-komercyjny","8":"product_tag-marker-laserowy","9":"desktop-align-left","10":"tablet-align-left","11":"mobile-align-left","13":"first","14":"instock","15":"sale","16":"shipping-taxable","17":"purchasable","18":"product-type-variable"},"yoast_head":"<!-- This site is optimized with the Yoast SEO plugin v24.9 - https:\/\/yoast.com\/wordpress\/plugins\/seo\/ -->\r\n<title>Biurkowa grawerka laserowa do metalu Grawerka przeno\u015bna<\/title>\r\n<meta name=\"description\" content=\"Przemys\u0142owa maszyna laserowa do znakowania metalu. Oferujemy r\u0119czn\u0105 maszyn\u0119 do grawerowania laserowego i znakowark\u0119 laserow\u0105 do metalu.\" \/>\r\n<meta name=\"robots\" content=\"index, follow, max-snippet:-1, max-image-preview:large, max-video-preview:-1\" \/>\r\n<link rel=\"canonical\" href=\"https:\/\/induzon.com\/pl\/produkt\/maszyna-do-znakowania-laserowego-do-metalu-znakowarka-laserowa-do-metalu-grawerka-laserowa-do-metalu-reczna-maszyna-do-znakowania-laserowego-przemyslowa-maszyna-laserowa-laserowa-grawerowanie-aluminiu\/\" \/>\r\n<meta property=\"og:locale\" content=\"pl_PL\" \/>\r\n<meta property=\"og:type\" content=\"article\" \/>\r\n<meta property=\"og:title\" content=\"Biurkowa grawerka laserowa do metalu Grawerka przeno\u015bna\" \/>\r\n<meta property=\"og:description\" content=\"Przemys\u0142owa maszyna laserowa do znakowania metalu. Oferujemy r\u0119czn\u0105 maszyn\u0119 do grawerowania laserowego i znakowark\u0119 laserow\u0105 do metalu.\" \/>\r\n<meta property=\"og:url\" content=\"https:\/\/induzon.com\/pl\/produkt\/maszyna-do-znakowania-laserowego-do-metalu-znakowarka-laserowa-do-metalu-grawerka-laserowa-do-metalu-reczna-maszyna-do-znakowania-laserowego-przemyslowa-maszyna-laserowa-laserowa-grawerowanie-aluminiu\/\" \/>\r\n<meta property=\"og:site_name\" content=\"induzon\" \/>\r\n<meta property=\"article:modified_time\" content=\"2026-01-08T02:08:27+00:00\" \/>\r\n<meta property=\"og:image\" content=\"https:\/\/induzon.com\/wp-content\/uploads\/2025\/06\/\u56fe-13-\u5c0f\u684c\u9762.jpg\" \/>\r\n\t<meta property=\"og:image:width\" content=\"1500\" \/>\r\n\t<meta property=\"og:image:height\" content=\"1500\" \/>\r\n\t<meta property=\"og:image:type\" content=\"image\/jpeg\" \/>\r\n<meta name=\"twitter:card\" content=\"summary_large_image\" \/>\r\n<meta name=\"twitter:label1\" content=\"Szacowany czas czytania\" \/>\n\t<meta name=\"twitter:data1\" content=\"1 minuta\" \/>\r\n<script type=\"application\/ld+json\" class=\"yoast-schema-graph\">{\"@context\":\"https:\/\/schema.org\",\"@graph\":[{\"@type\":\"WebPage\",\"@id\":\"https:\/\/induzon.com\/pl\/produkt\/maszyna-do-znakowania-laserowego-do-metalu-znakowarka-laserowa-do-metalu-grawerka-laserowa-do-metalu-reczna-maszyna-do-znakowania-laserowego-przemyslowa-maszyna-laserowa-laserowa-grawerowanie-aluminiu\/\",\"url\":\"https:\/\/induzon.com\/pl\/produkt\/maszyna-do-znakowania-laserowego-do-metalu-znakowarka-laserowa-do-metalu-grawerka-laserowa-do-metalu-reczna-maszyna-do-znakowania-laserowego-przemyslowa-maszyna-laserowa-laserowa-grawerowanie-aluminiu\/\",\"name\":\"Biurkowa grawerka laserowa do metalu Grawerka przeno\u015bna\",\"isPartOf\":{\"@id\":\"https:\/\/induzon.com\/pl\/#website\"},\"primaryImageOfPage\":{\"@id\":\"https:\/\/induzon.com\/pl\/produkt\/maszyna-do-znakowania-laserowego-do-metalu-znakowarka-laserowa-do-metalu-grawerka-laserowa-do-metalu-reczna-maszyna-do-znakowania-laserowego-przemyslowa-maszyna-laserowa-laserowa-grawerowanie-aluminiu\/#primaryimage\"},\"image\":{\"@id\":\"https:\/\/induzon.com\/pl\/produkt\/maszyna-do-znakowania-laserowego-do-metalu-znakowarka-laserowa-do-metalu-grawerka-laserowa-do-metalu-reczna-maszyna-do-znakowania-laserowego-przemyslowa-maszyna-laserowa-laserowa-grawerowanie-aluminiu\/#primaryimage\"},\"thumbnailUrl\":\"https:\/\/induzon.com\/wp-content\/uploads\/2025\/06\/\u56fe-13-\u5c0f\u684c\u9762.jpg\",\"datePublished\":\"2025-06-19T07:58:26+00:00\",\"dateModified\":\"2026-01-08T02:08:27+00:00\",\"description\":\"Przemys\u0142owa maszyna laserowa do znakowania metalu. Oferujemy r\u0119czn\u0105 maszyn\u0119 do grawerowania laserowego i znakowark\u0119 laserow\u0105 do metalu.\",\"breadcrumb\":{\"@id\":\"https:\/\/induzon.com\/pl\/produkt\/maszyna-do-znakowania-laserowego-do-metalu-znakowarka-laserowa-do-metalu-grawerka-laserowa-do-metalu-reczna-maszyna-do-znakowania-laserowego-przemyslowa-maszyna-laserowa-laserowa-grawerowanie-aluminiu\/#breadcrumb\"},\"inLanguage\":\"pl-PL\",\"potentialAction\":[{\"@type\":\"ReadAction\",\"target\":[\"https:\/\/induzon.com\/pl\/produkt\/maszyna-do-znakowania-laserowego-do-metalu-znakowarka-laserowa-do-metalu-grawerka-laserowa-do-metalu-reczna-maszyna-do-znakowania-laserowego-przemyslowa-maszyna-laserowa-laserowa-grawerowanie-aluminiu\/\"]}]},{\"@type\":\"ImageObject\",\"inLanguage\":\"pl-PL\",\"@id\":\"https:\/\/induzon.com\/pl\/produkt\/maszyna-do-znakowania-laserowego-do-metalu-znakowarka-laserowa-do-metalu-grawerka-laserowa-do-metalu-reczna-maszyna-do-znakowania-laserowego-przemyslowa-maszyna-laserowa-laserowa-grawerowanie-aluminiu\/#primaryimage\",\"url\":\"https:\/\/induzon.com\/wp-content\/uploads\/2025\/06\/\u56fe-13-\u5c0f\u684c\u9762.jpg\",\"contentUrl\":\"https:\/\/induzon.com\/wp-content\/uploads\/2025\/06\/\u56fe-13-\u5c0f\u684c\u9762.jpg\",\"width\":1500,\"height\":1500,\"caption\":\"Biurkowa grawerka laserowa do metalu\"},{\"@type\":\"BreadcrumbList\",\"@id\":\"https:\/\/induzon.com\/pl\/produkt\/maszyna-do-znakowania-laserowego-do-metalu-znakowarka-laserowa-do-metalu-grawerka-laserowa-do-metalu-reczna-maszyna-do-znakowania-laserowego-przemyslowa-maszyna-laserowa-laserowa-grawerowanie-aluminiu\/#breadcrumb\",\"itemListElement\":[{\"@type\":\"ListItem\",\"position\":1,\"name\":\"\u9996\u9875\",\"item\":\"https:\/\/induzon.com\/pl\/strona-glowna\/\"},{\"@type\":\"ListItem\",\"position\":2,\"name\":\"Sklep\",\"item\":\"https:\/\/induzon.com\/pl\/sklep\/\"},{\"@type\":\"ListItem\",\"position\":3,\"name\":\"maszyna do znakowania laserowego do metalu znakowarka laserowa do metalu grawerka laserowa do metalu r\u0119czna maszyna do znakowania laserowego przemys\u0142owa maszyna laserowa laserowa grawerowanie aluminium obrotowy \u015bwiat\u0142owodowy p\u0142\u00f3tno tagi\"}]},{\"@type\":\"WebSite\",\"@id\":\"https:\/\/induzon.com\/pl\/#website\",\"url\":\"https:\/\/induzon.com\/pl\/\",\"name\":\"induzon\",\"description\":\"\",\"publisher\":{\"@id\":\"https:\/\/induzon.com\/pl\/#organization\"},\"potentialAction\":[{\"@type\":\"SearchAction\",\"target\":{\"@type\":\"EntryPoint\",\"urlTemplate\":\"https:\/\/induzon.com\/pl\/?s={search_term_string}\"},\"query-input\":{\"@type\":\"PropertyValueSpecification\",\"valueRequired\":true,\"valueName\":\"search_term_string\"}}],\"inLanguage\":\"pl-PL\"},{\"@type\":\"Organization\",\"@id\":\"https:\/\/induzon.com\/pl\/#organization\",\"name\":\"induzon\",\"url\":\"https:\/\/induzon.com\/pl\/\",\"logo\":{\"@type\":\"ImageObject\",\"inLanguage\":\"pl-PL\",\"@id\":\"https:\/\/induzon.com\/pl\/#\/schema\/logo\/image\/\",\"url\":\"https:\/\/induzon.com\/wp-content\/uploads\/2025\/05\/cropped-026.png\",\"contentUrl\":\"https:\/\/induzon.com\/wp-content\/uploads\/2025\/05\/cropped-026.png\",\"width\":512,\"height\":512,\"caption\":\"induzon\"},\"image\":{\"@id\":\"https:\/\/induzon.com\/pl\/#\/schema\/logo\/image\/\"}}]}<\/script>\r\n<!-- \/ Yoast SEO plugin. -->","yoast_head_json":{"title":"Biurkowa grawerka laserowa do metalu Grawerka przeno\u015bna","description":"Przemys\u0142owa maszyna laserowa do znakowania metalu. Oferujemy r\u0119czn\u0105 maszyn\u0119 do grawerowania laserowego i znakowark\u0119 laserow\u0105 do metalu.","robots":{"index":"index","follow":"follow","max-snippet":"max-snippet:-1","max-image-preview":"max-image-preview:large","max-video-preview":"max-video-preview:-1"},"canonical":"https:\/\/induzon.com\/pl\/produkt\/maszyna-do-znakowania-laserowego-do-metalu-znakowarka-laserowa-do-metalu-grawerka-laserowa-do-metalu-reczna-maszyna-do-znakowania-laserowego-przemyslowa-maszyna-laserowa-laserowa-grawerowanie-aluminiu\/","og_locale":"pl_PL","og_type":"article","og_title":"Biurkowa grawerka laserowa do metalu Grawerka przeno\u015bna","og_description":"Przemys\u0142owa maszyna laserowa do znakowania metalu. Oferujemy r\u0119czn\u0105 maszyn\u0119 do grawerowania laserowego i znakowark\u0119 laserow\u0105 do metalu.","og_url":"https:\/\/induzon.com\/pl\/produkt\/maszyna-do-znakowania-laserowego-do-metalu-znakowarka-laserowa-do-metalu-grawerka-laserowa-do-metalu-reczna-maszyna-do-znakowania-laserowego-przemyslowa-maszyna-laserowa-laserowa-grawerowanie-aluminiu\/","og_site_name":"induzon","article_modified_time":"2026-01-08T02:08:27+00:00","og_image":[{"width":1500,"height":1500,"url":"https:\/\/induzon.com\/wp-content\/uploads\/2025\/06\/\u56fe-13-\u5c0f\u684c\u9762.jpg","type":"image\/jpeg"}],"twitter_card":"summary_large_image","twitter_misc":{"Szacowany czas czytania":"1 minuta"},"schema":{"@context":"https:\/\/schema.org","@graph":[{"@type":"WebPage","@id":"https:\/\/induzon.com\/pl\/produkt\/maszyna-do-znakowania-laserowego-do-metalu-znakowarka-laserowa-do-metalu-grawerka-laserowa-do-metalu-reczna-maszyna-do-znakowania-laserowego-przemyslowa-maszyna-laserowa-laserowa-grawerowanie-aluminiu\/","url":"https:\/\/induzon.com\/pl\/produkt\/maszyna-do-znakowania-laserowego-do-metalu-znakowarka-laserowa-do-metalu-grawerka-laserowa-do-metalu-reczna-maszyna-do-znakowania-laserowego-przemyslowa-maszyna-laserowa-laserowa-grawerowanie-aluminiu\/","name":"Biurkowa grawerka laserowa do metalu Grawerka przeno\u015bna","isPartOf":{"@id":"https:\/\/induzon.com\/pl\/#website"},"primaryImageOfPage":{"@id":"https:\/\/induzon.com\/pl\/produkt\/maszyna-do-znakowania-laserowego-do-metalu-znakowarka-laserowa-do-metalu-grawerka-laserowa-do-metalu-reczna-maszyna-do-znakowania-laserowego-przemyslowa-maszyna-laserowa-laserowa-grawerowanie-aluminiu\/#primaryimage"},"image":{"@id":"https:\/\/induzon.com\/pl\/produkt\/maszyna-do-znakowania-laserowego-do-metalu-znakowarka-laserowa-do-metalu-grawerka-laserowa-do-metalu-reczna-maszyna-do-znakowania-laserowego-przemyslowa-maszyna-laserowa-laserowa-grawerowanie-aluminiu\/#primaryimage"},"thumbnailUrl":"https:\/\/induzon.com\/wp-content\/uploads\/2025\/06\/\u56fe-13-\u5c0f\u684c\u9762.jpg","datePublished":"2025-06-19T07:58:26+00:00","dateModified":"2026-01-08T02:08:27+00:00","description":"Przemys\u0142owa maszyna laserowa do znakowania metalu. Oferujemy r\u0119czn\u0105 maszyn\u0119 do grawerowania laserowego i znakowark\u0119 laserow\u0105 do metalu.","breadcrumb":{"@id":"https:\/\/induzon.com\/pl\/produkt\/maszyna-do-znakowania-laserowego-do-metalu-znakowarka-laserowa-do-metalu-grawerka-laserowa-do-metalu-reczna-maszyna-do-znakowania-laserowego-przemyslowa-maszyna-laserowa-laserowa-grawerowanie-aluminiu\/#breadcrumb"},"inLanguage":"pl-PL","potentialAction":[{"@type":"ReadAction","target":["https:\/\/induzon.com\/pl\/produkt\/maszyna-do-znakowania-laserowego-do-metalu-znakowarka-laserowa-do-metalu-grawerka-laserowa-do-metalu-reczna-maszyna-do-znakowania-laserowego-przemyslowa-maszyna-laserowa-laserowa-grawerowanie-aluminiu\/"]}]},{"@type":"ImageObject","inLanguage":"pl-PL","@id":"https:\/\/induzon.com\/pl\/produkt\/maszyna-do-znakowania-laserowego-do-metalu-znakowarka-laserowa-do-metalu-grawerka-laserowa-do-metalu-reczna-maszyna-do-znakowania-laserowego-przemyslowa-maszyna-laserowa-laserowa-grawerowanie-aluminiu\/#primaryimage","url":"https:\/\/induzon.com\/wp-content\/uploads\/2025\/06\/\u56fe-13-\u5c0f\u684c\u9762.jpg","contentUrl":"https:\/\/induzon.com\/wp-content\/uploads\/2025\/06\/\u56fe-13-\u5c0f\u684c\u9762.jpg","width":1500,"height":1500,"caption":"Biurkowa grawerka laserowa do metalu"},{"@type":"BreadcrumbList","@id":"https:\/\/induzon.com\/pl\/produkt\/maszyna-do-znakowania-laserowego-do-metalu-znakowarka-laserowa-do-metalu-grawerka-laserowa-do-metalu-reczna-maszyna-do-znakowania-laserowego-przemyslowa-maszyna-laserowa-laserowa-grawerowanie-aluminiu\/#breadcrumb","itemListElement":[{"@type":"ListItem","position":1,"name":"\u9996\u9875","item":"https:\/\/induzon.com\/pl\/strona-glowna\/"},{"@type":"ListItem","position":2,"name":"Sklep","item":"https:\/\/induzon.com\/pl\/sklep\/"},{"@type":"ListItem","position":3,"name":"maszyna do znakowania laserowego do metalu znakowarka laserowa do metalu grawerka laserowa do metalu r\u0119czna maszyna do znakowania laserowego przemys\u0142owa maszyna laserowa laserowa grawerowanie aluminium obrotowy \u015bwiat\u0142owodowy p\u0142\u00f3tno tagi"}]},{"@type":"WebSite","@id":"https:\/\/induzon.com\/pl\/#website","url":"https:\/\/induzon.com\/pl\/","name":"induzon","description":"","publisher":{"@id":"https:\/\/induzon.com\/pl\/#organization"},"potentialAction":[{"@type":"SearchAction","target":{"@type":"EntryPoint","urlTemplate":"https:\/\/induzon.com\/pl\/?s={search_term_string}"},"query-input":{"@type":"PropertyValueSpecification","valueRequired":true,"valueName":"search_term_string"}}],"inLanguage":"pl-PL"},{"@type":"Organization","@id":"https:\/\/induzon.com\/pl\/#organization","name":"induzon","url":"https:\/\/induzon.com\/pl\/","logo":{"@type":"ImageObject","inLanguage":"pl-PL","@id":"https:\/\/induzon.com\/pl\/#\/schema\/logo\/image\/","url":"https:\/\/induzon.com\/wp-content\/uploads\/2025\/05\/cropped-026.png","contentUrl":"https:\/\/induzon.com\/wp-content\/uploads\/2025\/05\/cropped-026.png","width":512,"height":512,"caption":"induzon"},"image":{"@id":"https:\/\/induzon.com\/pl\/#\/schema\/logo\/image\/"}}]}},"_links":{"self":[{"href":"https:\/\/induzon.com\/pl\/wp-json\/wp\/v2\/product\/10861","targetHints":{"allow":["GET"]}}],"collection":[{"href":"https:\/\/induzon.com\/pl\/wp-json\/wp\/v2\/product"}],"about":[{"href":"https:\/\/induzon.com\/pl\/wp-json\/wp\/v2\/types\/product"}],"replies":[{"embeddable":true,"href":"https:\/\/induzon.com\/pl\/wp-json\/wp\/v2\/comments?post=10861"}],"version-history":[{"count":2,"href":"https:\/\/induzon.com\/pl\/wp-json\/wp\/v2\/product\/10861\/revisions"}],"predecessor-version":[{"id":30627,"href":"https:\/\/induzon.com\/pl\/wp-json\/wp\/v2\/product\/10861\/revisions\/30627"}],"wp:featuredmedia":[{"embeddable":true,"href":"https:\/\/induzon.com\/pl\/wp-json\/wp\/v2\/media\/10797"}],"wp:attachment":[{"href":"https:\/\/induzon.com\/pl\/wp-json\/wp\/v2\/media?parent=10861"}],"wp:term":[{"taxonomy":"product_brand","embeddable":true,"href":"https:\/\/induzon.com\/pl\/wp-json\/wp\/v2\/product_brand?post=10861"},{"taxonomy":"product_cat","embeddable":true,"href":"https:\/\/induzon.com\/pl\/wp-json\/wp\/v2\/product_cat?post=10861"},{"taxonomy":"product_tag","embeddable":true,"href":"https:\/\/induzon.com\/pl\/wp-json\/wp\/v2\/product_tag?post=10861"}],"curies":[{"name":"wp","href":"https:\/\/api.w.org\/{rel}","templated":true}]}}