{"id":15473,"date":"2025-07-02T10:52:32","date_gmt":"2025-07-02T02:52:32","guid":{"rendered":"https:\/\/induzon.com\/shop\/pionowa-kurtyna-powietrzna-do-uzytku-w-warsztatach-komercyjnych-komercyjna-kurtyna-powietrzna-do-sklepu-restauracji-i-drzwi-wejsciowe-kurtyna-powietrzna-nad-drzwi-z-cieplem-pilotem-przelacznikiem-ruch\/"},"modified":"2026-01-02T16:14:37","modified_gmt":"2026-01-02T08:14:37","slug":"pionowa-kurtyna-powietrzna-do-uzytku-w-warsztatach-komercyjnych-komercyjna-kurtyna-powietrzna-do-sklepu-restauracji-i-drzwi-wejsciowe-kurtyna-powietrzna-nad-drzwi-z-cieplem-pilotem-przelacznikiem-ruch","status":"publish","type":"product","link":"https:\/\/induzon.com\/pl\/produkt\/pionowa-kurtyna-powietrzna-do-uzytku-w-warsztatach-komercyjnych-komercyjna-kurtyna-powietrzna-do-sklepu-restauracji-i-drzwi-wejsciowe-kurtyna-powietrzna-nad-drzwi-z-cieplem-pilotem-przelacznikiem-ruch\/","title":{"rendered":"Pionowa kurtyna powietrzna Do u\u017cytku w warsztatach komercyjnych Komercyjna kurtyna powietrzna do sklepu restauracji i drzwi wej\u015bciowe kurtyna powietrzna nad drzwi z ciep\u0142em pilotem prze\u0142\u0105cznikiem ruchu elektryczna przemys\u0142owa ch\u0142odz\u0105ca zewn\u0119trzna czarna nagrzewnic\u0105 wodn\u0105 much pionowa"},"content":{"rendered":"<p>1.Profesjonalna kurtyna powietrzna do zastosowa\u0144 komercyjnych, idealna dla supermarket\u00f3w i centr\u00f3w handlowych.<br \/>\n2.Skuteczna bariera przeciw owadom, utrzymuj\u0105ca czysto\u015b\u0107 i higien\u0119 w pomieszczeniach.<br \/>\n3.Wydajny system dystrybucji powietrza, zapewniaj\u0105cy r\u00f3wnomiern\u0105 temperatur\u0119 w sklepach i halach przemys\u0142owych.<br \/>\n4.Solidna konstrukcja dostosowana do intensywnego u\u017cytku w \u015brodowiskach komercyjnych i przemys\u0142owych.<br \/>\n5.\u0141atwa instalacja i obs\u0142uga, zapewniaj\u0105ca natychmiastow\u0105 popraw\u0119 komfortu w pomieszczeniach.<\/p>\n","protected":false},"excerpt":{"rendered":"<p>1.Profesjonalna kurtyna powietrzna do zastosowa\u0144 komercyjnych, idealna dla supermarket\u00f3w i centr\u00f3w handlowych. 2.Skuteczna bariera przeciw owadom, utrzymuj\u0105ca czysto\u015b\u0107 i higien\u0119 [&hellip;]<\/p>\n","protected":false},"featured_media":15395,"comment_status":"open","ping_status":"closed","template":"","meta":{"site-sidebar-layout":"default","site-content-layout":"","ast-site-content-layout":"default","site-content-style":"default","site-sidebar-style":"default","ast-global-header-display":"","ast-banner-title-visibility":"","ast-main-header-display":"","ast-hfb-above-header-display":"","ast-hfb-below-header-display":"","ast-hfb-mobile-header-display":"","site-post-title":"","ast-breadcrumbs-content":"","ast-featured-img":"","footer-sml-layout":"","theme-transparent-header-meta":"default","adv-header-id-meta":"","stick-header-meta":"","header-above-stick-meta":"","header-main-stick-meta":"","header-below-stick-meta":"","astra-migrate-meta-layouts":"default","ast-page-background-enabled":"default","ast-page-background-meta":{"desktop":{"background-color":"var(--ast-global-color-4)","background-image":"","background-repeat":"repeat","background-position":"center center","background-size":"auto","background-attachment":"scroll","background-type":"","background-media":"","overlay-type":"","overlay-color":"","overlay-opacity":"","overlay-gradient":""},"tablet":{"background-color":"","background-image":"","background-repeat":"repeat","background-position":"center center","background-size":"auto","background-attachment":"scroll","background-type":"","background-media":"","overlay-type":"","overlay-color":"","overlay-opacity":"","overlay-gradient":""},"mobile":{"background-color":"","background-image":"","background-repeat":"repeat","background-position":"center center","background-size":"auto","background-attachment":"scroll","background-type":"","background-media":"","overlay-type":"","overlay-color":"","overlay-opacity":"","overlay-gradient":""}},"ast-content-background-meta":{"desktop":{"background-color":"var(--ast-global-color-5)","background-image":"","background-repeat":"repeat","background-position":"center center","background-size":"auto","background-attachment":"scroll","background-type":"","background-media":"","overlay-type":"","overlay-color":"","overlay-opacity":"","overlay-gradient":""},"tablet":{"background-color":"var(--ast-global-color-5)","background-image":"","background-repeat":"repeat","background-position":"center center","background-size":"auto","background-attachment":"scroll","background-type":"","background-media":"","overlay-type":"","overlay-color":"","overlay-opacity":"","overlay-gradient":""},"mobile":{"background-color":"var(--ast-global-color-5)","background-image":"","background-repeat":"repeat","background-position":"center center","background-size":"auto","background-attachment":"scroll","background-type":"","background-media":"","overlay-type":"","overlay-color":"","overlay-opacity":"","overlay-gradient":""}}},"product_brand":[],"product_cat":[1428,1049,1050],"product_tag":[1429],"class_list":{"0":"post-15473","1":"product","2":"type-product","3":"status-publish","4":"has-post-thumbnail","6":"product_cat-pionowa-kurtyna-powietrzna","7":"product_cat-sprzet-przemyslowy-i-komercyjny","8":"product_cat-urzadzenia-klimatyzacyjne-i-wentylacyjne","9":"product_tag-pionowa-kurtyna-powietrzna","10":"desktop-align-left","11":"tablet-align-left","12":"mobile-align-left","14":"first","15":"instock","16":"sale","17":"shipping-taxable","18":"purchasable","19":"product-type-simple"},"yoast_head":"<!-- This site is optimized with the Yoast SEO plugin v24.9 - https:\/\/yoast.com\/wordpress\/plugins\/seo\/ -->\r\n<title>Pionowe kurtyny powietrzne do gara\u017cy komercyjnych - Induzon<\/title>\r\n<meta name=\"description\" content=\"Kurtyna powietrzna do drzwi wej\u015bciowych i restauracji, elektryczna kurtyna przemys\u0142owa. Kurtyna przeciw muchom, pionowa cieplna kurtyna dla sklep\u00f3w.\" \/>\r\n<meta name=\"robots\" content=\"index, follow, max-snippet:-1, max-image-preview:large, max-video-preview:-1\" \/>\r\n<link rel=\"canonical\" href=\"https:\/\/induzon.com\/pl\/produkt\/pionowa-kurtyna-powietrzna-do-uzytku-w-warsztatach-komercyjnych-komercyjna-kurtyna-powietrzna-do-sklepu-restauracji-i-drzwi-wejsciowe-kurtyna-powietrzna-nad-drzwi-z-cieplem-pilotem-przelacznikiem-ruch\/\" \/>\r\n<meta property=\"og:locale\" content=\"pl_PL\" \/>\r\n<meta property=\"og:type\" content=\"article\" \/>\r\n<meta property=\"og:title\" content=\"Pionowe kurtyny powietrzne do gara\u017cy komercyjnych - Induzon\" \/>\r\n<meta property=\"og:description\" content=\"Kurtyna powietrzna do drzwi wej\u015bciowych i restauracji, elektryczna kurtyna przemys\u0142owa. Kurtyna przeciw muchom, pionowa cieplna kurtyna dla sklep\u00f3w.\" \/>\r\n<meta property=\"og:url\" content=\"https:\/\/induzon.com\/pl\/produkt\/pionowa-kurtyna-powietrzna-do-uzytku-w-warsztatach-komercyjnych-komercyjna-kurtyna-powietrzna-do-sklepu-restauracji-i-drzwi-wejsciowe-kurtyna-powietrzna-nad-drzwi-z-cieplem-pilotem-przelacznikiem-ruch\/\" \/>\r\n<meta property=\"og:site_name\" content=\"induzon\" \/>\r\n<meta property=\"article:modified_time\" content=\"2026-01-02T08:14:37+00:00\" \/>\r\n<meta property=\"og:image\" content=\"https:\/\/induzon.com\/wp-content\/uploads\/2025\/07\/\u56fe-1-3.jpg\" \/>\r\n\t<meta property=\"og:image:width\" content=\"1500\" \/>\r\n\t<meta property=\"og:image:height\" content=\"1500\" \/>\r\n\t<meta property=\"og:image:type\" content=\"image\/jpeg\" \/>\r\n<meta name=\"twitter:card\" content=\"summary_large_image\" \/>\r\n<script type=\"application\/ld+json\" class=\"yoast-schema-graph\">{\"@context\":\"https:\/\/schema.org\",\"@graph\":[{\"@type\":\"WebPage\",\"@id\":\"https:\/\/induzon.com\/pl\/produkt\/pionowa-kurtyna-powietrzna-do-uzytku-w-warsztatach-komercyjnych-komercyjna-kurtyna-powietrzna-do-sklepu-restauracji-i-drzwi-wejsciowe-kurtyna-powietrzna-nad-drzwi-z-cieplem-pilotem-przelacznikiem-ruch\/\",\"url\":\"https:\/\/induzon.com\/pl\/produkt\/pionowa-kurtyna-powietrzna-do-uzytku-w-warsztatach-komercyjnych-komercyjna-kurtyna-powietrzna-do-sklepu-restauracji-i-drzwi-wejsciowe-kurtyna-powietrzna-nad-drzwi-z-cieplem-pilotem-przelacznikiem-ruch\/\",\"name\":\"Pionowe kurtyny powietrzne do gara\u017cy komercyjnych - Induzon\",\"isPartOf\":{\"@id\":\"https:\/\/induzon.com\/pl\/#website\"},\"primaryImageOfPage\":{\"@id\":\"https:\/\/induzon.com\/pl\/produkt\/pionowa-kurtyna-powietrzna-do-uzytku-w-warsztatach-komercyjnych-komercyjna-kurtyna-powietrzna-do-sklepu-restauracji-i-drzwi-wejsciowe-kurtyna-powietrzna-nad-drzwi-z-cieplem-pilotem-przelacznikiem-ruch\/#primaryimage\"},\"image\":{\"@id\":\"https:\/\/induzon.com\/pl\/produkt\/pionowa-kurtyna-powietrzna-do-uzytku-w-warsztatach-komercyjnych-komercyjna-kurtyna-powietrzna-do-sklepu-restauracji-i-drzwi-wejsciowe-kurtyna-powietrzna-nad-drzwi-z-cieplem-pilotem-przelacznikiem-ruch\/#primaryimage\"},\"thumbnailUrl\":\"https:\/\/induzon.com\/wp-content\/uploads\/2025\/07\/\u56fe-1-3.jpg\",\"datePublished\":\"2025-07-02T02:52:32+00:00\",\"dateModified\":\"2026-01-02T08:14:37+00:00\",\"description\":\"Kurtyna powietrzna do drzwi wej\u015bciowych i restauracji, elektryczna kurtyna przemys\u0142owa. Kurtyna przeciw muchom, pionowa cieplna kurtyna dla sklep\u00f3w.\",\"breadcrumb\":{\"@id\":\"https:\/\/induzon.com\/pl\/produkt\/pionowa-kurtyna-powietrzna-do-uzytku-w-warsztatach-komercyjnych-komercyjna-kurtyna-powietrzna-do-sklepu-restauracji-i-drzwi-wejsciowe-kurtyna-powietrzna-nad-drzwi-z-cieplem-pilotem-przelacznikiem-ruch\/#breadcrumb\"},\"inLanguage\":\"pl-PL\",\"potentialAction\":[{\"@type\":\"ReadAction\",\"target\":[\"https:\/\/induzon.com\/pl\/produkt\/pionowa-kurtyna-powietrzna-do-uzytku-w-warsztatach-komercyjnych-komercyjna-kurtyna-powietrzna-do-sklepu-restauracji-i-drzwi-wejsciowe-kurtyna-powietrzna-nad-drzwi-z-cieplem-pilotem-przelacznikiem-ruch\/\"]}]},{\"@type\":\"ImageObject\",\"inLanguage\":\"pl-PL\",\"@id\":\"https:\/\/induzon.com\/pl\/produkt\/pionowa-kurtyna-powietrzna-do-uzytku-w-warsztatach-komercyjnych-komercyjna-kurtyna-powietrzna-do-sklepu-restauracji-i-drzwi-wejsciowe-kurtyna-powietrzna-nad-drzwi-z-cieplem-pilotem-przelacznikiem-ruch\/#primaryimage\",\"url\":\"https:\/\/induzon.com\/wp-content\/uploads\/2025\/07\/\u56fe-1-3.jpg\",\"contentUrl\":\"https:\/\/induzon.com\/wp-content\/uploads\/2025\/07\/\u56fe-1-3.jpg\",\"width\":1500,\"height\":1500,\"caption\":\"Pionowe kurtyny powietrzne do gara\u017cy komercyjnych\"},{\"@type\":\"BreadcrumbList\",\"@id\":\"https:\/\/induzon.com\/pl\/produkt\/pionowa-kurtyna-powietrzna-do-uzytku-w-warsztatach-komercyjnych-komercyjna-kurtyna-powietrzna-do-sklepu-restauracji-i-drzwi-wejsciowe-kurtyna-powietrzna-nad-drzwi-z-cieplem-pilotem-przelacznikiem-ruch\/#breadcrumb\",\"itemListElement\":[{\"@type\":\"ListItem\",\"position\":1,\"name\":\"\u9996\u9875\",\"item\":\"https:\/\/induzon.com\/pl\/strona-glowna\/\"},{\"@type\":\"ListItem\",\"position\":2,\"name\":\"Sklep\",\"item\":\"https:\/\/induzon.com\/pl\/sklep\/\"},{\"@type\":\"ListItem\",\"position\":3,\"name\":\"Pionowa kurtyna powietrzna Do u\u017cytku w warsztatach komercyjnych Komercyjna kurtyna powietrzna do sklepu restauracji i drzwi wej\u015bciowe kurtyna powietrzna nad drzwi z ciep\u0142em pilotem prze\u0142\u0105cznikiem ruchu elektryczna przemys\u0142owa ch\u0142odz\u0105ca zewn\u0119trzna czarna nagrzewnic\u0105 wodn\u0105 much pionowa\"}]},{\"@type\":\"WebSite\",\"@id\":\"https:\/\/induzon.com\/pl\/#website\",\"url\":\"https:\/\/induzon.com\/pl\/\",\"name\":\"induzon\",\"description\":\"\",\"publisher\":{\"@id\":\"https:\/\/induzon.com\/pl\/#organization\"},\"potentialAction\":[{\"@type\":\"SearchAction\",\"target\":{\"@type\":\"EntryPoint\",\"urlTemplate\":\"https:\/\/induzon.com\/pl\/?s={search_term_string}\"},\"query-input\":{\"@type\":\"PropertyValueSpecification\",\"valueRequired\":true,\"valueName\":\"search_term_string\"}}],\"inLanguage\":\"pl-PL\"},{\"@type\":\"Organization\",\"@id\":\"https:\/\/induzon.com\/pl\/#organization\",\"name\":\"induzon\",\"url\":\"https:\/\/induzon.com\/pl\/\",\"logo\":{\"@type\":\"ImageObject\",\"inLanguage\":\"pl-PL\",\"@id\":\"https:\/\/induzon.com\/pl\/#\/schema\/logo\/image\/\",\"url\":\"https:\/\/induzon.com\/wp-content\/uploads\/2025\/05\/cropped-026.png\",\"contentUrl\":\"https:\/\/induzon.com\/wp-content\/uploads\/2025\/05\/cropped-026.png\",\"width\":512,\"height\":512,\"caption\":\"induzon\"},\"image\":{\"@id\":\"https:\/\/induzon.com\/pl\/#\/schema\/logo\/image\/\"}}]}<\/script>\r\n<!-- \/ Yoast SEO plugin. -->","yoast_head_json":{"title":"Pionowe kurtyny powietrzne do gara\u017cy komercyjnych - Induzon","description":"Kurtyna powietrzna do drzwi wej\u015bciowych i restauracji, elektryczna kurtyna przemys\u0142owa. Kurtyna przeciw muchom, pionowa cieplna kurtyna dla sklep\u00f3w.","robots":{"index":"index","follow":"follow","max-snippet":"max-snippet:-1","max-image-preview":"max-image-preview:large","max-video-preview":"max-video-preview:-1"},"canonical":"https:\/\/induzon.com\/pl\/produkt\/pionowa-kurtyna-powietrzna-do-uzytku-w-warsztatach-komercyjnych-komercyjna-kurtyna-powietrzna-do-sklepu-restauracji-i-drzwi-wejsciowe-kurtyna-powietrzna-nad-drzwi-z-cieplem-pilotem-przelacznikiem-ruch\/","og_locale":"pl_PL","og_type":"article","og_title":"Pionowe kurtyny powietrzne do gara\u017cy komercyjnych - Induzon","og_description":"Kurtyna powietrzna do drzwi wej\u015bciowych i restauracji, elektryczna kurtyna przemys\u0142owa. Kurtyna przeciw muchom, pionowa cieplna kurtyna dla sklep\u00f3w.","og_url":"https:\/\/induzon.com\/pl\/produkt\/pionowa-kurtyna-powietrzna-do-uzytku-w-warsztatach-komercyjnych-komercyjna-kurtyna-powietrzna-do-sklepu-restauracji-i-drzwi-wejsciowe-kurtyna-powietrzna-nad-drzwi-z-cieplem-pilotem-przelacznikiem-ruch\/","og_site_name":"induzon","article_modified_time":"2026-01-02T08:14:37+00:00","og_image":[{"width":1500,"height":1500,"url":"https:\/\/induzon.com\/wp-content\/uploads\/2025\/07\/\u56fe-1-3.jpg","type":"image\/jpeg"}],"twitter_card":"summary_large_image","schema":{"@context":"https:\/\/schema.org","@graph":[{"@type":"WebPage","@id":"https:\/\/induzon.com\/pl\/produkt\/pionowa-kurtyna-powietrzna-do-uzytku-w-warsztatach-komercyjnych-komercyjna-kurtyna-powietrzna-do-sklepu-restauracji-i-drzwi-wejsciowe-kurtyna-powietrzna-nad-drzwi-z-cieplem-pilotem-przelacznikiem-ruch\/","url":"https:\/\/induzon.com\/pl\/produkt\/pionowa-kurtyna-powietrzna-do-uzytku-w-warsztatach-komercyjnych-komercyjna-kurtyna-powietrzna-do-sklepu-restauracji-i-drzwi-wejsciowe-kurtyna-powietrzna-nad-drzwi-z-cieplem-pilotem-przelacznikiem-ruch\/","name":"Pionowe kurtyny powietrzne do gara\u017cy komercyjnych - Induzon","isPartOf":{"@id":"https:\/\/induzon.com\/pl\/#website"},"primaryImageOfPage":{"@id":"https:\/\/induzon.com\/pl\/produkt\/pionowa-kurtyna-powietrzna-do-uzytku-w-warsztatach-komercyjnych-komercyjna-kurtyna-powietrzna-do-sklepu-restauracji-i-drzwi-wejsciowe-kurtyna-powietrzna-nad-drzwi-z-cieplem-pilotem-przelacznikiem-ruch\/#primaryimage"},"image":{"@id":"https:\/\/induzon.com\/pl\/produkt\/pionowa-kurtyna-powietrzna-do-uzytku-w-warsztatach-komercyjnych-komercyjna-kurtyna-powietrzna-do-sklepu-restauracji-i-drzwi-wejsciowe-kurtyna-powietrzna-nad-drzwi-z-cieplem-pilotem-przelacznikiem-ruch\/#primaryimage"},"thumbnailUrl":"https:\/\/induzon.com\/wp-content\/uploads\/2025\/07\/\u56fe-1-3.jpg","datePublished":"2025-07-02T02:52:32+00:00","dateModified":"2026-01-02T08:14:37+00:00","description":"Kurtyna powietrzna do drzwi wej\u015bciowych i restauracji, elektryczna kurtyna przemys\u0142owa. Kurtyna przeciw muchom, pionowa cieplna kurtyna dla sklep\u00f3w.","breadcrumb":{"@id":"https:\/\/induzon.com\/pl\/produkt\/pionowa-kurtyna-powietrzna-do-uzytku-w-warsztatach-komercyjnych-komercyjna-kurtyna-powietrzna-do-sklepu-restauracji-i-drzwi-wejsciowe-kurtyna-powietrzna-nad-drzwi-z-cieplem-pilotem-przelacznikiem-ruch\/#breadcrumb"},"inLanguage":"pl-PL","potentialAction":[{"@type":"ReadAction","target":["https:\/\/induzon.com\/pl\/produkt\/pionowa-kurtyna-powietrzna-do-uzytku-w-warsztatach-komercyjnych-komercyjna-kurtyna-powietrzna-do-sklepu-restauracji-i-drzwi-wejsciowe-kurtyna-powietrzna-nad-drzwi-z-cieplem-pilotem-przelacznikiem-ruch\/"]}]},{"@type":"ImageObject","inLanguage":"pl-PL","@id":"https:\/\/induzon.com\/pl\/produkt\/pionowa-kurtyna-powietrzna-do-uzytku-w-warsztatach-komercyjnych-komercyjna-kurtyna-powietrzna-do-sklepu-restauracji-i-drzwi-wejsciowe-kurtyna-powietrzna-nad-drzwi-z-cieplem-pilotem-przelacznikiem-ruch\/#primaryimage","url":"https:\/\/induzon.com\/wp-content\/uploads\/2025\/07\/\u56fe-1-3.jpg","contentUrl":"https:\/\/induzon.com\/wp-content\/uploads\/2025\/07\/\u56fe-1-3.jpg","width":1500,"height":1500,"caption":"Pionowe kurtyny powietrzne do gara\u017cy komercyjnych"},{"@type":"BreadcrumbList","@id":"https:\/\/induzon.com\/pl\/produkt\/pionowa-kurtyna-powietrzna-do-uzytku-w-warsztatach-komercyjnych-komercyjna-kurtyna-powietrzna-do-sklepu-restauracji-i-drzwi-wejsciowe-kurtyna-powietrzna-nad-drzwi-z-cieplem-pilotem-przelacznikiem-ruch\/#breadcrumb","itemListElement":[{"@type":"ListItem","position":1,"name":"\u9996\u9875","item":"https:\/\/induzon.com\/pl\/strona-glowna\/"},{"@type":"ListItem","position":2,"name":"Sklep","item":"https:\/\/induzon.com\/pl\/sklep\/"},{"@type":"ListItem","position":3,"name":"Pionowa kurtyna powietrzna Do u\u017cytku w warsztatach komercyjnych Komercyjna kurtyna powietrzna do sklepu restauracji i drzwi wej\u015bciowe kurtyna powietrzna nad drzwi z ciep\u0142em pilotem prze\u0142\u0105cznikiem ruchu elektryczna przemys\u0142owa ch\u0142odz\u0105ca zewn\u0119trzna czarna nagrzewnic\u0105 wodn\u0105 much pionowa"}]},{"@type":"WebSite","@id":"https:\/\/induzon.com\/pl\/#website","url":"https:\/\/induzon.com\/pl\/","name":"induzon","description":"","publisher":{"@id":"https:\/\/induzon.com\/pl\/#organization"},"potentialAction":[{"@type":"SearchAction","target":{"@type":"EntryPoint","urlTemplate":"https:\/\/induzon.com\/pl\/?s={search_term_string}"},"query-input":{"@type":"PropertyValueSpecification","valueRequired":true,"valueName":"search_term_string"}}],"inLanguage":"pl-PL"},{"@type":"Organization","@id":"https:\/\/induzon.com\/pl\/#organization","name":"induzon","url":"https:\/\/induzon.com\/pl\/","logo":{"@type":"ImageObject","inLanguage":"pl-PL","@id":"https:\/\/induzon.com\/pl\/#\/schema\/logo\/image\/","url":"https:\/\/induzon.com\/wp-content\/uploads\/2025\/05\/cropped-026.png","contentUrl":"https:\/\/induzon.com\/wp-content\/uploads\/2025\/05\/cropped-026.png","width":512,"height":512,"caption":"induzon"},"image":{"@id":"https:\/\/induzon.com\/pl\/#\/schema\/logo\/image\/"}}]}},"_links":{"self":[{"href":"https:\/\/induzon.com\/pl\/wp-json\/wp\/v2\/product\/15473","targetHints":{"allow":["GET"]}}],"collection":[{"href":"https:\/\/induzon.com\/pl\/wp-json\/wp\/v2\/product"}],"about":[{"href":"https:\/\/induzon.com\/pl\/wp-json\/wp\/v2\/types\/product"}],"replies":[{"embeddable":true,"href":"https:\/\/induzon.com\/pl\/wp-json\/wp\/v2\/comments?post=15473"}],"version-history":[{"count":1,"href":"https:\/\/induzon.com\/pl\/wp-json\/wp\/v2\/product\/15473\/revisions"}],"predecessor-version":[{"id":31824,"href":"https:\/\/induzon.com\/pl\/wp-json\/wp\/v2\/product\/15473\/revisions\/31824"}],"wp:featuredmedia":[{"embeddable":true,"href":"https:\/\/induzon.com\/pl\/wp-json\/wp\/v2\/media\/15395"}],"wp:attachment":[{"href":"https:\/\/induzon.com\/pl\/wp-json\/wp\/v2\/media?parent=15473"}],"wp:term":[{"taxonomy":"product_brand","embeddable":true,"href":"https:\/\/induzon.com\/pl\/wp-json\/wp\/v2\/product_brand?post=15473"},{"taxonomy":"product_cat","embeddable":true,"href":"https:\/\/induzon.com\/pl\/wp-json\/wp\/v2\/product_cat?post=15473"},{"taxonomy":"product_tag","embeddable":true,"href":"https:\/\/induzon.com\/pl\/wp-json\/wp\/v2\/product_tag?post=15473"}],"curies":[{"name":"wp","href":"https:\/\/api.w.org\/{rel}","templated":true}]}}