{"id":15927,"date":"2025-07-02T14:32:01","date_gmt":"2025-07-02T06:32:01","guid":{"rendered":"https:\/\/induzon.com\/shop\/maly-osuszacz-sprezonego-powietrza-do-sprezarki-kompresora-osuszacz-sprezarkowy-separator-wody-i-oleju-do-kompresora-przemyslowy-osuszacz-ziebniczy-sprezonego-powietrza-do-laboratorium-i-urzadzen-spoz\/"},"modified":"2026-01-02T14:06:19","modified_gmt":"2026-01-02T06:06:19","slug":"maly-osuszacz-sprezonego-powietrza-do-sprezarki-kompresora-osuszacz-sprezarkowy-separator-wody-i-oleju-do-kompresora-przemyslowy-osuszacz-ziebniczy-sprezonego-powietrza-do-laboratorium-i-urzadzen-spoz","status":"publish","type":"product","link":"https:\/\/induzon.com\/pl\/produkt\/maly-osuszacz-sprezonego-powietrza-do-sprezarki-kompresora-osuszacz-sprezarkowy-separator-wody-i-oleju-do-kompresora-przemyslowy-osuszacz-ziebniczy-sprezonego-powietrza-do-laboratorium-i-urzadzen-spoz\/","title":{"rendered":"Ma\u0142y Osuszacz spr\u0119\u017conego powietrza i gazu do spr\u0119\u017carki kompresora osuszacz spr\u0119\u017carkowy separator wody i oleju do kompresora przemys\u0142owy osuszacz zi\u0119bniczy spr\u0119\u017conego powietrza do laboratorium i urz\u0105dze\u0144 spo\u017cywczych Automatyczne odwadnianie"},"content":{"rendered":"<p>1.Efektywny osuszacz spr\u0119\u017conego powietrza do usuwania wilgoci z system\u00f3w spr\u0119\u017carkowych.<br \/>\n2.Kompatybilny z r\u00f3\u017cnymi typami spr\u0119\u017carek, idealny do zastosowa\u0144 przemys\u0142owych i laboratoryjnych.<br \/>\n3.Zastosowanie technologii ch\u0142odniczej dla maksymalnej wydajno\u015bci osuszania gazu.<br \/>\n4.Zwarta konstrukcja i \u0142atwa instalacja, idealna dla ma\u0142ych i \u015brednich przedsi\u0119biorstw.<br \/>\n5.Zapewnia suchy i czysty powietrzu, chroni\u0105c wra\u017cliwe urz\u0105dzenia przed korozj\u0105 i uszkodzeniami.<\/p>\n","protected":false},"excerpt":{"rendered":"<p>1.Efektywny osuszacz spr\u0119\u017conego powietrza do usuwania wilgoci z system\u00f3w spr\u0119\u017carkowych. 2.Kompatybilny z r\u00f3\u017cnymi typami spr\u0119\u017carek, idealny do zastosowa\u0144 przemys\u0142owych i [&hellip;]<\/p>\n","protected":false},"featured_media":15902,"comment_status":"open","ping_status":"closed","template":"","meta":{"site-sidebar-layout":"default","site-content-layout":"","ast-site-content-layout":"default","site-content-style":"default","site-sidebar-style":"default","ast-global-header-display":"","ast-banner-title-visibility":"","ast-main-header-display":"","ast-hfb-above-header-display":"","ast-hfb-below-header-display":"","ast-hfb-mobile-header-display":"","site-post-title":"","ast-breadcrumbs-content":"","ast-featured-img":"","footer-sml-layout":"","theme-transparent-header-meta":"default","adv-header-id-meta":"","stick-header-meta":"","header-above-stick-meta":"","header-main-stick-meta":"","header-below-stick-meta":"","astra-migrate-meta-layouts":"set","ast-page-background-enabled":"default","ast-page-background-meta":{"desktop":{"background-color":"var(--ast-global-color-4)","background-image":"","background-repeat":"repeat","background-position":"center center","background-size":"auto","background-attachment":"scroll","background-type":"","background-media":"","overlay-type":"","overlay-color":"","overlay-opacity":"","overlay-gradient":""},"tablet":{"background-color":"","background-image":"","background-repeat":"repeat","background-position":"center center","background-size":"auto","background-attachment":"scroll","background-type":"","background-media":"","overlay-type":"","overlay-color":"","overlay-opacity":"","overlay-gradient":""},"mobile":{"background-color":"","background-image":"","background-repeat":"repeat","background-position":"center center","background-size":"auto","background-attachment":"scroll","background-type":"","background-media":"","overlay-type":"","overlay-color":"","overlay-opacity":"","overlay-gradient":""}},"ast-content-background-meta":{"desktop":{"background-color":"var(--ast-global-color-5)","background-image":"","background-repeat":"repeat","background-position":"center center","background-size":"auto","background-attachment":"scroll","background-type":"","background-media":"","overlay-type":"","overlay-color":"","overlay-opacity":"","overlay-gradient":""},"tablet":{"background-color":"var(--ast-global-color-5)","background-image":"","background-repeat":"repeat","background-position":"center center","background-size":"auto","background-attachment":"scroll","background-type":"","background-media":"","overlay-type":"","overlay-color":"","overlay-opacity":"","overlay-gradient":""},"mobile":{"background-color":"var(--ast-global-color-5)","background-image":"","background-repeat":"repeat","background-position":"center center","background-size":"auto","background-attachment":"scroll","background-type":"","background-media":"","overlay-type":"","overlay-color":"","overlay-opacity":"","overlay-gradient":""}}},"product_brand":[],"product_cat":[1488,1049],"product_tag":[1844,1489],"class_list":{"0":"post-15927","1":"product","2":"type-product","3":"status-publish","4":"has-post-thumbnail","6":"product_cat-sprezarki-powietrza","7":"product_cat-sprzet-przemyslowy-i-komercyjny","8":"product_tag-mala-chlodziarka","9":"product_tag-sprezarki-powietrza","10":"desktop-align-left","11":"tablet-align-left","12":"mobile-align-left","14":"first","15":"instock","16":"sale","17":"shipping-taxable","18":"purchasable","19":"product-type-simple"},"yoast_head":"<!-- This site is optimized with the Yoast SEO plugin v24.9 - https:\/\/yoast.com\/wordpress\/plugins\/seo\/ -->\r\n<title>Przemys\u0142owy osuszacz powietrza z ch\u0142odzeniem - Induzon<\/title>\r\n<meta name=\"description\" content=\"Osuszacz spr\u0119\u017conego powietrza i zi\u0119bniczy do spr\u0119\u017carek, z separatorem powietrza i wody dla system\u00f3w przemys\u0142owych\" \/>\r\n<meta name=\"robots\" content=\"index, follow, max-snippet:-1, max-image-preview:large, max-video-preview:-1\" \/>\r\n<link rel=\"canonical\" href=\"https:\/\/induzon.com\/pl\/produkt\/maly-osuszacz-sprezonego-powietrza-do-sprezarki-kompresora-osuszacz-sprezarkowy-separator-wody-i-oleju-do-kompresora-przemyslowy-osuszacz-ziebniczy-sprezonego-powietrza-do-laboratorium-i-urzadzen-spoz\/\" \/>\r\n<meta property=\"og:locale\" content=\"pl_PL\" \/>\r\n<meta property=\"og:type\" content=\"article\" \/>\r\n<meta property=\"og:title\" content=\"Przemys\u0142owy osuszacz powietrza z ch\u0142odzeniem - Induzon\" \/>\r\n<meta property=\"og:description\" content=\"Osuszacz spr\u0119\u017conego powietrza i zi\u0119bniczy do spr\u0119\u017carek, z separatorem powietrza i wody dla system\u00f3w przemys\u0142owych\" \/>\r\n<meta property=\"og:url\" content=\"https:\/\/induzon.com\/pl\/produkt\/maly-osuszacz-sprezonego-powietrza-do-sprezarki-kompresora-osuszacz-sprezarkowy-separator-wody-i-oleju-do-kompresora-przemyslowy-osuszacz-ziebniczy-sprezonego-powietrza-do-laboratorium-i-urzadzen-spoz\/\" \/>\r\n<meta property=\"og:site_name\" content=\"induzon\" \/>\r\n<meta property=\"article:modified_time\" content=\"2026-01-02T06:06:19+00:00\" \/>\r\n<meta property=\"og:image\" content=\"https:\/\/induzon.com\/wp-content\/uploads\/2025\/07\/01.jpg\" \/>\r\n\t<meta property=\"og:image:width\" content=\"1500\" \/>\r\n\t<meta property=\"og:image:height\" content=\"1500\" \/>\r\n\t<meta property=\"og:image:type\" content=\"image\/jpeg\" \/>\r\n<meta name=\"twitter:card\" content=\"summary_large_image\" \/>\r\n<meta name=\"twitter:label1\" content=\"Szacowany czas czytania\" \/>\n\t<meta name=\"twitter:data1\" content=\"1 minuta\" \/>\r\n<script type=\"application\/ld+json\" class=\"yoast-schema-graph\">{\"@context\":\"https:\/\/schema.org\",\"@graph\":[{\"@type\":\"WebPage\",\"@id\":\"https:\/\/induzon.com\/pl\/produkt\/maly-osuszacz-sprezonego-powietrza-do-sprezarki-kompresora-osuszacz-sprezarkowy-separator-wody-i-oleju-do-kompresora-przemyslowy-osuszacz-ziebniczy-sprezonego-powietrza-do-laboratorium-i-urzadzen-spoz\/\",\"url\":\"https:\/\/induzon.com\/pl\/produkt\/maly-osuszacz-sprezonego-powietrza-do-sprezarki-kompresora-osuszacz-sprezarkowy-separator-wody-i-oleju-do-kompresora-przemyslowy-osuszacz-ziebniczy-sprezonego-powietrza-do-laboratorium-i-urzadzen-spoz\/\",\"name\":\"Przemys\u0142owy osuszacz powietrza z ch\u0142odzeniem - Induzon\",\"isPartOf\":{\"@id\":\"https:\/\/induzon.com\/pl\/#website\"},\"primaryImageOfPage\":{\"@id\":\"https:\/\/induzon.com\/pl\/produkt\/maly-osuszacz-sprezonego-powietrza-do-sprezarki-kompresora-osuszacz-sprezarkowy-separator-wody-i-oleju-do-kompresora-przemyslowy-osuszacz-ziebniczy-sprezonego-powietrza-do-laboratorium-i-urzadzen-spoz\/#primaryimage\"},\"image\":{\"@id\":\"https:\/\/induzon.com\/pl\/produkt\/maly-osuszacz-sprezonego-powietrza-do-sprezarki-kompresora-osuszacz-sprezarkowy-separator-wody-i-oleju-do-kompresora-przemyslowy-osuszacz-ziebniczy-sprezonego-powietrza-do-laboratorium-i-urzadzen-spoz\/#primaryimage\"},\"thumbnailUrl\":\"https:\/\/induzon.com\/wp-content\/uploads\/2025\/07\/01.jpg\",\"datePublished\":\"2025-07-02T06:32:01+00:00\",\"dateModified\":\"2026-01-02T06:06:19+00:00\",\"description\":\"Osuszacz spr\u0119\u017conego powietrza i zi\u0119bniczy do spr\u0119\u017carek, z separatorem powietrza i wody dla system\u00f3w przemys\u0142owych\",\"breadcrumb\":{\"@id\":\"https:\/\/induzon.com\/pl\/produkt\/maly-osuszacz-sprezonego-powietrza-do-sprezarki-kompresora-osuszacz-sprezarkowy-separator-wody-i-oleju-do-kompresora-przemyslowy-osuszacz-ziebniczy-sprezonego-powietrza-do-laboratorium-i-urzadzen-spoz\/#breadcrumb\"},\"inLanguage\":\"pl-PL\",\"potentialAction\":[{\"@type\":\"ReadAction\",\"target\":[\"https:\/\/induzon.com\/pl\/produkt\/maly-osuszacz-sprezonego-powietrza-do-sprezarki-kompresora-osuszacz-sprezarkowy-separator-wody-i-oleju-do-kompresora-przemyslowy-osuszacz-ziebniczy-sprezonego-powietrza-do-laboratorium-i-urzadzen-spoz\/\"]}]},{\"@type\":\"ImageObject\",\"inLanguage\":\"pl-PL\",\"@id\":\"https:\/\/induzon.com\/pl\/produkt\/maly-osuszacz-sprezonego-powietrza-do-sprezarki-kompresora-osuszacz-sprezarkowy-separator-wody-i-oleju-do-kompresora-przemyslowy-osuszacz-ziebniczy-sprezonego-powietrza-do-laboratorium-i-urzadzen-spoz\/#primaryimage\",\"url\":\"https:\/\/induzon.com\/wp-content\/uploads\/2025\/07\/01.jpg\",\"contentUrl\":\"https:\/\/induzon.com\/wp-content\/uploads\/2025\/07\/01.jpg\",\"width\":1500,\"height\":1500,\"caption\":\"Przemys\u0142owy osuszacz powietrza z ch\u0142odzeniem\"},{\"@type\":\"BreadcrumbList\",\"@id\":\"https:\/\/induzon.com\/pl\/produkt\/maly-osuszacz-sprezonego-powietrza-do-sprezarki-kompresora-osuszacz-sprezarkowy-separator-wody-i-oleju-do-kompresora-przemyslowy-osuszacz-ziebniczy-sprezonego-powietrza-do-laboratorium-i-urzadzen-spoz\/#breadcrumb\",\"itemListElement\":[{\"@type\":\"ListItem\",\"position\":1,\"name\":\"\u9996\u9875\",\"item\":\"https:\/\/induzon.com\/pl\/strona-glowna\/\"},{\"@type\":\"ListItem\",\"position\":2,\"name\":\"Sklep\",\"item\":\"https:\/\/induzon.com\/pl\/sklep\/\"},{\"@type\":\"ListItem\",\"position\":3,\"name\":\"Ma\u0142y Osuszacz spr\u0119\u017conego powietrza i gazu do spr\u0119\u017carki kompresora osuszacz spr\u0119\u017carkowy separator wody i oleju do kompresora przemys\u0142owy osuszacz zi\u0119bniczy spr\u0119\u017conego powietrza do laboratorium i urz\u0105dze\u0144 spo\u017cywczych Automatyczne odwadnianie\"}]},{\"@type\":\"WebSite\",\"@id\":\"https:\/\/induzon.com\/pl\/#website\",\"url\":\"https:\/\/induzon.com\/pl\/\",\"name\":\"induzon\",\"description\":\"\",\"publisher\":{\"@id\":\"https:\/\/induzon.com\/pl\/#organization\"},\"potentialAction\":[{\"@type\":\"SearchAction\",\"target\":{\"@type\":\"EntryPoint\",\"urlTemplate\":\"https:\/\/induzon.com\/pl\/?s={search_term_string}\"},\"query-input\":{\"@type\":\"PropertyValueSpecification\",\"valueRequired\":true,\"valueName\":\"search_term_string\"}}],\"inLanguage\":\"pl-PL\"},{\"@type\":\"Organization\",\"@id\":\"https:\/\/induzon.com\/pl\/#organization\",\"name\":\"induzon\",\"url\":\"https:\/\/induzon.com\/pl\/\",\"logo\":{\"@type\":\"ImageObject\",\"inLanguage\":\"pl-PL\",\"@id\":\"https:\/\/induzon.com\/pl\/#\/schema\/logo\/image\/\",\"url\":\"https:\/\/induzon.com\/wp-content\/uploads\/2025\/05\/cropped-026.png\",\"contentUrl\":\"https:\/\/induzon.com\/wp-content\/uploads\/2025\/05\/cropped-026.png\",\"width\":512,\"height\":512,\"caption\":\"induzon\"},\"image\":{\"@id\":\"https:\/\/induzon.com\/pl\/#\/schema\/logo\/image\/\"}}]}<\/script>\r\n<!-- \/ Yoast SEO plugin. -->","yoast_head_json":{"title":"Przemys\u0142owy osuszacz powietrza z ch\u0142odzeniem - Induzon","description":"Osuszacz spr\u0119\u017conego powietrza i zi\u0119bniczy do spr\u0119\u017carek, z separatorem powietrza i wody dla system\u00f3w przemys\u0142owych","robots":{"index":"index","follow":"follow","max-snippet":"max-snippet:-1","max-image-preview":"max-image-preview:large","max-video-preview":"max-video-preview:-1"},"canonical":"https:\/\/induzon.com\/pl\/produkt\/maly-osuszacz-sprezonego-powietrza-do-sprezarki-kompresora-osuszacz-sprezarkowy-separator-wody-i-oleju-do-kompresora-przemyslowy-osuszacz-ziebniczy-sprezonego-powietrza-do-laboratorium-i-urzadzen-spoz\/","og_locale":"pl_PL","og_type":"article","og_title":"Przemys\u0142owy osuszacz powietrza z ch\u0142odzeniem - Induzon","og_description":"Osuszacz spr\u0119\u017conego powietrza i zi\u0119bniczy do spr\u0119\u017carek, z separatorem powietrza i wody dla system\u00f3w przemys\u0142owych","og_url":"https:\/\/induzon.com\/pl\/produkt\/maly-osuszacz-sprezonego-powietrza-do-sprezarki-kompresora-osuszacz-sprezarkowy-separator-wody-i-oleju-do-kompresora-przemyslowy-osuszacz-ziebniczy-sprezonego-powietrza-do-laboratorium-i-urzadzen-spoz\/","og_site_name":"induzon","article_modified_time":"2026-01-02T06:06:19+00:00","og_image":[{"width":1500,"height":1500,"url":"https:\/\/induzon.com\/wp-content\/uploads\/2025\/07\/01.jpg","type":"image\/jpeg"}],"twitter_card":"summary_large_image","twitter_misc":{"Szacowany czas czytania":"1 minuta"},"schema":{"@context":"https:\/\/schema.org","@graph":[{"@type":"WebPage","@id":"https:\/\/induzon.com\/pl\/produkt\/maly-osuszacz-sprezonego-powietrza-do-sprezarki-kompresora-osuszacz-sprezarkowy-separator-wody-i-oleju-do-kompresora-przemyslowy-osuszacz-ziebniczy-sprezonego-powietrza-do-laboratorium-i-urzadzen-spoz\/","url":"https:\/\/induzon.com\/pl\/produkt\/maly-osuszacz-sprezonego-powietrza-do-sprezarki-kompresora-osuszacz-sprezarkowy-separator-wody-i-oleju-do-kompresora-przemyslowy-osuszacz-ziebniczy-sprezonego-powietrza-do-laboratorium-i-urzadzen-spoz\/","name":"Przemys\u0142owy osuszacz powietrza z ch\u0142odzeniem - Induzon","isPartOf":{"@id":"https:\/\/induzon.com\/pl\/#website"},"primaryImageOfPage":{"@id":"https:\/\/induzon.com\/pl\/produkt\/maly-osuszacz-sprezonego-powietrza-do-sprezarki-kompresora-osuszacz-sprezarkowy-separator-wody-i-oleju-do-kompresora-przemyslowy-osuszacz-ziebniczy-sprezonego-powietrza-do-laboratorium-i-urzadzen-spoz\/#primaryimage"},"image":{"@id":"https:\/\/induzon.com\/pl\/produkt\/maly-osuszacz-sprezonego-powietrza-do-sprezarki-kompresora-osuszacz-sprezarkowy-separator-wody-i-oleju-do-kompresora-przemyslowy-osuszacz-ziebniczy-sprezonego-powietrza-do-laboratorium-i-urzadzen-spoz\/#primaryimage"},"thumbnailUrl":"https:\/\/induzon.com\/wp-content\/uploads\/2025\/07\/01.jpg","datePublished":"2025-07-02T06:32:01+00:00","dateModified":"2026-01-02T06:06:19+00:00","description":"Osuszacz spr\u0119\u017conego powietrza i zi\u0119bniczy do spr\u0119\u017carek, z separatorem powietrza i wody dla system\u00f3w przemys\u0142owych","breadcrumb":{"@id":"https:\/\/induzon.com\/pl\/produkt\/maly-osuszacz-sprezonego-powietrza-do-sprezarki-kompresora-osuszacz-sprezarkowy-separator-wody-i-oleju-do-kompresora-przemyslowy-osuszacz-ziebniczy-sprezonego-powietrza-do-laboratorium-i-urzadzen-spoz\/#breadcrumb"},"inLanguage":"pl-PL","potentialAction":[{"@type":"ReadAction","target":["https:\/\/induzon.com\/pl\/produkt\/maly-osuszacz-sprezonego-powietrza-do-sprezarki-kompresora-osuszacz-sprezarkowy-separator-wody-i-oleju-do-kompresora-przemyslowy-osuszacz-ziebniczy-sprezonego-powietrza-do-laboratorium-i-urzadzen-spoz\/"]}]},{"@type":"ImageObject","inLanguage":"pl-PL","@id":"https:\/\/induzon.com\/pl\/produkt\/maly-osuszacz-sprezonego-powietrza-do-sprezarki-kompresora-osuszacz-sprezarkowy-separator-wody-i-oleju-do-kompresora-przemyslowy-osuszacz-ziebniczy-sprezonego-powietrza-do-laboratorium-i-urzadzen-spoz\/#primaryimage","url":"https:\/\/induzon.com\/wp-content\/uploads\/2025\/07\/01.jpg","contentUrl":"https:\/\/induzon.com\/wp-content\/uploads\/2025\/07\/01.jpg","width":1500,"height":1500,"caption":"Przemys\u0142owy osuszacz powietrza z ch\u0142odzeniem"},{"@type":"BreadcrumbList","@id":"https:\/\/induzon.com\/pl\/produkt\/maly-osuszacz-sprezonego-powietrza-do-sprezarki-kompresora-osuszacz-sprezarkowy-separator-wody-i-oleju-do-kompresora-przemyslowy-osuszacz-ziebniczy-sprezonego-powietrza-do-laboratorium-i-urzadzen-spoz\/#breadcrumb","itemListElement":[{"@type":"ListItem","position":1,"name":"\u9996\u9875","item":"https:\/\/induzon.com\/pl\/strona-glowna\/"},{"@type":"ListItem","position":2,"name":"Sklep","item":"https:\/\/induzon.com\/pl\/sklep\/"},{"@type":"ListItem","position":3,"name":"Ma\u0142y Osuszacz spr\u0119\u017conego powietrza i gazu do spr\u0119\u017carki kompresora osuszacz spr\u0119\u017carkowy separator wody i oleju do kompresora przemys\u0142owy osuszacz zi\u0119bniczy spr\u0119\u017conego powietrza do laboratorium i urz\u0105dze\u0144 spo\u017cywczych Automatyczne odwadnianie"}]},{"@type":"WebSite","@id":"https:\/\/induzon.com\/pl\/#website","url":"https:\/\/induzon.com\/pl\/","name":"induzon","description":"","publisher":{"@id":"https:\/\/induzon.com\/pl\/#organization"},"potentialAction":[{"@type":"SearchAction","target":{"@type":"EntryPoint","urlTemplate":"https:\/\/induzon.com\/pl\/?s={search_term_string}"},"query-input":{"@type":"PropertyValueSpecification","valueRequired":true,"valueName":"search_term_string"}}],"inLanguage":"pl-PL"},{"@type":"Organization","@id":"https:\/\/induzon.com\/pl\/#organization","name":"induzon","url":"https:\/\/induzon.com\/pl\/","logo":{"@type":"ImageObject","inLanguage":"pl-PL","@id":"https:\/\/induzon.com\/pl\/#\/schema\/logo\/image\/","url":"https:\/\/induzon.com\/wp-content\/uploads\/2025\/05\/cropped-026.png","contentUrl":"https:\/\/induzon.com\/wp-content\/uploads\/2025\/05\/cropped-026.png","width":512,"height":512,"caption":"induzon"},"image":{"@id":"https:\/\/induzon.com\/pl\/#\/schema\/logo\/image\/"}}]}},"_links":{"self":[{"href":"https:\/\/induzon.com\/pl\/wp-json\/wp\/v2\/product\/15927","targetHints":{"allow":["GET"]}}],"collection":[{"href":"https:\/\/induzon.com\/pl\/wp-json\/wp\/v2\/product"}],"about":[{"href":"https:\/\/induzon.com\/pl\/wp-json\/wp\/v2\/types\/product"}],"replies":[{"embeddable":true,"href":"https:\/\/induzon.com\/pl\/wp-json\/wp\/v2\/comments?post=15927"}],"version-history":[{"count":1,"href":"https:\/\/induzon.com\/pl\/wp-json\/wp\/v2\/product\/15927\/revisions"}],"predecessor-version":[{"id":28121,"href":"https:\/\/induzon.com\/pl\/wp-json\/wp\/v2\/product\/15927\/revisions\/28121"}],"wp:featuredmedia":[{"embeddable":true,"href":"https:\/\/induzon.com\/pl\/wp-json\/wp\/v2\/media\/15902"}],"wp:attachment":[{"href":"https:\/\/induzon.com\/pl\/wp-json\/wp\/v2\/media?parent=15927"}],"wp:term":[{"taxonomy":"product_brand","embeddable":true,"href":"https:\/\/induzon.com\/pl\/wp-json\/wp\/v2\/product_brand?post=15927"},{"taxonomy":"product_cat","embeddable":true,"href":"https:\/\/induzon.com\/pl\/wp-json\/wp\/v2\/product_cat?post=15927"},{"taxonomy":"product_tag","embeddable":true,"href":"https:\/\/induzon.com\/pl\/wp-json\/wp\/v2\/product_tag?post=15927"}],"curies":[{"name":"wp","href":"https:\/\/api.w.org\/{rel}","templated":true}]}}