{"id":19070,"date":"2025-07-19T10:21:56","date_gmt":"2025-07-19T02:21:56","guid":{"rendered":"https:\/\/induzon.com\/shop\/chlodnica-oleju-hydraulicznego-z-wentylatorem-do-minikoparki-samoczynny-obiegowy-radiator-oleju-hydraulicznego-chlodnica-hydrauliczna-z-wentylatorem-wymiennik-ciepla-chlodnica-oleju-przekladniowego-do\/"},"modified":"2025-12-29T14:48:28","modified_gmt":"2025-12-29T06:48:28","slug":"chlodnica-oleju-hydraulicznego-z-wentylatorem-do-minikoparki-samoczynny-obiegowy-radiator-oleju-hydraulicznego-chlodnica-hydrauliczna-z-wentylatorem-wymiennik-ciepla-chlodnica-oleju-przekladniowego-do","status":"publish","type":"product","link":"https:\/\/induzon.com\/pl\/produkt\/chlodnica-oleju-hydraulicznego-z-wentylatorem-do-minikoparki-samoczynny-obiegowy-radiator-oleju-hydraulicznego-chlodnica-hydrauliczna-z-wentylatorem-wymiennik-ciepla-chlodnica-oleju-przekladniowego-do\/","title":{"rendered":"ch\u0142odnica oleju hydraulicznego z wentylatorem do minikoparki samoczynny obiegowy radiator oleju hydraulicznego ch\u0142odnica hydrauliczna z wentylatorem wymiennik ciep\u0142a ch\u0142odnica oleju przek\u0142adniowego do koparki \u0142adowarki"},"content":{"rendered":"<p>1.Efektywne ch\u0142odzenie oleju hydraulicznego z wentylatorem dla mini koparek.<br \/>\n2.Kompatybilny z r\u00f3\u017cnymi modelami mini koparek, traktor\u00f3w i pojazd\u00f3w.<br \/>\n3.Wydajny system ch\u0142odzenia powietrzem dla utrzymania optymalnej temperatury oleju.<br \/>\n4.\u0141atwa instalacja i trwa\u0142a konstrukcja zapewniaj\u0105ca d\u0142ugotrwa\u0142e u\u017cytkowanie.<br \/>\n5.Zasilanie 12V wentylatora zapewnia ciche i efektywne dzia\u0142anie.<\/p>\n","protected":false},"excerpt":{"rendered":"<p>1.Efektywne ch\u0142odzenie oleju hydraulicznego z wentylatorem dla mini koparek. 2.Kompatybilny z r\u00f3\u017cnymi modelami mini koparek, traktor\u00f3w i pojazd\u00f3w. 3.Wydajny system [&hellip;]<\/p>\n","protected":false},"featured_media":19062,"comment_status":"open","ping_status":"closed","template":"","meta":{"site-sidebar-layout":"default","site-content-layout":"","ast-site-content-layout":"default","site-content-style":"default","site-sidebar-style":"default","ast-global-header-display":"","ast-banner-title-visibility":"","ast-main-header-display":"","ast-hfb-above-header-display":"","ast-hfb-below-header-display":"","ast-hfb-mobile-header-display":"","site-post-title":"","ast-breadcrumbs-content":"","ast-featured-img":"","footer-sml-layout":"","theme-transparent-header-meta":"default","adv-header-id-meta":"","stick-header-meta":"","header-above-stick-meta":"","header-main-stick-meta":"","header-below-stick-meta":"","astra-migrate-meta-layouts":"set","ast-page-background-enabled":"default","ast-page-background-meta":{"desktop":{"background-color":"var(--ast-global-color-4)","background-image":"","background-repeat":"repeat","background-position":"center center","background-size":"auto","background-attachment":"scroll","background-type":"","background-media":"","overlay-type":"","overlay-color":"","overlay-opacity":"","overlay-gradient":""},"tablet":{"background-color":"","background-image":"","background-repeat":"repeat","background-position":"center center","background-size":"auto","background-attachment":"scroll","background-type":"","background-media":"","overlay-type":"","overlay-color":"","overlay-opacity":"","overlay-gradient":""},"mobile":{"background-color":"","background-image":"","background-repeat":"repeat","background-position":"center center","background-size":"auto","background-attachment":"scroll","background-type":"","background-media":"","overlay-type":"","overlay-color":"","overlay-opacity":"","overlay-gradient":""}},"ast-content-background-meta":{"desktop":{"background-color":"var(--ast-global-color-5)","background-image":"","background-repeat":"repeat","background-position":"center center","background-size":"auto","background-attachment":"scroll","background-type":"","background-media":"","overlay-type":"","overlay-color":"","overlay-opacity":"","overlay-gradient":""},"tablet":{"background-color":"var(--ast-global-color-5)","background-image":"","background-repeat":"repeat","background-position":"center center","background-size":"auto","background-attachment":"scroll","background-type":"","background-media":"","overlay-type":"","overlay-color":"","overlay-opacity":"","overlay-gradient":""},"mobile":{"background-color":"var(--ast-global-color-5)","background-image":"","background-repeat":"repeat","background-position":"center center","background-size":"auto","background-attachment":"scroll","background-type":"","background-media":"","overlay-type":"","overlay-color":"","overlay-opacity":"","overlay-gradient":""}}},"product_brand":[],"product_cat":[1574,1572,1573],"product_tag":[1575],"class_list":{"0":"post-19070","1":"product","2":"type-product","3":"status-publish","4":"has-post-thumbnail","6":"product_cat-chlodnica-oleju","7":"product_cat-maszyny-i-produkty-przemyslowe","8":"product_cat-uklad-chlodzenia","9":"product_tag-chlodnica-powietrza","10":"desktop-align-left","11":"tablet-align-left","12":"mobile-align-left","14":"first","15":"instock","16":"sale","17":"shipping-taxable","18":"purchasable","19":"product-type-variable"},"yoast_head":"<!-- This site is optimized with the Yoast SEO plugin v24.9 - https:\/\/yoast.com\/wordpress\/plugins\/seo\/ -->\r\n<title>Ch\u0142odnica oleju z o\u017cebrowaniem hydraulicznego z wentylatorem<\/title>\r\n<meta name=\"description\" content=\"Ch\u0142odnica oleju hydraulicznego z wentylatorami do minikoparek. Wymienniki ciep\u0142a, zestawy do \u0142adowarek i przemys\u0142u,Ch\u0142odnica oleju hydraulicznego\" \/>\r\n<meta name=\"robots\" content=\"index, follow, max-snippet:-1, max-image-preview:large, max-video-preview:-1\" \/>\r\n<link rel=\"canonical\" href=\"https:\/\/induzon.com\/pl\/produkt\/chlodnica-oleju-hydraulicznego-z-wentylatorem-do-minikoparki-samoczynny-obiegowy-radiator-oleju-hydraulicznego-chlodnica-hydrauliczna-z-wentylatorem-wymiennik-ciepla-chlodnica-oleju-przekladniowego-do\/\" \/>\r\n<meta property=\"og:locale\" content=\"pl_PL\" \/>\r\n<meta property=\"og:type\" content=\"article\" \/>\r\n<meta property=\"og:title\" content=\"Ch\u0142odnica oleju z o\u017cebrowaniem hydraulicznego z wentylatorem\" \/>\r\n<meta property=\"og:description\" content=\"Ch\u0142odnica oleju hydraulicznego z wentylatorami do minikoparek. Wymienniki ciep\u0142a, zestawy do \u0142adowarek i przemys\u0142u,Ch\u0142odnica oleju hydraulicznego\" \/>\r\n<meta property=\"og:url\" content=\"https:\/\/induzon.com\/pl\/produkt\/chlodnica-oleju-hydraulicznego-z-wentylatorem-do-minikoparki-samoczynny-obiegowy-radiator-oleju-hydraulicznego-chlodnica-hydrauliczna-z-wentylatorem-wymiennik-ciepla-chlodnica-oleju-przekladniowego-do\/\" \/>\r\n<meta property=\"og:site_name\" content=\"induzon\" \/>\r\n<meta property=\"article:modified_time\" content=\"2025-12-29T06:48:28+00:00\" \/>\r\n<meta property=\"og:image\" content=\"https:\/\/induzon.com\/wp-content\/uploads\/2025\/07\/\u56fe-2-12.jpg\" \/>\r\n\t<meta property=\"og:image:width\" content=\"1500\" \/>\r\n\t<meta property=\"og:image:height\" content=\"1500\" \/>\r\n\t<meta property=\"og:image:type\" content=\"image\/jpeg\" \/>\r\n<meta name=\"twitter:card\" content=\"summary_large_image\" \/>\r\n<meta name=\"twitter:label1\" content=\"Szacowany czas czytania\" \/>\n\t<meta name=\"twitter:data1\" content=\"1 minuta\" \/>\r\n<script type=\"application\/ld+json\" class=\"yoast-schema-graph\">{\"@context\":\"https:\/\/schema.org\",\"@graph\":[{\"@type\":\"WebPage\",\"@id\":\"https:\/\/induzon.com\/pl\/produkt\/chlodnica-oleju-hydraulicznego-z-wentylatorem-do-minikoparki-samoczynny-obiegowy-radiator-oleju-hydraulicznego-chlodnica-hydrauliczna-z-wentylatorem-wymiennik-ciepla-chlodnica-oleju-przekladniowego-do\/\",\"url\":\"https:\/\/induzon.com\/pl\/produkt\/chlodnica-oleju-hydraulicznego-z-wentylatorem-do-minikoparki-samoczynny-obiegowy-radiator-oleju-hydraulicznego-chlodnica-hydrauliczna-z-wentylatorem-wymiennik-ciepla-chlodnica-oleju-przekladniowego-do\/\",\"name\":\"Ch\u0142odnica oleju z o\u017cebrowaniem hydraulicznego z wentylatorem\",\"isPartOf\":{\"@id\":\"https:\/\/induzon.com\/pl\/#website\"},\"primaryImageOfPage\":{\"@id\":\"https:\/\/induzon.com\/pl\/produkt\/chlodnica-oleju-hydraulicznego-z-wentylatorem-do-minikoparki-samoczynny-obiegowy-radiator-oleju-hydraulicznego-chlodnica-hydrauliczna-z-wentylatorem-wymiennik-ciepla-chlodnica-oleju-przekladniowego-do\/#primaryimage\"},\"image\":{\"@id\":\"https:\/\/induzon.com\/pl\/produkt\/chlodnica-oleju-hydraulicznego-z-wentylatorem-do-minikoparki-samoczynny-obiegowy-radiator-oleju-hydraulicznego-chlodnica-hydrauliczna-z-wentylatorem-wymiennik-ciepla-chlodnica-oleju-przekladniowego-do\/#primaryimage\"},\"thumbnailUrl\":\"https:\/\/induzon.com\/wp-content\/uploads\/2025\/07\/\u56fe-2-12.jpg\",\"datePublished\":\"2025-07-19T02:21:56+00:00\",\"dateModified\":\"2025-12-29T06:48:28+00:00\",\"description\":\"Ch\u0142odnica oleju hydraulicznego z wentylatorami do minikoparek. Wymienniki ciep\u0142a, zestawy do \u0142adowarek i przemys\u0142u,Ch\u0142odnica oleju hydraulicznego\",\"breadcrumb\":{\"@id\":\"https:\/\/induzon.com\/pl\/produkt\/chlodnica-oleju-hydraulicznego-z-wentylatorem-do-minikoparki-samoczynny-obiegowy-radiator-oleju-hydraulicznego-chlodnica-hydrauliczna-z-wentylatorem-wymiennik-ciepla-chlodnica-oleju-przekladniowego-do\/#breadcrumb\"},\"inLanguage\":\"pl-PL\",\"potentialAction\":[{\"@type\":\"ReadAction\",\"target\":[\"https:\/\/induzon.com\/pl\/produkt\/chlodnica-oleju-hydraulicznego-z-wentylatorem-do-minikoparki-samoczynny-obiegowy-radiator-oleju-hydraulicznego-chlodnica-hydrauliczna-z-wentylatorem-wymiennik-ciepla-chlodnica-oleju-przekladniowego-do\/\"]}]},{\"@type\":\"ImageObject\",\"inLanguage\":\"pl-PL\",\"@id\":\"https:\/\/induzon.com\/pl\/produkt\/chlodnica-oleju-hydraulicznego-z-wentylatorem-do-minikoparki-samoczynny-obiegowy-radiator-oleju-hydraulicznego-chlodnica-hydrauliczna-z-wentylatorem-wymiennik-ciepla-chlodnica-oleju-przekladniowego-do\/#primaryimage\",\"url\":\"https:\/\/induzon.com\/wp-content\/uploads\/2025\/07\/\u56fe-2-12.jpg\",\"contentUrl\":\"https:\/\/induzon.com\/wp-content\/uploads\/2025\/07\/\u56fe-2-12.jpg\",\"width\":1500,\"height\":1500,\"caption\":\"Ch\u0142odnica oleju hydraulicznego wentylowana o\u017cebrowana\"},{\"@type\":\"BreadcrumbList\",\"@id\":\"https:\/\/induzon.com\/pl\/produkt\/chlodnica-oleju-hydraulicznego-z-wentylatorem-do-minikoparki-samoczynny-obiegowy-radiator-oleju-hydraulicznego-chlodnica-hydrauliczna-z-wentylatorem-wymiennik-ciepla-chlodnica-oleju-przekladniowego-do\/#breadcrumb\",\"itemListElement\":[{\"@type\":\"ListItem\",\"position\":1,\"name\":\"\u9996\u9875\",\"item\":\"https:\/\/induzon.com\/pl\/strona-glowna\/\"},{\"@type\":\"ListItem\",\"position\":2,\"name\":\"Sklep\",\"item\":\"https:\/\/induzon.com\/pl\/sklep\/\"},{\"@type\":\"ListItem\",\"position\":3,\"name\":\"ch\u0142odnica oleju hydraulicznego z wentylatorem do minikoparki samoczynny obiegowy radiator oleju hydraulicznego ch\u0142odnica hydrauliczna z wentylatorem wymiennik ciep\u0142a ch\u0142odnica oleju przek\u0142adniowego do koparki \u0142adowarki\"}]},{\"@type\":\"WebSite\",\"@id\":\"https:\/\/induzon.com\/pl\/#website\",\"url\":\"https:\/\/induzon.com\/pl\/\",\"name\":\"induzon\",\"description\":\"\",\"publisher\":{\"@id\":\"https:\/\/induzon.com\/pl\/#organization\"},\"potentialAction\":[{\"@type\":\"SearchAction\",\"target\":{\"@type\":\"EntryPoint\",\"urlTemplate\":\"https:\/\/induzon.com\/pl\/?s={search_term_string}\"},\"query-input\":{\"@type\":\"PropertyValueSpecification\",\"valueRequired\":true,\"valueName\":\"search_term_string\"}}],\"inLanguage\":\"pl-PL\"},{\"@type\":\"Organization\",\"@id\":\"https:\/\/induzon.com\/pl\/#organization\",\"name\":\"induzon\",\"url\":\"https:\/\/induzon.com\/pl\/\",\"logo\":{\"@type\":\"ImageObject\",\"inLanguage\":\"pl-PL\",\"@id\":\"https:\/\/induzon.com\/pl\/#\/schema\/logo\/image\/\",\"url\":\"https:\/\/induzon.com\/wp-content\/uploads\/2025\/05\/cropped-026.png\",\"contentUrl\":\"https:\/\/induzon.com\/wp-content\/uploads\/2025\/05\/cropped-026.png\",\"width\":512,\"height\":512,\"caption\":\"induzon\"},\"image\":{\"@id\":\"https:\/\/induzon.com\/pl\/#\/schema\/logo\/image\/\"}}]}<\/script>\r\n<!-- \/ Yoast SEO plugin. -->","yoast_head_json":{"title":"Ch\u0142odnica oleju z o\u017cebrowaniem hydraulicznego z wentylatorem","description":"Ch\u0142odnica oleju hydraulicznego z wentylatorami do minikoparek. Wymienniki ciep\u0142a, zestawy do \u0142adowarek i przemys\u0142u,Ch\u0142odnica oleju hydraulicznego","robots":{"index":"index","follow":"follow","max-snippet":"max-snippet:-1","max-image-preview":"max-image-preview:large","max-video-preview":"max-video-preview:-1"},"canonical":"https:\/\/induzon.com\/pl\/produkt\/chlodnica-oleju-hydraulicznego-z-wentylatorem-do-minikoparki-samoczynny-obiegowy-radiator-oleju-hydraulicznego-chlodnica-hydrauliczna-z-wentylatorem-wymiennik-ciepla-chlodnica-oleju-przekladniowego-do\/","og_locale":"pl_PL","og_type":"article","og_title":"Ch\u0142odnica oleju z o\u017cebrowaniem hydraulicznego z wentylatorem","og_description":"Ch\u0142odnica oleju hydraulicznego z wentylatorami do minikoparek. Wymienniki ciep\u0142a, zestawy do \u0142adowarek i przemys\u0142u,Ch\u0142odnica oleju hydraulicznego","og_url":"https:\/\/induzon.com\/pl\/produkt\/chlodnica-oleju-hydraulicznego-z-wentylatorem-do-minikoparki-samoczynny-obiegowy-radiator-oleju-hydraulicznego-chlodnica-hydrauliczna-z-wentylatorem-wymiennik-ciepla-chlodnica-oleju-przekladniowego-do\/","og_site_name":"induzon","article_modified_time":"2025-12-29T06:48:28+00:00","og_image":[{"width":1500,"height":1500,"url":"https:\/\/induzon.com\/wp-content\/uploads\/2025\/07\/\u56fe-2-12.jpg","type":"image\/jpeg"}],"twitter_card":"summary_large_image","twitter_misc":{"Szacowany czas czytania":"1 minuta"},"schema":{"@context":"https:\/\/schema.org","@graph":[{"@type":"WebPage","@id":"https:\/\/induzon.com\/pl\/produkt\/chlodnica-oleju-hydraulicznego-z-wentylatorem-do-minikoparki-samoczynny-obiegowy-radiator-oleju-hydraulicznego-chlodnica-hydrauliczna-z-wentylatorem-wymiennik-ciepla-chlodnica-oleju-przekladniowego-do\/","url":"https:\/\/induzon.com\/pl\/produkt\/chlodnica-oleju-hydraulicznego-z-wentylatorem-do-minikoparki-samoczynny-obiegowy-radiator-oleju-hydraulicznego-chlodnica-hydrauliczna-z-wentylatorem-wymiennik-ciepla-chlodnica-oleju-przekladniowego-do\/","name":"Ch\u0142odnica oleju z o\u017cebrowaniem hydraulicznego z wentylatorem","isPartOf":{"@id":"https:\/\/induzon.com\/pl\/#website"},"primaryImageOfPage":{"@id":"https:\/\/induzon.com\/pl\/produkt\/chlodnica-oleju-hydraulicznego-z-wentylatorem-do-minikoparki-samoczynny-obiegowy-radiator-oleju-hydraulicznego-chlodnica-hydrauliczna-z-wentylatorem-wymiennik-ciepla-chlodnica-oleju-przekladniowego-do\/#primaryimage"},"image":{"@id":"https:\/\/induzon.com\/pl\/produkt\/chlodnica-oleju-hydraulicznego-z-wentylatorem-do-minikoparki-samoczynny-obiegowy-radiator-oleju-hydraulicznego-chlodnica-hydrauliczna-z-wentylatorem-wymiennik-ciepla-chlodnica-oleju-przekladniowego-do\/#primaryimage"},"thumbnailUrl":"https:\/\/induzon.com\/wp-content\/uploads\/2025\/07\/\u56fe-2-12.jpg","datePublished":"2025-07-19T02:21:56+00:00","dateModified":"2025-12-29T06:48:28+00:00","description":"Ch\u0142odnica oleju hydraulicznego z wentylatorami do minikoparek. Wymienniki ciep\u0142a, zestawy do \u0142adowarek i przemys\u0142u,Ch\u0142odnica oleju hydraulicznego","breadcrumb":{"@id":"https:\/\/induzon.com\/pl\/produkt\/chlodnica-oleju-hydraulicznego-z-wentylatorem-do-minikoparki-samoczynny-obiegowy-radiator-oleju-hydraulicznego-chlodnica-hydrauliczna-z-wentylatorem-wymiennik-ciepla-chlodnica-oleju-przekladniowego-do\/#breadcrumb"},"inLanguage":"pl-PL","potentialAction":[{"@type":"ReadAction","target":["https:\/\/induzon.com\/pl\/produkt\/chlodnica-oleju-hydraulicznego-z-wentylatorem-do-minikoparki-samoczynny-obiegowy-radiator-oleju-hydraulicznego-chlodnica-hydrauliczna-z-wentylatorem-wymiennik-ciepla-chlodnica-oleju-przekladniowego-do\/"]}]},{"@type":"ImageObject","inLanguage":"pl-PL","@id":"https:\/\/induzon.com\/pl\/produkt\/chlodnica-oleju-hydraulicznego-z-wentylatorem-do-minikoparki-samoczynny-obiegowy-radiator-oleju-hydraulicznego-chlodnica-hydrauliczna-z-wentylatorem-wymiennik-ciepla-chlodnica-oleju-przekladniowego-do\/#primaryimage","url":"https:\/\/induzon.com\/wp-content\/uploads\/2025\/07\/\u56fe-2-12.jpg","contentUrl":"https:\/\/induzon.com\/wp-content\/uploads\/2025\/07\/\u56fe-2-12.jpg","width":1500,"height":1500,"caption":"Ch\u0142odnica oleju hydraulicznego wentylowana o\u017cebrowana"},{"@type":"BreadcrumbList","@id":"https:\/\/induzon.com\/pl\/produkt\/chlodnica-oleju-hydraulicznego-z-wentylatorem-do-minikoparki-samoczynny-obiegowy-radiator-oleju-hydraulicznego-chlodnica-hydrauliczna-z-wentylatorem-wymiennik-ciepla-chlodnica-oleju-przekladniowego-do\/#breadcrumb","itemListElement":[{"@type":"ListItem","position":1,"name":"\u9996\u9875","item":"https:\/\/induzon.com\/pl\/strona-glowna\/"},{"@type":"ListItem","position":2,"name":"Sklep","item":"https:\/\/induzon.com\/pl\/sklep\/"},{"@type":"ListItem","position":3,"name":"ch\u0142odnica oleju hydraulicznego z wentylatorem do minikoparki samoczynny obiegowy radiator oleju hydraulicznego ch\u0142odnica hydrauliczna z wentylatorem wymiennik ciep\u0142a ch\u0142odnica oleju przek\u0142adniowego do koparki \u0142adowarki"}]},{"@type":"WebSite","@id":"https:\/\/induzon.com\/pl\/#website","url":"https:\/\/induzon.com\/pl\/","name":"induzon","description":"","publisher":{"@id":"https:\/\/induzon.com\/pl\/#organization"},"potentialAction":[{"@type":"SearchAction","target":{"@type":"EntryPoint","urlTemplate":"https:\/\/induzon.com\/pl\/?s={search_term_string}"},"query-input":{"@type":"PropertyValueSpecification","valueRequired":true,"valueName":"search_term_string"}}],"inLanguage":"pl-PL"},{"@type":"Organization","@id":"https:\/\/induzon.com\/pl\/#organization","name":"induzon","url":"https:\/\/induzon.com\/pl\/","logo":{"@type":"ImageObject","inLanguage":"pl-PL","@id":"https:\/\/induzon.com\/pl\/#\/schema\/logo\/image\/","url":"https:\/\/induzon.com\/wp-content\/uploads\/2025\/05\/cropped-026.png","contentUrl":"https:\/\/induzon.com\/wp-content\/uploads\/2025\/05\/cropped-026.png","width":512,"height":512,"caption":"induzon"},"image":{"@id":"https:\/\/induzon.com\/pl\/#\/schema\/logo\/image\/"}}]}},"_links":{"self":[{"href":"https:\/\/induzon.com\/pl\/wp-json\/wp\/v2\/product\/19070","targetHints":{"allow":["GET"]}}],"collection":[{"href":"https:\/\/induzon.com\/pl\/wp-json\/wp\/v2\/product"}],"about":[{"href":"https:\/\/induzon.com\/pl\/wp-json\/wp\/v2\/types\/product"}],"replies":[{"embeddable":true,"href":"https:\/\/induzon.com\/pl\/wp-json\/wp\/v2\/comments?post=19070"}],"version-history":[{"count":1,"href":"https:\/\/induzon.com\/pl\/wp-json\/wp\/v2\/product\/19070\/revisions"}],"predecessor-version":[{"id":28120,"href":"https:\/\/induzon.com\/pl\/wp-json\/wp\/v2\/product\/19070\/revisions\/28120"}],"wp:featuredmedia":[{"embeddable":true,"href":"https:\/\/induzon.com\/pl\/wp-json\/wp\/v2\/media\/19062"}],"wp:attachment":[{"href":"https:\/\/induzon.com\/pl\/wp-json\/wp\/v2\/media?parent=19070"}],"wp:term":[{"taxonomy":"product_brand","embeddable":true,"href":"https:\/\/induzon.com\/pl\/wp-json\/wp\/v2\/product_brand?post=19070"},{"taxonomy":"product_cat","embeddable":true,"href":"https:\/\/induzon.com\/pl\/wp-json\/wp\/v2\/product_cat?post=19070"},{"taxonomy":"product_tag","embeddable":true,"href":"https:\/\/induzon.com\/pl\/wp-json\/wp\/v2\/product_tag?post=19070"}],"curies":[{"name":"wp","href":"https:\/\/api.w.org\/{rel}","templated":true}]}}