{"id":1976,"date":"2024-12-31T14:07:21","date_gmt":"2024-12-31T06:07:21","guid":{"rendered":"http:\/\/localhost\/product\/set-przetwornik-ultradwikowy-generator-modul-zasilania-wanna-ultradzwiekowa-do-myjka-ultradzwiekowa-okularow-wibracyjna\/"},"modified":"2026-01-13T15:32:43","modified_gmt":"2026-01-13T07:32:43","slug":"set-przetwornik-ultradwikowy-generator-modul-zasilania-wanna-ultradzwiekowa-do-myjka-ultradzwiekowa-okularow-wibracyjna","status":"publish","type":"product","link":"https:\/\/induzon.com\/pl\/produkt\/set-przetwornik-ultradwikowy-generator-modul-zasilania-wanna-ultradzwiekowa-do-myjka-ultradzwiekowa-okularow-wibracyjna\/","title":{"rendered":"Set przetwornik ultradwikowy generator modu\u0142 zasilania wanna ultrad\u017awi\u0119kowa do myjka ultrad\u017awi\u0119kowa okular\u00f3w wibracyjna"},"content":{"rendered":"","protected":false},"excerpt":{"rendered":"","protected":false},"featured_media":1977,"comment_status":"open","ping_status":"closed","template":"","meta":{"site-sidebar-layout":"default","site-content-layout":"","ast-site-content-layout":"default","site-content-style":"default","site-sidebar-style":"default","ast-global-header-display":"","ast-banner-title-visibility":"","ast-main-header-display":"","ast-hfb-above-header-display":"","ast-hfb-below-header-display":"","ast-hfb-mobile-header-display":"","site-post-title":"","ast-breadcrumbs-content":"","ast-featured-img":"","footer-sml-layout":"","theme-transparent-header-meta":"default","adv-header-id-meta":"","stick-header-meta":"","header-above-stick-meta":"","header-main-stick-meta":"","header-below-stick-meta":"","astra-migrate-meta-layouts":"set","ast-page-background-enabled":"default","ast-page-background-meta":{"desktop":{"background-color":"var(--ast-global-color-4)","background-image":"","background-repeat":"repeat","background-position":"center center","background-size":"auto","background-attachment":"scroll","background-type":"","background-media":"","overlay-type":"","overlay-color":"","overlay-opacity":"","overlay-gradient":""},"tablet":{"background-color":"","background-image":"","background-repeat":"repeat","background-position":"center center","background-size":"auto","background-attachment":"scroll","background-type":"","background-media":"","overlay-type":"","overlay-color":"","overlay-opacity":"","overlay-gradient":""},"mobile":{"background-color":"","background-image":"","background-repeat":"repeat","background-position":"center center","background-size":"auto","background-attachment":"scroll","background-type":"","background-media":"","overlay-type":"","overlay-color":"","overlay-opacity":"","overlay-gradient":""}},"ast-content-background-meta":{"desktop":{"background-color":"var(--ast-global-color-5)","background-image":"","background-repeat":"repeat","background-position":"center center","background-size":"auto","background-attachment":"scroll","background-type":"","background-media":"","overlay-type":"","overlay-color":"","overlay-opacity":"","overlay-gradient":""},"tablet":{"background-color":"var(--ast-global-color-5)","background-image":"","background-repeat":"repeat","background-position":"center center","background-size":"auto","background-attachment":"scroll","background-type":"","background-media":"","overlay-type":"","overlay-color":"","overlay-opacity":"","overlay-gradient":""},"mobile":{"background-color":"var(--ast-global-color-5)","background-image":"","background-repeat":"repeat","background-position":"center center","background-size":"auto","background-attachment":"scroll","background-type":"","background-media":"","overlay-type":"","overlay-color":"","overlay-opacity":"","overlay-gradient":""}}},"product_brand":[],"product_cat":[360],"product_tag":[361],"class_list":{"0":"post-1976","1":"product","2":"type-product","3":"status-publish","4":"has-post-thumbnail","6":"product_cat-akcesoria-do-myjek-ultradzwiekowych","7":"product_tag-przetwornik","8":"desktop-align-left","9":"tablet-align-left","10":"mobile-align-left","12":"first","13":"instock","14":"sale","15":"shipping-taxable","16":"purchasable","17":"product-type-variable"},"yoast_head":"<!-- This site is optimized with the Yoast SEO plugin v24.9 - https:\/\/yoast.com\/wordpress\/plugins\/seo\/ -->\r\n<title>Myjka Ultrad\u017awi\u0119kowa -Induzon<\/title>\r\n<meta name=\"description\" content=\"Przemys\u0142owa i podgrzewana wanna myjka ultrad\u017awi\u0119kowa do okular\u00f3w, narz\u0119dzi i nie tylko. Skuteczna myjka wibracyjna i sterylizator. Sprawd\u017a promocje!\" \/>\r\n<meta name=\"robots\" content=\"index, follow, max-snippet:-1, max-image-preview:large, max-video-preview:-1\" \/>\r\n<link rel=\"canonical\" href=\"https:\/\/induzon.com\/pl\/produkt\/set-przetwornik-ultradwikowy-generator-modul-zasilania-wanna-ultradzwiekowa-do-myjka-ultradzwiekowa-okularow-wibracyjna\/\" \/>\r\n<meta property=\"og:locale\" content=\"pl_PL\" \/>\r\n<meta property=\"og:type\" content=\"article\" \/>\r\n<meta property=\"og:title\" content=\"Myjka Ultrad\u017awi\u0119kowa -Induzon\" \/>\r\n<meta property=\"og:description\" content=\"Przemys\u0142owa i podgrzewana wanna myjka ultrad\u017awi\u0119kowa do okular\u00f3w, narz\u0119dzi i nie tylko. Skuteczna myjka wibracyjna i sterylizator. Sprawd\u017a promocje!\" \/>\r\n<meta property=\"og:url\" content=\"https:\/\/induzon.com\/pl\/produkt\/set-przetwornik-ultradwikowy-generator-modul-zasilania-wanna-ultradzwiekowa-do-myjka-ultradzwiekowa-okularow-wibracyjna\/\" \/>\r\n<meta property=\"og:site_name\" content=\"induzon\" \/>\r\n<meta property=\"article:modified_time\" content=\"2026-01-13T07:32:43+00:00\" \/>\r\n<meta property=\"og:image\" content=\"https:\/\/induzon.com\/wp-content\/uploads\/2024\/12\/6-1.jpg\" \/>\r\n\t<meta property=\"og:image:width\" content=\"1500\" \/>\r\n\t<meta property=\"og:image:height\" content=\"1500\" \/>\r\n\t<meta property=\"og:image:type\" content=\"image\/jpeg\" \/>\r\n<meta name=\"twitter:card\" content=\"summary_large_image\" \/>\r\n<meta name=\"twitter:label1\" content=\"Szacowany czas czytania\" \/>\n\t<meta name=\"twitter:data1\" content=\"1 minuta\" \/>\r\n<script type=\"application\/ld+json\" class=\"yoast-schema-graph\">{\"@context\":\"https:\/\/schema.org\",\"@graph\":[{\"@type\":\"WebPage\",\"@id\":\"https:\/\/induzon.com\/pl\/produkt\/set-przetwornik-ultradwikowy-generator-modul-zasilania-wanna-ultradzwiekowa-do-myjka-ultradzwiekowa-okularow-wibracyjna\/\",\"url\":\"https:\/\/induzon.com\/pl\/produkt\/set-przetwornik-ultradwikowy-generator-modul-zasilania-wanna-ultradzwiekowa-do-myjka-ultradzwiekowa-okularow-wibracyjna\/\",\"name\":\"Myjka Ultrad\u017awi\u0119kowa -Induzon\",\"isPartOf\":{\"@id\":\"https:\/\/induzon.com\/pl\/#website\"},\"primaryImageOfPage\":{\"@id\":\"https:\/\/induzon.com\/pl\/produkt\/set-przetwornik-ultradwikowy-generator-modul-zasilania-wanna-ultradzwiekowa-do-myjka-ultradzwiekowa-okularow-wibracyjna\/#primaryimage\"},\"image\":{\"@id\":\"https:\/\/induzon.com\/pl\/produkt\/set-przetwornik-ultradwikowy-generator-modul-zasilania-wanna-ultradzwiekowa-do-myjka-ultradzwiekowa-okularow-wibracyjna\/#primaryimage\"},\"thumbnailUrl\":\"https:\/\/induzon.com\/wp-content\/uploads\/2024\/12\/6-1.jpg\",\"datePublished\":\"2024-12-31T06:07:21+00:00\",\"dateModified\":\"2026-01-13T07:32:43+00:00\",\"description\":\"Przemys\u0142owa i podgrzewana wanna myjka ultrad\u017awi\u0119kowa do okular\u00f3w, narz\u0119dzi i nie tylko. Skuteczna myjka wibracyjna i sterylizator. Sprawd\u017a promocje!\",\"breadcrumb\":{\"@id\":\"https:\/\/induzon.com\/pl\/produkt\/set-przetwornik-ultradwikowy-generator-modul-zasilania-wanna-ultradzwiekowa-do-myjka-ultradzwiekowa-okularow-wibracyjna\/#breadcrumb\"},\"inLanguage\":\"pl-PL\",\"potentialAction\":[{\"@type\":\"ReadAction\",\"target\":[\"https:\/\/induzon.com\/pl\/produkt\/set-przetwornik-ultradwikowy-generator-modul-zasilania-wanna-ultradzwiekowa-do-myjka-ultradzwiekowa-okularow-wibracyjna\/\"]}]},{\"@type\":\"ImageObject\",\"inLanguage\":\"pl-PL\",\"@id\":\"https:\/\/induzon.com\/pl\/produkt\/set-przetwornik-ultradwikowy-generator-modul-zasilania-wanna-ultradzwiekowa-do-myjka-ultradzwiekowa-okularow-wibracyjna\/#primaryimage\",\"url\":\"https:\/\/induzon.com\/wp-content\/uploads\/2024\/12\/6-1.jpg\",\"contentUrl\":\"https:\/\/induzon.com\/wp-content\/uploads\/2024\/12\/6-1.jpg\",\"width\":1500,\"height\":1500,\"caption\":\"Set przetwornik ultradwikowy generator modu\u0142 zasilania wanna ultrad\u017awi\u0119kowa do myjka ultrad\u017awi\u0119kowa okular\u00f3w wibracyjna\"},{\"@type\":\"BreadcrumbList\",\"@id\":\"https:\/\/induzon.com\/pl\/produkt\/set-przetwornik-ultradwikowy-generator-modul-zasilania-wanna-ultradzwiekowa-do-myjka-ultradzwiekowa-okularow-wibracyjna\/#breadcrumb\",\"itemListElement\":[{\"@type\":\"ListItem\",\"position\":1,\"name\":\"\u9996\u9875\",\"item\":\"https:\/\/induzon.com\/pl\/strona-glowna\/\"},{\"@type\":\"ListItem\",\"position\":2,\"name\":\"Sklep\",\"item\":\"https:\/\/induzon.com\/pl\/sklep\/\"},{\"@type\":\"ListItem\",\"position\":3,\"name\":\"Set przetwornik ultradwikowy generator modu\u0142 zasilania wanna ultrad\u017awi\u0119kowa do myjka ultrad\u017awi\u0119kowa okular\u00f3w wibracyjna\"}]},{\"@type\":\"WebSite\",\"@id\":\"https:\/\/induzon.com\/pl\/#website\",\"url\":\"https:\/\/induzon.com\/pl\/\",\"name\":\"induzon\",\"description\":\"\",\"publisher\":{\"@id\":\"https:\/\/induzon.com\/pl\/#organization\"},\"potentialAction\":[{\"@type\":\"SearchAction\",\"target\":{\"@type\":\"EntryPoint\",\"urlTemplate\":\"https:\/\/induzon.com\/pl\/?s={search_term_string}\"},\"query-input\":{\"@type\":\"PropertyValueSpecification\",\"valueRequired\":true,\"valueName\":\"search_term_string\"}}],\"inLanguage\":\"pl-PL\"},{\"@type\":\"Organization\",\"@id\":\"https:\/\/induzon.com\/pl\/#organization\",\"name\":\"induzon\",\"url\":\"https:\/\/induzon.com\/pl\/\",\"logo\":{\"@type\":\"ImageObject\",\"inLanguage\":\"pl-PL\",\"@id\":\"https:\/\/induzon.com\/pl\/#\/schema\/logo\/image\/\",\"url\":\"https:\/\/induzon.com\/wp-content\/uploads\/2025\/05\/cropped-026.png\",\"contentUrl\":\"https:\/\/induzon.com\/wp-content\/uploads\/2025\/05\/cropped-026.png\",\"width\":512,\"height\":512,\"caption\":\"induzon\"},\"image\":{\"@id\":\"https:\/\/induzon.com\/pl\/#\/schema\/logo\/image\/\"}}]}<\/script>\r\n<!-- \/ Yoast SEO plugin. -->","yoast_head_json":{"title":"Myjka Ultrad\u017awi\u0119kowa -Induzon","description":"Przemys\u0142owa i podgrzewana wanna myjka ultrad\u017awi\u0119kowa do okular\u00f3w, narz\u0119dzi i nie tylko. Skuteczna myjka wibracyjna i sterylizator. Sprawd\u017a promocje!","robots":{"index":"index","follow":"follow","max-snippet":"max-snippet:-1","max-image-preview":"max-image-preview:large","max-video-preview":"max-video-preview:-1"},"canonical":"https:\/\/induzon.com\/pl\/produkt\/set-przetwornik-ultradwikowy-generator-modul-zasilania-wanna-ultradzwiekowa-do-myjka-ultradzwiekowa-okularow-wibracyjna\/","og_locale":"pl_PL","og_type":"article","og_title":"Myjka Ultrad\u017awi\u0119kowa -Induzon","og_description":"Przemys\u0142owa i podgrzewana wanna myjka ultrad\u017awi\u0119kowa do okular\u00f3w, narz\u0119dzi i nie tylko. Skuteczna myjka wibracyjna i sterylizator. Sprawd\u017a promocje!","og_url":"https:\/\/induzon.com\/pl\/produkt\/set-przetwornik-ultradwikowy-generator-modul-zasilania-wanna-ultradzwiekowa-do-myjka-ultradzwiekowa-okularow-wibracyjna\/","og_site_name":"induzon","article_modified_time":"2026-01-13T07:32:43+00:00","og_image":[{"width":1500,"height":1500,"url":"https:\/\/induzon.com\/wp-content\/uploads\/2024\/12\/6-1.jpg","type":"image\/jpeg"}],"twitter_card":"summary_large_image","twitter_misc":{"Szacowany czas czytania":"1 minuta"},"schema":{"@context":"https:\/\/schema.org","@graph":[{"@type":"WebPage","@id":"https:\/\/induzon.com\/pl\/produkt\/set-przetwornik-ultradwikowy-generator-modul-zasilania-wanna-ultradzwiekowa-do-myjka-ultradzwiekowa-okularow-wibracyjna\/","url":"https:\/\/induzon.com\/pl\/produkt\/set-przetwornik-ultradwikowy-generator-modul-zasilania-wanna-ultradzwiekowa-do-myjka-ultradzwiekowa-okularow-wibracyjna\/","name":"Myjka Ultrad\u017awi\u0119kowa -Induzon","isPartOf":{"@id":"https:\/\/induzon.com\/pl\/#website"},"primaryImageOfPage":{"@id":"https:\/\/induzon.com\/pl\/produkt\/set-przetwornik-ultradwikowy-generator-modul-zasilania-wanna-ultradzwiekowa-do-myjka-ultradzwiekowa-okularow-wibracyjna\/#primaryimage"},"image":{"@id":"https:\/\/induzon.com\/pl\/produkt\/set-przetwornik-ultradwikowy-generator-modul-zasilania-wanna-ultradzwiekowa-do-myjka-ultradzwiekowa-okularow-wibracyjna\/#primaryimage"},"thumbnailUrl":"https:\/\/induzon.com\/wp-content\/uploads\/2024\/12\/6-1.jpg","datePublished":"2024-12-31T06:07:21+00:00","dateModified":"2026-01-13T07:32:43+00:00","description":"Przemys\u0142owa i podgrzewana wanna myjka ultrad\u017awi\u0119kowa do okular\u00f3w, narz\u0119dzi i nie tylko. Skuteczna myjka wibracyjna i sterylizator. Sprawd\u017a promocje!","breadcrumb":{"@id":"https:\/\/induzon.com\/pl\/produkt\/set-przetwornik-ultradwikowy-generator-modul-zasilania-wanna-ultradzwiekowa-do-myjka-ultradzwiekowa-okularow-wibracyjna\/#breadcrumb"},"inLanguage":"pl-PL","potentialAction":[{"@type":"ReadAction","target":["https:\/\/induzon.com\/pl\/produkt\/set-przetwornik-ultradwikowy-generator-modul-zasilania-wanna-ultradzwiekowa-do-myjka-ultradzwiekowa-okularow-wibracyjna\/"]}]},{"@type":"ImageObject","inLanguage":"pl-PL","@id":"https:\/\/induzon.com\/pl\/produkt\/set-przetwornik-ultradwikowy-generator-modul-zasilania-wanna-ultradzwiekowa-do-myjka-ultradzwiekowa-okularow-wibracyjna\/#primaryimage","url":"https:\/\/induzon.com\/wp-content\/uploads\/2024\/12\/6-1.jpg","contentUrl":"https:\/\/induzon.com\/wp-content\/uploads\/2024\/12\/6-1.jpg","width":1500,"height":1500,"caption":"Set przetwornik ultradwikowy generator modu\u0142 zasilania wanna ultrad\u017awi\u0119kowa do myjka ultrad\u017awi\u0119kowa okular\u00f3w wibracyjna"},{"@type":"BreadcrumbList","@id":"https:\/\/induzon.com\/pl\/produkt\/set-przetwornik-ultradwikowy-generator-modul-zasilania-wanna-ultradzwiekowa-do-myjka-ultradzwiekowa-okularow-wibracyjna\/#breadcrumb","itemListElement":[{"@type":"ListItem","position":1,"name":"\u9996\u9875","item":"https:\/\/induzon.com\/pl\/strona-glowna\/"},{"@type":"ListItem","position":2,"name":"Sklep","item":"https:\/\/induzon.com\/pl\/sklep\/"},{"@type":"ListItem","position":3,"name":"Set przetwornik ultradwikowy generator modu\u0142 zasilania wanna ultrad\u017awi\u0119kowa do myjka ultrad\u017awi\u0119kowa okular\u00f3w wibracyjna"}]},{"@type":"WebSite","@id":"https:\/\/induzon.com\/pl\/#website","url":"https:\/\/induzon.com\/pl\/","name":"induzon","description":"","publisher":{"@id":"https:\/\/induzon.com\/pl\/#organization"},"potentialAction":[{"@type":"SearchAction","target":{"@type":"EntryPoint","urlTemplate":"https:\/\/induzon.com\/pl\/?s={search_term_string}"},"query-input":{"@type":"PropertyValueSpecification","valueRequired":true,"valueName":"search_term_string"}}],"inLanguage":"pl-PL"},{"@type":"Organization","@id":"https:\/\/induzon.com\/pl\/#organization","name":"induzon","url":"https:\/\/induzon.com\/pl\/","logo":{"@type":"ImageObject","inLanguage":"pl-PL","@id":"https:\/\/induzon.com\/pl\/#\/schema\/logo\/image\/","url":"https:\/\/induzon.com\/wp-content\/uploads\/2025\/05\/cropped-026.png","contentUrl":"https:\/\/induzon.com\/wp-content\/uploads\/2025\/05\/cropped-026.png","width":512,"height":512,"caption":"induzon"},"image":{"@id":"https:\/\/induzon.com\/pl\/#\/schema\/logo\/image\/"}}]}},"_links":{"self":[{"href":"https:\/\/induzon.com\/pl\/wp-json\/wp\/v2\/product\/1976","targetHints":{"allow":["GET"]}}],"collection":[{"href":"https:\/\/induzon.com\/pl\/wp-json\/wp\/v2\/product"}],"about":[{"href":"https:\/\/induzon.com\/pl\/wp-json\/wp\/v2\/types\/product"}],"replies":[{"embeddable":true,"href":"https:\/\/induzon.com\/pl\/wp-json\/wp\/v2\/comments?post=1976"}],"version-history":[{"count":1,"href":"https:\/\/induzon.com\/pl\/wp-json\/wp\/v2\/product\/1976\/revisions"}],"predecessor-version":[{"id":32952,"href":"https:\/\/induzon.com\/pl\/wp-json\/wp\/v2\/product\/1976\/revisions\/32952"}],"wp:featuredmedia":[{"embeddable":true,"href":"https:\/\/induzon.com\/pl\/wp-json\/wp\/v2\/media\/1977"}],"wp:attachment":[{"href":"https:\/\/induzon.com\/pl\/wp-json\/wp\/v2\/media?parent=1976"}],"wp:term":[{"taxonomy":"product_brand","embeddable":true,"href":"https:\/\/induzon.com\/pl\/wp-json\/wp\/v2\/product_brand?post=1976"},{"taxonomy":"product_cat","embeddable":true,"href":"https:\/\/induzon.com\/pl\/wp-json\/wp\/v2\/product_cat?post=1976"},{"taxonomy":"product_tag","embeddable":true,"href":"https:\/\/induzon.com\/pl\/wp-json\/wp\/v2\/product_tag?post=1976"}],"curies":[{"name":"wp","href":"https:\/\/api.w.org\/{rel}","templated":true}]}}