{"id":24830,"date":"2025-09-11T09:56:35","date_gmt":"2025-09-11T01:56:35","guid":{"rendered":"https:\/\/induzon.com\/shop\/agregaty-chlodnicze-do-chlodni-mrozni-agregat-skraplajacy-wody-lodowej-system-chlodzenia-akwarium-chlodnica-wodna-zywnosci-agregat-plytowy-peltiera-przemyslowy-zewnetrzny-kontenera-jednostka-chlodnicz\/"},"modified":"2025-09-17T13:49:08","modified_gmt":"2025-09-17T05:49:08","slug":"agregaty-chlodnicze-do-chlodni-mrozni-agregat-skraplajacy-wody-lodowej-system-chlodzenia-akwarium-chlodnica-wodna-zywnosci-agregat-plytowy-peltiera-przemyslowy-zewnetrzny-kontenera-jednostka-chlodnicz","status":"publish","type":"product","link":"https:\/\/induzon.com\/pl\/produkt\/agregaty-chlodnicze-do-chlodni-mrozni-agregat-skraplajacy-wody-lodowej-system-chlodzenia-akwarium-chlodnica-wodna-zywnosci-agregat-plytowy-peltiera-przemyslowy-zewnetrzny-kontenera-jednostka-chlodnicz\/","title":{"rendered":"agregaty ch\u0142odnicze do ch\u0142odni mro\u017ani agregat skraplaj\u0105cy wody lodowej system ch\u0142odzenia akwarium ch\u0142odnica wodna \u017cywno\u015bci agregat p\u0142ytowy peltiera przemys\u0142owy zewn\u0119trzny kontenera jednostka ch\u0142odnicza do kom\u00f3r ch\u0142odniczych niestandardowe lod\u00f3wki klimatyzacja meble ch\u0142odz\u0105ce agregat skraplaj\u0105cy ch\u0142odzenie"},"content":{"rendered":"<p>1.Wydajne ch\u0142odzenie dla r\u00f3\u017cnych zastosowa\u0144, w tym laboratori\u00f3w i przechowywania \u017cywno\u015bci.<br \/>\n2.Kompaktowa konstrukcja idealna do ma\u0142ych przestrzeni, \u0142atwa w instalacji i konserwacji.<br \/>\n3.Precyzyjna kontrola temperatury dla stabilnych warunk\u00f3w w ch\u0142odniach i suszarkach.<br \/>\n4.Energooszcz\u0119dna technologia redukuj\u0105ca koszty eksploatacji przy zachowaniu wysokiej wydajno\u015bci.<br \/>\n5.Wszechstronne zastosowanie: od akwari\u00f3w po lod\u00f3wki sklepowe i urz\u0105dzenia laboratoryjne.<\/p>\n","protected":false},"excerpt":{"rendered":"<p>1.Wydajne ch\u0142odzenie dla r\u00f3\u017cnych zastosowa\u0144, w tym laboratori\u00f3w i przechowywania \u017cywno\u015bci. 2.Kompaktowa konstrukcja idealna do ma\u0142ych przestrzeni, \u0142atwa w instalacji [&hellip;]<\/p>\n","protected":false},"featured_media":24694,"comment_status":"open","ping_status":"closed","template":"","meta":{"site-sidebar-layout":"default","site-content-layout":"","ast-site-content-layout":"default","site-content-style":"default","site-sidebar-style":"default","ast-global-header-display":"","ast-banner-title-visibility":"","ast-main-header-display":"","ast-hfb-above-header-display":"","ast-hfb-below-header-display":"","ast-hfb-mobile-header-display":"","site-post-title":"","ast-breadcrumbs-content":"","ast-featured-img":"","footer-sml-layout":"","theme-transparent-header-meta":"default","adv-header-id-meta":"","stick-header-meta":"","header-above-stick-meta":"","header-main-stick-meta":"","header-below-stick-meta":"","astra-migrate-meta-layouts":"set","ast-page-background-enabled":"default","ast-page-background-meta":{"desktop":{"background-color":"var(--ast-global-color-4)","background-image":"","background-repeat":"repeat","background-position":"center center","background-size":"auto","background-attachment":"scroll","background-type":"","background-media":"","overlay-type":"","overlay-color":"","overlay-opacity":"","overlay-gradient":""},"tablet":{"background-color":"","background-image":"","background-repeat":"repeat","background-position":"center center","background-size":"auto","background-attachment":"scroll","background-type":"","background-media":"","overlay-type":"","overlay-color":"","overlay-opacity":"","overlay-gradient":""},"mobile":{"background-color":"","background-image":"","background-repeat":"repeat","background-position":"center center","background-size":"auto","background-attachment":"scroll","background-type":"","background-media":"","overlay-type":"","overlay-color":"","overlay-opacity":"","overlay-gradient":""}},"ast-content-background-meta":{"desktop":{"background-color":"var(--ast-global-color-5)","background-image":"","background-repeat":"repeat","background-position":"center center","background-size":"auto","background-attachment":"scroll","background-type":"","background-media":"","overlay-type":"","overlay-color":"","overlay-opacity":"","overlay-gradient":""},"tablet":{"background-color":"var(--ast-global-color-5)","background-image":"","background-repeat":"repeat","background-position":"center center","background-size":"auto","background-attachment":"scroll","background-type":"","background-media":"","overlay-type":"","overlay-color":"","overlay-opacity":"","overlay-gradient":""},"mobile":{"background-color":"var(--ast-global-color-5)","background-image":"","background-repeat":"repeat","background-position":"center center","background-size":"auto","background-attachment":"scroll","background-type":"","background-media":"","overlay-type":"","overlay-color":"","overlay-opacity":"","overlay-gradient":""}}},"product_brand":[],"product_cat":[900,998],"product_tag":[999,1000],"class_list":{"0":"post-24830","1":"product","2":"type-product","3":"status-publish","4":"has-post-thumbnail","6":"product_cat-narzedzia-i-wyposazenie","7":"product_cat-sprzet-chlodniczy","8":"product_tag-komercyjne-agregaty-skraplajace","9":"product_tag-przemyslowe-urzadzenia-chlodnicze","10":"desktop-align-left","11":"tablet-align-left","12":"mobile-align-left","14":"first","15":"instock","16":"sale","17":"shipping-taxable","18":"purchasable","19":"product-type-simple"},"yoast_head":"<!-- This site is optimized with the Yoast SEO plugin v24.9 - https:\/\/yoast.com\/wordpress\/plugins\/seo\/ -->\r\n<title>agregaty ch\u0142odnicze do ch\u0142odni mro\u017ani agregat -Induzon<\/title>\r\n<meta name=\"description\" content=\"agregaty ch\u0142odnicze,agregaty skraplaj\u0105ce, agregat ch\u0142odniczy przemys\u0142owy, agregaty do akwari\u00f3w, ch\u0142odnica wody akwarium, agregat do ch\u0142odni\" \/>\r\n<meta name=\"robots\" content=\"index, follow, max-snippet:-1, max-image-preview:large, max-video-preview:-1\" \/>\r\n<link rel=\"canonical\" href=\"https:\/\/induzon.com\/pl\/produkt\/agregaty-chlodnicze-do-chlodni-mrozni-agregat-skraplajacy-wody-lodowej-system-chlodzenia-akwarium-chlodnica-wodna-zywnosci-agregat-plytowy-peltiera-przemyslowy-zewnetrzny-kontenera-jednostka-chlodnicz\/\" \/>\r\n<meta property=\"og:locale\" content=\"pl_PL\" \/>\r\n<meta property=\"og:type\" content=\"article\" \/>\r\n<meta property=\"og:title\" content=\"agregaty ch\u0142odnicze do ch\u0142odni mro\u017ani agregat -Induzon\" \/>\r\n<meta property=\"og:description\" content=\"agregaty ch\u0142odnicze,agregaty skraplaj\u0105ce, agregat ch\u0142odniczy przemys\u0142owy, agregaty do akwari\u00f3w, ch\u0142odnica wody akwarium, agregat do ch\u0142odni\" \/>\r\n<meta property=\"og:url\" content=\"https:\/\/induzon.com\/pl\/produkt\/agregaty-chlodnicze-do-chlodni-mrozni-agregat-skraplajacy-wody-lodowej-system-chlodzenia-akwarium-chlodnica-wodna-zywnosci-agregat-plytowy-peltiera-przemyslowy-zewnetrzny-kontenera-jednostka-chlodnicz\/\" \/>\r\n<meta property=\"og:site_name\" content=\"induzon\" \/>\r\n<meta property=\"article:modified_time\" content=\"2025-09-17T05:49:08+00:00\" \/>\r\n<meta property=\"og:image\" content=\"https:\/\/induzon.com\/wp-content\/uploads\/2025\/09\/\u56fe-1-1.jpg\" \/>\r\n\t<meta property=\"og:image:width\" content=\"1500\" \/>\r\n\t<meta property=\"og:image:height\" content=\"1500\" \/>\r\n\t<meta property=\"og:image:type\" content=\"image\/jpeg\" \/>\r\n<meta name=\"twitter:card\" content=\"summary_large_image\" \/>\r\n<meta name=\"twitter:label1\" content=\"Szacowany czas czytania\" \/>\n\t<meta name=\"twitter:data1\" content=\"1 minuta\" \/>\r\n<script type=\"application\/ld+json\" class=\"yoast-schema-graph\">{\"@context\":\"https:\/\/schema.org\",\"@graph\":[{\"@type\":\"WebPage\",\"@id\":\"https:\/\/induzon.com\/pl\/produkt\/agregaty-chlodnicze-do-chlodni-mrozni-agregat-skraplajacy-wody-lodowej-system-chlodzenia-akwarium-chlodnica-wodna-zywnosci-agregat-plytowy-peltiera-przemyslowy-zewnetrzny-kontenera-jednostka-chlodnicz\/\",\"url\":\"https:\/\/induzon.com\/pl\/produkt\/agregaty-chlodnicze-do-chlodni-mrozni-agregat-skraplajacy-wody-lodowej-system-chlodzenia-akwarium-chlodnica-wodna-zywnosci-agregat-plytowy-peltiera-przemyslowy-zewnetrzny-kontenera-jednostka-chlodnicz\/\",\"name\":\"agregaty ch\u0142odnicze do ch\u0142odni mro\u017ani agregat -Induzon\",\"isPartOf\":{\"@id\":\"https:\/\/induzon.com\/pl\/#website\"},\"primaryImageOfPage\":{\"@id\":\"https:\/\/induzon.com\/pl\/produkt\/agregaty-chlodnicze-do-chlodni-mrozni-agregat-skraplajacy-wody-lodowej-system-chlodzenia-akwarium-chlodnica-wodna-zywnosci-agregat-plytowy-peltiera-przemyslowy-zewnetrzny-kontenera-jednostka-chlodnicz\/#primaryimage\"},\"image\":{\"@id\":\"https:\/\/induzon.com\/pl\/produkt\/agregaty-chlodnicze-do-chlodni-mrozni-agregat-skraplajacy-wody-lodowej-system-chlodzenia-akwarium-chlodnica-wodna-zywnosci-agregat-plytowy-peltiera-przemyslowy-zewnetrzny-kontenera-jednostka-chlodnicz\/#primaryimage\"},\"thumbnailUrl\":\"https:\/\/induzon.com\/wp-content\/uploads\/2025\/09\/\u56fe-1-1.jpg\",\"datePublished\":\"2025-09-11T01:56:35+00:00\",\"dateModified\":\"2025-09-17T05:49:08+00:00\",\"description\":\"agregaty ch\u0142odnicze,agregaty skraplaj\u0105ce, agregat ch\u0142odniczy przemys\u0142owy, agregaty do akwari\u00f3w, ch\u0142odnica wody akwarium, agregat do ch\u0142odni\",\"breadcrumb\":{\"@id\":\"https:\/\/induzon.com\/pl\/produkt\/agregaty-chlodnicze-do-chlodni-mrozni-agregat-skraplajacy-wody-lodowej-system-chlodzenia-akwarium-chlodnica-wodna-zywnosci-agregat-plytowy-peltiera-przemyslowy-zewnetrzny-kontenera-jednostka-chlodnicz\/#breadcrumb\"},\"inLanguage\":\"pl-PL\",\"potentialAction\":[{\"@type\":\"ReadAction\",\"target\":[\"https:\/\/induzon.com\/pl\/produkt\/agregaty-chlodnicze-do-chlodni-mrozni-agregat-skraplajacy-wody-lodowej-system-chlodzenia-akwarium-chlodnica-wodna-zywnosci-agregat-plytowy-peltiera-przemyslowy-zewnetrzny-kontenera-jednostka-chlodnicz\/\"]}]},{\"@type\":\"ImageObject\",\"inLanguage\":\"pl-PL\",\"@id\":\"https:\/\/induzon.com\/pl\/produkt\/agregaty-chlodnicze-do-chlodni-mrozni-agregat-skraplajacy-wody-lodowej-system-chlodzenia-akwarium-chlodnica-wodna-zywnosci-agregat-plytowy-peltiera-przemyslowy-zewnetrzny-kontenera-jednostka-chlodnicz\/#primaryimage\",\"url\":\"https:\/\/induzon.com\/wp-content\/uploads\/2025\/09\/\u56fe-1-1.jpg\",\"contentUrl\":\"https:\/\/induzon.com\/wp-content\/uploads\/2025\/09\/\u56fe-1-1.jpg\",\"width\":1500,\"height\":1500,\"caption\":\"agregaty ch\u0142odnicze,agregaty skraplaj\u0105ce, agregat ch\u0142odniczy przemys\u0142owy, agregaty do akwari\u00f3w, ch\u0142odnica wody akwarium, agregat do ch\u0142odni\"},{\"@type\":\"BreadcrumbList\",\"@id\":\"https:\/\/induzon.com\/pl\/produkt\/agregaty-chlodnicze-do-chlodni-mrozni-agregat-skraplajacy-wody-lodowej-system-chlodzenia-akwarium-chlodnica-wodna-zywnosci-agregat-plytowy-peltiera-przemyslowy-zewnetrzny-kontenera-jednostka-chlodnicz\/#breadcrumb\",\"itemListElement\":[{\"@type\":\"ListItem\",\"position\":1,\"name\":\"\u9996\u9875\",\"item\":\"https:\/\/induzon.com\/pl\/strona-glowna\/\"},{\"@type\":\"ListItem\",\"position\":2,\"name\":\"Sklep\",\"item\":\"https:\/\/induzon.com\/pl\/sklep\/\"},{\"@type\":\"ListItem\",\"position\":3,\"name\":\"agregaty ch\u0142odnicze do ch\u0142odni mro\u017ani agregat skraplaj\u0105cy wody lodowej system ch\u0142odzenia akwarium ch\u0142odnica wodna \u017cywno\u015bci agregat p\u0142ytowy peltiera przemys\u0142owy zewn\u0119trzny kontenera jednostka ch\u0142odnicza do kom\u00f3r ch\u0142odniczych niestandardowe lod\u00f3wki klimatyzacja meble ch\u0142odz\u0105ce agregat skraplaj\u0105cy ch\u0142odzenie\"}]},{\"@type\":\"WebSite\",\"@id\":\"https:\/\/induzon.com\/pl\/#website\",\"url\":\"https:\/\/induzon.com\/pl\/\",\"name\":\"induzon\",\"description\":\"\",\"publisher\":{\"@id\":\"https:\/\/induzon.com\/pl\/#organization\"},\"potentialAction\":[{\"@type\":\"SearchAction\",\"target\":{\"@type\":\"EntryPoint\",\"urlTemplate\":\"https:\/\/induzon.com\/pl\/?s={search_term_string}\"},\"query-input\":{\"@type\":\"PropertyValueSpecification\",\"valueRequired\":true,\"valueName\":\"search_term_string\"}}],\"inLanguage\":\"pl-PL\"},{\"@type\":\"Organization\",\"@id\":\"https:\/\/induzon.com\/pl\/#organization\",\"name\":\"induzon\",\"url\":\"https:\/\/induzon.com\/pl\/\",\"logo\":{\"@type\":\"ImageObject\",\"inLanguage\":\"pl-PL\",\"@id\":\"https:\/\/induzon.com\/pl\/#\/schema\/logo\/image\/\",\"url\":\"https:\/\/induzon.com\/wp-content\/uploads\/2025\/05\/cropped-026.png\",\"contentUrl\":\"https:\/\/induzon.com\/wp-content\/uploads\/2025\/05\/cropped-026.png\",\"width\":512,\"height\":512,\"caption\":\"induzon\"},\"image\":{\"@id\":\"https:\/\/induzon.com\/pl\/#\/schema\/logo\/image\/\"}}]}<\/script>\r\n<!-- \/ Yoast SEO plugin. -->","yoast_head_json":{"title":"agregaty ch\u0142odnicze do ch\u0142odni mro\u017ani agregat -Induzon","description":"agregaty ch\u0142odnicze,agregaty skraplaj\u0105ce, agregat ch\u0142odniczy przemys\u0142owy, agregaty do akwari\u00f3w, ch\u0142odnica wody akwarium, agregat do ch\u0142odni","robots":{"index":"index","follow":"follow","max-snippet":"max-snippet:-1","max-image-preview":"max-image-preview:large","max-video-preview":"max-video-preview:-1"},"canonical":"https:\/\/induzon.com\/pl\/produkt\/agregaty-chlodnicze-do-chlodni-mrozni-agregat-skraplajacy-wody-lodowej-system-chlodzenia-akwarium-chlodnica-wodna-zywnosci-agregat-plytowy-peltiera-przemyslowy-zewnetrzny-kontenera-jednostka-chlodnicz\/","og_locale":"pl_PL","og_type":"article","og_title":"agregaty ch\u0142odnicze do ch\u0142odni mro\u017ani agregat -Induzon","og_description":"agregaty ch\u0142odnicze,agregaty skraplaj\u0105ce, agregat ch\u0142odniczy przemys\u0142owy, agregaty do akwari\u00f3w, ch\u0142odnica wody akwarium, agregat do ch\u0142odni","og_url":"https:\/\/induzon.com\/pl\/produkt\/agregaty-chlodnicze-do-chlodni-mrozni-agregat-skraplajacy-wody-lodowej-system-chlodzenia-akwarium-chlodnica-wodna-zywnosci-agregat-plytowy-peltiera-przemyslowy-zewnetrzny-kontenera-jednostka-chlodnicz\/","og_site_name":"induzon","article_modified_time":"2025-09-17T05:49:08+00:00","og_image":[{"width":1500,"height":1500,"url":"https:\/\/induzon.com\/wp-content\/uploads\/2025\/09\/\u56fe-1-1.jpg","type":"image\/jpeg"}],"twitter_card":"summary_large_image","twitter_misc":{"Szacowany czas czytania":"1 minuta"},"schema":{"@context":"https:\/\/schema.org","@graph":[{"@type":"WebPage","@id":"https:\/\/induzon.com\/pl\/produkt\/agregaty-chlodnicze-do-chlodni-mrozni-agregat-skraplajacy-wody-lodowej-system-chlodzenia-akwarium-chlodnica-wodna-zywnosci-agregat-plytowy-peltiera-przemyslowy-zewnetrzny-kontenera-jednostka-chlodnicz\/","url":"https:\/\/induzon.com\/pl\/produkt\/agregaty-chlodnicze-do-chlodni-mrozni-agregat-skraplajacy-wody-lodowej-system-chlodzenia-akwarium-chlodnica-wodna-zywnosci-agregat-plytowy-peltiera-przemyslowy-zewnetrzny-kontenera-jednostka-chlodnicz\/","name":"agregaty ch\u0142odnicze do ch\u0142odni mro\u017ani agregat -Induzon","isPartOf":{"@id":"https:\/\/induzon.com\/pl\/#website"},"primaryImageOfPage":{"@id":"https:\/\/induzon.com\/pl\/produkt\/agregaty-chlodnicze-do-chlodni-mrozni-agregat-skraplajacy-wody-lodowej-system-chlodzenia-akwarium-chlodnica-wodna-zywnosci-agregat-plytowy-peltiera-przemyslowy-zewnetrzny-kontenera-jednostka-chlodnicz\/#primaryimage"},"image":{"@id":"https:\/\/induzon.com\/pl\/produkt\/agregaty-chlodnicze-do-chlodni-mrozni-agregat-skraplajacy-wody-lodowej-system-chlodzenia-akwarium-chlodnica-wodna-zywnosci-agregat-plytowy-peltiera-przemyslowy-zewnetrzny-kontenera-jednostka-chlodnicz\/#primaryimage"},"thumbnailUrl":"https:\/\/induzon.com\/wp-content\/uploads\/2025\/09\/\u56fe-1-1.jpg","datePublished":"2025-09-11T01:56:35+00:00","dateModified":"2025-09-17T05:49:08+00:00","description":"agregaty ch\u0142odnicze,agregaty skraplaj\u0105ce, agregat ch\u0142odniczy przemys\u0142owy, agregaty do akwari\u00f3w, ch\u0142odnica wody akwarium, agregat do ch\u0142odni","breadcrumb":{"@id":"https:\/\/induzon.com\/pl\/produkt\/agregaty-chlodnicze-do-chlodni-mrozni-agregat-skraplajacy-wody-lodowej-system-chlodzenia-akwarium-chlodnica-wodna-zywnosci-agregat-plytowy-peltiera-przemyslowy-zewnetrzny-kontenera-jednostka-chlodnicz\/#breadcrumb"},"inLanguage":"pl-PL","potentialAction":[{"@type":"ReadAction","target":["https:\/\/induzon.com\/pl\/produkt\/agregaty-chlodnicze-do-chlodni-mrozni-agregat-skraplajacy-wody-lodowej-system-chlodzenia-akwarium-chlodnica-wodna-zywnosci-agregat-plytowy-peltiera-przemyslowy-zewnetrzny-kontenera-jednostka-chlodnicz\/"]}]},{"@type":"ImageObject","inLanguage":"pl-PL","@id":"https:\/\/induzon.com\/pl\/produkt\/agregaty-chlodnicze-do-chlodni-mrozni-agregat-skraplajacy-wody-lodowej-system-chlodzenia-akwarium-chlodnica-wodna-zywnosci-agregat-plytowy-peltiera-przemyslowy-zewnetrzny-kontenera-jednostka-chlodnicz\/#primaryimage","url":"https:\/\/induzon.com\/wp-content\/uploads\/2025\/09\/\u56fe-1-1.jpg","contentUrl":"https:\/\/induzon.com\/wp-content\/uploads\/2025\/09\/\u56fe-1-1.jpg","width":1500,"height":1500,"caption":"agregaty ch\u0142odnicze,agregaty skraplaj\u0105ce, agregat ch\u0142odniczy przemys\u0142owy, agregaty do akwari\u00f3w, ch\u0142odnica wody akwarium, agregat do ch\u0142odni"},{"@type":"BreadcrumbList","@id":"https:\/\/induzon.com\/pl\/produkt\/agregaty-chlodnicze-do-chlodni-mrozni-agregat-skraplajacy-wody-lodowej-system-chlodzenia-akwarium-chlodnica-wodna-zywnosci-agregat-plytowy-peltiera-przemyslowy-zewnetrzny-kontenera-jednostka-chlodnicz\/#breadcrumb","itemListElement":[{"@type":"ListItem","position":1,"name":"\u9996\u9875","item":"https:\/\/induzon.com\/pl\/strona-glowna\/"},{"@type":"ListItem","position":2,"name":"Sklep","item":"https:\/\/induzon.com\/pl\/sklep\/"},{"@type":"ListItem","position":3,"name":"agregaty ch\u0142odnicze do ch\u0142odni mro\u017ani agregat skraplaj\u0105cy wody lodowej system ch\u0142odzenia akwarium ch\u0142odnica wodna \u017cywno\u015bci agregat p\u0142ytowy peltiera przemys\u0142owy zewn\u0119trzny kontenera jednostka ch\u0142odnicza do kom\u00f3r ch\u0142odniczych niestandardowe lod\u00f3wki klimatyzacja meble ch\u0142odz\u0105ce agregat skraplaj\u0105cy ch\u0142odzenie"}]},{"@type":"WebSite","@id":"https:\/\/induzon.com\/pl\/#website","url":"https:\/\/induzon.com\/pl\/","name":"induzon","description":"","publisher":{"@id":"https:\/\/induzon.com\/pl\/#organization"},"potentialAction":[{"@type":"SearchAction","target":{"@type":"EntryPoint","urlTemplate":"https:\/\/induzon.com\/pl\/?s={search_term_string}"},"query-input":{"@type":"PropertyValueSpecification","valueRequired":true,"valueName":"search_term_string"}}],"inLanguage":"pl-PL"},{"@type":"Organization","@id":"https:\/\/induzon.com\/pl\/#organization","name":"induzon","url":"https:\/\/induzon.com\/pl\/","logo":{"@type":"ImageObject","inLanguage":"pl-PL","@id":"https:\/\/induzon.com\/pl\/#\/schema\/logo\/image\/","url":"https:\/\/induzon.com\/wp-content\/uploads\/2025\/05\/cropped-026.png","contentUrl":"https:\/\/induzon.com\/wp-content\/uploads\/2025\/05\/cropped-026.png","width":512,"height":512,"caption":"induzon"},"image":{"@id":"https:\/\/induzon.com\/pl\/#\/schema\/logo\/image\/"}}]}},"_links":{"self":[{"href":"https:\/\/induzon.com\/pl\/wp-json\/wp\/v2\/product\/24830","targetHints":{"allow":["GET"]}}],"collection":[{"href":"https:\/\/induzon.com\/pl\/wp-json\/wp\/v2\/product"}],"about":[{"href":"https:\/\/induzon.com\/pl\/wp-json\/wp\/v2\/types\/product"}],"replies":[{"embeddable":true,"href":"https:\/\/induzon.com\/pl\/wp-json\/wp\/v2\/comments?post=24830"}],"version-history":[{"count":1,"href":"https:\/\/induzon.com\/pl\/wp-json\/wp\/v2\/product\/24830\/revisions"}],"predecessor-version":[{"id":25750,"href":"https:\/\/induzon.com\/pl\/wp-json\/wp\/v2\/product\/24830\/revisions\/25750"}],"wp:featuredmedia":[{"embeddable":true,"href":"https:\/\/induzon.com\/pl\/wp-json\/wp\/v2\/media\/24694"}],"wp:attachment":[{"href":"https:\/\/induzon.com\/pl\/wp-json\/wp\/v2\/media?parent=24830"}],"wp:term":[{"taxonomy":"product_brand","embeddable":true,"href":"https:\/\/induzon.com\/pl\/wp-json\/wp\/v2\/product_brand?post=24830"},{"taxonomy":"product_cat","embeddable":true,"href":"https:\/\/induzon.com\/pl\/wp-json\/wp\/v2\/product_cat?post=24830"},{"taxonomy":"product_tag","embeddable":true,"href":"https:\/\/induzon.com\/pl\/wp-json\/wp\/v2\/product_tag?post=24830"}],"curies":[{"name":"wp","href":"https:\/\/api.w.org\/{rel}","templated":true}]}}