{"id":25724,"date":"2025-09-16T16:01:30","date_gmt":"2025-09-16T08:01:30","guid":{"rendered":"https:\/\/induzon.com\/shop\/zestaw-podajnik-do-piec-na-pellet-2rpm-3-5rpm-slimak-do-podajnika-kotla-zmijka-podajnik-slimakowy-z-motoreduktor-podajnikiem-stalowa-spirala-nierdzewna\/"},"modified":"2025-12-09T10:17:00","modified_gmt":"2025-12-09T02:17:00","slug":"zestaw-podajnik-do-piec-na-pellet-2rpm-3-5rpm-slimak-do-podajnika-kotla-zmijka-podajnik-slimakowy-z-motoreduktor-podajnikiem-stalowa-spirala-nierdzewna","status":"publish","type":"product","link":"https:\/\/induzon.com\/pl\/produkt\/zestaw-podajnik-do-piec-na-pellet-2rpm-3-5rpm-slimak-do-podajnika-kotla-zmijka-podajnik-slimakowy-z-motoreduktor-podajnikiem-stalowa-spirala-nierdzewna\/","title":{"rendered":"\u0141opatki \u015blimaka i zestaw podajnika do pieca na pellet ze stali nierdzewnej o ma\u0142ej \u015brednicy spawane jako jeden element"},"content":{"rendered":"","protected":false},"excerpt":{"rendered":"","protected":false},"featured_media":25581,"comment_status":"open","ping_status":"closed","template":"","meta":{"site-sidebar-layout":"default","site-content-layout":"","ast-site-content-layout":"default","site-content-style":"default","site-sidebar-style":"default","ast-global-header-display":"","ast-banner-title-visibility":"","ast-main-header-display":"","ast-hfb-above-header-display":"","ast-hfb-below-header-display":"","ast-hfb-mobile-header-display":"","site-post-title":"","ast-breadcrumbs-content":"","ast-featured-img":"","footer-sml-layout":"","theme-transparent-header-meta":"default","adv-header-id-meta":"","stick-header-meta":"","header-above-stick-meta":"","header-main-stick-meta":"","header-below-stick-meta":"","astra-migrate-meta-layouts":"set","ast-page-background-enabled":"default","ast-page-background-meta":{"desktop":{"background-color":"var(--ast-global-color-4)","background-image":"","background-repeat":"repeat","background-position":"center center","background-size":"auto","background-attachment":"scroll","background-type":"","background-media":"","overlay-type":"","overlay-color":"","overlay-opacity":"","overlay-gradient":""},"tablet":{"background-color":"","background-image":"","background-repeat":"repeat","background-position":"center center","background-size":"auto","background-attachment":"scroll","background-type":"","background-media":"","overlay-type":"","overlay-color":"","overlay-opacity":"","overlay-gradient":""},"mobile":{"background-color":"","background-image":"","background-repeat":"repeat","background-position":"center center","background-size":"auto","background-attachment":"scroll","background-type":"","background-media":"","overlay-type":"","overlay-color":"","overlay-opacity":"","overlay-gradient":""}},"ast-content-background-meta":{"desktop":{"background-color":"var(--ast-global-color-5)","background-image":"","background-repeat":"repeat","background-position":"center center","background-size":"auto","background-attachment":"scroll","background-type":"","background-media":"","overlay-type":"","overlay-color":"","overlay-opacity":"","overlay-gradient":""},"tablet":{"background-color":"var(--ast-global-color-5)","background-image":"","background-repeat":"repeat","background-position":"center center","background-size":"auto","background-attachment":"scroll","background-type":"","background-media":"","overlay-type":"","overlay-color":"","overlay-opacity":"","overlay-gradient":""},"mobile":{"background-color":"var(--ast-global-color-5)","background-image":"","background-repeat":"repeat","background-position":"center center","background-size":"auto","background-attachment":"scroll","background-type":"","background-media":"","overlay-type":"","overlay-color":"","overlay-opacity":"","overlay-gradient":""}}},"product_brand":[],"product_cat":[1750,1752,1751,1769],"product_tag":[1753],"class_list":{"0":"post-25724","1":"product","2":"type-product","3":"status-publish","4":"has-post-thumbnail","6":"product_cat-elementy-mechaniczne","7":"product_cat-podajnik-slimakowy","8":"product_cat-silnik-i-skrzynia-biegow","9":"product_cat-spiralne-ostrze-ze-stali-nierdzewnej","10":"product_tag-podajnik-slimakowy","11":"desktop-align-left","12":"tablet-align-left","13":"mobile-align-left","15":"first","16":"instock","17":"sale","18":"shipping-taxable","19":"purchasable","20":"product-type-variable"},"yoast_head":"<!-- This site is optimized with the Yoast SEO plugin v24.9 - https:\/\/yoast.com\/wordpress\/plugins\/seo\/ -->\r\n<title>Podajnik \u015alimakowy do Kot\u0142a na Pellet 2-3.5 RPM - Zestaw ze Spiral\u0105 ze Stali Nierdzewnej<\/title>\r\n<meta name=\"description\" content=\"Zestaw podajnika \u015blimakowego do kot\u0142a na pellet (2-3.5 RPM). Wyposa\u017cony w spiral\u0119 ze stali nierdzewnej do automatycznego podawania pelletu.\" \/>\r\n<meta name=\"robots\" content=\"index, follow, max-snippet:-1, max-image-preview:large, max-video-preview:-1\" \/>\r\n<link rel=\"canonical\" href=\"https:\/\/induzon.com\/pl\/produkt\/zestaw-podajnik-do-piec-na-pellet-2rpm-3-5rpm-slimak-do-podajnika-kotla-zmijka-podajnik-slimakowy-z-motoreduktor-podajnikiem-stalowa-spirala-nierdzewna\/\" \/>\r\n<meta property=\"og:locale\" content=\"pl_PL\" \/>\r\n<meta property=\"og:type\" content=\"article\" \/>\r\n<meta property=\"og:title\" content=\"Podajnik \u015alimakowy do Kot\u0142a na Pellet 2-3.5 RPM - Zestaw ze Spiral\u0105 ze Stali Nierdzewnej\" \/>\r\n<meta property=\"og:description\" content=\"Zestaw podajnika \u015blimakowego do kot\u0142a na pellet (2-3.5 RPM). Wyposa\u017cony w spiral\u0119 ze stali nierdzewnej do automatycznego podawania pelletu.\" \/>\r\n<meta property=\"og:url\" content=\"https:\/\/induzon.com\/pl\/produkt\/zestaw-podajnik-do-piec-na-pellet-2rpm-3-5rpm-slimak-do-podajnika-kotla-zmijka-podajnik-slimakowy-z-motoreduktor-podajnikiem-stalowa-spirala-nierdzewna\/\" \/>\r\n<meta property=\"og:site_name\" content=\"induzon\" \/>\r\n<meta property=\"article:modified_time\" content=\"2025-12-09T02:17:00+00:00\" \/>\r\n<meta property=\"og:image\" content=\"https:\/\/induzon.com\/wp-content\/uploads\/2025\/09\/\u56fe-1-6.jpg\" \/>\r\n\t<meta property=\"og:image:width\" content=\"1500\" \/>\r\n\t<meta property=\"og:image:height\" content=\"1500\" \/>\r\n\t<meta property=\"og:image:type\" content=\"image\/jpeg\" \/>\r\n<meta name=\"twitter:card\" content=\"summary_large_image\" \/>\r\n<meta name=\"twitter:label1\" content=\"Szacowany czas czytania\" \/>\n\t<meta name=\"twitter:data1\" content=\"1 minuta\" \/>\r\n<script type=\"application\/ld+json\" class=\"yoast-schema-graph\">{\"@context\":\"https:\/\/schema.org\",\"@graph\":[{\"@type\":\"WebPage\",\"@id\":\"https:\/\/induzon.com\/pl\/produkt\/zestaw-podajnik-do-piec-na-pellet-2rpm-3-5rpm-slimak-do-podajnika-kotla-zmijka-podajnik-slimakowy-z-motoreduktor-podajnikiem-stalowa-spirala-nierdzewna\/\",\"url\":\"https:\/\/induzon.com\/pl\/produkt\/zestaw-podajnik-do-piec-na-pellet-2rpm-3-5rpm-slimak-do-podajnika-kotla-zmijka-podajnik-slimakowy-z-motoreduktor-podajnikiem-stalowa-spirala-nierdzewna\/\",\"name\":\"Podajnik \u015alimakowy do Kot\u0142a na Pellet 2-3.5 RPM - Zestaw ze Spiral\u0105 ze Stali Nierdzewnej\",\"isPartOf\":{\"@id\":\"https:\/\/induzon.com\/pl\/#website\"},\"primaryImageOfPage\":{\"@id\":\"https:\/\/induzon.com\/pl\/produkt\/zestaw-podajnik-do-piec-na-pellet-2rpm-3-5rpm-slimak-do-podajnika-kotla-zmijka-podajnik-slimakowy-z-motoreduktor-podajnikiem-stalowa-spirala-nierdzewna\/#primaryimage\"},\"image\":{\"@id\":\"https:\/\/induzon.com\/pl\/produkt\/zestaw-podajnik-do-piec-na-pellet-2rpm-3-5rpm-slimak-do-podajnika-kotla-zmijka-podajnik-slimakowy-z-motoreduktor-podajnikiem-stalowa-spirala-nierdzewna\/#primaryimage\"},\"thumbnailUrl\":\"https:\/\/induzon.com\/wp-content\/uploads\/2025\/09\/\u56fe-1-6.jpg\",\"datePublished\":\"2025-09-16T08:01:30+00:00\",\"dateModified\":\"2025-12-09T02:17:00+00:00\",\"description\":\"Zestaw podajnika \u015blimakowego do kot\u0142a na pellet (2-3.5 RPM). Wyposa\u017cony w spiral\u0119 ze stali nierdzewnej do automatycznego podawania pelletu.\",\"breadcrumb\":{\"@id\":\"https:\/\/induzon.com\/pl\/produkt\/zestaw-podajnik-do-piec-na-pellet-2rpm-3-5rpm-slimak-do-podajnika-kotla-zmijka-podajnik-slimakowy-z-motoreduktor-podajnikiem-stalowa-spirala-nierdzewna\/#breadcrumb\"},\"inLanguage\":\"pl-PL\",\"potentialAction\":[{\"@type\":\"ReadAction\",\"target\":[\"https:\/\/induzon.com\/pl\/produkt\/zestaw-podajnik-do-piec-na-pellet-2rpm-3-5rpm-slimak-do-podajnika-kotla-zmijka-podajnik-slimakowy-z-motoreduktor-podajnikiem-stalowa-spirala-nierdzewna\/\"]}]},{\"@type\":\"ImageObject\",\"inLanguage\":\"pl-PL\",\"@id\":\"https:\/\/induzon.com\/pl\/produkt\/zestaw-podajnik-do-piec-na-pellet-2rpm-3-5rpm-slimak-do-podajnika-kotla-zmijka-podajnik-slimakowy-z-motoreduktor-podajnikiem-stalowa-spirala-nierdzewna\/#primaryimage\",\"url\":\"https:\/\/induzon.com\/wp-content\/uploads\/2025\/09\/\u56fe-1-6.jpg\",\"contentUrl\":\"https:\/\/induzon.com\/wp-content\/uploads\/2025\/09\/\u56fe-1-6.jpg\",\"width\":1500,\"height\":1500,\"caption\":\"Zestaw podajnika \u015blimakowego do kot\u0142a na pellet (2-3.5 RPM). Wyposa\u017cony w spiral\u0119 ze stali nierdzewnej do automatycznego podawania pelletu.\"},{\"@type\":\"BreadcrumbList\",\"@id\":\"https:\/\/induzon.com\/pl\/produkt\/zestaw-podajnik-do-piec-na-pellet-2rpm-3-5rpm-slimak-do-podajnika-kotla-zmijka-podajnik-slimakowy-z-motoreduktor-podajnikiem-stalowa-spirala-nierdzewna\/#breadcrumb\",\"itemListElement\":[{\"@type\":\"ListItem\",\"position\":1,\"name\":\"\u9996\u9875\",\"item\":\"https:\/\/induzon.com\/pl\/strona-glowna\/\"},{\"@type\":\"ListItem\",\"position\":2,\"name\":\"Sklep\",\"item\":\"https:\/\/induzon.com\/pl\/sklep\/\"},{\"@type\":\"ListItem\",\"position\":3,\"name\":\"\u0141opatki \u015blimaka i zestaw podajnika do pieca na pellet ze stali nierdzewnej o ma\u0142ej \u015brednicy spawane jako jeden element\"}]},{\"@type\":\"WebSite\",\"@id\":\"https:\/\/induzon.com\/pl\/#website\",\"url\":\"https:\/\/induzon.com\/pl\/\",\"name\":\"induzon\",\"description\":\"\",\"publisher\":{\"@id\":\"https:\/\/induzon.com\/pl\/#organization\"},\"potentialAction\":[{\"@type\":\"SearchAction\",\"target\":{\"@type\":\"EntryPoint\",\"urlTemplate\":\"https:\/\/induzon.com\/pl\/?s={search_term_string}\"},\"query-input\":{\"@type\":\"PropertyValueSpecification\",\"valueRequired\":true,\"valueName\":\"search_term_string\"}}],\"inLanguage\":\"pl-PL\"},{\"@type\":\"Organization\",\"@id\":\"https:\/\/induzon.com\/pl\/#organization\",\"name\":\"induzon\",\"url\":\"https:\/\/induzon.com\/pl\/\",\"logo\":{\"@type\":\"ImageObject\",\"inLanguage\":\"pl-PL\",\"@id\":\"https:\/\/induzon.com\/pl\/#\/schema\/logo\/image\/\",\"url\":\"https:\/\/induzon.com\/wp-content\/uploads\/2025\/05\/cropped-026.png\",\"contentUrl\":\"https:\/\/induzon.com\/wp-content\/uploads\/2025\/05\/cropped-026.png\",\"width\":512,\"height\":512,\"caption\":\"induzon\"},\"image\":{\"@id\":\"https:\/\/induzon.com\/pl\/#\/schema\/logo\/image\/\"}}]}<\/script>\r\n<!-- \/ Yoast SEO plugin. -->","yoast_head_json":{"title":"Podajnik \u015alimakowy do Kot\u0142a na Pellet 2-3.5 RPM - Zestaw ze Spiral\u0105 ze Stali Nierdzewnej","description":"Zestaw podajnika \u015blimakowego do kot\u0142a na pellet (2-3.5 RPM). Wyposa\u017cony w spiral\u0119 ze stali nierdzewnej do automatycznego podawania pelletu.","robots":{"index":"index","follow":"follow","max-snippet":"max-snippet:-1","max-image-preview":"max-image-preview:large","max-video-preview":"max-video-preview:-1"},"canonical":"https:\/\/induzon.com\/pl\/produkt\/zestaw-podajnik-do-piec-na-pellet-2rpm-3-5rpm-slimak-do-podajnika-kotla-zmijka-podajnik-slimakowy-z-motoreduktor-podajnikiem-stalowa-spirala-nierdzewna\/","og_locale":"pl_PL","og_type":"article","og_title":"Podajnik \u015alimakowy do Kot\u0142a na Pellet 2-3.5 RPM - Zestaw ze Spiral\u0105 ze Stali Nierdzewnej","og_description":"Zestaw podajnika \u015blimakowego do kot\u0142a na pellet (2-3.5 RPM). Wyposa\u017cony w spiral\u0119 ze stali nierdzewnej do automatycznego podawania pelletu.","og_url":"https:\/\/induzon.com\/pl\/produkt\/zestaw-podajnik-do-piec-na-pellet-2rpm-3-5rpm-slimak-do-podajnika-kotla-zmijka-podajnik-slimakowy-z-motoreduktor-podajnikiem-stalowa-spirala-nierdzewna\/","og_site_name":"induzon","article_modified_time":"2025-12-09T02:17:00+00:00","og_image":[{"width":1500,"height":1500,"url":"https:\/\/induzon.com\/wp-content\/uploads\/2025\/09\/\u56fe-1-6.jpg","type":"image\/jpeg"}],"twitter_card":"summary_large_image","twitter_misc":{"Szacowany czas czytania":"1 minuta"},"schema":{"@context":"https:\/\/schema.org","@graph":[{"@type":"WebPage","@id":"https:\/\/induzon.com\/pl\/produkt\/zestaw-podajnik-do-piec-na-pellet-2rpm-3-5rpm-slimak-do-podajnika-kotla-zmijka-podajnik-slimakowy-z-motoreduktor-podajnikiem-stalowa-spirala-nierdzewna\/","url":"https:\/\/induzon.com\/pl\/produkt\/zestaw-podajnik-do-piec-na-pellet-2rpm-3-5rpm-slimak-do-podajnika-kotla-zmijka-podajnik-slimakowy-z-motoreduktor-podajnikiem-stalowa-spirala-nierdzewna\/","name":"Podajnik \u015alimakowy do Kot\u0142a na Pellet 2-3.5 RPM - Zestaw ze Spiral\u0105 ze Stali Nierdzewnej","isPartOf":{"@id":"https:\/\/induzon.com\/pl\/#website"},"primaryImageOfPage":{"@id":"https:\/\/induzon.com\/pl\/produkt\/zestaw-podajnik-do-piec-na-pellet-2rpm-3-5rpm-slimak-do-podajnika-kotla-zmijka-podajnik-slimakowy-z-motoreduktor-podajnikiem-stalowa-spirala-nierdzewna\/#primaryimage"},"image":{"@id":"https:\/\/induzon.com\/pl\/produkt\/zestaw-podajnik-do-piec-na-pellet-2rpm-3-5rpm-slimak-do-podajnika-kotla-zmijka-podajnik-slimakowy-z-motoreduktor-podajnikiem-stalowa-spirala-nierdzewna\/#primaryimage"},"thumbnailUrl":"https:\/\/induzon.com\/wp-content\/uploads\/2025\/09\/\u56fe-1-6.jpg","datePublished":"2025-09-16T08:01:30+00:00","dateModified":"2025-12-09T02:17:00+00:00","description":"Zestaw podajnika \u015blimakowego do kot\u0142a na pellet (2-3.5 RPM). Wyposa\u017cony w spiral\u0119 ze stali nierdzewnej do automatycznego podawania pelletu.","breadcrumb":{"@id":"https:\/\/induzon.com\/pl\/produkt\/zestaw-podajnik-do-piec-na-pellet-2rpm-3-5rpm-slimak-do-podajnika-kotla-zmijka-podajnik-slimakowy-z-motoreduktor-podajnikiem-stalowa-spirala-nierdzewna\/#breadcrumb"},"inLanguage":"pl-PL","potentialAction":[{"@type":"ReadAction","target":["https:\/\/induzon.com\/pl\/produkt\/zestaw-podajnik-do-piec-na-pellet-2rpm-3-5rpm-slimak-do-podajnika-kotla-zmijka-podajnik-slimakowy-z-motoreduktor-podajnikiem-stalowa-spirala-nierdzewna\/"]}]},{"@type":"ImageObject","inLanguage":"pl-PL","@id":"https:\/\/induzon.com\/pl\/produkt\/zestaw-podajnik-do-piec-na-pellet-2rpm-3-5rpm-slimak-do-podajnika-kotla-zmijka-podajnik-slimakowy-z-motoreduktor-podajnikiem-stalowa-spirala-nierdzewna\/#primaryimage","url":"https:\/\/induzon.com\/wp-content\/uploads\/2025\/09\/\u56fe-1-6.jpg","contentUrl":"https:\/\/induzon.com\/wp-content\/uploads\/2025\/09\/\u56fe-1-6.jpg","width":1500,"height":1500,"caption":"Zestaw podajnika \u015blimakowego do kot\u0142a na pellet (2-3.5 RPM). Wyposa\u017cony w spiral\u0119 ze stali nierdzewnej do automatycznego podawania pelletu."},{"@type":"BreadcrumbList","@id":"https:\/\/induzon.com\/pl\/produkt\/zestaw-podajnik-do-piec-na-pellet-2rpm-3-5rpm-slimak-do-podajnika-kotla-zmijka-podajnik-slimakowy-z-motoreduktor-podajnikiem-stalowa-spirala-nierdzewna\/#breadcrumb","itemListElement":[{"@type":"ListItem","position":1,"name":"\u9996\u9875","item":"https:\/\/induzon.com\/pl\/strona-glowna\/"},{"@type":"ListItem","position":2,"name":"Sklep","item":"https:\/\/induzon.com\/pl\/sklep\/"},{"@type":"ListItem","position":3,"name":"\u0141opatki \u015blimaka i zestaw podajnika do pieca na pellet ze stali nierdzewnej o ma\u0142ej \u015brednicy spawane jako jeden element"}]},{"@type":"WebSite","@id":"https:\/\/induzon.com\/pl\/#website","url":"https:\/\/induzon.com\/pl\/","name":"induzon","description":"","publisher":{"@id":"https:\/\/induzon.com\/pl\/#organization"},"potentialAction":[{"@type":"SearchAction","target":{"@type":"EntryPoint","urlTemplate":"https:\/\/induzon.com\/pl\/?s={search_term_string}"},"query-input":{"@type":"PropertyValueSpecification","valueRequired":true,"valueName":"search_term_string"}}],"inLanguage":"pl-PL"},{"@type":"Organization","@id":"https:\/\/induzon.com\/pl\/#organization","name":"induzon","url":"https:\/\/induzon.com\/pl\/","logo":{"@type":"ImageObject","inLanguage":"pl-PL","@id":"https:\/\/induzon.com\/pl\/#\/schema\/logo\/image\/","url":"https:\/\/induzon.com\/wp-content\/uploads\/2025\/05\/cropped-026.png","contentUrl":"https:\/\/induzon.com\/wp-content\/uploads\/2025\/05\/cropped-026.png","width":512,"height":512,"caption":"induzon"},"image":{"@id":"https:\/\/induzon.com\/pl\/#\/schema\/logo\/image\/"}}]}},"_links":{"self":[{"href":"https:\/\/induzon.com\/pl\/wp-json\/wp\/v2\/product\/25724","targetHints":{"allow":["GET"]}}],"collection":[{"href":"https:\/\/induzon.com\/pl\/wp-json\/wp\/v2\/product"}],"about":[{"href":"https:\/\/induzon.com\/pl\/wp-json\/wp\/v2\/types\/product"}],"replies":[{"embeddable":true,"href":"https:\/\/induzon.com\/pl\/wp-json\/wp\/v2\/comments?post=25724"}],"version-history":[{"count":1,"href":"https:\/\/induzon.com\/pl\/wp-json\/wp\/v2\/product\/25724\/revisions"}],"predecessor-version":[{"id":31840,"href":"https:\/\/induzon.com\/pl\/wp-json\/wp\/v2\/product\/25724\/revisions\/31840"}],"wp:featuredmedia":[{"embeddable":true,"href":"https:\/\/induzon.com\/pl\/wp-json\/wp\/v2\/media\/25581"}],"wp:attachment":[{"href":"https:\/\/induzon.com\/pl\/wp-json\/wp\/v2\/media?parent=25724"}],"wp:term":[{"taxonomy":"product_brand","embeddable":true,"href":"https:\/\/induzon.com\/pl\/wp-json\/wp\/v2\/product_brand?post=25724"},{"taxonomy":"product_cat","embeddable":true,"href":"https:\/\/induzon.com\/pl\/wp-json\/wp\/v2\/product_cat?post=25724"},{"taxonomy":"product_tag","embeddable":true,"href":"https:\/\/induzon.com\/pl\/wp-json\/wp\/v2\/product_tag?post=25724"}],"curies":[{"name":"wp","href":"https:\/\/api.w.org\/{rel}","templated":true}]}}