{"id":27969,"date":"2025-09-24T11:52:42","date_gmt":"2025-09-24T03:52:42","guid":{"rendered":"https:\/\/induzon.com\/shop\/zestaw-podajnik-mala-srednica-zewnetrzna-slimakowa-lopatka-stal-nierdzewna-do-piec-na-pellet-2rpm-3-5rpm-slimak-do-podajnika-kotla-zmijka-podajnik-slimakowy-z-motoreduktor-podajnikiem\/"},"modified":"2025-12-22T10:06:04","modified_gmt":"2025-12-22T02:06:04","slug":"zestaw-podajnik-mala-srednica-zewnetrzna-slimakowa-lopatka-stal-nierdzewna-do-piec-na-pellet-2rpm-3-5rpm-slimak-do-podajnika-kotla-zmijka-podajnik-slimakowy-z-motoreduktor-podajnikiem","status":"publish","type":"product","link":"https:\/\/induzon.com\/pl\/produkt\/zestaw-podajnik-mala-srednica-zewnetrzna-slimakowa-lopatka-stal-nierdzewna-do-piec-na-pellet-2rpm-3-5rpm-slimak-do-podajnika-kotla-zmijka-podajnik-slimakowy-z-motoreduktor-podajnikiem\/","title":{"rendered":"Spirala ze stali nierdzewnej do zestawu podajnika do pieca na pellet \u015blimak podajnika \u017cmijka do kot\u0142a"},"content":{"rendered":"","protected":false},"excerpt":{"rendered":"","protected":false},"featured_media":27551,"comment_status":"open","ping_status":"closed","template":"","meta":{"site-sidebar-layout":"default","site-content-layout":"","ast-site-content-layout":"default","site-content-style":"default","site-sidebar-style":"default","ast-global-header-display":"","ast-banner-title-visibility":"","ast-main-header-display":"","ast-hfb-above-header-display":"","ast-hfb-below-header-display":"","ast-hfb-mobile-header-display":"","site-post-title":"","ast-breadcrumbs-content":"","ast-featured-img":"","footer-sml-layout":"","theme-transparent-header-meta":"default","adv-header-id-meta":"","stick-header-meta":"","header-above-stick-meta":"","header-main-stick-meta":"","header-below-stick-meta":"","astra-migrate-meta-layouts":"set","ast-page-background-enabled":"default","ast-page-background-meta":{"desktop":{"background-color":"var(--ast-global-color-4)","background-image":"","background-repeat":"repeat","background-position":"center center","background-size":"auto","background-attachment":"scroll","background-type":"","background-media":"","overlay-type":"","overlay-color":"","overlay-opacity":"","overlay-gradient":""},"tablet":{"background-color":"","background-image":"","background-repeat":"repeat","background-position":"center center","background-size":"auto","background-attachment":"scroll","background-type":"","background-media":"","overlay-type":"","overlay-color":"","overlay-opacity":"","overlay-gradient":""},"mobile":{"background-color":"","background-image":"","background-repeat":"repeat","background-position":"center center","background-size":"auto","background-attachment":"scroll","background-type":"","background-media":"","overlay-type":"","overlay-color":"","overlay-opacity":"","overlay-gradient":""}},"ast-content-background-meta":{"desktop":{"background-color":"var(--ast-global-color-5)","background-image":"","background-repeat":"repeat","background-position":"center center","background-size":"auto","background-attachment":"scroll","background-type":"","background-media":"","overlay-type":"","overlay-color":"","overlay-opacity":"","overlay-gradient":""},"tablet":{"background-color":"var(--ast-global-color-5)","background-image":"","background-repeat":"repeat","background-position":"center center","background-size":"auto","background-attachment":"scroll","background-type":"","background-media":"","overlay-type":"","overlay-color":"","overlay-opacity":"","overlay-gradient":""},"mobile":{"background-color":"var(--ast-global-color-5)","background-image":"","background-repeat":"repeat","background-position":"center center","background-size":"auto","background-attachment":"scroll","background-type":"","background-media":"","overlay-type":"","overlay-color":"","overlay-opacity":"","overlay-gradient":""}}},"product_brand":[],"product_cat":[1750,1784,1769],"product_tag":[1785],"class_list":{"0":"post-27969","1":"product","2":"type-product","3":"status-publish","4":"has-post-thumbnail","6":"product_cat-elementy-mechaniczne","7":"product_cat-lopatki-przenosnika-slimakowego","8":"product_cat-spiralne-ostrze-ze-stali-nierdzewnej","9":"product_tag-lopatki-przenosnika-slimakowego","10":"desktop-align-left","11":"tablet-align-left","12":"mobile-align-left","14":"first","15":"instock","16":"sale","17":"shipping-taxable","18":"purchasable","19":"product-type-variable"},"yoast_head":"<!-- This site is optimized with the Yoast SEO plugin v24.9 - https:\/\/yoast.com\/wordpress\/plugins\/seo\/ -->\r\n<title>\u0141opatki przeno\u015bnika \u015blimakowego, stal nierdzewna, ma\u0142a \u015brednica<\/title>\r\n<meta name=\"description\" content=\"Podajnik \u015blimakowy do pieca, \u015blimak na pellet, motoreduktor. Kompletne zestawy do kot\u0142\u00f3w na biomas\u0119.\" \/>\r\n<meta name=\"robots\" content=\"index, follow, max-snippet:-1, max-image-preview:large, max-video-preview:-1\" \/>\r\n<link rel=\"canonical\" href=\"https:\/\/induzon.com\/pl\/produkt\/zestaw-podajnik-mala-srednica-zewnetrzna-slimakowa-lopatka-stal-nierdzewna-do-piec-na-pellet-2rpm-3-5rpm-slimak-do-podajnika-kotla-zmijka-podajnik-slimakowy-z-motoreduktor-podajnikiem\/\" \/>\r\n<meta property=\"og:locale\" content=\"pl_PL\" \/>\r\n<meta property=\"og:type\" content=\"article\" \/>\r\n<meta property=\"og:title\" content=\"\u0141opatki przeno\u015bnika \u015blimakowego, stal nierdzewna, ma\u0142a \u015brednica\" \/>\r\n<meta property=\"og:description\" content=\"Podajnik \u015blimakowy do pieca, \u015blimak na pellet, motoreduktor. Kompletne zestawy do kot\u0142\u00f3w na biomas\u0119.\" \/>\r\n<meta property=\"og:url\" content=\"https:\/\/induzon.com\/pl\/produkt\/zestaw-podajnik-mala-srednica-zewnetrzna-slimakowa-lopatka-stal-nierdzewna-do-piec-na-pellet-2rpm-3-5rpm-slimak-do-podajnika-kotla-zmijka-podajnik-slimakowy-z-motoreduktor-podajnikiem\/\" \/>\r\n<meta property=\"og:site_name\" content=\"induzon\" \/>\r\n<meta property=\"article:modified_time\" content=\"2025-12-22T02:06:04+00:00\" \/>\r\n<meta property=\"og:image\" content=\"https:\/\/induzon.com\/wp-content\/uploads\/2025\/09\/\u56fe-4-8.jpg\" \/>\r\n\t<meta property=\"og:image:width\" content=\"1500\" \/>\r\n\t<meta property=\"og:image:height\" content=\"1500\" \/>\r\n\t<meta property=\"og:image:type\" content=\"image\/jpeg\" \/>\r\n<meta name=\"twitter:card\" content=\"summary_large_image\" \/>\r\n<meta name=\"twitter:label1\" content=\"Szacowany czas czytania\" \/>\n\t<meta name=\"twitter:data1\" content=\"1 minuta\" \/>\r\n<script type=\"application\/ld+json\" class=\"yoast-schema-graph\">{\"@context\":\"https:\/\/schema.org\",\"@graph\":[{\"@type\":\"WebPage\",\"@id\":\"https:\/\/induzon.com\/pl\/produkt\/zestaw-podajnik-mala-srednica-zewnetrzna-slimakowa-lopatka-stal-nierdzewna-do-piec-na-pellet-2rpm-3-5rpm-slimak-do-podajnika-kotla-zmijka-podajnik-slimakowy-z-motoreduktor-podajnikiem\/\",\"url\":\"https:\/\/induzon.com\/pl\/produkt\/zestaw-podajnik-mala-srednica-zewnetrzna-slimakowa-lopatka-stal-nierdzewna-do-piec-na-pellet-2rpm-3-5rpm-slimak-do-podajnika-kotla-zmijka-podajnik-slimakowy-z-motoreduktor-podajnikiem\/\",\"name\":\"\u0141opatki przeno\u015bnika \u015blimakowego, stal nierdzewna, ma\u0142a \u015brednica\",\"isPartOf\":{\"@id\":\"https:\/\/induzon.com\/pl\/#website\"},\"primaryImageOfPage\":{\"@id\":\"https:\/\/induzon.com\/pl\/produkt\/zestaw-podajnik-mala-srednica-zewnetrzna-slimakowa-lopatka-stal-nierdzewna-do-piec-na-pellet-2rpm-3-5rpm-slimak-do-podajnika-kotla-zmijka-podajnik-slimakowy-z-motoreduktor-podajnikiem\/#primaryimage\"},\"image\":{\"@id\":\"https:\/\/induzon.com\/pl\/produkt\/zestaw-podajnik-mala-srednica-zewnetrzna-slimakowa-lopatka-stal-nierdzewna-do-piec-na-pellet-2rpm-3-5rpm-slimak-do-podajnika-kotla-zmijka-podajnik-slimakowy-z-motoreduktor-podajnikiem\/#primaryimage\"},\"thumbnailUrl\":\"https:\/\/induzon.com\/wp-content\/uploads\/2025\/09\/\u56fe-4-8.jpg\",\"datePublished\":\"2025-09-24T03:52:42+00:00\",\"dateModified\":\"2025-12-22T02:06:04+00:00\",\"description\":\"Podajnik \u015blimakowy do pieca, \u015blimak na pellet, motoreduktor. Kompletne zestawy do kot\u0142\u00f3w na biomas\u0119.\",\"breadcrumb\":{\"@id\":\"https:\/\/induzon.com\/pl\/produkt\/zestaw-podajnik-mala-srednica-zewnetrzna-slimakowa-lopatka-stal-nierdzewna-do-piec-na-pellet-2rpm-3-5rpm-slimak-do-podajnika-kotla-zmijka-podajnik-slimakowy-z-motoreduktor-podajnikiem\/#breadcrumb\"},\"inLanguage\":\"pl-PL\",\"potentialAction\":[{\"@type\":\"ReadAction\",\"target\":[\"https:\/\/induzon.com\/pl\/produkt\/zestaw-podajnik-mala-srednica-zewnetrzna-slimakowa-lopatka-stal-nierdzewna-do-piec-na-pellet-2rpm-3-5rpm-slimak-do-podajnika-kotla-zmijka-podajnik-slimakowy-z-motoreduktor-podajnikiem\/\"]}]},{\"@type\":\"ImageObject\",\"inLanguage\":\"pl-PL\",\"@id\":\"https:\/\/induzon.com\/pl\/produkt\/zestaw-podajnik-mala-srednica-zewnetrzna-slimakowa-lopatka-stal-nierdzewna-do-piec-na-pellet-2rpm-3-5rpm-slimak-do-podajnika-kotla-zmijka-podajnik-slimakowy-z-motoreduktor-podajnikiem\/#primaryimage\",\"url\":\"https:\/\/induzon.com\/wp-content\/uploads\/2025\/09\/\u56fe-4-8.jpg\",\"contentUrl\":\"https:\/\/induzon.com\/wp-content\/uploads\/2025\/09\/\u56fe-4-8.jpg\",\"width\":1500,\"height\":1500,\"caption\":\"Find pellet auger feeders, auger motors 2 RPM, replacement parts, and conversion kits for wood pellet stoves, Reliable accessories.\"},{\"@type\":\"BreadcrumbList\",\"@id\":\"https:\/\/induzon.com\/pl\/produkt\/zestaw-podajnik-mala-srednica-zewnetrzna-slimakowa-lopatka-stal-nierdzewna-do-piec-na-pellet-2rpm-3-5rpm-slimak-do-podajnika-kotla-zmijka-podajnik-slimakowy-z-motoreduktor-podajnikiem\/#breadcrumb\",\"itemListElement\":[{\"@type\":\"ListItem\",\"position\":1,\"name\":\"\u9996\u9875\",\"item\":\"https:\/\/induzon.com\/pl\/strona-glowna\/\"},{\"@type\":\"ListItem\",\"position\":2,\"name\":\"Sklep\",\"item\":\"https:\/\/induzon.com\/pl\/sklep\/\"},{\"@type\":\"ListItem\",\"position\":3,\"name\":\"Spirala ze stali nierdzewnej do zestawu podajnika do pieca na pellet \u015blimak podajnika \u017cmijka do kot\u0142a\"}]},{\"@type\":\"WebSite\",\"@id\":\"https:\/\/induzon.com\/pl\/#website\",\"url\":\"https:\/\/induzon.com\/pl\/\",\"name\":\"induzon\",\"description\":\"\",\"publisher\":{\"@id\":\"https:\/\/induzon.com\/pl\/#organization\"},\"potentialAction\":[{\"@type\":\"SearchAction\",\"target\":{\"@type\":\"EntryPoint\",\"urlTemplate\":\"https:\/\/induzon.com\/pl\/?s={search_term_string}\"},\"query-input\":{\"@type\":\"PropertyValueSpecification\",\"valueRequired\":true,\"valueName\":\"search_term_string\"}}],\"inLanguage\":\"pl-PL\"},{\"@type\":\"Organization\",\"@id\":\"https:\/\/induzon.com\/pl\/#organization\",\"name\":\"induzon\",\"url\":\"https:\/\/induzon.com\/pl\/\",\"logo\":{\"@type\":\"ImageObject\",\"inLanguage\":\"pl-PL\",\"@id\":\"https:\/\/induzon.com\/pl\/#\/schema\/logo\/image\/\",\"url\":\"https:\/\/induzon.com\/wp-content\/uploads\/2025\/05\/cropped-026.png\",\"contentUrl\":\"https:\/\/induzon.com\/wp-content\/uploads\/2025\/05\/cropped-026.png\",\"width\":512,\"height\":512,\"caption\":\"induzon\"},\"image\":{\"@id\":\"https:\/\/induzon.com\/pl\/#\/schema\/logo\/image\/\"}}]}<\/script>\r\n<!-- \/ Yoast SEO plugin. -->","yoast_head_json":{"title":"\u0141opatki przeno\u015bnika \u015blimakowego, stal nierdzewna, ma\u0142a \u015brednica","description":"Podajnik \u015blimakowy do pieca, \u015blimak na pellet, motoreduktor. Kompletne zestawy do kot\u0142\u00f3w na biomas\u0119.","robots":{"index":"index","follow":"follow","max-snippet":"max-snippet:-1","max-image-preview":"max-image-preview:large","max-video-preview":"max-video-preview:-1"},"canonical":"https:\/\/induzon.com\/pl\/produkt\/zestaw-podajnik-mala-srednica-zewnetrzna-slimakowa-lopatka-stal-nierdzewna-do-piec-na-pellet-2rpm-3-5rpm-slimak-do-podajnika-kotla-zmijka-podajnik-slimakowy-z-motoreduktor-podajnikiem\/","og_locale":"pl_PL","og_type":"article","og_title":"\u0141opatki przeno\u015bnika \u015blimakowego, stal nierdzewna, ma\u0142a \u015brednica","og_description":"Podajnik \u015blimakowy do pieca, \u015blimak na pellet, motoreduktor. Kompletne zestawy do kot\u0142\u00f3w na biomas\u0119.","og_url":"https:\/\/induzon.com\/pl\/produkt\/zestaw-podajnik-mala-srednica-zewnetrzna-slimakowa-lopatka-stal-nierdzewna-do-piec-na-pellet-2rpm-3-5rpm-slimak-do-podajnika-kotla-zmijka-podajnik-slimakowy-z-motoreduktor-podajnikiem\/","og_site_name":"induzon","article_modified_time":"2025-12-22T02:06:04+00:00","og_image":[{"width":1500,"height":1500,"url":"https:\/\/induzon.com\/wp-content\/uploads\/2025\/09\/\u56fe-4-8.jpg","type":"image\/jpeg"}],"twitter_card":"summary_large_image","twitter_misc":{"Szacowany czas czytania":"1 minuta"},"schema":{"@context":"https:\/\/schema.org","@graph":[{"@type":"WebPage","@id":"https:\/\/induzon.com\/pl\/produkt\/zestaw-podajnik-mala-srednica-zewnetrzna-slimakowa-lopatka-stal-nierdzewna-do-piec-na-pellet-2rpm-3-5rpm-slimak-do-podajnika-kotla-zmijka-podajnik-slimakowy-z-motoreduktor-podajnikiem\/","url":"https:\/\/induzon.com\/pl\/produkt\/zestaw-podajnik-mala-srednica-zewnetrzna-slimakowa-lopatka-stal-nierdzewna-do-piec-na-pellet-2rpm-3-5rpm-slimak-do-podajnika-kotla-zmijka-podajnik-slimakowy-z-motoreduktor-podajnikiem\/","name":"\u0141opatki przeno\u015bnika \u015blimakowego, stal nierdzewna, ma\u0142a \u015brednica","isPartOf":{"@id":"https:\/\/induzon.com\/pl\/#website"},"primaryImageOfPage":{"@id":"https:\/\/induzon.com\/pl\/produkt\/zestaw-podajnik-mala-srednica-zewnetrzna-slimakowa-lopatka-stal-nierdzewna-do-piec-na-pellet-2rpm-3-5rpm-slimak-do-podajnika-kotla-zmijka-podajnik-slimakowy-z-motoreduktor-podajnikiem\/#primaryimage"},"image":{"@id":"https:\/\/induzon.com\/pl\/produkt\/zestaw-podajnik-mala-srednica-zewnetrzna-slimakowa-lopatka-stal-nierdzewna-do-piec-na-pellet-2rpm-3-5rpm-slimak-do-podajnika-kotla-zmijka-podajnik-slimakowy-z-motoreduktor-podajnikiem\/#primaryimage"},"thumbnailUrl":"https:\/\/induzon.com\/wp-content\/uploads\/2025\/09\/\u56fe-4-8.jpg","datePublished":"2025-09-24T03:52:42+00:00","dateModified":"2025-12-22T02:06:04+00:00","description":"Podajnik \u015blimakowy do pieca, \u015blimak na pellet, motoreduktor. Kompletne zestawy do kot\u0142\u00f3w na biomas\u0119.","breadcrumb":{"@id":"https:\/\/induzon.com\/pl\/produkt\/zestaw-podajnik-mala-srednica-zewnetrzna-slimakowa-lopatka-stal-nierdzewna-do-piec-na-pellet-2rpm-3-5rpm-slimak-do-podajnika-kotla-zmijka-podajnik-slimakowy-z-motoreduktor-podajnikiem\/#breadcrumb"},"inLanguage":"pl-PL","potentialAction":[{"@type":"ReadAction","target":["https:\/\/induzon.com\/pl\/produkt\/zestaw-podajnik-mala-srednica-zewnetrzna-slimakowa-lopatka-stal-nierdzewna-do-piec-na-pellet-2rpm-3-5rpm-slimak-do-podajnika-kotla-zmijka-podajnik-slimakowy-z-motoreduktor-podajnikiem\/"]}]},{"@type":"ImageObject","inLanguage":"pl-PL","@id":"https:\/\/induzon.com\/pl\/produkt\/zestaw-podajnik-mala-srednica-zewnetrzna-slimakowa-lopatka-stal-nierdzewna-do-piec-na-pellet-2rpm-3-5rpm-slimak-do-podajnika-kotla-zmijka-podajnik-slimakowy-z-motoreduktor-podajnikiem\/#primaryimage","url":"https:\/\/induzon.com\/wp-content\/uploads\/2025\/09\/\u56fe-4-8.jpg","contentUrl":"https:\/\/induzon.com\/wp-content\/uploads\/2025\/09\/\u56fe-4-8.jpg","width":1500,"height":1500,"caption":"Find pellet auger feeders, auger motors 2 RPM, replacement parts, and conversion kits for wood pellet stoves, Reliable accessories."},{"@type":"BreadcrumbList","@id":"https:\/\/induzon.com\/pl\/produkt\/zestaw-podajnik-mala-srednica-zewnetrzna-slimakowa-lopatka-stal-nierdzewna-do-piec-na-pellet-2rpm-3-5rpm-slimak-do-podajnika-kotla-zmijka-podajnik-slimakowy-z-motoreduktor-podajnikiem\/#breadcrumb","itemListElement":[{"@type":"ListItem","position":1,"name":"\u9996\u9875","item":"https:\/\/induzon.com\/pl\/strona-glowna\/"},{"@type":"ListItem","position":2,"name":"Sklep","item":"https:\/\/induzon.com\/pl\/sklep\/"},{"@type":"ListItem","position":3,"name":"Spirala ze stali nierdzewnej do zestawu podajnika do pieca na pellet \u015blimak podajnika \u017cmijka do kot\u0142a"}]},{"@type":"WebSite","@id":"https:\/\/induzon.com\/pl\/#website","url":"https:\/\/induzon.com\/pl\/","name":"induzon","description":"","publisher":{"@id":"https:\/\/induzon.com\/pl\/#organization"},"potentialAction":[{"@type":"SearchAction","target":{"@type":"EntryPoint","urlTemplate":"https:\/\/induzon.com\/pl\/?s={search_term_string}"},"query-input":{"@type":"PropertyValueSpecification","valueRequired":true,"valueName":"search_term_string"}}],"inLanguage":"pl-PL"},{"@type":"Organization","@id":"https:\/\/induzon.com\/pl\/#organization","name":"induzon","url":"https:\/\/induzon.com\/pl\/","logo":{"@type":"ImageObject","inLanguage":"pl-PL","@id":"https:\/\/induzon.com\/pl\/#\/schema\/logo\/image\/","url":"https:\/\/induzon.com\/wp-content\/uploads\/2025\/05\/cropped-026.png","contentUrl":"https:\/\/induzon.com\/wp-content\/uploads\/2025\/05\/cropped-026.png","width":512,"height":512,"caption":"induzon"},"image":{"@id":"https:\/\/induzon.com\/pl\/#\/schema\/logo\/image\/"}}]}},"_links":{"self":[{"href":"https:\/\/induzon.com\/pl\/wp-json\/wp\/v2\/product\/27969","targetHints":{"allow":["GET"]}}],"collection":[{"href":"https:\/\/induzon.com\/pl\/wp-json\/wp\/v2\/product"}],"about":[{"href":"https:\/\/induzon.com\/pl\/wp-json\/wp\/v2\/types\/product"}],"replies":[{"embeddable":true,"href":"https:\/\/induzon.com\/pl\/wp-json\/wp\/v2\/comments?post=27969"}],"version-history":[{"count":2,"href":"https:\/\/induzon.com\/pl\/wp-json\/wp\/v2\/product\/27969\/revisions"}],"predecessor-version":[{"id":32251,"href":"https:\/\/induzon.com\/pl\/wp-json\/wp\/v2\/product\/27969\/revisions\/32251"}],"wp:featuredmedia":[{"embeddable":true,"href":"https:\/\/induzon.com\/pl\/wp-json\/wp\/v2\/media\/27551"}],"wp:attachment":[{"href":"https:\/\/induzon.com\/pl\/wp-json\/wp\/v2\/media?parent=27969"}],"wp:term":[{"taxonomy":"product_brand","embeddable":true,"href":"https:\/\/induzon.com\/pl\/wp-json\/wp\/v2\/product_brand?post=27969"},{"taxonomy":"product_cat","embeddable":true,"href":"https:\/\/induzon.com\/pl\/wp-json\/wp\/v2\/product_cat?post=27969"},{"taxonomy":"product_tag","embeddable":true,"href":"https:\/\/induzon.com\/pl\/wp-json\/wp\/v2\/product_tag?post=27969"}],"curies":[{"name":"wp","href":"https:\/\/api.w.org\/{rel}","templated":true}]}}