{"id":33114,"date":"2026-01-15T15:48:33","date_gmt":"2026-01-15T07:48:33","guid":{"rendered":"https:\/\/induzon.com\/shop\/w-pelni-automatyczny-bezobslugowy-automat-do-popcornu-dla-kina-wesolego-miasteczka-przekaski-i-napoje-2\/"},"modified":"2026-01-15T15:48:33","modified_gmt":"2026-01-15T07:48:33","slug":"w-pelni-automatyczny-bezobslugowy-automat-do-popcornu-dla-kina-wesolego-miasteczka-przekaski-i-napoje-2","status":"publish","type":"product","link":"https:\/\/induzon.com\/pl\/produkt\/w-pelni-automatyczny-bezobslugowy-automat-do-popcornu-dla-kina-wesolego-miasteczka-przekaski-i-napoje-2\/","title":{"rendered":"W pe\u0142ni Automatyczny Bezobs\u0142ugowy Automat do Popcornu Dla Kina Weso\u0142ego Miasteczka Przek\u0105ski i Napoje"},"content":{"rendered":"<p>1.Wysokiej jako\u015bci plastikowy popychacz spr\u0119\u017cynowy do automat\u00f3w z przek\u0105skami i napojami<br \/>\n2.Zapewnia p\u0142ynne wysuwanie produkt\u00f3w zapobiegaj\u0105c zaci\u0119ciom w automacie<br \/>\n3.Kompatybilny z wi\u0119kszo\u015bci\u0105 automat\u00f3w sprzedaj\u0105cych napoje i przek\u0105ski<br \/>\n4.Wytrzyma\u0142a konstrukcja z trwa\u0142ego tworzywa odpornego na zu\u017cycie<br \/>\n5.\u0141atwy monta\u017c i wymiana w automatach vendingowych r\u00f3\u017cnych marek<\/p>\n","protected":false},"excerpt":{"rendered":"<p>1.Wysokiej jako\u015bci plastikowy popychacz spr\u0119\u017cynowy do automat\u00f3w z przek\u0105skami i napojami 2.Zapewnia p\u0142ynne wysuwanie produkt\u00f3w zapobiegaj\u0105c zaci\u0119ciom w automacie 3.Kompatybilny [&hellip;]<\/p>\n","protected":false},"featured_media":29130,"comment_status":"open","ping_status":"closed","template":"","meta":{"site-sidebar-layout":"default","site-content-layout":"","ast-site-content-layout":"default","site-content-style":"default","site-sidebar-style":"default","ast-global-header-display":"","ast-banner-title-visibility":"","ast-main-header-display":"","ast-hfb-above-header-display":"","ast-hfb-below-header-display":"","ast-hfb-mobile-header-display":"","site-post-title":"","ast-breadcrumbs-content":"","ast-featured-img":"","footer-sml-layout":"","theme-transparent-header-meta":"default","adv-header-id-meta":"","stick-header-meta":"","header-above-stick-meta":"","header-main-stick-meta":"","header-below-stick-meta":"","astra-migrate-meta-layouts":"default","ast-page-background-enabled":"default","ast-page-background-meta":{"desktop":{"background-color":"var(--ast-global-color-4)","background-image":"","background-repeat":"repeat","background-position":"center center","background-size":"auto","background-attachment":"scroll","background-type":"","background-media":"","overlay-type":"","overlay-color":"","overlay-opacity":"","overlay-gradient":""},"tablet":{"background-color":"","background-image":"","background-repeat":"repeat","background-position":"center center","background-size":"auto","background-attachment":"scroll","background-type":"","background-media":"","overlay-type":"","overlay-color":"","overlay-opacity":"","overlay-gradient":""},"mobile":{"background-color":"","background-image":"","background-repeat":"repeat","background-position":"center center","background-size":"auto","background-attachment":"scroll","background-type":"","background-media":"","overlay-type":"","overlay-color":"","overlay-opacity":"","overlay-gradient":""}},"ast-content-background-meta":{"desktop":{"background-color":"var(--ast-global-color-5)","background-image":"","background-repeat":"repeat","background-position":"center center","background-size":"auto","background-attachment":"scroll","background-type":"","background-media":"","overlay-type":"","overlay-color":"","overlay-opacity":"","overlay-gradient":""},"tablet":{"background-color":"var(--ast-global-color-5)","background-image":"","background-repeat":"repeat","background-position":"center center","background-size":"auto","background-attachment":"scroll","background-type":"","background-media":"","overlay-type":"","overlay-color":"","overlay-opacity":"","overlay-gradient":""},"mobile":{"background-color":"var(--ast-global-color-5)","background-image":"","background-repeat":"repeat","background-position":"center center","background-size":"auto","background-attachment":"scroll","background-type":"","background-media":"","overlay-type":"","overlay-color":"","overlay-opacity":"","overlay-gradient":""}}},"product_brand":[],"product_cat":[1913,1049,1955],"product_tag":[1956],"class_list":{"0":"post-33114","1":"product","2":"type-product","3":"status-publish","4":"has-post-thumbnail","6":"product_cat-automat-do-sprzedazy","7":"product_cat-sprzet-przemyslowy-i-komercyjny","8":"product_cat-w-pelni-automatyczny-automat-do-popcornu","9":"product_tag-w-pelni-automatyczny-automat-do-popcornu","10":"desktop-align-left","11":"tablet-align-left","12":"mobile-align-left","14":"first","15":"instock","16":"sale","17":"shipping-taxable","18":"purchasable","19":"product-type-simple"},"yoast_head":"<!-- This site is optimized with the Yoast SEO plugin v24.9 - https:\/\/yoast.com\/wordpress\/plugins\/seo\/ -->\r\n<title>W pe\u0142ni automatyczna maszyna do popcornu dla kin -Induzon<\/title>\r\n<meta name=\"description\" content=\"W pe\u0142ni automatyczny bezobs\u0142ugowy automat do popcornu dla kin i weso\u0142ych miasteczek Profesjonalny automat z przek\u0105skami i napojami\" \/>\r\n<meta name=\"robots\" content=\"index, follow, max-snippet:-1, max-image-preview:large, max-video-preview:-1\" \/>\r\n<link rel=\"canonical\" href=\"https:\/\/induzon.com\/pl\/produkt\/w-pelni-automatyczny-bezobslugowy-automat-do-popcornu-dla-kina-wesolego-miasteczka-przekaski-i-napoje-2\/\" \/>\r\n<meta property=\"og:locale\" content=\"pl_PL\" \/>\r\n<meta property=\"og:type\" content=\"article\" \/>\r\n<meta property=\"og:title\" content=\"W pe\u0142ni automatyczna maszyna do popcornu dla kin -Induzon\" \/>\r\n<meta property=\"og:description\" content=\"W pe\u0142ni automatyczny bezobs\u0142ugowy automat do popcornu dla kin i weso\u0142ych miasteczek Profesjonalny automat z przek\u0105skami i napojami\" \/>\r\n<meta property=\"og:url\" content=\"https:\/\/induzon.com\/pl\/produkt\/w-pelni-automatyczny-bezobslugowy-automat-do-popcornu-dla-kina-wesolego-miasteczka-przekaski-i-napoje-2\/\" \/>\r\n<meta property=\"og:site_name\" content=\"induzon\" \/>\r\n<meta property=\"og:image\" content=\"https:\/\/induzon.com\/wp-content\/uploads\/2025\/10\/\u56fe-1-4.jpg\" \/>\r\n\t<meta property=\"og:image:width\" content=\"1500\" \/>\r\n\t<meta property=\"og:image:height\" content=\"1500\" \/>\r\n\t<meta property=\"og:image:type\" content=\"image\/jpeg\" \/>\r\n<meta name=\"twitter:card\" content=\"summary_large_image\" \/>\r\n<script type=\"application\/ld+json\" class=\"yoast-schema-graph\">{\"@context\":\"https:\/\/schema.org\",\"@graph\":[{\"@type\":\"WebPage\",\"@id\":\"https:\/\/induzon.com\/pl\/produkt\/w-pelni-automatyczny-bezobslugowy-automat-do-popcornu-dla-kina-wesolego-miasteczka-przekaski-i-napoje-2\/\",\"url\":\"https:\/\/induzon.com\/pl\/produkt\/w-pelni-automatyczny-bezobslugowy-automat-do-popcornu-dla-kina-wesolego-miasteczka-przekaski-i-napoje-2\/\",\"name\":\"W pe\u0142ni automatyczna maszyna do popcornu dla kin -Induzon\",\"isPartOf\":{\"@id\":\"https:\/\/induzon.com\/pl\/#website\"},\"primaryImageOfPage\":{\"@id\":\"https:\/\/induzon.com\/pl\/produkt\/w-pelni-automatyczny-bezobslugowy-automat-do-popcornu-dla-kina-wesolego-miasteczka-przekaski-i-napoje-2\/#primaryimage\"},\"image\":{\"@id\":\"https:\/\/induzon.com\/pl\/produkt\/w-pelni-automatyczny-bezobslugowy-automat-do-popcornu-dla-kina-wesolego-miasteczka-przekaski-i-napoje-2\/#primaryimage\"},\"thumbnailUrl\":\"https:\/\/induzon.com\/wp-content\/uploads\/2025\/10\/\u56fe-1-4.jpg\",\"datePublished\":\"2026-01-15T07:48:33+00:00\",\"description\":\"W pe\u0142ni automatyczny bezobs\u0142ugowy automat do popcornu dla kin i weso\u0142ych miasteczek Profesjonalny automat z przek\u0105skami i napojami\",\"breadcrumb\":{\"@id\":\"https:\/\/induzon.com\/pl\/produkt\/w-pelni-automatyczny-bezobslugowy-automat-do-popcornu-dla-kina-wesolego-miasteczka-przekaski-i-napoje-2\/#breadcrumb\"},\"inLanguage\":\"pl-PL\",\"potentialAction\":[{\"@type\":\"ReadAction\",\"target\":[\"https:\/\/induzon.com\/pl\/produkt\/w-pelni-automatyczny-bezobslugowy-automat-do-popcornu-dla-kina-wesolego-miasteczka-przekaski-i-napoje-2\/\"]}]},{\"@type\":\"ImageObject\",\"inLanguage\":\"pl-PL\",\"@id\":\"https:\/\/induzon.com\/pl\/produkt\/w-pelni-automatyczny-bezobslugowy-automat-do-popcornu-dla-kina-wesolego-miasteczka-przekaski-i-napoje-2\/#primaryimage\",\"url\":\"https:\/\/induzon.com\/wp-content\/uploads\/2025\/10\/\u56fe-1-4.jpg\",\"contentUrl\":\"https:\/\/induzon.com\/wp-content\/uploads\/2025\/10\/\u56fe-1-4.jpg\",\"width\":1500,\"height\":1500,\"caption\":\"W pe\u0142ni automatyczna maszyna do popcornu dla kin\"},{\"@type\":\"BreadcrumbList\",\"@id\":\"https:\/\/induzon.com\/pl\/produkt\/w-pelni-automatyczny-bezobslugowy-automat-do-popcornu-dla-kina-wesolego-miasteczka-przekaski-i-napoje-2\/#breadcrumb\",\"itemListElement\":[{\"@type\":\"ListItem\",\"position\":1,\"name\":\"\u9996\u9875\",\"item\":\"https:\/\/induzon.com\/pl\/strona-glowna\/\"},{\"@type\":\"ListItem\",\"position\":2,\"name\":\"Sklep\",\"item\":\"https:\/\/induzon.com\/pl\/sklep\/\"},{\"@type\":\"ListItem\",\"position\":3,\"name\":\"W pe\u0142ni Automatyczny Bezobs\u0142ugowy Automat do Popcornu Dla Kina Weso\u0142ego Miasteczka Przek\u0105ski i Napoje\"}]},{\"@type\":\"WebSite\",\"@id\":\"https:\/\/induzon.com\/pl\/#website\",\"url\":\"https:\/\/induzon.com\/pl\/\",\"name\":\"induzon\",\"description\":\"\",\"publisher\":{\"@id\":\"https:\/\/induzon.com\/pl\/#organization\"},\"potentialAction\":[{\"@type\":\"SearchAction\",\"target\":{\"@type\":\"EntryPoint\",\"urlTemplate\":\"https:\/\/induzon.com\/pl\/?s={search_term_string}\"},\"query-input\":{\"@type\":\"PropertyValueSpecification\",\"valueRequired\":true,\"valueName\":\"search_term_string\"}}],\"inLanguage\":\"pl-PL\"},{\"@type\":\"Organization\",\"@id\":\"https:\/\/induzon.com\/pl\/#organization\",\"name\":\"induzon\",\"url\":\"https:\/\/induzon.com\/pl\/\",\"logo\":{\"@type\":\"ImageObject\",\"inLanguage\":\"pl-PL\",\"@id\":\"https:\/\/induzon.com\/pl\/#\/schema\/logo\/image\/\",\"url\":\"https:\/\/induzon.com\/wp-content\/uploads\/2025\/05\/cropped-026.png\",\"contentUrl\":\"https:\/\/induzon.com\/wp-content\/uploads\/2025\/05\/cropped-026.png\",\"width\":512,\"height\":512,\"caption\":\"induzon\"},\"image\":{\"@id\":\"https:\/\/induzon.com\/pl\/#\/schema\/logo\/image\/\"}}]}<\/script>\r\n<!-- \/ Yoast SEO plugin. -->","yoast_head_json":{"title":"W pe\u0142ni automatyczna maszyna do popcornu dla kin -Induzon","description":"W pe\u0142ni automatyczny bezobs\u0142ugowy automat do popcornu dla kin i weso\u0142ych miasteczek Profesjonalny automat z przek\u0105skami i napojami","robots":{"index":"index","follow":"follow","max-snippet":"max-snippet:-1","max-image-preview":"max-image-preview:large","max-video-preview":"max-video-preview:-1"},"canonical":"https:\/\/induzon.com\/pl\/produkt\/w-pelni-automatyczny-bezobslugowy-automat-do-popcornu-dla-kina-wesolego-miasteczka-przekaski-i-napoje-2\/","og_locale":"pl_PL","og_type":"article","og_title":"W pe\u0142ni automatyczna maszyna do popcornu dla kin -Induzon","og_description":"W pe\u0142ni automatyczny bezobs\u0142ugowy automat do popcornu dla kin i weso\u0142ych miasteczek Profesjonalny automat z przek\u0105skami i napojami","og_url":"https:\/\/induzon.com\/pl\/produkt\/w-pelni-automatyczny-bezobslugowy-automat-do-popcornu-dla-kina-wesolego-miasteczka-przekaski-i-napoje-2\/","og_site_name":"induzon","og_image":[{"width":1500,"height":1500,"url":"https:\/\/induzon.com\/wp-content\/uploads\/2025\/10\/\u56fe-1-4.jpg","type":"image\/jpeg"}],"twitter_card":"summary_large_image","schema":{"@context":"https:\/\/schema.org","@graph":[{"@type":"WebPage","@id":"https:\/\/induzon.com\/pl\/produkt\/w-pelni-automatyczny-bezobslugowy-automat-do-popcornu-dla-kina-wesolego-miasteczka-przekaski-i-napoje-2\/","url":"https:\/\/induzon.com\/pl\/produkt\/w-pelni-automatyczny-bezobslugowy-automat-do-popcornu-dla-kina-wesolego-miasteczka-przekaski-i-napoje-2\/","name":"W pe\u0142ni automatyczna maszyna do popcornu dla kin -Induzon","isPartOf":{"@id":"https:\/\/induzon.com\/pl\/#website"},"primaryImageOfPage":{"@id":"https:\/\/induzon.com\/pl\/produkt\/w-pelni-automatyczny-bezobslugowy-automat-do-popcornu-dla-kina-wesolego-miasteczka-przekaski-i-napoje-2\/#primaryimage"},"image":{"@id":"https:\/\/induzon.com\/pl\/produkt\/w-pelni-automatyczny-bezobslugowy-automat-do-popcornu-dla-kina-wesolego-miasteczka-przekaski-i-napoje-2\/#primaryimage"},"thumbnailUrl":"https:\/\/induzon.com\/wp-content\/uploads\/2025\/10\/\u56fe-1-4.jpg","datePublished":"2026-01-15T07:48:33+00:00","description":"W pe\u0142ni automatyczny bezobs\u0142ugowy automat do popcornu dla kin i weso\u0142ych miasteczek Profesjonalny automat z przek\u0105skami i napojami","breadcrumb":{"@id":"https:\/\/induzon.com\/pl\/produkt\/w-pelni-automatyczny-bezobslugowy-automat-do-popcornu-dla-kina-wesolego-miasteczka-przekaski-i-napoje-2\/#breadcrumb"},"inLanguage":"pl-PL","potentialAction":[{"@type":"ReadAction","target":["https:\/\/induzon.com\/pl\/produkt\/w-pelni-automatyczny-bezobslugowy-automat-do-popcornu-dla-kina-wesolego-miasteczka-przekaski-i-napoje-2\/"]}]},{"@type":"ImageObject","inLanguage":"pl-PL","@id":"https:\/\/induzon.com\/pl\/produkt\/w-pelni-automatyczny-bezobslugowy-automat-do-popcornu-dla-kina-wesolego-miasteczka-przekaski-i-napoje-2\/#primaryimage","url":"https:\/\/induzon.com\/wp-content\/uploads\/2025\/10\/\u56fe-1-4.jpg","contentUrl":"https:\/\/induzon.com\/wp-content\/uploads\/2025\/10\/\u56fe-1-4.jpg","width":1500,"height":1500,"caption":"W pe\u0142ni automatyczna maszyna do popcornu dla kin"},{"@type":"BreadcrumbList","@id":"https:\/\/induzon.com\/pl\/produkt\/w-pelni-automatyczny-bezobslugowy-automat-do-popcornu-dla-kina-wesolego-miasteczka-przekaski-i-napoje-2\/#breadcrumb","itemListElement":[{"@type":"ListItem","position":1,"name":"\u9996\u9875","item":"https:\/\/induzon.com\/pl\/strona-glowna\/"},{"@type":"ListItem","position":2,"name":"Sklep","item":"https:\/\/induzon.com\/pl\/sklep\/"},{"@type":"ListItem","position":3,"name":"W pe\u0142ni Automatyczny Bezobs\u0142ugowy Automat do Popcornu Dla Kina Weso\u0142ego Miasteczka Przek\u0105ski i Napoje"}]},{"@type":"WebSite","@id":"https:\/\/induzon.com\/pl\/#website","url":"https:\/\/induzon.com\/pl\/","name":"induzon","description":"","publisher":{"@id":"https:\/\/induzon.com\/pl\/#organization"},"potentialAction":[{"@type":"SearchAction","target":{"@type":"EntryPoint","urlTemplate":"https:\/\/induzon.com\/pl\/?s={search_term_string}"},"query-input":{"@type":"PropertyValueSpecification","valueRequired":true,"valueName":"search_term_string"}}],"inLanguage":"pl-PL"},{"@type":"Organization","@id":"https:\/\/induzon.com\/pl\/#organization","name":"induzon","url":"https:\/\/induzon.com\/pl\/","logo":{"@type":"ImageObject","inLanguage":"pl-PL","@id":"https:\/\/induzon.com\/pl\/#\/schema\/logo\/image\/","url":"https:\/\/induzon.com\/wp-content\/uploads\/2025\/05\/cropped-026.png","contentUrl":"https:\/\/induzon.com\/wp-content\/uploads\/2025\/05\/cropped-026.png","width":512,"height":512,"caption":"induzon"},"image":{"@id":"https:\/\/induzon.com\/pl\/#\/schema\/logo\/image\/"}}]}},"_links":{"self":[{"href":"https:\/\/induzon.com\/pl\/wp-json\/wp\/v2\/product\/33114","targetHints":{"allow":["GET"]}}],"collection":[{"href":"https:\/\/induzon.com\/pl\/wp-json\/wp\/v2\/product"}],"about":[{"href":"https:\/\/induzon.com\/pl\/wp-json\/wp\/v2\/types\/product"}],"replies":[{"embeddable":true,"href":"https:\/\/induzon.com\/pl\/wp-json\/wp\/v2\/comments?post=33114"}],"version-history":[{"count":0,"href":"https:\/\/induzon.com\/pl\/wp-json\/wp\/v2\/product\/33114\/revisions"}],"wp:featuredmedia":[{"embeddable":true,"href":"https:\/\/induzon.com\/pl\/wp-json\/wp\/v2\/media\/29130"}],"wp:attachment":[{"href":"https:\/\/induzon.com\/pl\/wp-json\/wp\/v2\/media?parent=33114"}],"wp:term":[{"taxonomy":"product_brand","embeddable":true,"href":"https:\/\/induzon.com\/pl\/wp-json\/wp\/v2\/product_brand?post=33114"},{"taxonomy":"product_cat","embeddable":true,"href":"https:\/\/induzon.com\/pl\/wp-json\/wp\/v2\/product_cat?post=33114"},{"taxonomy":"product_tag","embeddable":true,"href":"https:\/\/induzon.com\/pl\/wp-json\/wp\/v2\/product_tag?post=33114"}],"curies":[{"name":"wp","href":"https:\/\/api.w.org\/{rel}","templated":true}]}}