{"id":33700,"date":"2026-02-27T14:23:26","date_gmt":"2026-02-27T06:23:26","guid":{"rendered":"https:\/\/induzon.com\/shop\/1-szt-117-x-62-x-83-mm-nawilzacz-grzejnikowy-uniwersalny-zbiornik-grzejnikowy-odporny-na-wysoka-temperature-plastik-do-grzejnikow-olejowych\/"},"modified":"2026-02-27T14:23:26","modified_gmt":"2026-02-27T06:23:26","slug":"1-szt-117-x-62-x-83-mm-nawilzacz-grzejnikowy-uniwersalny-zbiornik-grzejnikowy-odporny-na-wysoka-temperature-plastik-do-grzejnikow-olejowych","status":"publish","type":"product","link":"https:\/\/induzon.com\/pl\/produkt\/1-szt-117-x-62-x-83-mm-nawilzacz-grzejnikowy-uniwersalny-zbiornik-grzejnikowy-odporny-na-wysoka-temperature-plastik-do-grzejnikow-olejowych\/","title":{"rendered":"1 szt. 117 x 62 x 83 mm Nawil\u017cacz grzejnikowy Uniwersalny zbiornik grzejnikowy Odporny na wysok\u0105 temperatur\u0119 plastik do grzejnik\u00f3w olejowych"},"content":{"rendered":"","protected":false},"excerpt":{"rendered":"","protected":false},"featured_media":33681,"comment_status":"open","ping_status":"closed","template":"","meta":{"site-sidebar-layout":"default","site-content-layout":"","ast-site-content-layout":"default","site-content-style":"default","site-sidebar-style":"default","ast-global-header-display":"","ast-banner-title-visibility":"","ast-main-header-display":"","ast-hfb-above-header-display":"","ast-hfb-below-header-display":"","ast-hfb-mobile-header-display":"","site-post-title":"","ast-breadcrumbs-content":"","ast-featured-img":"","footer-sml-layout":"","theme-transparent-header-meta":"default","adv-header-id-meta":"","stick-header-meta":"","header-above-stick-meta":"","header-main-stick-meta":"","header-below-stick-meta":"","astra-migrate-meta-layouts":"default","ast-page-background-enabled":"default","ast-page-background-meta":{"desktop":{"background-color":"var(--ast-global-color-4)","background-image":"","background-repeat":"repeat","background-position":"center center","background-size":"auto","background-attachment":"scroll","background-type":"","background-media":"","overlay-type":"","overlay-color":"","overlay-opacity":"","overlay-gradient":""},"tablet":{"background-color":"","background-image":"","background-repeat":"repeat","background-position":"center center","background-size":"auto","background-attachment":"scroll","background-type":"","background-media":"","overlay-type":"","overlay-color":"","overlay-opacity":"","overlay-gradient":""},"mobile":{"background-color":"","background-image":"","background-repeat":"repeat","background-position":"center center","background-size":"auto","background-attachment":"scroll","background-type":"","background-media":"","overlay-type":"","overlay-color":"","overlay-opacity":"","overlay-gradient":""}},"ast-content-background-meta":{"desktop":{"background-color":"var(--ast-global-color-5)","background-image":"","background-repeat":"repeat","background-position":"center center","background-size":"auto","background-attachment":"scroll","background-type":"","background-media":"","overlay-type":"","overlay-color":"","overlay-opacity":"","overlay-gradient":""},"tablet":{"background-color":"var(--ast-global-color-5)","background-image":"","background-repeat":"repeat","background-position":"center center","background-size":"auto","background-attachment":"scroll","background-type":"","background-media":"","overlay-type":"","overlay-color":"","overlay-opacity":"","overlay-gradient":""},"mobile":{"background-color":"var(--ast-global-color-5)","background-image":"","background-repeat":"repeat","background-position":"center center","background-size":"auto","background-attachment":"scroll","background-type":"","background-media":"","overlay-type":"","overlay-color":"","overlay-opacity":"","overlay-gradient":""}}},"product_brand":[],"product_cat":[2140],"product_tag":[2141],"class_list":{"0":"post-33700","1":"product","2":"type-product","3":"status-publish","4":"has-post-thumbnail","6":"product_cat-nawilzacz-grzejnikowy","7":"product_tag-nawilzacz-grzejnikowy","8":"desktop-align-left","9":"tablet-align-left","10":"mobile-align-left","12":"first","13":"instock","14":"sale","15":"featured","16":"shipping-taxable","17":"purchasable","18":"product-type-simple"},"yoast_head":"<!-- This site is optimized with the Yoast SEO plugin v24.9 - https:\/\/yoast.com\/wordpress\/plugins\/seo\/ -->\r\n<title>1 szt. 117 x 62 x 83 mm Zbiornik ch\u0142odnicy Nawil\u017cacz - Induzon<\/title>\r\n<meta name=\"description\" content=\"1 szt. 117 x 62 x 83 mm Zbiornik na wod\u0119 do nawil\u017cacza grzejnikowego Zwalcz suche powietrze w pomieszczeniach dzi\u0119ki temu praktycznemu i wydajnemu uniwersalnemu nawil\u017caczowi grzejnikowemu.\" \/>\r\n<meta name=\"robots\" content=\"index, follow, max-snippet:-1, max-image-preview:large, max-video-preview:-1\" \/>\r\n<link rel=\"canonical\" href=\"https:\/\/induzon.com\/pl\/produkt\/1-szt-117-x-62-x-83-mm-nawilzacz-grzejnikowy-uniwersalny-zbiornik-grzejnikowy-odporny-na-wysoka-temperature-plastik-do-grzejnikow-olejowych\/\" \/>\r\n<meta property=\"og:locale\" content=\"pl_PL\" \/>\r\n<meta property=\"og:type\" content=\"article\" \/>\r\n<meta property=\"og:title\" content=\"1 szt. 117 x 62 x 83 mm Zbiornik ch\u0142odnicy Nawil\u017cacz - Induzon\" \/>\r\n<meta property=\"og:description\" content=\"1 szt. 117 x 62 x 83 mm Zbiornik na wod\u0119 do nawil\u017cacza grzejnikowego Zwalcz suche powietrze w pomieszczeniach dzi\u0119ki temu praktycznemu i wydajnemu uniwersalnemu nawil\u017caczowi grzejnikowemu.\" \/>\r\n<meta property=\"og:url\" content=\"https:\/\/induzon.com\/pl\/produkt\/1-szt-117-x-62-x-83-mm-nawilzacz-grzejnikowy-uniwersalny-zbiornik-grzejnikowy-odporny-na-wysoka-temperature-plastik-do-grzejnikow-olejowych\/\" \/>\r\n<meta property=\"og:site_name\" content=\"induzon\" \/>\r\n<meta property=\"og:image\" content=\"https:\/\/induzon.com\/wp-content\/uploads\/2026\/02\/Universal-Radiator-main.png\" \/>\r\n\t<meta property=\"og:image:width\" content=\"800\" \/>\r\n\t<meta property=\"og:image:height\" content=\"800\" \/>\r\n\t<meta property=\"og:image:type\" content=\"image\/png\" \/>\r\n<meta name=\"twitter:card\" content=\"summary_large_image\" \/>\r\n<script type=\"application\/ld+json\" class=\"yoast-schema-graph\">{\"@context\":\"https:\/\/schema.org\",\"@graph\":[{\"@type\":\"WebPage\",\"@id\":\"https:\/\/induzon.com\/pl\/produkt\/1-szt-117-x-62-x-83-mm-nawilzacz-grzejnikowy-uniwersalny-zbiornik-grzejnikowy-odporny-na-wysoka-temperature-plastik-do-grzejnikow-olejowych\/\",\"url\":\"https:\/\/induzon.com\/pl\/produkt\/1-szt-117-x-62-x-83-mm-nawilzacz-grzejnikowy-uniwersalny-zbiornik-grzejnikowy-odporny-na-wysoka-temperature-plastik-do-grzejnikow-olejowych\/\",\"name\":\"1 szt. 117 x 62 x 83 mm Zbiornik ch\u0142odnicy Nawil\u017cacz - Induzon\",\"isPartOf\":{\"@id\":\"https:\/\/induzon.com\/pl\/#website\"},\"primaryImageOfPage\":{\"@id\":\"https:\/\/induzon.com\/pl\/produkt\/1-szt-117-x-62-x-83-mm-nawilzacz-grzejnikowy-uniwersalny-zbiornik-grzejnikowy-odporny-na-wysoka-temperature-plastik-do-grzejnikow-olejowych\/#primaryimage\"},\"image\":{\"@id\":\"https:\/\/induzon.com\/pl\/produkt\/1-szt-117-x-62-x-83-mm-nawilzacz-grzejnikowy-uniwersalny-zbiornik-grzejnikowy-odporny-na-wysoka-temperature-plastik-do-grzejnikow-olejowych\/#primaryimage\"},\"thumbnailUrl\":\"https:\/\/induzon.com\/wp-content\/uploads\/2026\/02\/Universal-Radiator-main.png\",\"datePublished\":\"2026-02-27T06:23:26+00:00\",\"description\":\"1 szt. 117 x 62 x 83 mm Zbiornik na wod\u0119 do nawil\u017cacza grzejnikowego Zwalcz suche powietrze w pomieszczeniach dzi\u0119ki temu praktycznemu i wydajnemu uniwersalnemu nawil\u017caczowi grzejnikowemu.\",\"breadcrumb\":{\"@id\":\"https:\/\/induzon.com\/pl\/produkt\/1-szt-117-x-62-x-83-mm-nawilzacz-grzejnikowy-uniwersalny-zbiornik-grzejnikowy-odporny-na-wysoka-temperature-plastik-do-grzejnikow-olejowych\/#breadcrumb\"},\"inLanguage\":\"pl-PL\",\"potentialAction\":[{\"@type\":\"ReadAction\",\"target\":[\"https:\/\/induzon.com\/pl\/produkt\/1-szt-117-x-62-x-83-mm-nawilzacz-grzejnikowy-uniwersalny-zbiornik-grzejnikowy-odporny-na-wysoka-temperature-plastik-do-grzejnikow-olejowych\/\"]}]},{\"@type\":\"ImageObject\",\"inLanguage\":\"pl-PL\",\"@id\":\"https:\/\/induzon.com\/pl\/produkt\/1-szt-117-x-62-x-83-mm-nawilzacz-grzejnikowy-uniwersalny-zbiornik-grzejnikowy-odporny-na-wysoka-temperature-plastik-do-grzejnikow-olejowych\/#primaryimage\",\"url\":\"https:\/\/induzon.com\/wp-content\/uploads\/2026\/02\/Universal-Radiator-main.png\",\"contentUrl\":\"https:\/\/induzon.com\/wp-content\/uploads\/2026\/02\/Universal-Radiator-main.png\",\"width\":800,\"height\":800,\"caption\":\"1 szt. 117 x 62 x 83 mm Nawil\u017cacz grzejnikowy Uniwersalny zbiornik grzejnikowy Odporny na wysok\u0105 temperatur\u0119 plastik do grzejnik\u00f3w olejowych\"},{\"@type\":\"BreadcrumbList\",\"@id\":\"https:\/\/induzon.com\/pl\/produkt\/1-szt-117-x-62-x-83-mm-nawilzacz-grzejnikowy-uniwersalny-zbiornik-grzejnikowy-odporny-na-wysoka-temperature-plastik-do-grzejnikow-olejowych\/#breadcrumb\",\"itemListElement\":[{\"@type\":\"ListItem\",\"position\":1,\"name\":\"\u9996\u9875\",\"item\":\"https:\/\/induzon.com\/pl\/strona-glowna\/\"},{\"@type\":\"ListItem\",\"position\":2,\"name\":\"Sklep\",\"item\":\"https:\/\/induzon.com\/pl\/sklep\/\"},{\"@type\":\"ListItem\",\"position\":3,\"name\":\"1 szt. 117 x 62 x 83 mm Nawil\u017cacz grzejnikowy Uniwersalny zbiornik grzejnikowy Odporny na wysok\u0105 temperatur\u0119 plastik do grzejnik\u00f3w olejowych\"}]},{\"@type\":\"WebSite\",\"@id\":\"https:\/\/induzon.com\/pl\/#website\",\"url\":\"https:\/\/induzon.com\/pl\/\",\"name\":\"induzon\",\"description\":\"\",\"publisher\":{\"@id\":\"https:\/\/induzon.com\/pl\/#organization\"},\"potentialAction\":[{\"@type\":\"SearchAction\",\"target\":{\"@type\":\"EntryPoint\",\"urlTemplate\":\"https:\/\/induzon.com\/pl\/?s={search_term_string}\"},\"query-input\":{\"@type\":\"PropertyValueSpecification\",\"valueRequired\":true,\"valueName\":\"search_term_string\"}}],\"inLanguage\":\"pl-PL\"},{\"@type\":\"Organization\",\"@id\":\"https:\/\/induzon.com\/pl\/#organization\",\"name\":\"induzon\",\"url\":\"https:\/\/induzon.com\/pl\/\",\"logo\":{\"@type\":\"ImageObject\",\"inLanguage\":\"pl-PL\",\"@id\":\"https:\/\/induzon.com\/pl\/#\/schema\/logo\/image\/\",\"url\":\"https:\/\/induzon.com\/wp-content\/uploads\/2025\/05\/cropped-026.png\",\"contentUrl\":\"https:\/\/induzon.com\/wp-content\/uploads\/2025\/05\/cropped-026.png\",\"width\":512,\"height\":512,\"caption\":\"induzon\"},\"image\":{\"@id\":\"https:\/\/induzon.com\/pl\/#\/schema\/logo\/image\/\"}}]}<\/script>\r\n<!-- \/ Yoast SEO plugin. -->","yoast_head_json":{"title":"1 szt. 117 x 62 x 83 mm Zbiornik ch\u0142odnicy Nawil\u017cacz - Induzon","description":"1 szt. 117 x 62 x 83 mm Zbiornik na wod\u0119 do nawil\u017cacza grzejnikowego Zwalcz suche powietrze w pomieszczeniach dzi\u0119ki temu praktycznemu i wydajnemu uniwersalnemu nawil\u017caczowi grzejnikowemu.","robots":{"index":"index","follow":"follow","max-snippet":"max-snippet:-1","max-image-preview":"max-image-preview:large","max-video-preview":"max-video-preview:-1"},"canonical":"https:\/\/induzon.com\/pl\/produkt\/1-szt-117-x-62-x-83-mm-nawilzacz-grzejnikowy-uniwersalny-zbiornik-grzejnikowy-odporny-na-wysoka-temperature-plastik-do-grzejnikow-olejowych\/","og_locale":"pl_PL","og_type":"article","og_title":"1 szt. 117 x 62 x 83 mm Zbiornik ch\u0142odnicy Nawil\u017cacz - Induzon","og_description":"1 szt. 117 x 62 x 83 mm Zbiornik na wod\u0119 do nawil\u017cacza grzejnikowego Zwalcz suche powietrze w pomieszczeniach dzi\u0119ki temu praktycznemu i wydajnemu uniwersalnemu nawil\u017caczowi grzejnikowemu.","og_url":"https:\/\/induzon.com\/pl\/produkt\/1-szt-117-x-62-x-83-mm-nawilzacz-grzejnikowy-uniwersalny-zbiornik-grzejnikowy-odporny-na-wysoka-temperature-plastik-do-grzejnikow-olejowych\/","og_site_name":"induzon","og_image":[{"width":800,"height":800,"url":"https:\/\/induzon.com\/wp-content\/uploads\/2026\/02\/Universal-Radiator-main.png","type":"image\/png"}],"twitter_card":"summary_large_image","schema":{"@context":"https:\/\/schema.org","@graph":[{"@type":"WebPage","@id":"https:\/\/induzon.com\/pl\/produkt\/1-szt-117-x-62-x-83-mm-nawilzacz-grzejnikowy-uniwersalny-zbiornik-grzejnikowy-odporny-na-wysoka-temperature-plastik-do-grzejnikow-olejowych\/","url":"https:\/\/induzon.com\/pl\/produkt\/1-szt-117-x-62-x-83-mm-nawilzacz-grzejnikowy-uniwersalny-zbiornik-grzejnikowy-odporny-na-wysoka-temperature-plastik-do-grzejnikow-olejowych\/","name":"1 szt. 117 x 62 x 83 mm Zbiornik ch\u0142odnicy Nawil\u017cacz - Induzon","isPartOf":{"@id":"https:\/\/induzon.com\/pl\/#website"},"primaryImageOfPage":{"@id":"https:\/\/induzon.com\/pl\/produkt\/1-szt-117-x-62-x-83-mm-nawilzacz-grzejnikowy-uniwersalny-zbiornik-grzejnikowy-odporny-na-wysoka-temperature-plastik-do-grzejnikow-olejowych\/#primaryimage"},"image":{"@id":"https:\/\/induzon.com\/pl\/produkt\/1-szt-117-x-62-x-83-mm-nawilzacz-grzejnikowy-uniwersalny-zbiornik-grzejnikowy-odporny-na-wysoka-temperature-plastik-do-grzejnikow-olejowych\/#primaryimage"},"thumbnailUrl":"https:\/\/induzon.com\/wp-content\/uploads\/2026\/02\/Universal-Radiator-main.png","datePublished":"2026-02-27T06:23:26+00:00","description":"1 szt. 117 x 62 x 83 mm Zbiornik na wod\u0119 do nawil\u017cacza grzejnikowego Zwalcz suche powietrze w pomieszczeniach dzi\u0119ki temu praktycznemu i wydajnemu uniwersalnemu nawil\u017caczowi grzejnikowemu.","breadcrumb":{"@id":"https:\/\/induzon.com\/pl\/produkt\/1-szt-117-x-62-x-83-mm-nawilzacz-grzejnikowy-uniwersalny-zbiornik-grzejnikowy-odporny-na-wysoka-temperature-plastik-do-grzejnikow-olejowych\/#breadcrumb"},"inLanguage":"pl-PL","potentialAction":[{"@type":"ReadAction","target":["https:\/\/induzon.com\/pl\/produkt\/1-szt-117-x-62-x-83-mm-nawilzacz-grzejnikowy-uniwersalny-zbiornik-grzejnikowy-odporny-na-wysoka-temperature-plastik-do-grzejnikow-olejowych\/"]}]},{"@type":"ImageObject","inLanguage":"pl-PL","@id":"https:\/\/induzon.com\/pl\/produkt\/1-szt-117-x-62-x-83-mm-nawilzacz-grzejnikowy-uniwersalny-zbiornik-grzejnikowy-odporny-na-wysoka-temperature-plastik-do-grzejnikow-olejowych\/#primaryimage","url":"https:\/\/induzon.com\/wp-content\/uploads\/2026\/02\/Universal-Radiator-main.png","contentUrl":"https:\/\/induzon.com\/wp-content\/uploads\/2026\/02\/Universal-Radiator-main.png","width":800,"height":800,"caption":"1 szt. 117 x 62 x 83 mm Nawil\u017cacz grzejnikowy Uniwersalny zbiornik grzejnikowy Odporny na wysok\u0105 temperatur\u0119 plastik do grzejnik\u00f3w olejowych"},{"@type":"BreadcrumbList","@id":"https:\/\/induzon.com\/pl\/produkt\/1-szt-117-x-62-x-83-mm-nawilzacz-grzejnikowy-uniwersalny-zbiornik-grzejnikowy-odporny-na-wysoka-temperature-plastik-do-grzejnikow-olejowych\/#breadcrumb","itemListElement":[{"@type":"ListItem","position":1,"name":"\u9996\u9875","item":"https:\/\/induzon.com\/pl\/strona-glowna\/"},{"@type":"ListItem","position":2,"name":"Sklep","item":"https:\/\/induzon.com\/pl\/sklep\/"},{"@type":"ListItem","position":3,"name":"1 szt. 117 x 62 x 83 mm Nawil\u017cacz grzejnikowy Uniwersalny zbiornik grzejnikowy Odporny na wysok\u0105 temperatur\u0119 plastik do grzejnik\u00f3w olejowych"}]},{"@type":"WebSite","@id":"https:\/\/induzon.com\/pl\/#website","url":"https:\/\/induzon.com\/pl\/","name":"induzon","description":"","publisher":{"@id":"https:\/\/induzon.com\/pl\/#organization"},"potentialAction":[{"@type":"SearchAction","target":{"@type":"EntryPoint","urlTemplate":"https:\/\/induzon.com\/pl\/?s={search_term_string}"},"query-input":{"@type":"PropertyValueSpecification","valueRequired":true,"valueName":"search_term_string"}}],"inLanguage":"pl-PL"},{"@type":"Organization","@id":"https:\/\/induzon.com\/pl\/#organization","name":"induzon","url":"https:\/\/induzon.com\/pl\/","logo":{"@type":"ImageObject","inLanguage":"pl-PL","@id":"https:\/\/induzon.com\/pl\/#\/schema\/logo\/image\/","url":"https:\/\/induzon.com\/wp-content\/uploads\/2025\/05\/cropped-026.png","contentUrl":"https:\/\/induzon.com\/wp-content\/uploads\/2025\/05\/cropped-026.png","width":512,"height":512,"caption":"induzon"},"image":{"@id":"https:\/\/induzon.com\/pl\/#\/schema\/logo\/image\/"}}]}},"_links":{"self":[{"href":"https:\/\/induzon.com\/pl\/wp-json\/wp\/v2\/product\/33700","targetHints":{"allow":["GET"]}}],"collection":[{"href":"https:\/\/induzon.com\/pl\/wp-json\/wp\/v2\/product"}],"about":[{"href":"https:\/\/induzon.com\/pl\/wp-json\/wp\/v2\/types\/product"}],"replies":[{"embeddable":true,"href":"https:\/\/induzon.com\/pl\/wp-json\/wp\/v2\/comments?post=33700"}],"version-history":[{"count":0,"href":"https:\/\/induzon.com\/pl\/wp-json\/wp\/v2\/product\/33700\/revisions"}],"wp:featuredmedia":[{"embeddable":true,"href":"https:\/\/induzon.com\/pl\/wp-json\/wp\/v2\/media\/33681"}],"wp:attachment":[{"href":"https:\/\/induzon.com\/pl\/wp-json\/wp\/v2\/media?parent=33700"}],"wp:term":[{"taxonomy":"product_brand","embeddable":true,"href":"https:\/\/induzon.com\/pl\/wp-json\/wp\/v2\/product_brand?post=33700"},{"taxonomy":"product_cat","embeddable":true,"href":"https:\/\/induzon.com\/pl\/wp-json\/wp\/v2\/product_cat?post=33700"},{"taxonomy":"product_tag","embeddable":true,"href":"https:\/\/induzon.com\/pl\/wp-json\/wp\/v2\/product_tag?post=33700"}],"curies":[{"name":"wp","href":"https:\/\/api.w.org\/{rel}","templated":true}]}}