{"id":37009,"date":"2026-04-02T15:59:32","date_gmt":"2026-04-02T07:59:32","guid":{"rendered":"https:\/\/induzon.com\/shop\/silnik-synchroniczny-220v-do-pieca-na-pellet-z-biomasy-wolnoobrotowy-2-3-3-5-5-obr-min\/"},"modified":"2026-04-02T15:59:32","modified_gmt":"2026-04-02T07:59:32","slug":"silnik-synchroniczny-220v-do-pieca-na-pellet-z-biomasy-wolnoobrotowy-2-3-3-5-5-obr-min","status":"publish","type":"product","link":"https:\/\/induzon.com\/pl\/produkt\/silnik-synchroniczny-220v-do-pieca-na-pellet-z-biomasy-wolnoobrotowy-2-3-3-5-5-obr-min\/","title":{"rendered":"Silnik synchroniczny 220V do pieca na pellet z biomasy wolnoobrotowy 2 3 3.5 5 obr\/min"},"content":{"rendered":"","protected":false},"excerpt":{"rendered":"","protected":false},"featured_media":36730,"comment_status":"open","ping_status":"closed","template":"","meta":{"site-sidebar-layout":"default","site-content-layout":"","ast-site-content-layout":"default","site-content-style":"default","site-sidebar-style":"default","ast-global-header-display":"","ast-banner-title-visibility":"","ast-main-header-display":"","ast-hfb-above-header-display":"","ast-hfb-below-header-display":"","ast-hfb-mobile-header-display":"","site-post-title":"","ast-breadcrumbs-content":"","ast-featured-img":"","footer-sml-layout":"","theme-transparent-header-meta":"default","adv-header-id-meta":"","stick-header-meta":"","header-above-stick-meta":"","header-main-stick-meta":"","header-below-stick-meta":"","astra-migrate-meta-layouts":"default","ast-page-background-enabled":"default","ast-page-background-meta":{"desktop":{"background-color":"var(--ast-global-color-4)","background-image":"","background-repeat":"repeat","background-position":"center center","background-size":"auto","background-attachment":"scroll","background-type":"","background-media":"","overlay-type":"","overlay-color":"","overlay-opacity":"","overlay-gradient":""},"tablet":{"background-color":"","background-image":"","background-repeat":"repeat","background-position":"center center","background-size":"auto","background-attachment":"scroll","background-type":"","background-media":"","overlay-type":"","overlay-color":"","overlay-opacity":"","overlay-gradient":""},"mobile":{"background-color":"","background-image":"","background-repeat":"repeat","background-position":"center center","background-size":"auto","background-attachment":"scroll","background-type":"","background-media":"","overlay-type":"","overlay-color":"","overlay-opacity":"","overlay-gradient":""}},"ast-content-background-meta":{"desktop":{"background-color":"var(--ast-global-color-5)","background-image":"","background-repeat":"repeat","background-position":"center center","background-size":"auto","background-attachment":"scroll","background-type":"","background-media":"","overlay-type":"","overlay-color":"","overlay-opacity":"","overlay-gradient":""},"tablet":{"background-color":"var(--ast-global-color-5)","background-image":"","background-repeat":"repeat","background-position":"center center","background-size":"auto","background-attachment":"scroll","background-type":"","background-media":"","overlay-type":"","overlay-color":"","overlay-opacity":"","overlay-gradient":""},"mobile":{"background-color":"var(--ast-global-color-5)","background-image":"","background-repeat":"repeat","background-position":"center center","background-size":"auto","background-attachment":"scroll","background-type":"","background-media":"","overlay-type":"","overlay-color":"","overlay-opacity":"","overlay-gradient":""}}},"product_brand":[],"product_cat":[1751],"product_tag":[],"class_list":{"0":"post-37009","1":"product","2":"type-product","3":"status-publish","4":"has-post-thumbnail","6":"product_cat-silnik-i-skrzynia-biegow","7":"desktop-align-left","8":"tablet-align-left","9":"mobile-align-left","11":"first","12":"instock","13":"sale","14":"shipping-taxable","15":"purchasable","16":"product-type-variable"},"yoast_head":"<!-- This site is optimized with the Yoast SEO plugin v24.9 - https:\/\/yoast.com\/wordpress\/plugins\/seo\/ -->\r\n<title>synchroniczny wolny silnik do pieca na pellet z biomasy 2 3 3.5 5 obr<\/title>\r\n<meta name=\"description\" content=\"Ten 220V synchroniczny niskoobrotowy silnik do pieca na pellet z biomasy pracuje z pr\u0119dko\u015bci\u0105 2 3 3.5 5 obr\/min. Do systemu podawania.\" \/>\r\n<meta name=\"robots\" content=\"index, follow, max-snippet:-1, max-image-preview:large, max-video-preview:-1\" \/>\r\n<link rel=\"canonical\" href=\"https:\/\/induzon.com\/pl\/produkt\/silnik-synchroniczny-220v-do-pieca-na-pellet-z-biomasy-wolnoobrotowy-2-3-3-5-5-obr-min\/\" \/>\r\n<meta property=\"og:locale\" content=\"pl_PL\" \/>\r\n<meta property=\"og:type\" content=\"article\" \/>\r\n<meta property=\"og:title\" content=\"synchroniczny wolny silnik do pieca na pellet z biomasy 2 3 3.5 5 obr\" \/>\r\n<meta property=\"og:description\" content=\"Ten 220V synchroniczny niskoobrotowy silnik do pieca na pellet z biomasy pracuje z pr\u0119dko\u015bci\u0105 2 3 3.5 5 obr\/min. Do systemu podawania.\" \/>\r\n<meta property=\"og:url\" content=\"https:\/\/induzon.com\/pl\/produkt\/silnik-synchroniczny-220v-do-pieca-na-pellet-z-biomasy-wolnoobrotowy-2-3-3-5-5-obr-min\/\" \/>\r\n<meta property=\"og:site_name\" content=\"induzon\" \/>\r\n<meta property=\"og:image\" content=\"https:\/\/induzon.com\/wp-content\/uploads\/2026\/04\/\u56fe-2.jpg\" \/>\r\n\t<meta property=\"og:image:width\" content=\"1500\" \/>\r\n\t<meta property=\"og:image:height\" content=\"1500\" \/>\r\n\t<meta property=\"og:image:type\" content=\"image\/jpeg\" \/>\r\n<meta name=\"twitter:card\" content=\"summary_large_image\" \/>\r\n<script type=\"application\/ld+json\" class=\"yoast-schema-graph\">{\"@context\":\"https:\/\/schema.org\",\"@graph\":[{\"@type\":\"WebPage\",\"@id\":\"https:\/\/induzon.com\/pl\/produkt\/silnik-synchroniczny-220v-do-pieca-na-pellet-z-biomasy-wolnoobrotowy-2-3-3-5-5-obr-min\/\",\"url\":\"https:\/\/induzon.com\/pl\/produkt\/silnik-synchroniczny-220v-do-pieca-na-pellet-z-biomasy-wolnoobrotowy-2-3-3-5-5-obr-min\/\",\"name\":\"synchroniczny wolny silnik do pieca na pellet z biomasy 2 3 3.5 5 obr\",\"isPartOf\":{\"@id\":\"https:\/\/induzon.com\/pl\/#website\"},\"primaryImageOfPage\":{\"@id\":\"https:\/\/induzon.com\/pl\/produkt\/silnik-synchroniczny-220v-do-pieca-na-pellet-z-biomasy-wolnoobrotowy-2-3-3-5-5-obr-min\/#primaryimage\"},\"image\":{\"@id\":\"https:\/\/induzon.com\/pl\/produkt\/silnik-synchroniczny-220v-do-pieca-na-pellet-z-biomasy-wolnoobrotowy-2-3-3-5-5-obr-min\/#primaryimage\"},\"thumbnailUrl\":\"https:\/\/induzon.com\/wp-content\/uploads\/2026\/04\/\u56fe-2.jpg\",\"datePublished\":\"2026-04-02T07:59:32+00:00\",\"description\":\"Ten 220V synchroniczny niskoobrotowy silnik do pieca na pellet z biomasy pracuje z pr\u0119dko\u015bci\u0105 2 3 3.5 5 obr\/min. Do systemu podawania.\",\"breadcrumb\":{\"@id\":\"https:\/\/induzon.com\/pl\/produkt\/silnik-synchroniczny-220v-do-pieca-na-pellet-z-biomasy-wolnoobrotowy-2-3-3-5-5-obr-min\/#breadcrumb\"},\"inLanguage\":\"pl-PL\",\"potentialAction\":[{\"@type\":\"ReadAction\",\"target\":[\"https:\/\/induzon.com\/pl\/produkt\/silnik-synchroniczny-220v-do-pieca-na-pellet-z-biomasy-wolnoobrotowy-2-3-3-5-5-obr-min\/\"]}]},{\"@type\":\"ImageObject\",\"inLanguage\":\"pl-PL\",\"@id\":\"https:\/\/induzon.com\/pl\/produkt\/silnik-synchroniczny-220v-do-pieca-na-pellet-z-biomasy-wolnoobrotowy-2-3-3-5-5-obr-min\/#primaryimage\",\"url\":\"https:\/\/induzon.com\/wp-content\/uploads\/2026\/04\/\u56fe-2.jpg\",\"contentUrl\":\"https:\/\/induzon.com\/wp-content\/uploads\/2026\/04\/\u56fe-2.jpg\",\"width\":1500,\"height\":1500,\"caption\":\"Silnik synchroniczny 220V do pieca na pellet z biomasy wolnoobrotowy 2 3 3.5 5 obr\/min\"},{\"@type\":\"BreadcrumbList\",\"@id\":\"https:\/\/induzon.com\/pl\/produkt\/silnik-synchroniczny-220v-do-pieca-na-pellet-z-biomasy-wolnoobrotowy-2-3-3-5-5-obr-min\/#breadcrumb\",\"itemListElement\":[{\"@type\":\"ListItem\",\"position\":1,\"name\":\"\u9996\u9875\",\"item\":\"https:\/\/induzon.com\/pl\/strona-glowna\/\"},{\"@type\":\"ListItem\",\"position\":2,\"name\":\"Sklep\",\"item\":\"https:\/\/induzon.com\/pl\/sklep\/\"},{\"@type\":\"ListItem\",\"position\":3,\"name\":\"Silnik synchroniczny 220V do pieca na pellet z biomasy wolnoobrotowy 2 3 3.5 5 obr\/min\"}]},{\"@type\":\"WebSite\",\"@id\":\"https:\/\/induzon.com\/pl\/#website\",\"url\":\"https:\/\/induzon.com\/pl\/\",\"name\":\"induzon\",\"description\":\"\",\"publisher\":{\"@id\":\"https:\/\/induzon.com\/pl\/#organization\"},\"potentialAction\":[{\"@type\":\"SearchAction\",\"target\":{\"@type\":\"EntryPoint\",\"urlTemplate\":\"https:\/\/induzon.com\/pl\/?s={search_term_string}\"},\"query-input\":{\"@type\":\"PropertyValueSpecification\",\"valueRequired\":true,\"valueName\":\"search_term_string\"}}],\"inLanguage\":\"pl-PL\"},{\"@type\":\"Organization\",\"@id\":\"https:\/\/induzon.com\/pl\/#organization\",\"name\":\"induzon\",\"url\":\"https:\/\/induzon.com\/pl\/\",\"logo\":{\"@type\":\"ImageObject\",\"inLanguage\":\"pl-PL\",\"@id\":\"https:\/\/induzon.com\/pl\/#\/schema\/logo\/image\/\",\"url\":\"https:\/\/induzon.com\/wp-content\/uploads\/2025\/05\/cropped-026.png\",\"contentUrl\":\"https:\/\/induzon.com\/wp-content\/uploads\/2025\/05\/cropped-026.png\",\"width\":512,\"height\":512,\"caption\":\"induzon\"},\"image\":{\"@id\":\"https:\/\/induzon.com\/pl\/#\/schema\/logo\/image\/\"}}]}<\/script>\r\n<!-- \/ Yoast SEO plugin. -->","yoast_head_json":{"title":"synchroniczny wolny silnik do pieca na pellet z biomasy 2 3 3.5 5 obr","description":"Ten 220V synchroniczny niskoobrotowy silnik do pieca na pellet z biomasy pracuje z pr\u0119dko\u015bci\u0105 2 3 3.5 5 obr\/min. Do systemu podawania.","robots":{"index":"index","follow":"follow","max-snippet":"max-snippet:-1","max-image-preview":"max-image-preview:large","max-video-preview":"max-video-preview:-1"},"canonical":"https:\/\/induzon.com\/pl\/produkt\/silnik-synchroniczny-220v-do-pieca-na-pellet-z-biomasy-wolnoobrotowy-2-3-3-5-5-obr-min\/","og_locale":"pl_PL","og_type":"article","og_title":"synchroniczny wolny silnik do pieca na pellet z biomasy 2 3 3.5 5 obr","og_description":"Ten 220V synchroniczny niskoobrotowy silnik do pieca na pellet z biomasy pracuje z pr\u0119dko\u015bci\u0105 2 3 3.5 5 obr\/min. Do systemu podawania.","og_url":"https:\/\/induzon.com\/pl\/produkt\/silnik-synchroniczny-220v-do-pieca-na-pellet-z-biomasy-wolnoobrotowy-2-3-3-5-5-obr-min\/","og_site_name":"induzon","og_image":[{"width":1500,"height":1500,"url":"https:\/\/induzon.com\/wp-content\/uploads\/2026\/04\/\u56fe-2.jpg","type":"image\/jpeg"}],"twitter_card":"summary_large_image","schema":{"@context":"https:\/\/schema.org","@graph":[{"@type":"WebPage","@id":"https:\/\/induzon.com\/pl\/produkt\/silnik-synchroniczny-220v-do-pieca-na-pellet-z-biomasy-wolnoobrotowy-2-3-3-5-5-obr-min\/","url":"https:\/\/induzon.com\/pl\/produkt\/silnik-synchroniczny-220v-do-pieca-na-pellet-z-biomasy-wolnoobrotowy-2-3-3-5-5-obr-min\/","name":"synchroniczny wolny silnik do pieca na pellet z biomasy 2 3 3.5 5 obr","isPartOf":{"@id":"https:\/\/induzon.com\/pl\/#website"},"primaryImageOfPage":{"@id":"https:\/\/induzon.com\/pl\/produkt\/silnik-synchroniczny-220v-do-pieca-na-pellet-z-biomasy-wolnoobrotowy-2-3-3-5-5-obr-min\/#primaryimage"},"image":{"@id":"https:\/\/induzon.com\/pl\/produkt\/silnik-synchroniczny-220v-do-pieca-na-pellet-z-biomasy-wolnoobrotowy-2-3-3-5-5-obr-min\/#primaryimage"},"thumbnailUrl":"https:\/\/induzon.com\/wp-content\/uploads\/2026\/04\/\u56fe-2.jpg","datePublished":"2026-04-02T07:59:32+00:00","description":"Ten 220V synchroniczny niskoobrotowy silnik do pieca na pellet z biomasy pracuje z pr\u0119dko\u015bci\u0105 2 3 3.5 5 obr\/min. Do systemu podawania.","breadcrumb":{"@id":"https:\/\/induzon.com\/pl\/produkt\/silnik-synchroniczny-220v-do-pieca-na-pellet-z-biomasy-wolnoobrotowy-2-3-3-5-5-obr-min\/#breadcrumb"},"inLanguage":"pl-PL","potentialAction":[{"@type":"ReadAction","target":["https:\/\/induzon.com\/pl\/produkt\/silnik-synchroniczny-220v-do-pieca-na-pellet-z-biomasy-wolnoobrotowy-2-3-3-5-5-obr-min\/"]}]},{"@type":"ImageObject","inLanguage":"pl-PL","@id":"https:\/\/induzon.com\/pl\/produkt\/silnik-synchroniczny-220v-do-pieca-na-pellet-z-biomasy-wolnoobrotowy-2-3-3-5-5-obr-min\/#primaryimage","url":"https:\/\/induzon.com\/wp-content\/uploads\/2026\/04\/\u56fe-2.jpg","contentUrl":"https:\/\/induzon.com\/wp-content\/uploads\/2026\/04\/\u56fe-2.jpg","width":1500,"height":1500,"caption":"Silnik synchroniczny 220V do pieca na pellet z biomasy wolnoobrotowy 2 3 3.5 5 obr\/min"},{"@type":"BreadcrumbList","@id":"https:\/\/induzon.com\/pl\/produkt\/silnik-synchroniczny-220v-do-pieca-na-pellet-z-biomasy-wolnoobrotowy-2-3-3-5-5-obr-min\/#breadcrumb","itemListElement":[{"@type":"ListItem","position":1,"name":"\u9996\u9875","item":"https:\/\/induzon.com\/pl\/strona-glowna\/"},{"@type":"ListItem","position":2,"name":"Sklep","item":"https:\/\/induzon.com\/pl\/sklep\/"},{"@type":"ListItem","position":3,"name":"Silnik synchroniczny 220V do pieca na pellet z biomasy wolnoobrotowy 2 3 3.5 5 obr\/min"}]},{"@type":"WebSite","@id":"https:\/\/induzon.com\/pl\/#website","url":"https:\/\/induzon.com\/pl\/","name":"induzon","description":"","publisher":{"@id":"https:\/\/induzon.com\/pl\/#organization"},"potentialAction":[{"@type":"SearchAction","target":{"@type":"EntryPoint","urlTemplate":"https:\/\/induzon.com\/pl\/?s={search_term_string}"},"query-input":{"@type":"PropertyValueSpecification","valueRequired":true,"valueName":"search_term_string"}}],"inLanguage":"pl-PL"},{"@type":"Organization","@id":"https:\/\/induzon.com\/pl\/#organization","name":"induzon","url":"https:\/\/induzon.com\/pl\/","logo":{"@type":"ImageObject","inLanguage":"pl-PL","@id":"https:\/\/induzon.com\/pl\/#\/schema\/logo\/image\/","url":"https:\/\/induzon.com\/wp-content\/uploads\/2025\/05\/cropped-026.png","contentUrl":"https:\/\/induzon.com\/wp-content\/uploads\/2025\/05\/cropped-026.png","width":512,"height":512,"caption":"induzon"},"image":{"@id":"https:\/\/induzon.com\/pl\/#\/schema\/logo\/image\/"}}]}},"_links":{"self":[{"href":"https:\/\/induzon.com\/pl\/wp-json\/wp\/v2\/product\/37009","targetHints":{"allow":["GET"]}}],"collection":[{"href":"https:\/\/induzon.com\/pl\/wp-json\/wp\/v2\/product"}],"about":[{"href":"https:\/\/induzon.com\/pl\/wp-json\/wp\/v2\/types\/product"}],"replies":[{"embeddable":true,"href":"https:\/\/induzon.com\/pl\/wp-json\/wp\/v2\/comments?post=37009"}],"version-history":[{"count":0,"href":"https:\/\/induzon.com\/pl\/wp-json\/wp\/v2\/product\/37009\/revisions"}],"wp:featuredmedia":[{"embeddable":true,"href":"https:\/\/induzon.com\/pl\/wp-json\/wp\/v2\/media\/36730"}],"wp:attachment":[{"href":"https:\/\/induzon.com\/pl\/wp-json\/wp\/v2\/media?parent=37009"}],"wp:term":[{"taxonomy":"product_brand","embeddable":true,"href":"https:\/\/induzon.com\/pl\/wp-json\/wp\/v2\/product_brand?post=37009"},{"taxonomy":"product_cat","embeddable":true,"href":"https:\/\/induzon.com\/pl\/wp-json\/wp\/v2\/product_cat?post=37009"},{"taxonomy":"product_tag","embeddable":true,"href":"https:\/\/induzon.com\/pl\/wp-json\/wp\/v2\/product_tag?post=37009"}],"curies":[{"name":"wp","href":"https:\/\/api.w.org\/{rel}","templated":true}]}}