{"id":37156,"date":"2026-04-14T16:16:52","date_gmt":"2026-04-14T08:16:52","guid":{"rendered":"https:\/\/induzon.com\/shop\/sterownik-cyfrowy-z-wyswietlaczem-do-pieca-na-pellet-regulator-temperatury-czesci-piecowe-sterowanie-palnikiem\/"},"modified":"2026-04-14T16:16:52","modified_gmt":"2026-04-14T08:16:52","slug":"sterownik-cyfrowy-z-wyswietlaczem-do-pieca-na-pellet-regulator-temperatury-czesci-piecowe-sterowanie-palnikiem","status":"publish","type":"product","link":"https:\/\/induzon.com\/pl\/produkt\/sterownik-cyfrowy-z-wyswietlaczem-do-pieca-na-pellet-regulator-temperatury-czesci-piecowe-sterowanie-palnikiem\/","title":{"rendered":"Sterownik cyfrowy z wy\u015bwietlaczem do pieca na pellet Regulator temperatury Cz\u0119\u015bci piecowe Sterowanie palnikiem"},"content":{"rendered":"","protected":false},"excerpt":{"rendered":"","protected":false},"featured_media":37065,"comment_status":"open","ping_status":"closed","template":"","meta":{"site-sidebar-layout":"default","site-content-layout":"","ast-site-content-layout":"default","site-content-style":"default","site-sidebar-style":"default","ast-global-header-display":"","ast-banner-title-visibility":"","ast-main-header-display":"","ast-hfb-above-header-display":"","ast-hfb-below-header-display":"","ast-hfb-mobile-header-display":"","site-post-title":"","ast-breadcrumbs-content":"","ast-featured-img":"","footer-sml-layout":"","theme-transparent-header-meta":"default","adv-header-id-meta":"","stick-header-meta":"","header-above-stick-meta":"","header-main-stick-meta":"","header-below-stick-meta":"","astra-migrate-meta-layouts":"default","ast-page-background-enabled":"default","ast-page-background-meta":{"desktop":{"background-color":"var(--ast-global-color-4)","background-image":"","background-repeat":"repeat","background-position":"center center","background-size":"auto","background-attachment":"scroll","background-type":"","background-media":"","overlay-type":"","overlay-color":"","overlay-opacity":"","overlay-gradient":""},"tablet":{"background-color":"","background-image":"","background-repeat":"repeat","background-position":"center center","background-size":"auto","background-attachment":"scroll","background-type":"","background-media":"","overlay-type":"","overlay-color":"","overlay-opacity":"","overlay-gradient":""},"mobile":{"background-color":"","background-image":"","background-repeat":"repeat","background-position":"center center","background-size":"auto","background-attachment":"scroll","background-type":"","background-media":"","overlay-type":"","overlay-color":"","overlay-opacity":"","overlay-gradient":""}},"ast-content-background-meta":{"desktop":{"background-color":"var(--ast-global-color-5)","background-image":"","background-repeat":"repeat","background-position":"center center","background-size":"auto","background-attachment":"scroll","background-type":"","background-media":"","overlay-type":"","overlay-color":"","overlay-opacity":"","overlay-gradient":""},"tablet":{"background-color":"var(--ast-global-color-5)","background-image":"","background-repeat":"repeat","background-position":"center center","background-size":"auto","background-attachment":"scroll","background-type":"","background-media":"","overlay-type":"","overlay-color":"","overlay-opacity":"","overlay-gradient":""},"mobile":{"background-color":"var(--ast-global-color-5)","background-image":"","background-repeat":"repeat","background-position":"center center","background-size":"auto","background-attachment":"scroll","background-type":"","background-media":"","overlay-type":"","overlay-color":"","overlay-opacity":"","overlay-gradient":""}}},"product_brand":[],"product_cat":[2367],"product_tag":[2368],"class_list":{"0":"post-37156","1":"product","2":"type-product","3":"status-publish","4":"has-post-thumbnail","6":"product_cat-wyswietlacz-led-pieca-na-pelety","7":"product_tag-wyswietlacz-led-pieca-na-pelety","8":"desktop-align-left","9":"tablet-align-left","10":"mobile-align-left","12":"first","13":"instock","14":"sale","15":"shipping-taxable","16":"purchasable","17":"product-type-simple"},"yoast_head":"<!-- This site is optimized with the Yoast SEO plugin v24.9 - https:\/\/yoast.com\/wordpress\/plugins\/seo\/ -->\r\n<title>Sterownik Pieca na Pellet Wy\u015bwietlacz LED Panel Cyfrowy Regulator Temperatury Cz\u0119\u015bci<\/title>\r\n<meta name=\"description\" content=\"Cz\u0119\u015bci zamienne do pieca na pellet: sterownik cyfrowy z wy\u015bwietlaczem LED i regulator temperatury. Kompatybilny z palnikiem i piekarnikiem. Precyzyjne sterowanie spalaniem i \u0142atwy monta\u017c.\" \/>\r\n<meta name=\"robots\" content=\"index, follow, max-snippet:-1, max-image-preview:large, max-video-preview:-1\" \/>\r\n<link rel=\"canonical\" href=\"https:\/\/induzon.com\/pl\/produkt\/sterownik-cyfrowy-z-wyswietlaczem-do-pieca-na-pellet-regulator-temperatury-czesci-piecowe-sterowanie-palnikiem\/\" \/>\r\n<meta property=\"og:locale\" content=\"pl_PL\" \/>\r\n<meta property=\"og:type\" content=\"article\" \/>\r\n<meta property=\"og:title\" content=\"Sterownik Pieca na Pellet Wy\u015bwietlacz LED Panel Cyfrowy Regulator Temperatury Cz\u0119\u015bci\" \/>\r\n<meta property=\"og:description\" content=\"Cz\u0119\u015bci zamienne do pieca na pellet: sterownik cyfrowy z wy\u015bwietlaczem LED i regulator temperatury. Kompatybilny z palnikiem i piekarnikiem. Precyzyjne sterowanie spalaniem i \u0142atwy monta\u017c.\" \/>\r\n<meta property=\"og:url\" content=\"https:\/\/induzon.com\/pl\/produkt\/sterownik-cyfrowy-z-wyswietlaczem-do-pieca-na-pellet-regulator-temperatury-czesci-piecowe-sterowanie-palnikiem\/\" \/>\r\n<meta property=\"og:site_name\" content=\"induzon\" \/>\r\n<meta property=\"og:image\" content=\"https:\/\/induzon.com\/wp-content\/uploads\/2026\/04\/\u56fe-1-1.jpg\" \/>\r\n\t<meta property=\"og:image:width\" content=\"1500\" \/>\r\n\t<meta property=\"og:image:height\" content=\"1500\" \/>\r\n\t<meta property=\"og:image:type\" content=\"image\/jpeg\" \/>\r\n<meta name=\"twitter:card\" content=\"summary_large_image\" \/>\r\n<script type=\"application\/ld+json\" class=\"yoast-schema-graph\">{\"@context\":\"https:\/\/schema.org\",\"@graph\":[{\"@type\":\"WebPage\",\"@id\":\"https:\/\/induzon.com\/pl\/produkt\/sterownik-cyfrowy-z-wyswietlaczem-do-pieca-na-pellet-regulator-temperatury-czesci-piecowe-sterowanie-palnikiem\/\",\"url\":\"https:\/\/induzon.com\/pl\/produkt\/sterownik-cyfrowy-z-wyswietlaczem-do-pieca-na-pellet-regulator-temperatury-czesci-piecowe-sterowanie-palnikiem\/\",\"name\":\"Sterownik Pieca na Pellet Wy\u015bwietlacz LED Panel Cyfrowy Regulator Temperatury Cz\u0119\u015bci\",\"isPartOf\":{\"@id\":\"https:\/\/induzon.com\/pl\/#website\"},\"primaryImageOfPage\":{\"@id\":\"https:\/\/induzon.com\/pl\/produkt\/sterownik-cyfrowy-z-wyswietlaczem-do-pieca-na-pellet-regulator-temperatury-czesci-piecowe-sterowanie-palnikiem\/#primaryimage\"},\"image\":{\"@id\":\"https:\/\/induzon.com\/pl\/produkt\/sterownik-cyfrowy-z-wyswietlaczem-do-pieca-na-pellet-regulator-temperatury-czesci-piecowe-sterowanie-palnikiem\/#primaryimage\"},\"thumbnailUrl\":\"https:\/\/induzon.com\/wp-content\/uploads\/2026\/04\/\u56fe-1-1.jpg\",\"datePublished\":\"2026-04-14T08:16:52+00:00\",\"description\":\"Cz\u0119\u015bci zamienne do pieca na pellet: sterownik cyfrowy z wy\u015bwietlaczem LED i regulator temperatury. Kompatybilny z palnikiem i piekarnikiem. Precyzyjne sterowanie spalaniem i \u0142atwy monta\u017c.\",\"breadcrumb\":{\"@id\":\"https:\/\/induzon.com\/pl\/produkt\/sterownik-cyfrowy-z-wyswietlaczem-do-pieca-na-pellet-regulator-temperatury-czesci-piecowe-sterowanie-palnikiem\/#breadcrumb\"},\"inLanguage\":\"pl-PL\",\"potentialAction\":[{\"@type\":\"ReadAction\",\"target\":[\"https:\/\/induzon.com\/pl\/produkt\/sterownik-cyfrowy-z-wyswietlaczem-do-pieca-na-pellet-regulator-temperatury-czesci-piecowe-sterowanie-palnikiem\/\"]}]},{\"@type\":\"ImageObject\",\"inLanguage\":\"pl-PL\",\"@id\":\"https:\/\/induzon.com\/pl\/produkt\/sterownik-cyfrowy-z-wyswietlaczem-do-pieca-na-pellet-regulator-temperatury-czesci-piecowe-sterowanie-palnikiem\/#primaryimage\",\"url\":\"https:\/\/induzon.com\/wp-content\/uploads\/2026\/04\/\u56fe-1-1.jpg\",\"contentUrl\":\"https:\/\/induzon.com\/wp-content\/uploads\/2026\/04\/\u56fe-1-1.jpg\",\"width\":1500,\"height\":1500,\"caption\":\"Sterownik cyfrowy z wy\u015bwietlaczem do pieca na pellet Regulator temperatury Cz\u0119\u015bci piecowe Sterowanie palnikiem\"},{\"@type\":\"BreadcrumbList\",\"@id\":\"https:\/\/induzon.com\/pl\/produkt\/sterownik-cyfrowy-z-wyswietlaczem-do-pieca-na-pellet-regulator-temperatury-czesci-piecowe-sterowanie-palnikiem\/#breadcrumb\",\"itemListElement\":[{\"@type\":\"ListItem\",\"position\":1,\"name\":\"\u9996\u9875\",\"item\":\"https:\/\/induzon.com\/pl\/strona-glowna\/\"},{\"@type\":\"ListItem\",\"position\":2,\"name\":\"Sklep\",\"item\":\"https:\/\/induzon.com\/pl\/sklep\/\"},{\"@type\":\"ListItem\",\"position\":3,\"name\":\"Sterownik cyfrowy z wy\u015bwietlaczem do pieca na pellet Regulator temperatury Cz\u0119\u015bci piecowe Sterowanie palnikiem\"}]},{\"@type\":\"WebSite\",\"@id\":\"https:\/\/induzon.com\/pl\/#website\",\"url\":\"https:\/\/induzon.com\/pl\/\",\"name\":\"induzon\",\"description\":\"\",\"publisher\":{\"@id\":\"https:\/\/induzon.com\/pl\/#organization\"},\"potentialAction\":[{\"@type\":\"SearchAction\",\"target\":{\"@type\":\"EntryPoint\",\"urlTemplate\":\"https:\/\/induzon.com\/pl\/?s={search_term_string}\"},\"query-input\":{\"@type\":\"PropertyValueSpecification\",\"valueRequired\":true,\"valueName\":\"search_term_string\"}}],\"inLanguage\":\"pl-PL\"},{\"@type\":\"Organization\",\"@id\":\"https:\/\/induzon.com\/pl\/#organization\",\"name\":\"induzon\",\"url\":\"https:\/\/induzon.com\/pl\/\",\"logo\":{\"@type\":\"ImageObject\",\"inLanguage\":\"pl-PL\",\"@id\":\"https:\/\/induzon.com\/pl\/#\/schema\/logo\/image\/\",\"url\":\"https:\/\/induzon.com\/wp-content\/uploads\/2025\/05\/cropped-026.png\",\"contentUrl\":\"https:\/\/induzon.com\/wp-content\/uploads\/2025\/05\/cropped-026.png\",\"width\":512,\"height\":512,\"caption\":\"induzon\"},\"image\":{\"@id\":\"https:\/\/induzon.com\/pl\/#\/schema\/logo\/image\/\"}}]}<\/script>\r\n<!-- \/ Yoast SEO plugin. -->","yoast_head_json":{"title":"Sterownik Pieca na Pellet Wy\u015bwietlacz LED Panel Cyfrowy Regulator Temperatury Cz\u0119\u015bci","description":"Cz\u0119\u015bci zamienne do pieca na pellet: sterownik cyfrowy z wy\u015bwietlaczem LED i regulator temperatury. Kompatybilny z palnikiem i piekarnikiem. Precyzyjne sterowanie spalaniem i \u0142atwy monta\u017c.","robots":{"index":"index","follow":"follow","max-snippet":"max-snippet:-1","max-image-preview":"max-image-preview:large","max-video-preview":"max-video-preview:-1"},"canonical":"https:\/\/induzon.com\/pl\/produkt\/sterownik-cyfrowy-z-wyswietlaczem-do-pieca-na-pellet-regulator-temperatury-czesci-piecowe-sterowanie-palnikiem\/","og_locale":"pl_PL","og_type":"article","og_title":"Sterownik Pieca na Pellet Wy\u015bwietlacz LED Panel Cyfrowy Regulator Temperatury Cz\u0119\u015bci","og_description":"Cz\u0119\u015bci zamienne do pieca na pellet: sterownik cyfrowy z wy\u015bwietlaczem LED i regulator temperatury. Kompatybilny z palnikiem i piekarnikiem. Precyzyjne sterowanie spalaniem i \u0142atwy monta\u017c.","og_url":"https:\/\/induzon.com\/pl\/produkt\/sterownik-cyfrowy-z-wyswietlaczem-do-pieca-na-pellet-regulator-temperatury-czesci-piecowe-sterowanie-palnikiem\/","og_site_name":"induzon","og_image":[{"width":1500,"height":1500,"url":"https:\/\/induzon.com\/wp-content\/uploads\/2026\/04\/\u56fe-1-1.jpg","type":"image\/jpeg"}],"twitter_card":"summary_large_image","schema":{"@context":"https:\/\/schema.org","@graph":[{"@type":"WebPage","@id":"https:\/\/induzon.com\/pl\/produkt\/sterownik-cyfrowy-z-wyswietlaczem-do-pieca-na-pellet-regulator-temperatury-czesci-piecowe-sterowanie-palnikiem\/","url":"https:\/\/induzon.com\/pl\/produkt\/sterownik-cyfrowy-z-wyswietlaczem-do-pieca-na-pellet-regulator-temperatury-czesci-piecowe-sterowanie-palnikiem\/","name":"Sterownik Pieca na Pellet Wy\u015bwietlacz LED Panel Cyfrowy Regulator Temperatury Cz\u0119\u015bci","isPartOf":{"@id":"https:\/\/induzon.com\/pl\/#website"},"primaryImageOfPage":{"@id":"https:\/\/induzon.com\/pl\/produkt\/sterownik-cyfrowy-z-wyswietlaczem-do-pieca-na-pellet-regulator-temperatury-czesci-piecowe-sterowanie-palnikiem\/#primaryimage"},"image":{"@id":"https:\/\/induzon.com\/pl\/produkt\/sterownik-cyfrowy-z-wyswietlaczem-do-pieca-na-pellet-regulator-temperatury-czesci-piecowe-sterowanie-palnikiem\/#primaryimage"},"thumbnailUrl":"https:\/\/induzon.com\/wp-content\/uploads\/2026\/04\/\u56fe-1-1.jpg","datePublished":"2026-04-14T08:16:52+00:00","description":"Cz\u0119\u015bci zamienne do pieca na pellet: sterownik cyfrowy z wy\u015bwietlaczem LED i regulator temperatury. Kompatybilny z palnikiem i piekarnikiem. Precyzyjne sterowanie spalaniem i \u0142atwy monta\u017c.","breadcrumb":{"@id":"https:\/\/induzon.com\/pl\/produkt\/sterownik-cyfrowy-z-wyswietlaczem-do-pieca-na-pellet-regulator-temperatury-czesci-piecowe-sterowanie-palnikiem\/#breadcrumb"},"inLanguage":"pl-PL","potentialAction":[{"@type":"ReadAction","target":["https:\/\/induzon.com\/pl\/produkt\/sterownik-cyfrowy-z-wyswietlaczem-do-pieca-na-pellet-regulator-temperatury-czesci-piecowe-sterowanie-palnikiem\/"]}]},{"@type":"ImageObject","inLanguage":"pl-PL","@id":"https:\/\/induzon.com\/pl\/produkt\/sterownik-cyfrowy-z-wyswietlaczem-do-pieca-na-pellet-regulator-temperatury-czesci-piecowe-sterowanie-palnikiem\/#primaryimage","url":"https:\/\/induzon.com\/wp-content\/uploads\/2026\/04\/\u56fe-1-1.jpg","contentUrl":"https:\/\/induzon.com\/wp-content\/uploads\/2026\/04\/\u56fe-1-1.jpg","width":1500,"height":1500,"caption":"Sterownik cyfrowy z wy\u015bwietlaczem do pieca na pellet Regulator temperatury Cz\u0119\u015bci piecowe Sterowanie palnikiem"},{"@type":"BreadcrumbList","@id":"https:\/\/induzon.com\/pl\/produkt\/sterownik-cyfrowy-z-wyswietlaczem-do-pieca-na-pellet-regulator-temperatury-czesci-piecowe-sterowanie-palnikiem\/#breadcrumb","itemListElement":[{"@type":"ListItem","position":1,"name":"\u9996\u9875","item":"https:\/\/induzon.com\/pl\/strona-glowna\/"},{"@type":"ListItem","position":2,"name":"Sklep","item":"https:\/\/induzon.com\/pl\/sklep\/"},{"@type":"ListItem","position":3,"name":"Sterownik cyfrowy z wy\u015bwietlaczem do pieca na pellet Regulator temperatury Cz\u0119\u015bci piecowe Sterowanie palnikiem"}]},{"@type":"WebSite","@id":"https:\/\/induzon.com\/pl\/#website","url":"https:\/\/induzon.com\/pl\/","name":"induzon","description":"","publisher":{"@id":"https:\/\/induzon.com\/pl\/#organization"},"potentialAction":[{"@type":"SearchAction","target":{"@type":"EntryPoint","urlTemplate":"https:\/\/induzon.com\/pl\/?s={search_term_string}"},"query-input":{"@type":"PropertyValueSpecification","valueRequired":true,"valueName":"search_term_string"}}],"inLanguage":"pl-PL"},{"@type":"Organization","@id":"https:\/\/induzon.com\/pl\/#organization","name":"induzon","url":"https:\/\/induzon.com\/pl\/","logo":{"@type":"ImageObject","inLanguage":"pl-PL","@id":"https:\/\/induzon.com\/pl\/#\/schema\/logo\/image\/","url":"https:\/\/induzon.com\/wp-content\/uploads\/2025\/05\/cropped-026.png","contentUrl":"https:\/\/induzon.com\/wp-content\/uploads\/2025\/05\/cropped-026.png","width":512,"height":512,"caption":"induzon"},"image":{"@id":"https:\/\/induzon.com\/pl\/#\/schema\/logo\/image\/"}}]}},"_links":{"self":[{"href":"https:\/\/induzon.com\/pl\/wp-json\/wp\/v2\/product\/37156","targetHints":{"allow":["GET"]}}],"collection":[{"href":"https:\/\/induzon.com\/pl\/wp-json\/wp\/v2\/product"}],"about":[{"href":"https:\/\/induzon.com\/pl\/wp-json\/wp\/v2\/types\/product"}],"replies":[{"embeddable":true,"href":"https:\/\/induzon.com\/pl\/wp-json\/wp\/v2\/comments?post=37156"}],"version-history":[{"count":0,"href":"https:\/\/induzon.com\/pl\/wp-json\/wp\/v2\/product\/37156\/revisions"}],"wp:featuredmedia":[{"embeddable":true,"href":"https:\/\/induzon.com\/pl\/wp-json\/wp\/v2\/media\/37065"}],"wp:attachment":[{"href":"https:\/\/induzon.com\/pl\/wp-json\/wp\/v2\/media?parent=37156"}],"wp:term":[{"taxonomy":"product_brand","embeddable":true,"href":"https:\/\/induzon.com\/pl\/wp-json\/wp\/v2\/product_brand?post=37156"},{"taxonomy":"product_cat","embeddable":true,"href":"https:\/\/induzon.com\/pl\/wp-json\/wp\/v2\/product_cat?post=37156"},{"taxonomy":"product_tag","embeddable":true,"href":"https:\/\/induzon.com\/pl\/wp-json\/wp\/v2\/product_tag?post=37156"}],"curies":[{"name":"wp","href":"https:\/\/api.w.org\/{rel}","templated":true}]}}