{"id":30814,"date":"2025-11-26T10:15:49","date_gmt":"2025-11-26T02:15:49","guid":{"rendered":"https:\/\/induzon.com\/termos-de-servico\/"},"modified":"2025-11-26T16:28:20","modified_gmt":"2025-11-26T08:28:20","slug":"termos-de-servico","status":"publish","type":"page","link":"https:\/\/induzon.com\/pt-pt\/termos-de-servico\/","title":{"rendered":"Termos de Servi\u00e7o"},"content":{"rendered":"\t\t<div data-elementor-type=\"wp-page\" data-elementor-id=\"30814\" class=\"elementor elementor-30814 elementor-30761\" data-elementor-post-type=\"page\">\n\t\t\t\t<div class=\"elementor-element elementor-element-10bf2f9 e-flex e-con-boxed e-con e-parent\" data-id=\"10bf2f9\" data-element_type=\"container\">\n\t\t\t\t\t<div class=\"e-con-inner\">\n\t\t\t\t<div class=\"elementor-element elementor-element-8b87a79 elementor-widget elementor-widget-heading\" data-id=\"8b87a79\" data-element_type=\"widget\" data-widget_type=\"heading.default\">\n\t\t\t\t\t<h2 class=\"elementor-heading-title elementor-size-default\">Termos de Servi\u00e7o<\/h2>\t\t\t\t<\/div>\n\t\t\t\t\t<\/div>\n\t\t\t\t<\/div>\n\t\t<div class=\"elementor-element elementor-element-11ef669 e-flex e-con-boxed e-con e-parent\" data-id=\"11ef669\" data-element_type=\"container\">\n\t\t\t\t\t<div class=\"e-con-inner\">\n\t\t\t\t<div class=\"elementor-element elementor-element-e75d440 elementor-widget elementor-widget-text-editor\" data-id=\"e75d440\" data-element_type=\"widget\" data-widget_type=\"text-editor.default\">\n\t\t\t\t\t\t\t\t\t<p>Last updated: 25 November 2025<\/p><p>Bem-vindo \u00e0 Induzon!<\/p><p>Leia atentamente estes Termos de Servi\u00e7o (doravante referidos como os \u00abTermos\u00bb) antes de utilizar o nosso website (https:\/\/induzon.com\/). Ao aceder ou utilizar este website, concorda em ficar vinculado a estes Termos. Se n\u00e3o concordar com estes Termos, por favor, pare de usar este site imediatamente.<\/p><p>1. Descri\u00e7\u00e3o do servi\u00e7o<br>Este site, Induzon (doravante referido como \u00abo Site\u00bb ou \u00abn\u00f3s\u00bb), \u00e9 operado pela YI SHENG para fornecer uma plataforma de servi\u00e7os de com\u00e9rcio exterior para compradores globais (doravante referidos como \u00abUsu\u00e1rios\u00bb ou \u00abvoc\u00ea\u00bb) para conhecer e adquirir os nossos produtos. Reservamo-nos o direito de modificar ou descontinuar o servi\u00e7o a qualquer momento, sem aviso pr\u00e9vio.<\/p><p>2. Contas de utilizador<\/p><p>Informa\u00e7\u00f5es de registo: Para utilizar certas funcionalidades (como fazer encomendas), poder\u00e1 ser necess\u00e1rio registar uma conta. Concorda em fornecer informa\u00e7\u00f5es verdadeiras, precisas, atuais e completas.<\/p><p>Seguran\u00e7a da conta: O utilizador \u00e9 respons\u00e1vel por manter a confidencialidade da sua conta e palavra-passe, e assumir\u00e1 total responsabilidade por todas as atividades realizadas na sua conta.<\/p><p>Precis\u00e3o das informa\u00e7\u00f5es: Concorda em fornecer dados de contacto verdadeiros e v\u00e1lidos (tais como endere\u00e7o de e-mail, n\u00famero de telefone, nome da empresa e endere\u00e7o) ao fazer consultas ou efetuar encomendas.<\/p><p>3. Informa\u00e7\u00f5es sobre o produto<br>Esfor\u00e7amo-nos por garantir a exatid\u00e3o das imagens, descri\u00e7\u00f5es e especifica\u00e7\u00f5es dos produtos no site. No entanto, podem ocorrer pequenas varia\u00e7\u00f5es devido a fatores relacionados com a fotografia e a exibi\u00e7\u00e3o. Todas as especifica\u00e7\u00f5es do produto est\u00e3o sujeitas \u00e0 confirma\u00e7\u00e3o final fornecida por n\u00f3s.<\/p><p><br>4. Propriedade intelectual<br>Todo o conte\u00fado deste site, incluindo, entre outros, texto, gr\u00e1ficos, log\u00f3tipos, \u00edcones de bot\u00f5es, imagens, clipes de \u00e1udio, downloads digitais, compila\u00e7\u00f5es de dados e software, \u00e9 propriedade da YI SHENG ou dos seus fornecedores de conte\u00fado e est\u00e1 protegido por leis e tratados internacionais de direitos autorais. N\u00e3o \u00e9 permitido reproduzir, modificar, distribuir ou utilizar para fins comerciais sem a nossa autoriza\u00e7\u00e3o expressa por escrito.<\/p><p>5. Isen\u00e7\u00e3o de responsabilidade<\/p><p>Este site \u00e9 fornecido \u00abtal como est\u00e1\u00bb, sem quaisquer garantias expressas ou impl\u00edcitas.<\/p><p>N\u00e3o nos responsabilizamos por quaisquer danos indiretos, incidentais, especiais ou consequentes decorrentes da utiliza\u00e7\u00e3o ou incapacidade de utilizar este website.<\/p><p>N\u00e3o nos responsabilizamos por atrasos ou falhas no servi\u00e7o causados por circunst\u00e2ncias fora do nosso controlo razo\u00e1vel, tais como guerras, greves, desastres naturais, restri\u00e7\u00f5es governamentais ou interrup\u00e7\u00f5es no servi\u00e7o de Internet.<\/p><p>6. Privacidade<br>A sua privacidade \u00e9 fundamental para n\u00f3s. Para obter detalhes sobre como recolhemos, utilizamos e protegemos as suas informa\u00e7\u00f5es pessoais, consulte a nossa Pol\u00edtica de Privacidade separada.<\/p><p>7. Lei aplic\u00e1vel<\/p><p>A forma\u00e7\u00e3o, interpreta\u00e7\u00e3o, validade e aplica\u00e7\u00e3o destes Termos ser\u00e3o regidas e interpretadas de acordo com as leis da Regi\u00e3o Administrativa Especial de Hong Kong da Rep\u00fablica Popular da China.<\/p><p><br>8. Altera\u00e7\u00e3o dos Termos<br>Reservamo-nos o direito de atualizar e alterar estes Termos a qualquer momento. Quaisquer modifica\u00e7\u00f5es ser\u00e3o publicadas nesta p\u00e1gina, com a \u00abData da \u00faltima atualiza\u00e7\u00e3o\u00bb atualizada em conformidade. O uso continuado deste site constitui aceita\u00e7\u00e3o dos termos alterados. Recomendamos que consulte periodicamente esta p\u00e1gina para verificar se houve alguma altera\u00e7\u00e3o.<\/p><p>9. Contacte-nos<br>Caso tenha alguma d\u00favida sobre estes Termos de Servi\u00e7o, entre em contacto connosco atrav\u00e9s de:<\/p><p>E-mail: director@induzon.com<\/p><p>Telefone: +86 158 9523 9548<\/p>\t\t\t\t\t\t\t\t<\/div>\n\t\t\t\t\t<\/div>\n\t\t\t\t<\/div>\n\t\t\t\t<\/div>\n\t\t","protected":false},"excerpt":{"rendered":"<p>Termos de Servi\u00e7o Last updated: 25 November 2025 Bem-vindo \u00e0 Induzon! Leia atentamente estes Termos de Servi\u00e7o (doravante referidos como [&hellip;]<\/p>\n","protected":false},"author":3,"featured_media":0,"parent":0,"menu_order":0,"comment_status":"closed","ping_status":"closed","template":"","meta":{"site-sidebar-layout":"no-sidebar","site-content-layout":"","ast-site-content-layout":"full-width-container","site-content-style":"default","site-sidebar-style":"default","ast-global-header-display":"","ast-banner-title-visibility":"","ast-main-header-display":"","ast-hfb-above-header-display":"","ast-hfb-below-header-display":"","ast-hfb-mobile-header-display":"","site-post-title":"disabled","ast-breadcrumbs-content":"","ast-featured-img":"disabled","footer-sml-layout":"","theme-transparent-header-meta":"","adv-header-id-meta":"","stick-header-meta":"","header-above-stick-meta":"","header-main-stick-meta":"","header-below-stick-meta":"","astra-migrate-meta-layouts":"default","ast-page-background-enabled":"default","ast-page-background-meta":{"desktop":{"background-color":"var(--ast-global-color-4)","background-image":"","background-repeat":"repeat","background-position":"center center","background-size":"auto","background-attachment":"scroll","background-type":"","background-media":"","overlay-type":"","overlay-color":"","overlay-opacity":"","overlay-gradient":""},"tablet":{"background-color":"","background-image":"","background-repeat":"repeat","background-position":"center center","background-size":"auto","background-attachment":"scroll","background-type":"","background-media":"","overlay-type":"","overlay-color":"","overlay-opacity":"","overlay-gradient":""},"mobile":{"background-color":"","background-image":"","background-repeat":"repeat","background-position":"center center","background-size":"auto","background-attachment":"scroll","background-type":"","background-media":"","overlay-type":"","overlay-color":"","overlay-opacity":"","overlay-gradient":""}},"ast-content-background-meta":{"desktop":{"background-color":"var(--ast-global-color-5)","background-image":"","background-repeat":"repeat","background-position":"center center","background-size":"auto","background-attachment":"scroll","background-type":"","background-media":"","overlay-type":"","overlay-color":"","overlay-opacity":"","overlay-gradient":""},"tablet":{"background-color":"var(--ast-global-color-5)","background-image":"","background-repeat":"repeat","background-position":"center center","background-size":"auto","background-attachment":"scroll","background-type":"","background-media":"","overlay-type":"","overlay-color":"","overlay-opacity":"","overlay-gradient":""},"mobile":{"background-color":"var(--ast-global-color-5)","background-image":"","background-repeat":"repeat","background-position":"center center","background-size":"auto","background-attachment":"scroll","background-type":"","background-media":"","overlay-type":"","overlay-color":"","overlay-opacity":"","overlay-gradient":""}},"footnotes":""},"class_list":["post-30814","page","type-page","status-publish","hentry"],"yoast_head":"<!-- This site is optimized with the Yoast SEO plugin v24.9 - https:\/\/yoast.com\/wordpress\/plugins\/seo\/ -->\r\n<title>Termos de Servi\u00e7o - induzon<\/title>\r\n<meta name=\"robots\" content=\"index, follow, max-snippet:-1, max-image-preview:large, max-video-preview:-1\" \/>\r\n<link rel=\"canonical\" href=\"https:\/\/induzon.com\/pt-pt\/termos-de-servico\/\" \/>\r\n<meta property=\"og:locale\" content=\"pt_PT\" \/>\r\n<meta property=\"og:type\" content=\"article\" \/>\r\n<meta property=\"og:title\" content=\"Termos de Servi\u00e7o - induzon\" \/>\r\n<meta property=\"og:description\" content=\"Termos de Servi\u00e7o Last updated: 25 November 2025 Bem-vindo \u00e0 Induzon! Leia atentamente estes Termos de Servi\u00e7o (doravante referidos como [&hellip;]\" \/>\r\n<meta property=\"og:url\" content=\"https:\/\/induzon.com\/pt-pt\/termos-de-servico\/\" \/>\r\n<meta property=\"og:site_name\" content=\"induzon\" \/>\r\n<meta property=\"article:modified_time\" content=\"2025-11-26T08:28:20+00:00\" \/>\r\n<meta name=\"twitter:card\" content=\"summary_large_image\" \/>\r\n<meta name=\"twitter:label1\" content=\"Tempo estimado de leitura\" \/>\n\t<meta name=\"twitter:data1\" content=\"3 minutos\" \/>\r\n<script type=\"application\/ld+json\" class=\"yoast-schema-graph\">{\"@context\":\"https:\/\/schema.org\",\"@graph\":[{\"@type\":\"WebPage\",\"@id\":\"https:\/\/induzon.com\/pt-pt\/termos-de-servico\/\",\"url\":\"https:\/\/induzon.com\/pt-pt\/termos-de-servico\/\",\"name\":\"Termos de Servi\u00e7o - induzon\",\"isPartOf\":{\"@id\":\"https:\/\/induzon.com\/pt-pt\/#website\"},\"datePublished\":\"2025-11-26T02:15:49+00:00\",\"dateModified\":\"2025-11-26T08:28:20+00:00\",\"breadcrumb\":{\"@id\":\"https:\/\/induzon.com\/pt-pt\/termos-de-servico\/#breadcrumb\"},\"inLanguage\":\"pt-PT\",\"potentialAction\":[{\"@type\":\"ReadAction\",\"target\":[\"https:\/\/induzon.com\/pt-pt\/termos-de-servico\/\"]}]},{\"@type\":\"BreadcrumbList\",\"@id\":\"https:\/\/induzon.com\/pt-pt\/termos-de-servico\/#breadcrumb\",\"itemListElement\":[{\"@type\":\"ListItem\",\"position\":1,\"name\":\"\u9996\u9875\",\"item\":\"https:\/\/induzon.com\/pt-pt\/inicio\/\"},{\"@type\":\"ListItem\",\"position\":2,\"name\":\"Termos de Servi\u00e7o\"}]},{\"@type\":\"WebSite\",\"@id\":\"https:\/\/induzon.com\/pt-pt\/#website\",\"url\":\"https:\/\/induzon.com\/pt-pt\/\",\"name\":\"induzon\",\"description\":\"\",\"publisher\":{\"@id\":\"https:\/\/induzon.com\/pt-pt\/#organization\"},\"potentialAction\":[{\"@type\":\"SearchAction\",\"target\":{\"@type\":\"EntryPoint\",\"urlTemplate\":\"https:\/\/induzon.com\/pt-pt\/?s={search_term_string}\"},\"query-input\":{\"@type\":\"PropertyValueSpecification\",\"valueRequired\":true,\"valueName\":\"search_term_string\"}}],\"inLanguage\":\"pt-PT\"},{\"@type\":\"Organization\",\"@id\":\"https:\/\/induzon.com\/pt-pt\/#organization\",\"name\":\"induzon\",\"url\":\"https:\/\/induzon.com\/pt-pt\/\",\"logo\":{\"@type\":\"ImageObject\",\"inLanguage\":\"pt-PT\",\"@id\":\"https:\/\/induzon.com\/pt-pt\/#\/schema\/logo\/image\/\",\"url\":\"https:\/\/induzon.com\/wp-content\/uploads\/2025\/05\/cropped-026.png\",\"contentUrl\":\"https:\/\/induzon.com\/wp-content\/uploads\/2025\/05\/cropped-026.png\",\"width\":512,\"height\":512,\"caption\":\"induzon\"},\"image\":{\"@id\":\"https:\/\/induzon.com\/pt-pt\/#\/schema\/logo\/image\/\"}}]}<\/script>\r\n<!-- \/ Yoast SEO plugin. -->","yoast_head_json":{"title":"Termos de Servi\u00e7o - induzon","robots":{"index":"index","follow":"follow","max-snippet":"max-snippet:-1","max-image-preview":"max-image-preview:large","max-video-preview":"max-video-preview:-1"},"canonical":"https:\/\/induzon.com\/pt-pt\/termos-de-servico\/","og_locale":"pt_PT","og_type":"article","og_title":"Termos de Servi\u00e7o - induzon","og_description":"Termos de Servi\u00e7o Last updated: 25 November 2025 Bem-vindo \u00e0 Induzon! Leia atentamente estes Termos de Servi\u00e7o (doravante referidos como [&hellip;]","og_url":"https:\/\/induzon.com\/pt-pt\/termos-de-servico\/","og_site_name":"induzon","article_modified_time":"2025-11-26T08:28:20+00:00","twitter_card":"summary_large_image","twitter_misc":{"Tempo estimado de leitura":"3 minutos"},"schema":{"@context":"https:\/\/schema.org","@graph":[{"@type":"WebPage","@id":"https:\/\/induzon.com\/pt-pt\/termos-de-servico\/","url":"https:\/\/induzon.com\/pt-pt\/termos-de-servico\/","name":"Termos de Servi\u00e7o - induzon","isPartOf":{"@id":"https:\/\/induzon.com\/pt-pt\/#website"},"datePublished":"2025-11-26T02:15:49+00:00","dateModified":"2025-11-26T08:28:20+00:00","breadcrumb":{"@id":"https:\/\/induzon.com\/pt-pt\/termos-de-servico\/#breadcrumb"},"inLanguage":"pt-PT","potentialAction":[{"@type":"ReadAction","target":["https:\/\/induzon.com\/pt-pt\/termos-de-servico\/"]}]},{"@type":"BreadcrumbList","@id":"https:\/\/induzon.com\/pt-pt\/termos-de-servico\/#breadcrumb","itemListElement":[{"@type":"ListItem","position":1,"name":"\u9996\u9875","item":"https:\/\/induzon.com\/pt-pt\/inicio\/"},{"@type":"ListItem","position":2,"name":"Termos de Servi\u00e7o"}]},{"@type":"WebSite","@id":"https:\/\/induzon.com\/pt-pt\/#website","url":"https:\/\/induzon.com\/pt-pt\/","name":"induzon","description":"","publisher":{"@id":"https:\/\/induzon.com\/pt-pt\/#organization"},"potentialAction":[{"@type":"SearchAction","target":{"@type":"EntryPoint","urlTemplate":"https:\/\/induzon.com\/pt-pt\/?s={search_term_string}"},"query-input":{"@type":"PropertyValueSpecification","valueRequired":true,"valueName":"search_term_string"}}],"inLanguage":"pt-PT"},{"@type":"Organization","@id":"https:\/\/induzon.com\/pt-pt\/#organization","name":"induzon","url":"https:\/\/induzon.com\/pt-pt\/","logo":{"@type":"ImageObject","inLanguage":"pt-PT","@id":"https:\/\/induzon.com\/pt-pt\/#\/schema\/logo\/image\/","url":"https:\/\/induzon.com\/wp-content\/uploads\/2025\/05\/cropped-026.png","contentUrl":"https:\/\/induzon.com\/wp-content\/uploads\/2025\/05\/cropped-026.png","width":512,"height":512,"caption":"induzon"},"image":{"@id":"https:\/\/induzon.com\/pt-pt\/#\/schema\/logo\/image\/"}}]}},"_links":{"self":[{"href":"https:\/\/induzon.com\/pt-pt\/wp-json\/wp\/v2\/pages\/30814","targetHints":{"allow":["GET"]}}],"collection":[{"href":"https:\/\/induzon.com\/pt-pt\/wp-json\/wp\/v2\/pages"}],"about":[{"href":"https:\/\/induzon.com\/pt-pt\/wp-json\/wp\/v2\/types\/page"}],"author":[{"embeddable":true,"href":"https:\/\/induzon.com\/pt-pt\/wp-json\/wp\/v2\/users\/3"}],"replies":[{"embeddable":true,"href":"https:\/\/induzon.com\/pt-pt\/wp-json\/wp\/v2\/comments?post=30814"}],"version-history":[{"count":1,"href":"https:\/\/induzon.com\/pt-pt\/wp-json\/wp\/v2\/pages\/30814\/revisions"}],"predecessor-version":[{"id":30815,"href":"https:\/\/induzon.com\/pt-pt\/wp-json\/wp\/v2\/pages\/30814\/revisions\/30815"}],"wp:attachment":[{"href":"https:\/\/induzon.com\/pt-pt\/wp-json\/wp\/v2\/media?parent=30814"}],"curies":[{"name":"wp","href":"https:\/\/api.w.org\/{rel}","templated":true}]}}