{"id":5636,"date":"2024-12-31T15:14:30","date_gmt":"2024-12-31T07:14:30","guid":{"rendered":"http:\/\/induzon.com\/product\/motor-da-bomba-de-circulacao-da-maquina-de-lavar-loica-motor-de-lavagem-de-substituicao-para-a-bomba-de-aquecimento-de-recirculacao-da-maquina-de-lavar-loica\/"},"modified":"2025-09-02T16:12:46","modified_gmt":"2025-09-02T08:12:46","slug":"motor-da-bomba-de-circulacao-da-maquina-de-lavar-loica-motor-de-lavagem-de-substituicao-para-a-bomba-de-aquecimento-de-recirculacao-da-maquina-de-lavar-loica","status":"publish","type":"product","link":"https:\/\/induzon.com\/pt-pt\/produto\/motor-da-bomba-de-circulacao-da-maquina-de-lavar-loica-motor-de-lavagem-de-substituicao-para-a-bomba-de-aquecimento-de-recirculacao-da-maquina-de-lavar-loica\/","title":{"rendered":"Motor da bomba de circula\u00e7\u00e3o da m\u00e1quina de lavar loi\u00e7a motor de lavagem de substitui\u00e7\u00e3o para a bomba de aquecimento de recircula\u00e7\u00e3o da m\u00e1quina de lavar loi\u00e7a"},"content":{"rendered":"","protected":false},"excerpt":{"rendered":"","protected":false},"featured_media":5637,"comment_status":"open","ping_status":"closed","template":"","meta":{"site-sidebar-layout":"default","site-content-layout":"","ast-site-content-layout":"default","site-content-style":"default","site-sidebar-style":"default","ast-global-header-display":"","ast-banner-title-visibility":"","ast-main-header-display":"","ast-hfb-above-header-display":"","ast-hfb-below-header-display":"","ast-hfb-mobile-header-display":"","site-post-title":"","ast-breadcrumbs-content":"","ast-featured-img":"","footer-sml-layout":"","theme-transparent-header-meta":"default","adv-header-id-meta":"","stick-header-meta":"","header-above-stick-meta":"","header-main-stick-meta":"","header-below-stick-meta":"","astra-migrate-meta-layouts":"default","ast-page-background-enabled":"default","ast-page-background-meta":{"desktop":{"background-color":"var(--ast-global-color-4)","background-image":"","background-repeat":"repeat","background-position":"center center","background-size":"auto","background-attachment":"scroll","background-type":"","background-media":"","overlay-type":"","overlay-color":"","overlay-opacity":"","overlay-gradient":""},"tablet":{"background-color":"","background-image":"","background-repeat":"repeat","background-position":"center center","background-size":"auto","background-attachment":"scroll","background-type":"","background-media":"","overlay-type":"","overlay-color":"","overlay-opacity":"","overlay-gradient":""},"mobile":{"background-color":"","background-image":"","background-repeat":"repeat","background-position":"center center","background-size":"auto","background-attachment":"scroll","background-type":"","background-media":"","overlay-type":"","overlay-color":"","overlay-opacity":"","overlay-gradient":""}},"ast-content-background-meta":{"desktop":{"background-color":"var(--ast-global-color-5)","background-image":"","background-repeat":"repeat","background-position":"center center","background-size":"auto","background-attachment":"scroll","background-type":"","background-media":"","overlay-type":"","overlay-color":"","overlay-opacity":"","overlay-gradient":""},"tablet":{"background-color":"var(--ast-global-color-5)","background-image":"","background-repeat":"repeat","background-position":"center center","background-size":"auto","background-attachment":"scroll","background-type":"","background-media":"","overlay-type":"","overlay-color":"","overlay-opacity":"","overlay-gradient":""},"mobile":{"background-color":"var(--ast-global-color-5)","background-image":"","background-repeat":"repeat","background-position":"center center","background-size":"auto","background-attachment":"scroll","background-type":"","background-media":"","overlay-type":"","overlay-color":"","overlay-opacity":"","overlay-gradient":""}}},"product_brand":[],"product_cat":[599],"product_tag":[600],"class_list":{"0":"post-5636","1":"product","2":"type-product","3":"status-publish","4":"has-post-thumbnail","6":"product_cat-motores-para-maquinas-de-lavar-loica","7":"product_tag-motores-para-maquinas-de-lavar-loica","8":"desktop-align-left","9":"tablet-align-left","10":"mobile-align-left","12":"first","13":"instock","14":"sale","15":"shipping-taxable","16":"purchasable","17":"product-type-simple"},"yoast_head":"<!-- This site is optimized with the Yoast SEO plugin v24.9 - https:\/\/yoast.com\/wordpress\/plugins\/seo\/ -->\r\n<title>Substitui\u00e7\u00e3o Motor Bomba Circula\u00e7\u00e3o M\u00e1quina Lavar Loi\u00e7a -Induzon<\/title>\r\n<meta name=\"description\" content=\"Substitui\u00e7\u00e3o do motor da m\u00e1quina de lavar loi\u00e7a e da bomba de circula\u00e7\u00e3o. Encontre o motor da bomba de circula\u00e7\u00e3o e a bomba de recircula\u00e7\u00e3o corretos.\" \/>\r\n<meta name=\"robots\" content=\"index, follow, max-snippet:-1, max-image-preview:large, max-video-preview:-1\" \/>\r\n<link rel=\"canonical\" href=\"https:\/\/induzon.com\/pt-pt\/produto\/motor-da-bomba-de-circulacao-da-maquina-de-lavar-loica-motor-de-lavagem-de-substituicao-para-a-bomba-de-aquecimento-de-recirculacao-da-maquina-de-lavar-loica\/\" \/>\r\n<meta property=\"og:locale\" content=\"pt_PT\" \/>\r\n<meta property=\"og:type\" content=\"article\" \/>\r\n<meta property=\"og:title\" content=\"Substitui\u00e7\u00e3o Motor Bomba Circula\u00e7\u00e3o M\u00e1quina Lavar Loi\u00e7a -Induzon\" \/>\r\n<meta property=\"og:description\" content=\"Substitui\u00e7\u00e3o do motor da m\u00e1quina de lavar loi\u00e7a e da bomba de circula\u00e7\u00e3o. Encontre o motor da bomba de circula\u00e7\u00e3o e a bomba de recircula\u00e7\u00e3o corretos.\" \/>\r\n<meta property=\"og:url\" content=\"https:\/\/induzon.com\/pt-pt\/produto\/motor-da-bomba-de-circulacao-da-maquina-de-lavar-loica-motor-de-lavagem-de-substituicao-para-a-bomba-de-aquecimento-de-recirculacao-da-maquina-de-lavar-loica\/\" \/>\r\n<meta property=\"og:site_name\" content=\"induzon\" \/>\r\n<meta property=\"article:modified_time\" content=\"2025-09-02T08:12:46+00:00\" \/>\r\n<meta property=\"og:image\" content=\"https:\/\/induzon.com\/wp-content\/uploads\/2024\/12\/5-5.jpg\" \/>\r\n\t<meta property=\"og:image:width\" content=\"1500\" \/>\r\n\t<meta property=\"og:image:height\" content=\"1500\" \/>\r\n\t<meta property=\"og:image:type\" content=\"image\/jpeg\" \/>\r\n<meta name=\"twitter:card\" content=\"summary_large_image\" \/>\r\n<script type=\"application\/ld+json\" class=\"yoast-schema-graph\">{\"@context\":\"https:\/\/schema.org\",\"@graph\":[{\"@type\":\"WebPage\",\"@id\":\"https:\/\/induzon.com\/pt-pt\/produto\/motor-da-bomba-de-circulacao-da-maquina-de-lavar-loica-motor-de-lavagem-de-substituicao-para-a-bomba-de-aquecimento-de-recirculacao-da-maquina-de-lavar-loica\/\",\"url\":\"https:\/\/induzon.com\/pt-pt\/produto\/motor-da-bomba-de-circulacao-da-maquina-de-lavar-loica-motor-de-lavagem-de-substituicao-para-a-bomba-de-aquecimento-de-recirculacao-da-maquina-de-lavar-loica\/\",\"name\":\"Substitui\u00e7\u00e3o Motor Bomba Circula\u00e7\u00e3o M\u00e1quina Lavar Loi\u00e7a -Induzon\",\"isPartOf\":{\"@id\":\"https:\/\/induzon.com\/pt-pt\/#website\"},\"primaryImageOfPage\":{\"@id\":\"https:\/\/induzon.com\/pt-pt\/produto\/motor-da-bomba-de-circulacao-da-maquina-de-lavar-loica-motor-de-lavagem-de-substituicao-para-a-bomba-de-aquecimento-de-recirculacao-da-maquina-de-lavar-loica\/#primaryimage\"},\"image\":{\"@id\":\"https:\/\/induzon.com\/pt-pt\/produto\/motor-da-bomba-de-circulacao-da-maquina-de-lavar-loica-motor-de-lavagem-de-substituicao-para-a-bomba-de-aquecimento-de-recirculacao-da-maquina-de-lavar-loica\/#primaryimage\"},\"thumbnailUrl\":\"https:\/\/induzon.com\/wp-content\/uploads\/2024\/12\/5-5.jpg\",\"datePublished\":\"2024-12-31T07:14:30+00:00\",\"dateModified\":\"2025-09-02T08:12:46+00:00\",\"description\":\"Substitui\u00e7\u00e3o do motor da m\u00e1quina de lavar loi\u00e7a e da bomba de circula\u00e7\u00e3o. Encontre o motor da bomba de circula\u00e7\u00e3o e a bomba de recircula\u00e7\u00e3o corretos.\",\"breadcrumb\":{\"@id\":\"https:\/\/induzon.com\/pt-pt\/produto\/motor-da-bomba-de-circulacao-da-maquina-de-lavar-loica-motor-de-lavagem-de-substituicao-para-a-bomba-de-aquecimento-de-recirculacao-da-maquina-de-lavar-loica\/#breadcrumb\"},\"inLanguage\":\"pt-PT\",\"potentialAction\":[{\"@type\":\"ReadAction\",\"target\":[\"https:\/\/induzon.com\/pt-pt\/produto\/motor-da-bomba-de-circulacao-da-maquina-de-lavar-loica-motor-de-lavagem-de-substituicao-para-a-bomba-de-aquecimento-de-recirculacao-da-maquina-de-lavar-loica\/\"]}]},{\"@type\":\"ImageObject\",\"inLanguage\":\"pt-PT\",\"@id\":\"https:\/\/induzon.com\/pt-pt\/produto\/motor-da-bomba-de-circulacao-da-maquina-de-lavar-loica-motor-de-lavagem-de-substituicao-para-a-bomba-de-aquecimento-de-recirculacao-da-maquina-de-lavar-loica\/#primaryimage\",\"url\":\"https:\/\/induzon.com\/wp-content\/uploads\/2024\/12\/5-5.jpg\",\"contentUrl\":\"https:\/\/induzon.com\/wp-content\/uploads\/2024\/12\/5-5.jpg\",\"width\":1500,\"height\":1500,\"caption\":\"Dishwasher circulation pump motor replacement wash motor for dishwasher recirculation heating pump\"},{\"@type\":\"BreadcrumbList\",\"@id\":\"https:\/\/induzon.com\/pt-pt\/produto\/motor-da-bomba-de-circulacao-da-maquina-de-lavar-loica-motor-de-lavagem-de-substituicao-para-a-bomba-de-aquecimento-de-recirculacao-da-maquina-de-lavar-loica\/#breadcrumb\",\"itemListElement\":[{\"@type\":\"ListItem\",\"position\":1,\"name\":\"\u9996\u9875\",\"item\":\"https:\/\/induzon.com\/pt-pt\/inicio\/\"},{\"@type\":\"ListItem\",\"position\":2,\"name\":\"Compra\",\"item\":\"https:\/\/induzon.com\/pt-pt\/compra\/\"},{\"@type\":\"ListItem\",\"position\":3,\"name\":\"Motor da bomba de circula\u00e7\u00e3o da m\u00e1quina de lavar loi\u00e7a motor de lavagem de substitui\u00e7\u00e3o para a bomba de aquecimento de recircula\u00e7\u00e3o da m\u00e1quina de lavar loi\u00e7a\"}]},{\"@type\":\"WebSite\",\"@id\":\"https:\/\/induzon.com\/pt-pt\/#website\",\"url\":\"https:\/\/induzon.com\/pt-pt\/\",\"name\":\"induzon\",\"description\":\"\",\"publisher\":{\"@id\":\"https:\/\/induzon.com\/pt-pt\/#organization\"},\"potentialAction\":[{\"@type\":\"SearchAction\",\"target\":{\"@type\":\"EntryPoint\",\"urlTemplate\":\"https:\/\/induzon.com\/pt-pt\/?s={search_term_string}\"},\"query-input\":{\"@type\":\"PropertyValueSpecification\",\"valueRequired\":true,\"valueName\":\"search_term_string\"}}],\"inLanguage\":\"pt-PT\"},{\"@type\":\"Organization\",\"@id\":\"https:\/\/induzon.com\/pt-pt\/#organization\",\"name\":\"induzon\",\"url\":\"https:\/\/induzon.com\/pt-pt\/\",\"logo\":{\"@type\":\"ImageObject\",\"inLanguage\":\"pt-PT\",\"@id\":\"https:\/\/induzon.com\/pt-pt\/#\/schema\/logo\/image\/\",\"url\":\"https:\/\/induzon.com\/wp-content\/uploads\/2025\/05\/cropped-026.png\",\"contentUrl\":\"https:\/\/induzon.com\/wp-content\/uploads\/2025\/05\/cropped-026.png\",\"width\":512,\"height\":512,\"caption\":\"induzon\"},\"image\":{\"@id\":\"https:\/\/induzon.com\/pt-pt\/#\/schema\/logo\/image\/\"}}]}<\/script>\r\n<!-- \/ Yoast SEO plugin. -->","yoast_head_json":{"title":"Substitui\u00e7\u00e3o Motor Bomba Circula\u00e7\u00e3o M\u00e1quina Lavar Loi\u00e7a -Induzon","description":"Substitui\u00e7\u00e3o do motor da m\u00e1quina de lavar loi\u00e7a e da bomba de circula\u00e7\u00e3o. Encontre o motor da bomba de circula\u00e7\u00e3o e a bomba de recircula\u00e7\u00e3o corretos.","robots":{"index":"index","follow":"follow","max-snippet":"max-snippet:-1","max-image-preview":"max-image-preview:large","max-video-preview":"max-video-preview:-1"},"canonical":"https:\/\/induzon.com\/pt-pt\/produto\/motor-da-bomba-de-circulacao-da-maquina-de-lavar-loica-motor-de-lavagem-de-substituicao-para-a-bomba-de-aquecimento-de-recirculacao-da-maquina-de-lavar-loica\/","og_locale":"pt_PT","og_type":"article","og_title":"Substitui\u00e7\u00e3o Motor Bomba Circula\u00e7\u00e3o M\u00e1quina Lavar Loi\u00e7a -Induzon","og_description":"Substitui\u00e7\u00e3o do motor da m\u00e1quina de lavar loi\u00e7a e da bomba de circula\u00e7\u00e3o. Encontre o motor da bomba de circula\u00e7\u00e3o e a bomba de recircula\u00e7\u00e3o corretos.","og_url":"https:\/\/induzon.com\/pt-pt\/produto\/motor-da-bomba-de-circulacao-da-maquina-de-lavar-loica-motor-de-lavagem-de-substituicao-para-a-bomba-de-aquecimento-de-recirculacao-da-maquina-de-lavar-loica\/","og_site_name":"induzon","article_modified_time":"2025-09-02T08:12:46+00:00","og_image":[{"width":1500,"height":1500,"url":"https:\/\/induzon.com\/wp-content\/uploads\/2024\/12\/5-5.jpg","type":"image\/jpeg"}],"twitter_card":"summary_large_image","schema":{"@context":"https:\/\/schema.org","@graph":[{"@type":"WebPage","@id":"https:\/\/induzon.com\/pt-pt\/produto\/motor-da-bomba-de-circulacao-da-maquina-de-lavar-loica-motor-de-lavagem-de-substituicao-para-a-bomba-de-aquecimento-de-recirculacao-da-maquina-de-lavar-loica\/","url":"https:\/\/induzon.com\/pt-pt\/produto\/motor-da-bomba-de-circulacao-da-maquina-de-lavar-loica-motor-de-lavagem-de-substituicao-para-a-bomba-de-aquecimento-de-recirculacao-da-maquina-de-lavar-loica\/","name":"Substitui\u00e7\u00e3o Motor Bomba Circula\u00e7\u00e3o M\u00e1quina Lavar Loi\u00e7a -Induzon","isPartOf":{"@id":"https:\/\/induzon.com\/pt-pt\/#website"},"primaryImageOfPage":{"@id":"https:\/\/induzon.com\/pt-pt\/produto\/motor-da-bomba-de-circulacao-da-maquina-de-lavar-loica-motor-de-lavagem-de-substituicao-para-a-bomba-de-aquecimento-de-recirculacao-da-maquina-de-lavar-loica\/#primaryimage"},"image":{"@id":"https:\/\/induzon.com\/pt-pt\/produto\/motor-da-bomba-de-circulacao-da-maquina-de-lavar-loica-motor-de-lavagem-de-substituicao-para-a-bomba-de-aquecimento-de-recirculacao-da-maquina-de-lavar-loica\/#primaryimage"},"thumbnailUrl":"https:\/\/induzon.com\/wp-content\/uploads\/2024\/12\/5-5.jpg","datePublished":"2024-12-31T07:14:30+00:00","dateModified":"2025-09-02T08:12:46+00:00","description":"Substitui\u00e7\u00e3o do motor da m\u00e1quina de lavar loi\u00e7a e da bomba de circula\u00e7\u00e3o. Encontre o motor da bomba de circula\u00e7\u00e3o e a bomba de recircula\u00e7\u00e3o corretos.","breadcrumb":{"@id":"https:\/\/induzon.com\/pt-pt\/produto\/motor-da-bomba-de-circulacao-da-maquina-de-lavar-loica-motor-de-lavagem-de-substituicao-para-a-bomba-de-aquecimento-de-recirculacao-da-maquina-de-lavar-loica\/#breadcrumb"},"inLanguage":"pt-PT","potentialAction":[{"@type":"ReadAction","target":["https:\/\/induzon.com\/pt-pt\/produto\/motor-da-bomba-de-circulacao-da-maquina-de-lavar-loica-motor-de-lavagem-de-substituicao-para-a-bomba-de-aquecimento-de-recirculacao-da-maquina-de-lavar-loica\/"]}]},{"@type":"ImageObject","inLanguage":"pt-PT","@id":"https:\/\/induzon.com\/pt-pt\/produto\/motor-da-bomba-de-circulacao-da-maquina-de-lavar-loica-motor-de-lavagem-de-substituicao-para-a-bomba-de-aquecimento-de-recirculacao-da-maquina-de-lavar-loica\/#primaryimage","url":"https:\/\/induzon.com\/wp-content\/uploads\/2024\/12\/5-5.jpg","contentUrl":"https:\/\/induzon.com\/wp-content\/uploads\/2024\/12\/5-5.jpg","width":1500,"height":1500,"caption":"Dishwasher circulation pump motor replacement wash motor for dishwasher recirculation heating pump"},{"@type":"BreadcrumbList","@id":"https:\/\/induzon.com\/pt-pt\/produto\/motor-da-bomba-de-circulacao-da-maquina-de-lavar-loica-motor-de-lavagem-de-substituicao-para-a-bomba-de-aquecimento-de-recirculacao-da-maquina-de-lavar-loica\/#breadcrumb","itemListElement":[{"@type":"ListItem","position":1,"name":"\u9996\u9875","item":"https:\/\/induzon.com\/pt-pt\/inicio\/"},{"@type":"ListItem","position":2,"name":"Compra","item":"https:\/\/induzon.com\/pt-pt\/compra\/"},{"@type":"ListItem","position":3,"name":"Motor da bomba de circula\u00e7\u00e3o da m\u00e1quina de lavar loi\u00e7a motor de lavagem de substitui\u00e7\u00e3o para a bomba de aquecimento de recircula\u00e7\u00e3o da m\u00e1quina de lavar loi\u00e7a"}]},{"@type":"WebSite","@id":"https:\/\/induzon.com\/pt-pt\/#website","url":"https:\/\/induzon.com\/pt-pt\/","name":"induzon","description":"","publisher":{"@id":"https:\/\/induzon.com\/pt-pt\/#organization"},"potentialAction":[{"@type":"SearchAction","target":{"@type":"EntryPoint","urlTemplate":"https:\/\/induzon.com\/pt-pt\/?s={search_term_string}"},"query-input":{"@type":"PropertyValueSpecification","valueRequired":true,"valueName":"search_term_string"}}],"inLanguage":"pt-PT"},{"@type":"Organization","@id":"https:\/\/induzon.com\/pt-pt\/#organization","name":"induzon","url":"https:\/\/induzon.com\/pt-pt\/","logo":{"@type":"ImageObject","inLanguage":"pt-PT","@id":"https:\/\/induzon.com\/pt-pt\/#\/schema\/logo\/image\/","url":"https:\/\/induzon.com\/wp-content\/uploads\/2025\/05\/cropped-026.png","contentUrl":"https:\/\/induzon.com\/wp-content\/uploads\/2025\/05\/cropped-026.png","width":512,"height":512,"caption":"induzon"},"image":{"@id":"https:\/\/induzon.com\/pt-pt\/#\/schema\/logo\/image\/"}}]}},"_links":{"self":[{"href":"https:\/\/induzon.com\/pt-pt\/wp-json\/wp\/v2\/product\/5636","targetHints":{"allow":["GET"]}}],"collection":[{"href":"https:\/\/induzon.com\/pt-pt\/wp-json\/wp\/v2\/product"}],"about":[{"href":"https:\/\/induzon.com\/pt-pt\/wp-json\/wp\/v2\/types\/product"}],"replies":[{"embeddable":true,"href":"https:\/\/induzon.com\/pt-pt\/wp-json\/wp\/v2\/comments?post=5636"}],"version-history":[{"count":0,"href":"https:\/\/induzon.com\/pt-pt\/wp-json\/wp\/v2\/product\/5636\/revisions"}],"wp:featuredmedia":[{"embeddable":true,"href":"https:\/\/induzon.com\/pt-pt\/wp-json\/wp\/v2\/media\/5637"}],"wp:attachment":[{"href":"https:\/\/induzon.com\/pt-pt\/wp-json\/wp\/v2\/media?parent=5636"}],"wp:term":[{"taxonomy":"product_brand","embeddable":true,"href":"https:\/\/induzon.com\/pt-pt\/wp-json\/wp\/v2\/product_brand?post=5636"},{"taxonomy":"product_cat","embeddable":true,"href":"https:\/\/induzon.com\/pt-pt\/wp-json\/wp\/v2\/product_cat?post=5636"},{"taxonomy":"product_tag","embeddable":true,"href":"https:\/\/induzon.com\/pt-pt\/wp-json\/wp\/v2\/product_tag?post=5636"}],"curies":[{"name":"wp","href":"https:\/\/api.w.org\/{rel}","templated":true}]}}