{"id":30785,"date":"2025-11-26T10:15:49","date_gmt":"2025-11-26T02:15:49","guid":{"rendered":"https:\/\/induzon.com\/termeni-si-conditii\/"},"modified":"2025-11-26T13:22:03","modified_gmt":"2025-11-26T05:22:03","slug":"termeni-si-conditii","status":"publish","type":"page","link":"https:\/\/induzon.com\/ro\/termeni-si-conditii\/","title":{"rendered":"Termeni \u0219i condi\u021bii"},"content":{"rendered":"\t\t<div data-elementor-type=\"wp-page\" data-elementor-id=\"30785\" class=\"elementor elementor-30785 elementor-30761\" data-elementor-post-type=\"page\">\n\t\t\t\t<div class=\"elementor-element elementor-element-10bf2f9 e-flex e-con-boxed e-con e-parent\" data-id=\"10bf2f9\" data-element_type=\"container\">\n\t\t\t\t\t<div class=\"e-con-inner\">\n\t\t\t\t<div class=\"elementor-element elementor-element-8b87a79 elementor-widget elementor-widget-heading\" data-id=\"8b87a79\" data-element_type=\"widget\" data-widget_type=\"heading.default\">\n\t\t\t\t\t<h2 class=\"elementor-heading-title elementor-size-default\">Termeni \u0219i condi\u021bii<\/h2>\t\t\t\t<\/div>\n\t\t\t\t\t<\/div>\n\t\t\t\t<\/div>\n\t\t<div class=\"elementor-element elementor-element-11ef669 e-flex e-con-boxed e-con e-parent\" data-id=\"11ef669\" data-element_type=\"container\">\n\t\t\t\t\t<div class=\"e-con-inner\">\n\t\t\t\t<div class=\"elementor-element elementor-element-e75d440 elementor-widget elementor-widget-text-editor\" data-id=\"e75d440\" data-element_type=\"widget\" data-widget_type=\"text-editor.default\">\n\t\t\t\t\t\t\t\t\t<p>Ultima actualizare: 25 noiembrie 2025<\/p><p>Bine a\u021bi venit la Induzon!<\/p><p>V\u0103 rug\u0103m s\u0103 citi\u021bi cu aten\u021bie ace\u0219ti Termeni \u0219i condi\u021bii (denumi\u021bi \u00een continuare \u201eTermenii\u201d) \u00eenainte de a utiliza site-ul nostru web (https:\/\/induzon.com\/). Prin accesarea sau utilizarea acestui site web, sunte\u021bi de acord s\u0103 respecta\u021bi ace\u0219ti Termeni. Dac\u0103 nu sunte\u021bi de acord cu ace\u0219ti Termeni, v\u0103 rug\u0103m s\u0103 \u00eenceta\u021bi imediat utilizarea acestui site web.<\/p><p>1. Descrierea serviciului<br>Acest site web, Induzon (denumit \u00een continuare \u201esite-ul web\u201d sau \u201enoi\u201d), este operat de YI SHENG pentru a oferi o platform\u0103 de servicii de comer\u021b exterior pentru cump\u0103r\u0103torii globali (denumi\u021bi \u00een continuare \u201eutilizatori\u201d sau \u201edumneavoastr\u0103\u201d) pentru a afla mai multe despre produsele noastre \u0219i a le achizi\u021biona. Ne rezerv\u0103m dreptul de a modifica sau \u00eentrerupe serviciul \u00een orice moment, f\u0103r\u0103 notificare prealabil\u0103.<\/p><p>2. Conturi utilizator<\/p><p>Informa\u021bii privind \u00eenregistrarea: Pentru a utiliza anumite func\u021bii (cum ar fi plasarea comenzilor), poate fi necesar s\u0103 v\u0103 \u00eenregistra\u021bi un cont. Sunte\u021bi de acord s\u0103 furniza\u021bi informa\u021bii adev\u0103rate, exacte, actuale \u0219i complete.<\/p><p>Securitatea contului: Sunte\u021bi responsabil pentru p\u0103strarea confiden\u021bialit\u0103\u021bii contului \u0219i parolei dvs. \u0219i ve\u021bi purta \u00eentreaga responsabilitate pentru toate activit\u0103\u021bile care au loc \u00een contul dvs.<\/p><p>Acurate\u021bea informa\u021biilor: Sunte\u021bi de acord s\u0103 furniza\u021bi date de contact autentice \u0219i valide (cum ar fi adresa de e-mail, num\u0103rul de telefon, numele companiei \u0219i adresa) atunci c\u00e2nd face\u021bi solicit\u0103ri sau plasa\u021bi comenzi.<\/p><p>3. Informa\u021bii despre produs<br>Ne str\u0103duim s\u0103 asigur\u0103m acurate\u021bea imaginilor, descrierilor \u0219i specifica\u021biilor produselor de pe site-ul web. Cu toate acestea, pot ap\u0103rea u\u0219oare varia\u021bii datorate factorilor lega\u021bi de fotografie \u0219i afi\u0219are. Toate specifica\u021biile produselor sunt supuse confirm\u0103rii finale furnizate de noi.<\/p><p><br>4. Proprietatea intelectual\u0103<br>All content on this website, including but not limited to text, graphics, logos, button icons, images, audio clips, digital downloads, data compilations, and software, is the property of YI SHENG or its content suppliers and is protected by international copyright laws and treaties. Nu ave\u021bi dreptul s\u0103 reproduce\u021bi, modifica\u021bi, distribui\u021bi sau utiliza\u021bi acest con\u021binut \u00een scopuri comerciale f\u0103r\u0103 permisiunea noastr\u0103 expres\u0103 scris\u0103.<\/p><p>5. Declinarea responsabilit\u0103\u021bii<\/p><p>Acest site web este furnizat \u201eca atare\u201d, f\u0103r\u0103 nicio garan\u021bie expres\u0103 sau implicit\u0103.<\/p><p>We shall not be liable for any indirect, incidental, special, or consequential damages arising from the use or inability to use this website.<\/p><p>Nu vom fi responsabili pentru \u00eent\u00e2rzierile sau defec\u021biunile serviciului cauzate de circumstan\u021be care nu pot fi controlate \u00een mod rezonabil, cum ar fi r\u0103zboi, greve, dezastre naturale, restric\u021bii guvernamentale sau \u00eentreruperi ale serviciului de internet.<\/p><p>6. Confiden\u021bialitate<br>Confiden\u021bialitatea dvs. este extrem de important\u0103 pentru noi. Pentru detalii despre modul \u00een care colect\u0103m, utiliz\u0103m \u0219i protej\u0103m informa\u021biile dvs. personale, v\u0103 rug\u0103m s\u0103 consulta\u021bi Politica noastr\u0103 de confiden\u021bialitate separat\u0103.<\/p><p>7. Legisla\u021bia aplicabil\u0103<\/p><p>Formarea, interpretarea, valabilitatea \u0219i aplicarea acestor Termeni vor fi guvernate \u0219i interpretate \u00een conformitate cu legile Regiunii Administrative Speciale Hong Kong a Republicii Populare Chineze.<\/p><p><br>8. Amendment of Terms<br>Ne rezerv\u0103m dreptul de a actualiza \u0219i modifica ace\u0219ti Termeni \u00een orice moment. Orice modificare va fi publicat\u0103 pe aceast\u0103 pagin\u0103, cu \u201eData ultimei actualiz\u0103ri\u201d actualizat\u0103 corespunz\u0103tor. Utilizarea \u00een continuare a acestui site web constituie acceptarea termenilor modifica\u021bi. V\u0103 recomand\u0103m s\u0103 consulta\u021bi periodic aceast\u0103 pagin\u0103 pentru a vedea dac\u0103 au ap\u0103rut modific\u0103ri.<\/p><p>9. Contacta\u021bi-ne<br>Dac\u0103 ave\u021bi \u00eentreb\u0103ri cu privire la ace\u0219ti Termeni \u0219i condi\u021bii, v\u0103 rug\u0103m s\u0103 ne contacta\u021bi prin:<\/p><p>E-mail: director@induzon.com<\/p><p>Telefon: +86 158 9523 9548<\/p>\t\t\t\t\t\t\t\t<\/div>\n\t\t\t\t\t<\/div>\n\t\t\t\t<\/div>\n\t\t\t\t<\/div>\n\t\t","protected":false},"excerpt":{"rendered":"<p>Termeni \u0219i condi\u021bii Ultima actualizare: 25 noiembrie 2025 Bine a\u021bi venit la Induzon! V\u0103 rug\u0103m s\u0103 citi\u021bi cu aten\u021bie ace\u0219ti [&hellip;]<\/p>\n","protected":false},"author":3,"featured_media":0,"parent":0,"menu_order":0,"comment_status":"closed","ping_status":"closed","template":"","meta":{"site-sidebar-layout":"no-sidebar","site-content-layout":"","ast-site-content-layout":"full-width-container","site-content-style":"default","site-sidebar-style":"default","ast-global-header-display":"","ast-banner-title-visibility":"","ast-main-header-display":"","ast-hfb-above-header-display":"","ast-hfb-below-header-display":"","ast-hfb-mobile-header-display":"","site-post-title":"disabled","ast-breadcrumbs-content":"","ast-featured-img":"disabled","footer-sml-layout":"","theme-transparent-header-meta":"","adv-header-id-meta":"","stick-header-meta":"","header-above-stick-meta":"","header-main-stick-meta":"","header-below-stick-meta":"","astra-migrate-meta-layouts":"default","ast-page-background-enabled":"default","ast-page-background-meta":{"desktop":{"background-color":"var(--ast-global-color-4)","background-image":"","background-repeat":"repeat","background-position":"center center","background-size":"auto","background-attachment":"scroll","background-type":"","background-media":"","overlay-type":"","overlay-color":"","overlay-opacity":"","overlay-gradient":""},"tablet":{"background-color":"","background-image":"","background-repeat":"repeat","background-position":"center center","background-size":"auto","background-attachment":"scroll","background-type":"","background-media":"","overlay-type":"","overlay-color":"","overlay-opacity":"","overlay-gradient":""},"mobile":{"background-color":"","background-image":"","background-repeat":"repeat","background-position":"center center","background-size":"auto","background-attachment":"scroll","background-type":"","background-media":"","overlay-type":"","overlay-color":"","overlay-opacity":"","overlay-gradient":""}},"ast-content-background-meta":{"desktop":{"background-color":"var(--ast-global-color-5)","background-image":"","background-repeat":"repeat","background-position":"center center","background-size":"auto","background-attachment":"scroll","background-type":"","background-media":"","overlay-type":"","overlay-color":"","overlay-opacity":"","overlay-gradient":""},"tablet":{"background-color":"var(--ast-global-color-5)","background-image":"","background-repeat":"repeat","background-position":"center center","background-size":"auto","background-attachment":"scroll","background-type":"","background-media":"","overlay-type":"","overlay-color":"","overlay-opacity":"","overlay-gradient":""},"mobile":{"background-color":"var(--ast-global-color-5)","background-image":"","background-repeat":"repeat","background-position":"center center","background-size":"auto","background-attachment":"scroll","background-type":"","background-media":"","overlay-type":"","overlay-color":"","overlay-opacity":"","overlay-gradient":""}},"footnotes":""},"class_list":["post-30785","page","type-page","status-publish","hentry"],"yoast_head":"<!-- This site is optimized with the Yoast SEO plugin v24.9 - https:\/\/yoast.com\/wordpress\/plugins\/seo\/ -->\r\n<title>Termeni \u0219i condi\u021bii - induzon<\/title>\r\n<meta name=\"robots\" content=\"index, follow, max-snippet:-1, max-image-preview:large, max-video-preview:-1\" \/>\r\n<link rel=\"canonical\" href=\"https:\/\/induzon.com\/ro\/termeni-si-conditii\/\" \/>\r\n<meta property=\"og:locale\" content=\"ro_RO\" \/>\r\n<meta property=\"og:type\" content=\"article\" \/>\r\n<meta property=\"og:title\" content=\"Termeni \u0219i condi\u021bii - induzon\" \/>\r\n<meta property=\"og:description\" content=\"Termeni \u0219i condi\u021bii Ultima actualizare: 25 noiembrie 2025 Bine a\u021bi venit la Induzon! V\u0103 rug\u0103m s\u0103 citi\u021bi cu aten\u021bie ace\u0219ti [&hellip;]\" \/>\r\n<meta property=\"og:url\" content=\"https:\/\/induzon.com\/ro\/termeni-si-conditii\/\" \/>\r\n<meta property=\"og:site_name\" content=\"induzon\" \/>\r\n<meta property=\"article:modified_time\" content=\"2025-11-26T05:22:03+00:00\" \/>\r\n<meta name=\"twitter:card\" content=\"summary_large_image\" \/>\r\n<meta name=\"twitter:label1\" content=\"Timp estimat pentru citire\" \/>\n\t<meta name=\"twitter:data1\" content=\"3 minutes\" \/>\r\n<script type=\"application\/ld+json\" class=\"yoast-schema-graph\">{\"@context\":\"https:\/\/schema.org\",\"@graph\":[{\"@type\":\"WebPage\",\"@id\":\"https:\/\/induzon.com\/ro\/termeni-si-conditii\/\",\"url\":\"https:\/\/induzon.com\/ro\/termeni-si-conditii\/\",\"name\":\"Termeni \u0219i condi\u021bii - induzon\",\"isPartOf\":{\"@id\":\"https:\/\/induzon.com\/ro\/#website\"},\"datePublished\":\"2025-11-26T02:15:49+00:00\",\"dateModified\":\"2025-11-26T05:22:03+00:00\",\"breadcrumb\":{\"@id\":\"https:\/\/induzon.com\/ro\/termeni-si-conditii\/#breadcrumb\"},\"inLanguage\":\"ro-RO\",\"potentialAction\":[{\"@type\":\"ReadAction\",\"target\":[\"https:\/\/induzon.com\/ro\/termeni-si-conditii\/\"]}]},{\"@type\":\"BreadcrumbList\",\"@id\":\"https:\/\/induzon.com\/ro\/termeni-si-conditii\/#breadcrumb\",\"itemListElement\":[{\"@type\":\"ListItem\",\"position\":1,\"name\":\"\u9996\u9875\",\"item\":\"https:\/\/induzon.com\/ro\/acasa\/\"},{\"@type\":\"ListItem\",\"position\":2,\"name\":\"Termeni \u0219i condi\u021bii\"}]},{\"@type\":\"WebSite\",\"@id\":\"https:\/\/induzon.com\/ro\/#website\",\"url\":\"https:\/\/induzon.com\/ro\/\",\"name\":\"induzon\",\"description\":\"\",\"publisher\":{\"@id\":\"https:\/\/induzon.com\/ro\/#organization\"},\"potentialAction\":[{\"@type\":\"SearchAction\",\"target\":{\"@type\":\"EntryPoint\",\"urlTemplate\":\"https:\/\/induzon.com\/ro\/?s={search_term_string}\"},\"query-input\":{\"@type\":\"PropertyValueSpecification\",\"valueRequired\":true,\"valueName\":\"search_term_string\"}}],\"inLanguage\":\"ro-RO\"},{\"@type\":\"Organization\",\"@id\":\"https:\/\/induzon.com\/ro\/#organization\",\"name\":\"induzon\",\"url\":\"https:\/\/induzon.com\/ro\/\",\"logo\":{\"@type\":\"ImageObject\",\"inLanguage\":\"ro-RO\",\"@id\":\"https:\/\/induzon.com\/ro\/#\/schema\/logo\/image\/\",\"url\":\"https:\/\/induzon.com\/wp-content\/uploads\/2025\/05\/cropped-026.png\",\"contentUrl\":\"https:\/\/induzon.com\/wp-content\/uploads\/2025\/05\/cropped-026.png\",\"width\":512,\"height\":512,\"caption\":\"induzon\"},\"image\":{\"@id\":\"https:\/\/induzon.com\/ro\/#\/schema\/logo\/image\/\"}}]}<\/script>\r\n<!-- \/ Yoast SEO plugin. -->","yoast_head_json":{"title":"Termeni \u0219i condi\u021bii - induzon","robots":{"index":"index","follow":"follow","max-snippet":"max-snippet:-1","max-image-preview":"max-image-preview:large","max-video-preview":"max-video-preview:-1"},"canonical":"https:\/\/induzon.com\/ro\/termeni-si-conditii\/","og_locale":"ro_RO","og_type":"article","og_title":"Termeni \u0219i condi\u021bii - induzon","og_description":"Termeni \u0219i condi\u021bii Ultima actualizare: 25 noiembrie 2025 Bine a\u021bi venit la Induzon! V\u0103 rug\u0103m s\u0103 citi\u021bi cu aten\u021bie ace\u0219ti [&hellip;]","og_url":"https:\/\/induzon.com\/ro\/termeni-si-conditii\/","og_site_name":"induzon","article_modified_time":"2025-11-26T05:22:03+00:00","twitter_card":"summary_large_image","twitter_misc":{"Timp estimat pentru citire":"3 minutes"},"schema":{"@context":"https:\/\/schema.org","@graph":[{"@type":"WebPage","@id":"https:\/\/induzon.com\/ro\/termeni-si-conditii\/","url":"https:\/\/induzon.com\/ro\/termeni-si-conditii\/","name":"Termeni \u0219i condi\u021bii - induzon","isPartOf":{"@id":"https:\/\/induzon.com\/ro\/#website"},"datePublished":"2025-11-26T02:15:49+00:00","dateModified":"2025-11-26T05:22:03+00:00","breadcrumb":{"@id":"https:\/\/induzon.com\/ro\/termeni-si-conditii\/#breadcrumb"},"inLanguage":"ro-RO","potentialAction":[{"@type":"ReadAction","target":["https:\/\/induzon.com\/ro\/termeni-si-conditii\/"]}]},{"@type":"BreadcrumbList","@id":"https:\/\/induzon.com\/ro\/termeni-si-conditii\/#breadcrumb","itemListElement":[{"@type":"ListItem","position":1,"name":"\u9996\u9875","item":"https:\/\/induzon.com\/ro\/acasa\/"},{"@type":"ListItem","position":2,"name":"Termeni \u0219i condi\u021bii"}]},{"@type":"WebSite","@id":"https:\/\/induzon.com\/ro\/#website","url":"https:\/\/induzon.com\/ro\/","name":"induzon","description":"","publisher":{"@id":"https:\/\/induzon.com\/ro\/#organization"},"potentialAction":[{"@type":"SearchAction","target":{"@type":"EntryPoint","urlTemplate":"https:\/\/induzon.com\/ro\/?s={search_term_string}"},"query-input":{"@type":"PropertyValueSpecification","valueRequired":true,"valueName":"search_term_string"}}],"inLanguage":"ro-RO"},{"@type":"Organization","@id":"https:\/\/induzon.com\/ro\/#organization","name":"induzon","url":"https:\/\/induzon.com\/ro\/","logo":{"@type":"ImageObject","inLanguage":"ro-RO","@id":"https:\/\/induzon.com\/ro\/#\/schema\/logo\/image\/","url":"https:\/\/induzon.com\/wp-content\/uploads\/2025\/05\/cropped-026.png","contentUrl":"https:\/\/induzon.com\/wp-content\/uploads\/2025\/05\/cropped-026.png","width":512,"height":512,"caption":"induzon"},"image":{"@id":"https:\/\/induzon.com\/ro\/#\/schema\/logo\/image\/"}}]}},"_links":{"self":[{"href":"https:\/\/induzon.com\/ro\/wp-json\/wp\/v2\/pages\/30785","targetHints":{"allow":["GET"]}}],"collection":[{"href":"https:\/\/induzon.com\/ro\/wp-json\/wp\/v2\/pages"}],"about":[{"href":"https:\/\/induzon.com\/ro\/wp-json\/wp\/v2\/types\/page"}],"author":[{"embeddable":true,"href":"https:\/\/induzon.com\/ro\/wp-json\/wp\/v2\/users\/3"}],"replies":[{"embeddable":true,"href":"https:\/\/induzon.com\/ro\/wp-json\/wp\/v2\/comments?post=30785"}],"version-history":[{"count":1,"href":"https:\/\/induzon.com\/ro\/wp-json\/wp\/v2\/pages\/30785\/revisions"}],"predecessor-version":[{"id":30786,"href":"https:\/\/induzon.com\/ro\/wp-json\/wp\/v2\/pages\/30785\/revisions\/30786"}],"wp:attachment":[{"href":"https:\/\/induzon.com\/ro\/wp-json\/wp\/v2\/media?parent=30785"}],"curies":[{"name":"wp","href":"https:\/\/api.w.org\/{rel}","templated":true}]}}