{"id":5111,"date":"2025-01-13T13:25:13","date_gmt":"2025-01-13T05:25:13","guid":{"rendered":"http:\/\/induzon.com\/contactati-ne\/"},"modified":"2025-12-11T11:38:13","modified_gmt":"2025-12-11T03:38:13","slug":"contactati-ne","status":"publish","type":"page","link":"https:\/\/induzon.com\/ro\/contactati-ne\/","title":{"rendered":"Contacta\u021bi-ne"},"content":{"rendered":"\t\t<div data-elementor-type=\"wp-page\" data-elementor-id=\"5111\" class=\"elementor elementor-5111 elementor-3074\" data-elementor-post-type=\"page\">\n\t\t\t\t<div class=\"elementor-element elementor-element-ff3ba06 elementor-hidden-mobile e-flex e-con-boxed e-con e-parent\" data-id=\"ff3ba06\" data-element_type=\"container\">\n\t\t\t\t\t<div class=\"e-con-inner\">\n\t\t<div class=\"elementor-element elementor-element-f57d2da e-con-full e-flex e-con e-child\" data-id=\"f57d2da\" data-element_type=\"container\">\n\t\t\t\t<div class=\"elementor-element elementor-element-dac15ac elementor-widget elementor-widget-heading\" data-id=\"dac15ac\" data-element_type=\"widget\" data-widget_type=\"heading.default\">\n\t\t\t\t\t<h1 class=\"elementor-heading-title elementor-size-default\">Contacta\u021bi-ne<\/h1>\t\t\t\t<\/div>\n\t\t\t\t<div class=\"elementor-element elementor-element-036dae5 elementor-widget elementor-widget-heading\" data-id=\"036dae5\" data-element_type=\"widget\" data-widget_type=\"heading.default\">\n\t\t\t\t\t<h1 class=\"elementor-heading-title elementor-size-default\"> YISHENG <\/h1>\t\t\t\t<\/div>\n\t\t\t\t<\/div>\n\t\t\t\t\t<\/div>\n\t\t\t\t<\/div>\n\t\t<div class=\"elementor-element elementor-element-904ee50 e-flex e-con-boxed e-con e-parent\" data-id=\"904ee50\" data-element_type=\"container\">\n\t\t\t\t\t<div class=\"e-con-inner\">\n\t\t<div class=\"elementor-element elementor-element-7390c38 e-con-full elementor-hidden-desktop elementor-hidden-tablet e-flex e-con e-child\" data-id=\"7390c38\" data-element_type=\"container\">\n\t\t\t\t<div class=\"elementor-element elementor-element-fbb985f elementor-widget elementor-widget-heading\" data-id=\"fbb985f\" data-element_type=\"widget\" data-widget_type=\"heading.default\">\n\t\t\t\t\t<h1 class=\"elementor-heading-title elementor-size-default\">Contacta\u021bi-ne<\/h1>\t\t\t\t<\/div>\n\t\t\t\t<div class=\"elementor-element elementor-element-16cc35a elementor-widget elementor-widget-heading\" data-id=\"16cc35a\" data-element_type=\"widget\" data-widget_type=\"heading.default\">\n\t\t\t\t\t<h1 class=\"elementor-heading-title elementor-size-default\">BLUE STAR TRADING LIMITED<\/h1>\t\t\t\t<\/div>\n\t\t\t\t<\/div>\n\t\t\t\t\t<\/div>\n\t\t\t\t<\/div>\n\t\t<div class=\"elementor-element elementor-element-15416e4 e-flex e-con-boxed e-con e-parent\" data-id=\"15416e4\" data-element_type=\"container\">\n\t\t\t\t\t<div class=\"e-con-inner\">\n\t\t<div class=\"elementor-element elementor-element-f071031 e-con-full e-flex e-con e-child\" data-id=\"f071031\" data-element_type=\"container\">\n\t\t<div class=\"elementor-element elementor-element-5aacbcf e-con-full e-flex e-con e-child\" data-id=\"5aacbcf\" data-element_type=\"container\">\n\t\t\t\t<div class=\"elementor-element elementor-element-794dfad elementor-widget elementor-widget-text-editor\" data-id=\"794dfad\" data-element_type=\"widget\" data-widget_type=\"text-editor.default\">\n\t\t\t\t\t\t\t\t\t<h3>Contacta\u021bi-ne.<\/h3><p><br>Pentru \u00eentreb\u0103ri despre produsele sau serviciile noastre, completa\u021bi acest formular de contact.Ne-ar pl\u0103cea s\u0103 primim ve\u0219ti de la dumneavoastr\u0103!<\/p>\t\t\t\t\t\t\t\t<\/div>\n\t\t\t\t<div class=\"elementor-element elementor-element-779aab6 elementor-widget elementor-widget-text-editor\" data-id=\"779aab6\" data-element_type=\"widget\" data-widget_type=\"text-editor.default\">\n\t\t\t\t\t\t\t\t\t<p>Num\u0103r de telefon: +8615895239548<\/p><p>Adresa de e-mail: director@induzon.com<\/p><p>Orele noastre: 9 am &#8211; 5.30pm<\/p>\t\t\t\t\t\t\t\t<\/div>\n\t\t\t\t<\/div>\n\t\t\t\t<\/div>\n\t\t<div class=\"elementor-element elementor-element-1dccfbf e-con-full e-flex e-con e-child\" data-id=\"1dccfbf\" data-element_type=\"container\">\n\t\t\t\t<div class=\"elementor-element elementor-element-de57946 elementor-widget elementor-widget-wpforms\" data-id=\"de57946\" data-element_type=\"widget\" data-widget_type=\"wpforms.default\">\n\t\t\t\t<div class=\"elementor-widget-container\">\n\t\t\t\t\t<style id=\"wpforms-css-vars-elementor-widget-de57946\">\n\t\t\t\t.elementor-widget-wpforms.elementor-element-de57946 {\n\t\t\t\t--wpforms-field-size-input-height: 43px;\n--wpforms-field-size-input-spacing: 15px;\n--wpforms-field-size-font-size: 16px;\n--wpforms-field-size-line-height: 19px;\n--wpforms-field-size-padding-h: 14px;\n--wpforms-field-size-checkbox-size: 16px;\n--wpforms-field-size-sublabel-spacing: 5px;\n--wpforms-field-size-icon-size: 1;\n--wpforms-label-size-font-size: 16px;\n--wpforms-label-size-line-height: 19px;\n--wpforms-label-size-sublabel-font-size: 14px;\n--wpforms-label-size-sublabel-line-height: 17px;\n--wpforms-button-size-font-size: 17px;\n--wpforms-button-size-height: 41px;\n--wpforms-button-size-padding-h: 15px;\n--wpforms-button-size-margin-top: 10px;\n\n\t\t\t}\n\t\t\t<\/style><div class=\"wpforms-container wpforms-container-full wpforms-render-modern\" id=\"wpforms-3079\"><form id=\"wpforms-form-3079\" class=\"wpforms-validate wpforms-form wpforms-ajax-form\" data-formid=\"3079\" method=\"post\" enctype=\"multipart\/form-data\" action=\"\/ro\/wp-json\/wp\/v2\/pages\/5111\" data-token=\"979386ae13cbf5a91cf398bae1cffbc3\" data-token-time=\"1776524060\"><noscript class=\"wpforms-error-noscript\">Please enable JavaScript in your browser to complete this form.<\/noscript><div class=\"wpforms-hidden\" id=\"wpforms-error-noscript\">Please enable JavaScript in your browser to complete this form.<\/div><div class=\"wpforms-field-container\"><div id=\"wpforms-3079-field_1-container\" class=\"wpforms-field wpforms-field-name\" data-field-id=\"1\"><label class=\"wpforms-field-label\" for=\"wpforms-3079-field_1\">Nume \u0219i prenume <span class=\"wpforms-required-label\" aria-hidden=\"true\">*<\/span><\/label><input type=\"text\" id=\"wpforms-3079-field_1\" class=\"wpforms-field-medium wpforms-field-required\" name=\"wpforms[fields][1]\" aria-errormessage=\"wpforms-3079-field_1-error\" required><\/div><div id=\"wpforms-3079-field_2-container\" class=\"wpforms-field wpforms-field-email\" data-field-id=\"2\"><label class=\"wpforms-field-label\" for=\"wpforms-3079-field_2\">E-mail <span class=\"wpforms-required-label\" aria-hidden=\"true\">*<\/span><\/label><input type=\"email\" id=\"wpforms-3079-field_2\" class=\"wpforms-field-medium wpforms-field-required\" name=\"wpforms[fields][2]\" spellcheck=\"false\" aria-errormessage=\"wpforms-3079-field_2-error\" required><\/div><div id=\"wpforms-3079-field_3-container\" class=\"wpforms-field wpforms-field-textarea\" data-field-id=\"3\"><label class=\"wpforms-field-label\" for=\"wpforms-3079-field_3\">Comentariu sau mesaj <span class=\"wpforms-required-label\" aria-hidden=\"true\">*<\/span><\/label><textarea id=\"wpforms-3079-field_3\" class=\"wpforms-field-medium wpforms-field-required\" name=\"wpforms[fields][3]\" aria-errormessage=\"wpforms-3079-field_3-error\" required><\/textarea><\/div><\/div><!-- .wpforms-field-container --><div class=\"wpforms-submit-container\" ><input type=\"hidden\" name=\"wpforms[id]\" value=\"3079\"><input type=\"hidden\" name=\"page_title\" value=\"\"><input type=\"hidden\" name=\"page_url\" value=\"https:\/\/induzon.com\/ro\/wp-json\/wp\/v2\/pages\/5111\"><input type=\"hidden\" name=\"url_referer\" value=\"\"><button type=\"submit\" name=\"wpforms[submit]\" id=\"wpforms-submit-3079\" class=\"wpforms-submit\" data-alt-text=\"Trimiterea...\" data-submit-text=\"Trimite\u021bi\" aria-live=\"assertive\" value=\"wpforms-submit\">Trimite\u021bi<\/button><img decoding=\"async\" src=\"https:\/\/induzon.com\/wp-content\/plugins\/wpforms-lite\/assets\/images\/submit-spin.svg\" class=\"wpforms-submit-spinner\" style=\"display: none;\" width=\"26\" height=\"26\" alt=\"Loading\"><\/div><\/form><\/div>  <!-- .wpforms-container -->\t\t\t\t<\/div>\n\t\t\t\t<\/div>\n\t\t\t\t<\/div>\n\t\t\t\t\t<\/div>\n\t\t\t\t<\/div>\n\t\t\t\t<\/div>\n\t\t","protected":false},"excerpt":{"rendered":"<p>Contacta\u021bi-ne YISHENG Contacta\u021bi-ne BLUE STAR TRADING LIMITED Contacta\u021bi-ne. Pentru \u00eentreb\u0103ri despre produsele sau serviciile noastre, completa\u021bi acest formular de contact.Ne-ar [&hellip;]<\/p>\n","protected":false},"author":1,"featured_media":0,"parent":0,"menu_order":0,"comment_status":"closed","ping_status":"closed","template":"","meta":{"site-sidebar-layout":"no-sidebar","site-content-layout":"","ast-site-content-layout":"full-width-container","site-content-style":"default","site-sidebar-style":"default","ast-global-header-display":"","ast-banner-title-visibility":"","ast-main-header-display":"","ast-hfb-above-header-display":"","ast-hfb-below-header-display":"","ast-hfb-mobile-header-display":"","site-post-title":"disabled","ast-breadcrumbs-content":"","ast-featured-img":"disabled","footer-sml-layout":"","theme-transparent-header-meta":"","adv-header-id-meta":"","stick-header-meta":"","header-above-stick-meta":"","header-main-stick-meta":"","header-below-stick-meta":"","astra-migrate-meta-layouts":"default","ast-page-background-enabled":"default","ast-page-background-meta":{"desktop":{"background-color":"var(--ast-global-color-4)","background-image":"","background-repeat":"repeat","background-position":"center center","background-size":"auto","background-attachment":"scroll","background-type":"","background-media":"","overlay-type":"","overlay-color":"","overlay-opacity":"","overlay-gradient":""},"tablet":{"background-color":"","background-image":"","background-repeat":"repeat","background-position":"center center","background-size":"auto","background-attachment":"scroll","background-type":"","background-media":"","overlay-type":"","overlay-color":"","overlay-opacity":"","overlay-gradient":""},"mobile":{"background-color":"","background-image":"","background-repeat":"repeat","background-position":"center center","background-size":"auto","background-attachment":"scroll","background-type":"","background-media":"","overlay-type":"","overlay-color":"","overlay-opacity":"","overlay-gradient":""}},"ast-content-background-meta":{"desktop":{"background-color":"var(--ast-global-color-5)","background-image":"","background-repeat":"repeat","background-position":"center center","background-size":"auto","background-attachment":"scroll","background-type":"","background-media":"","overlay-type":"","overlay-color":"","overlay-opacity":"","overlay-gradient":""},"tablet":{"background-color":"var(--ast-global-color-5)","background-image":"","background-repeat":"repeat","background-position":"center center","background-size":"auto","background-attachment":"scroll","background-type":"","background-media":"","overlay-type":"","overlay-color":"","overlay-opacity":"","overlay-gradient":""},"mobile":{"background-color":"var(--ast-global-color-5)","background-image":"","background-repeat":"repeat","background-position":"center center","background-size":"auto","background-attachment":"scroll","background-type":"","background-media":"","overlay-type":"","overlay-color":"","overlay-opacity":"","overlay-gradient":""}},"footnotes":""},"class_list":["post-5111","page","type-page","status-publish","hentry"],"yoast_head":"<!-- This site is optimized with the Yoast SEO plugin v24.9 - https:\/\/yoast.com\/wordpress\/plugins\/seo\/ -->\r\n<title>Contacta\u021bi-ne | Induzon - Partenerul dvs. global pentru piese de schimb<\/title>\r\n<meta name=\"description\" content=\"Contacta\u021bi echipa Induzon pentru oferte, asisten\u021b\u0103 tehnic\u0103 sau aprovizionare personalizat\u0103. Contacta\u021bi-ne prin telefon sau e-mail. R\u0103spundem \u00een termen de 24 de ore.\" \/>\r\n<meta name=\"robots\" content=\"index, follow, max-snippet:-1, max-image-preview:large, max-video-preview:-1\" \/>\r\n<link rel=\"canonical\" href=\"https:\/\/induzon.com\/ro\/contactati-ne\/\" \/>\r\n<meta property=\"og:locale\" content=\"ro_RO\" \/>\r\n<meta property=\"og:type\" content=\"article\" \/>\r\n<meta property=\"og:title\" content=\"Contacta\u021bi-ne | Induzon - Partenerul dvs. global pentru piese de schimb\" \/>\r\n<meta property=\"og:description\" content=\"Contacta\u021bi echipa Induzon pentru oferte, asisten\u021b\u0103 tehnic\u0103 sau aprovizionare personalizat\u0103. Contacta\u021bi-ne prin telefon sau e-mail. R\u0103spundem \u00een termen de 24 de ore.\" \/>\r\n<meta property=\"og:url\" content=\"https:\/\/induzon.com\/ro\/contactati-ne\/\" \/>\r\n<meta property=\"og:site_name\" content=\"induzon\" \/>\r\n<meta property=\"article:modified_time\" content=\"2025-12-11T03:38:13+00:00\" \/>\r\n<meta property=\"og:image\" content=\"https:\/\/induzon.com\/wp-content\/plugins\/wpforms-lite\/assets\/images\/submit-spin.svg\" \/>\r\n<meta name=\"twitter:card\" content=\"summary_large_image\" \/>\r\n<script type=\"application\/ld+json\" class=\"yoast-schema-graph\">{\"@context\":\"https:\/\/schema.org\",\"@graph\":[{\"@type\":\"WebPage\",\"@id\":\"https:\/\/induzon.com\/ro\/contactati-ne\/\",\"url\":\"https:\/\/induzon.com\/ro\/contactati-ne\/\",\"name\":\"Contacta\u021bi-ne | Induzon - Partenerul dvs. global pentru piese de schimb\",\"isPartOf\":{\"@id\":\"https:\/\/induzon.com\/ro\/#website\"},\"primaryImageOfPage\":{\"@id\":\"https:\/\/induzon.com\/ro\/contactati-ne\/#primaryimage\"},\"image\":{\"@id\":\"https:\/\/induzon.com\/ro\/contactati-ne\/#primaryimage\"},\"thumbnailUrl\":\"https:\/\/induzon.com\/wp-content\/plugins\/wpforms-lite\/assets\/images\/submit-spin.svg\",\"datePublished\":\"2025-01-13T05:25:13+00:00\",\"dateModified\":\"2025-12-11T03:38:13+00:00\",\"description\":\"Contacta\u021bi echipa Induzon pentru oferte, asisten\u021b\u0103 tehnic\u0103 sau aprovizionare personalizat\u0103. Contacta\u021bi-ne prin telefon sau e-mail. R\u0103spundem \u00een termen de 24 de ore.\",\"breadcrumb\":{\"@id\":\"https:\/\/induzon.com\/ro\/contactati-ne\/#breadcrumb\"},\"inLanguage\":\"ro-RO\",\"potentialAction\":[{\"@type\":\"ReadAction\",\"target\":[\"https:\/\/induzon.com\/ro\/contactati-ne\/\"]}]},{\"@type\":\"ImageObject\",\"inLanguage\":\"ro-RO\",\"@id\":\"https:\/\/induzon.com\/ro\/contactati-ne\/#primaryimage\",\"url\":\"https:\/\/induzon.com\/wp-content\/plugins\/wpforms-lite\/assets\/images\/submit-spin.svg\",\"contentUrl\":\"https:\/\/induzon.com\/wp-content\/plugins\/wpforms-lite\/assets\/images\/submit-spin.svg\"},{\"@type\":\"BreadcrumbList\",\"@id\":\"https:\/\/induzon.com\/ro\/contactati-ne\/#breadcrumb\",\"itemListElement\":[{\"@type\":\"ListItem\",\"position\":1,\"name\":\"\u9996\u9875\",\"item\":\"https:\/\/induzon.com\/ro\/acasa\/\"},{\"@type\":\"ListItem\",\"position\":2,\"name\":\"Contacta\u021bi-ne\"}]},{\"@type\":\"WebSite\",\"@id\":\"https:\/\/induzon.com\/ro\/#website\",\"url\":\"https:\/\/induzon.com\/ro\/\",\"name\":\"induzon\",\"description\":\"\",\"publisher\":{\"@id\":\"https:\/\/induzon.com\/ro\/#organization\"},\"potentialAction\":[{\"@type\":\"SearchAction\",\"target\":{\"@type\":\"EntryPoint\",\"urlTemplate\":\"https:\/\/induzon.com\/ro\/?s={search_term_string}\"},\"query-input\":{\"@type\":\"PropertyValueSpecification\",\"valueRequired\":true,\"valueName\":\"search_term_string\"}}],\"inLanguage\":\"ro-RO\"},{\"@type\":\"Organization\",\"@id\":\"https:\/\/induzon.com\/ro\/#organization\",\"name\":\"induzon\",\"url\":\"https:\/\/induzon.com\/ro\/\",\"logo\":{\"@type\":\"ImageObject\",\"inLanguage\":\"ro-RO\",\"@id\":\"https:\/\/induzon.com\/ro\/#\/schema\/logo\/image\/\",\"url\":\"https:\/\/induzon.com\/wp-content\/uploads\/2025\/05\/cropped-026.png\",\"contentUrl\":\"https:\/\/induzon.com\/wp-content\/uploads\/2025\/05\/cropped-026.png\",\"width\":512,\"height\":512,\"caption\":\"induzon\"},\"image\":{\"@id\":\"https:\/\/induzon.com\/ro\/#\/schema\/logo\/image\/\"}}]}<\/script>\r\n<!-- \/ Yoast SEO plugin. -->","yoast_head_json":{"title":"Contacta\u021bi-ne | Induzon - Partenerul dvs. global pentru piese de schimb","description":"Contacta\u021bi echipa Induzon pentru oferte, asisten\u021b\u0103 tehnic\u0103 sau aprovizionare personalizat\u0103. Contacta\u021bi-ne prin telefon sau e-mail. R\u0103spundem \u00een termen de 24 de ore.","robots":{"index":"index","follow":"follow","max-snippet":"max-snippet:-1","max-image-preview":"max-image-preview:large","max-video-preview":"max-video-preview:-1"},"canonical":"https:\/\/induzon.com\/ro\/contactati-ne\/","og_locale":"ro_RO","og_type":"article","og_title":"Contacta\u021bi-ne | Induzon - Partenerul dvs. global pentru piese de schimb","og_description":"Contacta\u021bi echipa Induzon pentru oferte, asisten\u021b\u0103 tehnic\u0103 sau aprovizionare personalizat\u0103. Contacta\u021bi-ne prin telefon sau e-mail. R\u0103spundem \u00een termen de 24 de ore.","og_url":"https:\/\/induzon.com\/ro\/contactati-ne\/","og_site_name":"induzon","article_modified_time":"2025-12-11T03:38:13+00:00","og_image":[{"url":"https:\/\/induzon.com\/wp-content\/plugins\/wpforms-lite\/assets\/images\/submit-spin.svg","type":"","width":"","height":""}],"twitter_card":"summary_large_image","schema":{"@context":"https:\/\/schema.org","@graph":[{"@type":"WebPage","@id":"https:\/\/induzon.com\/ro\/contactati-ne\/","url":"https:\/\/induzon.com\/ro\/contactati-ne\/","name":"Contacta\u021bi-ne | Induzon - Partenerul dvs. global pentru piese de schimb","isPartOf":{"@id":"https:\/\/induzon.com\/ro\/#website"},"primaryImageOfPage":{"@id":"https:\/\/induzon.com\/ro\/contactati-ne\/#primaryimage"},"image":{"@id":"https:\/\/induzon.com\/ro\/contactati-ne\/#primaryimage"},"thumbnailUrl":"https:\/\/induzon.com\/wp-content\/plugins\/wpforms-lite\/assets\/images\/submit-spin.svg","datePublished":"2025-01-13T05:25:13+00:00","dateModified":"2025-12-11T03:38:13+00:00","description":"Contacta\u021bi echipa Induzon pentru oferte, asisten\u021b\u0103 tehnic\u0103 sau aprovizionare personalizat\u0103. Contacta\u021bi-ne prin telefon sau e-mail. R\u0103spundem \u00een termen de 24 de ore.","breadcrumb":{"@id":"https:\/\/induzon.com\/ro\/contactati-ne\/#breadcrumb"},"inLanguage":"ro-RO","potentialAction":[{"@type":"ReadAction","target":["https:\/\/induzon.com\/ro\/contactati-ne\/"]}]},{"@type":"ImageObject","inLanguage":"ro-RO","@id":"https:\/\/induzon.com\/ro\/contactati-ne\/#primaryimage","url":"https:\/\/induzon.com\/wp-content\/plugins\/wpforms-lite\/assets\/images\/submit-spin.svg","contentUrl":"https:\/\/induzon.com\/wp-content\/plugins\/wpforms-lite\/assets\/images\/submit-spin.svg"},{"@type":"BreadcrumbList","@id":"https:\/\/induzon.com\/ro\/contactati-ne\/#breadcrumb","itemListElement":[{"@type":"ListItem","position":1,"name":"\u9996\u9875","item":"https:\/\/induzon.com\/ro\/acasa\/"},{"@type":"ListItem","position":2,"name":"Contacta\u021bi-ne"}]},{"@type":"WebSite","@id":"https:\/\/induzon.com\/ro\/#website","url":"https:\/\/induzon.com\/ro\/","name":"induzon","description":"","publisher":{"@id":"https:\/\/induzon.com\/ro\/#organization"},"potentialAction":[{"@type":"SearchAction","target":{"@type":"EntryPoint","urlTemplate":"https:\/\/induzon.com\/ro\/?s={search_term_string}"},"query-input":{"@type":"PropertyValueSpecification","valueRequired":true,"valueName":"search_term_string"}}],"inLanguage":"ro-RO"},{"@type":"Organization","@id":"https:\/\/induzon.com\/ro\/#organization","name":"induzon","url":"https:\/\/induzon.com\/ro\/","logo":{"@type":"ImageObject","inLanguage":"ro-RO","@id":"https:\/\/induzon.com\/ro\/#\/schema\/logo\/image\/","url":"https:\/\/induzon.com\/wp-content\/uploads\/2025\/05\/cropped-026.png","contentUrl":"https:\/\/induzon.com\/wp-content\/uploads\/2025\/05\/cropped-026.png","width":512,"height":512,"caption":"induzon"},"image":{"@id":"https:\/\/induzon.com\/ro\/#\/schema\/logo\/image\/"}}]}},"_links":{"self":[{"href":"https:\/\/induzon.com\/ro\/wp-json\/wp\/v2\/pages\/5111","targetHints":{"allow":["GET"]}}],"collection":[{"href":"https:\/\/induzon.com\/ro\/wp-json\/wp\/v2\/pages"}],"about":[{"href":"https:\/\/induzon.com\/ro\/wp-json\/wp\/v2\/types\/page"}],"author":[{"embeddable":true,"href":"https:\/\/induzon.com\/ro\/wp-json\/wp\/v2\/users\/1"}],"replies":[{"embeddable":true,"href":"https:\/\/induzon.com\/ro\/wp-json\/wp\/v2\/comments?post=5111"}],"version-history":[{"count":10,"href":"https:\/\/induzon.com\/ro\/wp-json\/wp\/v2\/pages\/5111\/revisions"}],"predecessor-version":[{"id":31916,"href":"https:\/\/induzon.com\/ro\/wp-json\/wp\/v2\/pages\/5111\/revisions\/31916"}],"wp:attachment":[{"href":"https:\/\/induzon.com\/ro\/wp-json\/wp\/v2\/media?parent=5111"}],"curies":[{"name":"wp","href":"https:\/\/api.w.org\/{rel}","templated":true}]}}