{"id":5228,"date":"2025-01-14T16:41:40","date_gmt":"2025-01-14T08:41:40","guid":{"rendered":"http:\/\/induzon.com\/ghid-de-expediere\/"},"modified":"2025-11-25T17:22:16","modified_gmt":"2025-11-25T09:22:16","slug":"ghid-de-expediere","status":"publish","type":"page","link":"https:\/\/induzon.com\/ro\/ghid-de-expediere\/","title":{"rendered":"Ghid de expediere"},"content":{"rendered":"\t\t<div data-elementor-type=\"wp-page\" data-elementor-id=\"5228\" class=\"elementor elementor-5228 elementor-3216\" data-elementor-post-type=\"page\">\n\t\t\t\t<div class=\"elementor-element elementor-element-fa24179 e-flex e-con-boxed e-con e-parent\" data-id=\"fa24179\" data-element_type=\"container\">\n\t\t\t\t\t<div class=\"e-con-inner\">\n\t\t<div class=\"elementor-element elementor-element-888ddf5 e-con-full e-flex e-con e-child\" data-id=\"888ddf5\" data-element_type=\"container\">\n\t\t\t\t<div class=\"elementor-element elementor-element-d1a036d elementor-widget elementor-widget-heading\" data-id=\"d1a036d\" data-element_type=\"widget\" data-widget_type=\"heading.default\">\n\t\t\t\t\t<h2 class=\"elementor-heading-title elementor-size-default\"><a href=\"#delivered2\">Ghid de expediere<\/a><\/h2>\t\t\t\t<\/div>\n\t\t<div class=\"elementor-element elementor-element-8520880 e-con-full e-flex e-con e-child\" data-id=\"8520880\" data-element_type=\"container\">\n\t\t\t\t<div class=\"elementor-element elementor-element-ea96df2 elementor-view-default elementor-widget elementor-widget-icon\" data-id=\"ea96df2\" data-element_type=\"widget\" data-widget_type=\"icon.default\">\n\t\t\t\t\t\t\t<div class=\"elementor-icon-wrapper\">\n\t\t\t<div class=\"elementor-icon\">\n\t\t\t<svg aria-hidden=\"true\" class=\"e-font-icon-svg e-fas-circle\" viewBox=\"0 0 512 512\" xmlns=\"http:\/\/www.w3.org\/2000\/svg\"><path d=\"M256 8C119 8 8 119 8 256s111 248 248 248 248-111 248-248S393 8 256 8z\"><\/path><\/svg>\t\t\t<\/div>\n\t\t<\/div>\n\t\t\t\t\t\t<\/div>\n\t\t\t\t<div class=\"elementor-element elementor-element-a4bb1c4 elementor-widget elementor-widget-heading\" data-id=\"a4bb1c4\" data-element_type=\"widget\" id=\"delivered\" data-widget_type=\"heading.default\">\n\t\t\t\t\t<p class=\"elementor-heading-title elementor-size-default\"><a href=\"#delivered2\">C\u00e2nd va fi livrat? Cauze posibile pentru nelivrare? <\/a><\/p>\t\t\t\t<\/div>\n\t\t\t\t<\/div>\n\t\t<div class=\"elementor-element elementor-element-1b8fb78 e-con-full e-flex e-con e-child\" data-id=\"1b8fb78\" data-element_type=\"container\">\n\t\t\t\t<div class=\"elementor-element elementor-element-7ac40c1 elementor-view-default elementor-widget elementor-widget-icon\" data-id=\"7ac40c1\" data-element_type=\"widget\" data-widget_type=\"icon.default\">\n\t\t\t\t\t\t\t<div class=\"elementor-icon-wrapper\">\n\t\t\t<div class=\"elementor-icon\">\n\t\t\t<svg aria-hidden=\"true\" class=\"e-font-icon-svg e-fas-circle\" viewBox=\"0 0 512 512\" xmlns=\"http:\/\/www.w3.org\/2000\/svg\"><path d=\"M256 8C119 8 8 119 8 256s111 248 248 248 248-111 248-248S393 8 256 8z\"><\/path><\/svg>\t\t\t<\/div>\n\t\t<\/div>\n\t\t\t\t\t\t<\/div>\n\t\t\t\t<div class=\"elementor-element elementor-element-9bb383f elementor-widget elementor-widget-heading\" data-id=\"9bb383f\" data-element_type=\"widget\" id=\"delay\" data-widget_type=\"heading.default\">\n\t\t\t\t\t<p class=\"elementor-heading-title elementor-size-default\"><a href=\"#delay2\">De ce pachetul meu este \u00eent\u00e2rziat \u0219i informa\u021biile de urm\u0103rire nu sunt actualizate?<\/a><\/p>\t\t\t\t<\/div>\n\t\t\t\t<\/div>\n\t\t<div class=\"elementor-element elementor-element-69af278 e-con-full e-flex e-con e-child\" data-id=\"69af278\" data-element_type=\"container\">\n\t\t\t\t<div class=\"elementor-element elementor-element-9bc0248 elementor-view-default elementor-widget elementor-widget-icon\" data-id=\"9bc0248\" data-element_type=\"widget\" data-widget_type=\"icon.default\">\n\t\t\t\t\t\t\t<div class=\"elementor-icon-wrapper\">\n\t\t\t<div class=\"elementor-icon\">\n\t\t\t<svg aria-hidden=\"true\" class=\"e-font-icon-svg e-fas-circle\" viewBox=\"0 0 512 512\" xmlns=\"http:\/\/www.w3.org\/2000\/svg\"><path d=\"M256 8C119 8 8 119 8 256s111 248 248 248 248-111 248-248S393 8 256 8z\"><\/path><\/svg>\t\t\t<\/div>\n\t\t<\/div>\n\t\t\t\t\t\t<\/div>\n\t\t\t\t<div class=\"elementor-element elementor-element-a1ecfaa elementor-widget elementor-widget-heading\" data-id=\"a1ecfaa\" data-element_type=\"widget\" id=\"modify2\" data-widget_type=\"heading.default\">\n\t\t\t\t\t<p class=\"elementor-heading-title elementor-size-default\"><a href=\"#modify\">Cum \u00eemi pot modifica informa\u021biile personale dup\u0103 efectuarea comenzii?<\/a><\/p>\t\t\t\t<\/div>\n\t\t\t\t<\/div>\n\t\t<div class=\"elementor-element elementor-element-3761aa9 e-con-full e-flex e-con e-child\" data-id=\"3761aa9\" data-element_type=\"container\">\n\t\t\t\t<div class=\"elementor-element elementor-element-534770d elementor-widget elementor-widget-heading\" data-id=\"534770d\" data-element_type=\"widget\" id=\"delivered2\" data-widget_type=\"heading.default\">\n\t\t\t\t\t<h3 class=\"elementor-heading-title elementor-size-default\"><a href=\"#delivered\">C\u00e2nd va fi livrat? Cauze posibile pentru nelivrare? <\/a><\/h3>\t\t\t\t<\/div>\n\t\t\t\t<div class=\"elementor-element elementor-element-80c1afc elementor-widget elementor-widget-text-editor\" data-id=\"80c1afc\" data-element_type=\"widget\" data-widget_type=\"text-editor.default\">\n\t\t\t\t\t\t\t\t\t<p style=\"font-weight: 400;\">Dup\u0103 efectuarea cu succes a pl\u0103\u021bii, vom expedia bunurile \u00een termen de 1-2 zile lucr\u0103toare.<\/p>\n<p style=\"font-weight: 400;\">\nTimpii de livrare estima\u021bi pentru diferite metode de transport sunt urm\u0103torii:\n&#8211; Transport aerian: 8-20 zile\n&#8211; Transport cu camionul: 30-40 de zile\n&#8211; Transport feroviar: 35-50 zile\n&#8211; Transport maritim: 50-60 zile\n<\/p>\n<p style=\"font-weight: 400;\">\nV\u0103 rug\u0103m s\u0103 re\u021bine\u021bi c\u0103 termenul de livrare poate fi prelungit din cauza s\u0103rb\u0103torilor, dezastrelor naturale etc. sau dac\u0103 produsele nu sunt disponibile \u00een stoc.\n<\/p>\n<p style=\"font-weight: 400;\">\nV\u0103 rug\u0103m s\u0103 contacta\u021bi serviciul nostru pentru clien\u021bi, dac\u0103 este necesar, \u0219i vom face tot posibilul pentru a v\u0103 ajuta s\u0103 rezolva\u021bi problema.\n<\/p>\t\t\t\t\t\t\t\t<\/div>\n\t\t\t\t<\/div>\n\t\t<div class=\"elementor-element elementor-element-4147271 e-con-full e-flex e-con e-child\" data-id=\"4147271\" data-element_type=\"container\">\n\t\t\t\t<div class=\"elementor-element elementor-element-a84e09f elementor-widget elementor-widget-heading\" data-id=\"a84e09f\" data-element_type=\"widget\" id=\"delay2\" data-widget_type=\"heading.default\">\n\t\t\t\t\t<h3 class=\"elementor-heading-title elementor-size-default\"><a href=\"#delay\">De ce pachetul meu este \u00eent\u00e2rziat \u0219i informa\u021biile de urm\u0103rire nu sunt actualizate?<\/a><\/h3>\t\t\t\t<\/div>\n\t\t\t\t<div class=\"elementor-element elementor-element-0e2df9c elementor-widget elementor-widget-text-editor\" data-id=\"0e2df9c\" data-element_type=\"widget\" data-widget_type=\"text-editor.default\">\n\t\t\t\t\t\t\t\t\t<p style=\"font-weight: 400;\">\u00cent\u00e2rzierea coletului poate fi cauzat\u0103 de situa\u021bia epidemic\u0103, \u00eent\u00e2rzierea zborului, procesul lent de v\u0103muire, ajustarea politicii na\u021bionale, s\u0103rb\u0103tori \u0219i al\u021bi factori de for\u021b\u0103 major\u0103.<\/p><p style=\"font-weight: 400;\"><strong>Sfaturi<\/strong>: Atunci c\u00e2nd pachetul este \u00eent\u00e2rziat, informa\u021biile de urm\u0103rire vor fi \u00eentr-un anumit nod pentru o perioad\u0103 de timp, iar informa\u021biile de urm\u0103rire nu vor fi actualizate p\u00e2n\u0103 c\u00e2nd pachetul nu ajunge la urm\u0103torul nod de transport.<\/p><p style=\"font-weight: 400;\"> <\/p><p style=\"font-weight: 400;\">Dac\u0103 pachetul dvs. \u00eent\u00e2rzie, v\u0103 rug\u0103m s\u0103 urma\u021bi urm\u0103torul proces:<\/p><p style=\"font-weight: 400;\">-Verifica\u021bi informa\u021biile de urm\u0103rire a coletului.<\/p><p style=\"font-weight: 400;\">-Confirma\u021bi dac\u0103 termenul de livrare este \u00een weekend sau de s\u0103rb\u0103torile importante.<\/p><p style=\"font-weight: 400;\">-Confirm whether you have received the emails notifying delay from us.<\/p><p style=\"font-weight: 400;\">-Confirma\u021bi dac\u0103 adresa dvs. \u0219i informa\u021biile telefonice sunt corecte.<\/p><p style=\"font-weight: 400;\">Declara\u021bie special\u0103, \u00eent\u00e2rzierea coletului cauzat\u0103 de evenimente de for\u021b\u0103 major\u0103 (cum ar fi dezastre naturale, vreme sever\u0103, r\u0103zboi \u0219i orice alte evenimente \u00een afara controlului nostru direct), nu intr\u0103 \u00een sfera noastr\u0103 de responsabilitate.<\/p><p style=\"font-weight: 400;\">Dac\u0103 ave\u021bi nevoie de informa\u021bii suplimentare sau de asisten\u021b\u0103, v\u0103 rug\u0103m s\u0103 nu ezita\u021bi s\u0103 ne contacta\u021bi.<\/p>\t\t\t\t\t\t\t\t<\/div>\n\t\t\t\t<\/div>\n\t\t<div class=\"elementor-element elementor-element-4cd524e e-con-full e-flex e-con e-child\" data-id=\"4cd524e\" data-element_type=\"container\">\n\t\t\t\t<div class=\"elementor-element elementor-element-45b561e elementor-widget elementor-widget-heading\" data-id=\"45b561e\" data-element_type=\"widget\" id=\"modify\" data-widget_type=\"heading.default\">\n\t\t\t\t\t<h3 class=\"elementor-heading-title elementor-size-default\"><a href=\"#modify2\">Cum \u00eemi pot modifica informa\u021biile personale dup\u0103 efectuarea comenzii?<\/a><\/h3>\t\t\t\t<\/div>\n\t\t\t\t<div class=\"elementor-element elementor-element-60595cd elementor-widget elementor-widget-text-editor\" data-id=\"60595cd\" data-element_type=\"widget\" data-widget_type=\"text-editor.default\">\n\t\t\t\t\t\t\t\t\t<div class=\"help-detail-wrap help-detail-wrap-title\"><div class=\"detail-content\"><p style=\"font-weight: 400;\">Pentru a asigura livrarea cu succes, v\u0103 recomand\u0103m s\u0103 ne contacta\u021bi pentru a v\u0103 modifica informa\u021biile personale, cum ar fi adresa \u0219i num\u0103rul de telefon, \u00eenainte ca pachetul s\u0103 fie expediat. <\/p><p style=\"font-weight: 400;\">Dac\u0103 pachetul este expediat, v\u0103 rug\u0103m s\u0103 ne contacta\u021bi \u00een termen de 3-5 zile lucr\u0103toare pentru a confirma modificarea.<\/p><\/div><\/div>\t\t\t\t\t\t\t\t<\/div>\n\t\t\t\t<\/div>\n\t\t\t\t<\/div>\n\t\t\t\t\t<\/div>\n\t\t\t\t<\/div>\n\t\t\t\t<\/div>\n\t\t","protected":false},"excerpt":{"rendered":"<p>Ghid de expediere C\u00e2nd va fi livrat? Cauze posibile pentru nelivrare? De ce pachetul meu este \u00eent\u00e2rziat \u0219i informa\u021biile de [&hellip;]<\/p>\n","protected":false},"author":1,"featured_media":0,"parent":0,"menu_order":0,"comment_status":"closed","ping_status":"closed","template":"","meta":{"site-sidebar-layout":"no-sidebar","site-content-layout":"","ast-site-content-layout":"full-width-container","site-content-style":"default","site-sidebar-style":"default","ast-global-header-display":"","ast-banner-title-visibility":"","ast-main-header-display":"","ast-hfb-above-header-display":"","ast-hfb-below-header-display":"","ast-hfb-mobile-header-display":"","site-post-title":"disabled","ast-breadcrumbs-content":"","ast-featured-img":"disabled","footer-sml-layout":"","theme-transparent-header-meta":"","adv-header-id-meta":"","stick-header-meta":"","header-above-stick-meta":"","header-main-stick-meta":"","header-below-stick-meta":"","astra-migrate-meta-layouts":"default","ast-page-background-enabled":"default","ast-page-background-meta":{"desktop":{"background-color":"var(--ast-global-color-4)","background-image":"","background-repeat":"repeat","background-position":"center center","background-size":"auto","background-attachment":"scroll","background-type":"","background-media":"","overlay-type":"","overlay-color":"","overlay-opacity":"","overlay-gradient":""},"tablet":{"background-color":"","background-image":"","background-repeat":"repeat","background-position":"center center","background-size":"auto","background-attachment":"scroll","background-type":"","background-media":"","overlay-type":"","overlay-color":"","overlay-opacity":"","overlay-gradient":""},"mobile":{"background-color":"","background-image":"","background-repeat":"repeat","background-position":"center center","background-size":"auto","background-attachment":"scroll","background-type":"","background-media":"","overlay-type":"","overlay-color":"","overlay-opacity":"","overlay-gradient":""}},"ast-content-background-meta":{"desktop":{"background-color":"var(--ast-global-color-5)","background-image":"","background-repeat":"repeat","background-position":"center center","background-size":"auto","background-attachment":"scroll","background-type":"","background-media":"","overlay-type":"","overlay-color":"","overlay-opacity":"","overlay-gradient":""},"tablet":{"background-color":"var(--ast-global-color-5)","background-image":"","background-repeat":"repeat","background-position":"center center","background-size":"auto","background-attachment":"scroll","background-type":"","background-media":"","overlay-type":"","overlay-color":"","overlay-opacity":"","overlay-gradient":""},"mobile":{"background-color":"var(--ast-global-color-5)","background-image":"","background-repeat":"repeat","background-position":"center center","background-size":"auto","background-attachment":"scroll","background-type":"","background-media":"","overlay-type":"","overlay-color":"","overlay-opacity":"","overlay-gradient":""}},"footnotes":""},"class_list":["post-5228","page","type-page","status-publish","hentry"],"yoast_head":"<!-- This site is optimized with the Yoast SEO plugin v24.9 - https:\/\/yoast.com\/wordpress\/plugins\/seo\/ -->\r\n<title>Ghid \u0219i politici de expediere | Informa\u021bii globale privind expedierea - Induzon<\/title>\r\n<meta name=\"description\" content=\"Induzon - Ghid complet de expediere. Vede\u021bi costurile de expediere, termenele de livrare \u0219i modul \u00een care pute\u021bi urm\u0103ri comanda. Informa\u021bii globale privind expedierea\" \/>\r\n<meta name=\"robots\" content=\"index, follow, max-snippet:-1, max-image-preview:large, max-video-preview:-1\" \/>\r\n<link rel=\"canonical\" href=\"https:\/\/induzon.com\/ro\/ghid-de-expediere\/\" \/>\r\n<meta property=\"og:locale\" content=\"ro_RO\" \/>\r\n<meta property=\"og:type\" content=\"article\" \/>\r\n<meta property=\"og:title\" content=\"Ghid \u0219i politici de expediere | Informa\u021bii globale privind expedierea - Induzon\" \/>\r\n<meta property=\"og:description\" content=\"Induzon - Ghid complet de expediere. Vede\u021bi costurile de expediere, termenele de livrare \u0219i modul \u00een care pute\u021bi urm\u0103ri comanda. Informa\u021bii globale privind expedierea\" \/>\r\n<meta property=\"og:url\" content=\"https:\/\/induzon.com\/ro\/ghid-de-expediere\/\" \/>\r\n<meta property=\"og:site_name\" content=\"induzon\" \/>\r\n<meta property=\"article:modified_time\" content=\"2025-11-25T09:22:16+00:00\" \/>\r\n<meta name=\"twitter:card\" content=\"summary_large_image\" \/>\r\n<meta name=\"twitter:label1\" content=\"Timp estimat pentru citire\" \/>\n\t<meta name=\"twitter:data1\" content=\"2 minutes\" \/>\r\n<script type=\"application\/ld+json\" class=\"yoast-schema-graph\">{\"@context\":\"https:\/\/schema.org\",\"@graph\":[{\"@type\":\"WebPage\",\"@id\":\"https:\/\/induzon.com\/ro\/ghid-de-expediere\/\",\"url\":\"https:\/\/induzon.com\/ro\/ghid-de-expediere\/\",\"name\":\"Ghid \u0219i politici de expediere | Informa\u021bii globale privind expedierea - Induzon\",\"isPartOf\":{\"@id\":\"https:\/\/induzon.com\/ro\/#website\"},\"datePublished\":\"2025-01-14T08:41:40+00:00\",\"dateModified\":\"2025-11-25T09:22:16+00:00\",\"description\":\"Induzon - Ghid complet de expediere. Vede\u021bi costurile de expediere, termenele de livrare \u0219i modul \u00een care pute\u021bi urm\u0103ri comanda. Informa\u021bii globale privind expedierea\",\"breadcrumb\":{\"@id\":\"https:\/\/induzon.com\/ro\/ghid-de-expediere\/#breadcrumb\"},\"inLanguage\":\"ro-RO\",\"potentialAction\":[{\"@type\":\"ReadAction\",\"target\":[\"https:\/\/induzon.com\/ro\/ghid-de-expediere\/\"]}]},{\"@type\":\"BreadcrumbList\",\"@id\":\"https:\/\/induzon.com\/ro\/ghid-de-expediere\/#breadcrumb\",\"itemListElement\":[{\"@type\":\"ListItem\",\"position\":1,\"name\":\"\u9996\u9875\",\"item\":\"https:\/\/induzon.com\/ro\/acasa\/\"},{\"@type\":\"ListItem\",\"position\":2,\"name\":\"Ghid de expediere\"}]},{\"@type\":\"WebSite\",\"@id\":\"https:\/\/induzon.com\/ro\/#website\",\"url\":\"https:\/\/induzon.com\/ro\/\",\"name\":\"induzon\",\"description\":\"\",\"publisher\":{\"@id\":\"https:\/\/induzon.com\/ro\/#organization\"},\"potentialAction\":[{\"@type\":\"SearchAction\",\"target\":{\"@type\":\"EntryPoint\",\"urlTemplate\":\"https:\/\/induzon.com\/ro\/?s={search_term_string}\"},\"query-input\":{\"@type\":\"PropertyValueSpecification\",\"valueRequired\":true,\"valueName\":\"search_term_string\"}}],\"inLanguage\":\"ro-RO\"},{\"@type\":\"Organization\",\"@id\":\"https:\/\/induzon.com\/ro\/#organization\",\"name\":\"induzon\",\"url\":\"https:\/\/induzon.com\/ro\/\",\"logo\":{\"@type\":\"ImageObject\",\"inLanguage\":\"ro-RO\",\"@id\":\"https:\/\/induzon.com\/ro\/#\/schema\/logo\/image\/\",\"url\":\"https:\/\/induzon.com\/wp-content\/uploads\/2025\/05\/cropped-026.png\",\"contentUrl\":\"https:\/\/induzon.com\/wp-content\/uploads\/2025\/05\/cropped-026.png\",\"width\":512,\"height\":512,\"caption\":\"induzon\"},\"image\":{\"@id\":\"https:\/\/induzon.com\/ro\/#\/schema\/logo\/image\/\"}}]}<\/script>\r\n<!-- \/ Yoast SEO plugin. -->","yoast_head_json":{"title":"Ghid \u0219i politici de expediere | Informa\u021bii globale privind expedierea - Induzon","description":"Induzon - Ghid complet de expediere. Vede\u021bi costurile de expediere, termenele de livrare \u0219i modul \u00een care pute\u021bi urm\u0103ri comanda. Informa\u021bii globale privind expedierea","robots":{"index":"index","follow":"follow","max-snippet":"max-snippet:-1","max-image-preview":"max-image-preview:large","max-video-preview":"max-video-preview:-1"},"canonical":"https:\/\/induzon.com\/ro\/ghid-de-expediere\/","og_locale":"ro_RO","og_type":"article","og_title":"Ghid \u0219i politici de expediere | Informa\u021bii globale privind expedierea - Induzon","og_description":"Induzon - Ghid complet de expediere. Vede\u021bi costurile de expediere, termenele de livrare \u0219i modul \u00een care pute\u021bi urm\u0103ri comanda. Informa\u021bii globale privind expedierea","og_url":"https:\/\/induzon.com\/ro\/ghid-de-expediere\/","og_site_name":"induzon","article_modified_time":"2025-11-25T09:22:16+00:00","twitter_card":"summary_large_image","twitter_misc":{"Timp estimat pentru citire":"2 minutes"},"schema":{"@context":"https:\/\/schema.org","@graph":[{"@type":"WebPage","@id":"https:\/\/induzon.com\/ro\/ghid-de-expediere\/","url":"https:\/\/induzon.com\/ro\/ghid-de-expediere\/","name":"Ghid \u0219i politici de expediere | Informa\u021bii globale privind expedierea - Induzon","isPartOf":{"@id":"https:\/\/induzon.com\/ro\/#website"},"datePublished":"2025-01-14T08:41:40+00:00","dateModified":"2025-11-25T09:22:16+00:00","description":"Induzon - Ghid complet de expediere. Vede\u021bi costurile de expediere, termenele de livrare \u0219i modul \u00een care pute\u021bi urm\u0103ri comanda. Informa\u021bii globale privind expedierea","breadcrumb":{"@id":"https:\/\/induzon.com\/ro\/ghid-de-expediere\/#breadcrumb"},"inLanguage":"ro-RO","potentialAction":[{"@type":"ReadAction","target":["https:\/\/induzon.com\/ro\/ghid-de-expediere\/"]}]},{"@type":"BreadcrumbList","@id":"https:\/\/induzon.com\/ro\/ghid-de-expediere\/#breadcrumb","itemListElement":[{"@type":"ListItem","position":1,"name":"\u9996\u9875","item":"https:\/\/induzon.com\/ro\/acasa\/"},{"@type":"ListItem","position":2,"name":"Ghid de expediere"}]},{"@type":"WebSite","@id":"https:\/\/induzon.com\/ro\/#website","url":"https:\/\/induzon.com\/ro\/","name":"induzon","description":"","publisher":{"@id":"https:\/\/induzon.com\/ro\/#organization"},"potentialAction":[{"@type":"SearchAction","target":{"@type":"EntryPoint","urlTemplate":"https:\/\/induzon.com\/ro\/?s={search_term_string}"},"query-input":{"@type":"PropertyValueSpecification","valueRequired":true,"valueName":"search_term_string"}}],"inLanguage":"ro-RO"},{"@type":"Organization","@id":"https:\/\/induzon.com\/ro\/#organization","name":"induzon","url":"https:\/\/induzon.com\/ro\/","logo":{"@type":"ImageObject","inLanguage":"ro-RO","@id":"https:\/\/induzon.com\/ro\/#\/schema\/logo\/image\/","url":"https:\/\/induzon.com\/wp-content\/uploads\/2025\/05\/cropped-026.png","contentUrl":"https:\/\/induzon.com\/wp-content\/uploads\/2025\/05\/cropped-026.png","width":512,"height":512,"caption":"induzon"},"image":{"@id":"https:\/\/induzon.com\/ro\/#\/schema\/logo\/image\/"}}]}},"_links":{"self":[{"href":"https:\/\/induzon.com\/ro\/wp-json\/wp\/v2\/pages\/5228","targetHints":{"allow":["GET"]}}],"collection":[{"href":"https:\/\/induzon.com\/ro\/wp-json\/wp\/v2\/pages"}],"about":[{"href":"https:\/\/induzon.com\/ro\/wp-json\/wp\/v2\/types\/page"}],"author":[{"embeddable":true,"href":"https:\/\/induzon.com\/ro\/wp-json\/wp\/v2\/users\/1"}],"replies":[{"embeddable":true,"href":"https:\/\/induzon.com\/ro\/wp-json\/wp\/v2\/comments?post=5228"}],"version-history":[{"count":3,"href":"https:\/\/induzon.com\/ro\/wp-json\/wp\/v2\/pages\/5228\/revisions"}],"predecessor-version":[{"id":30755,"href":"https:\/\/induzon.com\/ro\/wp-json\/wp\/v2\/pages\/5228\/revisions\/30755"}],"wp:attachment":[{"href":"https:\/\/induzon.com\/ro\/wp-json\/wp\/v2\/media?parent=5228"}],"curies":[{"name":"wp","href":"https:\/\/api.w.org\/{rel}","templated":true}]}}