{"id":5241,"date":"2025-01-15T17:11:17","date_gmt":"2025-01-15T09:11:17","guid":{"rendered":"http:\/\/induzon.com\/timp-de-livrare-estimat\/"},"modified":"2025-08-27T15:48:54","modified_gmt":"2025-08-27T07:48:54","slug":"timp-de-livrare-estimat","status":"publish","type":"page","link":"https:\/\/induzon.com\/ro\/timp-de-livrare-estimat\/","title":{"rendered":"Timp de livrare estimat"},"content":{"rendered":"\t\t<div data-elementor-type=\"wp-page\" data-elementor-id=\"5241\" class=\"elementor elementor-5241 elementor-3348\" data-elementor-post-type=\"page\">\n\t\t\t\t<div class=\"elementor-element elementor-element-66e7959 e-flex e-con-boxed e-con e-parent\" data-id=\"66e7959\" data-element_type=\"container\">\n\t\t\t\t\t<div class=\"e-con-inner\">\n\t\t<div class=\"elementor-element elementor-element-8470463 e-con-full e-flex e-con e-child\" data-id=\"8470463\" data-element_type=\"container\">\n\t\t\t\t<div class=\"elementor-element elementor-element-9a5322f elementor-widget elementor-widget-heading\" data-id=\"9a5322f\" data-element_type=\"widget\" data-widget_type=\"heading.default\">\n\t\t\t\t\t<h3 class=\"elementor-heading-title elementor-size-default\">Timp de livrare estimat<\/h3>\t\t\t\t<\/div>\n\t\t\t\t<div class=\"elementor-element elementor-element-0b24042 elementor-widget-divider--view-line elementor-widget elementor-widget-divider\" data-id=\"0b24042\" data-element_type=\"widget\" data-widget_type=\"divider.default\">\n\t\t\t\t\t\t\t<div class=\"elementor-divider\">\n\t\t\t<span class=\"elementor-divider-separator\">\n\t\t\t\t\t\t<\/span>\n\t\t<\/div>\n\t\t\t\t\t\t<\/div>\n\t\t\t\t<div class=\"elementor-element elementor-element-f2ab69f elementor-widget elementor-widget-heading\" data-id=\"f2ab69f\" data-element_type=\"widget\" data-widget_type=\"heading.default\">\n\t\t\t\t\t<h5 class=\"elementor-heading-title elementor-size-default\">Cum expediaz\u0103 YISHENG comanda dvs. \u0219i c\u00e2t timp dureaz\u0103 expedierea?<\/h5>\t\t\t\t<\/div>\n\t\t\t\t<div class=\"elementor-element elementor-element-db13238 elementor-widget elementor-widget-text-editor\" data-id=\"db13238\" data-element_type=\"widget\" data-widget_type=\"text-editor.default\">\n\t\t\t\t\t\t\t\t\t<p>Metode logistice convenabile sunt disponibile pentru diferite \u021b\u0103ri sau regiuni. Pachetele din depozitul local pot fi livrate \u00een cel mult <strong>3<\/strong><strong> zile<\/strong>, iar din depozitul din China pot fi livrate \u00een cel mult <strong>8 zile<\/strong>. Termenul specific de livrare este afi\u0219at pe pagina de detalii a produsului atunci c\u00e2nd plasa\u021bi comanda \u0219i variaz\u0103 \u00een func\u021bie de diferite \u021b\u0103ri \u0219i diferite metode de logistic\u0103.  <\/p><p><span data-spm-data=\"{\"bid\":\"56277\",\"pid\":\"\"}\">Dac\u0103 nu a\u021bi primit articolul mult timp dup\u0103 termenul de livrare, v\u0103 rug\u0103m s\u0103 ne contacta\u021bi. YISHENG va verifica cazul dvs. \u0219i va negocia solu\u021bii de compensare cu dvs., cum ar fi rambursarea \/ retrimiterea \u0219i etc. <\/span><\/p>\t\t\t\t\t\t\t\t<\/div>\n\t\t\t\t<div class=\"elementor-element elementor-element-0df2f69 elementor-widget elementor-widget-text-editor\" data-id=\"0df2f69\" data-element_type=\"widget\" data-widget_type=\"text-editor.default\">\n\t\t\t\t\t\t\t\t\t<p><strong>Not\u0103:<\/strong><br>\u00cen majoritatea cazurilor, coletul va fi livrat \u00een termenul estimat de sosire. Cu toate acestea, data efectiv\u0103 de livrare poate fi afectat\u0103 de programul zborurilor, condi\u021biile meteorologice \u0219i al\u021bi factori externi. Termenul de livrare va fi mai lung dec\u00e2t de obicei pentru comenzile care includ articole precomandate \u0219i\/sau personalizate. V\u0103 rug\u0103m s\u0103 consulta\u021bi informa\u021biile de urm\u0103rire pentru a afla data de livrare cea mai exact\u0103.<br><br><span data-spm-data=\"{\"bid\":\"56277\",\"pid\":\"\"}\">Dac\u0103 ave\u021bi nevoie de informa\u021bii suplimentare sau de asisten\u021b\u0103, v\u0103 rug\u0103m s\u0103 nu ezita\u021bi s\u0103 ne contacta\u021bi.<\/span><\/p>\t\t\t\t\t\t\t\t<\/div>\n\t\t\t\t<\/div>\n\t\t\t\t\t<\/div>\n\t\t\t\t<\/div>\n\t\t\t\t<\/div>\n\t\t","protected":false},"excerpt":{"rendered":"<p>Timp de livrare estimat Cum expediaz\u0103 YISHENG comanda dvs. \u0219i c\u00e2t timp dureaz\u0103 expedierea? Metode logistice convenabile sunt disponibile pentru [&hellip;]<\/p>\n","protected":false},"author":1,"featured_media":0,"parent":0,"menu_order":0,"comment_status":"closed","ping_status":"closed","template":"","meta":{"site-sidebar-layout":"no-sidebar","site-content-layout":"","ast-site-content-layout":"full-width-container","site-content-style":"default","site-sidebar-style":"default","ast-global-header-display":"","ast-banner-title-visibility":"","ast-main-header-display":"","ast-hfb-above-header-display":"","ast-hfb-below-header-display":"","ast-hfb-mobile-header-display":"","site-post-title":"disabled","ast-breadcrumbs-content":"","ast-featured-img":"disabled","footer-sml-layout":"","theme-transparent-header-meta":"","adv-header-id-meta":"","stick-header-meta":"","header-above-stick-meta":"","header-main-stick-meta":"","header-below-stick-meta":"","astra-migrate-meta-layouts":"default","ast-page-background-enabled":"default","ast-page-background-meta":{"desktop":{"background-color":"var(--ast-global-color-4)","background-image":"","background-repeat":"repeat","background-position":"center center","background-size":"auto","background-attachment":"scroll","background-type":"","background-media":"","overlay-type":"","overlay-color":"","overlay-opacity":"","overlay-gradient":""},"tablet":{"background-color":"","background-image":"","background-repeat":"repeat","background-position":"center center","background-size":"auto","background-attachment":"scroll","background-type":"","background-media":"","overlay-type":"","overlay-color":"","overlay-opacity":"","overlay-gradient":""},"mobile":{"background-color":"","background-image":"","background-repeat":"repeat","background-position":"center center","background-size":"auto","background-attachment":"scroll","background-type":"","background-media":"","overlay-type":"","overlay-color":"","overlay-opacity":"","overlay-gradient":""}},"ast-content-background-meta":{"desktop":{"background-color":"var(--ast-global-color-5)","background-image":"","background-repeat":"repeat","background-position":"center center","background-size":"auto","background-attachment":"scroll","background-type":"","background-media":"","overlay-type":"","overlay-color":"","overlay-opacity":"","overlay-gradient":""},"tablet":{"background-color":"var(--ast-global-color-5)","background-image":"","background-repeat":"repeat","background-position":"center center","background-size":"auto","background-attachment":"scroll","background-type":"","background-media":"","overlay-type":"","overlay-color":"","overlay-opacity":"","overlay-gradient":""},"mobile":{"background-color":"var(--ast-global-color-5)","background-image":"","background-repeat":"repeat","background-position":"center center","background-size":"auto","background-attachment":"scroll","background-type":"","background-media":"","overlay-type":"","overlay-color":"","overlay-opacity":"","overlay-gradient":""}},"footnotes":""},"class_list":["post-5241","page","type-page","status-publish","hentry"],"yoast_head":"<!-- This site is optimized with the Yoast SEO plugin v24.9 - https:\/\/yoast.com\/wordpress\/plugins\/seo\/ -->\r\n<title>Timpul estimat de livrare | Informa\u021bii despre livrare pentru comenzile Induzon<\/title>\r\n<meta name=\"description\" content=\"Afl\u0103 c\u00e2t dureaz\u0103 livrarea comenzii tale Induzon. Ob\u021bine\u021bi estim\u0103ri privind termenele de livrare \u00een SUA, Marea Britanie, UE \u0219i alte destina\u021bii globale.\" \/>\r\n<meta name=\"robots\" content=\"index, follow, max-snippet:-1, max-image-preview:large, max-video-preview:-1\" \/>\r\n<link rel=\"canonical\" href=\"https:\/\/induzon.com\/ro\/timp-de-livrare-estimat\/\" \/>\r\n<meta property=\"og:locale\" content=\"ro_RO\" \/>\r\n<meta property=\"og:type\" content=\"article\" \/>\r\n<meta property=\"og:title\" content=\"Timpul estimat de livrare | Informa\u021bii despre livrare pentru comenzile Induzon\" \/>\r\n<meta property=\"og:description\" content=\"Afl\u0103 c\u00e2t dureaz\u0103 livrarea comenzii tale Induzon. Ob\u021bine\u021bi estim\u0103ri privind termenele de livrare \u00een SUA, Marea Britanie, UE \u0219i alte destina\u021bii globale.\" \/>\r\n<meta property=\"og:url\" content=\"https:\/\/induzon.com\/ro\/timp-de-livrare-estimat\/\" \/>\r\n<meta property=\"og:site_name\" content=\"induzon\" \/>\r\n<meta property=\"article:modified_time\" content=\"2025-08-27T07:48:54+00:00\" \/>\r\n<meta name=\"twitter:card\" content=\"summary_large_image\" \/>\r\n<meta name=\"twitter:label1\" content=\"Timp estimat pentru citire\" \/>\n\t<meta name=\"twitter:data1\" content=\"1 minute\" \/>\r\n<script type=\"application\/ld+json\" class=\"yoast-schema-graph\">{\"@context\":\"https:\/\/schema.org\",\"@graph\":[{\"@type\":\"WebPage\",\"@id\":\"https:\/\/induzon.com\/ro\/timp-de-livrare-estimat\/\",\"url\":\"https:\/\/induzon.com\/ro\/timp-de-livrare-estimat\/\",\"name\":\"Timpul estimat de livrare | Informa\u021bii despre livrare pentru comenzile Induzon\",\"isPartOf\":{\"@id\":\"https:\/\/induzon.com\/ro\/#website\"},\"datePublished\":\"2025-01-15T09:11:17+00:00\",\"dateModified\":\"2025-08-27T07:48:54+00:00\",\"description\":\"Afl\u0103 c\u00e2t dureaz\u0103 livrarea comenzii tale Induzon. Ob\u021bine\u021bi estim\u0103ri privind termenele de livrare \u00een SUA, Marea Britanie, UE \u0219i alte destina\u021bii globale.\",\"breadcrumb\":{\"@id\":\"https:\/\/induzon.com\/ro\/timp-de-livrare-estimat\/#breadcrumb\"},\"inLanguage\":\"ro-RO\",\"potentialAction\":[{\"@type\":\"ReadAction\",\"target\":[\"https:\/\/induzon.com\/ro\/timp-de-livrare-estimat\/\"]}]},{\"@type\":\"BreadcrumbList\",\"@id\":\"https:\/\/induzon.com\/ro\/timp-de-livrare-estimat\/#breadcrumb\",\"itemListElement\":[{\"@type\":\"ListItem\",\"position\":1,\"name\":\"\u9996\u9875\",\"item\":\"https:\/\/induzon.com\/ro\/acasa\/\"},{\"@type\":\"ListItem\",\"position\":2,\"name\":\"Timp de livrare estimat\"}]},{\"@type\":\"WebSite\",\"@id\":\"https:\/\/induzon.com\/ro\/#website\",\"url\":\"https:\/\/induzon.com\/ro\/\",\"name\":\"induzon\",\"description\":\"\",\"publisher\":{\"@id\":\"https:\/\/induzon.com\/ro\/#organization\"},\"potentialAction\":[{\"@type\":\"SearchAction\",\"target\":{\"@type\":\"EntryPoint\",\"urlTemplate\":\"https:\/\/induzon.com\/ro\/?s={search_term_string}\"},\"query-input\":{\"@type\":\"PropertyValueSpecification\",\"valueRequired\":true,\"valueName\":\"search_term_string\"}}],\"inLanguage\":\"ro-RO\"},{\"@type\":\"Organization\",\"@id\":\"https:\/\/induzon.com\/ro\/#organization\",\"name\":\"induzon\",\"url\":\"https:\/\/induzon.com\/ro\/\",\"logo\":{\"@type\":\"ImageObject\",\"inLanguage\":\"ro-RO\",\"@id\":\"https:\/\/induzon.com\/ro\/#\/schema\/logo\/image\/\",\"url\":\"https:\/\/induzon.com\/wp-content\/uploads\/2025\/05\/cropped-026.png\",\"contentUrl\":\"https:\/\/induzon.com\/wp-content\/uploads\/2025\/05\/cropped-026.png\",\"width\":512,\"height\":512,\"caption\":\"induzon\"},\"image\":{\"@id\":\"https:\/\/induzon.com\/ro\/#\/schema\/logo\/image\/\"}}]}<\/script>\r\n<!-- \/ Yoast SEO plugin. -->","yoast_head_json":{"title":"Timpul estimat de livrare | Informa\u021bii despre livrare pentru comenzile Induzon","description":"Afl\u0103 c\u00e2t dureaz\u0103 livrarea comenzii tale Induzon. Ob\u021bine\u021bi estim\u0103ri privind termenele de livrare \u00een SUA, Marea Britanie, UE \u0219i alte destina\u021bii globale.","robots":{"index":"index","follow":"follow","max-snippet":"max-snippet:-1","max-image-preview":"max-image-preview:large","max-video-preview":"max-video-preview:-1"},"canonical":"https:\/\/induzon.com\/ro\/timp-de-livrare-estimat\/","og_locale":"ro_RO","og_type":"article","og_title":"Timpul estimat de livrare | Informa\u021bii despre livrare pentru comenzile Induzon","og_description":"Afl\u0103 c\u00e2t dureaz\u0103 livrarea comenzii tale Induzon. Ob\u021bine\u021bi estim\u0103ri privind termenele de livrare \u00een SUA, Marea Britanie, UE \u0219i alte destina\u021bii globale.","og_url":"https:\/\/induzon.com\/ro\/timp-de-livrare-estimat\/","og_site_name":"induzon","article_modified_time":"2025-08-27T07:48:54+00:00","twitter_card":"summary_large_image","twitter_misc":{"Timp estimat pentru citire":"1 minute"},"schema":{"@context":"https:\/\/schema.org","@graph":[{"@type":"WebPage","@id":"https:\/\/induzon.com\/ro\/timp-de-livrare-estimat\/","url":"https:\/\/induzon.com\/ro\/timp-de-livrare-estimat\/","name":"Timpul estimat de livrare | Informa\u021bii despre livrare pentru comenzile Induzon","isPartOf":{"@id":"https:\/\/induzon.com\/ro\/#website"},"datePublished":"2025-01-15T09:11:17+00:00","dateModified":"2025-08-27T07:48:54+00:00","description":"Afl\u0103 c\u00e2t dureaz\u0103 livrarea comenzii tale Induzon. Ob\u021bine\u021bi estim\u0103ri privind termenele de livrare \u00een SUA, Marea Britanie, UE \u0219i alte destina\u021bii globale.","breadcrumb":{"@id":"https:\/\/induzon.com\/ro\/timp-de-livrare-estimat\/#breadcrumb"},"inLanguage":"ro-RO","potentialAction":[{"@type":"ReadAction","target":["https:\/\/induzon.com\/ro\/timp-de-livrare-estimat\/"]}]},{"@type":"BreadcrumbList","@id":"https:\/\/induzon.com\/ro\/timp-de-livrare-estimat\/#breadcrumb","itemListElement":[{"@type":"ListItem","position":1,"name":"\u9996\u9875","item":"https:\/\/induzon.com\/ro\/acasa\/"},{"@type":"ListItem","position":2,"name":"Timp de livrare estimat"}]},{"@type":"WebSite","@id":"https:\/\/induzon.com\/ro\/#website","url":"https:\/\/induzon.com\/ro\/","name":"induzon","description":"","publisher":{"@id":"https:\/\/induzon.com\/ro\/#organization"},"potentialAction":[{"@type":"SearchAction","target":{"@type":"EntryPoint","urlTemplate":"https:\/\/induzon.com\/ro\/?s={search_term_string}"},"query-input":{"@type":"PropertyValueSpecification","valueRequired":true,"valueName":"search_term_string"}}],"inLanguage":"ro-RO"},{"@type":"Organization","@id":"https:\/\/induzon.com\/ro\/#organization","name":"induzon","url":"https:\/\/induzon.com\/ro\/","logo":{"@type":"ImageObject","inLanguage":"ro-RO","@id":"https:\/\/induzon.com\/ro\/#\/schema\/logo\/image\/","url":"https:\/\/induzon.com\/wp-content\/uploads\/2025\/05\/cropped-026.png","contentUrl":"https:\/\/induzon.com\/wp-content\/uploads\/2025\/05\/cropped-026.png","width":512,"height":512,"caption":"induzon"},"image":{"@id":"https:\/\/induzon.com\/ro\/#\/schema\/logo\/image\/"}}]}},"_links":{"self":[{"href":"https:\/\/induzon.com\/ro\/wp-json\/wp\/v2\/pages\/5241","targetHints":{"allow":["GET"]}}],"collection":[{"href":"https:\/\/induzon.com\/ro\/wp-json\/wp\/v2\/pages"}],"about":[{"href":"https:\/\/induzon.com\/ro\/wp-json\/wp\/v2\/types\/page"}],"author":[{"embeddable":true,"href":"https:\/\/induzon.com\/ro\/wp-json\/wp\/v2\/users\/1"}],"replies":[{"embeddable":true,"href":"https:\/\/induzon.com\/ro\/wp-json\/wp\/v2\/comments?post=5241"}],"version-history":[{"count":2,"href":"https:\/\/induzon.com\/ro\/wp-json\/wp\/v2\/pages\/5241\/revisions"}],"predecessor-version":[{"id":23637,"href":"https:\/\/induzon.com\/ro\/wp-json\/wp\/v2\/pages\/5241\/revisions\/23637"}],"wp:attachment":[{"href":"https:\/\/induzon.com\/ro\/wp-json\/wp\/v2\/media?parent=5241"}],"curies":[{"name":"wp","href":"https:\/\/api.w.org\/{rel}","templated":true}]}}