{"id":10246,"date":"2025-06-16T09:19:18","date_gmt":"2025-06-16T01:19:18","guid":{"rendered":"https:\/\/induzon.com\/shop\/incalzitor-terasa-pe-gaz-tip-umbrela-pentru-exterior-gradina-terasa-incalzitor-pe-gaz-butelie-incalzitor-terasa-gaz-cu-butelie-incalzitor-terasa-exterioara-gaz-propan-portabil-electric-diesel-cu\/"},"modified":"2026-01-09T16:38:02","modified_gmt":"2026-01-09T08:38:02","slug":"incalzitor-terasa-pe-gaz-tip-umbrela-pentru-exterior-gradina-terasa-incalzitor-pe-gaz-butelie-incalzitor-terasa-gaz-cu-butelie-incalzitor-terasa-exterioara-gaz-propan-portabil-electric-diesel-cu","status":"publish","type":"product","link":"https:\/\/induzon.com\/ro\/produs\/incalzitor-terasa-pe-gaz-tip-umbrela-pentru-exterior-gradina-terasa-incalzitor-pe-gaz-butelie-incalzitor-terasa-gaz-cu-butelie-incalzitor-terasa-exterioara-gaz-propan-portabil-electric-diesel-cu\/","title":{"rendered":"incalzitor terasa pe gaz tip umbrela pentru exterior gradina terasa incalzitor pe gaz butelie incalzitor terasa gaz cu butelie incalzitor terasa exterioara gaz prop\u00c3\u00a1n portabil electric diesel cu butelie"},"content":{"rendered":"<p>1.\u00cenc\u0103lzitor de gaz \u00een form\u0103 de umbrel\u0103 pentru teras\u0103, ideal pentru exterior, gr\u0103din\u0103 \u0219i curte<br \/>\n2.Func\u021bionare eficient\u0103 cu gaz propan, oferind c\u0103ldur\u0103 rapid\u0103 \u0219i uniform\u0103 \u00een spa\u021bii mari<br \/>\n3.Design elegant \u0219i compact, u\u0219or de mutat \u0219i de stocat \u00een orice loca\u021bie dorit\u0103<br \/>\n4.Construc\u021bie durabil\u0103 \u0219i rezistent\u0103 la intemperii, perfect\u0103 pentru utilizare pe tot parcursul anului<br \/>\n5.Siguran\u021b\u0103 sporit\u0103 cu sistem anti-\u00eenc\u0103lzire \u0219i oprire automat\u0103 \u00een caz de r\u0103sturnare<\/p>\n","protected":false},"excerpt":{"rendered":"<p>incalzitor terasa pe gaz tip umbrela pentru exterior gradina terasa incalzitor pe gaz butelie incalzitor terasa gaz cu butelie incalzitor terasa exterioara gaz prop\u00c3\u00a1n portabil electric diesel cu butelie<\/p>\n","protected":false},"featured_media":9668,"comment_status":"open","ping_status":"closed","template":"","meta":{"site-sidebar-layout":"default","site-content-layout":"","ast-site-content-layout":"default","site-content-style":"default","site-sidebar-style":"default","ast-global-header-display":"","ast-banner-title-visibility":"","ast-main-header-display":"","ast-hfb-above-header-display":"","ast-hfb-below-header-display":"","ast-hfb-mobile-header-display":"","site-post-title":"","ast-breadcrumbs-content":"","ast-featured-img":"","footer-sml-layout":"","theme-transparent-header-meta":"default","adv-header-id-meta":"","stick-header-meta":"","header-above-stick-meta":"","header-main-stick-meta":"","header-below-stick-meta":"","astra-migrate-meta-layouts":"set","ast-page-background-enabled":"default","ast-page-background-meta":{"desktop":{"background-color":"var(--ast-global-color-4)","background-image":"","background-repeat":"repeat","background-position":"center center","background-size":"auto","background-attachment":"scroll","background-type":"","background-media":"","overlay-type":"","overlay-color":"","overlay-opacity":"","overlay-gradient":""},"tablet":{"background-color":"","background-image":"","background-repeat":"repeat","background-position":"center center","background-size":"auto","background-attachment":"scroll","background-type":"","background-media":"","overlay-type":"","overlay-color":"","overlay-opacity":"","overlay-gradient":""},"mobile":{"background-color":"","background-image":"","background-repeat":"repeat","background-position":"center center","background-size":"auto","background-attachment":"scroll","background-type":"","background-media":"","overlay-type":"","overlay-color":"","overlay-opacity":"","overlay-gradient":""}},"ast-content-background-meta":{"desktop":{"background-color":"var(--ast-global-color-5)","background-image":"","background-repeat":"repeat","background-position":"center center","background-size":"auto","background-attachment":"scroll","background-type":"","background-media":"","overlay-type":"","overlay-color":"","overlay-opacity":"","overlay-gradient":""},"tablet":{"background-color":"var(--ast-global-color-5)","background-image":"","background-repeat":"repeat","background-position":"center center","background-size":"auto","background-attachment":"scroll","background-type":"","background-media":"","overlay-type":"","overlay-color":"","overlay-opacity":"","overlay-gradient":""},"mobile":{"background-color":"var(--ast-global-color-5)","background-image":"","background-repeat":"repeat","background-position":"center center","background-size":"auto","background-attachment":"scroll","background-type":"","background-media":"","overlay-type":"","overlay-color":"","overlay-opacity":"","overlay-gradient":""}}},"product_brand":[],"product_cat":[1151,1152],"product_tag":[1153],"class_list":{"0":"post-10246","1":"product","2":"type-product","3":"status-publish","4":"has-post-thumbnail","6":"product_cat-in-aer-liber-si-gradina","7":"product_cat-incalzire-in-aer-liber","8":"product_tag-incalzire-in-aer-liber","9":"desktop-align-left","10":"tablet-align-left","11":"mobile-align-left","13":"first","14":"instock","15":"sale","16":"shipping-taxable","17":"purchasable","18":"product-type-variable"},"yoast_head":"<!-- This site is optimized with the Yoast SEO plugin v24.9 - https:\/\/yoast.com\/wordpress\/plugins\/seo\/ -->\r\n<title>Perdele de aer comerciale \u015fi industriale -Induzon<\/title>\r\n<meta name=\"description\" content=\"Perdele de aer comerciale \u0219i industriale cu \u00eenc\u0103lzire\/r\u0103cire. Protec\u021bie \u00eempotriva insectelor \u0219i men\u021binerea climatului pentru u\u0219i de magazin.\" \/>\r\n<meta name=\"robots\" content=\"index, follow, max-snippet:-1, max-image-preview:large, max-video-preview:-1\" \/>\r\n<link rel=\"canonical\" href=\"https:\/\/induzon.com\/ro\/produs\/incalzitor-terasa-pe-gaz-tip-umbrela-pentru-exterior-gradina-terasa-incalzitor-pe-gaz-butelie-incalzitor-terasa-gaz-cu-butelie-incalzitor-terasa-exterioara-gaz-propan-portabil-electric-diesel-cu\/\" \/>\r\n<meta property=\"og:locale\" content=\"ro_RO\" \/>\r\n<meta property=\"og:type\" content=\"article\" \/>\r\n<meta property=\"og:title\" content=\"Perdele de aer comerciale \u015fi industriale -Induzon\" \/>\r\n<meta property=\"og:description\" content=\"Perdele de aer comerciale \u0219i industriale cu \u00eenc\u0103lzire\/r\u0103cire. Protec\u021bie \u00eempotriva insectelor \u0219i men\u021binerea climatului pentru u\u0219i de magazin.\" \/>\r\n<meta property=\"og:url\" content=\"https:\/\/induzon.com\/ro\/produs\/incalzitor-terasa-pe-gaz-tip-umbrela-pentru-exterior-gradina-terasa-incalzitor-pe-gaz-butelie-incalzitor-terasa-gaz-cu-butelie-incalzitor-terasa-exterioara-gaz-propan-portabil-electric-diesel-cu\/\" \/>\r\n<meta property=\"og:site_name\" content=\"induzon\" \/>\r\n<meta property=\"article:modified_time\" content=\"2026-01-09T08:38:02+00:00\" \/>\r\n<meta property=\"og:image\" content=\"https:\/\/induzon.com\/wp-content\/uploads\/2025\/06\/\u56fe-1-A\u6b3e.jpg\" \/>\r\n\t<meta property=\"og:image:width\" content=\"1500\" \/>\r\n\t<meta property=\"og:image:height\" content=\"1500\" \/>\r\n\t<meta property=\"og:image:type\" content=\"image\/jpeg\" \/>\r\n<meta name=\"twitter:card\" content=\"summary_large_image\" \/>\r\n<meta name=\"twitter:label1\" content=\"Timp estimat pentru citire\" \/>\n\t<meta name=\"twitter:data1\" content=\"1 minute\" \/>\r\n<script type=\"application\/ld+json\" class=\"yoast-schema-graph\">{\"@context\":\"https:\/\/schema.org\",\"@graph\":[{\"@type\":\"WebPage\",\"@id\":\"https:\/\/induzon.com\/ro\/produs\/incalzitor-terasa-pe-gaz-tip-umbrela-pentru-exterior-gradina-terasa-incalzitor-pe-gaz-butelie-incalzitor-terasa-gaz-cu-butelie-incalzitor-terasa-exterioara-gaz-propan-portabil-electric-diesel-cu\/\",\"url\":\"https:\/\/induzon.com\/ro\/produs\/incalzitor-terasa-pe-gaz-tip-umbrela-pentru-exterior-gradina-terasa-incalzitor-pe-gaz-butelie-incalzitor-terasa-gaz-cu-butelie-incalzitor-terasa-exterioara-gaz-propan-portabil-electric-diesel-cu\/\",\"name\":\"Perdele de aer comerciale \u015fi industriale -Induzon\",\"isPartOf\":{\"@id\":\"https:\/\/induzon.com\/ro\/#website\"},\"primaryImageOfPage\":{\"@id\":\"https:\/\/induzon.com\/ro\/produs\/incalzitor-terasa-pe-gaz-tip-umbrela-pentru-exterior-gradina-terasa-incalzitor-pe-gaz-butelie-incalzitor-terasa-gaz-cu-butelie-incalzitor-terasa-exterioara-gaz-propan-portabil-electric-diesel-cu\/#primaryimage\"},\"image\":{\"@id\":\"https:\/\/induzon.com\/ro\/produs\/incalzitor-terasa-pe-gaz-tip-umbrela-pentru-exterior-gradina-terasa-incalzitor-pe-gaz-butelie-incalzitor-terasa-gaz-cu-butelie-incalzitor-terasa-exterioara-gaz-propan-portabil-electric-diesel-cu\/#primaryimage\"},\"thumbnailUrl\":\"https:\/\/induzon.com\/wp-content\/uploads\/2025\/06\/\u56fe-1-A\u6b3e.jpg\",\"datePublished\":\"2025-06-16T01:19:18+00:00\",\"dateModified\":\"2026-01-09T08:38:02+00:00\",\"description\":\"Perdele de aer comerciale \u0219i industriale cu \u00eenc\u0103lzire\/r\u0103cire. Protec\u021bie \u00eempotriva insectelor \u0219i men\u021binerea climatului pentru u\u0219i de magazin.\",\"breadcrumb\":{\"@id\":\"https:\/\/induzon.com\/ro\/produs\/incalzitor-terasa-pe-gaz-tip-umbrela-pentru-exterior-gradina-terasa-incalzitor-pe-gaz-butelie-incalzitor-terasa-gaz-cu-butelie-incalzitor-terasa-exterioara-gaz-propan-portabil-electric-diesel-cu\/#breadcrumb\"},\"inLanguage\":\"ro-RO\",\"potentialAction\":[{\"@type\":\"ReadAction\",\"target\":[\"https:\/\/induzon.com\/ro\/produs\/incalzitor-terasa-pe-gaz-tip-umbrela-pentru-exterior-gradina-terasa-incalzitor-pe-gaz-butelie-incalzitor-terasa-gaz-cu-butelie-incalzitor-terasa-exterioara-gaz-propan-portabil-electric-diesel-cu\/\"]}]},{\"@type\":\"ImageObject\",\"inLanguage\":\"ro-RO\",\"@id\":\"https:\/\/induzon.com\/ro\/produs\/incalzitor-terasa-pe-gaz-tip-umbrela-pentru-exterior-gradina-terasa-incalzitor-pe-gaz-butelie-incalzitor-terasa-gaz-cu-butelie-incalzitor-terasa-exterioara-gaz-propan-portabil-electric-diesel-cu\/#primaryimage\",\"url\":\"https:\/\/induzon.com\/wp-content\/uploads\/2025\/06\/\u56fe-1-A\u6b3e.jpg\",\"contentUrl\":\"https:\/\/induzon.com\/wp-content\/uploads\/2025\/06\/\u56fe-1-A\u6b3e.jpg\",\"width\":1500,\"height\":1500,\"caption\":\"\u00cenc\u0103lzitor teras\u0103 gaz tip umbrel\u0103 pentru exterior\"},{\"@type\":\"BreadcrumbList\",\"@id\":\"https:\/\/induzon.com\/ro\/produs\/incalzitor-terasa-pe-gaz-tip-umbrela-pentru-exterior-gradina-terasa-incalzitor-pe-gaz-butelie-incalzitor-terasa-gaz-cu-butelie-incalzitor-terasa-exterioara-gaz-propan-portabil-electric-diesel-cu\/#breadcrumb\",\"itemListElement\":[{\"@type\":\"ListItem\",\"position\":1,\"name\":\"\u9996\u9875\",\"item\":\"https:\/\/induzon.com\/ro\/acasa\/\"},{\"@type\":\"ListItem\",\"position\":2,\"name\":\"Magazin\",\"item\":\"https:\/\/induzon.com\/ro\/magazin\/\"},{\"@type\":\"ListItem\",\"position\":3,\"name\":\"incalzitor terasa pe gaz tip umbrela pentru exterior gradina terasa incalzitor pe gaz butelie incalzitor terasa gaz cu butelie incalzitor terasa exterioara gaz prop\u00c3\u00a1n portabil electric diesel cu butelie\"}]},{\"@type\":\"WebSite\",\"@id\":\"https:\/\/induzon.com\/ro\/#website\",\"url\":\"https:\/\/induzon.com\/ro\/\",\"name\":\"induzon\",\"description\":\"\",\"publisher\":{\"@id\":\"https:\/\/induzon.com\/ro\/#organization\"},\"potentialAction\":[{\"@type\":\"SearchAction\",\"target\":{\"@type\":\"EntryPoint\",\"urlTemplate\":\"https:\/\/induzon.com\/ro\/?s={search_term_string}\"},\"query-input\":{\"@type\":\"PropertyValueSpecification\",\"valueRequired\":true,\"valueName\":\"search_term_string\"}}],\"inLanguage\":\"ro-RO\"},{\"@type\":\"Organization\",\"@id\":\"https:\/\/induzon.com\/ro\/#organization\",\"name\":\"induzon\",\"url\":\"https:\/\/induzon.com\/ro\/\",\"logo\":{\"@type\":\"ImageObject\",\"inLanguage\":\"ro-RO\",\"@id\":\"https:\/\/induzon.com\/ro\/#\/schema\/logo\/image\/\",\"url\":\"https:\/\/induzon.com\/wp-content\/uploads\/2025\/05\/cropped-026.png\",\"contentUrl\":\"https:\/\/induzon.com\/wp-content\/uploads\/2025\/05\/cropped-026.png\",\"width\":512,\"height\":512,\"caption\":\"induzon\"},\"image\":{\"@id\":\"https:\/\/induzon.com\/ro\/#\/schema\/logo\/image\/\"}}]}<\/script>\r\n<!-- \/ Yoast SEO plugin. -->","yoast_head_json":{"title":"Perdele de aer comerciale \u015fi industriale -Induzon","description":"Perdele de aer comerciale \u0219i industriale cu \u00eenc\u0103lzire\/r\u0103cire. Protec\u021bie \u00eempotriva insectelor \u0219i men\u021binerea climatului pentru u\u0219i de magazin.","robots":{"index":"index","follow":"follow","max-snippet":"max-snippet:-1","max-image-preview":"max-image-preview:large","max-video-preview":"max-video-preview:-1"},"canonical":"https:\/\/induzon.com\/ro\/produs\/incalzitor-terasa-pe-gaz-tip-umbrela-pentru-exterior-gradina-terasa-incalzitor-pe-gaz-butelie-incalzitor-terasa-gaz-cu-butelie-incalzitor-terasa-exterioara-gaz-propan-portabil-electric-diesel-cu\/","og_locale":"ro_RO","og_type":"article","og_title":"Perdele de aer comerciale \u015fi industriale -Induzon","og_description":"Perdele de aer comerciale \u0219i industriale cu \u00eenc\u0103lzire\/r\u0103cire. Protec\u021bie \u00eempotriva insectelor \u0219i men\u021binerea climatului pentru u\u0219i de magazin.","og_url":"https:\/\/induzon.com\/ro\/produs\/incalzitor-terasa-pe-gaz-tip-umbrela-pentru-exterior-gradina-terasa-incalzitor-pe-gaz-butelie-incalzitor-terasa-gaz-cu-butelie-incalzitor-terasa-exterioara-gaz-propan-portabil-electric-diesel-cu\/","og_site_name":"induzon","article_modified_time":"2026-01-09T08:38:02+00:00","og_image":[{"width":1500,"height":1500,"url":"https:\/\/induzon.com\/wp-content\/uploads\/2025\/06\/\u56fe-1-A\u6b3e.jpg","type":"image\/jpeg"}],"twitter_card":"summary_large_image","twitter_misc":{"Timp estimat pentru citire":"1 minute"},"schema":{"@context":"https:\/\/schema.org","@graph":[{"@type":"WebPage","@id":"https:\/\/induzon.com\/ro\/produs\/incalzitor-terasa-pe-gaz-tip-umbrela-pentru-exterior-gradina-terasa-incalzitor-pe-gaz-butelie-incalzitor-terasa-gaz-cu-butelie-incalzitor-terasa-exterioara-gaz-propan-portabil-electric-diesel-cu\/","url":"https:\/\/induzon.com\/ro\/produs\/incalzitor-terasa-pe-gaz-tip-umbrela-pentru-exterior-gradina-terasa-incalzitor-pe-gaz-butelie-incalzitor-terasa-gaz-cu-butelie-incalzitor-terasa-exterioara-gaz-propan-portabil-electric-diesel-cu\/","name":"Perdele de aer comerciale \u015fi industriale -Induzon","isPartOf":{"@id":"https:\/\/induzon.com\/ro\/#website"},"primaryImageOfPage":{"@id":"https:\/\/induzon.com\/ro\/produs\/incalzitor-terasa-pe-gaz-tip-umbrela-pentru-exterior-gradina-terasa-incalzitor-pe-gaz-butelie-incalzitor-terasa-gaz-cu-butelie-incalzitor-terasa-exterioara-gaz-propan-portabil-electric-diesel-cu\/#primaryimage"},"image":{"@id":"https:\/\/induzon.com\/ro\/produs\/incalzitor-terasa-pe-gaz-tip-umbrela-pentru-exterior-gradina-terasa-incalzitor-pe-gaz-butelie-incalzitor-terasa-gaz-cu-butelie-incalzitor-terasa-exterioara-gaz-propan-portabil-electric-diesel-cu\/#primaryimage"},"thumbnailUrl":"https:\/\/induzon.com\/wp-content\/uploads\/2025\/06\/\u56fe-1-A\u6b3e.jpg","datePublished":"2025-06-16T01:19:18+00:00","dateModified":"2026-01-09T08:38:02+00:00","description":"Perdele de aer comerciale \u0219i industriale cu \u00eenc\u0103lzire\/r\u0103cire. Protec\u021bie \u00eempotriva insectelor \u0219i men\u021binerea climatului pentru u\u0219i de magazin.","breadcrumb":{"@id":"https:\/\/induzon.com\/ro\/produs\/incalzitor-terasa-pe-gaz-tip-umbrela-pentru-exterior-gradina-terasa-incalzitor-pe-gaz-butelie-incalzitor-terasa-gaz-cu-butelie-incalzitor-terasa-exterioara-gaz-propan-portabil-electric-diesel-cu\/#breadcrumb"},"inLanguage":"ro-RO","potentialAction":[{"@type":"ReadAction","target":["https:\/\/induzon.com\/ro\/produs\/incalzitor-terasa-pe-gaz-tip-umbrela-pentru-exterior-gradina-terasa-incalzitor-pe-gaz-butelie-incalzitor-terasa-gaz-cu-butelie-incalzitor-terasa-exterioara-gaz-propan-portabil-electric-diesel-cu\/"]}]},{"@type":"ImageObject","inLanguage":"ro-RO","@id":"https:\/\/induzon.com\/ro\/produs\/incalzitor-terasa-pe-gaz-tip-umbrela-pentru-exterior-gradina-terasa-incalzitor-pe-gaz-butelie-incalzitor-terasa-gaz-cu-butelie-incalzitor-terasa-exterioara-gaz-propan-portabil-electric-diesel-cu\/#primaryimage","url":"https:\/\/induzon.com\/wp-content\/uploads\/2025\/06\/\u56fe-1-A\u6b3e.jpg","contentUrl":"https:\/\/induzon.com\/wp-content\/uploads\/2025\/06\/\u56fe-1-A\u6b3e.jpg","width":1500,"height":1500,"caption":"\u00cenc\u0103lzitor teras\u0103 gaz tip umbrel\u0103 pentru exterior"},{"@type":"BreadcrumbList","@id":"https:\/\/induzon.com\/ro\/produs\/incalzitor-terasa-pe-gaz-tip-umbrela-pentru-exterior-gradina-terasa-incalzitor-pe-gaz-butelie-incalzitor-terasa-gaz-cu-butelie-incalzitor-terasa-exterioara-gaz-propan-portabil-electric-diesel-cu\/#breadcrumb","itemListElement":[{"@type":"ListItem","position":1,"name":"\u9996\u9875","item":"https:\/\/induzon.com\/ro\/acasa\/"},{"@type":"ListItem","position":2,"name":"Magazin","item":"https:\/\/induzon.com\/ro\/magazin\/"},{"@type":"ListItem","position":3,"name":"incalzitor terasa pe gaz tip umbrela pentru exterior gradina terasa incalzitor pe gaz butelie incalzitor terasa gaz cu butelie incalzitor terasa exterioara gaz prop\u00c3\u00a1n portabil electric diesel cu butelie"}]},{"@type":"WebSite","@id":"https:\/\/induzon.com\/ro\/#website","url":"https:\/\/induzon.com\/ro\/","name":"induzon","description":"","publisher":{"@id":"https:\/\/induzon.com\/ro\/#organization"},"potentialAction":[{"@type":"SearchAction","target":{"@type":"EntryPoint","urlTemplate":"https:\/\/induzon.com\/ro\/?s={search_term_string}"},"query-input":{"@type":"PropertyValueSpecification","valueRequired":true,"valueName":"search_term_string"}}],"inLanguage":"ro-RO"},{"@type":"Organization","@id":"https:\/\/induzon.com\/ro\/#organization","name":"induzon","url":"https:\/\/induzon.com\/ro\/","logo":{"@type":"ImageObject","inLanguage":"ro-RO","@id":"https:\/\/induzon.com\/ro\/#\/schema\/logo\/image\/","url":"https:\/\/induzon.com\/wp-content\/uploads\/2025\/05\/cropped-026.png","contentUrl":"https:\/\/induzon.com\/wp-content\/uploads\/2025\/05\/cropped-026.png","width":512,"height":512,"caption":"induzon"},"image":{"@id":"https:\/\/induzon.com\/ro\/#\/schema\/logo\/image\/"}}]}},"_links":{"self":[{"href":"https:\/\/induzon.com\/ro\/wp-json\/wp\/v2\/product\/10246","targetHints":{"allow":["GET"]}}],"collection":[{"href":"https:\/\/induzon.com\/ro\/wp-json\/wp\/v2\/product"}],"about":[{"href":"https:\/\/induzon.com\/ro\/wp-json\/wp\/v2\/types\/product"}],"replies":[{"embeddable":true,"href":"https:\/\/induzon.com\/ro\/wp-json\/wp\/v2\/comments?post=10246"}],"version-history":[{"count":1,"href":"https:\/\/induzon.com\/ro\/wp-json\/wp\/v2\/product\/10246\/revisions"}],"predecessor-version":[{"id":28161,"href":"https:\/\/induzon.com\/ro\/wp-json\/wp\/v2\/product\/10246\/revisions\/28161"}],"wp:featuredmedia":[{"embeddable":true,"href":"https:\/\/induzon.com\/ro\/wp-json\/wp\/v2\/media\/9668"}],"wp:attachment":[{"href":"https:\/\/induzon.com\/ro\/wp-json\/wp\/v2\/media?parent=10246"}],"wp:term":[{"taxonomy":"product_brand","embeddable":true,"href":"https:\/\/induzon.com\/ro\/wp-json\/wp\/v2\/product_brand?post=10246"},{"taxonomy":"product_cat","embeddable":true,"href":"https:\/\/induzon.com\/ro\/wp-json\/wp\/v2\/product_cat?post=10246"},{"taxonomy":"product_tag","embeddable":true,"href":"https:\/\/induzon.com\/ro\/wp-json\/wp\/v2\/product_tag?post=10246"}],"curies":[{"name":"wp","href":"https:\/\/api.w.org\/{rel}","templated":true}]}}