{"id":10889,"date":"2025-06-19T15:58:26","date_gmt":"2025-06-19T07:58:26","guid":{"rendered":"https:\/\/induzon.com\/shop\/mini-masina-de-marcat-cu-laser-portabila-masina-de-marcare-cu-laser-pentru-metal-echipament-gravat-cu-laser-fibra\/"},"modified":"2026-01-08T10:16:19","modified_gmt":"2026-01-08T02:16:19","slug":"mini-masina-de-marcat-cu-laser-portabila-masina-de-marcare-cu-laser-pentru-metal-echipament-gravat-cu-laser-fibra","status":"publish","type":"product","link":"https:\/\/induzon.com\/ro\/produs\/mini-masina-de-marcat-cu-laser-portabila-masina-de-marcare-cu-laser-pentru-metal-echipament-gravat-cu-laser-fibra\/","title":{"rendered":"Mini masina de marcat cu laser portabila masina de marcare cu laser pentru metal echipament gravat cu laser fibra"},"content":{"rendered":"<p>1.Ma\u0219in\u0103 de marcat laser pentru metale, precis\u0103 \u0219i durabil\u0103, ideal\u0103 pentru gravare \u0219i marcaje permanente.<br \/>\n2.Design portabil \u0219i compact, perfect pentru utilizare at\u00e2t \u00een atelier, c\u00e2t \u0219i pe teren.<br \/>\n3.Func\u021bionare automat\u0103, u\u0219or de utilizat, cu set\u0103ri personalizabile pentru diverse tipuri de metale.<br \/>\n4.Tehnologie laser avansat\u0103, asigur\u0103 marcaje clare \u0219i precise, f\u0103r\u0103 deteriorarea suprafe\u021bei.<br \/>\n5.Versatil \u0219i eficient, potrivit at\u00e2t pentru mici proiecte DIY, c\u00e2t \u0219i pentru aplica\u021bii industriale.<\/p>\n","protected":false},"excerpt":{"rendered":"<p>Mini masina de marcat cu laser portabila masina de marcare cu laser pentru metal echipament gravat cu laser fibra<\/p>\n","protected":false},"featured_media":10799,"comment_status":"open","ping_status":"closed","template":"","meta":{"site-sidebar-layout":"default","site-content-layout":"","ast-site-content-layout":"default","site-content-style":"default","site-sidebar-style":"default","ast-global-header-display":"","ast-banner-title-visibility":"","ast-main-header-display":"","ast-hfb-above-header-display":"","ast-hfb-below-header-display":"","ast-hfb-mobile-header-display":"","site-post-title":"","ast-breadcrumbs-content":"","ast-featured-img":"","footer-sml-layout":"","theme-transparent-header-meta":"default","adv-header-id-meta":"","stick-header-meta":"","header-above-stick-meta":"","header-main-stick-meta":"","header-below-stick-meta":"","astra-migrate-meta-layouts":"default","ast-page-background-enabled":"default","ast-page-background-meta":{"desktop":{"background-color":"var(--ast-global-color-4)","background-image":"","background-repeat":"repeat","background-position":"center center","background-size":"auto","background-attachment":"scroll","background-type":"","background-media":"","overlay-type":"","overlay-color":"","overlay-opacity":"","overlay-gradient":""},"tablet":{"background-color":"","background-image":"","background-repeat":"repeat","background-position":"center center","background-size":"auto","background-attachment":"scroll","background-type":"","background-media":"","overlay-type":"","overlay-color":"","overlay-opacity":"","overlay-gradient":""},"mobile":{"background-color":"","background-image":"","background-repeat":"repeat","background-position":"center center","background-size":"auto","background-attachment":"scroll","background-type":"","background-media":"","overlay-type":"","overlay-color":"","overlay-opacity":"","overlay-gradient":""}},"ast-content-background-meta":{"desktop":{"background-color":"var(--ast-global-color-5)","background-image":"","background-repeat":"repeat","background-position":"center center","background-size":"auto","background-attachment":"scroll","background-type":"","background-media":"","overlay-type":"","overlay-color":"","overlay-opacity":"","overlay-gradient":""},"tablet":{"background-color":"var(--ast-global-color-5)","background-image":"","background-repeat":"repeat","background-position":"center center","background-size":"auto","background-attachment":"scroll","background-type":"","background-media":"","overlay-type":"","overlay-color":"","overlay-opacity":"","overlay-gradient":""},"mobile":{"background-color":"var(--ast-global-color-5)","background-image":"","background-repeat":"repeat","background-position":"center center","background-size":"auto","background-attachment":"scroll","background-type":"","background-media":"","overlay-type":"","overlay-color":"","overlay-opacity":"","overlay-gradient":""}}},"product_brand":[],"product_cat":[1090,1191],"product_tag":[1192],"class_list":{"0":"post-10889","1":"product","2":"type-product","3":"status-publish","4":"has-post-thumbnail","6":"product_cat-echipamente-industriale-si-comerciale","7":"product_cat-marker-laser","8":"product_tag-marker-laser","9":"desktop-align-left","10":"tablet-align-left","11":"mobile-align-left","13":"first","14":"instock","15":"sale","16":"shipping-taxable","17":"purchasable","18":"product-type-variable"},"yoast_head":"<!-- This site is optimized with the Yoast SEO plugin v24.9 - https:\/\/yoast.com\/wordpress\/plugins\/seo\/ -->\r\n<title>Gravur\u0103 laser desktop pentru metal Gravur\u0103 portabil\u0103 -Induzon<\/title>\r\n<meta name=\"description\" content=\"Masina de marcat \u0219i gravat cu laser portabil\u0103. Oferim echipament marcare cu laser fiber \u0219i masina de marcare cu laser pentru metal.\" \/>\r\n<meta name=\"robots\" content=\"index, follow, max-snippet:-1, max-image-preview:large, max-video-preview:-1\" \/>\r\n<link rel=\"canonical\" href=\"https:\/\/induzon.com\/ro\/produs\/mini-masina-de-marcat-cu-laser-portabila-masina-de-marcare-cu-laser-pentru-metal-echipament-gravat-cu-laser-fibra\/\" \/>\r\n<meta property=\"og:locale\" content=\"ro_RO\" \/>\r\n<meta property=\"og:type\" content=\"article\" \/>\r\n<meta property=\"og:title\" content=\"Gravur\u0103 laser desktop pentru metal Gravur\u0103 portabil\u0103 -Induzon\" \/>\r\n<meta property=\"og:description\" content=\"Masina de marcat \u0219i gravat cu laser portabil\u0103. Oferim echipament marcare cu laser fiber \u0219i masina de marcare cu laser pentru metal.\" \/>\r\n<meta property=\"og:url\" content=\"https:\/\/induzon.com\/ro\/produs\/mini-masina-de-marcat-cu-laser-portabila-masina-de-marcare-cu-laser-pentru-metal-echipament-gravat-cu-laser-fibra\/\" \/>\r\n<meta property=\"og:site_name\" content=\"induzon\" \/>\r\n<meta property=\"article:modified_time\" content=\"2026-01-08T02:16:19+00:00\" \/>\r\n<meta property=\"og:image\" content=\"https:\/\/induzon.com\/wp-content\/uploads\/2025\/06\/\u56fe-13-\u5c0f\u684c\u9762.jpg\" \/>\r\n\t<meta property=\"og:image:width\" content=\"1500\" \/>\r\n\t<meta property=\"og:image:height\" content=\"1500\" \/>\r\n\t<meta property=\"og:image:type\" content=\"image\/jpeg\" \/>\r\n<meta name=\"twitter:card\" content=\"summary_large_image\" \/>\r\n<script type=\"application\/ld+json\" class=\"yoast-schema-graph\">{\"@context\":\"https:\/\/schema.org\",\"@graph\":[{\"@type\":\"WebPage\",\"@id\":\"https:\/\/induzon.com\/ro\/produs\/mini-masina-de-marcat-cu-laser-portabila-masina-de-marcare-cu-laser-pentru-metal-echipament-gravat-cu-laser-fibra\/\",\"url\":\"https:\/\/induzon.com\/ro\/produs\/mini-masina-de-marcat-cu-laser-portabila-masina-de-marcare-cu-laser-pentru-metal-echipament-gravat-cu-laser-fibra\/\",\"name\":\"Gravur\u0103 laser desktop pentru metal Gravur\u0103 portabil\u0103 -Induzon\",\"isPartOf\":{\"@id\":\"https:\/\/induzon.com\/ro\/#website\"},\"primaryImageOfPage\":{\"@id\":\"https:\/\/induzon.com\/ro\/produs\/mini-masina-de-marcat-cu-laser-portabila-masina-de-marcare-cu-laser-pentru-metal-echipament-gravat-cu-laser-fibra\/#primaryimage\"},\"image\":{\"@id\":\"https:\/\/induzon.com\/ro\/produs\/mini-masina-de-marcat-cu-laser-portabila-masina-de-marcare-cu-laser-pentru-metal-echipament-gravat-cu-laser-fibra\/#primaryimage\"},\"thumbnailUrl\":\"https:\/\/induzon.com\/wp-content\/uploads\/2025\/06\/\u56fe-13-\u5c0f\u684c\u9762.jpg\",\"datePublished\":\"2025-06-19T07:58:26+00:00\",\"dateModified\":\"2026-01-08T02:16:19+00:00\",\"description\":\"Masina de marcat \u0219i gravat cu laser portabil\u0103. Oferim echipament marcare cu laser fiber \u0219i masina de marcare cu laser pentru metal.\",\"breadcrumb\":{\"@id\":\"https:\/\/induzon.com\/ro\/produs\/mini-masina-de-marcat-cu-laser-portabila-masina-de-marcare-cu-laser-pentru-metal-echipament-gravat-cu-laser-fibra\/#breadcrumb\"},\"inLanguage\":\"ro-RO\",\"potentialAction\":[{\"@type\":\"ReadAction\",\"target\":[\"https:\/\/induzon.com\/ro\/produs\/mini-masina-de-marcat-cu-laser-portabila-masina-de-marcare-cu-laser-pentru-metal-echipament-gravat-cu-laser-fibra\/\"]}]},{\"@type\":\"ImageObject\",\"inLanguage\":\"ro-RO\",\"@id\":\"https:\/\/induzon.com\/ro\/produs\/mini-masina-de-marcat-cu-laser-portabila-masina-de-marcare-cu-laser-pentru-metal-echipament-gravat-cu-laser-fibra\/#primaryimage\",\"url\":\"https:\/\/induzon.com\/wp-content\/uploads\/2025\/06\/\u56fe-13-\u5c0f\u684c\u9762.jpg\",\"contentUrl\":\"https:\/\/induzon.com\/wp-content\/uploads\/2025\/06\/\u56fe-13-\u5c0f\u684c\u9762.jpg\",\"width\":1500,\"height\":1500,\"caption\":\"Gravur\u0103 laser desktop pentru metal Gravur\u0103 portabil\u0103\"},{\"@type\":\"BreadcrumbList\",\"@id\":\"https:\/\/induzon.com\/ro\/produs\/mini-masina-de-marcat-cu-laser-portabila-masina-de-marcare-cu-laser-pentru-metal-echipament-gravat-cu-laser-fibra\/#breadcrumb\",\"itemListElement\":[{\"@type\":\"ListItem\",\"position\":1,\"name\":\"\u9996\u9875\",\"item\":\"https:\/\/induzon.com\/ro\/acasa\/\"},{\"@type\":\"ListItem\",\"position\":2,\"name\":\"Magazin\",\"item\":\"https:\/\/induzon.com\/ro\/magazin\/\"},{\"@type\":\"ListItem\",\"position\":3,\"name\":\"Mini masina de marcat cu laser portabila masina de marcare cu laser pentru metal echipament gravat cu laser fibra\"}]},{\"@type\":\"WebSite\",\"@id\":\"https:\/\/induzon.com\/ro\/#website\",\"url\":\"https:\/\/induzon.com\/ro\/\",\"name\":\"induzon\",\"description\":\"\",\"publisher\":{\"@id\":\"https:\/\/induzon.com\/ro\/#organization\"},\"potentialAction\":[{\"@type\":\"SearchAction\",\"target\":{\"@type\":\"EntryPoint\",\"urlTemplate\":\"https:\/\/induzon.com\/ro\/?s={search_term_string}\"},\"query-input\":{\"@type\":\"PropertyValueSpecification\",\"valueRequired\":true,\"valueName\":\"search_term_string\"}}],\"inLanguage\":\"ro-RO\"},{\"@type\":\"Organization\",\"@id\":\"https:\/\/induzon.com\/ro\/#organization\",\"name\":\"induzon\",\"url\":\"https:\/\/induzon.com\/ro\/\",\"logo\":{\"@type\":\"ImageObject\",\"inLanguage\":\"ro-RO\",\"@id\":\"https:\/\/induzon.com\/ro\/#\/schema\/logo\/image\/\",\"url\":\"https:\/\/induzon.com\/wp-content\/uploads\/2025\/05\/cropped-026.png\",\"contentUrl\":\"https:\/\/induzon.com\/wp-content\/uploads\/2025\/05\/cropped-026.png\",\"width\":512,\"height\":512,\"caption\":\"induzon\"},\"image\":{\"@id\":\"https:\/\/induzon.com\/ro\/#\/schema\/logo\/image\/\"}}]}<\/script>\r\n<!-- \/ Yoast SEO plugin. -->","yoast_head_json":{"title":"Gravur\u0103 laser desktop pentru metal Gravur\u0103 portabil\u0103 -Induzon","description":"Masina de marcat \u0219i gravat cu laser portabil\u0103. Oferim echipament marcare cu laser fiber \u0219i masina de marcare cu laser pentru metal.","robots":{"index":"index","follow":"follow","max-snippet":"max-snippet:-1","max-image-preview":"max-image-preview:large","max-video-preview":"max-video-preview:-1"},"canonical":"https:\/\/induzon.com\/ro\/produs\/mini-masina-de-marcat-cu-laser-portabila-masina-de-marcare-cu-laser-pentru-metal-echipament-gravat-cu-laser-fibra\/","og_locale":"ro_RO","og_type":"article","og_title":"Gravur\u0103 laser desktop pentru metal Gravur\u0103 portabil\u0103 -Induzon","og_description":"Masina de marcat \u0219i gravat cu laser portabil\u0103. Oferim echipament marcare cu laser fiber \u0219i masina de marcare cu laser pentru metal.","og_url":"https:\/\/induzon.com\/ro\/produs\/mini-masina-de-marcat-cu-laser-portabila-masina-de-marcare-cu-laser-pentru-metal-echipament-gravat-cu-laser-fibra\/","og_site_name":"induzon","article_modified_time":"2026-01-08T02:16:19+00:00","og_image":[{"width":1500,"height":1500,"url":"https:\/\/induzon.com\/wp-content\/uploads\/2025\/06\/\u56fe-13-\u5c0f\u684c\u9762.jpg","type":"image\/jpeg"}],"twitter_card":"summary_large_image","schema":{"@context":"https:\/\/schema.org","@graph":[{"@type":"WebPage","@id":"https:\/\/induzon.com\/ro\/produs\/mini-masina-de-marcat-cu-laser-portabila-masina-de-marcare-cu-laser-pentru-metal-echipament-gravat-cu-laser-fibra\/","url":"https:\/\/induzon.com\/ro\/produs\/mini-masina-de-marcat-cu-laser-portabila-masina-de-marcare-cu-laser-pentru-metal-echipament-gravat-cu-laser-fibra\/","name":"Gravur\u0103 laser desktop pentru metal Gravur\u0103 portabil\u0103 -Induzon","isPartOf":{"@id":"https:\/\/induzon.com\/ro\/#website"},"primaryImageOfPage":{"@id":"https:\/\/induzon.com\/ro\/produs\/mini-masina-de-marcat-cu-laser-portabila-masina-de-marcare-cu-laser-pentru-metal-echipament-gravat-cu-laser-fibra\/#primaryimage"},"image":{"@id":"https:\/\/induzon.com\/ro\/produs\/mini-masina-de-marcat-cu-laser-portabila-masina-de-marcare-cu-laser-pentru-metal-echipament-gravat-cu-laser-fibra\/#primaryimage"},"thumbnailUrl":"https:\/\/induzon.com\/wp-content\/uploads\/2025\/06\/\u56fe-13-\u5c0f\u684c\u9762.jpg","datePublished":"2025-06-19T07:58:26+00:00","dateModified":"2026-01-08T02:16:19+00:00","description":"Masina de marcat \u0219i gravat cu laser portabil\u0103. Oferim echipament marcare cu laser fiber \u0219i masina de marcare cu laser pentru metal.","breadcrumb":{"@id":"https:\/\/induzon.com\/ro\/produs\/mini-masina-de-marcat-cu-laser-portabila-masina-de-marcare-cu-laser-pentru-metal-echipament-gravat-cu-laser-fibra\/#breadcrumb"},"inLanguage":"ro-RO","potentialAction":[{"@type":"ReadAction","target":["https:\/\/induzon.com\/ro\/produs\/mini-masina-de-marcat-cu-laser-portabila-masina-de-marcare-cu-laser-pentru-metal-echipament-gravat-cu-laser-fibra\/"]}]},{"@type":"ImageObject","inLanguage":"ro-RO","@id":"https:\/\/induzon.com\/ro\/produs\/mini-masina-de-marcat-cu-laser-portabila-masina-de-marcare-cu-laser-pentru-metal-echipament-gravat-cu-laser-fibra\/#primaryimage","url":"https:\/\/induzon.com\/wp-content\/uploads\/2025\/06\/\u56fe-13-\u5c0f\u684c\u9762.jpg","contentUrl":"https:\/\/induzon.com\/wp-content\/uploads\/2025\/06\/\u56fe-13-\u5c0f\u684c\u9762.jpg","width":1500,"height":1500,"caption":"Gravur\u0103 laser desktop pentru metal Gravur\u0103 portabil\u0103"},{"@type":"BreadcrumbList","@id":"https:\/\/induzon.com\/ro\/produs\/mini-masina-de-marcat-cu-laser-portabila-masina-de-marcare-cu-laser-pentru-metal-echipament-gravat-cu-laser-fibra\/#breadcrumb","itemListElement":[{"@type":"ListItem","position":1,"name":"\u9996\u9875","item":"https:\/\/induzon.com\/ro\/acasa\/"},{"@type":"ListItem","position":2,"name":"Magazin","item":"https:\/\/induzon.com\/ro\/magazin\/"},{"@type":"ListItem","position":3,"name":"Mini masina de marcat cu laser portabila masina de marcare cu laser pentru metal echipament gravat cu laser fibra"}]},{"@type":"WebSite","@id":"https:\/\/induzon.com\/ro\/#website","url":"https:\/\/induzon.com\/ro\/","name":"induzon","description":"","publisher":{"@id":"https:\/\/induzon.com\/ro\/#organization"},"potentialAction":[{"@type":"SearchAction","target":{"@type":"EntryPoint","urlTemplate":"https:\/\/induzon.com\/ro\/?s={search_term_string}"},"query-input":{"@type":"PropertyValueSpecification","valueRequired":true,"valueName":"search_term_string"}}],"inLanguage":"ro-RO"},{"@type":"Organization","@id":"https:\/\/induzon.com\/ro\/#organization","name":"induzon","url":"https:\/\/induzon.com\/ro\/","logo":{"@type":"ImageObject","inLanguage":"ro-RO","@id":"https:\/\/induzon.com\/ro\/#\/schema\/logo\/image\/","url":"https:\/\/induzon.com\/wp-content\/uploads\/2025\/05\/cropped-026.png","contentUrl":"https:\/\/induzon.com\/wp-content\/uploads\/2025\/05\/cropped-026.png","width":512,"height":512,"caption":"induzon"},"image":{"@id":"https:\/\/induzon.com\/ro\/#\/schema\/logo\/image\/"}}]}},"_links":{"self":[{"href":"https:\/\/induzon.com\/ro\/wp-json\/wp\/v2\/product\/10889","targetHints":{"allow":["GET"]}}],"collection":[{"href":"https:\/\/induzon.com\/ro\/wp-json\/wp\/v2\/product"}],"about":[{"href":"https:\/\/induzon.com\/ro\/wp-json\/wp\/v2\/types\/product"}],"replies":[{"embeddable":true,"href":"https:\/\/induzon.com\/ro\/wp-json\/wp\/v2\/comments?post=10889"}],"version-history":[{"count":1,"href":"https:\/\/induzon.com\/ro\/wp-json\/wp\/v2\/product\/10889\/revisions"}],"predecessor-version":[{"id":30631,"href":"https:\/\/induzon.com\/ro\/wp-json\/wp\/v2\/product\/10889\/revisions\/30631"}],"wp:featuredmedia":[{"embeddable":true,"href":"https:\/\/induzon.com\/ro\/wp-json\/wp\/v2\/media\/10799"}],"wp:attachment":[{"href":"https:\/\/induzon.com\/ro\/wp-json\/wp\/v2\/media?parent=10889"}],"wp:term":[{"taxonomy":"product_brand","embeddable":true,"href":"https:\/\/induzon.com\/ro\/wp-json\/wp\/v2\/product_brand?post=10889"},{"taxonomy":"product_cat","embeddable":true,"href":"https:\/\/induzon.com\/ro\/wp-json\/wp\/v2\/product_cat?post=10889"},{"taxonomy":"product_tag","embeddable":true,"href":"https:\/\/induzon.com\/ro\/wp-json\/wp\/v2\/product_tag?post=10889"}],"curies":[{"name":"wp","href":"https:\/\/api.w.org\/{rel}","templated":true}]}}