{"id":11211,"date":"2025-06-20T13:26:00","date_gmt":"2025-06-20T05:26:00","guid":{"rendered":"https:\/\/induzon.com\/shop\/suport-pentru-farfurii-de-hartie-distributie-farfurii-carton-pentru-bucatarie-calatorie-camping-suport-plastic-sub-dulap-distributie-farfurii-de-hartie\/"},"modified":"2026-01-07T16:42:24","modified_gmt":"2026-01-07T08:42:24","slug":"suport-pentru-farfurii-de-hartie-distributie-farfurii-carton-pentru-bucatarie-calatorie-camping-suport-plastic-sub-dulap-distributie-farfurii-de-hartie","status":"publish","type":"product","link":"https:\/\/induzon.com\/ro\/produs\/suport-pentru-farfurii-de-hartie-distributie-farfurii-carton-pentru-bucatarie-calatorie-camping-suport-plastic-sub-dulap-distributie-farfurii-de-hartie\/","title":{"rendered":"suport pentru farfurii de h\u00e2rtie distributie farfurii carton pentru buc\u0103t\u0103rie c\u0103l\u0103torie camping suport plastic sub dulap distributie farfurii de h\u00e2rtie"},"content":{"rendered":"<p>1.Organizator practic pentru farfurii de h\u00e2rtie, perfect pentru c\u0103l\u0103torii, camping sau uz zilnic \u00een buc\u0103t\u0103rie.<br \/>\n2.Montare u\u0219oar\u0103 sub dulap sau blat, cu sistem autoadeziv pentru o fixare sigur\u0103 \u0219i f\u0103r\u0103 efort.<br \/>\n3.Realizat din plastic rezistent, durabil \u0219i u\u0219or de cur\u0103\u021bat, ideal pentru depozitarea farfuriilor de h\u00e2rtie.<br \/>\n4.Permite accesul rapid \u0219i ordonat la farfurii, economisind spa\u021biu \u0219i men\u021bin\u00e2nd buc\u0103t\u0103ria organizat\u0103.<br \/>\n5.Design compact \u0219i versatil, potrivit at\u00e2t pentru case, c\u00e2t \u0219i pentru rulote sau cabane de camping.<\/p>\n","protected":false},"excerpt":{"rendered":"<p>suport pentru farfurii de h\u00e2rtie distributie farfurii carton pentru buc\u0103t\u0103rie c\u0103l\u0103torie camping suport plastic sub dulap distributie farfurii de h\u00e2rtie<\/p>\n","protected":false},"featured_media":11106,"comment_status":"open","ping_status":"closed","template":"","meta":{"site-sidebar-layout":"default","site-content-layout":"","ast-site-content-layout":"default","site-content-style":"default","site-sidebar-style":"default","ast-global-header-display":"","ast-banner-title-visibility":"","ast-main-header-display":"","ast-hfb-above-header-display":"","ast-hfb-below-header-display":"","ast-hfb-mobile-header-display":"","site-post-title":"","ast-breadcrumbs-content":"","ast-featured-img":"","footer-sml-layout":"","theme-transparent-header-meta":"default","adv-header-id-meta":"","stick-header-meta":"","header-above-stick-meta":"","header-main-stick-meta":"","header-below-stick-meta":"","astra-migrate-meta-layouts":"set","ast-page-background-enabled":"default","ast-page-background-meta":{"desktop":{"background-color":"var(--ast-global-color-4)","background-image":"","background-repeat":"repeat","background-position":"center center","background-size":"auto","background-attachment":"scroll","background-type":"","background-media":"","overlay-type":"","overlay-color":"","overlay-opacity":"","overlay-gradient":""},"tablet":{"background-color":"","background-image":"","background-repeat":"repeat","background-position":"center center","background-size":"auto","background-attachment":"scroll","background-type":"","background-media":"","overlay-type":"","overlay-color":"","overlay-opacity":"","overlay-gradient":""},"mobile":{"background-color":"","background-image":"","background-repeat":"repeat","background-position":"center center","background-size":"auto","background-attachment":"scroll","background-type":"","background-media":"","overlay-type":"","overlay-color":"","overlay-opacity":"","overlay-gradient":""}},"ast-content-background-meta":{"desktop":{"background-color":"var(--ast-global-color-5)","background-image":"","background-repeat":"repeat","background-position":"center center","background-size":"auto","background-attachment":"scroll","background-type":"","background-media":"","overlay-type":"","overlay-color":"","overlay-opacity":"","overlay-gradient":""},"tablet":{"background-color":"var(--ast-global-color-5)","background-image":"","background-repeat":"repeat","background-position":"center center","background-size":"auto","background-attachment":"scroll","background-type":"","background-media":"","overlay-type":"","overlay-color":"","overlay-opacity":"","overlay-gradient":""},"mobile":{"background-color":"var(--ast-global-color-5)","background-image":"","background-repeat":"repeat","background-position":"center center","background-size":"auto","background-attachment":"scroll","background-type":"","background-media":"","overlay-type":"","overlay-color":"","overlay-opacity":"","overlay-gradient":""}}},"product_brand":[],"product_cat":[808,1227],"product_tag":[1228],"class_list":{"0":"post-11211","1":"product","2":"type-product","3":"status-publish","4":"has-post-thumbnail","6":"product_cat-casa-si-bucatarie","7":"product_cat-depozitare-bucatarie","8":"product_tag-depozitarea-tacamurilor","9":"desktop-align-left","10":"tablet-align-left","11":"mobile-align-left","13":"first","14":"instock","15":"sale","16":"shipping-taxable","17":"purchasable","18":"product-type-simple"},"yoast_head":"<!-- This site is optimized with the Yoast SEO plugin v24.9 - https:\/\/yoast.com\/wordpress\/plugins\/seo\/ -->\r\n<title>Dispenser pentru suporturi de h\u00e2rtie sub dulap -Induzon<\/title>\r\n<meta name=\"description\" content=\"suport pentru farfurii de h\u00e2rtie cu distributie, perfect pentru buc\u0103t\u0103rie, c\u0103l\u0103torie \u0219i camping sub dulap,Dispenser pentru suporturi de h\u00e2rtie sub dulap\" \/>\r\n<meta name=\"robots\" content=\"index, follow, max-snippet:-1, max-image-preview:large, max-video-preview:-1\" \/>\r\n<link rel=\"canonical\" href=\"https:\/\/induzon.com\/ro\/produs\/suport-pentru-farfurii-de-hartie-distributie-farfurii-carton-pentru-bucatarie-calatorie-camping-suport-plastic-sub-dulap-distributie-farfurii-de-hartie\/\" \/>\r\n<meta property=\"og:locale\" content=\"ro_RO\" \/>\r\n<meta property=\"og:type\" content=\"article\" \/>\r\n<meta property=\"og:title\" content=\"Dispenser pentru suporturi de h\u00e2rtie sub dulap -Induzon\" \/>\r\n<meta property=\"og:description\" content=\"suport pentru farfurii de h\u00e2rtie cu distributie, perfect pentru buc\u0103t\u0103rie, c\u0103l\u0103torie \u0219i camping sub dulap,Dispenser pentru suporturi de h\u00e2rtie sub dulap\" \/>\r\n<meta property=\"og:url\" content=\"https:\/\/induzon.com\/ro\/produs\/suport-pentru-farfurii-de-hartie-distributie-farfurii-carton-pentru-bucatarie-calatorie-camping-suport-plastic-sub-dulap-distributie-farfurii-de-hartie\/\" \/>\r\n<meta property=\"og:site_name\" content=\"induzon\" \/>\r\n<meta property=\"article:modified_time\" content=\"2026-01-07T08:42:24+00:00\" \/>\r\n<meta property=\"og:image\" content=\"https:\/\/induzon.com\/wp-content\/uploads\/2025\/06\/3.jpg\" \/>\r\n\t<meta property=\"og:image:width\" content=\"1500\" \/>\r\n\t<meta property=\"og:image:height\" content=\"1500\" \/>\r\n\t<meta property=\"og:image:type\" content=\"image\/jpeg\" \/>\r\n<meta name=\"twitter:card\" content=\"summary_large_image\" \/>\r\n<meta name=\"twitter:label1\" content=\"Timp estimat pentru citire\" \/>\n\t<meta name=\"twitter:data1\" content=\"1 minute\" \/>\r\n<script type=\"application\/ld+json\" class=\"yoast-schema-graph\">{\"@context\":\"https:\/\/schema.org\",\"@graph\":[{\"@type\":\"WebPage\",\"@id\":\"https:\/\/induzon.com\/ro\/produs\/suport-pentru-farfurii-de-hartie-distributie-farfurii-carton-pentru-bucatarie-calatorie-camping-suport-plastic-sub-dulap-distributie-farfurii-de-hartie\/\",\"url\":\"https:\/\/induzon.com\/ro\/produs\/suport-pentru-farfurii-de-hartie-distributie-farfurii-carton-pentru-bucatarie-calatorie-camping-suport-plastic-sub-dulap-distributie-farfurii-de-hartie\/\",\"name\":\"Dispenser pentru suporturi de h\u00e2rtie sub dulap -Induzon\",\"isPartOf\":{\"@id\":\"https:\/\/induzon.com\/ro\/#website\"},\"primaryImageOfPage\":{\"@id\":\"https:\/\/induzon.com\/ro\/produs\/suport-pentru-farfurii-de-hartie-distributie-farfurii-carton-pentru-bucatarie-calatorie-camping-suport-plastic-sub-dulap-distributie-farfurii-de-hartie\/#primaryimage\"},\"image\":{\"@id\":\"https:\/\/induzon.com\/ro\/produs\/suport-pentru-farfurii-de-hartie-distributie-farfurii-carton-pentru-bucatarie-calatorie-camping-suport-plastic-sub-dulap-distributie-farfurii-de-hartie\/#primaryimage\"},\"thumbnailUrl\":\"https:\/\/induzon.com\/wp-content\/uploads\/2025\/06\/3.jpg\",\"datePublished\":\"2025-06-20T05:26:00+00:00\",\"dateModified\":\"2026-01-07T08:42:24+00:00\",\"description\":\"suport pentru farfurii de h\u00e2rtie cu distributie, perfect pentru buc\u0103t\u0103rie, c\u0103l\u0103torie \u0219i camping sub dulap,Dispenser pentru suporturi de h\u00e2rtie sub dulap\",\"breadcrumb\":{\"@id\":\"https:\/\/induzon.com\/ro\/produs\/suport-pentru-farfurii-de-hartie-distributie-farfurii-carton-pentru-bucatarie-calatorie-camping-suport-plastic-sub-dulap-distributie-farfurii-de-hartie\/#breadcrumb\"},\"inLanguage\":\"ro-RO\",\"potentialAction\":[{\"@type\":\"ReadAction\",\"target\":[\"https:\/\/induzon.com\/ro\/produs\/suport-pentru-farfurii-de-hartie-distributie-farfurii-carton-pentru-bucatarie-calatorie-camping-suport-plastic-sub-dulap-distributie-farfurii-de-hartie\/\"]}]},{\"@type\":\"ImageObject\",\"inLanguage\":\"ro-RO\",\"@id\":\"https:\/\/induzon.com\/ro\/produs\/suport-pentru-farfurii-de-hartie-distributie-farfurii-carton-pentru-bucatarie-calatorie-camping-suport-plastic-sub-dulap-distributie-farfurii-de-hartie\/#primaryimage\",\"url\":\"https:\/\/induzon.com\/wp-content\/uploads\/2025\/06\/3.jpg\",\"contentUrl\":\"https:\/\/induzon.com\/wp-content\/uploads\/2025\/06\/3.jpg\",\"width\":1500,\"height\":1500,\"caption\":\"Dispenser pentru suporturi de h\u00e2rtie sub dulap\"},{\"@type\":\"BreadcrumbList\",\"@id\":\"https:\/\/induzon.com\/ro\/produs\/suport-pentru-farfurii-de-hartie-distributie-farfurii-carton-pentru-bucatarie-calatorie-camping-suport-plastic-sub-dulap-distributie-farfurii-de-hartie\/#breadcrumb\",\"itemListElement\":[{\"@type\":\"ListItem\",\"position\":1,\"name\":\"\u9996\u9875\",\"item\":\"https:\/\/induzon.com\/ro\/acasa\/\"},{\"@type\":\"ListItem\",\"position\":2,\"name\":\"Magazin\",\"item\":\"https:\/\/induzon.com\/ro\/magazin\/\"},{\"@type\":\"ListItem\",\"position\":3,\"name\":\"suport pentru farfurii de h\u00e2rtie distributie farfurii carton pentru buc\u0103t\u0103rie c\u0103l\u0103torie camping suport plastic sub dulap distributie farfurii de h\u00e2rtie\"}]},{\"@type\":\"WebSite\",\"@id\":\"https:\/\/induzon.com\/ro\/#website\",\"url\":\"https:\/\/induzon.com\/ro\/\",\"name\":\"induzon\",\"description\":\"\",\"publisher\":{\"@id\":\"https:\/\/induzon.com\/ro\/#organization\"},\"potentialAction\":[{\"@type\":\"SearchAction\",\"target\":{\"@type\":\"EntryPoint\",\"urlTemplate\":\"https:\/\/induzon.com\/ro\/?s={search_term_string}\"},\"query-input\":{\"@type\":\"PropertyValueSpecification\",\"valueRequired\":true,\"valueName\":\"search_term_string\"}}],\"inLanguage\":\"ro-RO\"},{\"@type\":\"Organization\",\"@id\":\"https:\/\/induzon.com\/ro\/#organization\",\"name\":\"induzon\",\"url\":\"https:\/\/induzon.com\/ro\/\",\"logo\":{\"@type\":\"ImageObject\",\"inLanguage\":\"ro-RO\",\"@id\":\"https:\/\/induzon.com\/ro\/#\/schema\/logo\/image\/\",\"url\":\"https:\/\/induzon.com\/wp-content\/uploads\/2025\/05\/cropped-026.png\",\"contentUrl\":\"https:\/\/induzon.com\/wp-content\/uploads\/2025\/05\/cropped-026.png\",\"width\":512,\"height\":512,\"caption\":\"induzon\"},\"image\":{\"@id\":\"https:\/\/induzon.com\/ro\/#\/schema\/logo\/image\/\"}}]}<\/script>\r\n<!-- \/ Yoast SEO plugin. -->","yoast_head_json":{"title":"Dispenser pentru suporturi de h\u00e2rtie sub dulap -Induzon","description":"suport pentru farfurii de h\u00e2rtie cu distributie, perfect pentru buc\u0103t\u0103rie, c\u0103l\u0103torie \u0219i camping sub dulap,Dispenser pentru suporturi de h\u00e2rtie sub dulap","robots":{"index":"index","follow":"follow","max-snippet":"max-snippet:-1","max-image-preview":"max-image-preview:large","max-video-preview":"max-video-preview:-1"},"canonical":"https:\/\/induzon.com\/ro\/produs\/suport-pentru-farfurii-de-hartie-distributie-farfurii-carton-pentru-bucatarie-calatorie-camping-suport-plastic-sub-dulap-distributie-farfurii-de-hartie\/","og_locale":"ro_RO","og_type":"article","og_title":"Dispenser pentru suporturi de h\u00e2rtie sub dulap -Induzon","og_description":"suport pentru farfurii de h\u00e2rtie cu distributie, perfect pentru buc\u0103t\u0103rie, c\u0103l\u0103torie \u0219i camping sub dulap,Dispenser pentru suporturi de h\u00e2rtie sub dulap","og_url":"https:\/\/induzon.com\/ro\/produs\/suport-pentru-farfurii-de-hartie-distributie-farfurii-carton-pentru-bucatarie-calatorie-camping-suport-plastic-sub-dulap-distributie-farfurii-de-hartie\/","og_site_name":"induzon","article_modified_time":"2026-01-07T08:42:24+00:00","og_image":[{"width":1500,"height":1500,"url":"https:\/\/induzon.com\/wp-content\/uploads\/2025\/06\/3.jpg","type":"image\/jpeg"}],"twitter_card":"summary_large_image","twitter_misc":{"Timp estimat pentru citire":"1 minute"},"schema":{"@context":"https:\/\/schema.org","@graph":[{"@type":"WebPage","@id":"https:\/\/induzon.com\/ro\/produs\/suport-pentru-farfurii-de-hartie-distributie-farfurii-carton-pentru-bucatarie-calatorie-camping-suport-plastic-sub-dulap-distributie-farfurii-de-hartie\/","url":"https:\/\/induzon.com\/ro\/produs\/suport-pentru-farfurii-de-hartie-distributie-farfurii-carton-pentru-bucatarie-calatorie-camping-suport-plastic-sub-dulap-distributie-farfurii-de-hartie\/","name":"Dispenser pentru suporturi de h\u00e2rtie sub dulap -Induzon","isPartOf":{"@id":"https:\/\/induzon.com\/ro\/#website"},"primaryImageOfPage":{"@id":"https:\/\/induzon.com\/ro\/produs\/suport-pentru-farfurii-de-hartie-distributie-farfurii-carton-pentru-bucatarie-calatorie-camping-suport-plastic-sub-dulap-distributie-farfurii-de-hartie\/#primaryimage"},"image":{"@id":"https:\/\/induzon.com\/ro\/produs\/suport-pentru-farfurii-de-hartie-distributie-farfurii-carton-pentru-bucatarie-calatorie-camping-suport-plastic-sub-dulap-distributie-farfurii-de-hartie\/#primaryimage"},"thumbnailUrl":"https:\/\/induzon.com\/wp-content\/uploads\/2025\/06\/3.jpg","datePublished":"2025-06-20T05:26:00+00:00","dateModified":"2026-01-07T08:42:24+00:00","description":"suport pentru farfurii de h\u00e2rtie cu distributie, perfect pentru buc\u0103t\u0103rie, c\u0103l\u0103torie \u0219i camping sub dulap,Dispenser pentru suporturi de h\u00e2rtie sub dulap","breadcrumb":{"@id":"https:\/\/induzon.com\/ro\/produs\/suport-pentru-farfurii-de-hartie-distributie-farfurii-carton-pentru-bucatarie-calatorie-camping-suport-plastic-sub-dulap-distributie-farfurii-de-hartie\/#breadcrumb"},"inLanguage":"ro-RO","potentialAction":[{"@type":"ReadAction","target":["https:\/\/induzon.com\/ro\/produs\/suport-pentru-farfurii-de-hartie-distributie-farfurii-carton-pentru-bucatarie-calatorie-camping-suport-plastic-sub-dulap-distributie-farfurii-de-hartie\/"]}]},{"@type":"ImageObject","inLanguage":"ro-RO","@id":"https:\/\/induzon.com\/ro\/produs\/suport-pentru-farfurii-de-hartie-distributie-farfurii-carton-pentru-bucatarie-calatorie-camping-suport-plastic-sub-dulap-distributie-farfurii-de-hartie\/#primaryimage","url":"https:\/\/induzon.com\/wp-content\/uploads\/2025\/06\/3.jpg","contentUrl":"https:\/\/induzon.com\/wp-content\/uploads\/2025\/06\/3.jpg","width":1500,"height":1500,"caption":"Dispenser pentru suporturi de h\u00e2rtie sub dulap"},{"@type":"BreadcrumbList","@id":"https:\/\/induzon.com\/ro\/produs\/suport-pentru-farfurii-de-hartie-distributie-farfurii-carton-pentru-bucatarie-calatorie-camping-suport-plastic-sub-dulap-distributie-farfurii-de-hartie\/#breadcrumb","itemListElement":[{"@type":"ListItem","position":1,"name":"\u9996\u9875","item":"https:\/\/induzon.com\/ro\/acasa\/"},{"@type":"ListItem","position":2,"name":"Magazin","item":"https:\/\/induzon.com\/ro\/magazin\/"},{"@type":"ListItem","position":3,"name":"suport pentru farfurii de h\u00e2rtie distributie farfurii carton pentru buc\u0103t\u0103rie c\u0103l\u0103torie camping suport plastic sub dulap distributie farfurii de h\u00e2rtie"}]},{"@type":"WebSite","@id":"https:\/\/induzon.com\/ro\/#website","url":"https:\/\/induzon.com\/ro\/","name":"induzon","description":"","publisher":{"@id":"https:\/\/induzon.com\/ro\/#organization"},"potentialAction":[{"@type":"SearchAction","target":{"@type":"EntryPoint","urlTemplate":"https:\/\/induzon.com\/ro\/?s={search_term_string}"},"query-input":{"@type":"PropertyValueSpecification","valueRequired":true,"valueName":"search_term_string"}}],"inLanguage":"ro-RO"},{"@type":"Organization","@id":"https:\/\/induzon.com\/ro\/#organization","name":"induzon","url":"https:\/\/induzon.com\/ro\/","logo":{"@type":"ImageObject","inLanguage":"ro-RO","@id":"https:\/\/induzon.com\/ro\/#\/schema\/logo\/image\/","url":"https:\/\/induzon.com\/wp-content\/uploads\/2025\/05\/cropped-026.png","contentUrl":"https:\/\/induzon.com\/wp-content\/uploads\/2025\/05\/cropped-026.png","width":512,"height":512,"caption":"induzon"},"image":{"@id":"https:\/\/induzon.com\/ro\/#\/schema\/logo\/image\/"}}]}},"_links":{"self":[{"href":"https:\/\/induzon.com\/ro\/wp-json\/wp\/v2\/product\/11211","targetHints":{"allow":["GET"]}}],"collection":[{"href":"https:\/\/induzon.com\/ro\/wp-json\/wp\/v2\/product"}],"about":[{"href":"https:\/\/induzon.com\/ro\/wp-json\/wp\/v2\/types\/product"}],"replies":[{"embeddable":true,"href":"https:\/\/induzon.com\/ro\/wp-json\/wp\/v2\/comments?post=11211"}],"version-history":[{"count":1,"href":"https:\/\/induzon.com\/ro\/wp-json\/wp\/v2\/product\/11211\/revisions"}],"predecessor-version":[{"id":28159,"href":"https:\/\/induzon.com\/ro\/wp-json\/wp\/v2\/product\/11211\/revisions\/28159"}],"wp:featuredmedia":[{"embeddable":true,"href":"https:\/\/induzon.com\/ro\/wp-json\/wp\/v2\/media\/11106"}],"wp:attachment":[{"href":"https:\/\/induzon.com\/ro\/wp-json\/wp\/v2\/media?parent=11211"}],"wp:term":[{"taxonomy":"product_brand","embeddable":true,"href":"https:\/\/induzon.com\/ro\/wp-json\/wp\/v2\/product_brand?post=11211"},{"taxonomy":"product_cat","embeddable":true,"href":"https:\/\/induzon.com\/ro\/wp-json\/wp\/v2\/product_cat?post=11211"},{"taxonomy":"product_tag","embeddable":true,"href":"https:\/\/induzon.com\/ro\/wp-json\/wp\/v2\/product_tag?post=11211"}],"curies":[{"name":"wp","href":"https:\/\/api.w.org\/{rel}","templated":true}]}}