{"id":14782,"date":"2025-07-01T15:34:24","date_gmt":"2025-07-01T07:34:24","guid":{"rendered":"https:\/\/induzon.com\/shop\/perdea-de-aer-industriala-centrifuga-perdea-de-aer-comercial-pentru-supermarket-magazine-si-protectie-impotriva-insectelor-cortina-de-aer-industrial-ventilator-cu-perdea-de-aerisire-rece-si-calda-pent\/"},"modified":"2026-01-05T10:01:12","modified_gmt":"2026-01-05T02:01:12","slug":"perdea-de-aer-industriala-centrifuga-perdea-de-aer-comercial-pentru-supermarket-magazine-si-protectie-impotriva-insectelor-cortina-de-aer-industrial-ventilator-cu-perdea-de-aerisire-rece-si-calda-pent","status":"publish","type":"product","link":"https:\/\/induzon.com\/ro\/produs\/perdea-de-aer-industriala-centrifuga-perdea-de-aer-comercial-pentru-supermarket-magazine-si-protectie-impotriva-insectelor-cortina-de-aer-industrial-ventilator-cu-perdea-de-aerisire-rece-si-calda-pent\/","title":{"rendered":"Perdea de aer industrial\u0103 centrifug\u0103 Perdea de aer comercial pentru supermarket magazine si protectie impotriva insectelor cortina de aer industrial ventilator cu perdea de aerisire rece si calda pentru ateliere fabrici"},"content":{"rendered":"<p>1.Eficient \u0219i durabil: Ideal pentru magazine, supermarketuri \u0219i fabrici, reduce pierderile de c\u0103ldur\u0103 \u0219i men\u021bine mediul curat.<br \/>\n2.Utilizat pe scar\u0103 larg\u0103 Izolare termic\u0103, depozitare la rece, r\u0103cire, conservare la rece.<br \/>\n3.Design robust: Construit pentru utilizare intens\u0103, rezist\u0103 la condi\u021bii grele \u0219i func\u021bioneaz\u0103 f\u0103r\u0103 zgomot.<br \/>\n4.Economise\u0219te energie: Tehnologie avansat\u0103 care minimizeaz\u0103 consumul de energie, reduc\u00e2nd costurile de operare.<br \/>\n5.U\u0219or de \u00eentre\u021binut: Simplu de cur\u0103\u021bat \u0219i de \u00eentre\u021binut, asigur\u00e2nd o func\u021bionare optim\u0103 pe termen lung.<\/p>\n","protected":false},"excerpt":{"rendered":"<p>1.Eficient \u0219i durabil: Ideal pentru magazine, supermarketuri \u0219i fabrici, reduce pierderile de c\u0103ldur\u0103 \u0219i men\u021bine mediul curat. 2.Utilizat pe scar\u0103 [&hellip;]<\/p>\n","protected":false},"featured_media":14581,"comment_status":"open","ping_status":"closed","template":"","meta":{"site-sidebar-layout":"default","site-content-layout":"","ast-site-content-layout":"default","site-content-style":"default","site-sidebar-style":"default","ast-global-header-display":"","ast-banner-title-visibility":"","ast-main-header-display":"","ast-hfb-above-header-display":"","ast-hfb-below-header-display":"","ast-hfb-mobile-header-display":"","site-post-title":"","ast-breadcrumbs-content":"","ast-featured-img":"","footer-sml-layout":"","theme-transparent-header-meta":"default","adv-header-id-meta":"","stick-header-meta":"","header-above-stick-meta":"","header-main-stick-meta":"","header-below-stick-meta":"","astra-migrate-meta-layouts":"set","ast-page-background-enabled":"default","ast-page-background-meta":{"desktop":{"background-color":"var(--ast-global-color-4)","background-image":"","background-repeat":"repeat","background-position":"center center","background-size":"auto","background-attachment":"scroll","background-type":"","background-media":"","overlay-type":"","overlay-color":"","overlay-opacity":"","overlay-gradient":""},"tablet":{"background-color":"","background-image":"","background-repeat":"repeat","background-position":"center center","background-size":"auto","background-attachment":"scroll","background-type":"","background-media":"","overlay-type":"","overlay-color":"","overlay-opacity":"","overlay-gradient":""},"mobile":{"background-color":"","background-image":"","background-repeat":"repeat","background-position":"center center","background-size":"auto","background-attachment":"scroll","background-type":"","background-media":"","overlay-type":"","overlay-color":"","overlay-opacity":"","overlay-gradient":""}},"ast-content-background-meta":{"desktop":{"background-color":"var(--ast-global-color-5)","background-image":"","background-repeat":"repeat","background-position":"center center","background-size":"auto","background-attachment":"scroll","background-type":"","background-media":"","overlay-type":"","overlay-color":"","overlay-opacity":"","overlay-gradient":""},"tablet":{"background-color":"var(--ast-global-color-5)","background-image":"","background-repeat":"repeat","background-position":"center center","background-size":"auto","background-attachment":"scroll","background-type":"","background-media":"","overlay-type":"","overlay-color":"","overlay-opacity":"","overlay-gradient":""},"mobile":{"background-color":"var(--ast-global-color-5)","background-image":"","background-repeat":"repeat","background-position":"center center","background-size":"auto","background-attachment":"scroll","background-type":"","background-media":"","overlay-type":"","overlay-color":"","overlay-opacity":"","overlay-gradient":""}}},"product_brand":[],"product_cat":[1091,1090,1348],"product_tag":[1349],"class_list":{"0":"post-14782","1":"product","2":"type-product","3":"status-publish","4":"has-post-thumbnail","6":"product_cat-echipamente-de-aer-conditionat-si-ventilatie","7":"product_cat-echipamente-industriale-si-comerciale","8":"product_cat-perdele-de-aer-centrifugale-industriale","9":"product_tag-perdele-de-aer-centrifugale-industriale","10":"desktop-align-left","11":"tablet-align-left","12":"mobile-align-left","14":"first","15":"instock","16":"sale","17":"shipping-taxable","18":"purchasable","19":"product-type-variable"},"yoast_head":"<!-- This site is optimized with the Yoast SEO plugin v24.9 - https:\/\/yoast.com\/wordpress\/plugins\/seo\/ -->\r\n<title>Perdele de aer comerciale industriale Suflante pentru u\u0219i-Induzon<\/title>\r\n<meta name=\"description\" content=\"Perdele de aer comerciale \u0219i industriale cu \u00eenc\u0103lzire\/r\u0103cire. Protec\u021bie \u00eempotriva insectelor \u0219i men\u021binerea climatului pentru u\u0219i de magazin.\" \/>\r\n<meta name=\"robots\" content=\"index, follow, max-snippet:-1, max-image-preview:large, max-video-preview:-1\" \/>\r\n<link rel=\"canonical\" href=\"https:\/\/induzon.com\/ro\/produs\/perdea-de-aer-industriala-centrifuga-perdea-de-aer-comercial-pentru-supermarket-magazine-si-protectie-impotriva-insectelor-cortina-de-aer-industrial-ventilator-cu-perdea-de-aerisire-rece-si-calda-pent\/\" \/>\r\n<meta property=\"og:locale\" content=\"ro_RO\" \/>\r\n<meta property=\"og:type\" content=\"article\" \/>\r\n<meta property=\"og:title\" content=\"Perdele de aer comerciale industriale Suflante pentru u\u0219i-Induzon\" \/>\r\n<meta property=\"og:description\" content=\"Perdele de aer comerciale \u0219i industriale cu \u00eenc\u0103lzire\/r\u0103cire. Protec\u021bie \u00eempotriva insectelor \u0219i men\u021binerea climatului pentru u\u0219i de magazin.\" \/>\r\n<meta property=\"og:url\" content=\"https:\/\/induzon.com\/ro\/produs\/perdea-de-aer-industriala-centrifuga-perdea-de-aer-comercial-pentru-supermarket-magazine-si-protectie-impotriva-insectelor-cortina-de-aer-industrial-ventilator-cu-perdea-de-aerisire-rece-si-calda-pent\/\" \/>\r\n<meta property=\"og:site_name\" content=\"induzon\" \/>\r\n<meta property=\"article:modified_time\" content=\"2026-01-05T02:01:12+00:00\" \/>\r\n<meta property=\"og:image\" content=\"https:\/\/induzon.com\/wp-content\/uploads\/2025\/07\/\u56fe-9.jpg\" \/>\r\n\t<meta property=\"og:image:width\" content=\"1500\" \/>\r\n\t<meta property=\"og:image:height\" content=\"1500\" \/>\r\n\t<meta property=\"og:image:type\" content=\"image\/jpeg\" \/>\r\n<meta name=\"twitter:card\" content=\"summary_large_image\" \/>\r\n<meta name=\"twitter:label1\" content=\"Timp estimat pentru citire\" \/>\n\t<meta name=\"twitter:data1\" content=\"1 minute\" \/>\r\n<script type=\"application\/ld+json\" class=\"yoast-schema-graph\">{\"@context\":\"https:\/\/schema.org\",\"@graph\":[{\"@type\":\"WebPage\",\"@id\":\"https:\/\/induzon.com\/ro\/produs\/perdea-de-aer-industriala-centrifuga-perdea-de-aer-comercial-pentru-supermarket-magazine-si-protectie-impotriva-insectelor-cortina-de-aer-industrial-ventilator-cu-perdea-de-aerisire-rece-si-calda-pent\/\",\"url\":\"https:\/\/induzon.com\/ro\/produs\/perdea-de-aer-industriala-centrifuga-perdea-de-aer-comercial-pentru-supermarket-magazine-si-protectie-impotriva-insectelor-cortina-de-aer-industrial-ventilator-cu-perdea-de-aerisire-rece-si-calda-pent\/\",\"name\":\"Perdele de aer comerciale industriale Suflante pentru u\u0219i-Induzon\",\"isPartOf\":{\"@id\":\"https:\/\/induzon.com\/ro\/#website\"},\"primaryImageOfPage\":{\"@id\":\"https:\/\/induzon.com\/ro\/produs\/perdea-de-aer-industriala-centrifuga-perdea-de-aer-comercial-pentru-supermarket-magazine-si-protectie-impotriva-insectelor-cortina-de-aer-industrial-ventilator-cu-perdea-de-aerisire-rece-si-calda-pent\/#primaryimage\"},\"image\":{\"@id\":\"https:\/\/induzon.com\/ro\/produs\/perdea-de-aer-industriala-centrifuga-perdea-de-aer-comercial-pentru-supermarket-magazine-si-protectie-impotriva-insectelor-cortina-de-aer-industrial-ventilator-cu-perdea-de-aerisire-rece-si-calda-pent\/#primaryimage\"},\"thumbnailUrl\":\"https:\/\/induzon.com\/wp-content\/uploads\/2025\/07\/\u56fe-9.jpg\",\"datePublished\":\"2025-07-01T07:34:24+00:00\",\"dateModified\":\"2026-01-05T02:01:12+00:00\",\"description\":\"Perdele de aer comerciale \u0219i industriale cu \u00eenc\u0103lzire\/r\u0103cire. Protec\u021bie \u00eempotriva insectelor \u0219i men\u021binerea climatului pentru u\u0219i de magazin.\",\"breadcrumb\":{\"@id\":\"https:\/\/induzon.com\/ro\/produs\/perdea-de-aer-industriala-centrifuga-perdea-de-aer-comercial-pentru-supermarket-magazine-si-protectie-impotriva-insectelor-cortina-de-aer-industrial-ventilator-cu-perdea-de-aerisire-rece-si-calda-pent\/#breadcrumb\"},\"inLanguage\":\"ro-RO\",\"potentialAction\":[{\"@type\":\"ReadAction\",\"target\":[\"https:\/\/induzon.com\/ro\/produs\/perdea-de-aer-industriala-centrifuga-perdea-de-aer-comercial-pentru-supermarket-magazine-si-protectie-impotriva-insectelor-cortina-de-aer-industrial-ventilator-cu-perdea-de-aerisire-rece-si-calda-pent\/\"]}]},{\"@type\":\"ImageObject\",\"inLanguage\":\"ro-RO\",\"@id\":\"https:\/\/induzon.com\/ro\/produs\/perdea-de-aer-industriala-centrifuga-perdea-de-aer-comercial-pentru-supermarket-magazine-si-protectie-impotriva-insectelor-cortina-de-aer-industrial-ventilator-cu-perdea-de-aerisire-rece-si-calda-pent\/#primaryimage\",\"url\":\"https:\/\/induzon.com\/wp-content\/uploads\/2025\/07\/\u56fe-9.jpg\",\"contentUrl\":\"https:\/\/induzon.com\/wp-content\/uploads\/2025\/07\/\u56fe-9.jpg\",\"width\":1500,\"height\":1500,\"caption\":\"Perdele de aer comerciale industriale Suflante pentru u\u0219i\"},{\"@type\":\"BreadcrumbList\",\"@id\":\"https:\/\/induzon.com\/ro\/produs\/perdea-de-aer-industriala-centrifuga-perdea-de-aer-comercial-pentru-supermarket-magazine-si-protectie-impotriva-insectelor-cortina-de-aer-industrial-ventilator-cu-perdea-de-aerisire-rece-si-calda-pent\/#breadcrumb\",\"itemListElement\":[{\"@type\":\"ListItem\",\"position\":1,\"name\":\"\u9996\u9875\",\"item\":\"https:\/\/induzon.com\/ro\/acasa\/\"},{\"@type\":\"ListItem\",\"position\":2,\"name\":\"Magazin\",\"item\":\"https:\/\/induzon.com\/ro\/magazin\/\"},{\"@type\":\"ListItem\",\"position\":3,\"name\":\"Perdea de aer industrial\u0103 centrifug\u0103 Perdea de aer comercial pentru supermarket magazine si protectie impotriva insectelor cortina de aer industrial ventilator cu perdea de aerisire rece si calda pentru ateliere fabrici\"}]},{\"@type\":\"WebSite\",\"@id\":\"https:\/\/induzon.com\/ro\/#website\",\"url\":\"https:\/\/induzon.com\/ro\/\",\"name\":\"induzon\",\"description\":\"\",\"publisher\":{\"@id\":\"https:\/\/induzon.com\/ro\/#organization\"},\"potentialAction\":[{\"@type\":\"SearchAction\",\"target\":{\"@type\":\"EntryPoint\",\"urlTemplate\":\"https:\/\/induzon.com\/ro\/?s={search_term_string}\"},\"query-input\":{\"@type\":\"PropertyValueSpecification\",\"valueRequired\":true,\"valueName\":\"search_term_string\"}}],\"inLanguage\":\"ro-RO\"},{\"@type\":\"Organization\",\"@id\":\"https:\/\/induzon.com\/ro\/#organization\",\"name\":\"induzon\",\"url\":\"https:\/\/induzon.com\/ro\/\",\"logo\":{\"@type\":\"ImageObject\",\"inLanguage\":\"ro-RO\",\"@id\":\"https:\/\/induzon.com\/ro\/#\/schema\/logo\/image\/\",\"url\":\"https:\/\/induzon.com\/wp-content\/uploads\/2025\/05\/cropped-026.png\",\"contentUrl\":\"https:\/\/induzon.com\/wp-content\/uploads\/2025\/05\/cropped-026.png\",\"width\":512,\"height\":512,\"caption\":\"induzon\"},\"image\":{\"@id\":\"https:\/\/induzon.com\/ro\/#\/schema\/logo\/image\/\"}}]}<\/script>\r\n<!-- \/ Yoast SEO plugin. -->","yoast_head_json":{"title":"Perdele de aer comerciale industriale Suflante pentru u\u0219i-Induzon","description":"Perdele de aer comerciale \u0219i industriale cu \u00eenc\u0103lzire\/r\u0103cire. Protec\u021bie \u00eempotriva insectelor \u0219i men\u021binerea climatului pentru u\u0219i de magazin.","robots":{"index":"index","follow":"follow","max-snippet":"max-snippet:-1","max-image-preview":"max-image-preview:large","max-video-preview":"max-video-preview:-1"},"canonical":"https:\/\/induzon.com\/ro\/produs\/perdea-de-aer-industriala-centrifuga-perdea-de-aer-comercial-pentru-supermarket-magazine-si-protectie-impotriva-insectelor-cortina-de-aer-industrial-ventilator-cu-perdea-de-aerisire-rece-si-calda-pent\/","og_locale":"ro_RO","og_type":"article","og_title":"Perdele de aer comerciale industriale Suflante pentru u\u0219i-Induzon","og_description":"Perdele de aer comerciale \u0219i industriale cu \u00eenc\u0103lzire\/r\u0103cire. Protec\u021bie \u00eempotriva insectelor \u0219i men\u021binerea climatului pentru u\u0219i de magazin.","og_url":"https:\/\/induzon.com\/ro\/produs\/perdea-de-aer-industriala-centrifuga-perdea-de-aer-comercial-pentru-supermarket-magazine-si-protectie-impotriva-insectelor-cortina-de-aer-industrial-ventilator-cu-perdea-de-aerisire-rece-si-calda-pent\/","og_site_name":"induzon","article_modified_time":"2026-01-05T02:01:12+00:00","og_image":[{"width":1500,"height":1500,"url":"https:\/\/induzon.com\/wp-content\/uploads\/2025\/07\/\u56fe-9.jpg","type":"image\/jpeg"}],"twitter_card":"summary_large_image","twitter_misc":{"Timp estimat pentru citire":"1 minute"},"schema":{"@context":"https:\/\/schema.org","@graph":[{"@type":"WebPage","@id":"https:\/\/induzon.com\/ro\/produs\/perdea-de-aer-industriala-centrifuga-perdea-de-aer-comercial-pentru-supermarket-magazine-si-protectie-impotriva-insectelor-cortina-de-aer-industrial-ventilator-cu-perdea-de-aerisire-rece-si-calda-pent\/","url":"https:\/\/induzon.com\/ro\/produs\/perdea-de-aer-industriala-centrifuga-perdea-de-aer-comercial-pentru-supermarket-magazine-si-protectie-impotriva-insectelor-cortina-de-aer-industrial-ventilator-cu-perdea-de-aerisire-rece-si-calda-pent\/","name":"Perdele de aer comerciale industriale Suflante pentru u\u0219i-Induzon","isPartOf":{"@id":"https:\/\/induzon.com\/ro\/#website"},"primaryImageOfPage":{"@id":"https:\/\/induzon.com\/ro\/produs\/perdea-de-aer-industriala-centrifuga-perdea-de-aer-comercial-pentru-supermarket-magazine-si-protectie-impotriva-insectelor-cortina-de-aer-industrial-ventilator-cu-perdea-de-aerisire-rece-si-calda-pent\/#primaryimage"},"image":{"@id":"https:\/\/induzon.com\/ro\/produs\/perdea-de-aer-industriala-centrifuga-perdea-de-aer-comercial-pentru-supermarket-magazine-si-protectie-impotriva-insectelor-cortina-de-aer-industrial-ventilator-cu-perdea-de-aerisire-rece-si-calda-pent\/#primaryimage"},"thumbnailUrl":"https:\/\/induzon.com\/wp-content\/uploads\/2025\/07\/\u56fe-9.jpg","datePublished":"2025-07-01T07:34:24+00:00","dateModified":"2026-01-05T02:01:12+00:00","description":"Perdele de aer comerciale \u0219i industriale cu \u00eenc\u0103lzire\/r\u0103cire. Protec\u021bie \u00eempotriva insectelor \u0219i men\u021binerea climatului pentru u\u0219i de magazin.","breadcrumb":{"@id":"https:\/\/induzon.com\/ro\/produs\/perdea-de-aer-industriala-centrifuga-perdea-de-aer-comercial-pentru-supermarket-magazine-si-protectie-impotriva-insectelor-cortina-de-aer-industrial-ventilator-cu-perdea-de-aerisire-rece-si-calda-pent\/#breadcrumb"},"inLanguage":"ro-RO","potentialAction":[{"@type":"ReadAction","target":["https:\/\/induzon.com\/ro\/produs\/perdea-de-aer-industriala-centrifuga-perdea-de-aer-comercial-pentru-supermarket-magazine-si-protectie-impotriva-insectelor-cortina-de-aer-industrial-ventilator-cu-perdea-de-aerisire-rece-si-calda-pent\/"]}]},{"@type":"ImageObject","inLanguage":"ro-RO","@id":"https:\/\/induzon.com\/ro\/produs\/perdea-de-aer-industriala-centrifuga-perdea-de-aer-comercial-pentru-supermarket-magazine-si-protectie-impotriva-insectelor-cortina-de-aer-industrial-ventilator-cu-perdea-de-aerisire-rece-si-calda-pent\/#primaryimage","url":"https:\/\/induzon.com\/wp-content\/uploads\/2025\/07\/\u56fe-9.jpg","contentUrl":"https:\/\/induzon.com\/wp-content\/uploads\/2025\/07\/\u56fe-9.jpg","width":1500,"height":1500,"caption":"Perdele de aer comerciale industriale Suflante pentru u\u0219i"},{"@type":"BreadcrumbList","@id":"https:\/\/induzon.com\/ro\/produs\/perdea-de-aer-industriala-centrifuga-perdea-de-aer-comercial-pentru-supermarket-magazine-si-protectie-impotriva-insectelor-cortina-de-aer-industrial-ventilator-cu-perdea-de-aerisire-rece-si-calda-pent\/#breadcrumb","itemListElement":[{"@type":"ListItem","position":1,"name":"\u9996\u9875","item":"https:\/\/induzon.com\/ro\/acasa\/"},{"@type":"ListItem","position":2,"name":"Magazin","item":"https:\/\/induzon.com\/ro\/magazin\/"},{"@type":"ListItem","position":3,"name":"Perdea de aer industrial\u0103 centrifug\u0103 Perdea de aer comercial pentru supermarket magazine si protectie impotriva insectelor cortina de aer industrial ventilator cu perdea de aerisire rece si calda pentru ateliere fabrici"}]},{"@type":"WebSite","@id":"https:\/\/induzon.com\/ro\/#website","url":"https:\/\/induzon.com\/ro\/","name":"induzon","description":"","publisher":{"@id":"https:\/\/induzon.com\/ro\/#organization"},"potentialAction":[{"@type":"SearchAction","target":{"@type":"EntryPoint","urlTemplate":"https:\/\/induzon.com\/ro\/?s={search_term_string}"},"query-input":{"@type":"PropertyValueSpecification","valueRequired":true,"valueName":"search_term_string"}}],"inLanguage":"ro-RO"},{"@type":"Organization","@id":"https:\/\/induzon.com\/ro\/#organization","name":"induzon","url":"https:\/\/induzon.com\/ro\/","logo":{"@type":"ImageObject","inLanguage":"ro-RO","@id":"https:\/\/induzon.com\/ro\/#\/schema\/logo\/image\/","url":"https:\/\/induzon.com\/wp-content\/uploads\/2025\/05\/cropped-026.png","contentUrl":"https:\/\/induzon.com\/wp-content\/uploads\/2025\/05\/cropped-026.png","width":512,"height":512,"caption":"induzon"},"image":{"@id":"https:\/\/induzon.com\/ro\/#\/schema\/logo\/image\/"}}]}},"_links":{"self":[{"href":"https:\/\/induzon.com\/ro\/wp-json\/wp\/v2\/product\/14782","targetHints":{"allow":["GET"]}}],"collection":[{"href":"https:\/\/induzon.com\/ro\/wp-json\/wp\/v2\/product"}],"about":[{"href":"https:\/\/induzon.com\/ro\/wp-json\/wp\/v2\/types\/product"}],"replies":[{"embeddable":true,"href":"https:\/\/induzon.com\/ro\/wp-json\/wp\/v2\/comments?post=14782"}],"version-history":[{"count":1,"href":"https:\/\/induzon.com\/ro\/wp-json\/wp\/v2\/product\/14782\/revisions"}],"predecessor-version":[{"id":28145,"href":"https:\/\/induzon.com\/ro\/wp-json\/wp\/v2\/product\/14782\/revisions\/28145"}],"wp:featuredmedia":[{"embeddable":true,"href":"https:\/\/induzon.com\/ro\/wp-json\/wp\/v2\/media\/14581"}],"wp:attachment":[{"href":"https:\/\/induzon.com\/ro\/wp-json\/wp\/v2\/media?parent=14782"}],"wp:term":[{"taxonomy":"product_brand","embeddable":true,"href":"https:\/\/induzon.com\/ro\/wp-json\/wp\/v2\/product_brand?post=14782"},{"taxonomy":"product_cat","embeddable":true,"href":"https:\/\/induzon.com\/ro\/wp-json\/wp\/v2\/product_cat?post=14782"},{"taxonomy":"product_tag","embeddable":true,"href":"https:\/\/induzon.com\/ro\/wp-json\/wp\/v2\/product_tag?post=14782"}],"curies":[{"name":"wp","href":"https:\/\/api.w.org\/{rel}","templated":true}]}}