{"id":17568,"date":"2025-07-10T11:19:56","date_gmt":"2025-07-10T03:19:56","guid":{"rendered":"https:\/\/induzon.com\/shop\/duza-de-extractie-a-fumului-cu-laser-pentru-sudura-extractor-de-fum-hota-de-extractie-a-fumului-sistem-extractie-praf-duza-duala-fereastra-de-evacuare-filtru-de-carbon-pentru-hota-capota-de-evacuare-a\/"},"modified":"2025-12-02T10:47:09","modified_gmt":"2025-12-02T02:47:09","slug":"duza-de-extractie-a-fumului-cu-laser-pentru-sudura-extractor-de-fum-hota-de-extractie-a-fumului-sistem-extractie-praf-duza-duala-fereastra-de-evacuare-filtru-de-carbon-pentru-hota-capota-de-evacuare-a","status":"publish","type":"product","link":"https:\/\/induzon.com\/ro\/produs\/duza-de-extractie-a-fumului-cu-laser-pentru-sudura-extractor-de-fum-hota-de-extractie-a-fumului-sistem-extractie-praf-duza-duala-fereastra-de-evacuare-filtru-de-carbon-pentru-hota-capota-de-evacuare-a\/","title":{"rendered":"Duz\u0103 de extrac\u021bie a fumului cu laser pentru sudura Extractor de fum Hota de extractie a fumului Sistem extractie praf Duza duala Fereastra de evacuare Filtru de carbon pentru hota Capot\u0103 de evacuare a fumului cu diametru interior pentru conectare la tub PVC cu supap\u0103, extra mare, p\u0103trat\u0103 pentru moxibustie, capot\u0103 de aspira\u021bie a fumului, capot\u0103 de colectare a fumului"},"content":{"rendered":"<p>1.Extrage eficient fumul \u0219i particulele fine cu ajutorul duzei noastre specializate pentru laser \u0219i sudur\u0103.<br \/>\n2.Design ergonomic cu gur\u0103 de ra\u021b\u0103, asigur\u00e2nd o captare optim\u0103 a fumului \u00een mediile industriale.<br \/>\n3.Realizat din materiale rezistente, perfect pentru utilizare prelungit\u0103 \u00een ateliere sau spa\u021bii de produc\u021bie.<br \/>\n4.Versatil \u0219i potrivit pentru multiple aplica\u021bii, inclusiv ventila\u021bie \u0219i evacuare a fumului de sudur\u0103.<br \/>\n5.U\u0219or de instalat \u0219i utilizat, oferind o solu\u021bie practic\u0103 pentru men\u021binerea unui mediu de lucru curat.<\/p>\n","protected":false},"excerpt":{"rendered":"<p>1.Extrage eficient fumul \u0219i particulele fine cu ajutorul duzei noastre specializate pentru laser \u0219i sudur\u0103. 2.Design ergonomic cu gur\u0103 de [&hellip;]<\/p>\n","protected":false},"featured_media":17346,"comment_status":"open","ping_status":"closed","template":"","meta":{"site-sidebar-layout":"default","site-content-layout":"","ast-site-content-layout":"default","site-content-style":"default","site-sidebar-style":"default","ast-global-header-display":"","ast-banner-title-visibility":"","ast-main-header-display":"","ast-hfb-above-header-display":"","ast-hfb-below-header-display":"","ast-hfb-mobile-header-display":"","site-post-title":"","ast-breadcrumbs-content":"","ast-featured-img":"","footer-sml-layout":"","theme-transparent-header-meta":"default","adv-header-id-meta":"","stick-header-meta":"","header-above-stick-meta":"","header-main-stick-meta":"","header-below-stick-meta":"","astra-migrate-meta-layouts":"set","ast-page-background-enabled":"default","ast-page-background-meta":{"desktop":{"background-color":"var(--ast-global-color-4)","background-image":"","background-repeat":"repeat","background-position":"center center","background-size":"auto","background-attachment":"scroll","background-type":"","background-media":"","overlay-type":"","overlay-color":"","overlay-opacity":"","overlay-gradient":""},"tablet":{"background-color":"","background-image":"","background-repeat":"repeat","background-position":"center center","background-size":"auto","background-attachment":"scroll","background-type":"","background-media":"","overlay-type":"","overlay-color":"","overlay-opacity":"","overlay-gradient":""},"mobile":{"background-color":"","background-image":"","background-repeat":"repeat","background-position":"center center","background-size":"auto","background-attachment":"scroll","background-type":"","background-media":"","overlay-type":"","overlay-color":"","overlay-opacity":"","overlay-gradient":""}},"ast-content-background-meta":{"desktop":{"background-color":"var(--ast-global-color-5)","background-image":"","background-repeat":"repeat","background-position":"center center","background-size":"auto","background-attachment":"scroll","background-type":"","background-media":"","overlay-type":"","overlay-color":"","overlay-opacity":"","overlay-gradient":""},"tablet":{"background-color":"var(--ast-global-color-5)","background-image":"","background-repeat":"repeat","background-position":"center center","background-size":"auto","background-attachment":"scroll","background-type":"","background-media":"","overlay-type":"","overlay-color":"","overlay-opacity":"","overlay-gradient":""},"mobile":{"background-color":"var(--ast-global-color-5)","background-image":"","background-repeat":"repeat","background-position":"center center","background-size":"auto","background-attachment":"scroll","background-type":"","background-media":"","overlay-type":"","overlay-color":"","overlay-opacity":"","overlay-gradient":""}}},"product_brand":[],"product_cat":[1532,1090],"product_tag":[1533,1817],"class_list":{"0":"post-17568","1":"product","2":"type-product","3":"status-publish","4":"has-post-thumbnail","6":"product_cat-accesorii-pentru-purificarea-fumului","7":"product_cat-echipamente-industriale-si-comerciale","8":"product_tag-echipament-de-extractie-a-fumului","9":"product_tag-hota-ventilata-cu-supapa","10":"desktop-align-left","11":"tablet-align-left","12":"mobile-align-left","14":"first","15":"instock","16":"sale","17":"shipping-taxable","18":"purchasable","19":"product-type-variable"},"yoast_head":"<!-- This site is optimized with the Yoast SEO plugin v24.9 - https:\/\/yoast.com\/wordpress\/plugins\/seo\/ -->\r\n<title>Extractor fum laser sudura Capota PVC supapa Plastica -Induzon<\/title>\r\n<meta name=\"description\" content=\"Sistem de extractie a fumului pentru sudura cu hota, duza, si filtru de carbon, pentru controlul eficient al fumului \u0219i prafului.\" \/>\r\n<meta name=\"robots\" content=\"index, follow, max-snippet:-1, max-image-preview:large, max-video-preview:-1\" \/>\r\n<link rel=\"canonical\" href=\"https:\/\/induzon.com\/ro\/produs\/duza-de-extractie-a-fumului-cu-laser-pentru-sudura-extractor-de-fum-hota-de-extractie-a-fumului-sistem-extractie-praf-duza-duala-fereastra-de-evacuare-filtru-de-carbon-pentru-hota-capota-de-evacuare-a\/\" \/>\r\n<meta property=\"og:locale\" content=\"ro_RO\" \/>\r\n<meta property=\"og:type\" content=\"article\" \/>\r\n<meta property=\"og:title\" content=\"Extractor fum laser sudura Capota PVC supapa Plastica -Induzon\" \/>\r\n<meta property=\"og:description\" content=\"Sistem de extractie a fumului pentru sudura cu hota, duza, si filtru de carbon, pentru controlul eficient al fumului \u0219i prafului.\" \/>\r\n<meta property=\"og:url\" content=\"https:\/\/induzon.com\/ro\/produs\/duza-de-extractie-a-fumului-cu-laser-pentru-sudura-extractor-de-fum-hota-de-extractie-a-fumului-sistem-extractie-praf-duza-duala-fereastra-de-evacuare-filtru-de-carbon-pentru-hota-capota-de-evacuare-a\/\" \/>\r\n<meta property=\"og:site_name\" content=\"induzon\" \/>\r\n<meta property=\"article:modified_time\" content=\"2025-12-02T02:47:09+00:00\" \/>\r\n<meta property=\"og:image\" content=\"https:\/\/induzon.com\/wp-content\/uploads\/2025\/07\/\u56fe-4-8.jpg\" \/>\r\n\t<meta property=\"og:image:width\" content=\"1500\" \/>\r\n\t<meta property=\"og:image:height\" content=\"1500\" \/>\r\n\t<meta property=\"og:image:type\" content=\"image\/jpeg\" \/>\r\n<meta name=\"twitter:card\" content=\"summary_large_image\" \/>\r\n<meta name=\"twitter:label1\" content=\"Timp estimat pentru citire\" \/>\n\t<meta name=\"twitter:data1\" content=\"1 minute\" \/>\r\n<script type=\"application\/ld+json\" class=\"yoast-schema-graph\">{\"@context\":\"https:\/\/schema.org\",\"@graph\":[{\"@type\":\"WebPage\",\"@id\":\"https:\/\/induzon.com\/ro\/produs\/duza-de-extractie-a-fumului-cu-laser-pentru-sudura-extractor-de-fum-hota-de-extractie-a-fumului-sistem-extractie-praf-duza-duala-fereastra-de-evacuare-filtru-de-carbon-pentru-hota-capota-de-evacuare-a\/\",\"url\":\"https:\/\/induzon.com\/ro\/produs\/duza-de-extractie-a-fumului-cu-laser-pentru-sudura-extractor-de-fum-hota-de-extractie-a-fumului-sistem-extractie-praf-duza-duala-fereastra-de-evacuare-filtru-de-carbon-pentru-hota-capota-de-evacuare-a\/\",\"name\":\"Extractor fum laser sudura Capota PVC supapa Plastica -Induzon\",\"isPartOf\":{\"@id\":\"https:\/\/induzon.com\/ro\/#website\"},\"primaryImageOfPage\":{\"@id\":\"https:\/\/induzon.com\/ro\/produs\/duza-de-extractie-a-fumului-cu-laser-pentru-sudura-extractor-de-fum-hota-de-extractie-a-fumului-sistem-extractie-praf-duza-duala-fereastra-de-evacuare-filtru-de-carbon-pentru-hota-capota-de-evacuare-a\/#primaryimage\"},\"image\":{\"@id\":\"https:\/\/induzon.com\/ro\/produs\/duza-de-extractie-a-fumului-cu-laser-pentru-sudura-extractor-de-fum-hota-de-extractie-a-fumului-sistem-extractie-praf-duza-duala-fereastra-de-evacuare-filtru-de-carbon-pentru-hota-capota-de-evacuare-a\/#primaryimage\"},\"thumbnailUrl\":\"https:\/\/induzon.com\/wp-content\/uploads\/2025\/07\/\u56fe-4-8.jpg\",\"datePublished\":\"2025-07-10T03:19:56+00:00\",\"dateModified\":\"2025-12-02T02:47:09+00:00\",\"description\":\"Sistem de extractie a fumului pentru sudura cu hota, duza, si filtru de carbon, pentru controlul eficient al fumului \u0219i prafului.\",\"breadcrumb\":{\"@id\":\"https:\/\/induzon.com\/ro\/produs\/duza-de-extractie-a-fumului-cu-laser-pentru-sudura-extractor-de-fum-hota-de-extractie-a-fumului-sistem-extractie-praf-duza-duala-fereastra-de-evacuare-filtru-de-carbon-pentru-hota-capota-de-evacuare-a\/#breadcrumb\"},\"inLanguage\":\"ro-RO\",\"potentialAction\":[{\"@type\":\"ReadAction\",\"target\":[\"https:\/\/induzon.com\/ro\/produs\/duza-de-extractie-a-fumului-cu-laser-pentru-sudura-extractor-de-fum-hota-de-extractie-a-fumului-sistem-extractie-praf-duza-duala-fereastra-de-evacuare-filtru-de-carbon-pentru-hota-capota-de-evacuare-a\/\"]}]},{\"@type\":\"ImageObject\",\"inLanguage\":\"ro-RO\",\"@id\":\"https:\/\/induzon.com\/ro\/produs\/duza-de-extractie-a-fumului-cu-laser-pentru-sudura-extractor-de-fum-hota-de-extractie-a-fumului-sistem-extractie-praf-duza-duala-fereastra-de-evacuare-filtru-de-carbon-pentru-hota-capota-de-evacuare-a\/#primaryimage\",\"url\":\"https:\/\/induzon.com\/wp-content\/uploads\/2025\/07\/\u56fe-4-8.jpg\",\"contentUrl\":\"https:\/\/induzon.com\/wp-content\/uploads\/2025\/07\/\u56fe-4-8.jpg\",\"width\":1500,\"height\":1500,\"caption\":\"Sistem de extractie a fumului pentru sudura cu hota, duza, si filtru de carbon, pentru controlul eficient al fumului \u0219i prafului.\"},{\"@type\":\"BreadcrumbList\",\"@id\":\"https:\/\/induzon.com\/ro\/produs\/duza-de-extractie-a-fumului-cu-laser-pentru-sudura-extractor-de-fum-hota-de-extractie-a-fumului-sistem-extractie-praf-duza-duala-fereastra-de-evacuare-filtru-de-carbon-pentru-hota-capota-de-evacuare-a\/#breadcrumb\",\"itemListElement\":[{\"@type\":\"ListItem\",\"position\":1,\"name\":\"\u9996\u9875\",\"item\":\"https:\/\/induzon.com\/ro\/acasa\/\"},{\"@type\":\"ListItem\",\"position\":2,\"name\":\"Magazin\",\"item\":\"https:\/\/induzon.com\/ro\/magazin\/\"},{\"@type\":\"ListItem\",\"position\":3,\"name\":\"Duz\u0103 de extrac\u021bie a fumului cu laser pentru sudura Extractor de fum Hota de extractie a fumului Sistem extractie praf Duza duala Fereastra de evacuare Filtru de carbon pentru hota Capot\u0103 de evacuare a fumului cu diametru interior pentru conectare la tub PVC cu supap\u0103, extra mare, p\u0103trat\u0103 pentru moxibustie, capot\u0103 de aspira\u021bie a fumului, capot\u0103 de colectare a fumului\"}]},{\"@type\":\"WebSite\",\"@id\":\"https:\/\/induzon.com\/ro\/#website\",\"url\":\"https:\/\/induzon.com\/ro\/\",\"name\":\"induzon\",\"description\":\"\",\"publisher\":{\"@id\":\"https:\/\/induzon.com\/ro\/#organization\"},\"potentialAction\":[{\"@type\":\"SearchAction\",\"target\":{\"@type\":\"EntryPoint\",\"urlTemplate\":\"https:\/\/induzon.com\/ro\/?s={search_term_string}\"},\"query-input\":{\"@type\":\"PropertyValueSpecification\",\"valueRequired\":true,\"valueName\":\"search_term_string\"}}],\"inLanguage\":\"ro-RO\"},{\"@type\":\"Organization\",\"@id\":\"https:\/\/induzon.com\/ro\/#organization\",\"name\":\"induzon\",\"url\":\"https:\/\/induzon.com\/ro\/\",\"logo\":{\"@type\":\"ImageObject\",\"inLanguage\":\"ro-RO\",\"@id\":\"https:\/\/induzon.com\/ro\/#\/schema\/logo\/image\/\",\"url\":\"https:\/\/induzon.com\/wp-content\/uploads\/2025\/05\/cropped-026.png\",\"contentUrl\":\"https:\/\/induzon.com\/wp-content\/uploads\/2025\/05\/cropped-026.png\",\"width\":512,\"height\":512,\"caption\":\"induzon\"},\"image\":{\"@id\":\"https:\/\/induzon.com\/ro\/#\/schema\/logo\/image\/\"}}]}<\/script>\r\n<!-- \/ Yoast SEO plugin. -->","yoast_head_json":{"title":"Extractor fum laser sudura Capota PVC supapa Plastica -Induzon","description":"Sistem de extractie a fumului pentru sudura cu hota, duza, si filtru de carbon, pentru controlul eficient al fumului \u0219i prafului.","robots":{"index":"index","follow":"follow","max-snippet":"max-snippet:-1","max-image-preview":"max-image-preview:large","max-video-preview":"max-video-preview:-1"},"canonical":"https:\/\/induzon.com\/ro\/produs\/duza-de-extractie-a-fumului-cu-laser-pentru-sudura-extractor-de-fum-hota-de-extractie-a-fumului-sistem-extractie-praf-duza-duala-fereastra-de-evacuare-filtru-de-carbon-pentru-hota-capota-de-evacuare-a\/","og_locale":"ro_RO","og_type":"article","og_title":"Extractor fum laser sudura Capota PVC supapa Plastica -Induzon","og_description":"Sistem de extractie a fumului pentru sudura cu hota, duza, si filtru de carbon, pentru controlul eficient al fumului \u0219i prafului.","og_url":"https:\/\/induzon.com\/ro\/produs\/duza-de-extractie-a-fumului-cu-laser-pentru-sudura-extractor-de-fum-hota-de-extractie-a-fumului-sistem-extractie-praf-duza-duala-fereastra-de-evacuare-filtru-de-carbon-pentru-hota-capota-de-evacuare-a\/","og_site_name":"induzon","article_modified_time":"2025-12-02T02:47:09+00:00","og_image":[{"width":1500,"height":1500,"url":"https:\/\/induzon.com\/wp-content\/uploads\/2025\/07\/\u56fe-4-8.jpg","type":"image\/jpeg"}],"twitter_card":"summary_large_image","twitter_misc":{"Timp estimat pentru citire":"1 minute"},"schema":{"@context":"https:\/\/schema.org","@graph":[{"@type":"WebPage","@id":"https:\/\/induzon.com\/ro\/produs\/duza-de-extractie-a-fumului-cu-laser-pentru-sudura-extractor-de-fum-hota-de-extractie-a-fumului-sistem-extractie-praf-duza-duala-fereastra-de-evacuare-filtru-de-carbon-pentru-hota-capota-de-evacuare-a\/","url":"https:\/\/induzon.com\/ro\/produs\/duza-de-extractie-a-fumului-cu-laser-pentru-sudura-extractor-de-fum-hota-de-extractie-a-fumului-sistem-extractie-praf-duza-duala-fereastra-de-evacuare-filtru-de-carbon-pentru-hota-capota-de-evacuare-a\/","name":"Extractor fum laser sudura Capota PVC supapa Plastica -Induzon","isPartOf":{"@id":"https:\/\/induzon.com\/ro\/#website"},"primaryImageOfPage":{"@id":"https:\/\/induzon.com\/ro\/produs\/duza-de-extractie-a-fumului-cu-laser-pentru-sudura-extractor-de-fum-hota-de-extractie-a-fumului-sistem-extractie-praf-duza-duala-fereastra-de-evacuare-filtru-de-carbon-pentru-hota-capota-de-evacuare-a\/#primaryimage"},"image":{"@id":"https:\/\/induzon.com\/ro\/produs\/duza-de-extractie-a-fumului-cu-laser-pentru-sudura-extractor-de-fum-hota-de-extractie-a-fumului-sistem-extractie-praf-duza-duala-fereastra-de-evacuare-filtru-de-carbon-pentru-hota-capota-de-evacuare-a\/#primaryimage"},"thumbnailUrl":"https:\/\/induzon.com\/wp-content\/uploads\/2025\/07\/\u56fe-4-8.jpg","datePublished":"2025-07-10T03:19:56+00:00","dateModified":"2025-12-02T02:47:09+00:00","description":"Sistem de extractie a fumului pentru sudura cu hota, duza, si filtru de carbon, pentru controlul eficient al fumului \u0219i prafului.","breadcrumb":{"@id":"https:\/\/induzon.com\/ro\/produs\/duza-de-extractie-a-fumului-cu-laser-pentru-sudura-extractor-de-fum-hota-de-extractie-a-fumului-sistem-extractie-praf-duza-duala-fereastra-de-evacuare-filtru-de-carbon-pentru-hota-capota-de-evacuare-a\/#breadcrumb"},"inLanguage":"ro-RO","potentialAction":[{"@type":"ReadAction","target":["https:\/\/induzon.com\/ro\/produs\/duza-de-extractie-a-fumului-cu-laser-pentru-sudura-extractor-de-fum-hota-de-extractie-a-fumului-sistem-extractie-praf-duza-duala-fereastra-de-evacuare-filtru-de-carbon-pentru-hota-capota-de-evacuare-a\/"]}]},{"@type":"ImageObject","inLanguage":"ro-RO","@id":"https:\/\/induzon.com\/ro\/produs\/duza-de-extractie-a-fumului-cu-laser-pentru-sudura-extractor-de-fum-hota-de-extractie-a-fumului-sistem-extractie-praf-duza-duala-fereastra-de-evacuare-filtru-de-carbon-pentru-hota-capota-de-evacuare-a\/#primaryimage","url":"https:\/\/induzon.com\/wp-content\/uploads\/2025\/07\/\u56fe-4-8.jpg","contentUrl":"https:\/\/induzon.com\/wp-content\/uploads\/2025\/07\/\u56fe-4-8.jpg","width":1500,"height":1500,"caption":"Sistem de extractie a fumului pentru sudura cu hota, duza, si filtru de carbon, pentru controlul eficient al fumului \u0219i prafului."},{"@type":"BreadcrumbList","@id":"https:\/\/induzon.com\/ro\/produs\/duza-de-extractie-a-fumului-cu-laser-pentru-sudura-extractor-de-fum-hota-de-extractie-a-fumului-sistem-extractie-praf-duza-duala-fereastra-de-evacuare-filtru-de-carbon-pentru-hota-capota-de-evacuare-a\/#breadcrumb","itemListElement":[{"@type":"ListItem","position":1,"name":"\u9996\u9875","item":"https:\/\/induzon.com\/ro\/acasa\/"},{"@type":"ListItem","position":2,"name":"Magazin","item":"https:\/\/induzon.com\/ro\/magazin\/"},{"@type":"ListItem","position":3,"name":"Duz\u0103 de extrac\u021bie a fumului cu laser pentru sudura Extractor de fum Hota de extractie a fumului Sistem extractie praf Duza duala Fereastra de evacuare Filtru de carbon pentru hota Capot\u0103 de evacuare a fumului cu diametru interior pentru conectare la tub PVC cu supap\u0103, extra mare, p\u0103trat\u0103 pentru moxibustie, capot\u0103 de aspira\u021bie a fumului, capot\u0103 de colectare a fumului"}]},{"@type":"WebSite","@id":"https:\/\/induzon.com\/ro\/#website","url":"https:\/\/induzon.com\/ro\/","name":"induzon","description":"","publisher":{"@id":"https:\/\/induzon.com\/ro\/#organization"},"potentialAction":[{"@type":"SearchAction","target":{"@type":"EntryPoint","urlTemplate":"https:\/\/induzon.com\/ro\/?s={search_term_string}"},"query-input":{"@type":"PropertyValueSpecification","valueRequired":true,"valueName":"search_term_string"}}],"inLanguage":"ro-RO"},{"@type":"Organization","@id":"https:\/\/induzon.com\/ro\/#organization","name":"induzon","url":"https:\/\/induzon.com\/ro\/","logo":{"@type":"ImageObject","inLanguage":"ro-RO","@id":"https:\/\/induzon.com\/ro\/#\/schema\/logo\/image\/","url":"https:\/\/induzon.com\/wp-content\/uploads\/2025\/05\/cropped-026.png","contentUrl":"https:\/\/induzon.com\/wp-content\/uploads\/2025\/05\/cropped-026.png","width":512,"height":512,"caption":"induzon"},"image":{"@id":"https:\/\/induzon.com\/ro\/#\/schema\/logo\/image\/"}}]}},"_links":{"self":[{"href":"https:\/\/induzon.com\/ro\/wp-json\/wp\/v2\/product\/17568","targetHints":{"allow":["GET"]}}],"collection":[{"href":"https:\/\/induzon.com\/ro\/wp-json\/wp\/v2\/product"}],"about":[{"href":"https:\/\/induzon.com\/ro\/wp-json\/wp\/v2\/types\/product"}],"replies":[{"embeddable":true,"href":"https:\/\/induzon.com\/ro\/wp-json\/wp\/v2\/comments?post=17568"}],"version-history":[{"count":2,"href":"https:\/\/induzon.com\/ro\/wp-json\/wp\/v2\/product\/17568\/revisions"}],"predecessor-version":[{"id":28139,"href":"https:\/\/induzon.com\/ro\/wp-json\/wp\/v2\/product\/17568\/revisions\/28139"}],"wp:featuredmedia":[{"embeddable":true,"href":"https:\/\/induzon.com\/ro\/wp-json\/wp\/v2\/media\/17346"}],"wp:attachment":[{"href":"https:\/\/induzon.com\/ro\/wp-json\/wp\/v2\/media?parent=17568"}],"wp:term":[{"taxonomy":"product_brand","embeddable":true,"href":"https:\/\/induzon.com\/ro\/wp-json\/wp\/v2\/product_brand?post=17568"},{"taxonomy":"product_cat","embeddable":true,"href":"https:\/\/induzon.com\/ro\/wp-json\/wp\/v2\/product_cat?post=17568"},{"taxonomy":"product_tag","embeddable":true,"href":"https:\/\/induzon.com\/ro\/wp-json\/wp\/v2\/product_tag?post=17568"}],"curies":[{"name":"wp","href":"https:\/\/api.w.org\/{rel}","templated":true}]}}