{"id":18764,"date":"2025-07-18T13:35:58","date_gmt":"2025-07-18T05:35:58","guid":{"rendered":"https:\/\/induzon.com\/shop\/racitor-de-ulei-sudat-din-fier-cu-aripioare-din-aluminiu-hidraulic-cu-ventilator-pentru-mini-excavator-si-statie-hidraulica-pentru-masina-de-taiat-fier-kit-de-racire-uleiului-hidraulic-radiator-racire\/"},"modified":"2025-12-30T09:35:17","modified_gmt":"2025-12-30T01:35:17","slug":"racitor-de-ulei-sudat-din-fier-cu-aripioare-din-aluminiu-hidraulic-cu-ventilator-pentru-mini-excavator-si-statie-hidraulica-pentru-masina-de-taiat-fier-kit-de-racire-uleiului-hidraulic-radiator-racire","status":"publish","type":"product","link":"https:\/\/induzon.com\/ro\/produs\/racitor-de-ulei-sudat-din-fier-cu-aripioare-din-aluminiu-hidraulic-cu-ventilator-pentru-mini-excavator-si-statie-hidraulica-pentru-masina-de-taiat-fier-kit-de-racire-uleiului-hidraulic-radiator-racire\/","title":{"rendered":"Racitor de ulei sudat din fier cu aripioare din aluminiu hidraulic cu ventilator pentru mini excavator \u0219i sta\u021bie hidraulic\u0103 pentru ma\u0219in\u0103 de t\u0103iat fier kit de r\u0103cire uleiului hidraulic radiator racire ulei racitor aer motor de aer cu ghea\u021b\u0103"},"content":{"rendered":"<p>1.R\u0103citor hidraulic cu ventilator pentru r\u0103cire eficient\u0103 a uleiului \u00een mini-excavatoare<br \/>\n2.Kit complet de r\u0103cire hidraulic\u0103, u\u0219or de instalat pe mini-excavatoare \u0219i alte vehicule<br \/>\n3.Construc\u021bie durabil\u0103 \u0219i performant\u0103, proiectat\u0103 pentru medii de lucru exigente<br \/>\n4.Ventilator 12V asigur\u0103 o r\u0103cire optim\u0103, men\u021bin\u00e2nd temperatura uleiului sub control<br \/>\n5.Compatibil cu majoritatea modelelor de mini-excavatoare, asigur\u00e2nd o func\u021bionare f\u0103r\u0103 probleme<\/p>\n","protected":false},"excerpt":{"rendered":"<p>1.R\u0103citor hidraulic cu ventilator pentru r\u0103cire eficient\u0103 a uleiului \u00een mini-excavatoare 2.Kit complet de r\u0103cire hidraulic\u0103, u\u0219or de instalat pe [&hellip;]<\/p>\n","protected":false},"featured_media":18669,"comment_status":"open","ping_status":"closed","template":"","meta":{"site-sidebar-layout":"default","site-content-layout":"","ast-site-content-layout":"default","site-content-style":"default","site-sidebar-style":"default","ast-global-header-display":"","ast-banner-title-visibility":"","ast-main-header-display":"","ast-hfb-above-header-display":"","ast-hfb-below-header-display":"","ast-hfb-mobile-header-display":"","site-post-title":"","ast-breadcrumbs-content":"","ast-featured-img":"","footer-sml-layout":"","theme-transparent-header-meta":"default","adv-header-id-meta":"","stick-header-meta":"","header-above-stick-meta":"","header-main-stick-meta":"","header-below-stick-meta":"","astra-migrate-meta-layouts":"set","ast-page-background-enabled":"default","ast-page-background-meta":{"desktop":{"background-color":"var(--ast-global-color-4)","background-image":"","background-repeat":"repeat","background-position":"center center","background-size":"auto","background-attachment":"scroll","background-type":"","background-media":"","overlay-type":"","overlay-color":"","overlay-opacity":"","overlay-gradient":""},"tablet":{"background-color":"","background-image":"","background-repeat":"repeat","background-position":"center center","background-size":"auto","background-attachment":"scroll","background-type":"","background-media":"","overlay-type":"","overlay-color":"","overlay-opacity":"","overlay-gradient":""},"mobile":{"background-color":"","background-image":"","background-repeat":"repeat","background-position":"center center","background-size":"auto","background-attachment":"scroll","background-type":"","background-media":"","overlay-type":"","overlay-color":"","overlay-opacity":"","overlay-gradient":""}},"ast-content-background-meta":{"desktop":{"background-color":"var(--ast-global-color-5)","background-image":"","background-repeat":"repeat","background-position":"center center","background-size":"auto","background-attachment":"scroll","background-type":"","background-media":"","overlay-type":"","overlay-color":"","overlay-opacity":"","overlay-gradient":""},"tablet":{"background-color":"var(--ast-global-color-5)","background-image":"","background-repeat":"repeat","background-position":"center center","background-size":"auto","background-attachment":"scroll","background-type":"","background-media":"","overlay-type":"","overlay-color":"","overlay-opacity":"","overlay-gradient":""},"mobile":{"background-color":"var(--ast-global-color-5)","background-image":"","background-repeat":"repeat","background-position":"center center","background-size":"auto","background-attachment":"scroll","background-type":"","background-media":"","overlay-type":"","overlay-color":"","overlay-opacity":"","overlay-gradient":""}}},"product_brand":[],"product_cat":[1616,1618,1617],"product_tag":[1619],"class_list":{"0":"post-18764","1":"product","2":"type-product","3":"status-publish","4":"has-post-thumbnail","6":"product_cat-masini-si-produse-industriale","7":"product_cat-racitor-de-ulei","8":"product_cat-sistem-de-racire","9":"product_tag-racitor-de-aer","10":"desktop-align-left","11":"tablet-align-left","12":"mobile-align-left","14":"first","15":"instock","16":"sale","17":"shipping-taxable","18":"purchasable","19":"product-type-variable"},"yoast_head":"<!-- This site is optimized with the Yoast SEO plugin v24.9 - https:\/\/yoast.com\/wordpress\/plugins\/seo\/ -->\r\n<title>Racitor de ulei hidraulic cu ventilator -Induzon<\/title>\r\n<meta name=\"description\" content=\"R\u0103citor ulei hidraulic cu ventilator pentru utilaje. Kituri r\u0103cire motor, radiatoare electrice, sisteme industriale Racitor de ulei hidraulic cu ventilator\" \/>\r\n<meta name=\"robots\" content=\"index, follow, max-snippet:-1, max-image-preview:large, max-video-preview:-1\" \/>\r\n<link rel=\"canonical\" href=\"https:\/\/induzon.com\/ro\/produs\/racitor-de-ulei-sudat-din-fier-cu-aripioare-din-aluminiu-hidraulic-cu-ventilator-pentru-mini-excavator-si-statie-hidraulica-pentru-masina-de-taiat-fier-kit-de-racire-uleiului-hidraulic-radiator-racire\/\" \/>\r\n<meta property=\"og:locale\" content=\"ro_RO\" \/>\r\n<meta property=\"og:type\" content=\"article\" \/>\r\n<meta property=\"og:title\" content=\"Racitor de ulei hidraulic cu ventilator -Induzon\" \/>\r\n<meta property=\"og:description\" content=\"R\u0103citor ulei hidraulic cu ventilator pentru utilaje. Kituri r\u0103cire motor, radiatoare electrice, sisteme industriale Racitor de ulei hidraulic cu ventilator\" \/>\r\n<meta property=\"og:url\" content=\"https:\/\/induzon.com\/ro\/produs\/racitor-de-ulei-sudat-din-fier-cu-aripioare-din-aluminiu-hidraulic-cu-ventilator-pentru-mini-excavator-si-statie-hidraulica-pentru-masina-de-taiat-fier-kit-de-racire-uleiului-hidraulic-radiator-racire\/\" \/>\r\n<meta property=\"og:site_name\" content=\"induzon\" \/>\r\n<meta property=\"article:modified_time\" content=\"2025-12-30T01:35:17+00:00\" \/>\r\n<meta property=\"og:image\" content=\"https:\/\/induzon.com\/wp-content\/uploads\/2025\/07\/\u56fe-2-10.jpg\" \/>\r\n\t<meta property=\"og:image:width\" content=\"1500\" \/>\r\n\t<meta property=\"og:image:height\" content=\"1500\" \/>\r\n\t<meta property=\"og:image:type\" content=\"image\/jpeg\" \/>\r\n<meta name=\"twitter:card\" content=\"summary_large_image\" \/>\r\n<meta name=\"twitter:label1\" content=\"Timp estimat pentru citire\" \/>\n\t<meta name=\"twitter:data1\" content=\"1 minute\" \/>\r\n<script type=\"application\/ld+json\" class=\"yoast-schema-graph\">{\"@context\":\"https:\/\/schema.org\",\"@graph\":[{\"@type\":\"WebPage\",\"@id\":\"https:\/\/induzon.com\/ro\/produs\/racitor-de-ulei-sudat-din-fier-cu-aripioare-din-aluminiu-hidraulic-cu-ventilator-pentru-mini-excavator-si-statie-hidraulica-pentru-masina-de-taiat-fier-kit-de-racire-uleiului-hidraulic-radiator-racire\/\",\"url\":\"https:\/\/induzon.com\/ro\/produs\/racitor-de-ulei-sudat-din-fier-cu-aripioare-din-aluminiu-hidraulic-cu-ventilator-pentru-mini-excavator-si-statie-hidraulica-pentru-masina-de-taiat-fier-kit-de-racire-uleiului-hidraulic-radiator-racire\/\",\"name\":\"Racitor de ulei hidraulic cu ventilator -Induzon\",\"isPartOf\":{\"@id\":\"https:\/\/induzon.com\/ro\/#website\"},\"primaryImageOfPage\":{\"@id\":\"https:\/\/induzon.com\/ro\/produs\/racitor-de-ulei-sudat-din-fier-cu-aripioare-din-aluminiu-hidraulic-cu-ventilator-pentru-mini-excavator-si-statie-hidraulica-pentru-masina-de-taiat-fier-kit-de-racire-uleiului-hidraulic-radiator-racire\/#primaryimage\"},\"image\":{\"@id\":\"https:\/\/induzon.com\/ro\/produs\/racitor-de-ulei-sudat-din-fier-cu-aripioare-din-aluminiu-hidraulic-cu-ventilator-pentru-mini-excavator-si-statie-hidraulica-pentru-masina-de-taiat-fier-kit-de-racire-uleiului-hidraulic-radiator-racire\/#primaryimage\"},\"thumbnailUrl\":\"https:\/\/induzon.com\/wp-content\/uploads\/2025\/07\/\u56fe-2-10.jpg\",\"datePublished\":\"2025-07-18T05:35:58+00:00\",\"dateModified\":\"2025-12-30T01:35:17+00:00\",\"description\":\"R\u0103citor ulei hidraulic cu ventilator pentru utilaje. Kituri r\u0103cire motor, radiatoare electrice, sisteme industriale Racitor de ulei hidraulic cu ventilator\",\"breadcrumb\":{\"@id\":\"https:\/\/induzon.com\/ro\/produs\/racitor-de-ulei-sudat-din-fier-cu-aripioare-din-aluminiu-hidraulic-cu-ventilator-pentru-mini-excavator-si-statie-hidraulica-pentru-masina-de-taiat-fier-kit-de-racire-uleiului-hidraulic-radiator-racire\/#breadcrumb\"},\"inLanguage\":\"ro-RO\",\"potentialAction\":[{\"@type\":\"ReadAction\",\"target\":[\"https:\/\/induzon.com\/ro\/produs\/racitor-de-ulei-sudat-din-fier-cu-aripioare-din-aluminiu-hidraulic-cu-ventilator-pentru-mini-excavator-si-statie-hidraulica-pentru-masina-de-taiat-fier-kit-de-racire-uleiului-hidraulic-radiator-racire\/\"]}]},{\"@type\":\"ImageObject\",\"inLanguage\":\"ro-RO\",\"@id\":\"https:\/\/induzon.com\/ro\/produs\/racitor-de-ulei-sudat-din-fier-cu-aripioare-din-aluminiu-hidraulic-cu-ventilator-pentru-mini-excavator-si-statie-hidraulica-pentru-masina-de-taiat-fier-kit-de-racire-uleiului-hidraulic-radiator-racire\/#primaryimage\",\"url\":\"https:\/\/induzon.com\/wp-content\/uploads\/2025\/07\/\u56fe-2-10.jpg\",\"contentUrl\":\"https:\/\/induzon.com\/wp-content\/uploads\/2025\/07\/\u56fe-2-10.jpg\",\"width\":1500,\"height\":1500,\"caption\":\"Racitor de ulei hidraulic cu ventilator\"},{\"@type\":\"BreadcrumbList\",\"@id\":\"https:\/\/induzon.com\/ro\/produs\/racitor-de-ulei-sudat-din-fier-cu-aripioare-din-aluminiu-hidraulic-cu-ventilator-pentru-mini-excavator-si-statie-hidraulica-pentru-masina-de-taiat-fier-kit-de-racire-uleiului-hidraulic-radiator-racire\/#breadcrumb\",\"itemListElement\":[{\"@type\":\"ListItem\",\"position\":1,\"name\":\"\u9996\u9875\",\"item\":\"https:\/\/induzon.com\/ro\/acasa\/\"},{\"@type\":\"ListItem\",\"position\":2,\"name\":\"Magazin\",\"item\":\"https:\/\/induzon.com\/ro\/magazin\/\"},{\"@type\":\"ListItem\",\"position\":3,\"name\":\"Racitor de ulei sudat din fier cu aripioare din aluminiu hidraulic cu ventilator pentru mini excavator \u0219i sta\u021bie hidraulic\u0103 pentru ma\u0219in\u0103 de t\u0103iat fier kit de r\u0103cire uleiului hidraulic radiator racire ulei racitor aer motor de aer cu ghea\u021b\u0103\"}]},{\"@type\":\"WebSite\",\"@id\":\"https:\/\/induzon.com\/ro\/#website\",\"url\":\"https:\/\/induzon.com\/ro\/\",\"name\":\"induzon\",\"description\":\"\",\"publisher\":{\"@id\":\"https:\/\/induzon.com\/ro\/#organization\"},\"potentialAction\":[{\"@type\":\"SearchAction\",\"target\":{\"@type\":\"EntryPoint\",\"urlTemplate\":\"https:\/\/induzon.com\/ro\/?s={search_term_string}\"},\"query-input\":{\"@type\":\"PropertyValueSpecification\",\"valueRequired\":true,\"valueName\":\"search_term_string\"}}],\"inLanguage\":\"ro-RO\"},{\"@type\":\"Organization\",\"@id\":\"https:\/\/induzon.com\/ro\/#organization\",\"name\":\"induzon\",\"url\":\"https:\/\/induzon.com\/ro\/\",\"logo\":{\"@type\":\"ImageObject\",\"inLanguage\":\"ro-RO\",\"@id\":\"https:\/\/induzon.com\/ro\/#\/schema\/logo\/image\/\",\"url\":\"https:\/\/induzon.com\/wp-content\/uploads\/2025\/05\/cropped-026.png\",\"contentUrl\":\"https:\/\/induzon.com\/wp-content\/uploads\/2025\/05\/cropped-026.png\",\"width\":512,\"height\":512,\"caption\":\"induzon\"},\"image\":{\"@id\":\"https:\/\/induzon.com\/ro\/#\/schema\/logo\/image\/\"}}]}<\/script>\r\n<!-- \/ Yoast SEO plugin. -->","yoast_head_json":{"title":"Racitor de ulei hidraulic cu ventilator -Induzon","description":"R\u0103citor ulei hidraulic cu ventilator pentru utilaje. Kituri r\u0103cire motor, radiatoare electrice, sisteme industriale Racitor de ulei hidraulic cu ventilator","robots":{"index":"index","follow":"follow","max-snippet":"max-snippet:-1","max-image-preview":"max-image-preview:large","max-video-preview":"max-video-preview:-1"},"canonical":"https:\/\/induzon.com\/ro\/produs\/racitor-de-ulei-sudat-din-fier-cu-aripioare-din-aluminiu-hidraulic-cu-ventilator-pentru-mini-excavator-si-statie-hidraulica-pentru-masina-de-taiat-fier-kit-de-racire-uleiului-hidraulic-radiator-racire\/","og_locale":"ro_RO","og_type":"article","og_title":"Racitor de ulei hidraulic cu ventilator -Induzon","og_description":"R\u0103citor ulei hidraulic cu ventilator pentru utilaje. Kituri r\u0103cire motor, radiatoare electrice, sisteme industriale Racitor de ulei hidraulic cu ventilator","og_url":"https:\/\/induzon.com\/ro\/produs\/racitor-de-ulei-sudat-din-fier-cu-aripioare-din-aluminiu-hidraulic-cu-ventilator-pentru-mini-excavator-si-statie-hidraulica-pentru-masina-de-taiat-fier-kit-de-racire-uleiului-hidraulic-radiator-racire\/","og_site_name":"induzon","article_modified_time":"2025-12-30T01:35:17+00:00","og_image":[{"width":1500,"height":1500,"url":"https:\/\/induzon.com\/wp-content\/uploads\/2025\/07\/\u56fe-2-10.jpg","type":"image\/jpeg"}],"twitter_card":"summary_large_image","twitter_misc":{"Timp estimat pentru citire":"1 minute"},"schema":{"@context":"https:\/\/schema.org","@graph":[{"@type":"WebPage","@id":"https:\/\/induzon.com\/ro\/produs\/racitor-de-ulei-sudat-din-fier-cu-aripioare-din-aluminiu-hidraulic-cu-ventilator-pentru-mini-excavator-si-statie-hidraulica-pentru-masina-de-taiat-fier-kit-de-racire-uleiului-hidraulic-radiator-racire\/","url":"https:\/\/induzon.com\/ro\/produs\/racitor-de-ulei-sudat-din-fier-cu-aripioare-din-aluminiu-hidraulic-cu-ventilator-pentru-mini-excavator-si-statie-hidraulica-pentru-masina-de-taiat-fier-kit-de-racire-uleiului-hidraulic-radiator-racire\/","name":"Racitor de ulei hidraulic cu ventilator -Induzon","isPartOf":{"@id":"https:\/\/induzon.com\/ro\/#website"},"primaryImageOfPage":{"@id":"https:\/\/induzon.com\/ro\/produs\/racitor-de-ulei-sudat-din-fier-cu-aripioare-din-aluminiu-hidraulic-cu-ventilator-pentru-mini-excavator-si-statie-hidraulica-pentru-masina-de-taiat-fier-kit-de-racire-uleiului-hidraulic-radiator-racire\/#primaryimage"},"image":{"@id":"https:\/\/induzon.com\/ro\/produs\/racitor-de-ulei-sudat-din-fier-cu-aripioare-din-aluminiu-hidraulic-cu-ventilator-pentru-mini-excavator-si-statie-hidraulica-pentru-masina-de-taiat-fier-kit-de-racire-uleiului-hidraulic-radiator-racire\/#primaryimage"},"thumbnailUrl":"https:\/\/induzon.com\/wp-content\/uploads\/2025\/07\/\u56fe-2-10.jpg","datePublished":"2025-07-18T05:35:58+00:00","dateModified":"2025-12-30T01:35:17+00:00","description":"R\u0103citor ulei hidraulic cu ventilator pentru utilaje. Kituri r\u0103cire motor, radiatoare electrice, sisteme industriale Racitor de ulei hidraulic cu ventilator","breadcrumb":{"@id":"https:\/\/induzon.com\/ro\/produs\/racitor-de-ulei-sudat-din-fier-cu-aripioare-din-aluminiu-hidraulic-cu-ventilator-pentru-mini-excavator-si-statie-hidraulica-pentru-masina-de-taiat-fier-kit-de-racire-uleiului-hidraulic-radiator-racire\/#breadcrumb"},"inLanguage":"ro-RO","potentialAction":[{"@type":"ReadAction","target":["https:\/\/induzon.com\/ro\/produs\/racitor-de-ulei-sudat-din-fier-cu-aripioare-din-aluminiu-hidraulic-cu-ventilator-pentru-mini-excavator-si-statie-hidraulica-pentru-masina-de-taiat-fier-kit-de-racire-uleiului-hidraulic-radiator-racire\/"]}]},{"@type":"ImageObject","inLanguage":"ro-RO","@id":"https:\/\/induzon.com\/ro\/produs\/racitor-de-ulei-sudat-din-fier-cu-aripioare-din-aluminiu-hidraulic-cu-ventilator-pentru-mini-excavator-si-statie-hidraulica-pentru-masina-de-taiat-fier-kit-de-racire-uleiului-hidraulic-radiator-racire\/#primaryimage","url":"https:\/\/induzon.com\/wp-content\/uploads\/2025\/07\/\u56fe-2-10.jpg","contentUrl":"https:\/\/induzon.com\/wp-content\/uploads\/2025\/07\/\u56fe-2-10.jpg","width":1500,"height":1500,"caption":"Racitor de ulei hidraulic cu ventilator"},{"@type":"BreadcrumbList","@id":"https:\/\/induzon.com\/ro\/produs\/racitor-de-ulei-sudat-din-fier-cu-aripioare-din-aluminiu-hidraulic-cu-ventilator-pentru-mini-excavator-si-statie-hidraulica-pentru-masina-de-taiat-fier-kit-de-racire-uleiului-hidraulic-radiator-racire\/#breadcrumb","itemListElement":[{"@type":"ListItem","position":1,"name":"\u9996\u9875","item":"https:\/\/induzon.com\/ro\/acasa\/"},{"@type":"ListItem","position":2,"name":"Magazin","item":"https:\/\/induzon.com\/ro\/magazin\/"},{"@type":"ListItem","position":3,"name":"Racitor de ulei sudat din fier cu aripioare din aluminiu hidraulic cu ventilator pentru mini excavator \u0219i sta\u021bie hidraulic\u0103 pentru ma\u0219in\u0103 de t\u0103iat fier kit de r\u0103cire uleiului hidraulic radiator racire ulei racitor aer motor de aer cu ghea\u021b\u0103"}]},{"@type":"WebSite","@id":"https:\/\/induzon.com\/ro\/#website","url":"https:\/\/induzon.com\/ro\/","name":"induzon","description":"","publisher":{"@id":"https:\/\/induzon.com\/ro\/#organization"},"potentialAction":[{"@type":"SearchAction","target":{"@type":"EntryPoint","urlTemplate":"https:\/\/induzon.com\/ro\/?s={search_term_string}"},"query-input":{"@type":"PropertyValueSpecification","valueRequired":true,"valueName":"search_term_string"}}],"inLanguage":"ro-RO"},{"@type":"Organization","@id":"https:\/\/induzon.com\/ro\/#organization","name":"induzon","url":"https:\/\/induzon.com\/ro\/","logo":{"@type":"ImageObject","inLanguage":"ro-RO","@id":"https:\/\/induzon.com\/ro\/#\/schema\/logo\/image\/","url":"https:\/\/induzon.com\/wp-content\/uploads\/2025\/05\/cropped-026.png","contentUrl":"https:\/\/induzon.com\/wp-content\/uploads\/2025\/05\/cropped-026.png","width":512,"height":512,"caption":"induzon"},"image":{"@id":"https:\/\/induzon.com\/ro\/#\/schema\/logo\/image\/"}}]}},"_links":{"self":[{"href":"https:\/\/induzon.com\/ro\/wp-json\/wp\/v2\/product\/18764","targetHints":{"allow":["GET"]}}],"collection":[{"href":"https:\/\/induzon.com\/ro\/wp-json\/wp\/v2\/product"}],"about":[{"href":"https:\/\/induzon.com\/ro\/wp-json\/wp\/v2\/types\/product"}],"replies":[{"embeddable":true,"href":"https:\/\/induzon.com\/ro\/wp-json\/wp\/v2\/comments?post=18764"}],"version-history":[{"count":1,"href":"https:\/\/induzon.com\/ro\/wp-json\/wp\/v2\/product\/18764\/revisions"}],"predecessor-version":[{"id":28135,"href":"https:\/\/induzon.com\/ro\/wp-json\/wp\/v2\/product\/18764\/revisions\/28135"}],"wp:featuredmedia":[{"embeddable":true,"href":"https:\/\/induzon.com\/ro\/wp-json\/wp\/v2\/media\/18669"}],"wp:attachment":[{"href":"https:\/\/induzon.com\/ro\/wp-json\/wp\/v2\/media?parent=18764"}],"wp:term":[{"taxonomy":"product_brand","embeddable":true,"href":"https:\/\/induzon.com\/ro\/wp-json\/wp\/v2\/product_brand?post=18764"},{"taxonomy":"product_cat","embeddable":true,"href":"https:\/\/induzon.com\/ro\/wp-json\/wp\/v2\/product_cat?post=18764"},{"taxonomy":"product_tag","embeddable":true,"href":"https:\/\/induzon.com\/ro\/wp-json\/wp\/v2\/product_tag?post=18764"}],"curies":[{"name":"wp","href":"https:\/\/api.w.org\/{rel}","templated":true}]}}