{"id":22418,"date":"2025-07-30T10:34:32","date_gmt":"2025-07-30T02:34:32","guid":{"rendered":"https:\/\/induzon.com\/shop\/schimbator-de-caldura-cu-aripioare-din-aluminiu-pentru-aer-conditionat-camere-frigorifice-vitrina-congelator-camera-de-congelare-condensador-tubo-arame-tubo-de-cobre-condensador-de-refrigerado-serpent\/"},"modified":"2025-12-26T13:50:39","modified_gmt":"2025-12-26T05:50:39","slug":"schimbator-de-caldura-cu-aripioare-din-aluminiu-pentru-aer-conditionat-camere-frigorifice-vitrina-congelator-camera-de-congelare-condensador-tubo-arame-tubo-de-cobre-condensador-de-refrigerado-serpent","status":"publish","type":"product","link":"https:\/\/induzon.com\/ro\/produs\/schimbator-de-caldura-cu-aripioare-din-aluminiu-pentru-aer-conditionat-camere-frigorifice-vitrina-congelator-camera-de-congelare-condensador-tubo-arame-tubo-de-cobre-condensador-de-refrigerado-serpent\/","title":{"rendered":"schimb\u0103tor de c\u0103ldur\u0103 cu aripioare din aluminiu pentru aer conditionat camere frigorifice vitrin\u0103 congelator camer\u0103 de congelare condensador tubo arame tubo de cobre condensador de refrigerado serpentina condensador schimbator caldura placi preparare evaporativo tubular refrigerador industrial"},"content":{"rendered":"<p>1.Condensator cu aripioare din aluminiu \u0219i tuburi de cupru pentru r\u0103cire eficient\u0103 \u0219i durabilitate ridicat\u0103.<br \/>\n2.Design universal pentru utilizare \u00een sisteme de aer condi\u021bionat, camere frigorifice \u0219i r\u0103citoare.<br \/>\n3.Construit din materiale premium: cupru pentru conductivitate termic\u0103 superioar\u0103 \u0219i aluminiu pentru u\u0219urin\u021b\u0103.<br \/>\n4.Compact \u0219i u\u0219or de instalat, ideal pentru spa\u021bii mici sau aplica\u021bii industriale.<br \/>\n5.Performan\u021b\u0103 superioar\u0103 \u00een transferul termic, asigur\u00e2nd r\u0103cire rapid\u0103 \u0219i eficient\u0103.<\/p>\n","protected":false},"excerpt":{"rendered":"<p>1.Condensator cu aripioare din aluminiu \u0219i tuburi de cupru pentru r\u0103cire eficient\u0103 \u0219i durabilitate ridicat\u0103. 2.Design universal pentru utilizare \u00een [&hellip;]<\/p>\n","protected":false},"featured_media":20749,"comment_status":"open","ping_status":"closed","template":"","meta":{"site-sidebar-layout":"default","site-content-layout":"","ast-site-content-layout":"default","site-content-style":"default","site-sidebar-style":"default","ast-global-header-display":"","ast-banner-title-visibility":"","ast-main-header-display":"","ast-hfb-above-header-display":"","ast-hfb-below-header-display":"","ast-hfb-mobile-header-display":"","site-post-title":"","ast-breadcrumbs-content":"","ast-featured-img":"","footer-sml-layout":"","theme-transparent-header-meta":"default","adv-header-id-meta":"","stick-header-meta":"","header-above-stick-meta":"","header-main-stick-meta":"","header-below-stick-meta":"","astra-migrate-meta-layouts":"set","ast-page-background-enabled":"default","ast-page-background-meta":{"desktop":{"background-color":"var(--ast-global-color-4)","background-image":"","background-repeat":"repeat","background-position":"center center","background-size":"auto","background-attachment":"scroll","background-type":"","background-media":"","overlay-type":"","overlay-color":"","overlay-opacity":"","overlay-gradient":""},"tablet":{"background-color":"","background-image":"","background-repeat":"repeat","background-position":"center center","background-size":"auto","background-attachment":"scroll","background-type":"","background-media":"","overlay-type":"","overlay-color":"","overlay-opacity":"","overlay-gradient":""},"mobile":{"background-color":"","background-image":"","background-repeat":"repeat","background-position":"center center","background-size":"auto","background-attachment":"scroll","background-type":"","background-media":"","overlay-type":"","overlay-color":"","overlay-opacity":"","overlay-gradient":""}},"ast-content-background-meta":{"desktop":{"background-color":"var(--ast-global-color-5)","background-image":"","background-repeat":"repeat","background-position":"center center","background-size":"auto","background-attachment":"scroll","background-type":"","background-media":"","overlay-type":"","overlay-color":"","overlay-opacity":"","overlay-gradient":""},"tablet":{"background-color":"var(--ast-global-color-5)","background-image":"","background-repeat":"repeat","background-position":"center center","background-size":"auto","background-attachment":"scroll","background-type":"","background-media":"","overlay-type":"","overlay-color":"","overlay-opacity":"","overlay-gradient":""},"mobile":{"background-color":"var(--ast-global-color-5)","background-image":"","background-repeat":"repeat","background-position":"center center","background-size":"auto","background-attachment":"scroll","background-type":"","background-media":"","overlay-type":"","overlay-color":"","overlay-opacity":"","overlay-gradient":""}}},"product_brand":[],"product_cat":[1019,906],"product_tag":[1802,1771],"class_list":{"0":"post-22418","1":"product","2":"type-product","3":"status-publish","4":"has-post-thumbnail","6":"product_cat-echipamente-frigorifice","7":"product_cat-unelte-si-echipamente","8":"product_tag-condensator","9":"product_tag-industrial-refrigeration-equipment-ro","10":"desktop-align-left","11":"tablet-align-left","12":"mobile-align-left","14":"first","15":"instock","16":"sale","17":"shipping-taxable","18":"purchasable","19":"product-type-variable"},"yoast_head":"<!-- This site is optimized with the Yoast SEO plugin v24.9 - https:\/\/yoast.com\/wordpress\/plugins\/seo\/ -->\r\n<title>Schimb\u0103toare de c\u0103ldur\u0103 din cupru pentru aer condi\u021bionat<\/title>\r\n<meta name=\"description\" content=\"Serpentina condensador frigorifice, condensator tubular evaporativ, schimbator caldura aer-aer, bobina condensador geladeira industrial\u0103. Ventilator condensator grade pentru camere frigorifice.\" \/>\r\n<meta name=\"robots\" content=\"index, follow, max-snippet:-1, max-image-preview:large, max-video-preview:-1\" \/>\r\n<link rel=\"canonical\" href=\"https:\/\/induzon.com\/ro\/produs\/schimbator-de-caldura-cu-aripioare-din-aluminiu-pentru-aer-conditionat-camere-frigorifice-vitrina-congelator-camera-de-congelare-condensador-tubo-arame-tubo-de-cobre-condensador-de-refrigerado-serpent\/\" \/>\r\n<meta property=\"og:locale\" content=\"ro_RO\" \/>\r\n<meta property=\"og:type\" content=\"article\" \/>\r\n<meta property=\"og:title\" content=\"Schimb\u0103toare de c\u0103ldur\u0103 din cupru pentru aer condi\u021bionat\" \/>\r\n<meta property=\"og:description\" content=\"Serpentina condensador frigorifice, condensator tubular evaporativ, schimbator caldura aer-aer, bobina condensador geladeira industrial\u0103. Ventilator condensator grade pentru camere frigorifice.\" \/>\r\n<meta property=\"og:url\" content=\"https:\/\/induzon.com\/ro\/produs\/schimbator-de-caldura-cu-aripioare-din-aluminiu-pentru-aer-conditionat-camere-frigorifice-vitrina-congelator-camera-de-congelare-condensador-tubo-arame-tubo-de-cobre-condensador-de-refrigerado-serpent\/\" \/>\r\n<meta property=\"og:site_name\" content=\"induzon\" \/>\r\n<meta property=\"article:modified_time\" content=\"2025-12-26T05:50:39+00:00\" \/>\r\n<meta property=\"og:image\" content=\"https:\/\/induzon.com\/wp-content\/uploads\/2025\/07\/\u56fe-1-20.jpg\" \/>\r\n\t<meta property=\"og:image:width\" content=\"1500\" \/>\r\n\t<meta property=\"og:image:height\" content=\"1500\" \/>\r\n\t<meta property=\"og:image:type\" content=\"image\/jpeg\" \/>\r\n<meta name=\"twitter:card\" content=\"summary_large_image\" \/>\r\n<meta name=\"twitter:label1\" content=\"Timp estimat pentru citire\" \/>\n\t<meta name=\"twitter:data1\" content=\"1 minute\" \/>\r\n<script type=\"application\/ld+json\" class=\"yoast-schema-graph\">{\"@context\":\"https:\/\/schema.org\",\"@graph\":[{\"@type\":\"WebPage\",\"@id\":\"https:\/\/induzon.com\/ro\/produs\/schimbator-de-caldura-cu-aripioare-din-aluminiu-pentru-aer-conditionat-camere-frigorifice-vitrina-congelator-camera-de-congelare-condensador-tubo-arame-tubo-de-cobre-condensador-de-refrigerado-serpent\/\",\"url\":\"https:\/\/induzon.com\/ro\/produs\/schimbator-de-caldura-cu-aripioare-din-aluminiu-pentru-aer-conditionat-camere-frigorifice-vitrina-congelator-camera-de-congelare-condensador-tubo-arame-tubo-de-cobre-condensador-de-refrigerado-serpent\/\",\"name\":\"Schimb\u0103toare de c\u0103ldur\u0103 din cupru pentru aer condi\u021bionat\",\"isPartOf\":{\"@id\":\"https:\/\/induzon.com\/ro\/#website\"},\"primaryImageOfPage\":{\"@id\":\"https:\/\/induzon.com\/ro\/produs\/schimbator-de-caldura-cu-aripioare-din-aluminiu-pentru-aer-conditionat-camere-frigorifice-vitrina-congelator-camera-de-congelare-condensador-tubo-arame-tubo-de-cobre-condensador-de-refrigerado-serpent\/#primaryimage\"},\"image\":{\"@id\":\"https:\/\/induzon.com\/ro\/produs\/schimbator-de-caldura-cu-aripioare-din-aluminiu-pentru-aer-conditionat-camere-frigorifice-vitrina-congelator-camera-de-congelare-condensador-tubo-arame-tubo-de-cobre-condensador-de-refrigerado-serpent\/#primaryimage\"},\"thumbnailUrl\":\"https:\/\/induzon.com\/wp-content\/uploads\/2025\/07\/\u56fe-1-20.jpg\",\"datePublished\":\"2025-07-30T02:34:32+00:00\",\"dateModified\":\"2025-12-26T05:50:39+00:00\",\"description\":\"Serpentina condensador frigorifice, condensator tubular evaporativ, schimbator caldura aer-aer, bobina condensador geladeira industrial\u0103. Ventilator condensator grade pentru camere frigorifice.\",\"breadcrumb\":{\"@id\":\"https:\/\/induzon.com\/ro\/produs\/schimbator-de-caldura-cu-aripioare-din-aluminiu-pentru-aer-conditionat-camere-frigorifice-vitrina-congelator-camera-de-congelare-condensador-tubo-arame-tubo-de-cobre-condensador-de-refrigerado-serpent\/#breadcrumb\"},\"inLanguage\":\"ro-RO\",\"potentialAction\":[{\"@type\":\"ReadAction\",\"target\":[\"https:\/\/induzon.com\/ro\/produs\/schimbator-de-caldura-cu-aripioare-din-aluminiu-pentru-aer-conditionat-camere-frigorifice-vitrina-congelator-camera-de-congelare-condensador-tubo-arame-tubo-de-cobre-condensador-de-refrigerado-serpent\/\"]}]},{\"@type\":\"ImageObject\",\"inLanguage\":\"ro-RO\",\"@id\":\"https:\/\/induzon.com\/ro\/produs\/schimbator-de-caldura-cu-aripioare-din-aluminiu-pentru-aer-conditionat-camere-frigorifice-vitrina-congelator-camera-de-congelare-condensador-tubo-arame-tubo-de-cobre-condensador-de-refrigerado-serpent\/#primaryimage\",\"url\":\"https:\/\/induzon.com\/wp-content\/uploads\/2025\/07\/\u56fe-1-20.jpg\",\"contentUrl\":\"https:\/\/induzon.com\/wp-content\/uploads\/2025\/07\/\u56fe-1-20.jpg\",\"width\":1500,\"height\":1500,\"caption\":\"Serpentina condensador frigorifice, condensator tubular evaporativ, schimbator caldura aer-aer, bobina condensador geladeira industrial\u0103.\"},{\"@type\":\"BreadcrumbList\",\"@id\":\"https:\/\/induzon.com\/ro\/produs\/schimbator-de-caldura-cu-aripioare-din-aluminiu-pentru-aer-conditionat-camere-frigorifice-vitrina-congelator-camera-de-congelare-condensador-tubo-arame-tubo-de-cobre-condensador-de-refrigerado-serpent\/#breadcrumb\",\"itemListElement\":[{\"@type\":\"ListItem\",\"position\":1,\"name\":\"\u9996\u9875\",\"item\":\"https:\/\/induzon.com\/ro\/acasa\/\"},{\"@type\":\"ListItem\",\"position\":2,\"name\":\"Magazin\",\"item\":\"https:\/\/induzon.com\/ro\/magazin\/\"},{\"@type\":\"ListItem\",\"position\":3,\"name\":\"schimb\u0103tor de c\u0103ldur\u0103 cu aripioare din aluminiu pentru aer conditionat camere frigorifice vitrin\u0103 congelator camer\u0103 de congelare condensador tubo arame tubo de cobre condensador de refrigerado serpentina condensador schimbator caldura placi preparare evaporativo tubular refrigerador industrial\"}]},{\"@type\":\"WebSite\",\"@id\":\"https:\/\/induzon.com\/ro\/#website\",\"url\":\"https:\/\/induzon.com\/ro\/\",\"name\":\"induzon\",\"description\":\"\",\"publisher\":{\"@id\":\"https:\/\/induzon.com\/ro\/#organization\"},\"potentialAction\":[{\"@type\":\"SearchAction\",\"target\":{\"@type\":\"EntryPoint\",\"urlTemplate\":\"https:\/\/induzon.com\/ro\/?s={search_term_string}\"},\"query-input\":{\"@type\":\"PropertyValueSpecification\",\"valueRequired\":true,\"valueName\":\"search_term_string\"}}],\"inLanguage\":\"ro-RO\"},{\"@type\":\"Organization\",\"@id\":\"https:\/\/induzon.com\/ro\/#organization\",\"name\":\"induzon\",\"url\":\"https:\/\/induzon.com\/ro\/\",\"logo\":{\"@type\":\"ImageObject\",\"inLanguage\":\"ro-RO\",\"@id\":\"https:\/\/induzon.com\/ro\/#\/schema\/logo\/image\/\",\"url\":\"https:\/\/induzon.com\/wp-content\/uploads\/2025\/05\/cropped-026.png\",\"contentUrl\":\"https:\/\/induzon.com\/wp-content\/uploads\/2025\/05\/cropped-026.png\",\"width\":512,\"height\":512,\"caption\":\"induzon\"},\"image\":{\"@id\":\"https:\/\/induzon.com\/ro\/#\/schema\/logo\/image\/\"}}]}<\/script>\r\n<!-- \/ Yoast SEO plugin. -->","yoast_head_json":{"title":"Schimb\u0103toare de c\u0103ldur\u0103 din cupru pentru aer condi\u021bionat","description":"Serpentina condensador frigorifice, condensator tubular evaporativ, schimbator caldura aer-aer, bobina condensador geladeira industrial\u0103. Ventilator condensator grade pentru camere frigorifice.","robots":{"index":"index","follow":"follow","max-snippet":"max-snippet:-1","max-image-preview":"max-image-preview:large","max-video-preview":"max-video-preview:-1"},"canonical":"https:\/\/induzon.com\/ro\/produs\/schimbator-de-caldura-cu-aripioare-din-aluminiu-pentru-aer-conditionat-camere-frigorifice-vitrina-congelator-camera-de-congelare-condensador-tubo-arame-tubo-de-cobre-condensador-de-refrigerado-serpent\/","og_locale":"ro_RO","og_type":"article","og_title":"Schimb\u0103toare de c\u0103ldur\u0103 din cupru pentru aer condi\u021bionat","og_description":"Serpentina condensador frigorifice, condensator tubular evaporativ, schimbator caldura aer-aer, bobina condensador geladeira industrial\u0103. Ventilator condensator grade pentru camere frigorifice.","og_url":"https:\/\/induzon.com\/ro\/produs\/schimbator-de-caldura-cu-aripioare-din-aluminiu-pentru-aer-conditionat-camere-frigorifice-vitrina-congelator-camera-de-congelare-condensador-tubo-arame-tubo-de-cobre-condensador-de-refrigerado-serpent\/","og_site_name":"induzon","article_modified_time":"2025-12-26T05:50:39+00:00","og_image":[{"width":1500,"height":1500,"url":"https:\/\/induzon.com\/wp-content\/uploads\/2025\/07\/\u56fe-1-20.jpg","type":"image\/jpeg"}],"twitter_card":"summary_large_image","twitter_misc":{"Timp estimat pentru citire":"1 minute"},"schema":{"@context":"https:\/\/schema.org","@graph":[{"@type":"WebPage","@id":"https:\/\/induzon.com\/ro\/produs\/schimbator-de-caldura-cu-aripioare-din-aluminiu-pentru-aer-conditionat-camere-frigorifice-vitrina-congelator-camera-de-congelare-condensador-tubo-arame-tubo-de-cobre-condensador-de-refrigerado-serpent\/","url":"https:\/\/induzon.com\/ro\/produs\/schimbator-de-caldura-cu-aripioare-din-aluminiu-pentru-aer-conditionat-camere-frigorifice-vitrina-congelator-camera-de-congelare-condensador-tubo-arame-tubo-de-cobre-condensador-de-refrigerado-serpent\/","name":"Schimb\u0103toare de c\u0103ldur\u0103 din cupru pentru aer condi\u021bionat","isPartOf":{"@id":"https:\/\/induzon.com\/ro\/#website"},"primaryImageOfPage":{"@id":"https:\/\/induzon.com\/ro\/produs\/schimbator-de-caldura-cu-aripioare-din-aluminiu-pentru-aer-conditionat-camere-frigorifice-vitrina-congelator-camera-de-congelare-condensador-tubo-arame-tubo-de-cobre-condensador-de-refrigerado-serpent\/#primaryimage"},"image":{"@id":"https:\/\/induzon.com\/ro\/produs\/schimbator-de-caldura-cu-aripioare-din-aluminiu-pentru-aer-conditionat-camere-frigorifice-vitrina-congelator-camera-de-congelare-condensador-tubo-arame-tubo-de-cobre-condensador-de-refrigerado-serpent\/#primaryimage"},"thumbnailUrl":"https:\/\/induzon.com\/wp-content\/uploads\/2025\/07\/\u56fe-1-20.jpg","datePublished":"2025-07-30T02:34:32+00:00","dateModified":"2025-12-26T05:50:39+00:00","description":"Serpentina condensador frigorifice, condensator tubular evaporativ, schimbator caldura aer-aer, bobina condensador geladeira industrial\u0103. Ventilator condensator grade pentru camere frigorifice.","breadcrumb":{"@id":"https:\/\/induzon.com\/ro\/produs\/schimbator-de-caldura-cu-aripioare-din-aluminiu-pentru-aer-conditionat-camere-frigorifice-vitrina-congelator-camera-de-congelare-condensador-tubo-arame-tubo-de-cobre-condensador-de-refrigerado-serpent\/#breadcrumb"},"inLanguage":"ro-RO","potentialAction":[{"@type":"ReadAction","target":["https:\/\/induzon.com\/ro\/produs\/schimbator-de-caldura-cu-aripioare-din-aluminiu-pentru-aer-conditionat-camere-frigorifice-vitrina-congelator-camera-de-congelare-condensador-tubo-arame-tubo-de-cobre-condensador-de-refrigerado-serpent\/"]}]},{"@type":"ImageObject","inLanguage":"ro-RO","@id":"https:\/\/induzon.com\/ro\/produs\/schimbator-de-caldura-cu-aripioare-din-aluminiu-pentru-aer-conditionat-camere-frigorifice-vitrina-congelator-camera-de-congelare-condensador-tubo-arame-tubo-de-cobre-condensador-de-refrigerado-serpent\/#primaryimage","url":"https:\/\/induzon.com\/wp-content\/uploads\/2025\/07\/\u56fe-1-20.jpg","contentUrl":"https:\/\/induzon.com\/wp-content\/uploads\/2025\/07\/\u56fe-1-20.jpg","width":1500,"height":1500,"caption":"Serpentina condensador frigorifice, condensator tubular evaporativ, schimbator caldura aer-aer, bobina condensador geladeira industrial\u0103."},{"@type":"BreadcrumbList","@id":"https:\/\/induzon.com\/ro\/produs\/schimbator-de-caldura-cu-aripioare-din-aluminiu-pentru-aer-conditionat-camere-frigorifice-vitrina-congelator-camera-de-congelare-condensador-tubo-arame-tubo-de-cobre-condensador-de-refrigerado-serpent\/#breadcrumb","itemListElement":[{"@type":"ListItem","position":1,"name":"\u9996\u9875","item":"https:\/\/induzon.com\/ro\/acasa\/"},{"@type":"ListItem","position":2,"name":"Magazin","item":"https:\/\/induzon.com\/ro\/magazin\/"},{"@type":"ListItem","position":3,"name":"schimb\u0103tor de c\u0103ldur\u0103 cu aripioare din aluminiu pentru aer conditionat camere frigorifice vitrin\u0103 congelator camer\u0103 de congelare condensador tubo arame tubo de cobre condensador de refrigerado serpentina condensador schimbator caldura placi preparare evaporativo tubular refrigerador industrial"}]},{"@type":"WebSite","@id":"https:\/\/induzon.com\/ro\/#website","url":"https:\/\/induzon.com\/ro\/","name":"induzon","description":"","publisher":{"@id":"https:\/\/induzon.com\/ro\/#organization"},"potentialAction":[{"@type":"SearchAction","target":{"@type":"EntryPoint","urlTemplate":"https:\/\/induzon.com\/ro\/?s={search_term_string}"},"query-input":{"@type":"PropertyValueSpecification","valueRequired":true,"valueName":"search_term_string"}}],"inLanguage":"ro-RO"},{"@type":"Organization","@id":"https:\/\/induzon.com\/ro\/#organization","name":"induzon","url":"https:\/\/induzon.com\/ro\/","logo":{"@type":"ImageObject","inLanguage":"ro-RO","@id":"https:\/\/induzon.com\/ro\/#\/schema\/logo\/image\/","url":"https:\/\/induzon.com\/wp-content\/uploads\/2025\/05\/cropped-026.png","contentUrl":"https:\/\/induzon.com\/wp-content\/uploads\/2025\/05\/cropped-026.png","width":512,"height":512,"caption":"induzon"},"image":{"@id":"https:\/\/induzon.com\/ro\/#\/schema\/logo\/image\/"}}]}},"_links":{"self":[{"href":"https:\/\/induzon.com\/ro\/wp-json\/wp\/v2\/product\/22418","targetHints":{"allow":["GET"]}}],"collection":[{"href":"https:\/\/induzon.com\/ro\/wp-json\/wp\/v2\/product"}],"about":[{"href":"https:\/\/induzon.com\/ro\/wp-json\/wp\/v2\/types\/product"}],"replies":[{"embeddable":true,"href":"https:\/\/induzon.com\/ro\/wp-json\/wp\/v2\/comments?post=22418"}],"version-history":[{"count":1,"href":"https:\/\/induzon.com\/ro\/wp-json\/wp\/v2\/product\/22418\/revisions"}],"predecessor-version":[{"id":28453,"href":"https:\/\/induzon.com\/ro\/wp-json\/wp\/v2\/product\/22418\/revisions\/28453"}],"wp:featuredmedia":[{"embeddable":true,"href":"https:\/\/induzon.com\/ro\/wp-json\/wp\/v2\/media\/20749"}],"wp:attachment":[{"href":"https:\/\/induzon.com\/ro\/wp-json\/wp\/v2\/media?parent=22418"}],"wp:term":[{"taxonomy":"product_brand","embeddable":true,"href":"https:\/\/induzon.com\/ro\/wp-json\/wp\/v2\/product_brand?post=22418"},{"taxonomy":"product_cat","embeddable":true,"href":"https:\/\/induzon.com\/ro\/wp-json\/wp\/v2\/product_cat?post=22418"},{"taxonomy":"product_tag","embeddable":true,"href":"https:\/\/induzon.com\/ro\/wp-json\/wp\/v2\/product_tag?post=22418"}],"curies":[{"name":"wp","href":"https:\/\/api.w.org\/{rel}","templated":true}]}}