{"id":22973,"date":"2025-08-15T14:37:58","date_gmt":"2025-08-15T06:37:58","guid":{"rendered":"https:\/\/induzon.com\/shop\/cap-de-aspiratie-din-otel-inoxidabil-pentru-canapea-si-carpete-accesoriu-aspirator-cu-extractie-la-inaltari-de-temperatura-masina-de-curatare-interioare-auto-40mm-spalare-injectie-extractie-tapiserii\/"},"modified":"2025-08-15T17:25:37","modified_gmt":"2025-08-15T09:25:37","slug":"cap-de-aspiratie-din-otel-inoxidabil-pentru-canapea-si-carpete-accesoriu-aspirator-cu-extractie-la-inaltari-de-temperatura-masina-de-curatare-interioare-auto-40mm-spalare-injectie-extractie-tapiserii","status":"publish","type":"product","link":"https:\/\/induzon.com\/ro\/produs\/cap-de-aspiratie-din-otel-inoxidabil-pentru-canapea-si-carpete-accesoriu-aspirator-cu-extractie-la-inaltari-de-temperatura-masina-de-curatare-interioare-auto-40mm-spalare-injectie-extractie-tapiserii\/","title":{"rendered":"Cap de aspira\u021bie din o\u021bel inoxidabil pentru canapea \u0219i carpete accesoriu aspirator cu extrac\u021bie la \u00een\u0103l\u021b\u0103ri de temperatur\u0103 ma\u0219in\u0103 de cur\u0103\u021bare interioare auto 40mm spalare injectie extractie tapiserii covoare profesional abur uscat umed"},"content":{"rendered":"<p>1.Capac de absorb\u021bie din inox, durabil \u0219i rezistent la coroziune, perfect pentru ma\u0219inile de cur\u0103\u021bat covoare \u0219i canapele.<br \/>\n2.Compatibil cu majoritatea ma\u0219inilor de cur\u0103\u021bat covoare, canapele \u0219i interioare auto, oferind versatilitate.<br \/>\n3.Diametru exterior de 38mm, asigur\u0103 o absorb\u021bie eficient\u0103 a apei \u0219i a lichidelor, ideal pentru cur\u0103\u021bare profund\u0103.<br \/>\n4.Material inox de \u00eenalt\u0103 calitate, rezist\u0103 la temperaturi ridicate \u0219i uzur\u0103, garant\u00e2nd o lung\u0103 durat\u0103 de via\u021b\u0103.<br \/>\n5.U\u0219or de \u00eenlocuit \u0219i de utilizat, \u00eembun\u0103t\u0103\u021be\u0219te performan\u021ba ma\u0219inii de cur\u0103\u021bat, perfect pentru uz profesional \u0219i casnic.<\/p>\n","protected":false},"excerpt":{"rendered":"<p>1.Capac de absorb\u021bie din inox, durabil \u0219i rezistent la coroziune, perfect pentru ma\u0219inile de cur\u0103\u021bat covoare \u0219i canapele. 2.Compatibil cu [&hellip;]<\/p>\n","protected":false},"featured_media":22956,"comment_status":"open","ping_status":"closed","template":"","meta":{"site-sidebar-layout":"default","site-content-layout":"","ast-site-content-layout":"default","site-content-style":"default","site-sidebar-style":"default","ast-global-header-display":"","ast-banner-title-visibility":"","ast-main-header-display":"","ast-hfb-above-header-display":"","ast-hfb-below-header-display":"","ast-hfb-mobile-header-display":"","site-post-title":"","ast-breadcrumbs-content":"","ast-featured-img":"","footer-sml-layout":"","theme-transparent-header-meta":"default","adv-header-id-meta":"","stick-header-meta":"","header-above-stick-meta":"","header-main-stick-meta":"","header-below-stick-meta":"","astra-migrate-meta-layouts":"set","ast-page-background-enabled":"default","ast-page-background-meta":{"desktop":{"background-color":"var(--ast-global-color-4)","background-image":"","background-repeat":"repeat","background-position":"center center","background-size":"auto","background-attachment":"scroll","background-type":"","background-media":"","overlay-type":"","overlay-color":"","overlay-opacity":"","overlay-gradient":""},"tablet":{"background-color":"","background-image":"","background-repeat":"repeat","background-position":"center center","background-size":"auto","background-attachment":"scroll","background-type":"","background-media":"","overlay-type":"","overlay-color":"","overlay-opacity":"","overlay-gradient":""},"mobile":{"background-color":"","background-image":"","background-repeat":"repeat","background-position":"center center","background-size":"auto","background-attachment":"scroll","background-type":"","background-media":"","overlay-type":"","overlay-color":"","overlay-opacity":"","overlay-gradient":""}},"ast-content-background-meta":{"desktop":{"background-color":"var(--ast-global-color-5)","background-image":"","background-repeat":"repeat","background-position":"center center","background-size":"auto","background-attachment":"scroll","background-type":"","background-media":"","overlay-type":"","overlay-color":"","overlay-opacity":"","overlay-gradient":""},"tablet":{"background-color":"var(--ast-global-color-5)","background-image":"","background-repeat":"repeat","background-position":"center center","background-size":"auto","background-attachment":"scroll","background-type":"","background-media":"","overlay-type":"","overlay-color":"","overlay-opacity":"","overlay-gradient":""},"mobile":{"background-color":"var(--ast-global-color-5)","background-image":"","background-repeat":"repeat","background-position":"center center","background-size":"auto","background-attachment":"scroll","background-type":"","background-media":"","overlay-type":"","overlay-color":"","overlay-opacity":"","overlay-gradient":""}}},"product_brand":[],"product_cat":[718,906],"product_tag":[720,719],"class_list":{"0":"post-22973","1":"product","2":"type-product","3":"status-publish","4":"has-post-thumbnail","6":"product_cat-tisztito-eszkozok-ro","7":"product_cat-unelte-si-echipamente","8":"product_tag-autoipari-tisztito-eszkozok-ro","9":"product_tag-haztartasi-tisztito-berendezesek-ro","10":"desktop-align-left","11":"tablet-align-left","12":"mobile-align-left","14":"first","15":"instock","16":"sale","17":"shipping-taxable","18":"purchasable","19":"product-type-simple"},"yoast_head":"<!-- This site is optimized with the Yoast SEO plugin v24.9 - https:\/\/yoast.com\/wordpress\/plugins\/seo\/ -->\r\n<title>Cap aspira\u021bie inoxidabil pentru canapele\/covora\u0219e -Induzon<\/title>\r\n<meta name=\"description\" content=\"Aspiratoare cu extrac\u021bie la temperatur\u0103 \u00eenalt\u0103 pentru covoare, canapele \u0219i interioare auto. Capete din o\u021bel inoxidabil pentru cur\u0103\u021bare profesional\u0103.\" \/>\r\n<meta name=\"robots\" content=\"index, follow, max-snippet:-1, max-image-preview:large, max-video-preview:-1\" \/>\r\n<link rel=\"canonical\" href=\"https:\/\/induzon.com\/ro\/produs\/cap-de-aspiratie-din-otel-inoxidabil-pentru-canapea-si-carpete-accesoriu-aspirator-cu-extractie-la-inaltari-de-temperatura-masina-de-curatare-interioare-auto-40mm-spalare-injectie-extractie-tapiserii\/\" \/>\r\n<meta property=\"og:locale\" content=\"ro_RO\" \/>\r\n<meta property=\"og:type\" content=\"article\" \/>\r\n<meta property=\"og:title\" content=\"Cap aspira\u021bie inoxidabil pentru canapele\/covora\u0219e -Induzon\" \/>\r\n<meta property=\"og:description\" content=\"Aspiratoare cu extrac\u021bie la temperatur\u0103 \u00eenalt\u0103 pentru covoare, canapele \u0219i interioare auto. Capete din o\u021bel inoxidabil pentru cur\u0103\u021bare profesional\u0103.\" \/>\r\n<meta property=\"og:url\" content=\"https:\/\/induzon.com\/ro\/produs\/cap-de-aspiratie-din-otel-inoxidabil-pentru-canapea-si-carpete-accesoriu-aspirator-cu-extractie-la-inaltari-de-temperatura-masina-de-curatare-interioare-auto-40mm-spalare-injectie-extractie-tapiserii\/\" \/>\r\n<meta property=\"og:site_name\" content=\"induzon\" \/>\r\n<meta property=\"article:modified_time\" content=\"2025-08-15T09:25:37+00:00\" \/>\r\n<meta property=\"og:image\" content=\"https:\/\/induzon.com\/wp-content\/uploads\/2025\/08\/\u56fe-4-1.jpg\" \/>\r\n\t<meta property=\"og:image:width\" content=\"1500\" \/>\r\n\t<meta property=\"og:image:height\" content=\"1500\" \/>\r\n\t<meta property=\"og:image:type\" content=\"image\/jpeg\" \/>\r\n<meta name=\"twitter:card\" content=\"summary_large_image\" \/>\r\n<meta name=\"twitter:label1\" content=\"Timp estimat pentru citire\" \/>\n\t<meta name=\"twitter:data1\" content=\"1 minute\" \/>\r\n<script type=\"application\/ld+json\" class=\"yoast-schema-graph\">{\"@context\":\"https:\/\/schema.org\",\"@graph\":[{\"@type\":\"WebPage\",\"@id\":\"https:\/\/induzon.com\/ro\/produs\/cap-de-aspiratie-din-otel-inoxidabil-pentru-canapea-si-carpete-accesoriu-aspirator-cu-extractie-la-inaltari-de-temperatura-masina-de-curatare-interioare-auto-40mm-spalare-injectie-extractie-tapiserii\/\",\"url\":\"https:\/\/induzon.com\/ro\/produs\/cap-de-aspiratie-din-otel-inoxidabil-pentru-canapea-si-carpete-accesoriu-aspirator-cu-extractie-la-inaltari-de-temperatura-masina-de-curatare-interioare-auto-40mm-spalare-injectie-extractie-tapiserii\/\",\"name\":\"Cap aspira\u021bie inoxidabil pentru canapele\/covora\u0219e -Induzon\",\"isPartOf\":{\"@id\":\"https:\/\/induzon.com\/ro\/#website\"},\"primaryImageOfPage\":{\"@id\":\"https:\/\/induzon.com\/ro\/produs\/cap-de-aspiratie-din-otel-inoxidabil-pentru-canapea-si-carpete-accesoriu-aspirator-cu-extractie-la-inaltari-de-temperatura-masina-de-curatare-interioare-auto-40mm-spalare-injectie-extractie-tapiserii\/#primaryimage\"},\"image\":{\"@id\":\"https:\/\/induzon.com\/ro\/produs\/cap-de-aspiratie-din-otel-inoxidabil-pentru-canapea-si-carpete-accesoriu-aspirator-cu-extractie-la-inaltari-de-temperatura-masina-de-curatare-interioare-auto-40mm-spalare-injectie-extractie-tapiserii\/#primaryimage\"},\"thumbnailUrl\":\"https:\/\/induzon.com\/wp-content\/uploads\/2025\/08\/\u56fe-4-1.jpg\",\"datePublished\":\"2025-08-15T06:37:58+00:00\",\"dateModified\":\"2025-08-15T09:25:37+00:00\",\"description\":\"Aspiratoare cu extrac\u021bie la temperatur\u0103 \u00eenalt\u0103 pentru covoare, canapele \u0219i interioare auto. Capete din o\u021bel inoxidabil pentru cur\u0103\u021bare profesional\u0103.\",\"breadcrumb\":{\"@id\":\"https:\/\/induzon.com\/ro\/produs\/cap-de-aspiratie-din-otel-inoxidabil-pentru-canapea-si-carpete-accesoriu-aspirator-cu-extractie-la-inaltari-de-temperatura-masina-de-curatare-interioare-auto-40mm-spalare-injectie-extractie-tapiserii\/#breadcrumb\"},\"inLanguage\":\"ro-RO\",\"potentialAction\":[{\"@type\":\"ReadAction\",\"target\":[\"https:\/\/induzon.com\/ro\/produs\/cap-de-aspiratie-din-otel-inoxidabil-pentru-canapea-si-carpete-accesoriu-aspirator-cu-extractie-la-inaltari-de-temperatura-masina-de-curatare-interioare-auto-40mm-spalare-injectie-extractie-tapiserii\/\"]}]},{\"@type\":\"ImageObject\",\"inLanguage\":\"ro-RO\",\"@id\":\"https:\/\/induzon.com\/ro\/produs\/cap-de-aspiratie-din-otel-inoxidabil-pentru-canapea-si-carpete-accesoriu-aspirator-cu-extractie-la-inaltari-de-temperatura-masina-de-curatare-interioare-auto-40mm-spalare-injectie-extractie-tapiserii\/#primaryimage\",\"url\":\"https:\/\/induzon.com\/wp-content\/uploads\/2025\/08\/\u56fe-4-1.jpg\",\"contentUrl\":\"https:\/\/induzon.com\/wp-content\/uploads\/2025\/08\/\u56fe-4-1.jpg\",\"width\":1500,\"height\":1500,\"caption\":\"Aspiratoare cu extrac\u021bie la temperatur\u0103 \u00eenalt\u0103 pentru covoare, canapele \u0219i interioare auto. Capete din o\u021bel inoxidabil pentru cur\u0103\u021bare profesional\u0103.\"},{\"@type\":\"BreadcrumbList\",\"@id\":\"https:\/\/induzon.com\/ro\/produs\/cap-de-aspiratie-din-otel-inoxidabil-pentru-canapea-si-carpete-accesoriu-aspirator-cu-extractie-la-inaltari-de-temperatura-masina-de-curatare-interioare-auto-40mm-spalare-injectie-extractie-tapiserii\/#breadcrumb\",\"itemListElement\":[{\"@type\":\"ListItem\",\"position\":1,\"name\":\"\u9996\u9875\",\"item\":\"https:\/\/induzon.com\/ro\/acasa\/\"},{\"@type\":\"ListItem\",\"position\":2,\"name\":\"Magazin\",\"item\":\"https:\/\/induzon.com\/ro\/magazin\/\"},{\"@type\":\"ListItem\",\"position\":3,\"name\":\"Cap de aspira\u021bie din o\u021bel inoxidabil pentru canapea \u0219i carpete accesoriu aspirator cu extrac\u021bie la \u00een\u0103l\u021b\u0103ri de temperatur\u0103 ma\u0219in\u0103 de cur\u0103\u021bare interioare auto 40mm spalare injectie extractie tapiserii covoare profesional abur uscat umed\"}]},{\"@type\":\"WebSite\",\"@id\":\"https:\/\/induzon.com\/ro\/#website\",\"url\":\"https:\/\/induzon.com\/ro\/\",\"name\":\"induzon\",\"description\":\"\",\"publisher\":{\"@id\":\"https:\/\/induzon.com\/ro\/#organization\"},\"potentialAction\":[{\"@type\":\"SearchAction\",\"target\":{\"@type\":\"EntryPoint\",\"urlTemplate\":\"https:\/\/induzon.com\/ro\/?s={search_term_string}\"},\"query-input\":{\"@type\":\"PropertyValueSpecification\",\"valueRequired\":true,\"valueName\":\"search_term_string\"}}],\"inLanguage\":\"ro-RO\"},{\"@type\":\"Organization\",\"@id\":\"https:\/\/induzon.com\/ro\/#organization\",\"name\":\"induzon\",\"url\":\"https:\/\/induzon.com\/ro\/\",\"logo\":{\"@type\":\"ImageObject\",\"inLanguage\":\"ro-RO\",\"@id\":\"https:\/\/induzon.com\/ro\/#\/schema\/logo\/image\/\",\"url\":\"https:\/\/induzon.com\/wp-content\/uploads\/2025\/05\/cropped-026.png\",\"contentUrl\":\"https:\/\/induzon.com\/wp-content\/uploads\/2025\/05\/cropped-026.png\",\"width\":512,\"height\":512,\"caption\":\"induzon\"},\"image\":{\"@id\":\"https:\/\/induzon.com\/ro\/#\/schema\/logo\/image\/\"}}]}<\/script>\r\n<!-- \/ Yoast SEO plugin. -->","yoast_head_json":{"title":"Cap aspira\u021bie inoxidabil pentru canapele\/covora\u0219e -Induzon","description":"Aspiratoare cu extrac\u021bie la temperatur\u0103 \u00eenalt\u0103 pentru covoare, canapele \u0219i interioare auto. Capete din o\u021bel inoxidabil pentru cur\u0103\u021bare profesional\u0103.","robots":{"index":"index","follow":"follow","max-snippet":"max-snippet:-1","max-image-preview":"max-image-preview:large","max-video-preview":"max-video-preview:-1"},"canonical":"https:\/\/induzon.com\/ro\/produs\/cap-de-aspiratie-din-otel-inoxidabil-pentru-canapea-si-carpete-accesoriu-aspirator-cu-extractie-la-inaltari-de-temperatura-masina-de-curatare-interioare-auto-40mm-spalare-injectie-extractie-tapiserii\/","og_locale":"ro_RO","og_type":"article","og_title":"Cap aspira\u021bie inoxidabil pentru canapele\/covora\u0219e -Induzon","og_description":"Aspiratoare cu extrac\u021bie la temperatur\u0103 \u00eenalt\u0103 pentru covoare, canapele \u0219i interioare auto. Capete din o\u021bel inoxidabil pentru cur\u0103\u021bare profesional\u0103.","og_url":"https:\/\/induzon.com\/ro\/produs\/cap-de-aspiratie-din-otel-inoxidabil-pentru-canapea-si-carpete-accesoriu-aspirator-cu-extractie-la-inaltari-de-temperatura-masina-de-curatare-interioare-auto-40mm-spalare-injectie-extractie-tapiserii\/","og_site_name":"induzon","article_modified_time":"2025-08-15T09:25:37+00:00","og_image":[{"width":1500,"height":1500,"url":"https:\/\/induzon.com\/wp-content\/uploads\/2025\/08\/\u56fe-4-1.jpg","type":"image\/jpeg"}],"twitter_card":"summary_large_image","twitter_misc":{"Timp estimat pentru citire":"1 minute"},"schema":{"@context":"https:\/\/schema.org","@graph":[{"@type":"WebPage","@id":"https:\/\/induzon.com\/ro\/produs\/cap-de-aspiratie-din-otel-inoxidabil-pentru-canapea-si-carpete-accesoriu-aspirator-cu-extractie-la-inaltari-de-temperatura-masina-de-curatare-interioare-auto-40mm-spalare-injectie-extractie-tapiserii\/","url":"https:\/\/induzon.com\/ro\/produs\/cap-de-aspiratie-din-otel-inoxidabil-pentru-canapea-si-carpete-accesoriu-aspirator-cu-extractie-la-inaltari-de-temperatura-masina-de-curatare-interioare-auto-40mm-spalare-injectie-extractie-tapiserii\/","name":"Cap aspira\u021bie inoxidabil pentru canapele\/covora\u0219e -Induzon","isPartOf":{"@id":"https:\/\/induzon.com\/ro\/#website"},"primaryImageOfPage":{"@id":"https:\/\/induzon.com\/ro\/produs\/cap-de-aspiratie-din-otel-inoxidabil-pentru-canapea-si-carpete-accesoriu-aspirator-cu-extractie-la-inaltari-de-temperatura-masina-de-curatare-interioare-auto-40mm-spalare-injectie-extractie-tapiserii\/#primaryimage"},"image":{"@id":"https:\/\/induzon.com\/ro\/produs\/cap-de-aspiratie-din-otel-inoxidabil-pentru-canapea-si-carpete-accesoriu-aspirator-cu-extractie-la-inaltari-de-temperatura-masina-de-curatare-interioare-auto-40mm-spalare-injectie-extractie-tapiserii\/#primaryimage"},"thumbnailUrl":"https:\/\/induzon.com\/wp-content\/uploads\/2025\/08\/\u56fe-4-1.jpg","datePublished":"2025-08-15T06:37:58+00:00","dateModified":"2025-08-15T09:25:37+00:00","description":"Aspiratoare cu extrac\u021bie la temperatur\u0103 \u00eenalt\u0103 pentru covoare, canapele \u0219i interioare auto. Capete din o\u021bel inoxidabil pentru cur\u0103\u021bare profesional\u0103.","breadcrumb":{"@id":"https:\/\/induzon.com\/ro\/produs\/cap-de-aspiratie-din-otel-inoxidabil-pentru-canapea-si-carpete-accesoriu-aspirator-cu-extractie-la-inaltari-de-temperatura-masina-de-curatare-interioare-auto-40mm-spalare-injectie-extractie-tapiserii\/#breadcrumb"},"inLanguage":"ro-RO","potentialAction":[{"@type":"ReadAction","target":["https:\/\/induzon.com\/ro\/produs\/cap-de-aspiratie-din-otel-inoxidabil-pentru-canapea-si-carpete-accesoriu-aspirator-cu-extractie-la-inaltari-de-temperatura-masina-de-curatare-interioare-auto-40mm-spalare-injectie-extractie-tapiserii\/"]}]},{"@type":"ImageObject","inLanguage":"ro-RO","@id":"https:\/\/induzon.com\/ro\/produs\/cap-de-aspiratie-din-otel-inoxidabil-pentru-canapea-si-carpete-accesoriu-aspirator-cu-extractie-la-inaltari-de-temperatura-masina-de-curatare-interioare-auto-40mm-spalare-injectie-extractie-tapiserii\/#primaryimage","url":"https:\/\/induzon.com\/wp-content\/uploads\/2025\/08\/\u56fe-4-1.jpg","contentUrl":"https:\/\/induzon.com\/wp-content\/uploads\/2025\/08\/\u56fe-4-1.jpg","width":1500,"height":1500,"caption":"Aspiratoare cu extrac\u021bie la temperatur\u0103 \u00eenalt\u0103 pentru covoare, canapele \u0219i interioare auto. Capete din o\u021bel inoxidabil pentru cur\u0103\u021bare profesional\u0103."},{"@type":"BreadcrumbList","@id":"https:\/\/induzon.com\/ro\/produs\/cap-de-aspiratie-din-otel-inoxidabil-pentru-canapea-si-carpete-accesoriu-aspirator-cu-extractie-la-inaltari-de-temperatura-masina-de-curatare-interioare-auto-40mm-spalare-injectie-extractie-tapiserii\/#breadcrumb","itemListElement":[{"@type":"ListItem","position":1,"name":"\u9996\u9875","item":"https:\/\/induzon.com\/ro\/acasa\/"},{"@type":"ListItem","position":2,"name":"Magazin","item":"https:\/\/induzon.com\/ro\/magazin\/"},{"@type":"ListItem","position":3,"name":"Cap de aspira\u021bie din o\u021bel inoxidabil pentru canapea \u0219i carpete accesoriu aspirator cu extrac\u021bie la \u00een\u0103l\u021b\u0103ri de temperatur\u0103 ma\u0219in\u0103 de cur\u0103\u021bare interioare auto 40mm spalare injectie extractie tapiserii covoare profesional abur uscat umed"}]},{"@type":"WebSite","@id":"https:\/\/induzon.com\/ro\/#website","url":"https:\/\/induzon.com\/ro\/","name":"induzon","description":"","publisher":{"@id":"https:\/\/induzon.com\/ro\/#organization"},"potentialAction":[{"@type":"SearchAction","target":{"@type":"EntryPoint","urlTemplate":"https:\/\/induzon.com\/ro\/?s={search_term_string}"},"query-input":{"@type":"PropertyValueSpecification","valueRequired":true,"valueName":"search_term_string"}}],"inLanguage":"ro-RO"},{"@type":"Organization","@id":"https:\/\/induzon.com\/ro\/#organization","name":"induzon","url":"https:\/\/induzon.com\/ro\/","logo":{"@type":"ImageObject","inLanguage":"ro-RO","@id":"https:\/\/induzon.com\/ro\/#\/schema\/logo\/image\/","url":"https:\/\/induzon.com\/wp-content\/uploads\/2025\/05\/cropped-026.png","contentUrl":"https:\/\/induzon.com\/wp-content\/uploads\/2025\/05\/cropped-026.png","width":512,"height":512,"caption":"induzon"},"image":{"@id":"https:\/\/induzon.com\/ro\/#\/schema\/logo\/image\/"}}]}},"_links":{"self":[{"href":"https:\/\/induzon.com\/ro\/wp-json\/wp\/v2\/product\/22973","targetHints":{"allow":["GET"]}}],"collection":[{"href":"https:\/\/induzon.com\/ro\/wp-json\/wp\/v2\/product"}],"about":[{"href":"https:\/\/induzon.com\/ro\/wp-json\/wp\/v2\/types\/product"}],"replies":[{"embeddable":true,"href":"https:\/\/induzon.com\/ro\/wp-json\/wp\/v2\/comments?post=22973"}],"version-history":[{"count":1,"href":"https:\/\/induzon.com\/ro\/wp-json\/wp\/v2\/product\/22973\/revisions"}],"predecessor-version":[{"id":22988,"href":"https:\/\/induzon.com\/ro\/wp-json\/wp\/v2\/product\/22973\/revisions\/22988"}],"wp:featuredmedia":[{"embeddable":true,"href":"https:\/\/induzon.com\/ro\/wp-json\/wp\/v2\/media\/22956"}],"wp:attachment":[{"href":"https:\/\/induzon.com\/ro\/wp-json\/wp\/v2\/media?parent=22973"}],"wp:term":[{"taxonomy":"product_brand","embeddable":true,"href":"https:\/\/induzon.com\/ro\/wp-json\/wp\/v2\/product_brand?post=22973"},{"taxonomy":"product_cat","embeddable":true,"href":"https:\/\/induzon.com\/ro\/wp-json\/wp\/v2\/product_cat?post=22973"},{"taxonomy":"product_tag","embeddable":true,"href":"https:\/\/induzon.com\/ro\/wp-json\/wp\/v2\/product_tag?post=22973"}],"curies":[{"name":"wp","href":"https:\/\/api.w.org\/{rel}","templated":true}]}}