{"id":24672,"date":"2025-09-10T15:05:40","date_gmt":"2025-09-10T07:05:40","guid":{"rendered":"https:\/\/induzon.com\/shop\/oglinda-retrovizoare-pentru-tractor-excavator-remorca-incarcator-pe-roti-motor-pentru-utilaje-agricole-camion-autoutilitara-golf-masina-de-tuns-iarba-kit-de-reparare\/"},"modified":"2025-12-23T14:56:35","modified_gmt":"2025-12-23T06:56:35","slug":"oglinda-retrovizoare-pentru-tractor-excavator-remorca-incarcator-pe-roti-motor-pentru-utilaje-agricole-camion-autoutilitara-golf-masina-de-tuns-iarba-kit-de-reparare","status":"publish","type":"product","link":"https:\/\/induzon.com\/ro\/produs\/oglinda-retrovizoare-pentru-tractor-excavator-remorca-incarcator-pe-roti-motor-pentru-utilaje-agricole-camion-autoutilitara-golf-masina-de-tuns-iarba-kit-de-reparare\/","title":{"rendered":"oglinda retrovizoare pentru tractor excavator remorca incarcator pe roti motor pentru utilaje agricole camion autoutilitara golf masina de tuns iarba kit de reparare"},"content":{"rendered":"<p>1.Oglind\u0103 retrovizoare universal\u0103 pentru tractoare cu gazon, vehicule electrice, camioane \u0219i utilaje.<br \/>\n2.Rezistent\u0103 la vibra\u021bii \u0219i intemperii, asigur\u0103 vizibilitate sigur\u0103 pe toate tipurile de terenuri.<br \/>\n3.Instalare u\u0219oar\u0103 f\u0103r\u0103 unelte speciale, compatibil\u0103 cu majoritatea modelelor de utilaje \u0219i vehicule.<br \/>\n4.Construit\u0103 din materiale durabile, rezist\u0103 la \u0219ocuri \u0219i condi\u021bii meteorologice extreme.<br \/>\n5.\u00cembun\u0103t\u0103\u021be\u0219te siguran\u021ba la condus pentru vehicule comerciale, agricole \u0219i de recreere.<\/p>\n","protected":false},"excerpt":{"rendered":"<p>1.Oglind\u0103 retrovizoare universal\u0103 pentru tractoare cu gazon, vehicule electrice, camioane \u0219i utilaje. 2.Rezistent\u0103 la vibra\u021bii \u0219i intemperii, asigur\u0103 vizibilitate sigur\u0103 [&hellip;]<\/p>\n","protected":false},"featured_media":24584,"comment_status":"open","ping_status":"closed","template":"","meta":{"site-sidebar-layout":"default","site-content-layout":"","ast-site-content-layout":"default","site-content-style":"default","site-sidebar-style":"default","ast-global-header-display":"","ast-banner-title-visibility":"","ast-main-header-display":"","ast-hfb-above-header-display":"","ast-hfb-below-header-display":"","ast-hfb-mobile-header-display":"","site-post-title":"","ast-breadcrumbs-content":"","ast-featured-img":"","footer-sml-layout":"","theme-transparent-header-meta":"default","adv-header-id-meta":"","stick-header-meta":"","header-above-stick-meta":"","header-main-stick-meta":"","header-below-stick-meta":"","astra-migrate-meta-layouts":"set","ast-page-background-enabled":"default","ast-page-background-meta":{"desktop":{"background-color":"var(--ast-global-color-4)","background-image":"","background-repeat":"repeat","background-position":"center center","background-size":"auto","background-attachment":"scroll","background-type":"","background-media":"","overlay-type":"","overlay-color":"","overlay-opacity":"","overlay-gradient":""},"tablet":{"background-color":"","background-image":"","background-repeat":"repeat","background-position":"center center","background-size":"auto","background-attachment":"scroll","background-type":"","background-media":"","overlay-type":"","overlay-color":"","overlay-opacity":"","overlay-gradient":""},"mobile":{"background-color":"","background-image":"","background-repeat":"repeat","background-position":"center center","background-size":"auto","background-attachment":"scroll","background-type":"","background-media":"","overlay-type":"","overlay-color":"","overlay-opacity":"","overlay-gradient":""}},"ast-content-background-meta":{"desktop":{"background-color":"var(--ast-global-color-5)","background-image":"","background-repeat":"repeat","background-position":"center center","background-size":"auto","background-attachment":"scroll","background-type":"","background-media":"","overlay-type":"","overlay-color":"","overlay-opacity":"","overlay-gradient":""},"tablet":{"background-color":"var(--ast-global-color-5)","background-image":"","background-repeat":"repeat","background-position":"center center","background-size":"auto","background-attachment":"scroll","background-type":"","background-media":"","overlay-type":"","overlay-color":"","overlay-opacity":"","overlay-gradient":""},"mobile":{"background-color":"var(--ast-global-color-5)","background-image":"","background-repeat":"repeat","background-position":"center center","background-size":"auto","background-attachment":"scroll","background-type":"","background-media":"","overlay-type":"","overlay-color":"","overlay-opacity":"","overlay-gradient":""}}},"product_brand":[],"product_cat":[1722,1723,1724],"product_tag":[1725],"class_list":{"0":"post-24672","1":"product","2":"type-product","3":"status-publish","4":"has-post-thumbnail","6":"product_cat-autovehicul","7":"product_cat-componente-pentru-autovehicule","8":"product_cat-oglinda-retrovizoare","9":"product_tag-oglinda-retrovizoare-universala","10":"desktop-align-left","11":"tablet-align-left","12":"mobile-align-left","14":"first","15":"instock","16":"sale","17":"shipping-taxable","18":"purchasable","19":"product-type-variable"},"yoast_head":"<!-- This site is optimized with the Yoast SEO plugin v24.9 - https:\/\/yoast.com\/wordpress\/plugins\/seo\/ -->\r\n<title>Oglinda Retrovizoare pentru Tractor - Pentru Remorca -Induzon<\/title>\r\n<meta name=\"description\" content=\"Oglind\u0103 retrovizoare pentru tractor, remorc\u0103 \u0219i \u00eenc\u0103rc\u0103tor. Kit de reparatie oglinda \u0219i oglinda retrovizoare exterioar\u0103 pentru vehicule.\" \/>\r\n<meta name=\"robots\" content=\"index, follow, max-snippet:-1, max-image-preview:large, max-video-preview:-1\" \/>\r\n<link rel=\"canonical\" href=\"https:\/\/induzon.com\/ro\/produs\/oglinda-retrovizoare-pentru-tractor-excavator-remorca-incarcator-pe-roti-motor-pentru-utilaje-agricole-camion-autoutilitara-golf-masina-de-tuns-iarba-kit-de-reparare\/\" \/>\r\n<meta property=\"og:locale\" content=\"ro_RO\" \/>\r\n<meta property=\"og:type\" content=\"article\" \/>\r\n<meta property=\"og:title\" content=\"Oglinda Retrovizoare pentru Tractor - Pentru Remorca -Induzon\" \/>\r\n<meta property=\"og:description\" content=\"Oglind\u0103 retrovizoare pentru tractor, remorc\u0103 \u0219i \u00eenc\u0103rc\u0103tor. Kit de reparatie oglinda \u0219i oglinda retrovizoare exterioar\u0103 pentru vehicule.\" \/>\r\n<meta property=\"og:url\" content=\"https:\/\/induzon.com\/ro\/produs\/oglinda-retrovizoare-pentru-tractor-excavator-remorca-incarcator-pe-roti-motor-pentru-utilaje-agricole-camion-autoutilitara-golf-masina-de-tuns-iarba-kit-de-reparare\/\" \/>\r\n<meta property=\"og:site_name\" content=\"induzon\" \/>\r\n<meta property=\"article:modified_time\" content=\"2025-12-23T06:56:35+00:00\" \/>\r\n<meta property=\"og:image\" content=\"https:\/\/induzon.com\/wp-content\/uploads\/2025\/09\/\u56fe-1.jpg\" \/>\r\n\t<meta property=\"og:image:width\" content=\"1500\" \/>\r\n\t<meta property=\"og:image:height\" content=\"1500\" \/>\r\n\t<meta property=\"og:image:type\" content=\"image\/jpeg\" \/>\r\n<meta name=\"twitter:card\" content=\"summary_large_image\" \/>\r\n<meta name=\"twitter:label1\" content=\"Timp estimat pentru citire\" \/>\n\t<meta name=\"twitter:data1\" content=\"1 minute\" \/>\r\n<script type=\"application\/ld+json\" class=\"yoast-schema-graph\">{\"@context\":\"https:\/\/schema.org\",\"@graph\":[{\"@type\":\"WebPage\",\"@id\":\"https:\/\/induzon.com\/ro\/produs\/oglinda-retrovizoare-pentru-tractor-excavator-remorca-incarcator-pe-roti-motor-pentru-utilaje-agricole-camion-autoutilitara-golf-masina-de-tuns-iarba-kit-de-reparare\/\",\"url\":\"https:\/\/induzon.com\/ro\/produs\/oglinda-retrovizoare-pentru-tractor-excavator-remorca-incarcator-pe-roti-motor-pentru-utilaje-agricole-camion-autoutilitara-golf-masina-de-tuns-iarba-kit-de-reparare\/\",\"name\":\"Oglinda Retrovizoare pentru Tractor - Pentru Remorca -Induzon\",\"isPartOf\":{\"@id\":\"https:\/\/induzon.com\/ro\/#website\"},\"primaryImageOfPage\":{\"@id\":\"https:\/\/induzon.com\/ro\/produs\/oglinda-retrovizoare-pentru-tractor-excavator-remorca-incarcator-pe-roti-motor-pentru-utilaje-agricole-camion-autoutilitara-golf-masina-de-tuns-iarba-kit-de-reparare\/#primaryimage\"},\"image\":{\"@id\":\"https:\/\/induzon.com\/ro\/produs\/oglinda-retrovizoare-pentru-tractor-excavator-remorca-incarcator-pe-roti-motor-pentru-utilaje-agricole-camion-autoutilitara-golf-masina-de-tuns-iarba-kit-de-reparare\/#primaryimage\"},\"thumbnailUrl\":\"https:\/\/induzon.com\/wp-content\/uploads\/2025\/09\/\u56fe-1.jpg\",\"datePublished\":\"2025-09-10T07:05:40+00:00\",\"dateModified\":\"2025-12-23T06:56:35+00:00\",\"description\":\"Oglind\u0103 retrovizoare pentru tractor, remorc\u0103 \u0219i \u00eenc\u0103rc\u0103tor. Kit de reparatie oglinda \u0219i oglinda retrovizoare exterioar\u0103 pentru vehicule.\",\"breadcrumb\":{\"@id\":\"https:\/\/induzon.com\/ro\/produs\/oglinda-retrovizoare-pentru-tractor-excavator-remorca-incarcator-pe-roti-motor-pentru-utilaje-agricole-camion-autoutilitara-golf-masina-de-tuns-iarba-kit-de-reparare\/#breadcrumb\"},\"inLanguage\":\"ro-RO\",\"potentialAction\":[{\"@type\":\"ReadAction\",\"target\":[\"https:\/\/induzon.com\/ro\/produs\/oglinda-retrovizoare-pentru-tractor-excavator-remorca-incarcator-pe-roti-motor-pentru-utilaje-agricole-camion-autoutilitara-golf-masina-de-tuns-iarba-kit-de-reparare\/\"]}]},{\"@type\":\"ImageObject\",\"inLanguage\":\"ro-RO\",\"@id\":\"https:\/\/induzon.com\/ro\/produs\/oglinda-retrovizoare-pentru-tractor-excavator-remorca-incarcator-pe-roti-motor-pentru-utilaje-agricole-camion-autoutilitara-golf-masina-de-tuns-iarba-kit-de-reparare\/#primaryimage\",\"url\":\"https:\/\/induzon.com\/wp-content\/uploads\/2025\/09\/\u56fe-1.jpg\",\"contentUrl\":\"https:\/\/induzon.com\/wp-content\/uploads\/2025\/09\/\u56fe-1.jpg\",\"width\":1500,\"height\":1500,\"caption\":\"Oglind\u0103 retrovizoare pentru tractor, remorc\u0103 \u0219i \u00eenc\u0103rc\u0103tor. Kit de reparatie oglinda \u0219i oglinda retrovizoare exterioar\u0103 pentru vehicule.\"},{\"@type\":\"BreadcrumbList\",\"@id\":\"https:\/\/induzon.com\/ro\/produs\/oglinda-retrovizoare-pentru-tractor-excavator-remorca-incarcator-pe-roti-motor-pentru-utilaje-agricole-camion-autoutilitara-golf-masina-de-tuns-iarba-kit-de-reparare\/#breadcrumb\",\"itemListElement\":[{\"@type\":\"ListItem\",\"position\":1,\"name\":\"\u9996\u9875\",\"item\":\"https:\/\/induzon.com\/ro\/acasa\/\"},{\"@type\":\"ListItem\",\"position\":2,\"name\":\"Magazin\",\"item\":\"https:\/\/induzon.com\/ro\/magazin\/\"},{\"@type\":\"ListItem\",\"position\":3,\"name\":\"oglinda retrovizoare pentru tractor excavator remorca incarcator pe roti motor pentru utilaje agricole camion autoutilitara golf masina de tuns iarba kit de reparare\"}]},{\"@type\":\"WebSite\",\"@id\":\"https:\/\/induzon.com\/ro\/#website\",\"url\":\"https:\/\/induzon.com\/ro\/\",\"name\":\"induzon\",\"description\":\"\",\"publisher\":{\"@id\":\"https:\/\/induzon.com\/ro\/#organization\"},\"potentialAction\":[{\"@type\":\"SearchAction\",\"target\":{\"@type\":\"EntryPoint\",\"urlTemplate\":\"https:\/\/induzon.com\/ro\/?s={search_term_string}\"},\"query-input\":{\"@type\":\"PropertyValueSpecification\",\"valueRequired\":true,\"valueName\":\"search_term_string\"}}],\"inLanguage\":\"ro-RO\"},{\"@type\":\"Organization\",\"@id\":\"https:\/\/induzon.com\/ro\/#organization\",\"name\":\"induzon\",\"url\":\"https:\/\/induzon.com\/ro\/\",\"logo\":{\"@type\":\"ImageObject\",\"inLanguage\":\"ro-RO\",\"@id\":\"https:\/\/induzon.com\/ro\/#\/schema\/logo\/image\/\",\"url\":\"https:\/\/induzon.com\/wp-content\/uploads\/2025\/05\/cropped-026.png\",\"contentUrl\":\"https:\/\/induzon.com\/wp-content\/uploads\/2025\/05\/cropped-026.png\",\"width\":512,\"height\":512,\"caption\":\"induzon\"},\"image\":{\"@id\":\"https:\/\/induzon.com\/ro\/#\/schema\/logo\/image\/\"}}]}<\/script>\r\n<!-- \/ Yoast SEO plugin. -->","yoast_head_json":{"title":"Oglinda Retrovizoare pentru Tractor - Pentru Remorca -Induzon","description":"Oglind\u0103 retrovizoare pentru tractor, remorc\u0103 \u0219i \u00eenc\u0103rc\u0103tor. Kit de reparatie oglinda \u0219i oglinda retrovizoare exterioar\u0103 pentru vehicule.","robots":{"index":"index","follow":"follow","max-snippet":"max-snippet:-1","max-image-preview":"max-image-preview:large","max-video-preview":"max-video-preview:-1"},"canonical":"https:\/\/induzon.com\/ro\/produs\/oglinda-retrovizoare-pentru-tractor-excavator-remorca-incarcator-pe-roti-motor-pentru-utilaje-agricole-camion-autoutilitara-golf-masina-de-tuns-iarba-kit-de-reparare\/","og_locale":"ro_RO","og_type":"article","og_title":"Oglinda Retrovizoare pentru Tractor - Pentru Remorca -Induzon","og_description":"Oglind\u0103 retrovizoare pentru tractor, remorc\u0103 \u0219i \u00eenc\u0103rc\u0103tor. Kit de reparatie oglinda \u0219i oglinda retrovizoare exterioar\u0103 pentru vehicule.","og_url":"https:\/\/induzon.com\/ro\/produs\/oglinda-retrovizoare-pentru-tractor-excavator-remorca-incarcator-pe-roti-motor-pentru-utilaje-agricole-camion-autoutilitara-golf-masina-de-tuns-iarba-kit-de-reparare\/","og_site_name":"induzon","article_modified_time":"2025-12-23T06:56:35+00:00","og_image":[{"width":1500,"height":1500,"url":"https:\/\/induzon.com\/wp-content\/uploads\/2025\/09\/\u56fe-1.jpg","type":"image\/jpeg"}],"twitter_card":"summary_large_image","twitter_misc":{"Timp estimat pentru citire":"1 minute"},"schema":{"@context":"https:\/\/schema.org","@graph":[{"@type":"WebPage","@id":"https:\/\/induzon.com\/ro\/produs\/oglinda-retrovizoare-pentru-tractor-excavator-remorca-incarcator-pe-roti-motor-pentru-utilaje-agricole-camion-autoutilitara-golf-masina-de-tuns-iarba-kit-de-reparare\/","url":"https:\/\/induzon.com\/ro\/produs\/oglinda-retrovizoare-pentru-tractor-excavator-remorca-incarcator-pe-roti-motor-pentru-utilaje-agricole-camion-autoutilitara-golf-masina-de-tuns-iarba-kit-de-reparare\/","name":"Oglinda Retrovizoare pentru Tractor - Pentru Remorca -Induzon","isPartOf":{"@id":"https:\/\/induzon.com\/ro\/#website"},"primaryImageOfPage":{"@id":"https:\/\/induzon.com\/ro\/produs\/oglinda-retrovizoare-pentru-tractor-excavator-remorca-incarcator-pe-roti-motor-pentru-utilaje-agricole-camion-autoutilitara-golf-masina-de-tuns-iarba-kit-de-reparare\/#primaryimage"},"image":{"@id":"https:\/\/induzon.com\/ro\/produs\/oglinda-retrovizoare-pentru-tractor-excavator-remorca-incarcator-pe-roti-motor-pentru-utilaje-agricole-camion-autoutilitara-golf-masina-de-tuns-iarba-kit-de-reparare\/#primaryimage"},"thumbnailUrl":"https:\/\/induzon.com\/wp-content\/uploads\/2025\/09\/\u56fe-1.jpg","datePublished":"2025-09-10T07:05:40+00:00","dateModified":"2025-12-23T06:56:35+00:00","description":"Oglind\u0103 retrovizoare pentru tractor, remorc\u0103 \u0219i \u00eenc\u0103rc\u0103tor. Kit de reparatie oglinda \u0219i oglinda retrovizoare exterioar\u0103 pentru vehicule.","breadcrumb":{"@id":"https:\/\/induzon.com\/ro\/produs\/oglinda-retrovizoare-pentru-tractor-excavator-remorca-incarcator-pe-roti-motor-pentru-utilaje-agricole-camion-autoutilitara-golf-masina-de-tuns-iarba-kit-de-reparare\/#breadcrumb"},"inLanguage":"ro-RO","potentialAction":[{"@type":"ReadAction","target":["https:\/\/induzon.com\/ro\/produs\/oglinda-retrovizoare-pentru-tractor-excavator-remorca-incarcator-pe-roti-motor-pentru-utilaje-agricole-camion-autoutilitara-golf-masina-de-tuns-iarba-kit-de-reparare\/"]}]},{"@type":"ImageObject","inLanguage":"ro-RO","@id":"https:\/\/induzon.com\/ro\/produs\/oglinda-retrovizoare-pentru-tractor-excavator-remorca-incarcator-pe-roti-motor-pentru-utilaje-agricole-camion-autoutilitara-golf-masina-de-tuns-iarba-kit-de-reparare\/#primaryimage","url":"https:\/\/induzon.com\/wp-content\/uploads\/2025\/09\/\u56fe-1.jpg","contentUrl":"https:\/\/induzon.com\/wp-content\/uploads\/2025\/09\/\u56fe-1.jpg","width":1500,"height":1500,"caption":"Oglind\u0103 retrovizoare pentru tractor, remorc\u0103 \u0219i \u00eenc\u0103rc\u0103tor. Kit de reparatie oglinda \u0219i oglinda retrovizoare exterioar\u0103 pentru vehicule."},{"@type":"BreadcrumbList","@id":"https:\/\/induzon.com\/ro\/produs\/oglinda-retrovizoare-pentru-tractor-excavator-remorca-incarcator-pe-roti-motor-pentru-utilaje-agricole-camion-autoutilitara-golf-masina-de-tuns-iarba-kit-de-reparare\/#breadcrumb","itemListElement":[{"@type":"ListItem","position":1,"name":"\u9996\u9875","item":"https:\/\/induzon.com\/ro\/acasa\/"},{"@type":"ListItem","position":2,"name":"Magazin","item":"https:\/\/induzon.com\/ro\/magazin\/"},{"@type":"ListItem","position":3,"name":"oglinda retrovizoare pentru tractor excavator remorca incarcator pe roti motor pentru utilaje agricole camion autoutilitara golf masina de tuns iarba kit de reparare"}]},{"@type":"WebSite","@id":"https:\/\/induzon.com\/ro\/#website","url":"https:\/\/induzon.com\/ro\/","name":"induzon","description":"","publisher":{"@id":"https:\/\/induzon.com\/ro\/#organization"},"potentialAction":[{"@type":"SearchAction","target":{"@type":"EntryPoint","urlTemplate":"https:\/\/induzon.com\/ro\/?s={search_term_string}"},"query-input":{"@type":"PropertyValueSpecification","valueRequired":true,"valueName":"search_term_string"}}],"inLanguage":"ro-RO"},{"@type":"Organization","@id":"https:\/\/induzon.com\/ro\/#organization","name":"induzon","url":"https:\/\/induzon.com\/ro\/","logo":{"@type":"ImageObject","inLanguage":"ro-RO","@id":"https:\/\/induzon.com\/ro\/#\/schema\/logo\/image\/","url":"https:\/\/induzon.com\/wp-content\/uploads\/2025\/05\/cropped-026.png","contentUrl":"https:\/\/induzon.com\/wp-content\/uploads\/2025\/05\/cropped-026.png","width":512,"height":512,"caption":"induzon"},"image":{"@id":"https:\/\/induzon.com\/ro\/#\/schema\/logo\/image\/"}}]}},"_links":{"self":[{"href":"https:\/\/induzon.com\/ro\/wp-json\/wp\/v2\/product\/24672","targetHints":{"allow":["GET"]}}],"collection":[{"href":"https:\/\/induzon.com\/ro\/wp-json\/wp\/v2\/product"}],"about":[{"href":"https:\/\/induzon.com\/ro\/wp-json\/wp\/v2\/types\/product"}],"replies":[{"embeddable":true,"href":"https:\/\/induzon.com\/ro\/wp-json\/wp\/v2\/comments?post=24672"}],"version-history":[{"count":2,"href":"https:\/\/induzon.com\/ro\/wp-json\/wp\/v2\/product\/24672\/revisions"}],"predecessor-version":[{"id":32352,"href":"https:\/\/induzon.com\/ro\/wp-json\/wp\/v2\/product\/24672\/revisions\/32352"}],"wp:featuredmedia":[{"embeddable":true,"href":"https:\/\/induzon.com\/ro\/wp-json\/wp\/v2\/media\/24584"}],"wp:attachment":[{"href":"https:\/\/induzon.com\/ro\/wp-json\/wp\/v2\/media?parent=24672"}],"wp:term":[{"taxonomy":"product_brand","embeddable":true,"href":"https:\/\/induzon.com\/ro\/wp-json\/wp\/v2\/product_brand?post=24672"},{"taxonomy":"product_cat","embeddable":true,"href":"https:\/\/induzon.com\/ro\/wp-json\/wp\/v2\/product_cat?post=24672"},{"taxonomy":"product_tag","embeddable":true,"href":"https:\/\/induzon.com\/ro\/wp-json\/wp\/v2\/product_tag?post=24672"}],"curies":[{"name":"wp","href":"https:\/\/api.w.org\/{rel}","templated":true}]}}