{"id":26022,"date":"2025-09-18T15:04:59","date_gmt":"2025-09-18T07:04:59","guid":{"rendered":"https:\/\/induzon.com\/shop\/unitate-de-condensare-pentru-frigider-de-laborator-sistem-de-racire-chiller-racitor-de-aer-portabil-unitate-de-recuperare-aer-conditionat-unitate-integrata-de-racire-cu-racire-la-pornire-si-termostat\/"},"modified":"2025-12-22T15:21:21","modified_gmt":"2025-12-22T07:21:21","slug":"unitate-de-condensare-pentru-frigider-de-laborator-sistem-de-racire-chiller-racitor-de-aer-portabil-unitate-de-recuperare-aer-conditionat-unitate-integrata-de-racire-cu-racire-la-pornire-si-termostat","status":"publish","type":"product","link":"https:\/\/induzon.com\/ro\/produs\/unitate-de-condensare-pentru-frigider-de-laborator-sistem-de-racire-chiller-racitor-de-aer-portabil-unitate-de-recuperare-aer-conditionat-unitate-integrata-de-racire-cu-racire-la-pornire-si-termostat\/","title":{"rendered":"unitate de condensare pentru frigider de laborator sistem de racire chiller racitor de aer portabil unitate de recuperare aer conditionat unitate integrat\u0103 de r\u0103cire cu r\u0103cire la pornire \u0219i termostat op\u021bional"},"content":{"rendered":"<p>1.Sistem de r\u0103cire eficient pentru o varietate de aplica\u021bii, inclusiv laboratoare \u0219i depozite frigorifice.<br \/>\n2.Func\u021bionare silen\u021bioas\u0103 \u0219i eficient\u0103 energetic, ideal\u0103 pentru spa\u021bii mici \u0219i medii.<br \/>\n3.Construc\u021bie durabil\u0103 \u0219i fiabil\u0103, proiectat\u0103 pentru o utilizare \u00eendelungat\u0103 \u00een condi\u021bii diverse.<br \/>\n4.Temperatur\u0103 stabil\u0103 \u0219i control precis, perfect pentru aplica\u021bii sensibile la c\u0103ldur\u0103.<br \/>\n5.U\u0219or de instalat \u0219i de \u00eentre\u021binut, asigur\u00e2nd un flux continuu de r\u0103cire f\u0103r\u0103 probleme.<\/p>\n","protected":false},"excerpt":{"rendered":"<p>1.Sistem de r\u0103cire eficient pentru o varietate de aplica\u021bii, inclusiv laboratoare \u0219i depozite frigorifice. 2.Func\u021bionare silen\u021bioas\u0103 \u0219i eficient\u0103 energetic, ideal\u0103 [&hellip;]<\/p>\n","protected":false},"featured_media":25842,"comment_status":"open","ping_status":"closed","template":"","meta":{"site-sidebar-layout":"default","site-content-layout":"","ast-site-content-layout":"default","site-content-style":"default","site-sidebar-style":"default","ast-global-header-display":"","ast-banner-title-visibility":"","ast-main-header-display":"","ast-hfb-above-header-display":"","ast-hfb-below-header-display":"","ast-hfb-mobile-header-display":"","site-post-title":"","ast-breadcrumbs-content":"","ast-featured-img":"","footer-sml-layout":"","theme-transparent-header-meta":"default","adv-header-id-meta":"","stick-header-meta":"","header-above-stick-meta":"","header-main-stick-meta":"","header-below-stick-meta":"","astra-migrate-meta-layouts":"set","ast-page-background-enabled":"default","ast-page-background-meta":{"desktop":{"background-color":"var(--ast-global-color-4)","background-image":"","background-repeat":"repeat","background-position":"center center","background-size":"auto","background-attachment":"scroll","background-type":"","background-media":"","overlay-type":"","overlay-color":"","overlay-opacity":"","overlay-gradient":""},"tablet":{"background-color":"","background-image":"","background-repeat":"repeat","background-position":"center center","background-size":"auto","background-attachment":"scroll","background-type":"","background-media":"","overlay-type":"","overlay-color":"","overlay-opacity":"","overlay-gradient":""},"mobile":{"background-color":"","background-image":"","background-repeat":"repeat","background-position":"center center","background-size":"auto","background-attachment":"scroll","background-type":"","background-media":"","overlay-type":"","overlay-color":"","overlay-opacity":"","overlay-gradient":""}},"ast-content-background-meta":{"desktop":{"background-color":"var(--ast-global-color-5)","background-image":"","background-repeat":"repeat","background-position":"center center","background-size":"auto","background-attachment":"scroll","background-type":"","background-media":"","overlay-type":"","overlay-color":"","overlay-opacity":"","overlay-gradient":""},"tablet":{"background-color":"var(--ast-global-color-5)","background-image":"","background-repeat":"repeat","background-position":"center center","background-size":"auto","background-attachment":"scroll","background-type":"","background-media":"","overlay-type":"","overlay-color":"","overlay-opacity":"","overlay-gradient":""},"mobile":{"background-color":"var(--ast-global-color-5)","background-image":"","background-repeat":"repeat","background-position":"center center","background-size":"auto","background-attachment":"scroll","background-type":"","background-media":"","overlay-type":"","overlay-color":"","overlay-opacity":"","overlay-gradient":""}}},"product_brand":[],"product_cat":[1019,906],"product_tag":[1770,1771],"class_list":{"0":"post-26022","1":"product","2":"type-product","3":"status-publish","4":"has-post-thumbnail","6":"product_cat-echipamente-frigorifice","7":"product_cat-unelte-si-echipamente","8":"product_tag-commercial-condensing-units-ro","9":"product_tag-industrial-refrigeration-equipment-ro","10":"desktop-align-left","11":"tablet-align-left","12":"mobile-align-left","14":"first","15":"instock","16":"sale","17":"shipping-taxable","18":"purchasable","19":"product-type-variable"},"yoast_head":"<!-- This site is optimized with the Yoast SEO plugin v24.9 - https:\/\/yoast.com\/wordpress\/plugins\/seo\/ -->\r\n<title>Unitate integrat\u0103 de r\u0103cire cu r\u0103cire la pornire \u0219i termostat -Induzon<\/title>\r\n<meta name=\"description\" content=\"Unitatea noastr\u0103 integrat\u0103 de r\u0103cire ofer\u0103 r\u0103cire immediat\u0103 la pornire cu termostat op\u021bional, perfect\u0103 pentru aplica\u021bii industriale.\" \/>\r\n<meta name=\"robots\" content=\"index, follow, max-snippet:-1, max-image-preview:large, max-video-preview:-1\" \/>\r\n<link rel=\"canonical\" href=\"https:\/\/induzon.com\/ro\/produs\/unitate-de-condensare-pentru-frigider-de-laborator-sistem-de-racire-chiller-racitor-de-aer-portabil-unitate-de-recuperare-aer-conditionat-unitate-integrata-de-racire-cu-racire-la-pornire-si-termostat\/\" \/>\r\n<meta property=\"og:locale\" content=\"ro_RO\" \/>\r\n<meta property=\"og:type\" content=\"article\" \/>\r\n<meta property=\"og:title\" content=\"Unitate integrat\u0103 de r\u0103cire cu r\u0103cire la pornire \u0219i termostat -Induzon\" \/>\r\n<meta property=\"og:description\" content=\"Unitatea noastr\u0103 integrat\u0103 de r\u0103cire ofer\u0103 r\u0103cire immediat\u0103 la pornire cu termostat op\u021bional, perfect\u0103 pentru aplica\u021bii industriale.\" \/>\r\n<meta property=\"og:url\" content=\"https:\/\/induzon.com\/ro\/produs\/unitate-de-condensare-pentru-frigider-de-laborator-sistem-de-racire-chiller-racitor-de-aer-portabil-unitate-de-recuperare-aer-conditionat-unitate-integrata-de-racire-cu-racire-la-pornire-si-termostat\/\" \/>\r\n<meta property=\"og:site_name\" content=\"induzon\" \/>\r\n<meta property=\"article:modified_time\" content=\"2025-12-22T07:21:21+00:00\" \/>\r\n<meta property=\"og:image\" content=\"https:\/\/induzon.com\/wp-content\/uploads\/2025\/09\/\u56fe-3-QD30A.jpg\" \/>\r\n\t<meta property=\"og:image:width\" content=\"1500\" \/>\r\n\t<meta property=\"og:image:height\" content=\"1500\" \/>\r\n\t<meta property=\"og:image:type\" content=\"image\/jpeg\" \/>\r\n<meta name=\"twitter:card\" content=\"summary_large_image\" \/>\r\n<meta name=\"twitter:label1\" content=\"Timp estimat pentru citire\" \/>\n\t<meta name=\"twitter:data1\" content=\"1 minute\" \/>\r\n<script type=\"application\/ld+json\" class=\"yoast-schema-graph\">{\"@context\":\"https:\/\/schema.org\",\"@graph\":[{\"@type\":\"WebPage\",\"@id\":\"https:\/\/induzon.com\/ro\/produs\/unitate-de-condensare-pentru-frigider-de-laborator-sistem-de-racire-chiller-racitor-de-aer-portabil-unitate-de-recuperare-aer-conditionat-unitate-integrata-de-racire-cu-racire-la-pornire-si-termostat\/\",\"url\":\"https:\/\/induzon.com\/ro\/produs\/unitate-de-condensare-pentru-frigider-de-laborator-sistem-de-racire-chiller-racitor-de-aer-portabil-unitate-de-recuperare-aer-conditionat-unitate-integrata-de-racire-cu-racire-la-pornire-si-termostat\/\",\"name\":\"Unitate integrat\u0103 de r\u0103cire cu r\u0103cire la pornire \u0219i termostat -Induzon\",\"isPartOf\":{\"@id\":\"https:\/\/induzon.com\/ro\/#website\"},\"primaryImageOfPage\":{\"@id\":\"https:\/\/induzon.com\/ro\/produs\/unitate-de-condensare-pentru-frigider-de-laborator-sistem-de-racire-chiller-racitor-de-aer-portabil-unitate-de-recuperare-aer-conditionat-unitate-integrata-de-racire-cu-racire-la-pornire-si-termostat\/#primaryimage\"},\"image\":{\"@id\":\"https:\/\/induzon.com\/ro\/produs\/unitate-de-condensare-pentru-frigider-de-laborator-sistem-de-racire-chiller-racitor-de-aer-portabil-unitate-de-recuperare-aer-conditionat-unitate-integrata-de-racire-cu-racire-la-pornire-si-termostat\/#primaryimage\"},\"thumbnailUrl\":\"https:\/\/induzon.com\/wp-content\/uploads\/2025\/09\/\u56fe-3-QD30A.jpg\",\"datePublished\":\"2025-09-18T07:04:59+00:00\",\"dateModified\":\"2025-12-22T07:21:21+00:00\",\"description\":\"Unitatea noastr\u0103 integrat\u0103 de r\u0103cire ofer\u0103 r\u0103cire immediat\u0103 la pornire cu termostat op\u021bional, perfect\u0103 pentru aplica\u021bii industriale.\",\"breadcrumb\":{\"@id\":\"https:\/\/induzon.com\/ro\/produs\/unitate-de-condensare-pentru-frigider-de-laborator-sistem-de-racire-chiller-racitor-de-aer-portabil-unitate-de-recuperare-aer-conditionat-unitate-integrata-de-racire-cu-racire-la-pornire-si-termostat\/#breadcrumb\"},\"inLanguage\":\"ro-RO\",\"potentialAction\":[{\"@type\":\"ReadAction\",\"target\":[\"https:\/\/induzon.com\/ro\/produs\/unitate-de-condensare-pentru-frigider-de-laborator-sistem-de-racire-chiller-racitor-de-aer-portabil-unitate-de-recuperare-aer-conditionat-unitate-integrata-de-racire-cu-racire-la-pornire-si-termostat\/\"]}]},{\"@type\":\"ImageObject\",\"inLanguage\":\"ro-RO\",\"@id\":\"https:\/\/induzon.com\/ro\/produs\/unitate-de-condensare-pentru-frigider-de-laborator-sistem-de-racire-chiller-racitor-de-aer-portabil-unitate-de-recuperare-aer-conditionat-unitate-integrata-de-racire-cu-racire-la-pornire-si-termostat\/#primaryimage\",\"url\":\"https:\/\/induzon.com\/wp-content\/uploads\/2025\/09\/\u56fe-3-QD30A.jpg\",\"contentUrl\":\"https:\/\/induzon.com\/wp-content\/uploads\/2025\/09\/\u56fe-3-QD30A.jpg\",\"width\":1500,\"height\":1500,\"caption\":\"\u041d\u0430\u0448\u0430\u0442\u0430 \u0438\u043d\u0442\u0435\u0433\u0440\u0438\u0440\u0430\u043d\u0430 \u043e\u0445\u043b\u0430\u0434\u0438\u0442\u0435\u043b\u043d\u0430 \u0435\u0434\u0438\u043d\u0438\u0446\u0430 \u043f\u0440\u0435\u0434\u043b\u0430\u0433\u0430 \u0441\u0442\u0430\u0440\u0442\u043e\u0432\u043e \u043e\u0445\u043b\u0430\u0436\u0434\u0430\u043d\u0435 \u0441 \u043e\u043f\u0446\u0438\u043e\u043d\u0430\u043b\u0435\u043d \u0442\u0435\u0440\u043c\u043e\u0441\u0442\u0430\u0442, \u043f\u043e\u0434\u0445\u043e\u0434\u044f\u0449\u0430 \u0437\u0430 \u0440\u0430\u0437\u043b\u0438\u0447\u043d\u0438 \u0438\u043d\u0434\u0443\u0441\u0442\u0440\u0438\u0430\u043b\u043d\u0438\"},{\"@type\":\"BreadcrumbList\",\"@id\":\"https:\/\/induzon.com\/ro\/produs\/unitate-de-condensare-pentru-frigider-de-laborator-sistem-de-racire-chiller-racitor-de-aer-portabil-unitate-de-recuperare-aer-conditionat-unitate-integrata-de-racire-cu-racire-la-pornire-si-termostat\/#breadcrumb\",\"itemListElement\":[{\"@type\":\"ListItem\",\"position\":1,\"name\":\"\u9996\u9875\",\"item\":\"https:\/\/induzon.com\/ro\/acasa\/\"},{\"@type\":\"ListItem\",\"position\":2,\"name\":\"Magazin\",\"item\":\"https:\/\/induzon.com\/ro\/magazin\/\"},{\"@type\":\"ListItem\",\"position\":3,\"name\":\"unitate de condensare pentru frigider de laborator sistem de racire chiller racitor de aer portabil unitate de recuperare aer conditionat unitate integrat\u0103 de r\u0103cire cu r\u0103cire la pornire \u0219i termostat op\u021bional\"}]},{\"@type\":\"WebSite\",\"@id\":\"https:\/\/induzon.com\/ro\/#website\",\"url\":\"https:\/\/induzon.com\/ro\/\",\"name\":\"induzon\",\"description\":\"\",\"publisher\":{\"@id\":\"https:\/\/induzon.com\/ro\/#organization\"},\"potentialAction\":[{\"@type\":\"SearchAction\",\"target\":{\"@type\":\"EntryPoint\",\"urlTemplate\":\"https:\/\/induzon.com\/ro\/?s={search_term_string}\"},\"query-input\":{\"@type\":\"PropertyValueSpecification\",\"valueRequired\":true,\"valueName\":\"search_term_string\"}}],\"inLanguage\":\"ro-RO\"},{\"@type\":\"Organization\",\"@id\":\"https:\/\/induzon.com\/ro\/#organization\",\"name\":\"induzon\",\"url\":\"https:\/\/induzon.com\/ro\/\",\"logo\":{\"@type\":\"ImageObject\",\"inLanguage\":\"ro-RO\",\"@id\":\"https:\/\/induzon.com\/ro\/#\/schema\/logo\/image\/\",\"url\":\"https:\/\/induzon.com\/wp-content\/uploads\/2025\/05\/cropped-026.png\",\"contentUrl\":\"https:\/\/induzon.com\/wp-content\/uploads\/2025\/05\/cropped-026.png\",\"width\":512,\"height\":512,\"caption\":\"induzon\"},\"image\":{\"@id\":\"https:\/\/induzon.com\/ro\/#\/schema\/logo\/image\/\"}}]}<\/script>\r\n<!-- \/ Yoast SEO plugin. -->","yoast_head_json":{"title":"Unitate integrat\u0103 de r\u0103cire cu r\u0103cire la pornire \u0219i termostat -Induzon","description":"Unitatea noastr\u0103 integrat\u0103 de r\u0103cire ofer\u0103 r\u0103cire immediat\u0103 la pornire cu termostat op\u021bional, perfect\u0103 pentru aplica\u021bii industriale.","robots":{"index":"index","follow":"follow","max-snippet":"max-snippet:-1","max-image-preview":"max-image-preview:large","max-video-preview":"max-video-preview:-1"},"canonical":"https:\/\/induzon.com\/ro\/produs\/unitate-de-condensare-pentru-frigider-de-laborator-sistem-de-racire-chiller-racitor-de-aer-portabil-unitate-de-recuperare-aer-conditionat-unitate-integrata-de-racire-cu-racire-la-pornire-si-termostat\/","og_locale":"ro_RO","og_type":"article","og_title":"Unitate integrat\u0103 de r\u0103cire cu r\u0103cire la pornire \u0219i termostat -Induzon","og_description":"Unitatea noastr\u0103 integrat\u0103 de r\u0103cire ofer\u0103 r\u0103cire immediat\u0103 la pornire cu termostat op\u021bional, perfect\u0103 pentru aplica\u021bii industriale.","og_url":"https:\/\/induzon.com\/ro\/produs\/unitate-de-condensare-pentru-frigider-de-laborator-sistem-de-racire-chiller-racitor-de-aer-portabil-unitate-de-recuperare-aer-conditionat-unitate-integrata-de-racire-cu-racire-la-pornire-si-termostat\/","og_site_name":"induzon","article_modified_time":"2025-12-22T07:21:21+00:00","og_image":[{"width":1500,"height":1500,"url":"https:\/\/induzon.com\/wp-content\/uploads\/2025\/09\/\u56fe-3-QD30A.jpg","type":"image\/jpeg"}],"twitter_card":"summary_large_image","twitter_misc":{"Timp estimat pentru citire":"1 minute"},"schema":{"@context":"https:\/\/schema.org","@graph":[{"@type":"WebPage","@id":"https:\/\/induzon.com\/ro\/produs\/unitate-de-condensare-pentru-frigider-de-laborator-sistem-de-racire-chiller-racitor-de-aer-portabil-unitate-de-recuperare-aer-conditionat-unitate-integrata-de-racire-cu-racire-la-pornire-si-termostat\/","url":"https:\/\/induzon.com\/ro\/produs\/unitate-de-condensare-pentru-frigider-de-laborator-sistem-de-racire-chiller-racitor-de-aer-portabil-unitate-de-recuperare-aer-conditionat-unitate-integrata-de-racire-cu-racire-la-pornire-si-termostat\/","name":"Unitate integrat\u0103 de r\u0103cire cu r\u0103cire la pornire \u0219i termostat -Induzon","isPartOf":{"@id":"https:\/\/induzon.com\/ro\/#website"},"primaryImageOfPage":{"@id":"https:\/\/induzon.com\/ro\/produs\/unitate-de-condensare-pentru-frigider-de-laborator-sistem-de-racire-chiller-racitor-de-aer-portabil-unitate-de-recuperare-aer-conditionat-unitate-integrata-de-racire-cu-racire-la-pornire-si-termostat\/#primaryimage"},"image":{"@id":"https:\/\/induzon.com\/ro\/produs\/unitate-de-condensare-pentru-frigider-de-laborator-sistem-de-racire-chiller-racitor-de-aer-portabil-unitate-de-recuperare-aer-conditionat-unitate-integrata-de-racire-cu-racire-la-pornire-si-termostat\/#primaryimage"},"thumbnailUrl":"https:\/\/induzon.com\/wp-content\/uploads\/2025\/09\/\u56fe-3-QD30A.jpg","datePublished":"2025-09-18T07:04:59+00:00","dateModified":"2025-12-22T07:21:21+00:00","description":"Unitatea noastr\u0103 integrat\u0103 de r\u0103cire ofer\u0103 r\u0103cire immediat\u0103 la pornire cu termostat op\u021bional, perfect\u0103 pentru aplica\u021bii industriale.","breadcrumb":{"@id":"https:\/\/induzon.com\/ro\/produs\/unitate-de-condensare-pentru-frigider-de-laborator-sistem-de-racire-chiller-racitor-de-aer-portabil-unitate-de-recuperare-aer-conditionat-unitate-integrata-de-racire-cu-racire-la-pornire-si-termostat\/#breadcrumb"},"inLanguage":"ro-RO","potentialAction":[{"@type":"ReadAction","target":["https:\/\/induzon.com\/ro\/produs\/unitate-de-condensare-pentru-frigider-de-laborator-sistem-de-racire-chiller-racitor-de-aer-portabil-unitate-de-recuperare-aer-conditionat-unitate-integrata-de-racire-cu-racire-la-pornire-si-termostat\/"]}]},{"@type":"ImageObject","inLanguage":"ro-RO","@id":"https:\/\/induzon.com\/ro\/produs\/unitate-de-condensare-pentru-frigider-de-laborator-sistem-de-racire-chiller-racitor-de-aer-portabil-unitate-de-recuperare-aer-conditionat-unitate-integrata-de-racire-cu-racire-la-pornire-si-termostat\/#primaryimage","url":"https:\/\/induzon.com\/wp-content\/uploads\/2025\/09\/\u56fe-3-QD30A.jpg","contentUrl":"https:\/\/induzon.com\/wp-content\/uploads\/2025\/09\/\u56fe-3-QD30A.jpg","width":1500,"height":1500,"caption":"\u041d\u0430\u0448\u0430\u0442\u0430 \u0438\u043d\u0442\u0435\u0433\u0440\u0438\u0440\u0430\u043d\u0430 \u043e\u0445\u043b\u0430\u0434\u0438\u0442\u0435\u043b\u043d\u0430 \u0435\u0434\u0438\u043d\u0438\u0446\u0430 \u043f\u0440\u0435\u0434\u043b\u0430\u0433\u0430 \u0441\u0442\u0430\u0440\u0442\u043e\u0432\u043e \u043e\u0445\u043b\u0430\u0436\u0434\u0430\u043d\u0435 \u0441 \u043e\u043f\u0446\u0438\u043e\u043d\u0430\u043b\u0435\u043d \u0442\u0435\u0440\u043c\u043e\u0441\u0442\u0430\u0442, \u043f\u043e\u0434\u0445\u043e\u0434\u044f\u0449\u0430 \u0437\u0430 \u0440\u0430\u0437\u043b\u0438\u0447\u043d\u0438 \u0438\u043d\u0434\u0443\u0441\u0442\u0440\u0438\u0430\u043b\u043d\u0438"},{"@type":"BreadcrumbList","@id":"https:\/\/induzon.com\/ro\/produs\/unitate-de-condensare-pentru-frigider-de-laborator-sistem-de-racire-chiller-racitor-de-aer-portabil-unitate-de-recuperare-aer-conditionat-unitate-integrata-de-racire-cu-racire-la-pornire-si-termostat\/#breadcrumb","itemListElement":[{"@type":"ListItem","position":1,"name":"\u9996\u9875","item":"https:\/\/induzon.com\/ro\/acasa\/"},{"@type":"ListItem","position":2,"name":"Magazin","item":"https:\/\/induzon.com\/ro\/magazin\/"},{"@type":"ListItem","position":3,"name":"unitate de condensare pentru frigider de laborator sistem de racire chiller racitor de aer portabil unitate de recuperare aer conditionat unitate integrat\u0103 de r\u0103cire cu r\u0103cire la pornire \u0219i termostat op\u021bional"}]},{"@type":"WebSite","@id":"https:\/\/induzon.com\/ro\/#website","url":"https:\/\/induzon.com\/ro\/","name":"induzon","description":"","publisher":{"@id":"https:\/\/induzon.com\/ro\/#organization"},"potentialAction":[{"@type":"SearchAction","target":{"@type":"EntryPoint","urlTemplate":"https:\/\/induzon.com\/ro\/?s={search_term_string}"},"query-input":{"@type":"PropertyValueSpecification","valueRequired":true,"valueName":"search_term_string"}}],"inLanguage":"ro-RO"},{"@type":"Organization","@id":"https:\/\/induzon.com\/ro\/#organization","name":"induzon","url":"https:\/\/induzon.com\/ro\/","logo":{"@type":"ImageObject","inLanguage":"ro-RO","@id":"https:\/\/induzon.com\/ro\/#\/schema\/logo\/image\/","url":"https:\/\/induzon.com\/wp-content\/uploads\/2025\/05\/cropped-026.png","contentUrl":"https:\/\/induzon.com\/wp-content\/uploads\/2025\/05\/cropped-026.png","width":512,"height":512,"caption":"induzon"},"image":{"@id":"https:\/\/induzon.com\/ro\/#\/schema\/logo\/image\/"}}]}},"_links":{"self":[{"href":"https:\/\/induzon.com\/ro\/wp-json\/wp\/v2\/product\/26022","targetHints":{"allow":["GET"]}}],"collection":[{"href":"https:\/\/induzon.com\/ro\/wp-json\/wp\/v2\/product"}],"about":[{"href":"https:\/\/induzon.com\/ro\/wp-json\/wp\/v2\/types\/product"}],"replies":[{"embeddable":true,"href":"https:\/\/induzon.com\/ro\/wp-json\/wp\/v2\/comments?post=26022"}],"version-history":[{"count":1,"href":"https:\/\/induzon.com\/ro\/wp-json\/wp\/v2\/product\/26022\/revisions"}],"predecessor-version":[{"id":32310,"href":"https:\/\/induzon.com\/ro\/wp-json\/wp\/v2\/product\/26022\/revisions\/32310"}],"wp:featuredmedia":[{"embeddable":true,"href":"https:\/\/induzon.com\/ro\/wp-json\/wp\/v2\/media\/25842"}],"wp:attachment":[{"href":"https:\/\/induzon.com\/ro\/wp-json\/wp\/v2\/media?parent=26022"}],"wp:term":[{"taxonomy":"product_brand","embeddable":true,"href":"https:\/\/induzon.com\/ro\/wp-json\/wp\/v2\/product_brand?post=26022"},{"taxonomy":"product_cat","embeddable":true,"href":"https:\/\/induzon.com\/ro\/wp-json\/wp\/v2\/product_cat?post=26022"},{"taxonomy":"product_tag","embeddable":true,"href":"https:\/\/induzon.com\/ro\/wp-json\/wp\/v2\/product_tag?post=26022"}],"curies":[{"name":"wp","href":"https:\/\/api.w.org\/{rel}","templated":true}]}}